{"id":57676,"date":"2025-07-01T17:10:10","date_gmt":"2025-07-01T15:10:10","guid":{"rendered":"https:\/\/d-identify.be\/?post_type=product&#038;p=57676"},"modified":"2025-12-02T16:30:12","modified_gmt":"2025-12-02T14:30:12","slug":"pur-kabelidentificatie-starterkit","status":"publish","type":"product","link":"https:\/\/d-identify.be\/nl\/product\/pur-kabelidentificatie-starterkit\/","title":{"rendered":"PUR Kabelidentificatie Starterkit \u2013 Desktop Printer"},"content":{"rendered":"<p data-start=\"256\" data-end=\"515\">Deze alles-in-\u00e9\u00e9n kabelidentificatie starterkit is ontwikkeld voor betrouwbare markering van kabelbundels in veeleisende industri\u00eble omgevingen. Het hart van de kit is de <strong data-start=\"380\" data-end=\"424\">RT730 thermische transferprinter (300 DPI)<\/strong> \u2014 een compacte, hoog-resolutie printer die zorgt voor scherpe en duurzame afdrukken op robuuste materialen.<\/p>\n<p data-start=\"517\" data-end=\"537\">Inbegrepen in de kabelidentificatie starterkit:<\/p>\n<ul data-start=\"539\" data-end=\"976\">\n<li data-start=\"539\" data-end=\"638\">\n<p data-start=\"541\" data-end=\"638\"><a href=\"https:\/\/d-identify.be\/nl\/product\/godex-rt730300dpi-usb-ethernet-copy-2\/\"><strong data-start=\"541\" data-end=\"583\">RT730i Pro 300 DPI<\/strong> <\/a>thermische transferprinter \u2013 zorgt voor scherpe en duurzame identificatie<\/p>\n<\/li>\n<li data-start=\"639\" data-end=\"743\">\n<p data-start=\"641\" data-end=\"743\"><a href=\"https:\/\/d-identify.be\/nl\/golabel-label-design-software\/\"><strong data-start=\"641\" data-end=\"674\">GoLabel labelontwerpsoftware<\/strong> <\/a>\u2013 gratis en eenvoudig te gebruiken, met voorgeladen sjablonen voor onmiddellijk gebruik<\/p>\n<\/li>\n<li data-start=\"744\" data-end=\"856\">\n<p data-start=\"746\" data-end=\"856\"><strong data-start=\"746\" data-end=\"772\">Duurzame PUR-kabeltags<\/strong> \u2013 bestand tegen chemicali\u00ebn, UV en slijtage; ontworpen voor montage met kabelbinders<\/p>\n<\/li>\n<li data-start=\"857\" data-end=\"976\">\n<p data-start=\"859\" data-end=\"976\">Compatibel thermisch transferlint \u2013 perfect afgestemd op het tagmateriaal voor consequente, hoogwaardige resultaten<\/p>\n<\/li>\n<\/ul>\n<p data-start=\"978\" data-end=\"1187\">De kit biedt volledige compatibiliteit en is direct klaar voor gebruik. Ideaal voor elektrische installaties, industri\u00eble automatisatie en onderhoudsteams die behoefte hebben aan robuuste en professionele kabelidentificatie.<\/p>\n","protected":false},"excerpt":{"rendered":"<p class=\"ai-optimize-17 ai-optimize-introduction\" data-start=\"107\" data-end=\"356\"><strong data-start=\"107\" data-end=\"150\">Starterkit voor kabelbundelidentificatie<\/strong><br data-start=\"150\" data-end=\"153\" \/>Complete alles-in-\u00e9\u00e9n oplossing voor industri\u00eble kabelmarkering.<br \/>\nBevat een speciale printer, compatibele software, duurzame PUR-tags en bijpassende inktlinten\u2014ontwikkeld voor naadloze integratie en maximale prestaties.<\/p>\n","protected":false},"featured_media":57591,"comment_status":"open","ping_status":"closed","template":"","meta":{"_acf_changed":false,"_et_pb_use_builder":"","_et_pb_old_content":"","_et_gb_content_width":""},"product_brand":[1227],"product_cat":[666],"product_tag":[],"pa_connextion-shapes":[],"class_list":{"0":"post-57676","1":"product","2":"type-product","3":"status-publish","4":"has-post-thumbnail","6":"product_brand-godex","7":"product_cat-pur-en-polyolefine-kabelbundeltags","9":"first","10":"instock","11":"sale","12":"taxable","13":"shipping-taxable","14":"purchasable","15":"product-type-woosg"},"exclude_global_add_ons":[],"addons":[],"acf":[],"yoast_head":"<!-- This site is optimized with the Yoast SEO Premium plugin v27.0 (Yoast SEO v27.1) - https:\/\/yoast.com\/product\/yoast-seo-premium-wordpress\/ -->\n<title>Cable identification starter kit - Save on your printer unit<\/title>\n<meta name=\"description\" content=\"Deze alles-in-\u00e9\u00e9n starterkit voor kabelidentificatie is ontworpen voor betrouwbare markering van kabelbundels in veeleisende industri\u00eble omgevingen.\" \/>\n<meta name=\"robots\" content=\"index, follow, max-snippet:-1, max-image-preview:large, max-video-preview:-1\" \/>\n<link rel=\"canonical\" href=\"https:\/\/d-identify.be\/nl\/product\/pur-kabelidentificatie-starterkit\/\" \/>\n<meta property=\"og:locale\" content=\"nl_NL\" \/>\n<meta property=\"og:type\" content=\"article\" \/>\n<meta property=\"og:title\" content=\"PUR Kabelidentificatie Starterkit \u2013 Desktop Printer\" \/>\n<meta property=\"og:description\" content=\"Deze alles-in-\u00e9\u00e9n starterkit voor kabelidentificatie is ontworpen voor betrouwbare markering van kabelbundels in veeleisende industri\u00eble omgevingen.\" \/>\n<meta property=\"og:url\" content=\"https:\/\/d-identify.be\/nl\/product\/pur-kabelidentificatie-starterkit\/\" \/>\n<meta property=\"og:site_name\" content=\"d-identify\" \/>\n<meta property=\"article:modified_time\" content=\"2025-12-02T14:30:12+00:00\" \/>\n<meta property=\"og:image\" content=\"https:\/\/d-identify.be\/wp-content\/uploads\/2025\/06\/PUR-Cable-tagging-kit.jpg\" \/>\n\t<meta property=\"og:image:width\" content=\"1512\" \/>\n\t<meta property=\"og:image:height\" content=\"1512\" \/>\n\t<meta property=\"og:image:type\" content=\"image\/jpeg\" \/>\n<meta name=\"twitter:card\" content=\"summary_large_image\" \/>\n<meta name=\"twitter:label1\" content=\"Geschatte leestijd\" \/>\n\t<meta name=\"twitter:data1\" content=\"1 minuut\" \/>\n<script type=\"application\/ld+json\" class=\"yoast-schema-graph\">{\"@context\":\"https:\/\/schema.org\",\"@graph\":[{\"@type\":\"WebPage\",\"@id\":\"https:\/\/d-identify.be\/nl\/product\/pur-kabelidentificatie-starterkit\/\",\"url\":\"https:\/\/d-identify.be\/nl\/product\/pur-kabelidentificatie-starterkit\/\",\"name\":\"Cable identification starter kit - Save on your printer unit\",\"isPartOf\":{\"@id\":\"https:\/\/d-identify.be\/nl\/#website\"},\"primaryImageOfPage\":{\"@id\":\"https:\/\/d-identify.be\/nl\/product\/pur-kabelidentificatie-starterkit\/#primaryimage\"},\"image\":{\"@id\":\"https:\/\/d-identify.be\/nl\/product\/pur-kabelidentificatie-starterkit\/#primaryimage\"},\"thumbnailUrl\":\"https:\/\/d-identify.be\/wp-content\/uploads\/2025\/06\/PUR-Cable-tagging-kit.jpg\",\"datePublished\":\"2025-07-01T15:10:10+00:00\",\"dateModified\":\"2025-12-02T14:30:12+00:00\",\"description\":\"Deze alles-in-\u00e9\u00e9n starterkit voor kabelidentificatie is ontworpen voor betrouwbare markering van kabelbundels in veeleisende industri\u00eble omgevingen.\",\"breadcrumb\":{\"@id\":\"https:\/\/d-identify.be\/nl\/product\/pur-kabelidentificatie-starterkit\/#breadcrumb\"},\"inLanguage\":\"nl-NL\",\"potentialAction\":[{\"@type\":\"ReadAction\",\"target\":[\"https:\/\/d-identify.be\/nl\/product\/pur-kabelidentificatie-starterkit\/\"]}]},{\"@type\":\"ImageObject\",\"inLanguage\":\"nl-NL\",\"@id\":\"https:\/\/d-identify.be\/nl\/product\/pur-kabelidentificatie-starterkit\/#primaryimage\",\"url\":\"https:\/\/d-identify.be\/wp-content\/uploads\/2025\/06\/PUR-Cable-tagging-kit.jpg\",\"contentUrl\":\"https:\/\/d-identify.be\/wp-content\/uploads\/2025\/06\/PUR-Cable-tagging-kit.jpg\",\"width\":1512,\"height\":1512,\"caption\":\"PUR-kabelmarkeringsset\"},{\"@type\":\"BreadcrumbList\",\"@id\":\"https:\/\/d-identify.be\/nl\/product\/pur-kabelidentificatie-starterkit\/#breadcrumb\",\"itemListElement\":[{\"@type\":\"ListItem\",\"position\":1,\"name\":\"Home\",\"item\":\"https:\/\/d-identify.be\/nl\/\"},{\"@type\":\"ListItem\",\"position\":2,\"name\":\"Winkel\",\"item\":\"https:\/\/d-identify.be\/nl\/winkel\/\"},{\"@type\":\"ListItem\",\"position\":3,\"name\":\"PUR Kabelidentificatie Starterkit \u2013 Desktop Printer\"}]},{\"@type\":\"WebSite\",\"@id\":\"https:\/\/d-identify.be\/nl\/#website\",\"url\":\"https:\/\/d-identify.be\/nl\/\",\"name\":\"d-identify\",\"description\":\"Industrial identification - Lockout - Tagout - Floor marking\",\"potentialAction\":[{\"@type\":\"SearchAction\",\"target\":{\"@type\":\"EntryPoint\",\"urlTemplate\":\"https:\/\/d-identify.be\/nl\/?s={search_term_string}\"},\"query-input\":{\"@type\":\"PropertyValueSpecification\",\"valueRequired\":true,\"valueName\":\"search_term_string\"}}],\"inLanguage\":\"nl-NL\"}]}<\/script>\n<!-- \/ Yoast SEO Premium plugin. -->","yoast_head_json":{"title":"Cable identification starter kit - Save on your printer unit","description":"Deze alles-in-\u00e9\u00e9n starterkit voor kabelidentificatie is ontworpen voor betrouwbare markering van kabelbundels in veeleisende industri\u00eble omgevingen.","robots":{"index":"index","follow":"follow","max-snippet":"max-snippet:-1","max-image-preview":"max-image-preview:large","max-video-preview":"max-video-preview:-1"},"canonical":"https:\/\/d-identify.be\/nl\/product\/pur-kabelidentificatie-starterkit\/","og_locale":"nl_NL","og_type":"article","og_title":"PUR Kabelidentificatie Starterkit \u2013 Desktop Printer","og_description":"Deze alles-in-\u00e9\u00e9n starterkit voor kabelidentificatie is ontworpen voor betrouwbare markering van kabelbundels in veeleisende industri\u00eble omgevingen.","og_url":"https:\/\/d-identify.be\/nl\/product\/pur-kabelidentificatie-starterkit\/","og_site_name":"d-identify","article_modified_time":"2025-12-02T14:30:12+00:00","og_image":[{"width":1512,"height":1512,"url":"https:\/\/d-identify.be\/wp-content\/uploads\/2025\/06\/PUR-Cable-tagging-kit.jpg","type":"image\/jpeg"}],"twitter_card":"summary_large_image","twitter_misc":{"Geschatte leestijd":"1 minuut"},"schema":{"@context":"https:\/\/schema.org","@graph":[{"@type":"WebPage","@id":"https:\/\/d-identify.be\/nl\/product\/pur-kabelidentificatie-starterkit\/","url":"https:\/\/d-identify.be\/nl\/product\/pur-kabelidentificatie-starterkit\/","name":"Cable identification starter kit - Save on your printer unit","isPartOf":{"@id":"https:\/\/d-identify.be\/nl\/#website"},"primaryImageOfPage":{"@id":"https:\/\/d-identify.be\/nl\/product\/pur-kabelidentificatie-starterkit\/#primaryimage"},"image":{"@id":"https:\/\/d-identify.be\/nl\/product\/pur-kabelidentificatie-starterkit\/#primaryimage"},"thumbnailUrl":"https:\/\/d-identify.be\/wp-content\/uploads\/2025\/06\/PUR-Cable-tagging-kit.jpg","datePublished":"2025-07-01T15:10:10+00:00","dateModified":"2025-12-02T14:30:12+00:00","description":"Deze alles-in-\u00e9\u00e9n starterkit voor kabelidentificatie is ontworpen voor betrouwbare markering van kabelbundels in veeleisende industri\u00eble omgevingen.","breadcrumb":{"@id":"https:\/\/d-identify.be\/nl\/product\/pur-kabelidentificatie-starterkit\/#breadcrumb"},"inLanguage":"nl-NL","potentialAction":[{"@type":"ReadAction","target":["https:\/\/d-identify.be\/nl\/product\/pur-kabelidentificatie-starterkit\/"]}]},{"@type":"ImageObject","inLanguage":"nl-NL","@id":"https:\/\/d-identify.be\/nl\/product\/pur-kabelidentificatie-starterkit\/#primaryimage","url":"https:\/\/d-identify.be\/wp-content\/uploads\/2025\/06\/PUR-Cable-tagging-kit.jpg","contentUrl":"https:\/\/d-identify.be\/wp-content\/uploads\/2025\/06\/PUR-Cable-tagging-kit.jpg","width":1512,"height":1512,"caption":"PUR-kabelmarkeringsset"},{"@type":"BreadcrumbList","@id":"https:\/\/d-identify.be\/nl\/product\/pur-kabelidentificatie-starterkit\/#breadcrumb","itemListElement":[{"@type":"ListItem","position":1,"name":"Home","item":"https:\/\/d-identify.be\/nl\/"},{"@type":"ListItem","position":2,"name":"Winkel","item":"https:\/\/d-identify.be\/nl\/winkel\/"},{"@type":"ListItem","position":3,"name":"PUR Kabelidentificatie Starterkit \u2013 Desktop Printer"}]},{"@type":"WebSite","@id":"https:\/\/d-identify.be\/nl\/#website","url":"https:\/\/d-identify.be\/nl\/","name":"d-identify","description":"Industrial identification - Lockout - Tagout - Floor marking","potentialAction":[{"@type":"SearchAction","target":{"@type":"EntryPoint","urlTemplate":"https:\/\/d-identify.be\/nl\/?s={search_term_string}"},"query-input":{"@type":"PropertyValueSpecification","valueRequired":true,"valueName":"search_term_string"}}],"inLanguage":"nl-NL"}]}},"_links":{"self":[{"href":"https:\/\/d-identify.be\/nl\/wp-json\/wp\/v2\/product\/57676","targetHints":{"allow":["GET"]}}],"collection":[{"href":"https:\/\/d-identify.be\/nl\/wp-json\/wp\/v2\/product"}],"about":[{"href":"https:\/\/d-identify.be\/nl\/wp-json\/wp\/v2\/types\/product"}],"replies":[{"embeddable":true,"href":"https:\/\/d-identify.be\/nl\/wp-json\/wp\/v2\/comments?post=57676"}],"wp:featuredmedia":[{"embeddable":true,"href":"https:\/\/d-identify.be\/nl\/wp-json\/wp\/v2\/media\/57591"}],"wp:attachment":[{"href":"https:\/\/d-identify.be\/nl\/wp-json\/wp\/v2\/media?parent=57676"}],"wp:term":[{"taxonomy":"product_brand","embeddable":true,"href":"https:\/\/d-identify.be\/nl\/wp-json\/wp\/v2\/product_brand?post=57676"},{"taxonomy":"product_cat","embeddable":true,"href":"https:\/\/d-identify.be\/nl\/wp-json\/wp\/v2\/product_cat?post=57676"},{"taxonomy":"product_tag","embeddable":true,"href":"https:\/\/d-identify.be\/nl\/wp-json\/wp\/v2\/product_tag?post=57676"},{"taxonomy":"pa_connextion-shapes","embeddable":true,"href":"https:\/\/d-identify.be\/nl\/wp-json\/wp\/v2\/pa_connextion-shapes?post=57676"}],"curies":[{"name":"wp","href":"https:\/\/api.w.org\/{rel}","templated":true}]}}