{"id":54834,"date":"2022-09-16T15:25:11","date_gmt":"2022-09-16T13:25:11","guid":{"rendered":"https:\/\/d-identify.be\/product\/afinia-lt5c-label-printer\/"},"modified":"2025-05-06T16:06:43","modified_gmt":"2025-05-06T14:06:43","slug":"afinia-lt5c-label-printer","status":"publish","type":"product","link":"https:\/\/d-identify.be\/nl\/product\/afinia-lt5c-label-printer\/","title":{"rendered":"Afinia LT5C etikettenprinter, led-laser"},"content":{"rendered":"<div class='one_half'>\n\t\t\t\t\t<h3>5e Station Witte Toner<\/h3>\n<p>Het vijfde station maakt wit printen mogelijk. Dit maakt het gemakkelijk om briljante ontwerpen te printen op transparante en donkere materialen. Deze functie geeft gebruikers de mogelijkheid om een \u200b\u200bbreder scala aan markten en toepassingen te bereiken die andere labelprinters eenvoudigweg niet kunnen bedienen.  <\/p>\n<p>&nbsp;<\/p>\n<h3>Digital LED Print Technology &amp; Substrate Capabilities<\/h3>\n<p>Een lage smelttemperatuur geeft de LT5C onge\u00ebvenaarde mediacompatibiliteit. Vooral bij het verwerken van hittegevoelige synthetische materialen en films. Deze LED-gebaseerde technologie opent de deur naar een reeks substraten die andere etikettenprinters gewoonweg niet aankunnen. Droge tonertechnologie geeft gebruikers de mogelijkheid om ongecoate en flood-gecoate voorraden te gebruiken en biedt ook verdere voordelen voor printers die de totale kosten per etiket willen verlagen.\n\t\t\t\t<\/div>\n<p>&nbsp;<\/p>\n<p>&nbsp;<\/p>\n<p style=\"padding-left: 160px;\"><div class='one_third et_column_last'>\n\t\t\t\t\t<img loading=\"lazy\" decoding=\"async\" class=\"alignnone wp-image-6931\" src=\"https:\/\/d-identify.be\/wp-content\/uploads\/2022\/09\/cmykw-300x233.webp\" alt=\"\" width=\"719\" height=\"558\" srcset=\"https:\/\/d-identify.be\/wp-content\/uploads\/2022\/09\/cmykw-300x233.webp 300w, https:\/\/d-identify.be\/wp-content\/uploads\/2022\/09\/cmykw.webp 386w\" sizes=\"(max-width: 719px) 100vw, 719px\" \/>\n\t\t\t\t<\/div><div class='clear'><\/div><\/p>\n<p>&nbsp;<\/p>\n<h3>Mediabehandeling<\/h3>\n<p>De LT5C is geschikt voor rollen van 1\u2033-5,1\u2033 breed met een maximale buitendiameter van 8\u2033 en biedt gebruikers de veelzijdigheid om verschillende labelformaten te gebruiken. Er worden twee typen sensoren gebruikt om afdrukposities te detecteren, Black Mark en Gap. Dit maakt het eenvoudig om zowel continue als gestanste media te gebruiken. De automatische snijder zorgt voor nauwkeurig snijden aan het einde van de taak, waardoor gebruikers snel en effici\u00ebnt \u00e9\u00e9n of meerdere labels kunnen afdrukken.   <\/p>\n<h3><\/h3>\n<p>&nbsp;<\/p>\n<h3>Bruikbaar en effici\u00ebnt.<\/h3>\n<p>De LT5C is intu\u00eftief en eenvoudig te installeren, en vereist minimale training of technische vaardigheden. De eenvoudige desktopconfiguratie zorgt voor eenvoudige toegang tot verbruiksartikelen en onderdelen. Rollen van verschillende typen kunnen snel worden verwisseld en verbruiksartikelen hebben een hoge capaciteit voor langdurig printen. Het 4,3&#8243; LCD-kleurendisplaypaneel en de papierverwerkingshandleiding maken het eenvoudig om etiketten op aanvraag te voeden en te printen.   <\/p>\n<h3><\/h3>\n<p>&nbsp;<\/p>\n<h3>De perfecte metgezel<\/h3>\n<p>Etiketten die op de LT5C worden afgedrukt, kunnen op elke gewenste maat en vorm worden gesneden uit doorlopende (ongesneden) media op de DLF-140s Tabletop Digital Label Finisher. Dit gebeurt allemaal digitaal via een eenvoudige snijvorm die u in een pdf-bestand plaatst. Er zijn geen dure matrijzen of gereedschappen, machines of wachttijden nodig. De computer vertelt de machine waar te snijden en hoeveel etiketten te produceren, zodat labeltaken met een korte oplage eenvoudig en snel kunnen worden voltooid. Bij het digitaal afwerken van etiketten kan laminering ook worden toegepast voor esthetische, tactiele en duurzame doeleinden.   <\/p>\n","protected":false},"excerpt":{"rendered":"<p>De LT5C CMYK + white label printer biedt professionele vijfkleurenuitvoer voor een breed scala aan markten. Of het nu gaat om zeer duurzame etiketten, diepvries- en koelopslagetiketten, voedsel en dranken of huishoudelijke artikelen: de LT5C van Afinia Label kan dat en meer leveren. <\/p>\n<p><strong>Belangrijkste kenmerken:<\/strong><\/p>\n","protected":false},"featured_media":16300,"comment_status":"open","ping_status":"closed","template":"","meta":{"_acf_changed":false,"_et_pb_use_builder":"","_et_pb_old_content":"","_et_gb_content_width":""},"product_brand":[1268],"product_cat":[619],"product_tag":[864],"pa_connextion-shapes":[],"class_list":{"0":"post-54834","1":"product","2":"type-product","3":"status-publish","4":"has-post-thumbnail","6":"product_brand-afinia-label","7":"product_cat-inkjet-kleurenlabelprinters","8":"product_tag-afinia-nl","10":"first","11":"instock","12":"taxable","13":"shipping-taxable","14":"purchasable","15":"product-type-simple"},"exclude_global_add_ons":false,"addons":[{"name":"Onsite Installatie voor de Benelux regio.","type":"checkbox","position":0,"required":true,"title_format":"heading","default":"","description_enable":true,"description":"Laat Uw printer installeren en configureren onsite door een expert","placeholder_enable":false,"placeholder":"","display":"select","restrictions_type":"any_text","adjust_price":false,"price":"","price_type":"flat_fee","restrictions":false,"min":"0","max":"0","options":[{"label":"BENELUX ONSITE INSTALL","price":"100","price_type":"flat_fee","image":0,"visibility":true}],"id":1746798096}],"acf":[],"yoast_head":"<!-- This site is optimized with the Yoast SEO Premium plugin v27.0 (Yoast SEO v27.1) - https:\/\/yoast.com\/product\/yoast-seo-premium-wordpress\/ -->\n<title>Afinia LT5C CMYK + White Label Printer<\/title>\n<meta name=\"description\" content=\"De LT5C CMYK + white label printer biedt professionele vijfkleurenuitvoer voor een breed scala aan markten. Of het nu gaat om zeer duurzame etiketten, vriezers,...\" \/>\n<meta name=\"robots\" content=\"index, follow, max-snippet:-1, max-image-preview:large, max-video-preview:-1\" \/>\n<link rel=\"canonical\" href=\"https:\/\/d-identify.be\/nl\/product\/afinia-lt5c-label-printer\/\" \/>\n<meta property=\"og:locale\" content=\"nl_NL\" \/>\n<meta property=\"og:type\" content=\"article\" \/>\n<meta property=\"og:title\" content=\"Afinia LT5C etikettenprinter, led-laser\" \/>\n<meta property=\"og:description\" content=\"De LT5C CMYK + white label printer biedt professionele vijfkleurenuitvoer voor een breed scala aan markten. Of het nu gaat om zeer duurzame etiketten, vriezers,...\" \/>\n<meta property=\"og:url\" content=\"https:\/\/d-identify.be\/nl\/product\/afinia-lt5c-label-printer\/\" \/>\n<meta property=\"og:site_name\" content=\"d-identify\" \/>\n<meta property=\"article:modified_time\" content=\"2025-05-06T14:06:43+00:00\" \/>\n<meta property=\"og:image\" content=\"https:\/\/d-identify.be\/wp-content\/uploads\/2022\/09\/lt5c-printer.webp\" \/>\n\t<meta property=\"og:image:width\" content=\"850\" \/>\n\t<meta property=\"og:image:height\" content=\"700\" \/>\n\t<meta property=\"og:image:type\" content=\"image\/webp\" \/>\n<meta name=\"twitter:card\" content=\"summary_large_image\" \/>\n<meta name=\"twitter:label1\" content=\"Geschatte leestijd\" \/>\n\t<meta name=\"twitter:data1\" content=\"2 minuten\" \/>\n<script type=\"application\/ld+json\" class=\"yoast-schema-graph\">{\"@context\":\"https:\/\/schema.org\",\"@graph\":[{\"@type\":\"WebPage\",\"@id\":\"https:\/\/d-identify.be\/nl\/product\/afinia-lt5c-label-printer\/\",\"url\":\"https:\/\/d-identify.be\/nl\/product\/afinia-lt5c-label-printer\/\",\"name\":\"Afinia LT5C CMYK + White Label Printer\",\"isPartOf\":{\"@id\":\"https:\/\/d-identify.be\/nl\/#website\"},\"primaryImageOfPage\":{\"@id\":\"https:\/\/d-identify.be\/nl\/product\/afinia-lt5c-label-printer\/#primaryimage\"},\"image\":{\"@id\":\"https:\/\/d-identify.be\/nl\/product\/afinia-lt5c-label-printer\/#primaryimage\"},\"thumbnailUrl\":\"https:\/\/d-identify.be\/wp-content\/uploads\/2022\/09\/lt5c-printer.webp\",\"datePublished\":\"2022-09-16T13:25:11+00:00\",\"dateModified\":\"2025-05-06T14:06:43+00:00\",\"description\":\"De LT5C CMYK + white label printer biedt professionele vijfkleurenuitvoer voor een breed scala aan markten. Of het nu gaat om zeer duurzame etiketten, vriezers,...\",\"breadcrumb\":{\"@id\":\"https:\/\/d-identify.be\/nl\/product\/afinia-lt5c-label-printer\/#breadcrumb\"},\"inLanguage\":\"nl-NL\",\"potentialAction\":[{\"@type\":\"ReadAction\",\"target\":[\"https:\/\/d-identify.be\/nl\/product\/afinia-lt5c-label-printer\/\"]}]},{\"@type\":\"ImageObject\",\"inLanguage\":\"nl-NL\",\"@id\":\"https:\/\/d-identify.be\/nl\/product\/afinia-lt5c-label-printer\/#primaryimage\",\"url\":\"https:\/\/d-identify.be\/wp-content\/uploads\/2022\/09\/lt5c-printer.webp\",\"contentUrl\":\"https:\/\/d-identify.be\/wp-content\/uploads\/2022\/09\/lt5c-printer.webp\",\"width\":850,\"height\":700,\"caption\":\"afinia label printer\"},{\"@type\":\"BreadcrumbList\",\"@id\":\"https:\/\/d-identify.be\/nl\/product\/afinia-lt5c-label-printer\/#breadcrumb\",\"itemListElement\":[{\"@type\":\"ListItem\",\"position\":1,\"name\":\"Home\",\"item\":\"https:\/\/d-identify.be\/nl\/\"},{\"@type\":\"ListItem\",\"position\":2,\"name\":\"Winkel\",\"item\":\"https:\/\/d-identify.be\/nl\/winkel\/\"},{\"@type\":\"ListItem\",\"position\":3,\"name\":\"Afinia LT5C etikettenprinter, led-laser\"}]},{\"@type\":\"WebSite\",\"@id\":\"https:\/\/d-identify.be\/nl\/#website\",\"url\":\"https:\/\/d-identify.be\/nl\/\",\"name\":\"d-identify\",\"description\":\"Industrial identification - Lockout - Tagout - Floor marking\",\"potentialAction\":[{\"@type\":\"SearchAction\",\"target\":{\"@type\":\"EntryPoint\",\"urlTemplate\":\"https:\/\/d-identify.be\/nl\/?s={search_term_string}\"},\"query-input\":{\"@type\":\"PropertyValueSpecification\",\"valueRequired\":true,\"valueName\":\"search_term_string\"}}],\"inLanguage\":\"nl-NL\"}]}<\/script>\n<!-- \/ Yoast SEO Premium plugin. -->","yoast_head_json":{"title":"Afinia LT5C CMYK + White Label Printer","description":"De LT5C CMYK + white label printer biedt professionele vijfkleurenuitvoer voor een breed scala aan markten. Of het nu gaat om zeer duurzame etiketten, vriezers,...","robots":{"index":"index","follow":"follow","max-snippet":"max-snippet:-1","max-image-preview":"max-image-preview:large","max-video-preview":"max-video-preview:-1"},"canonical":"https:\/\/d-identify.be\/nl\/product\/afinia-lt5c-label-printer\/","og_locale":"nl_NL","og_type":"article","og_title":"Afinia LT5C etikettenprinter, led-laser","og_description":"De LT5C CMYK + white label printer biedt professionele vijfkleurenuitvoer voor een breed scala aan markten. Of het nu gaat om zeer duurzame etiketten, vriezers,...","og_url":"https:\/\/d-identify.be\/nl\/product\/afinia-lt5c-label-printer\/","og_site_name":"d-identify","article_modified_time":"2025-05-06T14:06:43+00:00","og_image":[{"width":850,"height":700,"url":"https:\/\/d-identify.be\/wp-content\/uploads\/2022\/09\/lt5c-printer.webp","type":"image\/webp"}],"twitter_card":"summary_large_image","twitter_misc":{"Geschatte leestijd":"2 minuten"},"schema":{"@context":"https:\/\/schema.org","@graph":[{"@type":"WebPage","@id":"https:\/\/d-identify.be\/nl\/product\/afinia-lt5c-label-printer\/","url":"https:\/\/d-identify.be\/nl\/product\/afinia-lt5c-label-printer\/","name":"Afinia LT5C CMYK + White Label Printer","isPartOf":{"@id":"https:\/\/d-identify.be\/nl\/#website"},"primaryImageOfPage":{"@id":"https:\/\/d-identify.be\/nl\/product\/afinia-lt5c-label-printer\/#primaryimage"},"image":{"@id":"https:\/\/d-identify.be\/nl\/product\/afinia-lt5c-label-printer\/#primaryimage"},"thumbnailUrl":"https:\/\/d-identify.be\/wp-content\/uploads\/2022\/09\/lt5c-printer.webp","datePublished":"2022-09-16T13:25:11+00:00","dateModified":"2025-05-06T14:06:43+00:00","description":"De LT5C CMYK + white label printer biedt professionele vijfkleurenuitvoer voor een breed scala aan markten. Of het nu gaat om zeer duurzame etiketten, vriezers,...","breadcrumb":{"@id":"https:\/\/d-identify.be\/nl\/product\/afinia-lt5c-label-printer\/#breadcrumb"},"inLanguage":"nl-NL","potentialAction":[{"@type":"ReadAction","target":["https:\/\/d-identify.be\/nl\/product\/afinia-lt5c-label-printer\/"]}]},{"@type":"ImageObject","inLanguage":"nl-NL","@id":"https:\/\/d-identify.be\/nl\/product\/afinia-lt5c-label-printer\/#primaryimage","url":"https:\/\/d-identify.be\/wp-content\/uploads\/2022\/09\/lt5c-printer.webp","contentUrl":"https:\/\/d-identify.be\/wp-content\/uploads\/2022\/09\/lt5c-printer.webp","width":850,"height":700,"caption":"afinia label printer"},{"@type":"BreadcrumbList","@id":"https:\/\/d-identify.be\/nl\/product\/afinia-lt5c-label-printer\/#breadcrumb","itemListElement":[{"@type":"ListItem","position":1,"name":"Home","item":"https:\/\/d-identify.be\/nl\/"},{"@type":"ListItem","position":2,"name":"Winkel","item":"https:\/\/d-identify.be\/nl\/winkel\/"},{"@type":"ListItem","position":3,"name":"Afinia LT5C etikettenprinter, led-laser"}]},{"@type":"WebSite","@id":"https:\/\/d-identify.be\/nl\/#website","url":"https:\/\/d-identify.be\/nl\/","name":"d-identify","description":"Industrial identification - Lockout - Tagout - Floor marking","potentialAction":[{"@type":"SearchAction","target":{"@type":"EntryPoint","urlTemplate":"https:\/\/d-identify.be\/nl\/?s={search_term_string}"},"query-input":{"@type":"PropertyValueSpecification","valueRequired":true,"valueName":"search_term_string"}}],"inLanguage":"nl-NL"}]}},"_links":{"self":[{"href":"https:\/\/d-identify.be\/nl\/wp-json\/wp\/v2\/product\/54834","targetHints":{"allow":["GET"]}}],"collection":[{"href":"https:\/\/d-identify.be\/nl\/wp-json\/wp\/v2\/product"}],"about":[{"href":"https:\/\/d-identify.be\/nl\/wp-json\/wp\/v2\/types\/product"}],"replies":[{"embeddable":true,"href":"https:\/\/d-identify.be\/nl\/wp-json\/wp\/v2\/comments?post=54834"}],"wp:featuredmedia":[{"embeddable":true,"href":"https:\/\/d-identify.be\/nl\/wp-json\/wp\/v2\/media\/16300"}],"wp:attachment":[{"href":"https:\/\/d-identify.be\/nl\/wp-json\/wp\/v2\/media?parent=54834"}],"wp:term":[{"taxonomy":"product_brand","embeddable":true,"href":"https:\/\/d-identify.be\/nl\/wp-json\/wp\/v2\/product_brand?post=54834"},{"taxonomy":"product_cat","embeddable":true,"href":"https:\/\/d-identify.be\/nl\/wp-json\/wp\/v2\/product_cat?post=54834"},{"taxonomy":"product_tag","embeddable":true,"href":"https:\/\/d-identify.be\/nl\/wp-json\/wp\/v2\/product_tag?post=54834"},{"taxonomy":"pa_connextion-shapes","embeddable":true,"href":"https:\/\/d-identify.be\/nl\/wp-json\/wp\/v2\/pa_connextion-shapes?post=54834"}],"curies":[{"name":"wp","href":"https:\/\/api.w.org\/{rel}","templated":true}]}}