{"id":53626,"date":"2022-07-11T09:40:38","date_gmt":"2022-07-11T07:40:38","guid":{"rendered":"https:\/\/d-identify.be\/product\/printronix-auto-id-t800-rfid\/"},"modified":"2025-05-02T10:29:21","modified_gmt":"2025-05-02T08:29:21","slug":"printronix-auto-id-t800-rfid","status":"publish","type":"product","link":"https:\/\/d-identify.be\/nl\/product\/printronix-auto-id-t800-rfid\/","title":{"rendered":"Printronix Auto ID T83R-RFID, 300DPI"},"content":{"rendered":"<p>Der Printronix Thermo-Desktop-RFID-Drucker T83R ist ein leistungsstarker Thermo-Desktop-Drucker mit Produktivit\u00e4t auf Unternehmensniveau, zuverl\u00e4ssiger Leistung und High-End-Funktionen wie WLAN und RFID. Der Printronix Thermo-Desktop-RFID-Drucker T83R ist der erste Desktop-Drucker von Printronix Auto ID mit der bew\u00e4hrten Printronix System Architecture (PSA) und bietet umfassende arbeitssparende Funktionen und Druckerverwaltungstools f\u00fcr den einfachen Alltagsbetrieb. <\/p>\n","protected":false},"excerpt":{"rendered":"<p>Mit dem T83R l\u00e4sst sich der Drucker schnell und einfach f\u00fcr die Kodierung und den Druck von <strong>RFID<\/strong>-Etiketten einrichten. Er unterst\u00fctzt Etiketten bis zu einer L\u00e4nge von 1,58 m (625 Zoll), und die Antenne l\u00e4sst sich auch an nicht standardm\u00e4\u00dfige Einlegepositionen anpassen. Die RFID-Etikettenkalibrierungsfunktion stellt zudem automatisch die optimale Position f\u00fcr die Etikettenkodierung im Drucker ein.  <\/p>\n<p><strong>Belangrijkste kenmerken:<\/strong><\/p>\n","protected":false},"featured_media":15238,"comment_status":"open","ping_status":"closed","template":"","meta":{"_acf_changed":false,"_et_pb_use_builder":"","_et_pb_old_content":"","_et_gb_content_width":""},"product_brand":[1244],"product_cat":[594,597,774],"product_tag":[],"pa_connextion-shapes":[],"class_list":{"0":"post-53626","1":"product","2":"type-product","3":"status-publish","4":"has-post-thumbnail","6":"product_brand-printronix","7":"product_cat-industriele-printers","8":"product_cat-desktop-labelprinters","9":"product_cat-rfid-printers-nl","11":"first","12":"instock","13":"sale","14":"taxable","15":"shipping-taxable","16":"purchasable","17":"product-type-simple"},"exclude_global_add_ons":[],"addons":[],"acf":[],"yoast_head":"<!-- This site is optimized with the Yoast SEO Premium plugin v27.0 (Yoast SEO v27.1) - https:\/\/yoast.com\/product\/yoast-seo-premium-wordpress\/ -->\n<title>T800 RFID-desktopprinter - Printronix<\/title>\n<meta name=\"description\" content=\"De T800 RFID-desktopprinter van PRintronix is \u200b\u200bontworpen om te voldoen aan de groeiende vraag naar het coderen en printen van RFID-labels...\" \/>\n<meta name=\"robots\" content=\"index, follow, max-snippet:-1, max-image-preview:large, max-video-preview:-1\" \/>\n<link rel=\"canonical\" href=\"https:\/\/d-identify.be\/nl\/product\/printronix-auto-id-t800-rfid\/\" \/>\n<meta property=\"og:locale\" content=\"nl_NL\" \/>\n<meta property=\"og:type\" content=\"article\" \/>\n<meta property=\"og:title\" content=\"Printronix Auto ID T83R-RFID, 300DPI\" \/>\n<meta property=\"og:description\" content=\"De T800 RFID-desktopprinter van PRintronix is \u200b\u200bontworpen om te voldoen aan de groeiende vraag naar het coderen en printen van RFID-labels...\" \/>\n<meta property=\"og:url\" content=\"https:\/\/d-identify.be\/nl\/product\/printronix-auto-id-t800-rfid\/\" \/>\n<meta property=\"og:site_name\" content=\"d-identify\" \/>\n<meta property=\"article:modified_time\" content=\"2025-05-02T08:29:21+00:00\" \/>\n<meta property=\"og:image\" content=\"https:\/\/d-identify.be\/wp-content\/uploads\/2022\/07\/t800_1.png\" \/>\n\t<meta property=\"og:image:width\" content=\"500\" \/>\n\t<meta property=\"og:image:height\" content=\"500\" \/>\n\t<meta property=\"og:image:type\" content=\"image\/png\" \/>\n<meta name=\"twitter:card\" content=\"summary_large_image\" \/>\n<script type=\"application\/ld+json\" class=\"yoast-schema-graph\">{\"@context\":\"https:\/\/schema.org\",\"@graph\":[{\"@type\":\"WebPage\",\"@id\":\"https:\/\/d-identify.be\/nl\/product\/printronix-auto-id-t800-rfid\/\",\"url\":\"https:\/\/d-identify.be\/nl\/product\/printronix-auto-id-t800-rfid\/\",\"name\":\"T800 RFID-desktopprinter - Printronix\",\"isPartOf\":{\"@id\":\"https:\/\/d-identify.be\/nl\/#website\"},\"primaryImageOfPage\":{\"@id\":\"https:\/\/d-identify.be\/nl\/product\/printronix-auto-id-t800-rfid\/#primaryimage\"},\"image\":{\"@id\":\"https:\/\/d-identify.be\/nl\/product\/printronix-auto-id-t800-rfid\/#primaryimage\"},\"thumbnailUrl\":\"https:\/\/d-identify.be\/wp-content\/uploads\/2022\/07\/t800_1.png\",\"datePublished\":\"2022-07-11T07:40:38+00:00\",\"dateModified\":\"2025-05-02T08:29:21+00:00\",\"description\":\"De T800 RFID-desktopprinter van PRintronix is \u200b\u200bontworpen om te voldoen aan de groeiende vraag naar het coderen en printen van RFID-labels...\",\"breadcrumb\":{\"@id\":\"https:\/\/d-identify.be\/nl\/product\/printronix-auto-id-t800-rfid\/#breadcrumb\"},\"inLanguage\":\"nl-NL\",\"potentialAction\":[{\"@type\":\"ReadAction\",\"target\":[\"https:\/\/d-identify.be\/nl\/product\/printronix-auto-id-t800-rfid\/\"]}]},{\"@type\":\"ImageObject\",\"inLanguage\":\"nl-NL\",\"@id\":\"https:\/\/d-identify.be\/nl\/product\/printronix-auto-id-t800-rfid\/#primaryimage\",\"url\":\"https:\/\/d-identify.be\/wp-content\/uploads\/2022\/07\/t800_1.png\",\"contentUrl\":\"https:\/\/d-identify.be\/wp-content\/uploads\/2022\/07\/t800_1.png\",\"width\":500,\"height\":500,\"caption\":\"T800 Printronix Desktop printer\"},{\"@type\":\"BreadcrumbList\",\"@id\":\"https:\/\/d-identify.be\/nl\/product\/printronix-auto-id-t800-rfid\/#breadcrumb\",\"itemListElement\":[{\"@type\":\"ListItem\",\"position\":1,\"name\":\"Home\",\"item\":\"https:\/\/d-identify.be\/nl\/\"},{\"@type\":\"ListItem\",\"position\":2,\"name\":\"Winkel\",\"item\":\"https:\/\/d-identify.be\/nl\/winkel\/\"},{\"@type\":\"ListItem\",\"position\":3,\"name\":\"Printronix Auto ID T83R-RFID, 300DPI\"}]},{\"@type\":\"WebSite\",\"@id\":\"https:\/\/d-identify.be\/nl\/#website\",\"url\":\"https:\/\/d-identify.be\/nl\/\",\"name\":\"d-identify\",\"description\":\"Industrial identification - Lockout - Tagout - Floor marking\",\"potentialAction\":[{\"@type\":\"SearchAction\",\"target\":{\"@type\":\"EntryPoint\",\"urlTemplate\":\"https:\/\/d-identify.be\/nl\/?s={search_term_string}\"},\"query-input\":{\"@type\":\"PropertyValueSpecification\",\"valueRequired\":true,\"valueName\":\"search_term_string\"}}],\"inLanguage\":\"nl-NL\"}]}<\/script>\n<!-- \/ Yoast SEO Premium plugin. -->","yoast_head_json":{"title":"T800 RFID-desktopprinter - Printronix","description":"De T800 RFID-desktopprinter van PRintronix is \u200b\u200bontworpen om te voldoen aan de groeiende vraag naar het coderen en printen van RFID-labels...","robots":{"index":"index","follow":"follow","max-snippet":"max-snippet:-1","max-image-preview":"max-image-preview:large","max-video-preview":"max-video-preview:-1"},"canonical":"https:\/\/d-identify.be\/nl\/product\/printronix-auto-id-t800-rfid\/","og_locale":"nl_NL","og_type":"article","og_title":"Printronix Auto ID T83R-RFID, 300DPI","og_description":"De T800 RFID-desktopprinter van PRintronix is \u200b\u200bontworpen om te voldoen aan de groeiende vraag naar het coderen en printen van RFID-labels...","og_url":"https:\/\/d-identify.be\/nl\/product\/printronix-auto-id-t800-rfid\/","og_site_name":"d-identify","article_modified_time":"2025-05-02T08:29:21+00:00","og_image":[{"width":500,"height":500,"url":"https:\/\/d-identify.be\/wp-content\/uploads\/2022\/07\/t800_1.png","type":"image\/png"}],"twitter_card":"summary_large_image","schema":{"@context":"https:\/\/schema.org","@graph":[{"@type":"WebPage","@id":"https:\/\/d-identify.be\/nl\/product\/printronix-auto-id-t800-rfid\/","url":"https:\/\/d-identify.be\/nl\/product\/printronix-auto-id-t800-rfid\/","name":"T800 RFID-desktopprinter - Printronix","isPartOf":{"@id":"https:\/\/d-identify.be\/nl\/#website"},"primaryImageOfPage":{"@id":"https:\/\/d-identify.be\/nl\/product\/printronix-auto-id-t800-rfid\/#primaryimage"},"image":{"@id":"https:\/\/d-identify.be\/nl\/product\/printronix-auto-id-t800-rfid\/#primaryimage"},"thumbnailUrl":"https:\/\/d-identify.be\/wp-content\/uploads\/2022\/07\/t800_1.png","datePublished":"2022-07-11T07:40:38+00:00","dateModified":"2025-05-02T08:29:21+00:00","description":"De T800 RFID-desktopprinter van PRintronix is \u200b\u200bontworpen om te voldoen aan de groeiende vraag naar het coderen en printen van RFID-labels...","breadcrumb":{"@id":"https:\/\/d-identify.be\/nl\/product\/printronix-auto-id-t800-rfid\/#breadcrumb"},"inLanguage":"nl-NL","potentialAction":[{"@type":"ReadAction","target":["https:\/\/d-identify.be\/nl\/product\/printronix-auto-id-t800-rfid\/"]}]},{"@type":"ImageObject","inLanguage":"nl-NL","@id":"https:\/\/d-identify.be\/nl\/product\/printronix-auto-id-t800-rfid\/#primaryimage","url":"https:\/\/d-identify.be\/wp-content\/uploads\/2022\/07\/t800_1.png","contentUrl":"https:\/\/d-identify.be\/wp-content\/uploads\/2022\/07\/t800_1.png","width":500,"height":500,"caption":"T800 Printronix Desktop printer"},{"@type":"BreadcrumbList","@id":"https:\/\/d-identify.be\/nl\/product\/printronix-auto-id-t800-rfid\/#breadcrumb","itemListElement":[{"@type":"ListItem","position":1,"name":"Home","item":"https:\/\/d-identify.be\/nl\/"},{"@type":"ListItem","position":2,"name":"Winkel","item":"https:\/\/d-identify.be\/nl\/winkel\/"},{"@type":"ListItem","position":3,"name":"Printronix Auto ID T83R-RFID, 300DPI"}]},{"@type":"WebSite","@id":"https:\/\/d-identify.be\/nl\/#website","url":"https:\/\/d-identify.be\/nl\/","name":"d-identify","description":"Industrial identification - Lockout - Tagout - Floor marking","potentialAction":[{"@type":"SearchAction","target":{"@type":"EntryPoint","urlTemplate":"https:\/\/d-identify.be\/nl\/?s={search_term_string}"},"query-input":{"@type":"PropertyValueSpecification","valueRequired":true,"valueName":"search_term_string"}}],"inLanguage":"nl-NL"}]}},"_links":{"self":[{"href":"https:\/\/d-identify.be\/nl\/wp-json\/wp\/v2\/product\/53626","targetHints":{"allow":["GET"]}}],"collection":[{"href":"https:\/\/d-identify.be\/nl\/wp-json\/wp\/v2\/product"}],"about":[{"href":"https:\/\/d-identify.be\/nl\/wp-json\/wp\/v2\/types\/product"}],"replies":[{"embeddable":true,"href":"https:\/\/d-identify.be\/nl\/wp-json\/wp\/v2\/comments?post=53626"}],"wp:featuredmedia":[{"embeddable":true,"href":"https:\/\/d-identify.be\/nl\/wp-json\/wp\/v2\/media\/15238"}],"wp:attachment":[{"href":"https:\/\/d-identify.be\/nl\/wp-json\/wp\/v2\/media?parent=53626"}],"wp:term":[{"taxonomy":"product_brand","embeddable":true,"href":"https:\/\/d-identify.be\/nl\/wp-json\/wp\/v2\/product_brand?post=53626"},{"taxonomy":"product_cat","embeddable":true,"href":"https:\/\/d-identify.be\/nl\/wp-json\/wp\/v2\/product_cat?post=53626"},{"taxonomy":"product_tag","embeddable":true,"href":"https:\/\/d-identify.be\/nl\/wp-json\/wp\/v2\/product_tag?post=53626"},{"taxonomy":"pa_connextion-shapes","embeddable":true,"href":"https:\/\/d-identify.be\/nl\/wp-json\/wp\/v2\/pa_connextion-shapes?post=53626"}],"curies":[{"name":"wp","href":"https:\/\/api.w.org\/{rel}","templated":true}]}}