{"id":53593,"date":"2022-07-15T16:08:24","date_gmt":"2022-07-15T14:08:24","guid":{"rendered":"https:\/\/d-identify.be\/product\/l901-l901-plus-industriele-kleurenlabelprinter\/"},"modified":"2022-07-15T16:08:24","modified_gmt":"2022-07-15T14:08:24","slug":"l901-l901-plus-industriele-kleurenlabelprinter","status":"publish","type":"product","link":"https:\/\/d-identify.be\/nl\/product\/l901-l901-plus-industriele-kleurenlabelprinter\/","title":{"rendered":"L901 \/ L901 Plus industri\u00eble kleurenlabelprinter"},"content":{"rendered":"<div class=\"product-highlights\"><\/div>\n<div class='et-learn-more clearfix'>\n\t\t\t\t\t<h3 class='heading-more'>  Afinia L901 Plus Label Printer with Watershield\u2122 Water-Resistant Inks<span class='et_learnmore_arrow'><span><\/span><\/span><\/h3>\n\t\t\t\t\t<div class='learn-more-content'><p><strong>Het Plus-model biedt een verhoogde water- en vochtbestendigheid<\/strong><\/p>\n<p>Mit Watershield bedruckte Etiketten sind <strong>deutlich widerstandsf\u00e4higer gegen anhaltende Feuchtigkeitseinwirkung<\/strong> als herk\u00f6mmliche farbstoffbasierte Tintenstrahletiketten. Dadurch eignet sich der Afinia L901 Etikettendrucker ideal f\u00fcr Anwendungen wie gek\u00fchlte Getr\u00e4nke, Lebensmittel sowie chemische und pharmazeutische Produkte. <\/p>\n<p>Diese neue Technologie erzeugt au\u00dferdem tiefere Schwarzt\u00f6ne, verwendet Tinten aus verantwortungsvolleren Quellen und tr\u00e4gt dazu bei, die Lebensdauer des Druckkopfs zu verl\u00e4ngern.<\/p>\n<div class=\"product-highlights\">\n<div class='one_half'>\n\t\t\t\t\t<ul>\n<li style=\"list-style-type: none;\">\n<ul>\n<li>Inline- und Gro\u00dfseriendruck<\/li>\n<li>Hohe Druckgeschwindigkeiten (\u2264 12 IPS)<\/li>\n<li>Super niedrige Tintenkosten<\/li>\n<li>Wasserfeste Tinten erh\u00e4ltlich<\/li>\n<\/ul>\n<\/li>\n<\/ul>\n\t\t\t\t<\/div>\n<div class='one_half et_column_last'>\n\t\t\t\t\t<img loading=\"lazy\" decoding=\"async\" class=\"alignnone wp-image-6094\" src=\"https:\/\/d-identify.be\/wp-content\/uploads\/2022\/07\/Watershield-1000px-640x866-1-222x300.webp\" alt=\"\" width=\"110\" height=\"149\"><\/p>\n\t\t\t\t<\/div><div class='clear'><\/div>\n<\/div><\/div>\n\t\t\t\t<\/div>\n<div class='et-learn-more clearfix'>\n\t\t\t\t\t<h3 class='heading-more'>Roll-to-Roll Label Printing<span class='et_learnmore_arrow'><span><\/span><\/span><\/h3>\n\t\t\t\t\t<div class='learn-more-content'><p>Het XL-Ab-\/Aufwickelsysteem is perfect voor de Afinia L901 Etiketterendrucker en zeer licht van de constante rolproductie van Etiketten. Rol met een ovenmes van een afstand van 30 cm om problemen op te lossen \u2013 voor hogere opladingen en lagere gemiddelde kosten. <\/p><\/div>\n\t\t\t\t<\/div>\n<div class='et-learn-more clearfix'>\n\t\t\t\t\t<h3 class='heading-more'>Designed for Inline Applications<span class='et_learnmore_arrow'><span><\/span><\/span><\/h3>\n\t\t\t\t\t<div class='learn-more-content'><p>De Memjet VersaPass-printkoptechnologie van de L901 maakt onderhoud onderweg mogelijk, wat zorgt voor een perfecte inline-integratie met dispensers, applicators, etikettenafwerkers en digitale etikettenpersconfiguraties met een hoog volume.<\/p><\/div>\n\t\t\t\t<\/div>\n<div class='et-learn-more clearfix'>\n\t\t\t\t\t<h3 class='heading-more'>Ultra-low Ink Cost<span class='et_learnmore_arrow'><span><\/span><\/span><\/h3>\n\t\t\t\t\t<div class='learn-more-content'><p>Vijf inktpatronen met hoge capaciteit (CMYKK) bieden extreem lage inktkosten per afdruk, een belangrijke factor bij het beoordelen van de eigendomskosten bij het kiezen van een printer. Ontdek de exacte inktkosten van uw labelontwerp. <\/p><\/div>\n\t\t\t\t<\/div>\n<div class='et-learn-more clearfix'>\n\t\t\t\t\t<h3 class='heading-more'>High Speed &amp; High Resolution<span class='et_learnmore_arrow'><span><\/span><\/span><\/h3>\n\t\t\t\t\t<div class='learn-more-content'><p>Een stationaire printkop biedt razendsnelle printsnelheden tot wel 60 inch (18 m) per minuut. Blijf op de hoogte van de meeste opdrachten met een hoog volume, of het nu in een continue rol-naar-rol-opstelling is of inline met een digitale pers. <\/p><\/div>\n\t\t\t\t<\/div>\n","protected":false},"excerpt":{"rendered":"<p>De L901 combineert industrieel ontwerp, uitzonderlijke beeldkwaliteit en hoge productiesnelheden met een nieuwe mogelijkheid om de printkop &#8220;on-the-fly&#8221; te onderhouden. Dit maakt de L901 perfect voor lange rol-naar-rol printopdrachten of inline-integratie met labelfinishers, applicators, dispensers en meer. <\/p>\n<p>Produceer levendige, full-color prints in hoge resolutie. Grote printvolumes zijn nu zuiniger, met vijf 250ml CMYKK-inktcartridges met hoge capaciteit die een ultralage prijs per label opleveren. <\/p>\n","protected":false},"featured_media":15667,"comment_status":"open","ping_status":"closed","template":"","meta":{"_acf_changed":false,"_et_pb_use_builder":"","_et_pb_old_content":"","_et_gb_content_width":""},"product_brand":[],"product_cat":[619],"product_tag":[864],"pa_connextion-shapes":[],"class_list":{"0":"post-53593","1":"product","2":"type-product","3":"status-publish","4":"has-post-thumbnail","6":"product_cat-inkjet-kleurenlabelprinters","7":"product_tag-afinia-nl","9":"first","10":"instock","11":"taxable","12":"shipping-taxable","13":"purchasable","14":"product-type-variable","15":"has-default-attributes"},"exclude_global_add_ons":false,"addons":[{"name":"Onsite Installatie voor de Benelux regio.","type":"checkbox","position":0,"required":true,"title_format":"heading","default":"","description_enable":true,"description":"Laat Uw printer installeren en configureren onsite door een expert","placeholder_enable":false,"placeholder":"","display":"select","restrictions_type":"any_text","adjust_price":false,"price":"","price_type":"flat_fee","restrictions":false,"min":"0","max":"0","options":[{"label":"BENELUX ONSITE INSTALL","price":"100","price_type":"flat_fee","image":0,"visibility":true}],"id":1746798096}],"acf":[],"yoast_head":"<!-- This site is optimized with the Yoast SEO Premium plugin v27.0 (Yoast SEO v27.1) - https:\/\/yoast.com\/product\/yoast-seo-premium-wordpress\/ -->\n<title>Afinia L901 etikettenprinter | Industri\u00eble kleurenetikettenprinter<\/title>\n<meta name=\"description\" content=\"De Afinia L901 Labelprinter combineert industrieel design, uitzonderlijke beeldkwaliteit en hoge productiesnelheden. Lage inktkosten per label.\" \/>\n<meta name=\"robots\" content=\"index, follow, max-snippet:-1, max-image-preview:large, max-video-preview:-1\" \/>\n<link rel=\"canonical\" href=\"https:\/\/d-identify.be\/nl\/product\/l901-l901-plus-industriele-kleurenlabelprinter\/\" \/>\n<meta property=\"og:locale\" content=\"nl_NL\" \/>\n<meta property=\"og:type\" content=\"article\" \/>\n<meta property=\"og:title\" content=\"L901 \/ L901 Plus industri\u00eble kleurenlabelprinter\" \/>\n<meta property=\"og:description\" content=\"De Afinia L901 Labelprinter combineert industrieel design, uitzonderlijke beeldkwaliteit en hoge productiesnelheden. Lage inktkosten per label.\" \/>\n<meta property=\"og:url\" content=\"https:\/\/d-identify.be\/nl\/product\/l901-l901-plus-industriele-kleurenlabelprinter\/\" \/>\n<meta property=\"og:site_name\" content=\"d-identify\" \/>\n<meta property=\"og:image\" content=\"https:\/\/d-identify.be\/wp-content\/uploads\/2022\/07\/l901-printer-640x527-1.webp\" \/>\n\t<meta property=\"og:image:width\" content=\"640\" \/>\n\t<meta property=\"og:image:height\" content=\"527\" \/>\n\t<meta property=\"og:image:type\" content=\"image\/webp\" \/>\n<meta name=\"twitter:card\" content=\"summary_large_image\" \/>\n<meta name=\"twitter:label1\" content=\"Geschatte leestijd\" \/>\n\t<meta name=\"twitter:data1\" content=\"1 minuut\" \/>\n<script type=\"application\/ld+json\" class=\"yoast-schema-graph\">{\"@context\":\"https:\/\/schema.org\",\"@graph\":[{\"@type\":\"WebPage\",\"@id\":\"https:\/\/d-identify.be\/nl\/product\/l901-l901-plus-industriele-kleurenlabelprinter\/\",\"url\":\"https:\/\/d-identify.be\/nl\/product\/l901-l901-plus-industriele-kleurenlabelprinter\/\",\"name\":\"Afinia L901 etikettenprinter | Industri\u00eble kleurenetikettenprinter\",\"isPartOf\":{\"@id\":\"https:\/\/d-identify.be\/nl\/#website\"},\"primaryImageOfPage\":{\"@id\":\"https:\/\/d-identify.be\/nl\/product\/l901-l901-plus-industriele-kleurenlabelprinter\/#primaryimage\"},\"image\":{\"@id\":\"https:\/\/d-identify.be\/nl\/product\/l901-l901-plus-industriele-kleurenlabelprinter\/#primaryimage\"},\"thumbnailUrl\":\"https:\/\/d-identify.be\/wp-content\/uploads\/2022\/07\/l901-printer-640x527-1.webp\",\"datePublished\":\"2022-07-15T14:08:24+00:00\",\"description\":\"De Afinia L901 Labelprinter combineert industrieel design, uitzonderlijke beeldkwaliteit en hoge productiesnelheden. Lage inktkosten per label.\",\"breadcrumb\":{\"@id\":\"https:\/\/d-identify.be\/nl\/product\/l901-l901-plus-industriele-kleurenlabelprinter\/#breadcrumb\"},\"inLanguage\":\"nl-NL\",\"potentialAction\":[{\"@type\":\"ReadAction\",\"target\":[\"https:\/\/d-identify.be\/nl\/product\/l901-l901-plus-industriele-kleurenlabelprinter\/\"]}]},{\"@type\":\"ImageObject\",\"inLanguage\":\"nl-NL\",\"@id\":\"https:\/\/d-identify.be\/nl\/product\/l901-l901-plus-industriele-kleurenlabelprinter\/#primaryimage\",\"url\":\"https:\/\/d-identify.be\/wp-content\/uploads\/2022\/07\/l901-printer-640x527-1.webp\",\"contentUrl\":\"https:\/\/d-identify.be\/wp-content\/uploads\/2022\/07\/l901-printer-640x527-1.webp\",\"width\":640,\"height\":527,\"caption\":\"afinia L901\/901 plus printer\"},{\"@type\":\"BreadcrumbList\",\"@id\":\"https:\/\/d-identify.be\/nl\/product\/l901-l901-plus-industriele-kleurenlabelprinter\/#breadcrumb\",\"itemListElement\":[{\"@type\":\"ListItem\",\"position\":1,\"name\":\"Home\",\"item\":\"https:\/\/d-identify.be\/nl\/\"},{\"@type\":\"ListItem\",\"position\":2,\"name\":\"Winkel\",\"item\":\"https:\/\/d-identify.be\/nl\/winkel\/\"},{\"@type\":\"ListItem\",\"position\":3,\"name\":\"L901 \/ L901 Plus industri\u00eble kleurenlabelprinter\"}]},{\"@type\":\"WebSite\",\"@id\":\"https:\/\/d-identify.be\/nl\/#website\",\"url\":\"https:\/\/d-identify.be\/nl\/\",\"name\":\"d-identify\",\"description\":\"Industrial identification - Lockout - Tagout - Floor marking\",\"potentialAction\":[{\"@type\":\"SearchAction\",\"target\":{\"@type\":\"EntryPoint\",\"urlTemplate\":\"https:\/\/d-identify.be\/nl\/?s={search_term_string}\"},\"query-input\":{\"@type\":\"PropertyValueSpecification\",\"valueRequired\":true,\"valueName\":\"search_term_string\"}}],\"inLanguage\":\"nl-NL\"}]}<\/script>\n<!-- \/ Yoast SEO Premium plugin. -->","yoast_head_json":{"title":"Afinia L901 etikettenprinter | Industri\u00eble kleurenetikettenprinter","description":"De Afinia L901 Labelprinter combineert industrieel design, uitzonderlijke beeldkwaliteit en hoge productiesnelheden. Lage inktkosten per label.","robots":{"index":"index","follow":"follow","max-snippet":"max-snippet:-1","max-image-preview":"max-image-preview:large","max-video-preview":"max-video-preview:-1"},"canonical":"https:\/\/d-identify.be\/nl\/product\/l901-l901-plus-industriele-kleurenlabelprinter\/","og_locale":"nl_NL","og_type":"article","og_title":"L901 \/ L901 Plus industri\u00eble kleurenlabelprinter","og_description":"De Afinia L901 Labelprinter combineert industrieel design, uitzonderlijke beeldkwaliteit en hoge productiesnelheden. Lage inktkosten per label.","og_url":"https:\/\/d-identify.be\/nl\/product\/l901-l901-plus-industriele-kleurenlabelprinter\/","og_site_name":"d-identify","og_image":[{"width":640,"height":527,"url":"https:\/\/d-identify.be\/wp-content\/uploads\/2022\/07\/l901-printer-640x527-1.webp","type":"image\/webp"}],"twitter_card":"summary_large_image","twitter_misc":{"Geschatte leestijd":"1 minuut"},"schema":{"@context":"https:\/\/schema.org","@graph":[{"@type":"WebPage","@id":"https:\/\/d-identify.be\/nl\/product\/l901-l901-plus-industriele-kleurenlabelprinter\/","url":"https:\/\/d-identify.be\/nl\/product\/l901-l901-plus-industriele-kleurenlabelprinter\/","name":"Afinia L901 etikettenprinter | Industri\u00eble kleurenetikettenprinter","isPartOf":{"@id":"https:\/\/d-identify.be\/nl\/#website"},"primaryImageOfPage":{"@id":"https:\/\/d-identify.be\/nl\/product\/l901-l901-plus-industriele-kleurenlabelprinter\/#primaryimage"},"image":{"@id":"https:\/\/d-identify.be\/nl\/product\/l901-l901-plus-industriele-kleurenlabelprinter\/#primaryimage"},"thumbnailUrl":"https:\/\/d-identify.be\/wp-content\/uploads\/2022\/07\/l901-printer-640x527-1.webp","datePublished":"2022-07-15T14:08:24+00:00","description":"De Afinia L901 Labelprinter combineert industrieel design, uitzonderlijke beeldkwaliteit en hoge productiesnelheden. Lage inktkosten per label.","breadcrumb":{"@id":"https:\/\/d-identify.be\/nl\/product\/l901-l901-plus-industriele-kleurenlabelprinter\/#breadcrumb"},"inLanguage":"nl-NL","potentialAction":[{"@type":"ReadAction","target":["https:\/\/d-identify.be\/nl\/product\/l901-l901-plus-industriele-kleurenlabelprinter\/"]}]},{"@type":"ImageObject","inLanguage":"nl-NL","@id":"https:\/\/d-identify.be\/nl\/product\/l901-l901-plus-industriele-kleurenlabelprinter\/#primaryimage","url":"https:\/\/d-identify.be\/wp-content\/uploads\/2022\/07\/l901-printer-640x527-1.webp","contentUrl":"https:\/\/d-identify.be\/wp-content\/uploads\/2022\/07\/l901-printer-640x527-1.webp","width":640,"height":527,"caption":"afinia L901\/901 plus printer"},{"@type":"BreadcrumbList","@id":"https:\/\/d-identify.be\/nl\/product\/l901-l901-plus-industriele-kleurenlabelprinter\/#breadcrumb","itemListElement":[{"@type":"ListItem","position":1,"name":"Home","item":"https:\/\/d-identify.be\/nl\/"},{"@type":"ListItem","position":2,"name":"Winkel","item":"https:\/\/d-identify.be\/nl\/winkel\/"},{"@type":"ListItem","position":3,"name":"L901 \/ L901 Plus industri\u00eble kleurenlabelprinter"}]},{"@type":"WebSite","@id":"https:\/\/d-identify.be\/nl\/#website","url":"https:\/\/d-identify.be\/nl\/","name":"d-identify","description":"Industrial identification - Lockout - Tagout - Floor marking","potentialAction":[{"@type":"SearchAction","target":{"@type":"EntryPoint","urlTemplate":"https:\/\/d-identify.be\/nl\/?s={search_term_string}"},"query-input":{"@type":"PropertyValueSpecification","valueRequired":true,"valueName":"search_term_string"}}],"inLanguage":"nl-NL"}]}},"_links":{"self":[{"href":"https:\/\/d-identify.be\/nl\/wp-json\/wp\/v2\/product\/53593","targetHints":{"allow":["GET"]}}],"collection":[{"href":"https:\/\/d-identify.be\/nl\/wp-json\/wp\/v2\/product"}],"about":[{"href":"https:\/\/d-identify.be\/nl\/wp-json\/wp\/v2\/types\/product"}],"replies":[{"embeddable":true,"href":"https:\/\/d-identify.be\/nl\/wp-json\/wp\/v2\/comments?post=53593"}],"wp:featuredmedia":[{"embeddable":true,"href":"https:\/\/d-identify.be\/nl\/wp-json\/wp\/v2\/media\/15667"}],"wp:attachment":[{"href":"https:\/\/d-identify.be\/nl\/wp-json\/wp\/v2\/media?parent=53593"}],"wp:term":[{"taxonomy":"product_brand","embeddable":true,"href":"https:\/\/d-identify.be\/nl\/wp-json\/wp\/v2\/product_brand?post=53593"},{"taxonomy":"product_cat","embeddable":true,"href":"https:\/\/d-identify.be\/nl\/wp-json\/wp\/v2\/product_cat?post=53593"},{"taxonomy":"product_tag","embeddable":true,"href":"https:\/\/d-identify.be\/nl\/wp-json\/wp\/v2\/product_tag?post=53593"},{"taxonomy":"pa_connextion-shapes","embeddable":true,"href":"https:\/\/d-identify.be\/nl\/wp-json\/wp\/v2\/pa_connextion-shapes?post=53593"}],"curies":[{"name":"wp","href":"https:\/\/api.w.org\/{rel}","templated":true}]}}