{"id":53585,"date":"2022-07-14T09:58:41","date_gmt":"2022-07-14T07:58:41","guid":{"rendered":"https:\/\/d-identify.be\/product\/afinia-l801-commerciele-kleurenlabelprinter\/"},"modified":"2025-05-08T11:06:17","modified_gmt":"2025-05-08T09:06:17","slug":"afinia-l801-commerciele-kleurenlabelprinter","status":"publish","type":"product","link":"https:\/\/d-identify.be\/nl\/product\/afinia-l801-commerciele-kleurenlabelprinter\/","title":{"rendered":"Afinia L801 commerci\u00eble kleurenlabelprinter"},"content":{"rendered":"<div class=\"product-highlights\">\n<div class='et-learn-more clearfix'>\n\t\t\t\t\t<h3 class='heading-more'>Professional Print Quality at High Speeds<span class='et_learnmore_arrow'><span><\/span><\/span><\/h3>\n\t\t\t\t\t<div class='learn-more-content'><p>De combinatie van afdrukkwaliteit, snelheid en inktkosten van de L801 is moeilijk te verslaan.<\/p>\n<p>De L801 is een Memjet-aangedreven industri\u00eble inkjetprinter die ideaal is voor korte tot middellange printruns voor primaire en secundaire etiketteringstoepassingen. Hij print op continu of gestanst papier van 2 tot 8,5 inch breed, in full colour en met snelheden tot 60 voet per minuut. De superfijne resolutie zorgt voor scherpe tekst en barcodes, zelfs op kleine formaten. Dit detail, gecombineerd met levendige kleuren en rijke zwarttinten, zorgt ervoor dat etiketten er scherp en levendig uitzien. De L801 Commercial Color Label Printer is ook compatibel met een breed scala aan papier, polyester, polypropyleen en vinyl etiketten.    <\/p>\n<p>Afdrukken in grote volumes\nSnelle afdruksnelheden (\u2264 12 IPS)\nSuperlage inktkosten\nBestseller<\/p><\/div>\n\t\t\t\t<\/div>\n<div class='et-learn-more clearfix'>\n\t\t\t\t\t<h3 class='heading-more'>Minimize ongoing ink costs<span class='et_learnmore_arrow'><span><\/span><\/span><\/h3>\n\t\t\t\t\t<div class='learn-more-content'><p>Kosten per label zouden net zo belangrijk moeten zijn als printerkosten bij het investeren in een labelprinter. Deze doorlopende kosten worden geminimaliseerd door de toonaangevende inktkosten van de L801, die eenvoudig kunnen worden berekend met de meegeleverde software. Het bevat 1,25 liter inkt om grote oplagen te ondersteunen en heeft gemakkelijk toegankelijke deuren voor snelle en eenvoudige vervanging van media en inkt. Een optionele aangedreven opwinder maakt het afdrukken op afgewerkte rollen eenvoudig.   <\/p><\/div>\n\t\t\t\t<\/div>\n<div class='et-learn-more clearfix'>\n\t\t\t\t\t<h3 class='heading-more'>Integrated Rewinder<span class='et_learnmore_arrow'><span><\/span><\/span><\/h3>\n\t\t\t\t\t<div class='learn-more-content'><p>De L801 Commercial Color Label Printer bevat een ge\u00efntegreerde opwinder die rollen tot 8 inch (203 mm) in diameter accepteert. De stalen kap beschermt uw media tegen stof en vuil. Vermindert de kans op printproblemen en verlengt de levensduur van de printkop. Rolmedia worden consistent en gelijkmatig naar de printer gevoerd.   <\/p><\/div>\n\t\t\t\t<\/div>\n<div class='et-learn-more clearfix'>\n\t\t\t\t\t<h3 class='heading-more'>Roll-to-roll label printing<span class='et_learnmore_arrow'><span><\/span><\/span><\/h3>\n\t\t\t\t\t<div class='learn-more-content'><p>De optionele rewinder past perfect bij de L801 om continue, rol-naar-rol labelproductie mogelijk te maken. Verwerk eenvoudig rollen tot 8 inch buitendiameter voor grote volumes en lagere mediakosten. Het is een aanbevolen toevoeging voor bedrijven die veel gebruik maken van of zware taken uitvoeren.  <\/p>\n<p>Net als de L801 Commercial Color Label Printer kan de rewinder etikettenformaten tot 8,5\u2033 breed verwerken en rollen met een buitendiameter tot 8,0\u2033. Het geeft u de mogelijkheid om de rotatierichting te kiezen om etiketten naar binnen of naar buiten te plaatsen. <\/p>\n<p>Zodra het terugrollen voltooid is, verwijdert u eenvoudig de kernhouder en is de rol klaar.<\/p><\/div>\n\t\t\t\t<\/div>\n<div class='et-learn-more clearfix'>\n\t\t\t\t\t<h3 class='heading-more'>Memjet Waterfall Technology<span class='et_learnmore_arrow'><span><\/span><\/span><\/h3>\n\t\t\t\t\t<div class='learn-more-content'><p>De L801 is een digitale etikettenprinter die gebruikmaakt van Memjet-technologie, waarmee u een impactvolle, full-colour output kunt printen met een snelheid tot 60 ft\/min (18 m\/min). De stationaire &#8220;waterval&#8221; printkoptechnologie van Memjet zorgt ervoor dat het papier snel door de printer beweegt, terwijl de uitstekende printresolutie behouden blijft. <\/p><\/div>\n\t\t\t\t<\/div>\n<div class='et-learn-more clearfix'>\n\t\t\t\t\t<h3 class='heading-more'>High quality &amp; resolution<span class='et_learnmore_arrow'><span><\/span><\/span><\/h3>\n\t\t\t\t\t<div class='learn-more-content'><p>Met de L801 kunt u afdrukken tot 1600 x 1600 dpi voor levendige, opvallende labels. Door CMYKK (twee zwarte inktcartridges) te gebruiken, biedt de L801 uitzonderlijke kleuren en rijke zwarttinten, waardoor u met een beter contrast kunt afdrukken. <\/p><\/div>\n\t\t\t\t<\/div>\n<div class='et-learn-more clearfix'>\n\t\t\t\t\t<h3 class='heading-more'>Low cost of ownership<span class='et_learnmore_arrow'><span><\/span><\/span><\/h3>\n\t\t\t\t\t<div class='learn-more-content'><p>Met Afinia Label Memjet-etikettenprinters kunt u besparen op verbruiksartikelen. De L801 heeft een inktcapaciteit van 1,25 liter om grote oplagen te ondersteunen en biedt een toonaangevende lage inktkost. U kunt een gratis geprint monster aanvragen om de exacte kosten van uw etiketten te bepalen en de kwaliteit zelf te zien en voelen.  <\/p><\/div>\n\t\t\t\t<\/div>\n<\/div>\n","protected":false},"excerpt":{"rendered":"<p>De gebruiksvriendelijke L801 Industrial Color Label Printer wordt aangestuurd door Memjet Waterfall Printhead Technology\u00ae. De L801 is gebouwd met een stationaire printkop voor ultieme snelheid en een inktcapaciteit van 1,25 liter voor grote printruns, waardoor u zowel tijd als geld bespaart. <\/p>\n<p><strong>Belangrijkste kenmerken:<\/strong><\/p>\n","protected":false},"featured_media":15547,"comment_status":"open","ping_status":"closed","template":"","meta":{"_acf_changed":false,"_et_pb_use_builder":"","_et_pb_old_content":"","_et_gb_content_width":""},"product_brand":[1268],"product_cat":[619],"product_tag":[864],"pa_connextion-shapes":[],"class_list":{"0":"post-53585","1":"product","2":"type-product","3":"status-publish","4":"has-post-thumbnail","6":"product_brand-afinia-label","7":"product_cat-inkjet-kleurenlabelprinters","8":"product_tag-afinia-nl","10":"first","11":"instock","12":"taxable","13":"shipping-taxable","14":"purchasable","15":"product-type-simple"},"exclude_global_add_ons":false,"addons":[{"name":"Onsite Installatie voor de Benelux regio.","type":"checkbox","position":0,"required":true,"title_format":"heading","default":"","description_enable":true,"description":"Laat Uw printer installeren en configureren onsite door een expert","placeholder_enable":false,"placeholder":"","display":"select","restrictions_type":"any_text","adjust_price":false,"price":"","price_type":"flat_fee","restrictions":false,"min":"0","max":"0","options":[{"label":"BENELUX ONSITE INSTALL","price":"100","price_type":"flat_fee","image":0,"visibility":true}],"id":1746798096}],"acf":[],"yoast_head":"<!-- This site is optimized with the Yoast SEO Premium plugin v27.0 (Yoast SEO v27.1) - https:\/\/yoast.com\/product\/yoast-seo-premium-wordpress\/ -->\n<title>Commerci\u00eble kleurenlabelprinter Afinia L801<\/title>\n<meta name=\"description\" content=\"De L801 commerci\u00eble kleurenlabelprinter is een industri\u00eble webgevoede inkjetoplossing, ideaal voor korte tot middelgrote printopdrachten voor de detailhandel.\" \/>\n<meta name=\"robots\" content=\"index, follow, max-snippet:-1, max-image-preview:large, max-video-preview:-1\" \/>\n<link rel=\"canonical\" href=\"https:\/\/d-identify.be\/nl\/product\/afinia-l801-commerciele-kleurenlabelprinter\/\" \/>\n<meta property=\"og:locale\" content=\"nl_NL\" \/>\n<meta property=\"og:type\" content=\"article\" \/>\n<meta property=\"og:title\" content=\"Afinia L801 commerci\u00eble kleurenlabelprinter\" \/>\n<meta property=\"og:description\" content=\"De L801 commerci\u00eble kleurenlabelprinter is een industri\u00eble webgevoede inkjetoplossing, ideaal voor korte tot middelgrote printopdrachten voor de detailhandel.\" \/>\n<meta property=\"og:url\" content=\"https:\/\/d-identify.be\/nl\/product\/afinia-l801-commerciele-kleurenlabelprinter\/\" \/>\n<meta property=\"og:site_name\" content=\"d-identify\" \/>\n<meta property=\"article:modified_time\" content=\"2025-05-08T09:06:17+00:00\" \/>\n<meta property=\"og:image\" content=\"https:\/\/d-identify.be\/wp-content\/uploads\/2022\/07\/l801-printer-640x527-Copy.webp\" \/>\n\t<meta property=\"og:image:width\" content=\"640\" \/>\n\t<meta property=\"og:image:height\" content=\"527\" \/>\n\t<meta property=\"og:image:type\" content=\"image\/webp\" \/>\n<meta name=\"twitter:card\" content=\"summary_large_image\" \/>\n<meta name=\"twitter:label1\" content=\"Geschatte leestijd\" \/>\n\t<meta name=\"twitter:data1\" content=\"3 minuten\" \/>\n<script type=\"application\/ld+json\" class=\"yoast-schema-graph\">{\"@context\":\"https:\/\/schema.org\",\"@graph\":[{\"@type\":\"WebPage\",\"@id\":\"https:\/\/d-identify.be\/nl\/product\/afinia-l801-commerciele-kleurenlabelprinter\/\",\"url\":\"https:\/\/d-identify.be\/nl\/product\/afinia-l801-commerciele-kleurenlabelprinter\/\",\"name\":\"Commerci\u00eble kleurenlabelprinter Afinia L801\",\"isPartOf\":{\"@id\":\"https:\/\/d-identify.be\/nl\/#website\"},\"primaryImageOfPage\":{\"@id\":\"https:\/\/d-identify.be\/nl\/product\/afinia-l801-commerciele-kleurenlabelprinter\/#primaryimage\"},\"image\":{\"@id\":\"https:\/\/d-identify.be\/nl\/product\/afinia-l801-commerciele-kleurenlabelprinter\/#primaryimage\"},\"thumbnailUrl\":\"https:\/\/d-identify.be\/wp-content\/uploads\/2022\/07\/l801-printer-640x527-Copy.webp\",\"datePublished\":\"2022-07-14T07:58:41+00:00\",\"dateModified\":\"2025-05-08T09:06:17+00:00\",\"description\":\"De L801 commerci\u00eble kleurenlabelprinter is een industri\u00eble webgevoede inkjetoplossing, ideaal voor korte tot middelgrote printopdrachten voor de detailhandel.\",\"breadcrumb\":{\"@id\":\"https:\/\/d-identify.be\/nl\/product\/afinia-l801-commerciele-kleurenlabelprinter\/#breadcrumb\"},\"inLanguage\":\"nl-NL\",\"potentialAction\":[{\"@type\":\"ReadAction\",\"target\":[\"https:\/\/d-identify.be\/nl\/product\/afinia-l801-commerciele-kleurenlabelprinter\/\"]}]},{\"@type\":\"ImageObject\",\"inLanguage\":\"nl-NL\",\"@id\":\"https:\/\/d-identify.be\/nl\/product\/afinia-l801-commerciele-kleurenlabelprinter\/#primaryimage\",\"url\":\"https:\/\/d-identify.be\/wp-content\/uploads\/2022\/07\/l801-printer-640x527-Copy.webp\",\"contentUrl\":\"https:\/\/d-identify.be\/wp-content\/uploads\/2022\/07\/l801-printer-640x527-Copy.webp\",\"width\":640,\"height\":527,\"caption\":\"Alfinia L801 commercial color label printer\"},{\"@type\":\"BreadcrumbList\",\"@id\":\"https:\/\/d-identify.be\/nl\/product\/afinia-l801-commerciele-kleurenlabelprinter\/#breadcrumb\",\"itemListElement\":[{\"@type\":\"ListItem\",\"position\":1,\"name\":\"Home\",\"item\":\"https:\/\/d-identify.be\/nl\/\"},{\"@type\":\"ListItem\",\"position\":2,\"name\":\"Winkel\",\"item\":\"https:\/\/d-identify.be\/nl\/winkel\/\"},{\"@type\":\"ListItem\",\"position\":3,\"name\":\"Afinia L801 commerci\u00eble kleurenlabelprinter\"}]},{\"@type\":\"WebSite\",\"@id\":\"https:\/\/d-identify.be\/nl\/#website\",\"url\":\"https:\/\/d-identify.be\/nl\/\",\"name\":\"d-identify\",\"description\":\"Industrial identification - Lockout - Tagout - Floor marking\",\"potentialAction\":[{\"@type\":\"SearchAction\",\"target\":{\"@type\":\"EntryPoint\",\"urlTemplate\":\"https:\/\/d-identify.be\/nl\/?s={search_term_string}\"},\"query-input\":{\"@type\":\"PropertyValueSpecification\",\"valueRequired\":true,\"valueName\":\"search_term_string\"}}],\"inLanguage\":\"nl-NL\"}]}<\/script>\n<!-- \/ Yoast SEO Premium plugin. -->","yoast_head_json":{"title":"Commerci\u00eble kleurenlabelprinter Afinia L801","description":"De L801 commerci\u00eble kleurenlabelprinter is een industri\u00eble webgevoede inkjetoplossing, ideaal voor korte tot middelgrote printopdrachten voor de detailhandel.","robots":{"index":"index","follow":"follow","max-snippet":"max-snippet:-1","max-image-preview":"max-image-preview:large","max-video-preview":"max-video-preview:-1"},"canonical":"https:\/\/d-identify.be\/nl\/product\/afinia-l801-commerciele-kleurenlabelprinter\/","og_locale":"nl_NL","og_type":"article","og_title":"Afinia L801 commerci\u00eble kleurenlabelprinter","og_description":"De L801 commerci\u00eble kleurenlabelprinter is een industri\u00eble webgevoede inkjetoplossing, ideaal voor korte tot middelgrote printopdrachten voor de detailhandel.","og_url":"https:\/\/d-identify.be\/nl\/product\/afinia-l801-commerciele-kleurenlabelprinter\/","og_site_name":"d-identify","article_modified_time":"2025-05-08T09:06:17+00:00","og_image":[{"width":640,"height":527,"url":"https:\/\/d-identify.be\/wp-content\/uploads\/2022\/07\/l801-printer-640x527-Copy.webp","type":"image\/webp"}],"twitter_card":"summary_large_image","twitter_misc":{"Geschatte leestijd":"3 minuten"},"schema":{"@context":"https:\/\/schema.org","@graph":[{"@type":"WebPage","@id":"https:\/\/d-identify.be\/nl\/product\/afinia-l801-commerciele-kleurenlabelprinter\/","url":"https:\/\/d-identify.be\/nl\/product\/afinia-l801-commerciele-kleurenlabelprinter\/","name":"Commerci\u00eble kleurenlabelprinter Afinia L801","isPartOf":{"@id":"https:\/\/d-identify.be\/nl\/#website"},"primaryImageOfPage":{"@id":"https:\/\/d-identify.be\/nl\/product\/afinia-l801-commerciele-kleurenlabelprinter\/#primaryimage"},"image":{"@id":"https:\/\/d-identify.be\/nl\/product\/afinia-l801-commerciele-kleurenlabelprinter\/#primaryimage"},"thumbnailUrl":"https:\/\/d-identify.be\/wp-content\/uploads\/2022\/07\/l801-printer-640x527-Copy.webp","datePublished":"2022-07-14T07:58:41+00:00","dateModified":"2025-05-08T09:06:17+00:00","description":"De L801 commerci\u00eble kleurenlabelprinter is een industri\u00eble webgevoede inkjetoplossing, ideaal voor korte tot middelgrote printopdrachten voor de detailhandel.","breadcrumb":{"@id":"https:\/\/d-identify.be\/nl\/product\/afinia-l801-commerciele-kleurenlabelprinter\/#breadcrumb"},"inLanguage":"nl-NL","potentialAction":[{"@type":"ReadAction","target":["https:\/\/d-identify.be\/nl\/product\/afinia-l801-commerciele-kleurenlabelprinter\/"]}]},{"@type":"ImageObject","inLanguage":"nl-NL","@id":"https:\/\/d-identify.be\/nl\/product\/afinia-l801-commerciele-kleurenlabelprinter\/#primaryimage","url":"https:\/\/d-identify.be\/wp-content\/uploads\/2022\/07\/l801-printer-640x527-Copy.webp","contentUrl":"https:\/\/d-identify.be\/wp-content\/uploads\/2022\/07\/l801-printer-640x527-Copy.webp","width":640,"height":527,"caption":"Alfinia L801 commercial color label printer"},{"@type":"BreadcrumbList","@id":"https:\/\/d-identify.be\/nl\/product\/afinia-l801-commerciele-kleurenlabelprinter\/#breadcrumb","itemListElement":[{"@type":"ListItem","position":1,"name":"Home","item":"https:\/\/d-identify.be\/nl\/"},{"@type":"ListItem","position":2,"name":"Winkel","item":"https:\/\/d-identify.be\/nl\/winkel\/"},{"@type":"ListItem","position":3,"name":"Afinia L801 commerci\u00eble kleurenlabelprinter"}]},{"@type":"WebSite","@id":"https:\/\/d-identify.be\/nl\/#website","url":"https:\/\/d-identify.be\/nl\/","name":"d-identify","description":"Industrial identification - Lockout - Tagout - Floor marking","potentialAction":[{"@type":"SearchAction","target":{"@type":"EntryPoint","urlTemplate":"https:\/\/d-identify.be\/nl\/?s={search_term_string}"},"query-input":{"@type":"PropertyValueSpecification","valueRequired":true,"valueName":"search_term_string"}}],"inLanguage":"nl-NL"}]}},"_links":{"self":[{"href":"https:\/\/d-identify.be\/nl\/wp-json\/wp\/v2\/product\/53585","targetHints":{"allow":["GET"]}}],"collection":[{"href":"https:\/\/d-identify.be\/nl\/wp-json\/wp\/v2\/product"}],"about":[{"href":"https:\/\/d-identify.be\/nl\/wp-json\/wp\/v2\/types\/product"}],"replies":[{"embeddable":true,"href":"https:\/\/d-identify.be\/nl\/wp-json\/wp\/v2\/comments?post=53585"}],"wp:featuredmedia":[{"embeddable":true,"href":"https:\/\/d-identify.be\/nl\/wp-json\/wp\/v2\/media\/15547"}],"wp:attachment":[{"href":"https:\/\/d-identify.be\/nl\/wp-json\/wp\/v2\/media?parent=53585"}],"wp:term":[{"taxonomy":"product_brand","embeddable":true,"href":"https:\/\/d-identify.be\/nl\/wp-json\/wp\/v2\/product_brand?post=53585"},{"taxonomy":"product_cat","embeddable":true,"href":"https:\/\/d-identify.be\/nl\/wp-json\/wp\/v2\/product_cat?post=53585"},{"taxonomy":"product_tag","embeddable":true,"href":"https:\/\/d-identify.be\/nl\/wp-json\/wp\/v2\/product_tag?post=53585"},{"taxonomy":"pa_connextion-shapes","embeddable":true,"href":"https:\/\/d-identify.be\/nl\/wp-json\/wp\/v2\/pa_connextion-shapes?post=53585"}],"curies":[{"name":"wp","href":"https:\/\/api.w.org\/{rel}","templated":true}]}}