{"id":21771,"date":"2022-09-12T14:21:11","date_gmt":"2022-09-12T12:21:11","guid":{"rendered":"https:\/\/d-identify.be\/product\/duralabel-toro-max-2\/"},"modified":"2026-01-21T16:30:58","modified_gmt":"2026-01-21T14:30:58","slug":"duralabel-toro-max-industriele-labelprinter","status":"publish","type":"product","link":"https:\/\/d-identify.be\/nl\/product\/duralabel-toro-max-industriele-labelprinter\/","title":{"rendered":"DuraLabel Toro Max \u2013 Industri\u00eble veiligheidslabelprinter"},"content":{"rendered":"<p data-start=\"224\" data-end=\"572\">De <strong data-start=\"227\" data-end=\"257\">DuraLabel Toro Max printer<\/strong> is een krachtige, middelgrote alles-in-\u00e9\u00e9n oplossing voor veiligheids- en industri\u00eble labeling waarmee je veiligheidslabels volledig in eigen beheer print. Met de <strong data-start=\"421\" data-end=\"451\">DuraLabel Toro Max printer<\/strong> ontwerp en print je gestandaardiseerde \u00e9n volledig op maat gemaakte veiligheidslabels, precies wanneer je ze nodig hebt.<\/p>\n<p data-start=\"574\" data-end=\"942\">Deze industri\u00eble labelprinter is geschikt voor een brede waaier aan toepassingen. Je print kleine voorraadlabels en tags. Je maakt OSHA- en ANSI-conforme veiligheidssignalisatie. Ook arc flash waarschuwingslabels en duurzame leidingmarkeringen produceer je eenvoudig. E\u00e9n printer dekt meerdere identificatiebehoeften binnen productie, onderhoud en technische diensten.<\/p>\n<p data-start=\"944\" data-end=\"1227\">De <strong data-start=\"947\" data-end=\"977\">Toro Max printer<\/strong> past perfect binnen 5S-trajecten en visueel management. Duidelijke en consistente labeling verhoogt de veiligheid, vermindert fouten en zorgt voor een overzichtelijke werkplek. Labels worden on-demand geprint, zonder wachttijden of minimale afnames.<\/p>\n","protected":false},"excerpt":{"rendered":"<p data-start=\"2457\" data-end=\"2603\">DuraLabel Toro Max printer voor industri\u00eble veiligheidslabels, borden, arc flash waarschuwingen en leidingmarkering. Ideaal voor 5S en veiligheid.<\/p>\n","protected":false},"featured_media":15793,"comment_status":"open","ping_status":"closed","template":"","meta":{"_acf_changed":false,"_et_pb_use_builder":"","_et_pb_old_content":"","_et_gb_content_width":""},"product_brand":[],"product_cat":[584],"product_tag":[929],"pa_connextion-shapes":[],"class_list":{"0":"post-21771","1":"product","2":"type-product","3":"status-publish","4":"has-post-thumbnail","6":"product_cat-duralabel-printers-nl","7":"product_tag-duralabel-nl","9":"first","10":"instock","11":"taxable","12":"shipping-taxable","13":"purchasable","14":"product-type-simple"},"exclude_global_add_ons":[],"addons":[],"acf":[],"yoast_head":"<!-- This site is optimized with the Yoast SEO Premium plugin v27.0 (Yoast SEO v27.1) - https:\/\/yoast.com\/product\/yoast-seo-premium-wordpress\/ -->\n<title>DuraLabel Toro Max printer | Industri\u00eble veiligheidslabelprinter<\/title>\n<meta name=\"description\" content=\"DuraLabel Toro Max printer voor veiligheidslabels, arc flash waarschuwingen en leidingmarkering. Ideaal voor 5S en industri\u00eble veiligheid.\" \/>\n<meta name=\"robots\" content=\"index, follow, max-snippet:-1, max-image-preview:large, max-video-preview:-1\" \/>\n<link rel=\"canonical\" href=\"https:\/\/d-identify.be\/nl\/product\/duralabel-toro-max-industriele-labelprinter\/\" \/>\n<meta property=\"og:locale\" content=\"nl_NL\" \/>\n<meta property=\"og:type\" content=\"article\" \/>\n<meta property=\"og:title\" content=\"DuraLabel Toro Max \u2013 Industri\u00eble veiligheidslabelprinter\" \/>\n<meta property=\"og:description\" content=\"DuraLabel Toro Max printer voor veiligheidslabels, arc flash waarschuwingen en leidingmarkering. Ideaal voor 5S en industri\u00eble veiligheid.\" \/>\n<meta property=\"og:url\" content=\"https:\/\/d-identify.be\/nl\/product\/duralabel-toro-max-industriele-labelprinter\/\" \/>\n<meta property=\"og:site_name\" content=\"d-identify\" \/>\n<meta property=\"article:modified_time\" content=\"2026-01-21T14:30:58+00:00\" \/>\n<meta property=\"og:image\" content=\"https:\/\/d-identify.be\/wp-content\/uploads\/2022\/09\/toro-max-main.png\" \/>\n\t<meta property=\"og:image:width\" content=\"1600\" \/>\n\t<meta property=\"og:image:height\" content=\"1600\" \/>\n\t<meta property=\"og:image:type\" content=\"image\/png\" \/>\n<meta name=\"twitter:card\" content=\"summary_large_image\" \/>\n<meta name=\"twitter:label1\" content=\"Geschatte leestijd\" \/>\n\t<meta name=\"twitter:data1\" content=\"1 minuut\" \/>\n<script type=\"application\/ld+json\" class=\"yoast-schema-graph\">{\"@context\":\"https:\/\/schema.org\",\"@graph\":[{\"@type\":\"WebPage\",\"@id\":\"https:\/\/d-identify.be\/nl\/product\/duralabel-toro-max-industriele-labelprinter\/\",\"url\":\"https:\/\/d-identify.be\/nl\/product\/duralabel-toro-max-industriele-labelprinter\/\",\"name\":\"DuraLabel Toro Max printer | Industri\u00eble veiligheidslabelprinter\",\"isPartOf\":{\"@id\":\"https:\/\/d-identify.be\/nl\/#website\"},\"primaryImageOfPage\":{\"@id\":\"https:\/\/d-identify.be\/nl\/product\/duralabel-toro-max-industriele-labelprinter\/#primaryimage\"},\"image\":{\"@id\":\"https:\/\/d-identify.be\/nl\/product\/duralabel-toro-max-industriele-labelprinter\/#primaryimage\"},\"thumbnailUrl\":\"https:\/\/d-identify.be\/wp-content\/uploads\/2022\/09\/toro-max-main.png\",\"datePublished\":\"2022-09-12T12:21:11+00:00\",\"dateModified\":\"2026-01-21T14:30:58+00:00\",\"description\":\"DuraLabel Toro Max printer voor veiligheidslabels, arc flash waarschuwingen en leidingmarkering. Ideaal voor 5S en industri\u00eble veiligheid.\",\"breadcrumb\":{\"@id\":\"https:\/\/d-identify.be\/nl\/product\/duralabel-toro-max-industriele-labelprinter\/#breadcrumb\"},\"inLanguage\":\"nl-NL\",\"potentialAction\":[{\"@type\":\"ReadAction\",\"target\":[\"https:\/\/d-identify.be\/nl\/product\/duralabel-toro-max-industriele-labelprinter\/\"]}]},{\"@type\":\"ImageObject\",\"inLanguage\":\"nl-NL\",\"@id\":\"https:\/\/d-identify.be\/nl\/product\/duralabel-toro-max-industriele-labelprinter\/#primaryimage\",\"url\":\"https:\/\/d-identify.be\/wp-content\/uploads\/2022\/09\/toro-max-main.png\",\"contentUrl\":\"https:\/\/d-identify.be\/wp-content\/uploads\/2022\/09\/toro-max-main.png\",\"width\":1600,\"height\":1600,\"caption\":\"DuraLabel Toro Max printer | Industri\u00eble veiligheidslabelprinter\"},{\"@type\":\"BreadcrumbList\",\"@id\":\"https:\/\/d-identify.be\/nl\/product\/duralabel-toro-max-industriele-labelprinter\/#breadcrumb\",\"itemListElement\":[{\"@type\":\"ListItem\",\"position\":1,\"name\":\"Home\",\"item\":\"https:\/\/d-identify.be\/nl\/\"},{\"@type\":\"ListItem\",\"position\":2,\"name\":\"Winkel\",\"item\":\"https:\/\/d-identify.be\/nl\/winkel\/\"},{\"@type\":\"ListItem\",\"position\":3,\"name\":\"DuraLabel Toro Max \u2013 Industri\u00eble veiligheidslabelprinter\"}]},{\"@type\":\"WebSite\",\"@id\":\"https:\/\/d-identify.be\/nl\/#website\",\"url\":\"https:\/\/d-identify.be\/nl\/\",\"name\":\"d-identify\",\"description\":\"Industrial identification - Lockout - Tagout - Floor marking\",\"potentialAction\":[{\"@type\":\"SearchAction\",\"target\":{\"@type\":\"EntryPoint\",\"urlTemplate\":\"https:\/\/d-identify.be\/nl\/?s={search_term_string}\"},\"query-input\":{\"@type\":\"PropertyValueSpecification\",\"valueRequired\":true,\"valueName\":\"search_term_string\"}}],\"inLanguage\":\"nl-NL\"}]}<\/script>\n<!-- \/ Yoast SEO Premium plugin. -->","yoast_head_json":{"title":"DuraLabel Toro Max printer | Industri\u00eble veiligheidslabelprinter","description":"DuraLabel Toro Max printer voor veiligheidslabels, arc flash waarschuwingen en leidingmarkering. Ideaal voor 5S en industri\u00eble veiligheid.","robots":{"index":"index","follow":"follow","max-snippet":"max-snippet:-1","max-image-preview":"max-image-preview:large","max-video-preview":"max-video-preview:-1"},"canonical":"https:\/\/d-identify.be\/nl\/product\/duralabel-toro-max-industriele-labelprinter\/","og_locale":"nl_NL","og_type":"article","og_title":"DuraLabel Toro Max \u2013 Industri\u00eble veiligheidslabelprinter","og_description":"DuraLabel Toro Max printer voor veiligheidslabels, arc flash waarschuwingen en leidingmarkering. Ideaal voor 5S en industri\u00eble veiligheid.","og_url":"https:\/\/d-identify.be\/nl\/product\/duralabel-toro-max-industriele-labelprinter\/","og_site_name":"d-identify","article_modified_time":"2026-01-21T14:30:58+00:00","og_image":[{"width":1600,"height":1600,"url":"https:\/\/d-identify.be\/wp-content\/uploads\/2022\/09\/toro-max-main.png","type":"image\/png"}],"twitter_card":"summary_large_image","twitter_misc":{"Geschatte leestijd":"1 minuut"},"schema":{"@context":"https:\/\/schema.org","@graph":[{"@type":"WebPage","@id":"https:\/\/d-identify.be\/nl\/product\/duralabel-toro-max-industriele-labelprinter\/","url":"https:\/\/d-identify.be\/nl\/product\/duralabel-toro-max-industriele-labelprinter\/","name":"DuraLabel Toro Max printer | Industri\u00eble veiligheidslabelprinter","isPartOf":{"@id":"https:\/\/d-identify.be\/nl\/#website"},"primaryImageOfPage":{"@id":"https:\/\/d-identify.be\/nl\/product\/duralabel-toro-max-industriele-labelprinter\/#primaryimage"},"image":{"@id":"https:\/\/d-identify.be\/nl\/product\/duralabel-toro-max-industriele-labelprinter\/#primaryimage"},"thumbnailUrl":"https:\/\/d-identify.be\/wp-content\/uploads\/2022\/09\/toro-max-main.png","datePublished":"2022-09-12T12:21:11+00:00","dateModified":"2026-01-21T14:30:58+00:00","description":"DuraLabel Toro Max printer voor veiligheidslabels, arc flash waarschuwingen en leidingmarkering. Ideaal voor 5S en industri\u00eble veiligheid.","breadcrumb":{"@id":"https:\/\/d-identify.be\/nl\/product\/duralabel-toro-max-industriele-labelprinter\/#breadcrumb"},"inLanguage":"nl-NL","potentialAction":[{"@type":"ReadAction","target":["https:\/\/d-identify.be\/nl\/product\/duralabel-toro-max-industriele-labelprinter\/"]}]},{"@type":"ImageObject","inLanguage":"nl-NL","@id":"https:\/\/d-identify.be\/nl\/product\/duralabel-toro-max-industriele-labelprinter\/#primaryimage","url":"https:\/\/d-identify.be\/wp-content\/uploads\/2022\/09\/toro-max-main.png","contentUrl":"https:\/\/d-identify.be\/wp-content\/uploads\/2022\/09\/toro-max-main.png","width":1600,"height":1600,"caption":"DuraLabel Toro Max printer | Industri\u00eble veiligheidslabelprinter"},{"@type":"BreadcrumbList","@id":"https:\/\/d-identify.be\/nl\/product\/duralabel-toro-max-industriele-labelprinter\/#breadcrumb","itemListElement":[{"@type":"ListItem","position":1,"name":"Home","item":"https:\/\/d-identify.be\/nl\/"},{"@type":"ListItem","position":2,"name":"Winkel","item":"https:\/\/d-identify.be\/nl\/winkel\/"},{"@type":"ListItem","position":3,"name":"DuraLabel Toro Max \u2013 Industri\u00eble veiligheidslabelprinter"}]},{"@type":"WebSite","@id":"https:\/\/d-identify.be\/nl\/#website","url":"https:\/\/d-identify.be\/nl\/","name":"d-identify","description":"Industrial identification - Lockout - Tagout - Floor marking","potentialAction":[{"@type":"SearchAction","target":{"@type":"EntryPoint","urlTemplate":"https:\/\/d-identify.be\/nl\/?s={search_term_string}"},"query-input":{"@type":"PropertyValueSpecification","valueRequired":true,"valueName":"search_term_string"}}],"inLanguage":"nl-NL"}]}},"_links":{"self":[{"href":"https:\/\/d-identify.be\/nl\/wp-json\/wp\/v2\/product\/21771","targetHints":{"allow":["GET"]}}],"collection":[{"href":"https:\/\/d-identify.be\/nl\/wp-json\/wp\/v2\/product"}],"about":[{"href":"https:\/\/d-identify.be\/nl\/wp-json\/wp\/v2\/types\/product"}],"replies":[{"embeddable":true,"href":"https:\/\/d-identify.be\/nl\/wp-json\/wp\/v2\/comments?post=21771"}],"wp:featuredmedia":[{"embeddable":true,"href":"https:\/\/d-identify.be\/nl\/wp-json\/wp\/v2\/media\/15793"}],"wp:attachment":[{"href":"https:\/\/d-identify.be\/nl\/wp-json\/wp\/v2\/media?parent=21771"}],"wp:term":[{"taxonomy":"product_brand","embeddable":true,"href":"https:\/\/d-identify.be\/nl\/wp-json\/wp\/v2\/product_brand?post=21771"},{"taxonomy":"product_cat","embeddable":true,"href":"https:\/\/d-identify.be\/nl\/wp-json\/wp\/v2\/product_cat?post=21771"},{"taxonomy":"product_tag","embeddable":true,"href":"https:\/\/d-identify.be\/nl\/wp-json\/wp\/v2\/product_tag?post=21771"},{"taxonomy":"pa_connextion-shapes","embeddable":true,"href":"https:\/\/d-identify.be\/nl\/wp-json\/wp\/v2\/pa_connextion-shapes?post=21771"}],"curies":[{"name":"wp","href":"https:\/\/api.w.org\/{rel}","templated":true}]}}