{"id":18859,"date":"2021-07-26T12:38:28","date_gmt":"2021-07-26T10:38:28","guid":{"rendered":"https:\/\/d-identify.be\/product\/1105-geanodiseerd-aluminium-veiligheidshangslot-38-mm-breed-met-een-beugel-van-25-mm-hoog\/"},"modified":"2024-05-26T19:20:42","modified_gmt":"2024-05-26T17:20:42","slug":"1105-geanodiseerd-aluminium-veiligheidshangslot-38-mm-breed-met-een-beugel-van-25-mm-hoog","status":"publish","type":"product","link":"https:\/\/d-identify.be\/nl\/product\/1105-geanodiseerd-aluminium-veiligheidshangslot-38-mm-breed-met-een-beugel-van-25-mm-hoog\/","title":{"rendered":"1105 Geanodiseerd aluminium veiligheidshangslot, 38 mm breed met een beugel van 25 mm hoog"},"content":{"rendered":"<h3>Het American Lock No. A1105 Aluminium Hangslot heeft een geanodiseerde aluminium behuizing van 38 mm breed. Met een 25 mm hoge, 6 mm diameter verchroomde, boronlegering beugel voor superieure snijweerstand. De geanodiseerde afwerking maakt het hangslot geschikt voor vergrendeling in voedselverwerkingsfaciliteiten. De corrosiebestendige afwerking is ideaal voor zware omgevingen.    <\/h3>\n<p><strong>KD<\/strong> &#8211; Elk slot wordt geopend met zijn eigen unieke sleutel die geen enkel ander slot in de set opent. In overeenstemming met het mantra &#8220;E\u00e9n slot, \u00e9\u00e9n werknemer, \u00e9\u00e9n sleutel&#8221; (standaardlevering). <\/p>\n<p><strong>KA<\/strong> &#8211; Alle hangsloten in de set worden geopend met dezelfde sleutel, dus slechts \u00e9\u00e9n sleutel is nodig om talloze hangsloten te openen &#8211; voor werknemers die veel sloten nodig hebben, hebben ze nog steeds maar \u00e9\u00e9n sleutel nodig.<\/p>\n<p><strong>MK <\/strong>&#8211; Een hoofdsleutel opent alle sloten binnen het systeem, terwijl elk slot ook zijn eigen unieke sleutel heeft &#8211; maakt het verantwoord verwijderen van verkeerd geplaatste of vergeten vergrendelingen mogelijk volgens uw beleid voor noodmeldingen (op maat gemaakt op bestelling leverbaar binnen 4 tot 6 weken).<\/p>\n","protected":false},"excerpt":{"rendered":"<p>Het American Lock No. A1105 Aluminium Hangslot heeft een geanodiseerde aluminium behuizing van 38 mm breed. Met een 25 mm hoge, 6 mm diameter verchroomde, boronlegering beugel voor superieure snijweerstand. De geanodiseerde afwerking maakt het hangslot geschikt voor vergrendeling in voedselverwerkingsfaciliteiten. De corrosiebestendige afwerking is ideaal voor zware omgevingen.  <\/p>\n","protected":false},"featured_media":10776,"comment_status":"open","ping_status":"closed","template":"","meta":{"_acf_changed":false,"_et_pb_use_builder":"","_et_pb_old_content":"","_et_gb_content_width":""},"product_brand":[],"product_cat":[468,627],"product_tag":[936],"pa_connextion-shapes":[],"class_list":{"0":"post-18859","1":"product","2":"type-product","3":"status-publish","4":"has-post-thumbnail","6":"product_cat-lockout-tagout","7":"product_cat-lockout-padlocks","8":"product_tag-master-lock-nl","10":"first","11":"instock","12":"taxable","13":"shipping-taxable","14":"purchasable","15":"product-type-variable","16":"has-default-attributes"},"exclude_global_add_ons":[],"addons":[],"acf":[],"yoast_head":"<!-- This site is optimized with the Yoast SEO Premium plugin v27.0 (Yoast SEO v27.1) - https:\/\/yoast.com\/product\/yoast-seo-premium-wordpress\/ -->\n<title>Veiligheidshangsloten van geanodiseerd aluminium<\/title>\n<meta name=\"description\" content=\"The American Lock No. A1105 Het aluminium hangslot heeft een geanodiseerde aluminium behuizing van 38 mm breed met een hoogte van 25 mm, een verchroomde beugel met een diameter van 6 mm, ...\" \/>\n<meta name=\"robots\" content=\"index, follow, max-snippet:-1, max-image-preview:large, max-video-preview:-1\" \/>\n<link rel=\"canonical\" href=\"https:\/\/d-identify.be\/nl\/product\/1105-geanodiseerd-aluminium-veiligheidshangslot-38-mm-breed-met-een-beugel-van-25-mm-hoog\/\" \/>\n<meta property=\"og:locale\" content=\"nl_NL\" \/>\n<meta property=\"og:type\" content=\"article\" \/>\n<meta property=\"og:title\" content=\"1105 Geanodiseerd aluminium veiligheidshangslot, 38 mm breed met een beugel van 25 mm hoog\" \/>\n<meta property=\"og:description\" content=\"The American Lock No. A1105 Het aluminium hangslot heeft een geanodiseerde aluminium behuizing van 38 mm breed met een hoogte van 25 mm, een verchroomde beugel met een diameter van 6 mm, ...\" \/>\n<meta property=\"og:url\" content=\"https:\/\/d-identify.be\/nl\/product\/1105-geanodiseerd-aluminium-veiligheidshangslot-38-mm-breed-met-een-beugel-van-25-mm-hoog\/\" \/>\n<meta property=\"og:site_name\" content=\"d-identify\" \/>\n<meta property=\"article:modified_time\" content=\"2024-05-26T17:20:42+00:00\" \/>\n<meta property=\"og:image\" content=\"https:\/\/d-identify.be\/wp-content\/uploads\/2021\/07\/MLCOM_PRODUCT_S1105RED-A1105RED.jpg\" \/>\n\t<meta property=\"og:image:width\" content=\"285\" \/>\n\t<meta property=\"og:image:height\" content=\"285\" \/>\n\t<meta property=\"og:image:type\" content=\"image\/jpeg\" \/>\n<meta name=\"twitter:card\" content=\"summary_large_image\" \/>\n<meta name=\"twitter:label1\" content=\"Geschatte leestijd\" \/>\n\t<meta name=\"twitter:data1\" content=\"1 minuut\" \/>\n<script type=\"application\/ld+json\" class=\"yoast-schema-graph\">{\"@context\":\"https:\/\/schema.org\",\"@graph\":[{\"@type\":\"WebPage\",\"@id\":\"https:\/\/d-identify.be\/nl\/product\/1105-geanodiseerd-aluminium-veiligheidshangslot-38-mm-breed-met-een-beugel-van-25-mm-hoog\/\",\"url\":\"https:\/\/d-identify.be\/nl\/product\/1105-geanodiseerd-aluminium-veiligheidshangslot-38-mm-breed-met-een-beugel-van-25-mm-hoog\/\",\"name\":\"Veiligheidshangsloten van geanodiseerd aluminium\",\"isPartOf\":{\"@id\":\"https:\/\/d-identify.be\/nl\/#website\"},\"primaryImageOfPage\":{\"@id\":\"https:\/\/d-identify.be\/nl\/product\/1105-geanodiseerd-aluminium-veiligheidshangslot-38-mm-breed-met-een-beugel-van-25-mm-hoog\/#primaryimage\"},\"image\":{\"@id\":\"https:\/\/d-identify.be\/nl\/product\/1105-geanodiseerd-aluminium-veiligheidshangslot-38-mm-breed-met-een-beugel-van-25-mm-hoog\/#primaryimage\"},\"thumbnailUrl\":\"https:\/\/d-identify.be\/wp-content\/uploads\/2021\/07\/MLCOM_PRODUCT_S1105RED-A1105RED.jpg\",\"datePublished\":\"2021-07-26T10:38:28+00:00\",\"dateModified\":\"2024-05-26T17:20:42+00:00\",\"description\":\"The American Lock No. A1105 Het aluminium hangslot heeft een geanodiseerde aluminium behuizing van 38 mm breed met een hoogte van 25 mm, een verchroomde beugel met een diameter van 6 mm, ...\",\"breadcrumb\":{\"@id\":\"https:\/\/d-identify.be\/nl\/product\/1105-geanodiseerd-aluminium-veiligheidshangslot-38-mm-breed-met-een-beugel-van-25-mm-hoog\/#breadcrumb\"},\"inLanguage\":\"nl-NL\",\"potentialAction\":[{\"@type\":\"ReadAction\",\"target\":[\"https:\/\/d-identify.be\/nl\/product\/1105-geanodiseerd-aluminium-veiligheidshangslot-38-mm-breed-met-een-beugel-van-25-mm-hoog\/\"]}]},{\"@type\":\"ImageObject\",\"inLanguage\":\"nl-NL\",\"@id\":\"https:\/\/d-identify.be\/nl\/product\/1105-geanodiseerd-aluminium-veiligheidshangslot-38-mm-breed-met-een-beugel-van-25-mm-hoog\/#primaryimage\",\"url\":\"https:\/\/d-identify.be\/wp-content\/uploads\/2021\/07\/MLCOM_PRODUCT_S1105RED-A1105RED.jpg\",\"contentUrl\":\"https:\/\/d-identify.be\/wp-content\/uploads\/2021\/07\/MLCOM_PRODUCT_S1105RED-A1105RED.jpg\",\"width\":285,\"height\":285,\"caption\":\"1105 Anodized aluminum safety padlock, 38mm wide with 25mm tall shackle\"},{\"@type\":\"BreadcrumbList\",\"@id\":\"https:\/\/d-identify.be\/nl\/product\/1105-geanodiseerd-aluminium-veiligheidshangslot-38-mm-breed-met-een-beugel-van-25-mm-hoog\/#breadcrumb\",\"itemListElement\":[{\"@type\":\"ListItem\",\"position\":1,\"name\":\"Home\",\"item\":\"https:\/\/d-identify.be\/nl\/\"},{\"@type\":\"ListItem\",\"position\":2,\"name\":\"Winkel\",\"item\":\"https:\/\/d-identify.be\/nl\/winkel\/\"},{\"@type\":\"ListItem\",\"position\":3,\"name\":\"1105 Geanodiseerd aluminium veiligheidshangslot, 38 mm breed met een beugel van 25 mm hoog\"}]},{\"@type\":\"WebSite\",\"@id\":\"https:\/\/d-identify.be\/nl\/#website\",\"url\":\"https:\/\/d-identify.be\/nl\/\",\"name\":\"d-identify\",\"description\":\"Industrial identification - Lockout - Tagout - Floor marking\",\"potentialAction\":[{\"@type\":\"SearchAction\",\"target\":{\"@type\":\"EntryPoint\",\"urlTemplate\":\"https:\/\/d-identify.be\/nl\/?s={search_term_string}\"},\"query-input\":{\"@type\":\"PropertyValueSpecification\",\"valueRequired\":true,\"valueName\":\"search_term_string\"}}],\"inLanguage\":\"nl-NL\"}]}<\/script>\n<!-- \/ Yoast SEO Premium plugin. -->","yoast_head_json":{"title":"Veiligheidshangsloten van geanodiseerd aluminium","description":"The American Lock No. A1105 Het aluminium hangslot heeft een geanodiseerde aluminium behuizing van 38 mm breed met een hoogte van 25 mm, een verchroomde beugel met een diameter van 6 mm, ...","robots":{"index":"index","follow":"follow","max-snippet":"max-snippet:-1","max-image-preview":"max-image-preview:large","max-video-preview":"max-video-preview:-1"},"canonical":"https:\/\/d-identify.be\/nl\/product\/1105-geanodiseerd-aluminium-veiligheidshangslot-38-mm-breed-met-een-beugel-van-25-mm-hoog\/","og_locale":"nl_NL","og_type":"article","og_title":"1105 Geanodiseerd aluminium veiligheidshangslot, 38 mm breed met een beugel van 25 mm hoog","og_description":"The American Lock No. A1105 Het aluminium hangslot heeft een geanodiseerde aluminium behuizing van 38 mm breed met een hoogte van 25 mm, een verchroomde beugel met een diameter van 6 mm, ...","og_url":"https:\/\/d-identify.be\/nl\/product\/1105-geanodiseerd-aluminium-veiligheidshangslot-38-mm-breed-met-een-beugel-van-25-mm-hoog\/","og_site_name":"d-identify","article_modified_time":"2024-05-26T17:20:42+00:00","og_image":[{"width":285,"height":285,"url":"https:\/\/d-identify.be\/wp-content\/uploads\/2021\/07\/MLCOM_PRODUCT_S1105RED-A1105RED.jpg","type":"image\/jpeg"}],"twitter_card":"summary_large_image","twitter_misc":{"Geschatte leestijd":"1 minuut"},"schema":{"@context":"https:\/\/schema.org","@graph":[{"@type":"WebPage","@id":"https:\/\/d-identify.be\/nl\/product\/1105-geanodiseerd-aluminium-veiligheidshangslot-38-mm-breed-met-een-beugel-van-25-mm-hoog\/","url":"https:\/\/d-identify.be\/nl\/product\/1105-geanodiseerd-aluminium-veiligheidshangslot-38-mm-breed-met-een-beugel-van-25-mm-hoog\/","name":"Veiligheidshangsloten van geanodiseerd aluminium","isPartOf":{"@id":"https:\/\/d-identify.be\/nl\/#website"},"primaryImageOfPage":{"@id":"https:\/\/d-identify.be\/nl\/product\/1105-geanodiseerd-aluminium-veiligheidshangslot-38-mm-breed-met-een-beugel-van-25-mm-hoog\/#primaryimage"},"image":{"@id":"https:\/\/d-identify.be\/nl\/product\/1105-geanodiseerd-aluminium-veiligheidshangslot-38-mm-breed-met-een-beugel-van-25-mm-hoog\/#primaryimage"},"thumbnailUrl":"https:\/\/d-identify.be\/wp-content\/uploads\/2021\/07\/MLCOM_PRODUCT_S1105RED-A1105RED.jpg","datePublished":"2021-07-26T10:38:28+00:00","dateModified":"2024-05-26T17:20:42+00:00","description":"The American Lock No. A1105 Het aluminium hangslot heeft een geanodiseerde aluminium behuizing van 38 mm breed met een hoogte van 25 mm, een verchroomde beugel met een diameter van 6 mm, ...","breadcrumb":{"@id":"https:\/\/d-identify.be\/nl\/product\/1105-geanodiseerd-aluminium-veiligheidshangslot-38-mm-breed-met-een-beugel-van-25-mm-hoog\/#breadcrumb"},"inLanguage":"nl-NL","potentialAction":[{"@type":"ReadAction","target":["https:\/\/d-identify.be\/nl\/product\/1105-geanodiseerd-aluminium-veiligheidshangslot-38-mm-breed-met-een-beugel-van-25-mm-hoog\/"]}]},{"@type":"ImageObject","inLanguage":"nl-NL","@id":"https:\/\/d-identify.be\/nl\/product\/1105-geanodiseerd-aluminium-veiligheidshangslot-38-mm-breed-met-een-beugel-van-25-mm-hoog\/#primaryimage","url":"https:\/\/d-identify.be\/wp-content\/uploads\/2021\/07\/MLCOM_PRODUCT_S1105RED-A1105RED.jpg","contentUrl":"https:\/\/d-identify.be\/wp-content\/uploads\/2021\/07\/MLCOM_PRODUCT_S1105RED-A1105RED.jpg","width":285,"height":285,"caption":"1105 Anodized aluminum safety padlock, 38mm wide with 25mm tall shackle"},{"@type":"BreadcrumbList","@id":"https:\/\/d-identify.be\/nl\/product\/1105-geanodiseerd-aluminium-veiligheidshangslot-38-mm-breed-met-een-beugel-van-25-mm-hoog\/#breadcrumb","itemListElement":[{"@type":"ListItem","position":1,"name":"Home","item":"https:\/\/d-identify.be\/nl\/"},{"@type":"ListItem","position":2,"name":"Winkel","item":"https:\/\/d-identify.be\/nl\/winkel\/"},{"@type":"ListItem","position":3,"name":"1105 Geanodiseerd aluminium veiligheidshangslot, 38 mm breed met een beugel van 25 mm hoog"}]},{"@type":"WebSite","@id":"https:\/\/d-identify.be\/nl\/#website","url":"https:\/\/d-identify.be\/nl\/","name":"d-identify","description":"Industrial identification - Lockout - Tagout - Floor marking","potentialAction":[{"@type":"SearchAction","target":{"@type":"EntryPoint","urlTemplate":"https:\/\/d-identify.be\/nl\/?s={search_term_string}"},"query-input":{"@type":"PropertyValueSpecification","valueRequired":true,"valueName":"search_term_string"}}],"inLanguage":"nl-NL"}]}},"_links":{"self":[{"href":"https:\/\/d-identify.be\/nl\/wp-json\/wp\/v2\/product\/18859","targetHints":{"allow":["GET"]}}],"collection":[{"href":"https:\/\/d-identify.be\/nl\/wp-json\/wp\/v2\/product"}],"about":[{"href":"https:\/\/d-identify.be\/nl\/wp-json\/wp\/v2\/types\/product"}],"replies":[{"embeddable":true,"href":"https:\/\/d-identify.be\/nl\/wp-json\/wp\/v2\/comments?post=18859"}],"wp:featuredmedia":[{"embeddable":true,"href":"https:\/\/d-identify.be\/nl\/wp-json\/wp\/v2\/media\/10776"}],"wp:attachment":[{"href":"https:\/\/d-identify.be\/nl\/wp-json\/wp\/v2\/media?parent=18859"}],"wp:term":[{"taxonomy":"product_brand","embeddable":true,"href":"https:\/\/d-identify.be\/nl\/wp-json\/wp\/v2\/product_brand?post=18859"},{"taxonomy":"product_cat","embeddable":true,"href":"https:\/\/d-identify.be\/nl\/wp-json\/wp\/v2\/product_cat?post=18859"},{"taxonomy":"product_tag","embeddable":true,"href":"https:\/\/d-identify.be\/nl\/wp-json\/wp\/v2\/product_tag?post=18859"},{"taxonomy":"pa_connextion-shapes","embeddable":true,"href":"https:\/\/d-identify.be\/nl\/wp-json\/wp\/v2\/pa_connextion-shapes?post=18859"}],"curies":[{"name":"wp","href":"https:\/\/api.w.org\/{rel}","templated":true}]}}