{"id":17661,"date":"2021-07-26T12:41:41","date_gmt":"2021-07-26T11:41:41","guid":{"rendered":"https:\/\/d-identify.be\/product\/kleine-gereedschapskist-met-assortiment-voor-elektrische-vergrendeling\/"},"modified":"2026-01-14T17:01:13","modified_gmt":"2026-01-14T15:01:13","slug":"master-lock-s1117es31ka-elektrische-lockout-kit","status":"publish","type":"product","link":"https:\/\/d-identify.be\/nl\/product\/master-lock-s1117es31ka-elektrische-lockout-kit\/","title":{"rendered":"Master Lock S1117ES31KA Elektrische Lockout-Tagout Kit met S31 Zenex\u2122 hangsloten"},"content":{"rendered":"<p data-start=\"484\" data-end=\"696\">De <strong data-start=\"487\" data-end=\"514\">S1117ES31KA lockout kit<\/strong> biedt een complete oplossing voor elektrische Lockout-Tagout werkzaamheden. Deze set combineert essenti\u00eble elektrische vergrendelingsmiddelen met persoonlijke veiligheidshangsloten.<\/p>\n<p data-start=\"698\" data-end=\"902\">In de kit zitten drie S31 Zenex\u2122 thermoplastische veiligheidshangsloten met gelijksluitende sleutel. Ze maken persoonlijke vergrendeling eenvoudig en zorgen voor duidelijk sleutelbeheer tijdens onderhoud.<\/p>\n<p data-start=\"904\" data-end=\"1056\">Alle onderdelen zitten samen in een stevige, draagbare toolbox. Hierdoor blijven de lockout-apparaten overzichtelijk en snel beschikbaar op de werkplek.<\/p>\n<p data-start=\"1058\" data-end=\"1231\">De set is bedoeld voor industri\u00eble elektrische isolatie. Ze helpt ervoor te zorgen dat elektrische energiebronnen correct worden vergrendeld v\u00f3\u00f3r de start van werkzaamheden.<\/p>\n<p data-start=\"1233\" data-end=\"1357\">Met de <strong data-start=\"1240\" data-end=\"1267\">S1117ES31KA lockout kit<\/strong> werken onderhoudsteams veilig, gestructureerd en volgens vaste Lockout-Tagout procedures.<\/p>\n","protected":false},"excerpt":{"rendered":"<p>De Master Lock No. S1117ES31KA Elektrische Vergrendelingsset bevat veelgebruikte elektrische vergrendelingsapparaten en 3 No. S31 Zenex\u2122 Thermoplastische hangsloten gelijksluitend opgeslagen in een draagbare gereedschapskist.<\/p>\n","protected":false},"featured_media":14008,"comment_status":"open","ping_status":"closed","template":"","meta":{"_acf_changed":false,"_et_pb_use_builder":"","_et_pb_old_content":"","_et_gb_content_width":""},"product_brand":[],"product_cat":[468,485],"product_tag":[936],"pa_connextion-shapes":[],"class_list":{"0":"post-17661","1":"product","2":"type-product","3":"status-publish","4":"has-post-thumbnail","6":"product_cat-lockout-tagout","7":"product_cat-lockout-tagout-kits","8":"product_tag-master-lock-nl","10":"first","11":"instock","12":"taxable","13":"shipping-taxable","14":"purchasable","15":"product-type-simple"},"exclude_global_add_ons":[],"addons":[],"acf":[],"yoast_head":"<!-- This site is optimized with the Yoast SEO Premium plugin v27.0 (Yoast SEO v27.1) - https:\/\/yoast.com\/product\/yoast-seo-premium-wordpress\/ -->\n<title>S1117ES31KA lockout kit | Master Lock elektrisch LOTO<\/title>\n<meta name=\"description\" content=\"S1117ES31KA lockout kit met elektrische lockout-apparaten en S31 Zenex\u2122 veiligheidshangsloten, geleverd in een draagbare toolbox.\" \/>\n<meta name=\"robots\" content=\"index, follow, max-snippet:-1, max-image-preview:large, max-video-preview:-1\" \/>\n<link rel=\"canonical\" href=\"https:\/\/d-identify.be\/nl\/product\/master-lock-s1117es31ka-elektrische-lockout-kit\/\" \/>\n<meta property=\"og:locale\" content=\"nl_NL\" \/>\n<meta property=\"og:type\" content=\"article\" \/>\n<meta property=\"og:title\" content=\"Master Lock S1117ES31KA Elektrische Lockout-Tagout Kit met S31 Zenex\u2122 hangsloten\" \/>\n<meta property=\"og:description\" content=\"S1117ES31KA lockout kit met elektrische lockout-apparaten en S31 Zenex\u2122 veiligheidshangsloten, geleverd in een draagbare toolbox.\" \/>\n<meta property=\"og:url\" content=\"https:\/\/d-identify.be\/nl\/product\/master-lock-s1117es31ka-elektrische-lockout-kit\/\" \/>\n<meta property=\"og:site_name\" content=\"d-identify\" \/>\n<meta property=\"article:modified_time\" content=\"2026-01-14T15:01:13+00:00\" \/>\n<meta property=\"og:image\" content=\"https:\/\/d-identify.be\/wp-content\/uploads\/2021\/07\/S1117ES31KA.jpg\" \/>\n\t<meta property=\"og:image:width\" content=\"273\" \/>\n\t<meta property=\"og:image:height\" content=\"273\" \/>\n\t<meta property=\"og:image:type\" content=\"image\/jpeg\" \/>\n<meta name=\"twitter:card\" content=\"summary_large_image\" \/>\n<meta name=\"twitter:label1\" content=\"Geschatte leestijd\" \/>\n\t<meta name=\"twitter:data1\" content=\"1 minuut\" \/>\n<script type=\"application\/ld+json\" class=\"yoast-schema-graph\">{\"@context\":\"https:\/\/schema.org\",\"@graph\":[{\"@type\":\"WebPage\",\"@id\":\"https:\/\/d-identify.be\/nl\/product\/master-lock-s1117es31ka-elektrische-lockout-kit\/\",\"url\":\"https:\/\/d-identify.be\/nl\/product\/master-lock-s1117es31ka-elektrische-lockout-kit\/\",\"name\":\"S1117ES31KA lockout kit | Master Lock elektrisch LOTO\",\"isPartOf\":{\"@id\":\"https:\/\/d-identify.be\/nl\/#website\"},\"primaryImageOfPage\":{\"@id\":\"https:\/\/d-identify.be\/nl\/product\/master-lock-s1117es31ka-elektrische-lockout-kit\/#primaryimage\"},\"image\":{\"@id\":\"https:\/\/d-identify.be\/nl\/product\/master-lock-s1117es31ka-elektrische-lockout-kit\/#primaryimage\"},\"thumbnailUrl\":\"https:\/\/d-identify.be\/wp-content\/uploads\/2021\/07\/S1117ES31KA.jpg\",\"datePublished\":\"2021-07-26T11:41:41+00:00\",\"dateModified\":\"2026-01-14T15:01:13+00:00\",\"description\":\"S1117ES31KA lockout kit met elektrische lockout-apparaten en S31 Zenex\u2122 veiligheidshangsloten, geleverd in een draagbare toolbox.\",\"breadcrumb\":{\"@id\":\"https:\/\/d-identify.be\/nl\/product\/master-lock-s1117es31ka-elektrische-lockout-kit\/#breadcrumb\"},\"inLanguage\":\"nl-NL\",\"potentialAction\":[{\"@type\":\"ReadAction\",\"target\":[\"https:\/\/d-identify.be\/nl\/product\/master-lock-s1117es31ka-elektrische-lockout-kit\/\"]}]},{\"@type\":\"ImageObject\",\"inLanguage\":\"nl-NL\",\"@id\":\"https:\/\/d-identify.be\/nl\/product\/master-lock-s1117es31ka-elektrische-lockout-kit\/#primaryimage\",\"url\":\"https:\/\/d-identify.be\/wp-content\/uploads\/2021\/07\/S1117ES31KA.jpg\",\"contentUrl\":\"https:\/\/d-identify.be\/wp-content\/uploads\/2021\/07\/S1117ES31KA.jpg\",\"width\":273,\"height\":273,\"caption\":\"S1117ES31KA lockout kit | Master Lock elektrisch LOTO\"},{\"@type\":\"BreadcrumbList\",\"@id\":\"https:\/\/d-identify.be\/nl\/product\/master-lock-s1117es31ka-elektrische-lockout-kit\/#breadcrumb\",\"itemListElement\":[{\"@type\":\"ListItem\",\"position\":1,\"name\":\"Home\",\"item\":\"https:\/\/d-identify.be\/nl\/\"},{\"@type\":\"ListItem\",\"position\":2,\"name\":\"Winkel\",\"item\":\"https:\/\/d-identify.be\/nl\/winkel\/\"},{\"@type\":\"ListItem\",\"position\":3,\"name\":\"Master Lock S1117ES31KA Elektrische Lockout-Tagout Kit met S31 Zenex\u2122 hangsloten\"}]},{\"@type\":\"WebSite\",\"@id\":\"https:\/\/d-identify.be\/nl\/#website\",\"url\":\"https:\/\/d-identify.be\/nl\/\",\"name\":\"d-identify\",\"description\":\"Industrial identification - Lockout - Tagout - Floor marking\",\"potentialAction\":[{\"@type\":\"SearchAction\",\"target\":{\"@type\":\"EntryPoint\",\"urlTemplate\":\"https:\/\/d-identify.be\/nl\/?s={search_term_string}\"},\"query-input\":{\"@type\":\"PropertyValueSpecification\",\"valueRequired\":true,\"valueName\":\"search_term_string\"}}],\"inLanguage\":\"nl-NL\"}]}<\/script>\n<!-- \/ Yoast SEO Premium plugin. -->","yoast_head_json":{"title":"S1117ES31KA lockout kit | Master Lock elektrisch LOTO","description":"S1117ES31KA lockout kit met elektrische lockout-apparaten en S31 Zenex\u2122 veiligheidshangsloten, geleverd in een draagbare toolbox.","robots":{"index":"index","follow":"follow","max-snippet":"max-snippet:-1","max-image-preview":"max-image-preview:large","max-video-preview":"max-video-preview:-1"},"canonical":"https:\/\/d-identify.be\/nl\/product\/master-lock-s1117es31ka-elektrische-lockout-kit\/","og_locale":"nl_NL","og_type":"article","og_title":"Master Lock S1117ES31KA Elektrische Lockout-Tagout Kit met S31 Zenex\u2122 hangsloten","og_description":"S1117ES31KA lockout kit met elektrische lockout-apparaten en S31 Zenex\u2122 veiligheidshangsloten, geleverd in een draagbare toolbox.","og_url":"https:\/\/d-identify.be\/nl\/product\/master-lock-s1117es31ka-elektrische-lockout-kit\/","og_site_name":"d-identify","article_modified_time":"2026-01-14T15:01:13+00:00","og_image":[{"width":273,"height":273,"url":"https:\/\/d-identify.be\/wp-content\/uploads\/2021\/07\/S1117ES31KA.jpg","type":"image\/jpeg"}],"twitter_card":"summary_large_image","twitter_misc":{"Geschatte leestijd":"1 minuut"},"schema":{"@context":"https:\/\/schema.org","@graph":[{"@type":"WebPage","@id":"https:\/\/d-identify.be\/nl\/product\/master-lock-s1117es31ka-elektrische-lockout-kit\/","url":"https:\/\/d-identify.be\/nl\/product\/master-lock-s1117es31ka-elektrische-lockout-kit\/","name":"S1117ES31KA lockout kit | Master Lock elektrisch LOTO","isPartOf":{"@id":"https:\/\/d-identify.be\/nl\/#website"},"primaryImageOfPage":{"@id":"https:\/\/d-identify.be\/nl\/product\/master-lock-s1117es31ka-elektrische-lockout-kit\/#primaryimage"},"image":{"@id":"https:\/\/d-identify.be\/nl\/product\/master-lock-s1117es31ka-elektrische-lockout-kit\/#primaryimage"},"thumbnailUrl":"https:\/\/d-identify.be\/wp-content\/uploads\/2021\/07\/S1117ES31KA.jpg","datePublished":"2021-07-26T11:41:41+00:00","dateModified":"2026-01-14T15:01:13+00:00","description":"S1117ES31KA lockout kit met elektrische lockout-apparaten en S31 Zenex\u2122 veiligheidshangsloten, geleverd in een draagbare toolbox.","breadcrumb":{"@id":"https:\/\/d-identify.be\/nl\/product\/master-lock-s1117es31ka-elektrische-lockout-kit\/#breadcrumb"},"inLanguage":"nl-NL","potentialAction":[{"@type":"ReadAction","target":["https:\/\/d-identify.be\/nl\/product\/master-lock-s1117es31ka-elektrische-lockout-kit\/"]}]},{"@type":"ImageObject","inLanguage":"nl-NL","@id":"https:\/\/d-identify.be\/nl\/product\/master-lock-s1117es31ka-elektrische-lockout-kit\/#primaryimage","url":"https:\/\/d-identify.be\/wp-content\/uploads\/2021\/07\/S1117ES31KA.jpg","contentUrl":"https:\/\/d-identify.be\/wp-content\/uploads\/2021\/07\/S1117ES31KA.jpg","width":273,"height":273,"caption":"S1117ES31KA lockout kit | Master Lock elektrisch LOTO"},{"@type":"BreadcrumbList","@id":"https:\/\/d-identify.be\/nl\/product\/master-lock-s1117es31ka-elektrische-lockout-kit\/#breadcrumb","itemListElement":[{"@type":"ListItem","position":1,"name":"Home","item":"https:\/\/d-identify.be\/nl\/"},{"@type":"ListItem","position":2,"name":"Winkel","item":"https:\/\/d-identify.be\/nl\/winkel\/"},{"@type":"ListItem","position":3,"name":"Master Lock S1117ES31KA Elektrische Lockout-Tagout Kit met S31 Zenex\u2122 hangsloten"}]},{"@type":"WebSite","@id":"https:\/\/d-identify.be\/nl\/#website","url":"https:\/\/d-identify.be\/nl\/","name":"d-identify","description":"Industrial identification - Lockout - Tagout - Floor marking","potentialAction":[{"@type":"SearchAction","target":{"@type":"EntryPoint","urlTemplate":"https:\/\/d-identify.be\/nl\/?s={search_term_string}"},"query-input":{"@type":"PropertyValueSpecification","valueRequired":true,"valueName":"search_term_string"}}],"inLanguage":"nl-NL"}]}},"_links":{"self":[{"href":"https:\/\/d-identify.be\/nl\/wp-json\/wp\/v2\/product\/17661","targetHints":{"allow":["GET"]}}],"collection":[{"href":"https:\/\/d-identify.be\/nl\/wp-json\/wp\/v2\/product"}],"about":[{"href":"https:\/\/d-identify.be\/nl\/wp-json\/wp\/v2\/types\/product"}],"replies":[{"embeddable":true,"href":"https:\/\/d-identify.be\/nl\/wp-json\/wp\/v2\/comments?post=17661"}],"wp:featuredmedia":[{"embeddable":true,"href":"https:\/\/d-identify.be\/nl\/wp-json\/wp\/v2\/media\/14008"}],"wp:attachment":[{"href":"https:\/\/d-identify.be\/nl\/wp-json\/wp\/v2\/media?parent=17661"}],"wp:term":[{"taxonomy":"product_brand","embeddable":true,"href":"https:\/\/d-identify.be\/nl\/wp-json\/wp\/v2\/product_brand?post=17661"},{"taxonomy":"product_cat","embeddable":true,"href":"https:\/\/d-identify.be\/nl\/wp-json\/wp\/v2\/product_cat?post=17661"},{"taxonomy":"product_tag","embeddable":true,"href":"https:\/\/d-identify.be\/nl\/wp-json\/wp\/v2\/product_tag?post=17661"},{"taxonomy":"pa_connextion-shapes","embeddable":true,"href":"https:\/\/d-identify.be\/nl\/wp-json\/wp\/v2\/pa_connextion-shapes?post=17661"}],"curies":[{"name":"wp","href":"https:\/\/api.w.org\/{rel}","templated":true}]}}