{"id":60560,"date":"2025-03-11T16:31:07","date_gmt":"2025-03-11T14:31:07","guid":{"rendered":"https:\/\/d-identify.be\/product\/marches-antiderapantes-en-prv\/"},"modified":"2025-03-11T16:31:07","modified_gmt":"2025-03-11T14:31:07","slug":"marches-antiderapantes-en-prv","status":"publish","type":"product","link":"https:\/\/d-identify.be\/fr\/produit\/marches-antiderapantes-en-prv\/","title":{"rendered":"Marches antid\u00e9rapantes en PRV<br>"},"content":{"rendered":"<p data-start=\"261\" data-end=\"549\"><strong data-start=\"261\" data-end=\"291\">Les marches antid\u00e9rapantes en plastique renforc\u00e9 de fibres de verre (PRV)<\/strong> offrent une solution durable et fiable pour am\u00e9liorer la s\u00e9curit\u00e9 des escaliers dans les environnements industriels, commerciaux et publics. Ces nez de marche antid\u00e9rapants recouvrent le bord avant de chaque marche et contribuent \u00e0 r\u00e9duire les risques de glissades et de chutes pour les employ\u00e9s, visiteurs et sous-traitants. <\/p>\n<p data-start=\"551\" data-end=\"782\">Fabriqu\u00e9es en <strong data-start=\"561\" data-end=\"602\">plastique renforc\u00e9 de fibres<\/strong> de <strong data-start=\"664\" data-end=\"685\">verre (PRV)<\/strong>, les marches sont \u00e0 la fois robustes, l\u00e9g\u00e8res et durables. Elles assurent une excellente adh\u00e9rence en int\u00e9rieur comme en ext\u00e9rieur, m\u00eame dans des conditions humides, huileuses ou sales.<\/p>\n<p data-start=\"784\" data-end=\"802\"><strong data-start=\"784\" data-end=\"800\">Caract\u00e9ristiques principales<br \/><\/strong><\/p>\n<ul data-start=\"803\" data-end=\"961\">\n<li data-start=\"803\" data-end=\"842\">\n<p data-start=\"805\" data-end=\"842\">Adapt\u00e9es \u00e0 une utilisation int\u00e9rieure et ext\u00e9rieure<\/p>\n<\/li>\n<li data-start=\"843\" data-end=\"877\">\n<p data-start=\"845\" data-end=\"877\">Fabriqu\u00e9es en PRV durable<\/p>\n<\/li>\n<li data-start=\"878\" data-end=\"908\">\n<p data-start=\"880\" data-end=\"908\">Excellentes performances antid\u00e9rapantes<\/p>\n<\/li>\n<li data-start=\"909\" data-end=\"961\">\n<p data-start=\"911\" data-end=\"961\">R\u00e9sistantes \u00e0 l\u2019eau, \u00e0 l\u2019humidit\u00e9, aux huiles et \u00e0 une utilisation intensive<\/p>\n<\/li>\n<\/ul>\n<p data-start=\"963\" data-end=\"979\"><strong data-start=\"963\" data-end=\"977\">Avantages<br \/><\/strong><\/p>\n<ul data-start=\"980\" data-end=\"1269\">\n<li data-start=\"980\" data-end=\"1036\">\n<p data-start=\"982\" data-end=\"1036\">L\u00e9g\u00e8res et robustes, jusqu\u2019\u00e0 40 % plus l\u00e9g\u00e8res que le m\u00e9tal<\/p>\n<\/li>\n<li data-start=\"1037\" data-end=\"1117\">\n<p data-start=\"1039\" data-end=\"1117\">R\u00e9sistantes aux intemp\u00e9ries et aux produits chimiques, inoxydables, non conductrices et r\u00e9sistantes aux UV<\/p>\n<\/li>\n<li data-start=\"1118\" data-end=\"1172\">\n<p data-start=\"1120\" data-end=\"1172\">Couleur durable gr\u00e2ce \u00e0 une pigmentation dans la masse<\/p>\n<\/li>\n<li data-start=\"1173\" data-end=\"1231\">\n<p data-start=\"1175\" data-end=\"1231\">Installation facile sur escaliers en b\u00e9ton, acier et bois<\/p>\n<\/li>\n<li data-start=\"1232\" data-end=\"1269\">\n<p data-start=\"1234\" data-end=\"1269\">Faible entretien et nettoyage ais\u00e9<\/p>\n<\/li>\n<\/ul>\n<p data-start=\"1271\" data-end=\"1453\">Gr\u00e2ce \u00e0 leur construction robuste et \u00e0 leur excellente adh\u00e9rence, les marches antid\u00e9rapantes en plastique renforc\u00e9 de fibres de <strong data-start=\"1323\" data-end=\"1353\">verre (PRV<\/strong>) sont id\u00e9ales pour les usines, les entrep\u00f4ts, les sites industriels, les b\u00e2timents publics et les installations commerciales.<\/p>\n","protected":false},"excerpt":{"rendered":"<p data-start=\"141\" data-end=\"374\"><strong data-start=\"141\" data-end=\"171\">Les marches antid\u00e9rapantes en plastique renforc\u00e9 de fibres de verre (PRV)<\/strong> offrent une protection durable et hautement adh\u00e9rente pour les escaliers industriels et commerciaux. Robustes, l\u00e9g\u00e8res et r\u00e9sistantes aux intemp\u00e9ries, elles r\u00e9duisent les risques de glissade et s\u2019installent facilement sur des marches en b\u00e9ton, en acier ou en bois. <\/p>\n<p data-start=\"237\" data-end=\"400\" data-is-only-node=\"\" data-is-last-node=\"\">\n","protected":false},"featured_media":52549,"comment_status":"open","ping_status":"closed","template":"","meta":{"_acf_changed":false,"_et_pb_use_builder":"","_et_pb_old_content":"","_et_gb_content_width":""},"product_brand":[],"product_cat":[1238,711],"product_tag":[],"pa_connextion-shapes":[],"class_list":{"0":"post-60560","1":"product","2":"type-product","3":"status-publish","4":"has-post-thumbnail","6":"product_cat-antiderapant-securite-escaliers","7":"product_cat-ruban-marquage-sol","9":"first","10":"instock","11":"taxable","12":"shipping-taxable","13":"purchasable","14":"product-type-variable","15":"has-default-attributes"},"exclude_global_add_ons":[],"addons":[],"acf":[],"yoast_head":"<!-- This site is optimized with the Yoast SEO Premium plugin v27.0 (Yoast SEO v27.1) - https:\/\/yoast.com\/product\/yoast-seo-premium-wordpress\/ -->\n<title>Marches antid\u00e9rapantes PRV \u2013 s\u00e9curit\u00e9 durable des escaliers<\/title>\n<meta name=\"description\" content=\"Marches antid\u00e9rapantes en PRV pour une protection durable et s\u00e9curis\u00e9e des escaliers. L\u00e9g\u00e8res, robustes et id\u00e9ales pour un usage industriel et commercial.\" \/>\n<meta name=\"robots\" content=\"index, follow, max-snippet:-1, max-image-preview:large, max-video-preview:-1\" \/>\n<link rel=\"canonical\" href=\"https:\/\/d-identify.be\/fr\/produit\/marches-antiderapantes-en-prv\/\" \/>\n<meta property=\"og:locale\" content=\"fr_FR\" \/>\n<meta property=\"og:type\" content=\"article\" \/>\n<meta property=\"og:title\" content=\"Marches antid\u00e9rapantes en PRV\" \/>\n<meta property=\"og:description\" content=\"Marches antid\u00e9rapantes en PRV pour une protection durable et s\u00e9curis\u00e9e des escaliers. L\u00e9g\u00e8res, robustes et id\u00e9ales pour un usage industriel et commercial.\" \/>\n<meta property=\"og:url\" content=\"https:\/\/d-identify.be\/fr\/produit\/marches-antiderapantes-en-prv\/\" \/>\n<meta property=\"og:site_name\" content=\"d-identify\" \/>\n<meta property=\"og:image\" content=\"https:\/\/d-identify.be\/wp-content\/uploads\/2025\/03\/frp_anti_skid_stair_treds_green-_yellow_480173-scaled.jpg\" \/>\n\t<meta property=\"og:image:width\" content=\"2560\" \/>\n\t<meta property=\"og:image:height\" content=\"2560\" \/>\n\t<meta property=\"og:image:type\" content=\"image\/jpeg\" \/>\n<meta name=\"twitter:card\" content=\"summary_large_image\" \/>\n<meta name=\"twitter:label1\" content=\"Dur\u00e9e de lecture estim\u00e9e\" \/>\n\t<meta name=\"twitter:data1\" content=\"1 minute\" \/>\n<script type=\"application\/ld+json\" class=\"yoast-schema-graph\">{\"@context\":\"https:\/\/schema.org\",\"@graph\":[{\"@type\":\"WebPage\",\"@id\":\"https:\/\/d-identify.be\/fr\/produit\/marches-antiderapantes-en-prv\/\",\"url\":\"https:\/\/d-identify.be\/fr\/produit\/marches-antiderapantes-en-prv\/\",\"name\":\"Marches antid\u00e9rapantes PRV \u2013 s\u00e9curit\u00e9 durable des escaliers\",\"isPartOf\":{\"@id\":\"https:\/\/d-identify.be\/fr\/#website\"},\"primaryImageOfPage\":{\"@id\":\"https:\/\/d-identify.be\/fr\/produit\/marches-antiderapantes-en-prv\/#primaryimage\"},\"image\":{\"@id\":\"https:\/\/d-identify.be\/fr\/produit\/marches-antiderapantes-en-prv\/#primaryimage\"},\"thumbnailUrl\":\"https:\/\/d-identify.be\/wp-content\/uploads\/2025\/03\/frp_anti_skid_stair_treds_green-_yellow_480173-scaled.jpg\",\"datePublished\":\"2025-03-11T14:31:07+00:00\",\"description\":\"Marches antid\u00e9rapantes en PRV pour une protection durable et s\u00e9curis\u00e9e des escaliers. L\u00e9g\u00e8res, robustes et id\u00e9ales pour un usage industriel et commercial.\",\"breadcrumb\":{\"@id\":\"https:\/\/d-identify.be\/fr\/produit\/marches-antiderapantes-en-prv\/#breadcrumb\"},\"inLanguage\":\"fr-FR\",\"potentialAction\":[{\"@type\":\"ReadAction\",\"target\":[\"https:\/\/d-identify.be\/fr\/produit\/marches-antiderapantes-en-prv\/\"]}]},{\"@type\":\"ImageObject\",\"inLanguage\":\"fr-FR\",\"@id\":\"https:\/\/d-identify.be\/fr\/produit\/marches-antiderapantes-en-prv\/#primaryimage\",\"url\":\"https:\/\/d-identify.be\/wp-content\/uploads\/2025\/03\/frp_anti_skid_stair_treds_green-_yellow_480173-scaled.jpg\",\"contentUrl\":\"https:\/\/d-identify.be\/wp-content\/uploads\/2025\/03\/frp_anti_skid_stair_treds_green-_yellow_480173-scaled.jpg\",\"width\":2560,\"height\":2560,\"caption\":\"Marches antid\u00e9rapantes PRV\"},{\"@type\":\"BreadcrumbList\",\"@id\":\"https:\/\/d-identify.be\/fr\/produit\/marches-antiderapantes-en-prv\/#breadcrumb\",\"itemListElement\":[{\"@type\":\"ListItem\",\"position\":1,\"name\":\"Home\",\"item\":\"https:\/\/d-identify.be\/fr\/home-2\/\"},{\"@type\":\"ListItem\",\"position\":2,\"name\":\"Boutique\",\"item\":\"https:\/\/d-identify.be\/fr\/boutique\/\"},{\"@type\":\"ListItem\",\"position\":3,\"name\":\"Marches antid\u00e9rapantes en PRV\"}]},{\"@type\":\"WebSite\",\"@id\":\"https:\/\/d-identify.be\/fr\/#website\",\"url\":\"https:\/\/d-identify.be\/fr\/\",\"name\":\"d-identify\",\"description\":\"Industrial identification - Lockout - Tagout - Floor marking\",\"potentialAction\":[{\"@type\":\"SearchAction\",\"target\":{\"@type\":\"EntryPoint\",\"urlTemplate\":\"https:\/\/d-identify.be\/fr\/?s={search_term_string}\"},\"query-input\":{\"@type\":\"PropertyValueSpecification\",\"valueRequired\":true,\"valueName\":\"search_term_string\"}}],\"inLanguage\":\"fr-FR\"}]}<\/script>\n<!-- \/ Yoast SEO Premium plugin. -->","yoast_head_json":{"title":"Marches antid\u00e9rapantes PRV \u2013 s\u00e9curit\u00e9 durable des escaliers","description":"Marches antid\u00e9rapantes en PRV pour une protection durable et s\u00e9curis\u00e9e des escaliers. L\u00e9g\u00e8res, robustes et id\u00e9ales pour un usage industriel et commercial.","robots":{"index":"index","follow":"follow","max-snippet":"max-snippet:-1","max-image-preview":"max-image-preview:large","max-video-preview":"max-video-preview:-1"},"canonical":"https:\/\/d-identify.be\/fr\/produit\/marches-antiderapantes-en-prv\/","og_locale":"fr_FR","og_type":"article","og_title":"Marches antid\u00e9rapantes en PRV","og_description":"Marches antid\u00e9rapantes en PRV pour une protection durable et s\u00e9curis\u00e9e des escaliers. L\u00e9g\u00e8res, robustes et id\u00e9ales pour un usage industriel et commercial.","og_url":"https:\/\/d-identify.be\/fr\/produit\/marches-antiderapantes-en-prv\/","og_site_name":"d-identify","og_image":[{"width":2560,"height":2560,"url":"https:\/\/d-identify.be\/wp-content\/uploads\/2025\/03\/frp_anti_skid_stair_treds_green-_yellow_480173-scaled.jpg","type":"image\/jpeg"}],"twitter_card":"summary_large_image","twitter_misc":{"Dur\u00e9e de lecture estim\u00e9e":"1 minute"},"schema":{"@context":"https:\/\/schema.org","@graph":[{"@type":"WebPage","@id":"https:\/\/d-identify.be\/fr\/produit\/marches-antiderapantes-en-prv\/","url":"https:\/\/d-identify.be\/fr\/produit\/marches-antiderapantes-en-prv\/","name":"Marches antid\u00e9rapantes PRV \u2013 s\u00e9curit\u00e9 durable des escaliers","isPartOf":{"@id":"https:\/\/d-identify.be\/fr\/#website"},"primaryImageOfPage":{"@id":"https:\/\/d-identify.be\/fr\/produit\/marches-antiderapantes-en-prv\/#primaryimage"},"image":{"@id":"https:\/\/d-identify.be\/fr\/produit\/marches-antiderapantes-en-prv\/#primaryimage"},"thumbnailUrl":"https:\/\/d-identify.be\/wp-content\/uploads\/2025\/03\/frp_anti_skid_stair_treds_green-_yellow_480173-scaled.jpg","datePublished":"2025-03-11T14:31:07+00:00","description":"Marches antid\u00e9rapantes en PRV pour une protection durable et s\u00e9curis\u00e9e des escaliers. L\u00e9g\u00e8res, robustes et id\u00e9ales pour un usage industriel et commercial.","breadcrumb":{"@id":"https:\/\/d-identify.be\/fr\/produit\/marches-antiderapantes-en-prv\/#breadcrumb"},"inLanguage":"fr-FR","potentialAction":[{"@type":"ReadAction","target":["https:\/\/d-identify.be\/fr\/produit\/marches-antiderapantes-en-prv\/"]}]},{"@type":"ImageObject","inLanguage":"fr-FR","@id":"https:\/\/d-identify.be\/fr\/produit\/marches-antiderapantes-en-prv\/#primaryimage","url":"https:\/\/d-identify.be\/wp-content\/uploads\/2025\/03\/frp_anti_skid_stair_treds_green-_yellow_480173-scaled.jpg","contentUrl":"https:\/\/d-identify.be\/wp-content\/uploads\/2025\/03\/frp_anti_skid_stair_treds_green-_yellow_480173-scaled.jpg","width":2560,"height":2560,"caption":"Marches antid\u00e9rapantes PRV"},{"@type":"BreadcrumbList","@id":"https:\/\/d-identify.be\/fr\/produit\/marches-antiderapantes-en-prv\/#breadcrumb","itemListElement":[{"@type":"ListItem","position":1,"name":"Home","item":"https:\/\/d-identify.be\/fr\/home-2\/"},{"@type":"ListItem","position":2,"name":"Boutique","item":"https:\/\/d-identify.be\/fr\/boutique\/"},{"@type":"ListItem","position":3,"name":"Marches antid\u00e9rapantes en PRV"}]},{"@type":"WebSite","@id":"https:\/\/d-identify.be\/fr\/#website","url":"https:\/\/d-identify.be\/fr\/","name":"d-identify","description":"Industrial identification - Lockout - Tagout - Floor marking","potentialAction":[{"@type":"SearchAction","target":{"@type":"EntryPoint","urlTemplate":"https:\/\/d-identify.be\/fr\/?s={search_term_string}"},"query-input":{"@type":"PropertyValueSpecification","valueRequired":true,"valueName":"search_term_string"}}],"inLanguage":"fr-FR"}]}},"_links":{"self":[{"href":"https:\/\/d-identify.be\/fr\/wp-json\/wp\/v2\/product\/60560","targetHints":{"allow":["GET"]}}],"collection":[{"href":"https:\/\/d-identify.be\/fr\/wp-json\/wp\/v2\/product"}],"about":[{"href":"https:\/\/d-identify.be\/fr\/wp-json\/wp\/v2\/types\/product"}],"replies":[{"embeddable":true,"href":"https:\/\/d-identify.be\/fr\/wp-json\/wp\/v2\/comments?post=60560"}],"wp:featuredmedia":[{"embeddable":true,"href":"https:\/\/d-identify.be\/fr\/wp-json\/wp\/v2\/media\/52549"}],"wp:attachment":[{"href":"https:\/\/d-identify.be\/fr\/wp-json\/wp\/v2\/media?parent=60560"}],"wp:term":[{"taxonomy":"product_brand","embeddable":true,"href":"https:\/\/d-identify.be\/fr\/wp-json\/wp\/v2\/product_brand?post=60560"},{"taxonomy":"product_cat","embeddable":true,"href":"https:\/\/d-identify.be\/fr\/wp-json\/wp\/v2\/product_cat?post=60560"},{"taxonomy":"product_tag","embeddable":true,"href":"https:\/\/d-identify.be\/fr\/wp-json\/wp\/v2\/product_tag?post=60560"},{"taxonomy":"pa_connextion-shapes","embeddable":true,"href":"https:\/\/d-identify.be\/fr\/wp-json\/wp\/v2\/pa_connextion-shapes?post=60560"}],"curies":[{"name":"wp","href":"https:\/\/api.w.org\/{rel}","templated":true}]}}