{"id":59755,"date":"2025-01-06T17:13:26","date_gmt":"2025-01-06T15:13:26","guid":{"rendered":"https:\/\/d-identify.be\/product\/ruban-de-transfert-thermique-pour-etiquettes-de-cables-en-pur-et-en-polyolefine\/"},"modified":"2025-01-06T17:13:26","modified_gmt":"2025-01-06T15:13:26","slug":"ruban-de-transfert-thermique-pour-etiquettes-de-cables-en-pur-et-en-polyolefine","status":"publish","type":"product","link":"https:\/\/d-identify.be\/fr\/produit\/ruban-de-transfert-thermique-pour-etiquettes-de-cables-en-pur-et-en-polyolefine\/","title":{"rendered":"Ruban de transfert thermique pour \u00e9tiquettes de c\u00e2bles en PUR et en polyol\u00e9fine"},"content":{"rendered":"<p data-start=\"521\" data-end=\"817\">Notre ruban de transfert thermique est con\u00e7u pour l\u2019identification exigeante de c\u00e2bles et de fils. Il offre une impression nette sur les <strong data-start=\"624\" data-end=\"657\">\u00e9tiquettes de c\u00e2bles en PUR<\/strong> et en polyol\u00e9fine, ainsi que sur les <strong data-start=\"669\" data-end=\"706\">gaines MIL-spec<\/strong> et sans halog\u00e8ne. Le ruban adh\u00e8re fermement au support et garantit une tenue d\u2019impression conforme aux <strong data-start=\"766\" data-end=\"790\">exigences SAE<\/strong>, m\u00eame dans les environnements les plus extr\u00eames.  <\/p>\n<p data-start=\"819\" data-end=\"1022\">Il r\u00e9siste aux solvants, \u00e0 l\u2019abrasion, \u00e0 la chaleur et aux conditions ext\u00e9rieures. Contrairement aux rubans standards, il offre une impression plus nette et une durabilit\u00e9 sup\u00e9rieure. Vos identifiants de c\u00e2bles restent clairs et parfaitement lisibles, m\u00eame apr\u00e8s plusieurs ann\u00e9es d\u2019utilisation.  <\/p>\n<p data-start=\"1024\" data-end=\"1253\">Choisissez ce ruban de transfert thermique lorsque vous recherchez conformit\u00e9, fiabilit\u00e9 et performances durables. Il convient parfaitement aux applications dans les secteurs de l\u2019\u00e9nergie, de l\u2019offshore, de l\u2019a\u00e9ronautique et de la d\u00e9fense. Associez-le \u00e0 nos imprimantes et mat\u00e9riaux pour une solution compl\u00e8te et certifi\u00e9e.  <\/p>\n<p>&nbsp;<\/p>\n","protected":false},"excerpt":{"rendered":"<p>Ce ruban de transfert thermique sp\u00e9cialis\u00e9 est con\u00e7u pour l\u2019impression sur des <a href=\"https:\/\/d-identify.be\/fr\/categories-de-produits\/etiquettes-et-rubans-fr\/marquage-de-cables\/identification-de-cable-pur\/\">\u00e9tiquettes de c\u00e2bles en PUR et en polyol\u00e9fine<\/a>, ainsi que sur <a href=\"https:\/\/d-identify.be\/fr\/categories-de-produits\/etiquettes-et-rubans-fr\/marquage-de-cables\/gaines-thermoretractables-imprimables\/\">des gaines MIL-spec et sans halog\u00e8ne<\/a>. Il garantit une tenue d\u2019impression conforme aux exigences SAE dans des conditions industrielles s\u00e9v\u00e8res, offrant un marquage net et durable r\u00e9sistant \u00e0 l\u2019abrasion, \u00e0 la chaleur et aux produits chimiques. <\/p>\n<p><strong>Principales fonctionnalit\u00e9s<\/strong><\/p>\n","protected":false},"featured_media":59645,"comment_status":"open","ping_status":"closed","template":"","meta":{"_acf_changed":false,"_et_pb_use_builder":"","_et_pb_old_content":"","_et_gb_content_width":""},"product_brand":[],"product_cat":[720,667,676],"product_tag":[963],"pa_connextion-shapes":[],"class_list":{"0":"post-59755","1":"product","2":"type-product","3":"status-publish","4":"has-post-thumbnail","6":"product_cat-rubans-de-transfert-thermique","7":"product_cat-identification-de-cable-pur","8":"product_cat-gaines-thermoretractables-imprimables","9":"product_tag-d-identify-fr","11":"first","12":"instock","13":"taxable","14":"shipping-taxable","15":"purchasable","16":"product-type-simple"},"exclude_global_add_ons":[],"addons":[],"acf":[],"yoast_head":"<!-- This site is optimized with the Yoast SEO Premium plugin v27.0 (Yoast SEO v27.1) - https:\/\/yoast.com\/product\/yoast-seo-premium-wordpress\/ -->\n<title>Ruban de transfert thermique pour \u00e9tiquettes en PUR et en polyol\u00e9fine<\/title>\n<meta name=\"description\" content=\"ban de transfert thermique pour \u00e9tiquettes en PUR et en polyol\u00e9fine.Il offre une tenue d\u2019impression conforme aux exigences SAE et r\u00e9siste \u00e0 la chaleur, aux produits chimiques et \u00e0 l\u2019abrasion, m\u00eame dans des conditions difficiles.\" \/>\n<meta name=\"robots\" content=\"index, follow, max-snippet:-1, max-image-preview:large, max-video-preview:-1\" \/>\n<link rel=\"canonical\" href=\"https:\/\/d-identify.be\/fr\/produit\/ruban-de-transfert-thermique-pour-etiquettes-de-cables-en-pur-et-en-polyolefine\/\" \/>\n<meta property=\"og:locale\" content=\"fr_FR\" \/>\n<meta property=\"og:type\" content=\"article\" \/>\n<meta property=\"og:title\" content=\"Ruban de transfert thermique pour \u00e9tiquettes de c\u00e2bles en PUR et en polyol\u00e9fine\" \/>\n<meta property=\"og:description\" content=\"ban de transfert thermique pour \u00e9tiquettes en PUR et en polyol\u00e9fine.Il offre une tenue d\u2019impression conforme aux exigences SAE et r\u00e9siste \u00e0 la chaleur, aux produits chimiques et \u00e0 l\u2019abrasion, m\u00eame dans des conditions difficiles.\" \/>\n<meta property=\"og:url\" content=\"https:\/\/d-identify.be\/fr\/produit\/ruban-de-transfert-thermique-pour-etiquettes-de-cables-en-pur-et-en-polyolefine\/\" \/>\n<meta property=\"og:site_name\" content=\"d-identify\" \/>\n<meta property=\"og:image\" content=\"https:\/\/d-identify.be\/wp-content\/uploads\/2025\/01\/TASL-R-110x300-BK.jpg\" \/>\n\t<meta property=\"og:image:width\" content=\"480\" \/>\n\t<meta property=\"og:image:height\" content=\"480\" \/>\n\t<meta property=\"og:image:type\" content=\"image\/jpeg\" \/>\n<meta name=\"twitter:card\" content=\"summary_large_image\" \/>\n<meta name=\"twitter:label1\" content=\"Dur\u00e9e de lecture estim\u00e9e\" \/>\n\t<meta name=\"twitter:data1\" content=\"1 minute\" \/>\n<script type=\"application\/ld+json\" class=\"yoast-schema-graph\">{\"@context\":\"https:\/\/schema.org\",\"@graph\":[{\"@type\":\"WebPage\",\"@id\":\"https:\/\/d-identify.be\/fr\/produit\/ruban-de-transfert-thermique-pour-etiquettes-de-cables-en-pur-et-en-polyolefine\/\",\"url\":\"https:\/\/d-identify.be\/fr\/produit\/ruban-de-transfert-thermique-pour-etiquettes-de-cables-en-pur-et-en-polyolefine\/\",\"name\":\"Ruban de transfert thermique pour \u00e9tiquettes en PUR et en polyol\u00e9fine\",\"isPartOf\":{\"@id\":\"https:\/\/d-identify.be\/fr\/#website\"},\"primaryImageOfPage\":{\"@id\":\"https:\/\/d-identify.be\/fr\/produit\/ruban-de-transfert-thermique-pour-etiquettes-de-cables-en-pur-et-en-polyolefine\/#primaryimage\"},\"image\":{\"@id\":\"https:\/\/d-identify.be\/fr\/produit\/ruban-de-transfert-thermique-pour-etiquettes-de-cables-en-pur-et-en-polyolefine\/#primaryimage\"},\"thumbnailUrl\":\"https:\/\/d-identify.be\/wp-content\/uploads\/2025\/01\/TASL-R-110x300-BK.jpg\",\"datePublished\":\"2025-01-06T15:13:26+00:00\",\"description\":\"ban de transfert thermique pour \u00e9tiquettes en PUR et en polyol\u00e9fine.Il offre une tenue d\u2019impression conforme aux exigences SAE et r\u00e9siste \u00e0 la chaleur, aux produits chimiques et \u00e0 l\u2019abrasion, m\u00eame dans des conditions difficiles.\",\"breadcrumb\":{\"@id\":\"https:\/\/d-identify.be\/fr\/produit\/ruban-de-transfert-thermique-pour-etiquettes-de-cables-en-pur-et-en-polyolefine\/#breadcrumb\"},\"inLanguage\":\"fr-FR\",\"potentialAction\":[{\"@type\":\"ReadAction\",\"target\":[\"https:\/\/d-identify.be\/fr\/produit\/ruban-de-transfert-thermique-pour-etiquettes-de-cables-en-pur-et-en-polyolefine\/\"]}]},{\"@type\":\"ImageObject\",\"inLanguage\":\"fr-FR\",\"@id\":\"https:\/\/d-identify.be\/fr\/produit\/ruban-de-transfert-thermique-pour-etiquettes-de-cables-en-pur-et-en-polyolefine\/#primaryimage\",\"url\":\"https:\/\/d-identify.be\/wp-content\/uploads\/2025\/01\/TASL-R-110x300-BK.jpg\",\"contentUrl\":\"https:\/\/d-identify.be\/wp-content\/uploads\/2025\/01\/TASL-R-110x300-BK.jpg\",\"width\":480,\"height\":480,\"caption\":\"Ruban de transfert thermique pour \u00e9tiquettes de c\u00e2bles en PUR et en polyol\u00e9fine\"},{\"@type\":\"BreadcrumbList\",\"@id\":\"https:\/\/d-identify.be\/fr\/produit\/ruban-de-transfert-thermique-pour-etiquettes-de-cables-en-pur-et-en-polyolefine\/#breadcrumb\",\"itemListElement\":[{\"@type\":\"ListItem\",\"position\":1,\"name\":\"Home\",\"item\":\"https:\/\/d-identify.be\/fr\/home-2\/\"},{\"@type\":\"ListItem\",\"position\":2,\"name\":\"Boutique\",\"item\":\"https:\/\/d-identify.be\/fr\/boutique\/\"},{\"@type\":\"ListItem\",\"position\":3,\"name\":\"Ruban de transfert thermique pour \u00e9tiquettes de c\u00e2bles en PUR et en polyol\u00e9fine\"}]},{\"@type\":\"WebSite\",\"@id\":\"https:\/\/d-identify.be\/fr\/#website\",\"url\":\"https:\/\/d-identify.be\/fr\/\",\"name\":\"d-identify\",\"description\":\"Industrial identification - Lockout - Tagout - Floor marking\",\"potentialAction\":[{\"@type\":\"SearchAction\",\"target\":{\"@type\":\"EntryPoint\",\"urlTemplate\":\"https:\/\/d-identify.be\/fr\/?s={search_term_string}\"},\"query-input\":{\"@type\":\"PropertyValueSpecification\",\"valueRequired\":true,\"valueName\":\"search_term_string\"}}],\"inLanguage\":\"fr-FR\"}]}<\/script>\n<!-- \/ Yoast SEO Premium plugin. -->","yoast_head_json":{"title":"Ruban de transfert thermique pour \u00e9tiquettes en PUR et en polyol\u00e9fine","description":"ban de transfert thermique pour \u00e9tiquettes en PUR et en polyol\u00e9fine.Il offre une tenue d\u2019impression conforme aux exigences SAE et r\u00e9siste \u00e0 la chaleur, aux produits chimiques et \u00e0 l\u2019abrasion, m\u00eame dans des conditions difficiles.","robots":{"index":"index","follow":"follow","max-snippet":"max-snippet:-1","max-image-preview":"max-image-preview:large","max-video-preview":"max-video-preview:-1"},"canonical":"https:\/\/d-identify.be\/fr\/produit\/ruban-de-transfert-thermique-pour-etiquettes-de-cables-en-pur-et-en-polyolefine\/","og_locale":"fr_FR","og_type":"article","og_title":"Ruban de transfert thermique pour \u00e9tiquettes de c\u00e2bles en PUR et en polyol\u00e9fine","og_description":"ban de transfert thermique pour \u00e9tiquettes en PUR et en polyol\u00e9fine.Il offre une tenue d\u2019impression conforme aux exigences SAE et r\u00e9siste \u00e0 la chaleur, aux produits chimiques et \u00e0 l\u2019abrasion, m\u00eame dans des conditions difficiles.","og_url":"https:\/\/d-identify.be\/fr\/produit\/ruban-de-transfert-thermique-pour-etiquettes-de-cables-en-pur-et-en-polyolefine\/","og_site_name":"d-identify","og_image":[{"width":480,"height":480,"url":"https:\/\/d-identify.be\/wp-content\/uploads\/2025\/01\/TASL-R-110x300-BK.jpg","type":"image\/jpeg"}],"twitter_card":"summary_large_image","twitter_misc":{"Dur\u00e9e de lecture estim\u00e9e":"1 minute"},"schema":{"@context":"https:\/\/schema.org","@graph":[{"@type":"WebPage","@id":"https:\/\/d-identify.be\/fr\/produit\/ruban-de-transfert-thermique-pour-etiquettes-de-cables-en-pur-et-en-polyolefine\/","url":"https:\/\/d-identify.be\/fr\/produit\/ruban-de-transfert-thermique-pour-etiquettes-de-cables-en-pur-et-en-polyolefine\/","name":"Ruban de transfert thermique pour \u00e9tiquettes en PUR et en polyol\u00e9fine","isPartOf":{"@id":"https:\/\/d-identify.be\/fr\/#website"},"primaryImageOfPage":{"@id":"https:\/\/d-identify.be\/fr\/produit\/ruban-de-transfert-thermique-pour-etiquettes-de-cables-en-pur-et-en-polyolefine\/#primaryimage"},"image":{"@id":"https:\/\/d-identify.be\/fr\/produit\/ruban-de-transfert-thermique-pour-etiquettes-de-cables-en-pur-et-en-polyolefine\/#primaryimage"},"thumbnailUrl":"https:\/\/d-identify.be\/wp-content\/uploads\/2025\/01\/TASL-R-110x300-BK.jpg","datePublished":"2025-01-06T15:13:26+00:00","description":"ban de transfert thermique pour \u00e9tiquettes en PUR et en polyol\u00e9fine.Il offre une tenue d\u2019impression conforme aux exigences SAE et r\u00e9siste \u00e0 la chaleur, aux produits chimiques et \u00e0 l\u2019abrasion, m\u00eame dans des conditions difficiles.","breadcrumb":{"@id":"https:\/\/d-identify.be\/fr\/produit\/ruban-de-transfert-thermique-pour-etiquettes-de-cables-en-pur-et-en-polyolefine\/#breadcrumb"},"inLanguage":"fr-FR","potentialAction":[{"@type":"ReadAction","target":["https:\/\/d-identify.be\/fr\/produit\/ruban-de-transfert-thermique-pour-etiquettes-de-cables-en-pur-et-en-polyolefine\/"]}]},{"@type":"ImageObject","inLanguage":"fr-FR","@id":"https:\/\/d-identify.be\/fr\/produit\/ruban-de-transfert-thermique-pour-etiquettes-de-cables-en-pur-et-en-polyolefine\/#primaryimage","url":"https:\/\/d-identify.be\/wp-content\/uploads\/2025\/01\/TASL-R-110x300-BK.jpg","contentUrl":"https:\/\/d-identify.be\/wp-content\/uploads\/2025\/01\/TASL-R-110x300-BK.jpg","width":480,"height":480,"caption":"Ruban de transfert thermique pour \u00e9tiquettes de c\u00e2bles en PUR et en polyol\u00e9fine"},{"@type":"BreadcrumbList","@id":"https:\/\/d-identify.be\/fr\/produit\/ruban-de-transfert-thermique-pour-etiquettes-de-cables-en-pur-et-en-polyolefine\/#breadcrumb","itemListElement":[{"@type":"ListItem","position":1,"name":"Home","item":"https:\/\/d-identify.be\/fr\/home-2\/"},{"@type":"ListItem","position":2,"name":"Boutique","item":"https:\/\/d-identify.be\/fr\/boutique\/"},{"@type":"ListItem","position":3,"name":"Ruban de transfert thermique pour \u00e9tiquettes de c\u00e2bles en PUR et en polyol\u00e9fine"}]},{"@type":"WebSite","@id":"https:\/\/d-identify.be\/fr\/#website","url":"https:\/\/d-identify.be\/fr\/","name":"d-identify","description":"Industrial identification - Lockout - Tagout - Floor marking","potentialAction":[{"@type":"SearchAction","target":{"@type":"EntryPoint","urlTemplate":"https:\/\/d-identify.be\/fr\/?s={search_term_string}"},"query-input":{"@type":"PropertyValueSpecification","valueRequired":true,"valueName":"search_term_string"}}],"inLanguage":"fr-FR"}]}},"_links":{"self":[{"href":"https:\/\/d-identify.be\/fr\/wp-json\/wp\/v2\/product\/59755","targetHints":{"allow":["GET"]}}],"collection":[{"href":"https:\/\/d-identify.be\/fr\/wp-json\/wp\/v2\/product"}],"about":[{"href":"https:\/\/d-identify.be\/fr\/wp-json\/wp\/v2\/types\/product"}],"replies":[{"embeddable":true,"href":"https:\/\/d-identify.be\/fr\/wp-json\/wp\/v2\/comments?post=59755"}],"wp:featuredmedia":[{"embeddable":true,"href":"https:\/\/d-identify.be\/fr\/wp-json\/wp\/v2\/media\/59645"}],"wp:attachment":[{"href":"https:\/\/d-identify.be\/fr\/wp-json\/wp\/v2\/media?parent=59755"}],"wp:term":[{"taxonomy":"product_brand","embeddable":true,"href":"https:\/\/d-identify.be\/fr\/wp-json\/wp\/v2\/product_brand?post=59755"},{"taxonomy":"product_cat","embeddable":true,"href":"https:\/\/d-identify.be\/fr\/wp-json\/wp\/v2\/product_cat?post=59755"},{"taxonomy":"product_tag","embeddable":true,"href":"https:\/\/d-identify.be\/fr\/wp-json\/wp\/v2\/product_tag?post=59755"},{"taxonomy":"pa_connextion-shapes","embeddable":true,"href":"https:\/\/d-identify.be\/fr\/wp-json\/wp\/v2\/pa_connextion-shapes?post=59755"}],"curies":[{"name":"wp","href":"https:\/\/api.w.org\/{rel}","templated":true}]}}