{"id":59689,"date":"2025-11-24T15:53:16","date_gmt":"2025-11-24T13:53:16","guid":{"rendered":"https:\/\/d-identify.be\/?post_type=product&#038;p=59689"},"modified":"2026-03-05T13:20:53","modified_gmt":"2026-03-05T11:20:53","slug":"zebra-zd421-imprimante-direct-thermal","status":"publish","type":"product","link":"https:\/\/d-identify.be\/fr\/produit\/zebra-zd421-imprimante-direct-thermal\/","title":{"rendered":"Zebra ZD421 Imprimante \u00c9tiquettes Direct Thermal (300 dpi, USB, USB Host, Bluetooth BLE)"},"content":{"rendered":"<h2>Impression d\u2019\u00e9tiquettes bureau sans ruban<\/h2>\n<p>La Zebra ZD421 imprimante \u00e9tiquettes direct thermal assure une impression fiable pour les \u00e9tiquettes d\u2019exp\u00e9dition, l\u2019identification de produits et les applications logistiques. Gr\u00e2ce \u00e0 son format compact, elle s\u2019int\u00e8gre facilement dans les bureaux, entrep\u00f4ts et environnements retail.<\/p>\n<p>Une r\u00e9solution de 300 dpi produit des codes-barres nets, du texte clair et des \u00e9l\u00e9ments graphiques pr\u00e9cis. De plus, la technologie direct thermal \u00e9limine l\u2019utilisation de rubans. Ainsi, l\u2019exploitation devient plus simple et la gestion des consommables est r\u00e9duite.<\/p>\n<h2>Imprimante code-barres thermique avec connectivit\u00e9 moderne<\/h2>\n<p>Cette ZD421 imprimante code-barres thermique direct prend en charge USB, USB Host et Bluetooth Low Energy. Par cons\u00e9quent, les postes de travail et appareils mobiles peuvent se connecter rapidement dans les environnements d\u2019impression modernes.<\/p>\n<p>Les \u00e9tiquettes et codes-barres peuvent \u00eatre cr\u00e9\u00e9s avec un <a href=\"https:\/\/d-identify.be\/fr\/categories-de-produits\/logiciel-de-conception-detiquettes\/\">logiciel de conception d\u2019\u00e9tiquettes<\/a>. Ensuite, les entreprises peuvent g\u00e9n\u00e9rer des \u00e9tiquettes produits, logistiques ou d\u2019exp\u00e9dition directement depuis leurs syst\u00e8mes.<\/p>\n<h2>Performance stable pour les applications logistiques<\/h2>\n<p>L\u2019imprimante accepte des supports jusqu\u2019\u00e0 108 mm de largeur avec une largeur d\u2019impression maximale de 108 mm. En parall\u00e8le, une vitesse d\u2019impression pouvant atteindre 102 mm par seconde permet de maintenir une production d\u2019\u00e9tiquettes fluide.<\/p>\n<p>La Zebra ZD421 imprimante \u00e9tiquettes direct thermal est livr\u00e9e avec c\u00e2ble USB, alimentation et c\u00e2bles secteur EU\/UK. Enfin, les capteurs Black Mark et Gap garantissent une d\u00e9tection pr\u00e9cise des \u00e9tiquettes pendant l\u2019impression.<\/p>\n<h2>Contenu de la bo\u00eete<\/h2>\n<ul>\n<li>Zebra ZD421 imprimante direct thermal<\/li>\n<li>C\u00e2ble USB<\/li>\n<li>Alimentation<\/li>\n<li>C\u00e2bles secteur EU et UK<\/li>\n<\/ul>\n<h2>Documentation technique<\/h2>\n<p><u><a href=\"https:\/\/d-identify.be\/wp-content\/uploads\/2025\/11\/Zebra_ZD421_DataSheet_EN.pdf\" target=\"_blank\" rel=\"noopener\">T\u00e9l\u00e9charger la fiche technique (PDF)<\/a><\/u><\/p>\n","protected":false},"excerpt":{"rendered":"<p><strong>Zebra ZD421 imprimante \u00e9tiquettes direct thermal<\/strong> imprimante bureau avec r\u00e9solution 300 dpi, USB, USB Host et connectivit\u00e9 Bluetooth Low Energy.<\/p>\n<p><u><a href=\"https:\/\/d-identify.be\/wp-content\/uploads\/2025\/11\/Zebra_ZD421_DataSheet_EN.pdf\" target=\"_blank\" rel=\"noopener\">T\u00e9l\u00e9charger la fiche technique (PDF)<\/a><\/u><\/p>\n<p><strong>Caract\u00e9ristiques principales:<\/strong><\/p>\n","protected":false},"featured_media":59673,"comment_status":"open","ping_status":"closed","template":"","meta":{"_acf_changed":false,"_et_pb_use_builder":"","_et_pb_old_content":"","_et_gb_content_width":""},"product_brand":[1258],"product_cat":[595,598],"product_tag":[],"pa_connextion-shapes":[],"class_list":{"0":"post-59689","1":"product","2":"type-product","3":"status-publish","4":"has-post-thumbnail","6":"product_brand-zebra","7":"product_cat-imprimantes-industrielles","8":"product_cat-imprimantes-detiquettes-de-bureau","10":"first","11":"instock","12":"sale","13":"taxable","14":"shipping-taxable","15":"purchasable","16":"product-type-simple"},"exclude_global_add_ons":[],"addons":[],"acf":[],"yoast_head":"<!-- This site is optimized with the Yoast SEO Premium plugin v27.0 (Yoast SEO v27.1) - https:\/\/yoast.com\/product\/yoast-seo-premium-wordpress\/ -->\n<title>Imprimante \u00e0 Transfert Thermique Zebra ZD421<\/title>\n<meta name=\"description\" content=\"Zebra ZD421 imprimante \u00e9tiquettes direct thermal avec r\u00e9solution 300 dpi. Imprimante bureau avec USB, USB Host, Bluetooth BLE et horloge temps r\u00e9el.\" \/>\n<meta name=\"robots\" content=\"index, follow, max-snippet:-1, max-image-preview:large, max-video-preview:-1\" \/>\n<link rel=\"canonical\" href=\"https:\/\/d-identify.be\/fr\/produit\/zebra-zd421-imprimante-direct-thermal\/\" \/>\n<meta property=\"og:locale\" content=\"fr_FR\" \/>\n<meta property=\"og:type\" content=\"article\" \/>\n<meta property=\"og:title\" content=\"Zebra ZD421 Imprimante \u00c9tiquettes Direct Thermal (300 dpi, USB, USB Host, Bluetooth BLE)\" \/>\n<meta property=\"og:description\" content=\"Zebra ZD421 imprimante \u00e9tiquettes direct thermal avec r\u00e9solution 300 dpi. Imprimante bureau avec USB, USB Host, Bluetooth BLE et horloge temps r\u00e9el.\" \/>\n<meta property=\"og:url\" content=\"https:\/\/d-identify.be\/fr\/produit\/zebra-zd421-imprimante-direct-thermal\/\" \/>\n<meta property=\"og:site_name\" content=\"d-identify\" \/>\n<meta property=\"article:modified_time\" content=\"2026-03-05T11:20:53+00:00\" \/>\n<meta property=\"og:image\" content=\"https:\/\/d-identify.be\/wp-content\/uploads\/2025\/11\/zd400-series-right-3x2-3600-scaled.jpg\" \/>\n\t<meta property=\"og:image:width\" content=\"2560\" \/>\n\t<meta property=\"og:image:height\" content=\"1707\" \/>\n\t<meta property=\"og:image:type\" content=\"image\/jpeg\" \/>\n<meta name=\"twitter:card\" content=\"summary_large_image\" \/>\n<meta name=\"twitter:label1\" content=\"Dur\u00e9e de lecture estim\u00e9e\" \/>\n\t<meta name=\"twitter:data1\" content=\"2 minutes\" \/>\n<script type=\"application\/ld+json\" class=\"yoast-schema-graph\">{\"@context\":\"https:\/\/schema.org\",\"@graph\":[{\"@type\":\"WebPage\",\"@id\":\"https:\/\/d-identify.be\/fr\/produit\/zebra-zd421-imprimante-direct-thermal\/\",\"url\":\"https:\/\/d-identify.be\/fr\/produit\/zebra-zd421-imprimante-direct-thermal\/\",\"name\":\"Imprimante \u00e0 Transfert Thermique Zebra ZD421\",\"isPartOf\":{\"@id\":\"https:\/\/d-identify.be\/fr\/#website\"},\"primaryImageOfPage\":{\"@id\":\"https:\/\/d-identify.be\/fr\/produit\/zebra-zd421-imprimante-direct-thermal\/#primaryimage\"},\"image\":{\"@id\":\"https:\/\/d-identify.be\/fr\/produit\/zebra-zd421-imprimante-direct-thermal\/#primaryimage\"},\"thumbnailUrl\":\"https:\/\/d-identify.be\/wp-content\/uploads\/2025\/11\/zd400-series-right-3x2-3600-scaled.jpg\",\"datePublished\":\"2025-11-24T13:53:16+00:00\",\"dateModified\":\"2026-03-05T11:20:53+00:00\",\"description\":\"Zebra ZD421 imprimante \u00e9tiquettes direct thermal avec r\u00e9solution 300 dpi. Imprimante bureau avec USB, USB Host, Bluetooth BLE et horloge temps r\u00e9el.\",\"breadcrumb\":{\"@id\":\"https:\/\/d-identify.be\/fr\/produit\/zebra-zd421-imprimante-direct-thermal\/#breadcrumb\"},\"inLanguage\":\"fr-FR\",\"potentialAction\":[{\"@type\":\"ReadAction\",\"target\":[\"https:\/\/d-identify.be\/fr\/produit\/zebra-zd421-imprimante-direct-thermal\/\"]}]},{\"@type\":\"ImageObject\",\"inLanguage\":\"fr-FR\",\"@id\":\"https:\/\/d-identify.be\/fr\/produit\/zebra-zd421-imprimante-direct-thermal\/#primaryimage\",\"url\":\"https:\/\/d-identify.be\/wp-content\/uploads\/2025\/11\/zd400-series-right-3x2-3600-scaled.jpg\",\"contentUrl\":\"https:\/\/d-identify.be\/wp-content\/uploads\/2025\/11\/zd400-series-right-3x2-3600-scaled.jpg\",\"width\":2560,\"height\":1707,\"caption\":\"Zebra ZD421 Imprimante \u00c9tiquettes Wi-Fi | D-Identify\"},{\"@type\":\"BreadcrumbList\",\"@id\":\"https:\/\/d-identify.be\/fr\/produit\/zebra-zd421-imprimante-direct-thermal\/#breadcrumb\",\"itemListElement\":[{\"@type\":\"ListItem\",\"position\":1,\"name\":\"Home\",\"item\":\"https:\/\/d-identify.be\/fr\/home-2\/\"},{\"@type\":\"ListItem\",\"position\":2,\"name\":\"Boutique\",\"item\":\"https:\/\/d-identify.be\/fr\/boutique\/\"},{\"@type\":\"ListItem\",\"position\":3,\"name\":\"Zebra ZD421 Imprimante \u00c9tiquettes Direct Thermal (300 dpi, USB, USB Host, Bluetooth BLE)\"}]},{\"@type\":\"WebSite\",\"@id\":\"https:\/\/d-identify.be\/fr\/#website\",\"url\":\"https:\/\/d-identify.be\/fr\/\",\"name\":\"d-identify\",\"description\":\"Industrial identification - Lockout - Tagout - Floor marking\",\"potentialAction\":[{\"@type\":\"SearchAction\",\"target\":{\"@type\":\"EntryPoint\",\"urlTemplate\":\"https:\/\/d-identify.be\/fr\/?s={search_term_string}\"},\"query-input\":{\"@type\":\"PropertyValueSpecification\",\"valueRequired\":true,\"valueName\":\"search_term_string\"}}],\"inLanguage\":\"fr-FR\"}]}<\/script>\n<!-- \/ Yoast SEO Premium plugin. -->","yoast_head_json":{"title":"Imprimante \u00e0 Transfert Thermique Zebra ZD421","description":"Zebra ZD421 imprimante \u00e9tiquettes direct thermal avec r\u00e9solution 300 dpi. Imprimante bureau avec USB, USB Host, Bluetooth BLE et horloge temps r\u00e9el.","robots":{"index":"index","follow":"follow","max-snippet":"max-snippet:-1","max-image-preview":"max-image-preview:large","max-video-preview":"max-video-preview:-1"},"canonical":"https:\/\/d-identify.be\/fr\/produit\/zebra-zd421-imprimante-direct-thermal\/","og_locale":"fr_FR","og_type":"article","og_title":"Zebra ZD421 Imprimante \u00c9tiquettes Direct Thermal (300 dpi, USB, USB Host, Bluetooth BLE)","og_description":"Zebra ZD421 imprimante \u00e9tiquettes direct thermal avec r\u00e9solution 300 dpi. Imprimante bureau avec USB, USB Host, Bluetooth BLE et horloge temps r\u00e9el.","og_url":"https:\/\/d-identify.be\/fr\/produit\/zebra-zd421-imprimante-direct-thermal\/","og_site_name":"d-identify","article_modified_time":"2026-03-05T11:20:53+00:00","og_image":[{"width":2560,"height":1707,"url":"https:\/\/d-identify.be\/wp-content\/uploads\/2025\/11\/zd400-series-right-3x2-3600-scaled.jpg","type":"image\/jpeg"}],"twitter_card":"summary_large_image","twitter_misc":{"Dur\u00e9e de lecture estim\u00e9e":"2 minutes"},"schema":{"@context":"https:\/\/schema.org","@graph":[{"@type":"WebPage","@id":"https:\/\/d-identify.be\/fr\/produit\/zebra-zd421-imprimante-direct-thermal\/","url":"https:\/\/d-identify.be\/fr\/produit\/zebra-zd421-imprimante-direct-thermal\/","name":"Imprimante \u00e0 Transfert Thermique Zebra ZD421","isPartOf":{"@id":"https:\/\/d-identify.be\/fr\/#website"},"primaryImageOfPage":{"@id":"https:\/\/d-identify.be\/fr\/produit\/zebra-zd421-imprimante-direct-thermal\/#primaryimage"},"image":{"@id":"https:\/\/d-identify.be\/fr\/produit\/zebra-zd421-imprimante-direct-thermal\/#primaryimage"},"thumbnailUrl":"https:\/\/d-identify.be\/wp-content\/uploads\/2025\/11\/zd400-series-right-3x2-3600-scaled.jpg","datePublished":"2025-11-24T13:53:16+00:00","dateModified":"2026-03-05T11:20:53+00:00","description":"Zebra ZD421 imprimante \u00e9tiquettes direct thermal avec r\u00e9solution 300 dpi. Imprimante bureau avec USB, USB Host, Bluetooth BLE et horloge temps r\u00e9el.","breadcrumb":{"@id":"https:\/\/d-identify.be\/fr\/produit\/zebra-zd421-imprimante-direct-thermal\/#breadcrumb"},"inLanguage":"fr-FR","potentialAction":[{"@type":"ReadAction","target":["https:\/\/d-identify.be\/fr\/produit\/zebra-zd421-imprimante-direct-thermal\/"]}]},{"@type":"ImageObject","inLanguage":"fr-FR","@id":"https:\/\/d-identify.be\/fr\/produit\/zebra-zd421-imprimante-direct-thermal\/#primaryimage","url":"https:\/\/d-identify.be\/wp-content\/uploads\/2025\/11\/zd400-series-right-3x2-3600-scaled.jpg","contentUrl":"https:\/\/d-identify.be\/wp-content\/uploads\/2025\/11\/zd400-series-right-3x2-3600-scaled.jpg","width":2560,"height":1707,"caption":"Zebra ZD421 Imprimante \u00c9tiquettes Wi-Fi | D-Identify"},{"@type":"BreadcrumbList","@id":"https:\/\/d-identify.be\/fr\/produit\/zebra-zd421-imprimante-direct-thermal\/#breadcrumb","itemListElement":[{"@type":"ListItem","position":1,"name":"Home","item":"https:\/\/d-identify.be\/fr\/home-2\/"},{"@type":"ListItem","position":2,"name":"Boutique","item":"https:\/\/d-identify.be\/fr\/boutique\/"},{"@type":"ListItem","position":3,"name":"Zebra ZD421 Imprimante \u00c9tiquettes Direct Thermal (300 dpi, USB, USB Host, Bluetooth BLE)"}]},{"@type":"WebSite","@id":"https:\/\/d-identify.be\/fr\/#website","url":"https:\/\/d-identify.be\/fr\/","name":"d-identify","description":"Industrial identification - Lockout - Tagout - Floor marking","potentialAction":[{"@type":"SearchAction","target":{"@type":"EntryPoint","urlTemplate":"https:\/\/d-identify.be\/fr\/?s={search_term_string}"},"query-input":{"@type":"PropertyValueSpecification","valueRequired":true,"valueName":"search_term_string"}}],"inLanguage":"fr-FR"}]}},"_links":{"self":[{"href":"https:\/\/d-identify.be\/fr\/wp-json\/wp\/v2\/product\/59689","targetHints":{"allow":["GET"]}}],"collection":[{"href":"https:\/\/d-identify.be\/fr\/wp-json\/wp\/v2\/product"}],"about":[{"href":"https:\/\/d-identify.be\/fr\/wp-json\/wp\/v2\/types\/product"}],"replies":[{"embeddable":true,"href":"https:\/\/d-identify.be\/fr\/wp-json\/wp\/v2\/comments?post=59689"}],"wp:featuredmedia":[{"embeddable":true,"href":"https:\/\/d-identify.be\/fr\/wp-json\/wp\/v2\/media\/59673"}],"wp:attachment":[{"href":"https:\/\/d-identify.be\/fr\/wp-json\/wp\/v2\/media?parent=59689"}],"wp:term":[{"taxonomy":"product_brand","embeddable":true,"href":"https:\/\/d-identify.be\/fr\/wp-json\/wp\/v2\/product_brand?post=59689"},{"taxonomy":"product_cat","embeddable":true,"href":"https:\/\/d-identify.be\/fr\/wp-json\/wp\/v2\/product_cat?post=59689"},{"taxonomy":"product_tag","embeddable":true,"href":"https:\/\/d-identify.be\/fr\/wp-json\/wp\/v2\/product_tag?post=59689"},{"taxonomy":"pa_connextion-shapes","embeddable":true,"href":"https:\/\/d-identify.be\/fr\/wp-json\/wp\/v2\/pa_connextion-shapes?post=59689"}],"curies":[{"name":"wp","href":"https:\/\/api.w.org\/{rel}","templated":true}]}}