{"id":59382,"date":"2025-09-23T13:36:51","date_gmt":"2025-09-23T11:36:51","guid":{"rendered":"https:\/\/d-identify.be\/?post_type=product&#038;p=59382"},"modified":"2025-09-29T10:09:55","modified_gmt":"2025-09-29T08:09:55","slug":"etiquette-bouton-poussoir-a-graver-30mm-x-40mm-copy-copy-copy-copy-copy-copy-copy-copy-copy-copy","status":"publish","type":"product","link":"https:\/\/d-identify.be\/fr\/produit\/etiquette-bouton-poussoir-a-graver-30mm-x-40mm-copy-copy-copy-copy-copy-copy-copy-copy-copy-copy\/","title":{"rendered":"\u00c9tiquette plaque grav\u00e9e Phoenix \/ Siemens 27\u00d712,5 mm Blanc"},"content":{"rendered":"<p data-start=\"794\" data-end=\"1028\"><strong data-start=\"798\" data-end=\"831\">L\u2019\u00e9tiquette plaque grav\u00e9e Phoenix<\/strong> 27\u00d712,5 mm en jaune offre un aspect grav\u00e9 professionnel pour les porte-boutons-poussoirs. Elle s\u2019adapte avec une pr\u00e9cision <strong data-start=\"924\" data-end=\"969\">parfaite aux Phoenix Contact CARRIER-EMLP 22 (0828985)<\/strong> et <strong data-start=\"974\" data-end=\"1004\">Siemens 3SU1900-0AC16-0DH0<\/strong>. <\/p>\n<p data-start=\"1030\" data-end=\"1274\">Fabriqu\u00e9e en <strong data-start=\"1046\" data-end=\"1059\">polyester<\/strong> robuste avec <strong data-start=\"1067\" data-end=\"1099\">un adh\u00e9sif acrylique sur mousse<\/strong>, l\u2019\u00e9tiquette est rigide et reste solidement en place. Vous pouvez remplacer les plaques grav\u00e9es en quelques secondes et obtenir le m\u00eame r\u00e9sultat professionnel, sans co\u00fbts \u00e9lev\u00e9s ni longs d\u00e9lais de livraison. <\/p>\n<p data-start=\"1276\" data-end=\"1461\">Chaque rouleau comprend 500 \u00e9tiquettes avec un mandrin de 40 mm. Choisissez ces \u00e9tiquettes pour une solution rapide, fiable et professionnelle afin de marquer les boutons-poussoirs dans les armoires de commande et les environnements industriels. <\/p>\n","protected":false},"excerpt":{"rendered":"<p data-start=\"461\" data-end=\"761\"><strong data-start=\"469\" data-end=\"502\">\u00c9tiquette plaque grav\u00e9e durable Phoenix<\/strong> 27\u00d712,5 mm en jaune. Ajustement parfait pour Phoenix Contact CARRIER-EMLP 22 (0828985) et Siemens 3SU1900-0AC16-0DH0 porte-boutons-poussoirs. L\u2019adh\u00e9sif acrylique sur mousse offre un aspect grav\u00e9 rigide et une fixation solide. Une alternative rapide et \u00e9conomique aux plaques grav\u00e9es.   <\/p>\n<p><strong>Principales fonctionnalit\u00e9s<\/strong><\/p>\n","protected":false},"featured_media":59386,"comment_status":"open","ping_status":"closed","template":"","meta":{"_acf_changed":false,"_et_pb_use_builder":"","_et_pb_old_content":"","_et_gb_content_width":""},"product_brand":[],"product_cat":[661,673],"product_tag":[963],"pa_connextion-shapes":[],"class_list":{"0":"post-59382","1":"product","2":"type-product","3":"status-publish","4":"has-post-thumbnail","6":"product_cat-marquage-de-cables","7":"product_cat-etiquettes-resopal-plaques-gravees-de-remplacement","8":"product_tag-d-identify-fr","10":"first","11":"instock","12":"taxable","13":"shipping-taxable","14":"purchasable","15":"product-type-simple"},"exclude_global_add_ons":[],"addons":[],"acf":[],"yoast_head":"<!-- This site is optimized with the Yoast SEO Premium plugin v27.0 (Yoast SEO v27.1) - https:\/\/yoast.com\/product\/yoast-seo-premium-wordpress\/ -->\n<title>\u00c9tiquette plaque grav\u00e9e Phoenix \/ Siemens 27\u00d712,5 mm Blanc<\/title>\n<meta name=\"description\" content=\"tiquette plaque grav\u00e9e Phoenix 27\u00d712,5 mm jaune. Compatible avec Phoenix Contact 0828985 et Siemens 3SU1900-0AC16-0DH0. 500 par rouleau.\" \/>\n<meta name=\"robots\" content=\"index, follow, max-snippet:-1, max-image-preview:large, max-video-preview:-1\" \/>\n<link rel=\"canonical\" href=\"https:\/\/d-identify.be\/fr\/produit\/etiquette-bouton-poussoir-a-graver-30mm-x-40mm-copy-copy-copy-copy-copy-copy-copy-copy-copy-copy\/\" \/>\n<meta property=\"og:locale\" content=\"fr_FR\" \/>\n<meta property=\"og:type\" content=\"article\" \/>\n<meta property=\"og:title\" content=\"\u00c9tiquette plaque grav\u00e9e Phoenix \/ Siemens 27\u00d712,5 mm Blanc\" \/>\n<meta property=\"og:description\" content=\"tiquette plaque grav\u00e9e Phoenix 27\u00d712,5 mm jaune. Compatible avec Phoenix Contact 0828985 et Siemens 3SU1900-0AC16-0DH0. 500 par rouleau.\" \/>\n<meta property=\"og:url\" content=\"https:\/\/d-identify.be\/fr\/produit\/etiquette-bouton-poussoir-a-graver-30mm-x-40mm-copy-copy-copy-copy-copy-copy-copy-copy-copy-copy\/\" \/>\n<meta property=\"og:site_name\" content=\"d-identify\" \/>\n<meta property=\"article:modified_time\" content=\"2025-09-29T08:09:55+00:00\" \/>\n<meta property=\"og:image\" content=\"https:\/\/d-identify.be\/wp-content\/uploads\/2025\/09\/EPL-27x12.5-C1.5-500-WH.webp\" \/>\n\t<meta property=\"og:image:width\" content=\"1418\" \/>\n\t<meta property=\"og:image:height\" content=\"1328\" \/>\n\t<meta property=\"og:image:type\" content=\"image\/webp\" \/>\n<meta name=\"twitter:card\" content=\"summary_large_image\" \/>\n<meta name=\"twitter:label1\" content=\"Dur\u00e9e de lecture estim\u00e9e\" \/>\n\t<meta name=\"twitter:data1\" content=\"1 minute\" \/>\n<script type=\"application\/ld+json\" class=\"yoast-schema-graph\">{\"@context\":\"https:\/\/schema.org\",\"@graph\":[{\"@type\":\"WebPage\",\"@id\":\"https:\/\/d-identify.be\/fr\/produit\/etiquette-bouton-poussoir-a-graver-30mm-x-40mm-copy-copy-copy-copy-copy-copy-copy-copy-copy-copy\/\",\"url\":\"https:\/\/d-identify.be\/fr\/produit\/etiquette-bouton-poussoir-a-graver-30mm-x-40mm-copy-copy-copy-copy-copy-copy-copy-copy-copy-copy\/\",\"name\":\"\u00c9tiquette plaque grav\u00e9e Phoenix \/ Siemens 27\u00d712,5 mm Blanc\",\"isPartOf\":{\"@id\":\"https:\/\/d-identify.be\/fr\/#website\"},\"primaryImageOfPage\":{\"@id\":\"https:\/\/d-identify.be\/fr\/produit\/etiquette-bouton-poussoir-a-graver-30mm-x-40mm-copy-copy-copy-copy-copy-copy-copy-copy-copy-copy\/#primaryimage\"},\"image\":{\"@id\":\"https:\/\/d-identify.be\/fr\/produit\/etiquette-bouton-poussoir-a-graver-30mm-x-40mm-copy-copy-copy-copy-copy-copy-copy-copy-copy-copy\/#primaryimage\"},\"thumbnailUrl\":\"https:\/\/d-identify.be\/wp-content\/uploads\/2025\/09\/EPL-27x12.5-C1.5-500-WH.webp\",\"datePublished\":\"2025-09-23T11:36:51+00:00\",\"dateModified\":\"2025-09-29T08:09:55+00:00\",\"description\":\"tiquette plaque grav\u00e9e Phoenix 27\u00d712,5 mm jaune. Compatible avec Phoenix Contact 0828985 et Siemens 3SU1900-0AC16-0DH0. 500 par rouleau.\",\"breadcrumb\":{\"@id\":\"https:\/\/d-identify.be\/fr\/produit\/etiquette-bouton-poussoir-a-graver-30mm-x-40mm-copy-copy-copy-copy-copy-copy-copy-copy-copy-copy\/#breadcrumb\"},\"inLanguage\":\"fr-FR\",\"potentialAction\":[{\"@type\":\"ReadAction\",\"target\":[\"https:\/\/d-identify.be\/fr\/produit\/etiquette-bouton-poussoir-a-graver-30mm-x-40mm-copy-copy-copy-copy-copy-copy-copy-copy-copy-copy\/\"]}]},{\"@type\":\"ImageObject\",\"inLanguage\":\"fr-FR\",\"@id\":\"https:\/\/d-identify.be\/fr\/produit\/etiquette-bouton-poussoir-a-graver-30mm-x-40mm-copy-copy-copy-copy-copy-copy-copy-copy-copy-copy\/#primaryimage\",\"url\":\"https:\/\/d-identify.be\/wp-content\/uploads\/2025\/09\/EPL-27x12.5-C1.5-500-WH.webp\",\"contentUrl\":\"https:\/\/d-identify.be\/wp-content\/uploads\/2025\/09\/EPL-27x12.5-C1.5-500-WH.webp\",\"width\":1418,\"height\":1328,\"caption\":\"\u00c9tiquette plaque grav\u00e9e Phoenix \/ Siemens 27\u00d712,5 mm Blanc\"},{\"@type\":\"BreadcrumbList\",\"@id\":\"https:\/\/d-identify.be\/fr\/produit\/etiquette-bouton-poussoir-a-graver-30mm-x-40mm-copy-copy-copy-copy-copy-copy-copy-copy-copy-copy\/#breadcrumb\",\"itemListElement\":[{\"@type\":\"ListItem\",\"position\":1,\"name\":\"Home\",\"item\":\"https:\/\/d-identify.be\/fr\/home-2\/\"},{\"@type\":\"ListItem\",\"position\":2,\"name\":\"Boutique\",\"item\":\"https:\/\/d-identify.be\/fr\/boutique\/\"},{\"@type\":\"ListItem\",\"position\":3,\"name\":\"\u00c9tiquette plaque grav\u00e9e Phoenix \/ Siemens 27\u00d712,5 mm Blanc\"}]},{\"@type\":\"WebSite\",\"@id\":\"https:\/\/d-identify.be\/fr\/#website\",\"url\":\"https:\/\/d-identify.be\/fr\/\",\"name\":\"d-identify\",\"description\":\"Industrial identification - Lockout - Tagout - Floor marking\",\"potentialAction\":[{\"@type\":\"SearchAction\",\"target\":{\"@type\":\"EntryPoint\",\"urlTemplate\":\"https:\/\/d-identify.be\/fr\/?s={search_term_string}\"},\"query-input\":{\"@type\":\"PropertyValueSpecification\",\"valueRequired\":true,\"valueName\":\"search_term_string\"}}],\"inLanguage\":\"fr-FR\"}]}<\/script>\n<!-- \/ Yoast SEO Premium plugin. -->","yoast_head_json":{"title":"\u00c9tiquette plaque grav\u00e9e Phoenix \/ Siemens 27\u00d712,5 mm Blanc","description":"tiquette plaque grav\u00e9e Phoenix 27\u00d712,5 mm jaune. Compatible avec Phoenix Contact 0828985 et Siemens 3SU1900-0AC16-0DH0. 500 par rouleau.","robots":{"index":"index","follow":"follow","max-snippet":"max-snippet:-1","max-image-preview":"max-image-preview:large","max-video-preview":"max-video-preview:-1"},"canonical":"https:\/\/d-identify.be\/fr\/produit\/etiquette-bouton-poussoir-a-graver-30mm-x-40mm-copy-copy-copy-copy-copy-copy-copy-copy-copy-copy\/","og_locale":"fr_FR","og_type":"article","og_title":"\u00c9tiquette plaque grav\u00e9e Phoenix \/ Siemens 27\u00d712,5 mm Blanc","og_description":"tiquette plaque grav\u00e9e Phoenix 27\u00d712,5 mm jaune. Compatible avec Phoenix Contact 0828985 et Siemens 3SU1900-0AC16-0DH0. 500 par rouleau.","og_url":"https:\/\/d-identify.be\/fr\/produit\/etiquette-bouton-poussoir-a-graver-30mm-x-40mm-copy-copy-copy-copy-copy-copy-copy-copy-copy-copy\/","og_site_name":"d-identify","article_modified_time":"2025-09-29T08:09:55+00:00","og_image":[{"width":1418,"height":1328,"url":"https:\/\/d-identify.be\/wp-content\/uploads\/2025\/09\/EPL-27x12.5-C1.5-500-WH.webp","type":"image\/webp"}],"twitter_card":"summary_large_image","twitter_misc":{"Dur\u00e9e de lecture estim\u00e9e":"1 minute"},"schema":{"@context":"https:\/\/schema.org","@graph":[{"@type":"WebPage","@id":"https:\/\/d-identify.be\/fr\/produit\/etiquette-bouton-poussoir-a-graver-30mm-x-40mm-copy-copy-copy-copy-copy-copy-copy-copy-copy-copy\/","url":"https:\/\/d-identify.be\/fr\/produit\/etiquette-bouton-poussoir-a-graver-30mm-x-40mm-copy-copy-copy-copy-copy-copy-copy-copy-copy-copy\/","name":"\u00c9tiquette plaque grav\u00e9e Phoenix \/ Siemens 27\u00d712,5 mm Blanc","isPartOf":{"@id":"https:\/\/d-identify.be\/fr\/#website"},"primaryImageOfPage":{"@id":"https:\/\/d-identify.be\/fr\/produit\/etiquette-bouton-poussoir-a-graver-30mm-x-40mm-copy-copy-copy-copy-copy-copy-copy-copy-copy-copy\/#primaryimage"},"image":{"@id":"https:\/\/d-identify.be\/fr\/produit\/etiquette-bouton-poussoir-a-graver-30mm-x-40mm-copy-copy-copy-copy-copy-copy-copy-copy-copy-copy\/#primaryimage"},"thumbnailUrl":"https:\/\/d-identify.be\/wp-content\/uploads\/2025\/09\/EPL-27x12.5-C1.5-500-WH.webp","datePublished":"2025-09-23T11:36:51+00:00","dateModified":"2025-09-29T08:09:55+00:00","description":"tiquette plaque grav\u00e9e Phoenix 27\u00d712,5 mm jaune. Compatible avec Phoenix Contact 0828985 et Siemens 3SU1900-0AC16-0DH0. 500 par rouleau.","breadcrumb":{"@id":"https:\/\/d-identify.be\/fr\/produit\/etiquette-bouton-poussoir-a-graver-30mm-x-40mm-copy-copy-copy-copy-copy-copy-copy-copy-copy-copy\/#breadcrumb"},"inLanguage":"fr-FR","potentialAction":[{"@type":"ReadAction","target":["https:\/\/d-identify.be\/fr\/produit\/etiquette-bouton-poussoir-a-graver-30mm-x-40mm-copy-copy-copy-copy-copy-copy-copy-copy-copy-copy\/"]}]},{"@type":"ImageObject","inLanguage":"fr-FR","@id":"https:\/\/d-identify.be\/fr\/produit\/etiquette-bouton-poussoir-a-graver-30mm-x-40mm-copy-copy-copy-copy-copy-copy-copy-copy-copy-copy\/#primaryimage","url":"https:\/\/d-identify.be\/wp-content\/uploads\/2025\/09\/EPL-27x12.5-C1.5-500-WH.webp","contentUrl":"https:\/\/d-identify.be\/wp-content\/uploads\/2025\/09\/EPL-27x12.5-C1.5-500-WH.webp","width":1418,"height":1328,"caption":"\u00c9tiquette plaque grav\u00e9e Phoenix \/ Siemens 27\u00d712,5 mm Blanc"},{"@type":"BreadcrumbList","@id":"https:\/\/d-identify.be\/fr\/produit\/etiquette-bouton-poussoir-a-graver-30mm-x-40mm-copy-copy-copy-copy-copy-copy-copy-copy-copy-copy\/#breadcrumb","itemListElement":[{"@type":"ListItem","position":1,"name":"Home","item":"https:\/\/d-identify.be\/fr\/home-2\/"},{"@type":"ListItem","position":2,"name":"Boutique","item":"https:\/\/d-identify.be\/fr\/boutique\/"},{"@type":"ListItem","position":3,"name":"\u00c9tiquette plaque grav\u00e9e Phoenix \/ Siemens 27\u00d712,5 mm Blanc"}]},{"@type":"WebSite","@id":"https:\/\/d-identify.be\/fr\/#website","url":"https:\/\/d-identify.be\/fr\/","name":"d-identify","description":"Industrial identification - Lockout - Tagout - Floor marking","potentialAction":[{"@type":"SearchAction","target":{"@type":"EntryPoint","urlTemplate":"https:\/\/d-identify.be\/fr\/?s={search_term_string}"},"query-input":{"@type":"PropertyValueSpecification","valueRequired":true,"valueName":"search_term_string"}}],"inLanguage":"fr-FR"}]}},"_links":{"self":[{"href":"https:\/\/d-identify.be\/fr\/wp-json\/wp\/v2\/product\/59382","targetHints":{"allow":["GET"]}}],"collection":[{"href":"https:\/\/d-identify.be\/fr\/wp-json\/wp\/v2\/product"}],"about":[{"href":"https:\/\/d-identify.be\/fr\/wp-json\/wp\/v2\/types\/product"}],"replies":[{"embeddable":true,"href":"https:\/\/d-identify.be\/fr\/wp-json\/wp\/v2\/comments?post=59382"}],"wp:featuredmedia":[{"embeddable":true,"href":"https:\/\/d-identify.be\/fr\/wp-json\/wp\/v2\/media\/59386"}],"wp:attachment":[{"href":"https:\/\/d-identify.be\/fr\/wp-json\/wp\/v2\/media?parent=59382"}],"wp:term":[{"taxonomy":"product_brand","embeddable":true,"href":"https:\/\/d-identify.be\/fr\/wp-json\/wp\/v2\/product_brand?post=59382"},{"taxonomy":"product_cat","embeddable":true,"href":"https:\/\/d-identify.be\/fr\/wp-json\/wp\/v2\/product_cat?post=59382"},{"taxonomy":"product_tag","embeddable":true,"href":"https:\/\/d-identify.be\/fr\/wp-json\/wp\/v2\/product_tag?post=59382"},{"taxonomy":"pa_connextion-shapes","embeddable":true,"href":"https:\/\/d-identify.be\/fr\/wp-json\/wp\/v2\/pa_connextion-shapes?post=59382"}],"curies":[{"name":"wp","href":"https:\/\/api.w.org\/{rel}","templated":true}]}}