{"id":59325,"date":"2025-09-23T11:30:42","date_gmt":"2025-09-23T09:30:42","guid":{"rendered":"https:\/\/d-identify.be\/?post_type=product&#038;p=59325"},"modified":"2025-09-24T11:00:32","modified_gmt":"2025-09-24T09:00:32","slug":"etiquette-bouton-poussoir-a-graver-30mm-x-40mm-copy-copy-copy-4","status":"publish","type":"product","link":"https:\/\/d-identify.be\/fr\/produit\/etiquette-bouton-poussoir-a-graver-30mm-x-40mm-copy-copy-copy-4\/","title":{"rendered":"\u00c9tiquette plaque grav\u00e9e Attema 27 \u00d7 8 mm \u2013 Vert"},"content":{"rendered":"<p data-start=\"310\" data-end=\"461\">cette <strong data-start=\"314\" data-end=\"346\">\u00c9tiquette plaque grav\u00e9e Attema<\/strong> offre un aspect grav\u00e9 clair et professionnel. Elle est con\u00e7ue principalement pour les prises UTP, mais peut \u00e9galement \u00eatre utilis\u00e9e sur d\u2019autres porte-boutons. <\/p>\n<p data-start=\"463\" data-end=\"635\">elle est compatible avec les <strong data-start=\"471\" data-end=\"493\">prises Attema AK2<\/strong> et s\u2019adapte \u00e9galement aux porte-boutons d\u2019<strong data-start=\"525\" data-end=\"555\">ABB (1SFA611400R1001\u20131006)<\/strong>, de <strong data-start=\"557\" data-end=\"602\">Phoenix Contact CARRIER-EMLP 22 (0828984)<\/strong> et de <strong data-start=\"608\" data-end=\"632\">Schneider ZBY2100-05.<\/strong><\/p>\n<p data-start=\"637\" data-end=\"856\">fabriqu\u00e9e en <strong data-start=\"659\" data-end=\"672\">polyester<\/strong> robuste avec <strong data-start=\"680\" data-end=\"712\">un adh\u00e9sif acrylique \u00e0 support mousse<\/strong>. Cette conception procure une sensation rigide de plaque grav\u00e9e et assure une fixation fiable. Remplacez les plaques grav\u00e9es en quelques secondes tout en r\u00e9duisant les co\u00fbts et en gagnant du temps.  <\/p>\n<p data-start=\"858\" data-end=\"1049\">chaque rouleau contient 500 \u00e9tiquettes avec un mandrin de 40 mm. Choisissez argent ou blanc pour obtenir une solution d\u2019identification rapide, durable et professionnelle pour les prises UTP, les pupitres de commande et les syst\u00e8mes \u00e0 boutons-poussoirs. <\/p>\n","protected":false},"excerpt":{"rendered":"<p>\u00c9tiquette <strong data-start=\"578\" data-end=\"610\">plaque grav\u00e9e durable Attema<\/strong> 27 \u00d7 8 mm \u2013 Argent. Con\u00e7ue pour les prises Attema AK2 et compatible avec les porte-boutons d\u2019ABB, Phoenix Contact et Schneider. L\u2019adh\u00e9sif acrylique \u00e0 support mousse procure une sensation rigide de plaque grav\u00e9e et assure une fixation solide. Remplacez les plaques grav\u00e9es rapidement et de mani\u00e8re professionnelle.   <\/p>\n<p><strong>Principales fonctionnalit\u00e9s<\/strong><\/p>\n","protected":false},"featured_media":59329,"comment_status":"open","ping_status":"closed","template":"","meta":{"_acf_changed":false,"_et_pb_use_builder":"","_et_pb_old_content":"","_et_gb_content_width":""},"product_brand":[],"product_cat":[661,673],"product_tag":[963],"pa_connextion-shapes":[],"class_list":{"0":"post-59325","1":"product","2":"type-product","3":"status-publish","4":"has-post-thumbnail","6":"product_cat-marquage-de-cables","7":"product_cat-etiquettes-resopal-plaques-gravees-de-remplacement","8":"product_tag-d-identify-fr","10":"first","11":"instock","12":"taxable","13":"shipping-taxable","14":"purchasable","15":"product-type-simple"},"exclude_global_add_ons":[],"addons":[],"acf":[],"yoast_head":"<!-- This site is optimized with the Yoast SEO Premium plugin v27.0 (Yoast SEO v27.1) - https:\/\/yoast.com\/product\/yoast-seo-premium-wordpress\/ -->\n<title>\u00c9tiquette plaque grav\u00e9e Attema 27 \u00d7 8 mm \u2013 Vert<\/title>\n<meta name=\"description\" content=\"\u00c9tiquette plaque grav\u00e9e Attema 27\u00d78 mm argent. Compatible avec prises Attema AK2 et porte-boutons ABB, Phoenix, Schneider. 500 \u00e9tiquettes par rouleau.\" \/>\n<meta name=\"robots\" content=\"index, follow, max-snippet:-1, max-image-preview:large, max-video-preview:-1\" \/>\n<link rel=\"canonical\" href=\"https:\/\/d-identify.be\/fr\/produit\/etiquette-bouton-poussoir-a-graver-30mm-x-40mm-copy-copy-copy-4\/\" \/>\n<meta property=\"og:locale\" content=\"fr_FR\" \/>\n<meta property=\"og:type\" content=\"article\" \/>\n<meta property=\"og:title\" content=\"\u00c9tiquette plaque grav\u00e9e Attema 27 \u00d7 8 mm \u2013 Vert\" \/>\n<meta property=\"og:description\" content=\"\u00c9tiquette plaque grav\u00e9e Attema 27\u00d78 mm argent. Compatible avec prises Attema AK2 et porte-boutons ABB, Phoenix, Schneider. 500 \u00e9tiquettes par rouleau.\" \/>\n<meta property=\"og:url\" content=\"https:\/\/d-identify.be\/fr\/produit\/etiquette-bouton-poussoir-a-graver-30mm-x-40mm-copy-copy-copy-4\/\" \/>\n<meta property=\"og:site_name\" content=\"d-identify\" \/>\n<meta property=\"article:modified_time\" content=\"2025-09-24T09:00:32+00:00\" \/>\n<meta property=\"og:image\" content=\"https:\/\/d-identify.be\/wp-content\/uploads\/2025\/09\/EPL-27x8-C1.5-500-GR.webp\" \/>\n\t<meta property=\"og:image:width\" content=\"1418\" \/>\n\t<meta property=\"og:image:height\" content=\"1329\" \/>\n\t<meta property=\"og:image:type\" content=\"image\/webp\" \/>\n<meta name=\"twitter:card\" content=\"summary_large_image\" \/>\n<meta name=\"twitter:label1\" content=\"Dur\u00e9e de lecture estim\u00e9e\" \/>\n\t<meta name=\"twitter:data1\" content=\"1 minute\" \/>\n<script type=\"application\/ld+json\" class=\"yoast-schema-graph\">{\"@context\":\"https:\/\/schema.org\",\"@graph\":[{\"@type\":\"WebPage\",\"@id\":\"https:\/\/d-identify.be\/fr\/produit\/etiquette-bouton-poussoir-a-graver-30mm-x-40mm-copy-copy-copy-4\/\",\"url\":\"https:\/\/d-identify.be\/fr\/produit\/etiquette-bouton-poussoir-a-graver-30mm-x-40mm-copy-copy-copy-4\/\",\"name\":\"\u00c9tiquette plaque grav\u00e9e Attema 27 \u00d7 8 mm \u2013 Vert\",\"isPartOf\":{\"@id\":\"https:\/\/d-identify.be\/fr\/#website\"},\"primaryImageOfPage\":{\"@id\":\"https:\/\/d-identify.be\/fr\/produit\/etiquette-bouton-poussoir-a-graver-30mm-x-40mm-copy-copy-copy-4\/#primaryimage\"},\"image\":{\"@id\":\"https:\/\/d-identify.be\/fr\/produit\/etiquette-bouton-poussoir-a-graver-30mm-x-40mm-copy-copy-copy-4\/#primaryimage\"},\"thumbnailUrl\":\"https:\/\/d-identify.be\/wp-content\/uploads\/2025\/09\/EPL-27x8-C1.5-500-GR.webp\",\"datePublished\":\"2025-09-23T09:30:42+00:00\",\"dateModified\":\"2025-09-24T09:00:32+00:00\",\"description\":\"\u00c9tiquette plaque grav\u00e9e Attema 27\u00d78 mm argent. Compatible avec prises Attema AK2 et porte-boutons ABB, Phoenix, Schneider. 500 \u00e9tiquettes par rouleau.\",\"breadcrumb\":{\"@id\":\"https:\/\/d-identify.be\/fr\/produit\/etiquette-bouton-poussoir-a-graver-30mm-x-40mm-copy-copy-copy-4\/#breadcrumb\"},\"inLanguage\":\"fr-FR\",\"potentialAction\":[{\"@type\":\"ReadAction\",\"target\":[\"https:\/\/d-identify.be\/fr\/produit\/etiquette-bouton-poussoir-a-graver-30mm-x-40mm-copy-copy-copy-4\/\"]}]},{\"@type\":\"ImageObject\",\"inLanguage\":\"fr-FR\",\"@id\":\"https:\/\/d-identify.be\/fr\/produit\/etiquette-bouton-poussoir-a-graver-30mm-x-40mm-copy-copy-copy-4\/#primaryimage\",\"url\":\"https:\/\/d-identify.be\/wp-content\/uploads\/2025\/09\/EPL-27x8-C1.5-500-GR.webp\",\"contentUrl\":\"https:\/\/d-identify.be\/wp-content\/uploads\/2025\/09\/EPL-27x8-C1.5-500-GR.webp\",\"width\":1418,\"height\":1329,\"caption\":\"\u00c9tiquette plaque grav\u00e9e Attema 27 \u00d7 8 mm \u2013 Vert\"},{\"@type\":\"BreadcrumbList\",\"@id\":\"https:\/\/d-identify.be\/fr\/produit\/etiquette-bouton-poussoir-a-graver-30mm-x-40mm-copy-copy-copy-4\/#breadcrumb\",\"itemListElement\":[{\"@type\":\"ListItem\",\"position\":1,\"name\":\"Home\",\"item\":\"https:\/\/d-identify.be\/fr\/home-2\/\"},{\"@type\":\"ListItem\",\"position\":2,\"name\":\"Boutique\",\"item\":\"https:\/\/d-identify.be\/fr\/boutique\/\"},{\"@type\":\"ListItem\",\"position\":3,\"name\":\"\u00c9tiquette plaque grav\u00e9e Attema 27 \u00d7 8 mm \u2013 Vert\"}]},{\"@type\":\"WebSite\",\"@id\":\"https:\/\/d-identify.be\/fr\/#website\",\"url\":\"https:\/\/d-identify.be\/fr\/\",\"name\":\"d-identify\",\"description\":\"Industrial identification - Lockout - Tagout - Floor marking\",\"potentialAction\":[{\"@type\":\"SearchAction\",\"target\":{\"@type\":\"EntryPoint\",\"urlTemplate\":\"https:\/\/d-identify.be\/fr\/?s={search_term_string}\"},\"query-input\":{\"@type\":\"PropertyValueSpecification\",\"valueRequired\":true,\"valueName\":\"search_term_string\"}}],\"inLanguage\":\"fr-FR\"}]}<\/script>\n<!-- \/ Yoast SEO Premium plugin. -->","yoast_head_json":{"title":"\u00c9tiquette plaque grav\u00e9e Attema 27 \u00d7 8 mm \u2013 Vert","description":"\u00c9tiquette plaque grav\u00e9e Attema 27\u00d78 mm argent. Compatible avec prises Attema AK2 et porte-boutons ABB, Phoenix, Schneider. 500 \u00e9tiquettes par rouleau.","robots":{"index":"index","follow":"follow","max-snippet":"max-snippet:-1","max-image-preview":"max-image-preview:large","max-video-preview":"max-video-preview:-1"},"canonical":"https:\/\/d-identify.be\/fr\/produit\/etiquette-bouton-poussoir-a-graver-30mm-x-40mm-copy-copy-copy-4\/","og_locale":"fr_FR","og_type":"article","og_title":"\u00c9tiquette plaque grav\u00e9e Attema 27 \u00d7 8 mm \u2013 Vert","og_description":"\u00c9tiquette plaque grav\u00e9e Attema 27\u00d78 mm argent. Compatible avec prises Attema AK2 et porte-boutons ABB, Phoenix, Schneider. 500 \u00e9tiquettes par rouleau.","og_url":"https:\/\/d-identify.be\/fr\/produit\/etiquette-bouton-poussoir-a-graver-30mm-x-40mm-copy-copy-copy-4\/","og_site_name":"d-identify","article_modified_time":"2025-09-24T09:00:32+00:00","og_image":[{"width":1418,"height":1329,"url":"https:\/\/d-identify.be\/wp-content\/uploads\/2025\/09\/EPL-27x8-C1.5-500-GR.webp","type":"image\/webp"}],"twitter_card":"summary_large_image","twitter_misc":{"Dur\u00e9e de lecture estim\u00e9e":"1 minute"},"schema":{"@context":"https:\/\/schema.org","@graph":[{"@type":"WebPage","@id":"https:\/\/d-identify.be\/fr\/produit\/etiquette-bouton-poussoir-a-graver-30mm-x-40mm-copy-copy-copy-4\/","url":"https:\/\/d-identify.be\/fr\/produit\/etiquette-bouton-poussoir-a-graver-30mm-x-40mm-copy-copy-copy-4\/","name":"\u00c9tiquette plaque grav\u00e9e Attema 27 \u00d7 8 mm \u2013 Vert","isPartOf":{"@id":"https:\/\/d-identify.be\/fr\/#website"},"primaryImageOfPage":{"@id":"https:\/\/d-identify.be\/fr\/produit\/etiquette-bouton-poussoir-a-graver-30mm-x-40mm-copy-copy-copy-4\/#primaryimage"},"image":{"@id":"https:\/\/d-identify.be\/fr\/produit\/etiquette-bouton-poussoir-a-graver-30mm-x-40mm-copy-copy-copy-4\/#primaryimage"},"thumbnailUrl":"https:\/\/d-identify.be\/wp-content\/uploads\/2025\/09\/EPL-27x8-C1.5-500-GR.webp","datePublished":"2025-09-23T09:30:42+00:00","dateModified":"2025-09-24T09:00:32+00:00","description":"\u00c9tiquette plaque grav\u00e9e Attema 27\u00d78 mm argent. Compatible avec prises Attema AK2 et porte-boutons ABB, Phoenix, Schneider. 500 \u00e9tiquettes par rouleau.","breadcrumb":{"@id":"https:\/\/d-identify.be\/fr\/produit\/etiquette-bouton-poussoir-a-graver-30mm-x-40mm-copy-copy-copy-4\/#breadcrumb"},"inLanguage":"fr-FR","potentialAction":[{"@type":"ReadAction","target":["https:\/\/d-identify.be\/fr\/produit\/etiquette-bouton-poussoir-a-graver-30mm-x-40mm-copy-copy-copy-4\/"]}]},{"@type":"ImageObject","inLanguage":"fr-FR","@id":"https:\/\/d-identify.be\/fr\/produit\/etiquette-bouton-poussoir-a-graver-30mm-x-40mm-copy-copy-copy-4\/#primaryimage","url":"https:\/\/d-identify.be\/wp-content\/uploads\/2025\/09\/EPL-27x8-C1.5-500-GR.webp","contentUrl":"https:\/\/d-identify.be\/wp-content\/uploads\/2025\/09\/EPL-27x8-C1.5-500-GR.webp","width":1418,"height":1329,"caption":"\u00c9tiquette plaque grav\u00e9e Attema 27 \u00d7 8 mm \u2013 Vert"},{"@type":"BreadcrumbList","@id":"https:\/\/d-identify.be\/fr\/produit\/etiquette-bouton-poussoir-a-graver-30mm-x-40mm-copy-copy-copy-4\/#breadcrumb","itemListElement":[{"@type":"ListItem","position":1,"name":"Home","item":"https:\/\/d-identify.be\/fr\/home-2\/"},{"@type":"ListItem","position":2,"name":"Boutique","item":"https:\/\/d-identify.be\/fr\/boutique\/"},{"@type":"ListItem","position":3,"name":"\u00c9tiquette plaque grav\u00e9e Attema 27 \u00d7 8 mm \u2013 Vert"}]},{"@type":"WebSite","@id":"https:\/\/d-identify.be\/fr\/#website","url":"https:\/\/d-identify.be\/fr\/","name":"d-identify","description":"Industrial identification - Lockout - Tagout - Floor marking","potentialAction":[{"@type":"SearchAction","target":{"@type":"EntryPoint","urlTemplate":"https:\/\/d-identify.be\/fr\/?s={search_term_string}"},"query-input":{"@type":"PropertyValueSpecification","valueRequired":true,"valueName":"search_term_string"}}],"inLanguage":"fr-FR"}]}},"_links":{"self":[{"href":"https:\/\/d-identify.be\/fr\/wp-json\/wp\/v2\/product\/59325","targetHints":{"allow":["GET"]}}],"collection":[{"href":"https:\/\/d-identify.be\/fr\/wp-json\/wp\/v2\/product"}],"about":[{"href":"https:\/\/d-identify.be\/fr\/wp-json\/wp\/v2\/types\/product"}],"replies":[{"embeddable":true,"href":"https:\/\/d-identify.be\/fr\/wp-json\/wp\/v2\/comments?post=59325"}],"wp:featuredmedia":[{"embeddable":true,"href":"https:\/\/d-identify.be\/fr\/wp-json\/wp\/v2\/media\/59329"}],"wp:attachment":[{"href":"https:\/\/d-identify.be\/fr\/wp-json\/wp\/v2\/media?parent=59325"}],"wp:term":[{"taxonomy":"product_brand","embeddable":true,"href":"https:\/\/d-identify.be\/fr\/wp-json\/wp\/v2\/product_brand?post=59325"},{"taxonomy":"product_cat","embeddable":true,"href":"https:\/\/d-identify.be\/fr\/wp-json\/wp\/v2\/product_cat?post=59325"},{"taxonomy":"product_tag","embeddable":true,"href":"https:\/\/d-identify.be\/fr\/wp-json\/wp\/v2\/product_tag?post=59325"},{"taxonomy":"pa_connextion-shapes","embeddable":true,"href":"https:\/\/d-identify.be\/fr\/wp-json\/wp\/v2\/pa_connextion-shapes?post=59325"}],"curies":[{"name":"wp","href":"https:\/\/api.w.org\/{rel}","templated":true}]}}