{"id":59260,"date":"2025-09-22T13:09:21","date_gmt":"2025-09-22T11:09:21","guid":{"rendered":"https:\/\/d-identify.be\/?post_type=product&#038;p=59260"},"modified":"2025-09-24T10:43:04","modified_gmt":"2025-09-24T08:43:04","slug":"etiquette-plaque-a-graver-90mm-x-45mm-copy-copy-copy-copy-copy-copy-copy-copy-copy-copy-copy-copy-copy-copy-copy-copy-copy-copy-copy-copy-copy-copy-copy-31","status":"publish","type":"product","link":"https:\/\/d-identify.be\/fr\/produit\/etiquette-plaque-a-graver-90mm-x-45mm-copy-copy-copy-copy-copy-copy-copy-copy-copy-copy-copy-copy-copy-copy-copy-copy-copy-copy-copy-copy-copy-copy-copy-31\/","title":{"rendered":"\u00c9tiquette plaque grav\u00e9e 100 x 50 mm \u2013 Jaune<br>"},"content":{"rendered":"<p data-start=\"197\" data-end=\"456\">ces \u00e9tiquettes offrent une alternative intelligente et \u00e9conomique aux plaques grav\u00e9es. Elles sont fabriqu\u00e9es en polyester durable et utilisent un adh\u00e9sif acrylique puissant avec support en mousse. Cet adh\u00e9sif ajoute de l\u2019\u00e9paisseur, donnant aux \u00e9tiquettes l\u2019apparence et la sensation d\u2019une v\u00e9ritable plaque grav\u00e9e.  <\/p>\n<p data-start=\"458\" data-end=\"708\">ces \u00e9tiquettes conviennent parfaitement aux prises, aux panneaux de brassage et aux \u00e9quipements n\u00e9cessitant une identification claire et durable. Leur surface robuste r\u00e9siste aux rayures, \u00e0 la manipulation quotidienne et au nettoyage. L\u2019adh\u00e9sif maintient les \u00e9tiquettes solidement en place, m\u00eame sur des surfaces rugueuses ou l\u00e9g\u00e8rement irr\u00e9guli\u00e8res.  <\/p>\n<p data-start=\"710\" data-end=\"854\">vous pouvez imprimer un texte net et contrast\u00e9 avec toute imprimante \u00e0 transfert thermique standard. Cela garantit des r\u00e9sultats clairs et professionnels \u00e0 chaque impression. <\/p>\n<p data-start=\"856\" data-end=\"1102\">ces \u00e9tiquettes sont id\u00e9ales pour les salles informatiques, les installations \u00e9lectriques et les environnements industriels o\u00f9 la durabilit\u00e9 et la lisibilit\u00e9 sont essentielles. En les choisissant, vous r\u00e9duisez les co\u00fbts et gagnez du temps par rapport aux plaques grav\u00e9es, tout en conservant une finition professionnelle. <\/p>\n","protected":false},"excerpt":{"rendered":"<p>remplacez les plaques grav\u00e9es co\u00fbteuses par ces \u00e9tiquettes robustes. Con\u00e7ues pour les prises et les panneaux de brassage, elles sont fabriqu\u00e9es en polyester r\u00e9sistant avec un adh\u00e9sif acrylique \u00e0 support mousse qui ajoute de l\u2019\u00e9paisseur et recr\u00e9e l\u2019aspect authentique d\u2019une plaque grav\u00e9e. Imprimez des r\u00e9sultats nets et professionnels avec toute imprimante \u00e0 transfert thermique compatible.  <\/p>\n<p><strong>Principales fonctionnalit\u00e9s<\/strong><\/p>\n","protected":false},"featured_media":59228,"comment_status":"open","ping_status":"closed","template":"","meta":{"_acf_changed":false,"_et_pb_use_builder":"","_et_pb_old_content":"","_et_gb_content_width":""},"product_brand":[],"product_cat":[661,673],"product_tag":[963],"pa_connextion-shapes":[],"class_list":{"0":"post-59260","1":"product","2":"type-product","3":"status-publish","4":"has-post-thumbnail","6":"product_cat-marquage-de-cables","7":"product_cat-etiquettes-resopal-plaques-gravees-de-remplacement","8":"product_tag-d-identify-fr","10":"first","11":"instock","12":"taxable","13":"shipping-taxable","14":"purchasable","15":"product-type-simple"},"exclude_global_add_ons":[],"addons":[],"acf":[],"yoast_head":"<!-- This site is optimized with the Yoast SEO Premium plugin v27.0 (Yoast SEO v27.1) - https:\/\/yoast.com\/product\/yoast-seo-premium-wordpress\/ -->\n<title>\u00c9tiquette plaque grav\u00e9e 100 x 50 mm \u2013 Jaune<\/title>\n<meta name=\"description\" content=\"\u00c9tiquettes plaque signal\u00e9tique durables, l\u2019alternative parfaite aux plaques grav\u00e9es. Id\u00e9ales pour prises et panneaux avec un marquage clair et professionnel.\" \/>\n<meta name=\"robots\" content=\"index, follow, max-snippet:-1, max-image-preview:large, max-video-preview:-1\" \/>\n<link rel=\"canonical\" href=\"https:\/\/d-identify.be\/fr\/produit\/etiquette-plaque-a-graver-90mm-x-45mm-copy-copy-copy-copy-copy-copy-copy-copy-copy-copy-copy-copy-copy-copy-copy-copy-copy-copy-copy-copy-copy-copy-copy-31\/\" \/>\n<meta property=\"og:locale\" content=\"fr_FR\" \/>\n<meta property=\"og:type\" content=\"article\" \/>\n<meta property=\"og:title\" content=\"\u00c9tiquette plaque grav\u00e9e 100 x 50 mm \u2013 Jaune\" \/>\n<meta property=\"og:description\" content=\"\u00c9tiquettes plaque signal\u00e9tique durables, l\u2019alternative parfaite aux plaques grav\u00e9es. Id\u00e9ales pour prises et panneaux avec un marquage clair et professionnel.\" \/>\n<meta property=\"og:url\" content=\"https:\/\/d-identify.be\/fr\/produit\/etiquette-plaque-a-graver-90mm-x-45mm-copy-copy-copy-copy-copy-copy-copy-copy-copy-copy-copy-copy-copy-copy-copy-copy-copy-copy-copy-copy-copy-copy-copy-31\/\" \/>\n<meta property=\"og:site_name\" content=\"d-identify\" \/>\n<meta property=\"article:modified_time\" content=\"2025-09-24T08:43:04+00:00\" \/>\n<meta property=\"og:image\" content=\"https:\/\/d-identify.be\/wp-content\/uploads\/2025\/09\/EPL-100x50-C3-250-YL.webp\" \/>\n\t<meta property=\"og:image:width\" content=\"1418\" \/>\n\t<meta property=\"og:image:height\" content=\"1328\" \/>\n\t<meta property=\"og:image:type\" content=\"image\/webp\" \/>\n<meta name=\"twitter:card\" content=\"summary_large_image\" \/>\n<meta name=\"twitter:label1\" content=\"Dur\u00e9e de lecture estim\u00e9e\" \/>\n\t<meta name=\"twitter:data1\" content=\"1 minute\" \/>\n<script type=\"application\/ld+json\" class=\"yoast-schema-graph\">{\"@context\":\"https:\/\/schema.org\",\"@graph\":[{\"@type\":\"WebPage\",\"@id\":\"https:\/\/d-identify.be\/fr\/produit\/etiquette-plaque-a-graver-90mm-x-45mm-copy-copy-copy-copy-copy-copy-copy-copy-copy-copy-copy-copy-copy-copy-copy-copy-copy-copy-copy-copy-copy-copy-copy-31\/\",\"url\":\"https:\/\/d-identify.be\/fr\/produit\/etiquette-plaque-a-graver-90mm-x-45mm-copy-copy-copy-copy-copy-copy-copy-copy-copy-copy-copy-copy-copy-copy-copy-copy-copy-copy-copy-copy-copy-copy-copy-31\/\",\"name\":\"\u00c9tiquette plaque grav\u00e9e 100 x 50 mm \u2013 Jaune\",\"isPartOf\":{\"@id\":\"https:\/\/d-identify.be\/fr\/#website\"},\"primaryImageOfPage\":{\"@id\":\"https:\/\/d-identify.be\/fr\/produit\/etiquette-plaque-a-graver-90mm-x-45mm-copy-copy-copy-copy-copy-copy-copy-copy-copy-copy-copy-copy-copy-copy-copy-copy-copy-copy-copy-copy-copy-copy-copy-31\/#primaryimage\"},\"image\":{\"@id\":\"https:\/\/d-identify.be\/fr\/produit\/etiquette-plaque-a-graver-90mm-x-45mm-copy-copy-copy-copy-copy-copy-copy-copy-copy-copy-copy-copy-copy-copy-copy-copy-copy-copy-copy-copy-copy-copy-copy-31\/#primaryimage\"},\"thumbnailUrl\":\"https:\/\/d-identify.be\/wp-content\/uploads\/2025\/09\/EPL-100x50-C3-250-YL.webp\",\"datePublished\":\"2025-09-22T11:09:21+00:00\",\"dateModified\":\"2025-09-24T08:43:04+00:00\",\"description\":\"\u00c9tiquettes plaque signal\u00e9tique durables, l\u2019alternative parfaite aux plaques grav\u00e9es. Id\u00e9ales pour prises et panneaux avec un marquage clair et professionnel.\",\"breadcrumb\":{\"@id\":\"https:\/\/d-identify.be\/fr\/produit\/etiquette-plaque-a-graver-90mm-x-45mm-copy-copy-copy-copy-copy-copy-copy-copy-copy-copy-copy-copy-copy-copy-copy-copy-copy-copy-copy-copy-copy-copy-copy-31\/#breadcrumb\"},\"inLanguage\":\"fr-FR\",\"potentialAction\":[{\"@type\":\"ReadAction\",\"target\":[\"https:\/\/d-identify.be\/fr\/produit\/etiquette-plaque-a-graver-90mm-x-45mm-copy-copy-copy-copy-copy-copy-copy-copy-copy-copy-copy-copy-copy-copy-copy-copy-copy-copy-copy-copy-copy-copy-copy-31\/\"]}]},{\"@type\":\"ImageObject\",\"inLanguage\":\"fr-FR\",\"@id\":\"https:\/\/d-identify.be\/fr\/produit\/etiquette-plaque-a-graver-90mm-x-45mm-copy-copy-copy-copy-copy-copy-copy-copy-copy-copy-copy-copy-copy-copy-copy-copy-copy-copy-copy-copy-copy-copy-copy-31\/#primaryimage\",\"url\":\"https:\/\/d-identify.be\/wp-content\/uploads\/2025\/09\/EPL-100x50-C3-250-YL.webp\",\"contentUrl\":\"https:\/\/d-identify.be\/wp-content\/uploads\/2025\/09\/EPL-100x50-C3-250-YL.webp\",\"width\":1418,\"height\":1328,\"caption\":\"\u00c9tiquette plaque grav\u00e9e 100 x 50 mm \u2013 Jaune\"},{\"@type\":\"BreadcrumbList\",\"@id\":\"https:\/\/d-identify.be\/fr\/produit\/etiquette-plaque-a-graver-90mm-x-45mm-copy-copy-copy-copy-copy-copy-copy-copy-copy-copy-copy-copy-copy-copy-copy-copy-copy-copy-copy-copy-copy-copy-copy-31\/#breadcrumb\",\"itemListElement\":[{\"@type\":\"ListItem\",\"position\":1,\"name\":\"Home\",\"item\":\"https:\/\/d-identify.be\/fr\/home-2\/\"},{\"@type\":\"ListItem\",\"position\":2,\"name\":\"Boutique\",\"item\":\"https:\/\/d-identify.be\/fr\/boutique\/\"},{\"@type\":\"ListItem\",\"position\":3,\"name\":\"\u00c9tiquette plaque grav\u00e9e 100 x 50 mm \u2013 Jaune\"}]},{\"@type\":\"WebSite\",\"@id\":\"https:\/\/d-identify.be\/fr\/#website\",\"url\":\"https:\/\/d-identify.be\/fr\/\",\"name\":\"d-identify\",\"description\":\"Industrial identification - Lockout - Tagout - Floor marking\",\"potentialAction\":[{\"@type\":\"SearchAction\",\"target\":{\"@type\":\"EntryPoint\",\"urlTemplate\":\"https:\/\/d-identify.be\/fr\/?s={search_term_string}\"},\"query-input\":{\"@type\":\"PropertyValueSpecification\",\"valueRequired\":true,\"valueName\":\"search_term_string\"}}],\"inLanguage\":\"fr-FR\"}]}<\/script>\n<!-- \/ Yoast SEO Premium plugin. -->","yoast_head_json":{"title":"\u00c9tiquette plaque grav\u00e9e 100 x 50 mm \u2013 Jaune","description":"\u00c9tiquettes plaque signal\u00e9tique durables, l\u2019alternative parfaite aux plaques grav\u00e9es. Id\u00e9ales pour prises et panneaux avec un marquage clair et professionnel.","robots":{"index":"index","follow":"follow","max-snippet":"max-snippet:-1","max-image-preview":"max-image-preview:large","max-video-preview":"max-video-preview:-1"},"canonical":"https:\/\/d-identify.be\/fr\/produit\/etiquette-plaque-a-graver-90mm-x-45mm-copy-copy-copy-copy-copy-copy-copy-copy-copy-copy-copy-copy-copy-copy-copy-copy-copy-copy-copy-copy-copy-copy-copy-31\/","og_locale":"fr_FR","og_type":"article","og_title":"\u00c9tiquette plaque grav\u00e9e 100 x 50 mm \u2013 Jaune","og_description":"\u00c9tiquettes plaque signal\u00e9tique durables, l\u2019alternative parfaite aux plaques grav\u00e9es. Id\u00e9ales pour prises et panneaux avec un marquage clair et professionnel.","og_url":"https:\/\/d-identify.be\/fr\/produit\/etiquette-plaque-a-graver-90mm-x-45mm-copy-copy-copy-copy-copy-copy-copy-copy-copy-copy-copy-copy-copy-copy-copy-copy-copy-copy-copy-copy-copy-copy-copy-31\/","og_site_name":"d-identify","article_modified_time":"2025-09-24T08:43:04+00:00","og_image":[{"width":1418,"height":1328,"url":"https:\/\/d-identify.be\/wp-content\/uploads\/2025\/09\/EPL-100x50-C3-250-YL.webp","type":"image\/webp"}],"twitter_card":"summary_large_image","twitter_misc":{"Dur\u00e9e de lecture estim\u00e9e":"1 minute"},"schema":{"@context":"https:\/\/schema.org","@graph":[{"@type":"WebPage","@id":"https:\/\/d-identify.be\/fr\/produit\/etiquette-plaque-a-graver-90mm-x-45mm-copy-copy-copy-copy-copy-copy-copy-copy-copy-copy-copy-copy-copy-copy-copy-copy-copy-copy-copy-copy-copy-copy-copy-31\/","url":"https:\/\/d-identify.be\/fr\/produit\/etiquette-plaque-a-graver-90mm-x-45mm-copy-copy-copy-copy-copy-copy-copy-copy-copy-copy-copy-copy-copy-copy-copy-copy-copy-copy-copy-copy-copy-copy-copy-31\/","name":"\u00c9tiquette plaque grav\u00e9e 100 x 50 mm \u2013 Jaune","isPartOf":{"@id":"https:\/\/d-identify.be\/fr\/#website"},"primaryImageOfPage":{"@id":"https:\/\/d-identify.be\/fr\/produit\/etiquette-plaque-a-graver-90mm-x-45mm-copy-copy-copy-copy-copy-copy-copy-copy-copy-copy-copy-copy-copy-copy-copy-copy-copy-copy-copy-copy-copy-copy-copy-31\/#primaryimage"},"image":{"@id":"https:\/\/d-identify.be\/fr\/produit\/etiquette-plaque-a-graver-90mm-x-45mm-copy-copy-copy-copy-copy-copy-copy-copy-copy-copy-copy-copy-copy-copy-copy-copy-copy-copy-copy-copy-copy-copy-copy-31\/#primaryimage"},"thumbnailUrl":"https:\/\/d-identify.be\/wp-content\/uploads\/2025\/09\/EPL-100x50-C3-250-YL.webp","datePublished":"2025-09-22T11:09:21+00:00","dateModified":"2025-09-24T08:43:04+00:00","description":"\u00c9tiquettes plaque signal\u00e9tique durables, l\u2019alternative parfaite aux plaques grav\u00e9es. Id\u00e9ales pour prises et panneaux avec un marquage clair et professionnel.","breadcrumb":{"@id":"https:\/\/d-identify.be\/fr\/produit\/etiquette-plaque-a-graver-90mm-x-45mm-copy-copy-copy-copy-copy-copy-copy-copy-copy-copy-copy-copy-copy-copy-copy-copy-copy-copy-copy-copy-copy-copy-copy-31\/#breadcrumb"},"inLanguage":"fr-FR","potentialAction":[{"@type":"ReadAction","target":["https:\/\/d-identify.be\/fr\/produit\/etiquette-plaque-a-graver-90mm-x-45mm-copy-copy-copy-copy-copy-copy-copy-copy-copy-copy-copy-copy-copy-copy-copy-copy-copy-copy-copy-copy-copy-copy-copy-31\/"]}]},{"@type":"ImageObject","inLanguage":"fr-FR","@id":"https:\/\/d-identify.be\/fr\/produit\/etiquette-plaque-a-graver-90mm-x-45mm-copy-copy-copy-copy-copy-copy-copy-copy-copy-copy-copy-copy-copy-copy-copy-copy-copy-copy-copy-copy-copy-copy-copy-31\/#primaryimage","url":"https:\/\/d-identify.be\/wp-content\/uploads\/2025\/09\/EPL-100x50-C3-250-YL.webp","contentUrl":"https:\/\/d-identify.be\/wp-content\/uploads\/2025\/09\/EPL-100x50-C3-250-YL.webp","width":1418,"height":1328,"caption":"\u00c9tiquette plaque grav\u00e9e 100 x 50 mm \u2013 Jaune"},{"@type":"BreadcrumbList","@id":"https:\/\/d-identify.be\/fr\/produit\/etiquette-plaque-a-graver-90mm-x-45mm-copy-copy-copy-copy-copy-copy-copy-copy-copy-copy-copy-copy-copy-copy-copy-copy-copy-copy-copy-copy-copy-copy-copy-31\/#breadcrumb","itemListElement":[{"@type":"ListItem","position":1,"name":"Home","item":"https:\/\/d-identify.be\/fr\/home-2\/"},{"@type":"ListItem","position":2,"name":"Boutique","item":"https:\/\/d-identify.be\/fr\/boutique\/"},{"@type":"ListItem","position":3,"name":"\u00c9tiquette plaque grav\u00e9e 100 x 50 mm \u2013 Jaune"}]},{"@type":"WebSite","@id":"https:\/\/d-identify.be\/fr\/#website","url":"https:\/\/d-identify.be\/fr\/","name":"d-identify","description":"Industrial identification - Lockout - Tagout - Floor marking","potentialAction":[{"@type":"SearchAction","target":{"@type":"EntryPoint","urlTemplate":"https:\/\/d-identify.be\/fr\/?s={search_term_string}"},"query-input":{"@type":"PropertyValueSpecification","valueRequired":true,"valueName":"search_term_string"}}],"inLanguage":"fr-FR"}]}},"_links":{"self":[{"href":"https:\/\/d-identify.be\/fr\/wp-json\/wp\/v2\/product\/59260","targetHints":{"allow":["GET"]}}],"collection":[{"href":"https:\/\/d-identify.be\/fr\/wp-json\/wp\/v2\/product"}],"about":[{"href":"https:\/\/d-identify.be\/fr\/wp-json\/wp\/v2\/types\/product"}],"replies":[{"embeddable":true,"href":"https:\/\/d-identify.be\/fr\/wp-json\/wp\/v2\/comments?post=59260"}],"wp:featuredmedia":[{"embeddable":true,"href":"https:\/\/d-identify.be\/fr\/wp-json\/wp\/v2\/media\/59228"}],"wp:attachment":[{"href":"https:\/\/d-identify.be\/fr\/wp-json\/wp\/v2\/media?parent=59260"}],"wp:term":[{"taxonomy":"product_brand","embeddable":true,"href":"https:\/\/d-identify.be\/fr\/wp-json\/wp\/v2\/product_brand?post=59260"},{"taxonomy":"product_cat","embeddable":true,"href":"https:\/\/d-identify.be\/fr\/wp-json\/wp\/v2\/product_cat?post=59260"},{"taxonomy":"product_tag","embeddable":true,"href":"https:\/\/d-identify.be\/fr\/wp-json\/wp\/v2\/product_tag?post=59260"},{"taxonomy":"pa_connextion-shapes","embeddable":true,"href":"https:\/\/d-identify.be\/fr\/wp-json\/wp\/v2\/pa_connextion-shapes?post=59260"}],"curies":[{"name":"wp","href":"https:\/\/api.w.org\/{rel}","templated":true}]}}