{"id":58574,"date":"2025-09-10T14:16:42","date_gmt":"2025-09-10T12:16:42","guid":{"rendered":"https:\/\/d-identify.be\/?post_type=product&#038;p=58574"},"modified":"2026-01-27T12:34:48","modified_gmt":"2026-01-27T10:34:48","slug":"gaine-thermoretractable-sans-halogene-2-1-120-185mm-jaune","status":"publish","type":"product","link":"https:\/\/d-identify.be\/fr\/produit\/gaine-thermoretractable-sans-halogene-2-1-120-185mm-jaune\/","title":{"rendered":"Gaine thermor\u00e9tractable sans halog\u00e8ne 2:1 \u2013 120\u2013185 mm\u00b2, jaune"},"content":{"rendered":"<p data-start=\"854\" data-end=\"1137\">Cette <strong data-start=\"860\" data-end=\"901\">gaine thermor\u00e9tractable sans halog\u00e8ne<\/strong> permet une identification claire et durable des c\u00e2bles lorsque la s\u00e9curit\u00e9 incendie est prioritaire. Elle s\u2019utilise notamment dans le ferroviaire, les transports publics, les projets d\u2019infrastructure et les installations industrielles.<\/p>\n<p data-start=\"1139\" data-end=\"1346\">Gr\u00e2ce \u00e0 un <strong data-start=\"1150\" data-end=\"1180\">rapport de r\u00e9treint de 2:1<\/strong>, la gaine s\u2019adapte \u00e0 diff\u00e9rentes dimensions de c\u00e2bles. Apr\u00e8s r\u00e9treint, elle reste bien en place. Ainsi, l\u2019identification conserve une bonne lisibilit\u00e9 dans le temps.<\/p>\n<p data-start=\"1348\" data-end=\"1591\">Le mat\u00e9riau repose sur une <strong data-start=\"1375\" data-end=\"1404\">polyol\u00e9fine sans halog\u00e8ne<\/strong>. En cas d\u2019incendie, ce mat\u00e9riau limite l\u2019\u00e9mission de fum\u00e9es toxiques et de gaz corrosifs. De plus, il r\u00e9pond aux exigences des environnements confin\u00e9s et des zones accessibles au public.<\/p>\n<p data-start=\"1593\" data-end=\"1797\">La gaine r\u00e9siste \u00e0 la <strong data-start=\"1615\" data-end=\"1673\">chaleur, \u00e0 l\u2019abrasion et aux agents chimiques courants<\/strong>. Par cons\u00e9quent, les marquages restent nets et stables. La surface imprimable emp\u00eache aussi les bavures et la d\u00e9coloration.<\/p>\n<p data-start=\"1799\" data-end=\"2036\">Enfin, vous pouvez imprimer cette gaine avec la plupart des <strong data-start=\"1859\" data-end=\"1918\">imprimantes industrielles \u00e0 transfert thermique 300 dpi<\/strong>. Vous produisez ainsi rapidement des rep\u00e8res de c\u00e2bles professionnels, adapt\u00e9s aux contraintes de votre installation.<\/p>\n","protected":false},"excerpt":{"rendered":"<p data-start=\"409\" data-end=\"664\"><strong data-start=\"409\" data-end=\"450\">Gaine thermor\u00e9tractable sans halog\u00e8ne<\/strong> pour l\u2019identification professionnelle des c\u00e2bles dans des environnements \u00e0 exigences de s\u00e9curit\u00e9 \u00e9lev\u00e9es.<br data-start=\"556\" data-end=\"559\" \/>Solution low smoke, ignifuge, avec un rapport de r\u00e9treint de 2:1, adapt\u00e9e aux grandes sections de c\u00e2bles.<\/p>\n<p><strong>Caract\u00e9ristiques principales<\/strong><\/p>\n","protected":false},"featured_media":58578,"comment_status":"open","ping_status":"closed","template":"","meta":{"_acf_changed":false,"_et_pb_use_builder":"","_et_pb_old_content":"","_et_gb_content_width":""},"product_brand":[],"product_cat":[661,676],"product_tag":[],"pa_connextion-shapes":[],"class_list":{"0":"post-58574","1":"product","2":"type-product","3":"status-publish","4":"has-post-thumbnail","6":"product_cat-marquage-de-cables","7":"product_cat-gaines-thermoretractables-imprimables","9":"first","10":"instock","11":"taxable","12":"shipping-taxable","13":"purchasable","14":"product-type-simple"},"exclude_global_add_ons":[],"addons":[],"acf":[],"yoast_head":"<!-- This site is optimized with the Yoast SEO Premium plugin v27.0 (Yoast SEO v27.1) - https:\/\/yoast.com\/product\/yoast-seo-premium-wordpress\/ -->\n<title>Gaine thermor\u00e9tractable sans halog\u00e8ne 2:1 \u2013 120\u2013185mm\u00b2 jaune<\/title>\n<meta name=\"description\" content=\"Gaine thermor\u00e9tractable sans halog\u00e8ne 2:1 pour l\u2019identification des c\u00e2bles. Low smoke, ignifuge et adapt\u00e9e aux environnements techniques.\" \/>\n<meta name=\"robots\" content=\"index, follow, max-snippet:-1, max-image-preview:large, max-video-preview:-1\" \/>\n<link rel=\"canonical\" href=\"https:\/\/d-identify.be\/fr\/produit\/gaine-thermoretractable-sans-halogene-2-1-120-185mm-jaune\/\" \/>\n<meta property=\"og:locale\" content=\"fr_FR\" \/>\n<meta property=\"og:type\" content=\"article\" \/>\n<meta property=\"og:title\" content=\"Gaine thermor\u00e9tractable sans halog\u00e8ne 2:1 \u2013 120\u2013185 mm\u00b2, jaune\" \/>\n<meta property=\"og:description\" content=\"Gaine thermor\u00e9tractable sans halog\u00e8ne 2:1 pour l\u2019identification des c\u00e2bles. Low smoke, ignifuge et adapt\u00e9e aux environnements techniques.\" \/>\n<meta property=\"og:url\" content=\"https:\/\/d-identify.be\/fr\/produit\/gaine-thermoretractable-sans-halogene-2-1-120-185mm-jaune\/\" \/>\n<meta property=\"og:site_name\" content=\"d-identify\" \/>\n<meta property=\"article:modified_time\" content=\"2026-01-27T10:34:48+00:00\" \/>\n<meta property=\"og:image\" content=\"https:\/\/d-identify.be\/wp-content\/uploads\/2025\/09\/HAF25.4YL.webp\" \/>\n\t<meta property=\"og:image:width\" content=\"1123\" \/>\n\t<meta property=\"og:image:height\" content=\"1123\" \/>\n\t<meta property=\"og:image:type\" content=\"image\/webp\" \/>\n<meta name=\"twitter:card\" content=\"summary_large_image\" \/>\n<meta name=\"twitter:label1\" content=\"Dur\u00e9e de lecture estim\u00e9e\" \/>\n\t<meta name=\"twitter:data1\" content=\"1 minute\" \/>\n<script type=\"application\/ld+json\" class=\"yoast-schema-graph\">{\"@context\":\"https:\/\/schema.org\",\"@graph\":[{\"@type\":\"WebPage\",\"@id\":\"https:\/\/d-identify.be\/fr\/produit\/gaine-thermoretractable-sans-halogene-2-1-120-185mm-jaune\/\",\"url\":\"https:\/\/d-identify.be\/fr\/produit\/gaine-thermoretractable-sans-halogene-2-1-120-185mm-jaune\/\",\"name\":\"Gaine thermor\u00e9tractable sans halog\u00e8ne 2:1 \u2013 120\u2013185mm\u00b2 jaune\",\"isPartOf\":{\"@id\":\"https:\/\/d-identify.be\/fr\/#website\"},\"primaryImageOfPage\":{\"@id\":\"https:\/\/d-identify.be\/fr\/produit\/gaine-thermoretractable-sans-halogene-2-1-120-185mm-jaune\/#primaryimage\"},\"image\":{\"@id\":\"https:\/\/d-identify.be\/fr\/produit\/gaine-thermoretractable-sans-halogene-2-1-120-185mm-jaune\/#primaryimage\"},\"thumbnailUrl\":\"https:\/\/d-identify.be\/wp-content\/uploads\/2025\/09\/HAF25.4YL.webp\",\"datePublished\":\"2025-09-10T12:16:42+00:00\",\"dateModified\":\"2026-01-27T10:34:48+00:00\",\"description\":\"Gaine thermor\u00e9tractable sans halog\u00e8ne 2:1 pour l\u2019identification des c\u00e2bles. Low smoke, ignifuge et adapt\u00e9e aux environnements techniques.\",\"breadcrumb\":{\"@id\":\"https:\/\/d-identify.be\/fr\/produit\/gaine-thermoretractable-sans-halogene-2-1-120-185mm-jaune\/#breadcrumb\"},\"inLanguage\":\"fr-FR\",\"potentialAction\":[{\"@type\":\"ReadAction\",\"target\":[\"https:\/\/d-identify.be\/fr\/produit\/gaine-thermoretractable-sans-halogene-2-1-120-185mm-jaune\/\"]}]},{\"@type\":\"ImageObject\",\"inLanguage\":\"fr-FR\",\"@id\":\"https:\/\/d-identify.be\/fr\/produit\/gaine-thermoretractable-sans-halogene-2-1-120-185mm-jaune\/#primaryimage\",\"url\":\"https:\/\/d-identify.be\/wp-content\/uploads\/2025\/09\/HAF25.4YL.webp\",\"contentUrl\":\"https:\/\/d-identify.be\/wp-content\/uploads\/2025\/09\/HAF25.4YL.webp\",\"width\":1123,\"height\":1123,\"caption\":\"Gaine thermor\u00e9tractable sans halog\u00e8ne 2:1 \u2013 120\u2013185mm\u00b2 jaune\"},{\"@type\":\"BreadcrumbList\",\"@id\":\"https:\/\/d-identify.be\/fr\/produit\/gaine-thermoretractable-sans-halogene-2-1-120-185mm-jaune\/#breadcrumb\",\"itemListElement\":[{\"@type\":\"ListItem\",\"position\":1,\"name\":\"Home\",\"item\":\"https:\/\/d-identify.be\/fr\/home-2\/\"},{\"@type\":\"ListItem\",\"position\":2,\"name\":\"Boutique\",\"item\":\"https:\/\/d-identify.be\/fr\/boutique\/\"},{\"@type\":\"ListItem\",\"position\":3,\"name\":\"Gaine thermor\u00e9tractable sans halog\u00e8ne 2:1 \u2013 120\u2013185 mm\u00b2, jaune\"}]},{\"@type\":\"WebSite\",\"@id\":\"https:\/\/d-identify.be\/fr\/#website\",\"url\":\"https:\/\/d-identify.be\/fr\/\",\"name\":\"d-identify\",\"description\":\"Industrial identification - Lockout - Tagout - Floor marking\",\"potentialAction\":[{\"@type\":\"SearchAction\",\"target\":{\"@type\":\"EntryPoint\",\"urlTemplate\":\"https:\/\/d-identify.be\/fr\/?s={search_term_string}\"},\"query-input\":{\"@type\":\"PropertyValueSpecification\",\"valueRequired\":true,\"valueName\":\"search_term_string\"}}],\"inLanguage\":\"fr-FR\"}]}<\/script>\n<!-- \/ Yoast SEO Premium plugin. -->","yoast_head_json":{"title":"Gaine thermor\u00e9tractable sans halog\u00e8ne 2:1 \u2013 120\u2013185mm\u00b2 jaune","description":"Gaine thermor\u00e9tractable sans halog\u00e8ne 2:1 pour l\u2019identification des c\u00e2bles. Low smoke, ignifuge et adapt\u00e9e aux environnements techniques.","robots":{"index":"index","follow":"follow","max-snippet":"max-snippet:-1","max-image-preview":"max-image-preview:large","max-video-preview":"max-video-preview:-1"},"canonical":"https:\/\/d-identify.be\/fr\/produit\/gaine-thermoretractable-sans-halogene-2-1-120-185mm-jaune\/","og_locale":"fr_FR","og_type":"article","og_title":"Gaine thermor\u00e9tractable sans halog\u00e8ne 2:1 \u2013 120\u2013185 mm\u00b2, jaune","og_description":"Gaine thermor\u00e9tractable sans halog\u00e8ne 2:1 pour l\u2019identification des c\u00e2bles. Low smoke, ignifuge et adapt\u00e9e aux environnements techniques.","og_url":"https:\/\/d-identify.be\/fr\/produit\/gaine-thermoretractable-sans-halogene-2-1-120-185mm-jaune\/","og_site_name":"d-identify","article_modified_time":"2026-01-27T10:34:48+00:00","og_image":[{"width":1123,"height":1123,"url":"https:\/\/d-identify.be\/wp-content\/uploads\/2025\/09\/HAF25.4YL.webp","type":"image\/webp"}],"twitter_card":"summary_large_image","twitter_misc":{"Dur\u00e9e de lecture estim\u00e9e":"1 minute"},"schema":{"@context":"https:\/\/schema.org","@graph":[{"@type":"WebPage","@id":"https:\/\/d-identify.be\/fr\/produit\/gaine-thermoretractable-sans-halogene-2-1-120-185mm-jaune\/","url":"https:\/\/d-identify.be\/fr\/produit\/gaine-thermoretractable-sans-halogene-2-1-120-185mm-jaune\/","name":"Gaine thermor\u00e9tractable sans halog\u00e8ne 2:1 \u2013 120\u2013185mm\u00b2 jaune","isPartOf":{"@id":"https:\/\/d-identify.be\/fr\/#website"},"primaryImageOfPage":{"@id":"https:\/\/d-identify.be\/fr\/produit\/gaine-thermoretractable-sans-halogene-2-1-120-185mm-jaune\/#primaryimage"},"image":{"@id":"https:\/\/d-identify.be\/fr\/produit\/gaine-thermoretractable-sans-halogene-2-1-120-185mm-jaune\/#primaryimage"},"thumbnailUrl":"https:\/\/d-identify.be\/wp-content\/uploads\/2025\/09\/HAF25.4YL.webp","datePublished":"2025-09-10T12:16:42+00:00","dateModified":"2026-01-27T10:34:48+00:00","description":"Gaine thermor\u00e9tractable sans halog\u00e8ne 2:1 pour l\u2019identification des c\u00e2bles. Low smoke, ignifuge et adapt\u00e9e aux environnements techniques.","breadcrumb":{"@id":"https:\/\/d-identify.be\/fr\/produit\/gaine-thermoretractable-sans-halogene-2-1-120-185mm-jaune\/#breadcrumb"},"inLanguage":"fr-FR","potentialAction":[{"@type":"ReadAction","target":["https:\/\/d-identify.be\/fr\/produit\/gaine-thermoretractable-sans-halogene-2-1-120-185mm-jaune\/"]}]},{"@type":"ImageObject","inLanguage":"fr-FR","@id":"https:\/\/d-identify.be\/fr\/produit\/gaine-thermoretractable-sans-halogene-2-1-120-185mm-jaune\/#primaryimage","url":"https:\/\/d-identify.be\/wp-content\/uploads\/2025\/09\/HAF25.4YL.webp","contentUrl":"https:\/\/d-identify.be\/wp-content\/uploads\/2025\/09\/HAF25.4YL.webp","width":1123,"height":1123,"caption":"Gaine thermor\u00e9tractable sans halog\u00e8ne 2:1 \u2013 120\u2013185mm\u00b2 jaune"},{"@type":"BreadcrumbList","@id":"https:\/\/d-identify.be\/fr\/produit\/gaine-thermoretractable-sans-halogene-2-1-120-185mm-jaune\/#breadcrumb","itemListElement":[{"@type":"ListItem","position":1,"name":"Home","item":"https:\/\/d-identify.be\/fr\/home-2\/"},{"@type":"ListItem","position":2,"name":"Boutique","item":"https:\/\/d-identify.be\/fr\/boutique\/"},{"@type":"ListItem","position":3,"name":"Gaine thermor\u00e9tractable sans halog\u00e8ne 2:1 \u2013 120\u2013185 mm\u00b2, jaune"}]},{"@type":"WebSite","@id":"https:\/\/d-identify.be\/fr\/#website","url":"https:\/\/d-identify.be\/fr\/","name":"d-identify","description":"Industrial identification - Lockout - Tagout - Floor marking","potentialAction":[{"@type":"SearchAction","target":{"@type":"EntryPoint","urlTemplate":"https:\/\/d-identify.be\/fr\/?s={search_term_string}"},"query-input":{"@type":"PropertyValueSpecification","valueRequired":true,"valueName":"search_term_string"}}],"inLanguage":"fr-FR"}]}},"_links":{"self":[{"href":"https:\/\/d-identify.be\/fr\/wp-json\/wp\/v2\/product\/58574","targetHints":{"allow":["GET"]}}],"collection":[{"href":"https:\/\/d-identify.be\/fr\/wp-json\/wp\/v2\/product"}],"about":[{"href":"https:\/\/d-identify.be\/fr\/wp-json\/wp\/v2\/types\/product"}],"replies":[{"embeddable":true,"href":"https:\/\/d-identify.be\/fr\/wp-json\/wp\/v2\/comments?post=58574"}],"wp:featuredmedia":[{"embeddable":true,"href":"https:\/\/d-identify.be\/fr\/wp-json\/wp\/v2\/media\/58578"}],"wp:attachment":[{"href":"https:\/\/d-identify.be\/fr\/wp-json\/wp\/v2\/media?parent=58574"}],"wp:term":[{"taxonomy":"product_brand","embeddable":true,"href":"https:\/\/d-identify.be\/fr\/wp-json\/wp\/v2\/product_brand?post=58574"},{"taxonomy":"product_cat","embeddable":true,"href":"https:\/\/d-identify.be\/fr\/wp-json\/wp\/v2\/product_cat?post=58574"},{"taxonomy":"product_tag","embeddable":true,"href":"https:\/\/d-identify.be\/fr\/wp-json\/wp\/v2\/product_tag?post=58574"},{"taxonomy":"pa_connextion-shapes","embeddable":true,"href":"https:\/\/d-identify.be\/fr\/wp-json\/wp\/v2\/pa_connextion-shapes?post=58574"}],"curies":[{"name":"wp","href":"https:\/\/api.w.org\/{rel}","templated":true}]}}