{"id":58532,"date":"2025-09-09T15:20:36","date_gmt":"2025-09-09T13:20:36","guid":{"rendered":"https:\/\/d-identify.be\/?post_type=product&#038;p=58532"},"modified":"2026-01-27T17:47:04","modified_gmt":"2026-01-27T15:47:04","slug":"gaine-thermoretractable-sans-halogene-2-1-16-35mm-blanc","status":"publish","type":"product","link":"https:\/\/d-identify.be\/fr\/produit\/gaine-thermoretractable-sans-halogene-2-1-16-35mm-blanc\/","title":{"rendered":"Gaine thermor\u00e9tractable sans halog\u00e8ne 2:1 \u2013 16\u201335 mm\u00b2, blanc"},"content":{"rendered":"<p data-start=\"3773\" data-end=\"4023\">Cette <strong data-start=\"3779\" data-end=\"3820\">gaine thermor\u00e9tractable sans halog\u00e8ne<\/strong> permet une identification s\u00fbre des c\u00e2bles dans les environnements o\u00f9 la s\u00e9curit\u00e9 incendie est essentielle. Elle est utilis\u00e9e dans le ferroviaire, les transports publics, l\u2019infrastructure et l\u2019industrie.<\/p>\n<p data-start=\"4025\" data-end=\"4214\">Gr\u00e2ce \u00e0 un <strong data-start=\"4036\" data-end=\"4066\">rapport de r\u00e9treint de 2:1<\/strong>, la gaine s\u2019adapte \u00e0 diff\u00e9rents diam\u00e8tres de c\u00e2bles. Apr\u00e8s r\u00e9treint, elle reste bien en place. Ainsi, les marquages restent lisibles dans le temps.<\/p>\n<p data-start=\"4216\" data-end=\"4410\">La gaine est fabriqu\u00e9e en <strong data-start=\"4242\" data-end=\"4271\">polyol\u00e9fine sans halog\u00e8ne<\/strong>, ce qui limite les fum\u00e9es toxiques et les gaz corrosifs en cas d\u2019incendie. Elle convient donc aux espaces confin\u00e9s et aux zones publiques.<\/p>\n<p data-start=\"4412\" data-end=\"4626\">Le mat\u00e9riau r\u00e9siste \u00e0 la <strong data-start=\"4437\" data-end=\"4486\">chaleur, \u00e0 l\u2019abrasion et aux agents chimiques<\/strong>. De plus, la surface imprimable reste nette et durable. L\u2019impression est compatible avec les <strong data-start=\"4580\" data-end=\"4625\">imprimantes \u00e0 transfert thermique 300 dpi<\/strong>.<\/p>\n<p data-start=\"4628\" data-end=\"4733\">Avec cette <strong data-start=\"4639\" data-end=\"4680\">gaine thermor\u00e9tractable sans halog\u00e8ne<\/strong>, vous assurez une identification durable des c\u00e2bles.<\/p>\n","protected":false},"excerpt":{"rendered":"<p><strong data-start=\"3560\" data-end=\"3601\">Gaine thermor\u00e9tractable sans halog\u00e8ne<\/strong> pour une identification fiable des c\u00e2bles. Solution low smoke et ignifuge avec un rapport de r\u00e9treint de 2:1 pour sections petites \u00e0 moyennes.<\/p>\n<p><strong>Caract\u00e9ristiques principales<\/strong><\/p>\n","protected":false},"featured_media":58536,"comment_status":"open","ping_status":"closed","template":"","meta":{"_acf_changed":false,"_et_pb_use_builder":"","_et_pb_old_content":"","_et_gb_content_width":""},"product_brand":[],"product_cat":[661,676],"product_tag":[],"pa_connextion-shapes":[],"class_list":{"0":"post-58532","1":"product","2":"type-product","3":"status-publish","4":"has-post-thumbnail","6":"product_cat-marquage-de-cables","7":"product_cat-gaines-thermoretractables-imprimables","9":"first","10":"instock","11":"taxable","12":"shipping-taxable","13":"purchasable","14":"product-type-simple"},"exclude_global_add_ons":[],"addons":[],"acf":[],"yoast_head":"<!-- This site is optimized with the Yoast SEO Premium plugin v27.0 (Yoast SEO v27.1) - https:\/\/yoast.com\/product\/yoast-seo-premium-wordpress\/ -->\n<title>gaine-thermoretractable-sans-halogene-2-1-16-35mm-blanc<\/title>\n<meta name=\"description\" content=\"Gaine thermor\u00e9tractable sans halog\u00e8ne 2:1 pour l\u2019identification des c\u00e2bles. Low smoke, ignifuge et adapt\u00e9e aux environnements techniques.\" \/>\n<meta name=\"robots\" content=\"index, follow, max-snippet:-1, max-image-preview:large, max-video-preview:-1\" \/>\n<link rel=\"canonical\" href=\"https:\/\/d-identify.be\/fr\/produit\/gaine-thermoretractable-sans-halogene-2-1-16-35mm-blanc\/\" \/>\n<meta property=\"og:locale\" content=\"fr_FR\" \/>\n<meta property=\"og:type\" content=\"article\" \/>\n<meta property=\"og:title\" content=\"Gaine thermor\u00e9tractable sans halog\u00e8ne 2:1 \u2013 16\u201335 mm\u00b2, blanc\" \/>\n<meta property=\"og:description\" content=\"Gaine thermor\u00e9tractable sans halog\u00e8ne 2:1 pour l\u2019identification des c\u00e2bles. Low smoke, ignifuge et adapt\u00e9e aux environnements techniques.\" \/>\n<meta property=\"og:url\" content=\"https:\/\/d-identify.be\/fr\/produit\/gaine-thermoretractable-sans-halogene-2-1-16-35mm-blanc\/\" \/>\n<meta property=\"og:site_name\" content=\"d-identify\" \/>\n<meta property=\"article:modified_time\" content=\"2026-01-27T15:47:04+00:00\" \/>\n<meta property=\"og:image\" content=\"https:\/\/d-identify.be\/wp-content\/uploads\/2025\/09\/HAF12.7WH.webp\" \/>\n\t<meta property=\"og:image:width\" content=\"1123\" \/>\n\t<meta property=\"og:image:height\" content=\"1123\" \/>\n\t<meta property=\"og:image:type\" content=\"image\/webp\" \/>\n<meta name=\"twitter:card\" content=\"summary_large_image\" \/>\n<meta name=\"twitter:label1\" content=\"Dur\u00e9e de lecture estim\u00e9e\" \/>\n\t<meta name=\"twitter:data1\" content=\"1 minute\" \/>\n<script type=\"application\/ld+json\" class=\"yoast-schema-graph\">{\"@context\":\"https:\/\/schema.org\",\"@graph\":[{\"@type\":\"WebPage\",\"@id\":\"https:\/\/d-identify.be\/fr\/produit\/gaine-thermoretractable-sans-halogene-2-1-16-35mm-blanc\/\",\"url\":\"https:\/\/d-identify.be\/fr\/produit\/gaine-thermoretractable-sans-halogene-2-1-16-35mm-blanc\/\",\"name\":\"gaine-thermoretractable-sans-halogene-2-1-16-35mm-blanc\",\"isPartOf\":{\"@id\":\"https:\/\/d-identify.be\/fr\/#website\"},\"primaryImageOfPage\":{\"@id\":\"https:\/\/d-identify.be\/fr\/produit\/gaine-thermoretractable-sans-halogene-2-1-16-35mm-blanc\/#primaryimage\"},\"image\":{\"@id\":\"https:\/\/d-identify.be\/fr\/produit\/gaine-thermoretractable-sans-halogene-2-1-16-35mm-blanc\/#primaryimage\"},\"thumbnailUrl\":\"https:\/\/d-identify.be\/wp-content\/uploads\/2025\/09\/HAF12.7WH.webp\",\"datePublished\":\"2025-09-09T13:20:36+00:00\",\"dateModified\":\"2026-01-27T15:47:04+00:00\",\"description\":\"Gaine thermor\u00e9tractable sans halog\u00e8ne 2:1 pour l\u2019identification des c\u00e2bles. Low smoke, ignifuge et adapt\u00e9e aux environnements techniques.\",\"breadcrumb\":{\"@id\":\"https:\/\/d-identify.be\/fr\/produit\/gaine-thermoretractable-sans-halogene-2-1-16-35mm-blanc\/#breadcrumb\"},\"inLanguage\":\"fr-FR\",\"potentialAction\":[{\"@type\":\"ReadAction\",\"target\":[\"https:\/\/d-identify.be\/fr\/produit\/gaine-thermoretractable-sans-halogene-2-1-16-35mm-blanc\/\"]}]},{\"@type\":\"ImageObject\",\"inLanguage\":\"fr-FR\",\"@id\":\"https:\/\/d-identify.be\/fr\/produit\/gaine-thermoretractable-sans-halogene-2-1-16-35mm-blanc\/#primaryimage\",\"url\":\"https:\/\/d-identify.be\/wp-content\/uploads\/2025\/09\/HAF12.7WH.webp\",\"contentUrl\":\"https:\/\/d-identify.be\/wp-content\/uploads\/2025\/09\/HAF12.7WH.webp\",\"width\":1123,\"height\":1123,\"caption\":\"gaine-thermoretractable-sans-halogene-2-1-16-35mm-blanc\"},{\"@type\":\"BreadcrumbList\",\"@id\":\"https:\/\/d-identify.be\/fr\/produit\/gaine-thermoretractable-sans-halogene-2-1-16-35mm-blanc\/#breadcrumb\",\"itemListElement\":[{\"@type\":\"ListItem\",\"position\":1,\"name\":\"Home\",\"item\":\"https:\/\/d-identify.be\/fr\/home-2\/\"},{\"@type\":\"ListItem\",\"position\":2,\"name\":\"Boutique\",\"item\":\"https:\/\/d-identify.be\/fr\/boutique\/\"},{\"@type\":\"ListItem\",\"position\":3,\"name\":\"Gaine thermor\u00e9tractable sans halog\u00e8ne 2:1 \u2013 16\u201335 mm\u00b2, blanc\"}]},{\"@type\":\"WebSite\",\"@id\":\"https:\/\/d-identify.be\/fr\/#website\",\"url\":\"https:\/\/d-identify.be\/fr\/\",\"name\":\"d-identify\",\"description\":\"Industrial identification - Lockout - Tagout - Floor marking\",\"potentialAction\":[{\"@type\":\"SearchAction\",\"target\":{\"@type\":\"EntryPoint\",\"urlTemplate\":\"https:\/\/d-identify.be\/fr\/?s={search_term_string}\"},\"query-input\":{\"@type\":\"PropertyValueSpecification\",\"valueRequired\":true,\"valueName\":\"search_term_string\"}}],\"inLanguage\":\"fr-FR\"}]}<\/script>\n<!-- \/ Yoast SEO Premium plugin. -->","yoast_head_json":{"title":"gaine-thermoretractable-sans-halogene-2-1-16-35mm-blanc","description":"Gaine thermor\u00e9tractable sans halog\u00e8ne 2:1 pour l\u2019identification des c\u00e2bles. Low smoke, ignifuge et adapt\u00e9e aux environnements techniques.","robots":{"index":"index","follow":"follow","max-snippet":"max-snippet:-1","max-image-preview":"max-image-preview:large","max-video-preview":"max-video-preview:-1"},"canonical":"https:\/\/d-identify.be\/fr\/produit\/gaine-thermoretractable-sans-halogene-2-1-16-35mm-blanc\/","og_locale":"fr_FR","og_type":"article","og_title":"Gaine thermor\u00e9tractable sans halog\u00e8ne 2:1 \u2013 16\u201335 mm\u00b2, blanc","og_description":"Gaine thermor\u00e9tractable sans halog\u00e8ne 2:1 pour l\u2019identification des c\u00e2bles. Low smoke, ignifuge et adapt\u00e9e aux environnements techniques.","og_url":"https:\/\/d-identify.be\/fr\/produit\/gaine-thermoretractable-sans-halogene-2-1-16-35mm-blanc\/","og_site_name":"d-identify","article_modified_time":"2026-01-27T15:47:04+00:00","og_image":[{"width":1123,"height":1123,"url":"https:\/\/d-identify.be\/wp-content\/uploads\/2025\/09\/HAF12.7WH.webp","type":"image\/webp"}],"twitter_card":"summary_large_image","twitter_misc":{"Dur\u00e9e de lecture estim\u00e9e":"1 minute"},"schema":{"@context":"https:\/\/schema.org","@graph":[{"@type":"WebPage","@id":"https:\/\/d-identify.be\/fr\/produit\/gaine-thermoretractable-sans-halogene-2-1-16-35mm-blanc\/","url":"https:\/\/d-identify.be\/fr\/produit\/gaine-thermoretractable-sans-halogene-2-1-16-35mm-blanc\/","name":"gaine-thermoretractable-sans-halogene-2-1-16-35mm-blanc","isPartOf":{"@id":"https:\/\/d-identify.be\/fr\/#website"},"primaryImageOfPage":{"@id":"https:\/\/d-identify.be\/fr\/produit\/gaine-thermoretractable-sans-halogene-2-1-16-35mm-blanc\/#primaryimage"},"image":{"@id":"https:\/\/d-identify.be\/fr\/produit\/gaine-thermoretractable-sans-halogene-2-1-16-35mm-blanc\/#primaryimage"},"thumbnailUrl":"https:\/\/d-identify.be\/wp-content\/uploads\/2025\/09\/HAF12.7WH.webp","datePublished":"2025-09-09T13:20:36+00:00","dateModified":"2026-01-27T15:47:04+00:00","description":"Gaine thermor\u00e9tractable sans halog\u00e8ne 2:1 pour l\u2019identification des c\u00e2bles. Low smoke, ignifuge et adapt\u00e9e aux environnements techniques.","breadcrumb":{"@id":"https:\/\/d-identify.be\/fr\/produit\/gaine-thermoretractable-sans-halogene-2-1-16-35mm-blanc\/#breadcrumb"},"inLanguage":"fr-FR","potentialAction":[{"@type":"ReadAction","target":["https:\/\/d-identify.be\/fr\/produit\/gaine-thermoretractable-sans-halogene-2-1-16-35mm-blanc\/"]}]},{"@type":"ImageObject","inLanguage":"fr-FR","@id":"https:\/\/d-identify.be\/fr\/produit\/gaine-thermoretractable-sans-halogene-2-1-16-35mm-blanc\/#primaryimage","url":"https:\/\/d-identify.be\/wp-content\/uploads\/2025\/09\/HAF12.7WH.webp","contentUrl":"https:\/\/d-identify.be\/wp-content\/uploads\/2025\/09\/HAF12.7WH.webp","width":1123,"height":1123,"caption":"gaine-thermoretractable-sans-halogene-2-1-16-35mm-blanc"},{"@type":"BreadcrumbList","@id":"https:\/\/d-identify.be\/fr\/produit\/gaine-thermoretractable-sans-halogene-2-1-16-35mm-blanc\/#breadcrumb","itemListElement":[{"@type":"ListItem","position":1,"name":"Home","item":"https:\/\/d-identify.be\/fr\/home-2\/"},{"@type":"ListItem","position":2,"name":"Boutique","item":"https:\/\/d-identify.be\/fr\/boutique\/"},{"@type":"ListItem","position":3,"name":"Gaine thermor\u00e9tractable sans halog\u00e8ne 2:1 \u2013 16\u201335 mm\u00b2, blanc"}]},{"@type":"WebSite","@id":"https:\/\/d-identify.be\/fr\/#website","url":"https:\/\/d-identify.be\/fr\/","name":"d-identify","description":"Industrial identification - Lockout - Tagout - Floor marking","potentialAction":[{"@type":"SearchAction","target":{"@type":"EntryPoint","urlTemplate":"https:\/\/d-identify.be\/fr\/?s={search_term_string}"},"query-input":{"@type":"PropertyValueSpecification","valueRequired":true,"valueName":"search_term_string"}}],"inLanguage":"fr-FR"}]}},"_links":{"self":[{"href":"https:\/\/d-identify.be\/fr\/wp-json\/wp\/v2\/product\/58532","targetHints":{"allow":["GET"]}}],"collection":[{"href":"https:\/\/d-identify.be\/fr\/wp-json\/wp\/v2\/product"}],"about":[{"href":"https:\/\/d-identify.be\/fr\/wp-json\/wp\/v2\/types\/product"}],"replies":[{"embeddable":true,"href":"https:\/\/d-identify.be\/fr\/wp-json\/wp\/v2\/comments?post=58532"}],"wp:featuredmedia":[{"embeddable":true,"href":"https:\/\/d-identify.be\/fr\/wp-json\/wp\/v2\/media\/58536"}],"wp:attachment":[{"href":"https:\/\/d-identify.be\/fr\/wp-json\/wp\/v2\/media?parent=58532"}],"wp:term":[{"taxonomy":"product_brand","embeddable":true,"href":"https:\/\/d-identify.be\/fr\/wp-json\/wp\/v2\/product_brand?post=58532"},{"taxonomy":"product_cat","embeddable":true,"href":"https:\/\/d-identify.be\/fr\/wp-json\/wp\/v2\/product_cat?post=58532"},{"taxonomy":"product_tag","embeddable":true,"href":"https:\/\/d-identify.be\/fr\/wp-json\/wp\/v2\/product_tag?post=58532"},{"taxonomy":"pa_connextion-shapes","embeddable":true,"href":"https:\/\/d-identify.be\/fr\/wp-json\/wp\/v2\/pa_connextion-shapes?post=58532"}],"curies":[{"name":"wp","href":"https:\/\/api.w.org\/{rel}","templated":true}]}}