{"id":58467,"date":"2025-09-09T13:38:34","date_gmt":"2025-09-09T11:38:34","guid":{"rendered":"https:\/\/d-identify.be\/?post_type=product&#038;p=58467"},"modified":"2026-01-28T00:08:44","modified_gmt":"2026-01-27T22:08:44","slug":"gaine-thermoretractable-sans-halogene-2-1-0-1mm-blanc","status":"publish","type":"product","link":"https:\/\/d-identify.be\/fr\/produit\/gaine-thermoretractable-sans-halogene-2-1-0-1mm-blanc\/","title":{"rendered":"Gaine thermor\u00e9tractable sans halog\u00e8ne 2:1 \u2013 0\u20131 mm\u00b2, blanc"},"content":{"rendered":"<p data-start=\"3781\" data-end=\"4060\">Cette <strong data-start=\"3787\" data-end=\"3828\">gaine thermor\u00e9tractable sans halog\u00e8ne<\/strong> permet une identification fiable des fils et conducteurs fins dans les environnements o\u00f9 la s\u00e9curit\u00e9 incendie est essentielle. Elle est utilis\u00e9e en \u00e9lectronique, en automatisation, dans les armoires \u00e9lectriques et dans l\u2019industrie.<\/p>\n<p data-start=\"4062\" data-end=\"4263\">Gr\u00e2ce \u00e0 un <strong data-start=\"4073\" data-end=\"4103\">rapport de r\u00e9treint de 2:1<\/strong>, la gaine s\u2019adapte parfaitement aux tr\u00e8s petits diam\u00e8tres de fils. Apr\u00e8s r\u00e9treint, elle reste bien en place. Ainsi, les marquages restent lisibles et durables.<\/p>\n<p data-start=\"4265\" data-end=\"4471\">La gaine est fabriqu\u00e9e en <strong data-start=\"4291\" data-end=\"4320\">polyol\u00e9fine sans halog\u00e8ne<\/strong>, ce qui limite les fum\u00e9es toxiques et les gaz corrosifs en cas d\u2019incendie. Elle convient donc aux espaces confin\u00e9s et aux zones accessibles au public.<\/p>\n<p data-start=\"4473\" data-end=\"4687\">Le mat\u00e9riau r\u00e9siste \u00e0 la <strong data-start=\"4498\" data-end=\"4547\">chaleur, \u00e0 l\u2019abrasion et aux agents chimiques<\/strong>. De plus, la surface imprimable reste nette et durable. L\u2019impression est compatible avec les <strong data-start=\"4641\" data-end=\"4686\">imprimantes \u00e0 transfert thermique 300 dpi<\/strong>.<\/p>\n<p data-start=\"4689\" data-end=\"4809\">Avec cette <strong data-start=\"4700\" data-end=\"4741\">gaine thermor\u00e9tractable sans halog\u00e8ne<\/strong>, vous garantissez une identification s\u00fbre et durable des fils fins.<\/p>\n","protected":false},"excerpt":{"rendered":"<p><strong data-start=\"3572\" data-end=\"3613\">Gaine thermor\u00e9tractable sans halog\u00e8ne<\/strong> pour l\u2019identification pr\u00e9cise des fils fins. Solution low smoke et ignifuge avec un rapport de r\u00e9treint de 2:1 pour tr\u00e8s petites sections.<\/p>\n<p><strong>Caract\u00e9ristiques principales<\/strong><\/p>\n","protected":false},"featured_media":58472,"comment_status":"open","ping_status":"closed","template":"","meta":{"_acf_changed":false,"_et_pb_use_builder":"","_et_pb_old_content":"","_et_gb_content_width":""},"product_brand":[],"product_cat":[661,676],"product_tag":[],"pa_connextion-shapes":[],"class_list":{"0":"post-58467","1":"product","2":"type-product","3":"status-publish","4":"has-post-thumbnail","6":"product_cat-marquage-de-cables","7":"product_cat-gaines-thermoretractables-imprimables","9":"first","10":"instock","11":"taxable","12":"shipping-taxable","13":"purchasable","14":"product-type-simple"},"exclude_global_add_ons":[],"addons":[],"acf":[],"yoast_head":"<!-- This site is optimized with the Yoast SEO Premium plugin v27.0 (Yoast SEO v27.1) - https:\/\/yoast.com\/product\/yoast-seo-premium-wordpress\/ -->\n<title>Gaine thermor\u00e9tractable sans halog\u00e8ne 2:1 \u2013 0\u20131mm\u00b2 blanc<\/title>\n<meta name=\"description\" content=\"Gaine thermor\u00e9tractable sans halog\u00e8ne 2:1 pour l\u2019identification des fils fins. Low smoke, ignifuge et adapt\u00e9e aux environnements techniques et industriels.\" \/>\n<meta name=\"robots\" content=\"index, follow, max-snippet:-1, max-image-preview:large, max-video-preview:-1\" \/>\n<link rel=\"canonical\" href=\"https:\/\/d-identify.be\/fr\/produit\/gaine-thermoretractable-sans-halogene-2-1-0-1mm-blanc\/\" \/>\n<meta property=\"og:locale\" content=\"fr_FR\" \/>\n<meta property=\"og:type\" content=\"article\" \/>\n<meta property=\"og:title\" content=\"Gaine thermor\u00e9tractable sans halog\u00e8ne 2:1 \u2013 0\u20131 mm\u00b2, blanc\" \/>\n<meta property=\"og:description\" content=\"Gaine thermor\u00e9tractable sans halog\u00e8ne 2:1 pour l\u2019identification des fils fins. Low smoke, ignifuge et adapt\u00e9e aux environnements techniques et industriels.\" \/>\n<meta property=\"og:url\" content=\"https:\/\/d-identify.be\/fr\/produit\/gaine-thermoretractable-sans-halogene-2-1-0-1mm-blanc\/\" \/>\n<meta property=\"og:site_name\" content=\"d-identify\" \/>\n<meta property=\"article:modified_time\" content=\"2026-01-27T22:08:44+00:00\" \/>\n<meta property=\"og:image\" content=\"https:\/\/d-identify.be\/wp-content\/uploads\/2025\/09\/HAF3.2WH.webp\" \/>\n\t<meta property=\"og:image:width\" content=\"1123\" \/>\n\t<meta property=\"og:image:height\" content=\"1123\" \/>\n\t<meta property=\"og:image:type\" content=\"image\/webp\" \/>\n<meta name=\"twitter:card\" content=\"summary_large_image\" \/>\n<meta name=\"twitter:label1\" content=\"Dur\u00e9e de lecture estim\u00e9e\" \/>\n\t<meta name=\"twitter:data1\" content=\"1 minute\" \/>\n<script type=\"application\/ld+json\" class=\"yoast-schema-graph\">{\"@context\":\"https:\/\/schema.org\",\"@graph\":[{\"@type\":\"WebPage\",\"@id\":\"https:\/\/d-identify.be\/fr\/produit\/gaine-thermoretractable-sans-halogene-2-1-0-1mm-blanc\/\",\"url\":\"https:\/\/d-identify.be\/fr\/produit\/gaine-thermoretractable-sans-halogene-2-1-0-1mm-blanc\/\",\"name\":\"Gaine thermor\u00e9tractable sans halog\u00e8ne 2:1 \u2013 0\u20131mm\u00b2 blanc\",\"isPartOf\":{\"@id\":\"https:\/\/d-identify.be\/fr\/#website\"},\"primaryImageOfPage\":{\"@id\":\"https:\/\/d-identify.be\/fr\/produit\/gaine-thermoretractable-sans-halogene-2-1-0-1mm-blanc\/#primaryimage\"},\"image\":{\"@id\":\"https:\/\/d-identify.be\/fr\/produit\/gaine-thermoretractable-sans-halogene-2-1-0-1mm-blanc\/#primaryimage\"},\"thumbnailUrl\":\"https:\/\/d-identify.be\/wp-content\/uploads\/2025\/09\/HAF3.2WH.webp\",\"datePublished\":\"2025-09-09T11:38:34+00:00\",\"dateModified\":\"2026-01-27T22:08:44+00:00\",\"description\":\"Gaine thermor\u00e9tractable sans halog\u00e8ne 2:1 pour l\u2019identification des fils fins. Low smoke, ignifuge et adapt\u00e9e aux environnements techniques et industriels.\",\"breadcrumb\":{\"@id\":\"https:\/\/d-identify.be\/fr\/produit\/gaine-thermoretractable-sans-halogene-2-1-0-1mm-blanc\/#breadcrumb\"},\"inLanguage\":\"fr-FR\",\"potentialAction\":[{\"@type\":\"ReadAction\",\"target\":[\"https:\/\/d-identify.be\/fr\/produit\/gaine-thermoretractable-sans-halogene-2-1-0-1mm-blanc\/\"]}]},{\"@type\":\"ImageObject\",\"inLanguage\":\"fr-FR\",\"@id\":\"https:\/\/d-identify.be\/fr\/produit\/gaine-thermoretractable-sans-halogene-2-1-0-1mm-blanc\/#primaryimage\",\"url\":\"https:\/\/d-identify.be\/wp-content\/uploads\/2025\/09\/HAF3.2WH.webp\",\"contentUrl\":\"https:\/\/d-identify.be\/wp-content\/uploads\/2025\/09\/HAF3.2WH.webp\",\"width\":1123,\"height\":1123,\"caption\":\"Gaine thermor\u00e9tractable sans halog\u00e8ne 2:1 \u2013 0\u20131mm\u00b2 blanc\"},{\"@type\":\"BreadcrumbList\",\"@id\":\"https:\/\/d-identify.be\/fr\/produit\/gaine-thermoretractable-sans-halogene-2-1-0-1mm-blanc\/#breadcrumb\",\"itemListElement\":[{\"@type\":\"ListItem\",\"position\":1,\"name\":\"Home\",\"item\":\"https:\/\/d-identify.be\/fr\/home-2\/\"},{\"@type\":\"ListItem\",\"position\":2,\"name\":\"Boutique\",\"item\":\"https:\/\/d-identify.be\/fr\/boutique\/\"},{\"@type\":\"ListItem\",\"position\":3,\"name\":\"Gaine thermor\u00e9tractable sans halog\u00e8ne 2:1 \u2013 0\u20131 mm\u00b2, blanc\"}]},{\"@type\":\"WebSite\",\"@id\":\"https:\/\/d-identify.be\/fr\/#website\",\"url\":\"https:\/\/d-identify.be\/fr\/\",\"name\":\"d-identify\",\"description\":\"Industrial identification - Lockout - Tagout - Floor marking\",\"potentialAction\":[{\"@type\":\"SearchAction\",\"target\":{\"@type\":\"EntryPoint\",\"urlTemplate\":\"https:\/\/d-identify.be\/fr\/?s={search_term_string}\"},\"query-input\":{\"@type\":\"PropertyValueSpecification\",\"valueRequired\":true,\"valueName\":\"search_term_string\"}}],\"inLanguage\":\"fr-FR\"}]}<\/script>\n<!-- \/ Yoast SEO Premium plugin. -->","yoast_head_json":{"title":"Gaine thermor\u00e9tractable sans halog\u00e8ne 2:1 \u2013 0\u20131mm\u00b2 blanc","description":"Gaine thermor\u00e9tractable sans halog\u00e8ne 2:1 pour l\u2019identification des fils fins. Low smoke, ignifuge et adapt\u00e9e aux environnements techniques et industriels.","robots":{"index":"index","follow":"follow","max-snippet":"max-snippet:-1","max-image-preview":"max-image-preview:large","max-video-preview":"max-video-preview:-1"},"canonical":"https:\/\/d-identify.be\/fr\/produit\/gaine-thermoretractable-sans-halogene-2-1-0-1mm-blanc\/","og_locale":"fr_FR","og_type":"article","og_title":"Gaine thermor\u00e9tractable sans halog\u00e8ne 2:1 \u2013 0\u20131 mm\u00b2, blanc","og_description":"Gaine thermor\u00e9tractable sans halog\u00e8ne 2:1 pour l\u2019identification des fils fins. Low smoke, ignifuge et adapt\u00e9e aux environnements techniques et industriels.","og_url":"https:\/\/d-identify.be\/fr\/produit\/gaine-thermoretractable-sans-halogene-2-1-0-1mm-blanc\/","og_site_name":"d-identify","article_modified_time":"2026-01-27T22:08:44+00:00","og_image":[{"width":1123,"height":1123,"url":"https:\/\/d-identify.be\/wp-content\/uploads\/2025\/09\/HAF3.2WH.webp","type":"image\/webp"}],"twitter_card":"summary_large_image","twitter_misc":{"Dur\u00e9e de lecture estim\u00e9e":"1 minute"},"schema":{"@context":"https:\/\/schema.org","@graph":[{"@type":"WebPage","@id":"https:\/\/d-identify.be\/fr\/produit\/gaine-thermoretractable-sans-halogene-2-1-0-1mm-blanc\/","url":"https:\/\/d-identify.be\/fr\/produit\/gaine-thermoretractable-sans-halogene-2-1-0-1mm-blanc\/","name":"Gaine thermor\u00e9tractable sans halog\u00e8ne 2:1 \u2013 0\u20131mm\u00b2 blanc","isPartOf":{"@id":"https:\/\/d-identify.be\/fr\/#website"},"primaryImageOfPage":{"@id":"https:\/\/d-identify.be\/fr\/produit\/gaine-thermoretractable-sans-halogene-2-1-0-1mm-blanc\/#primaryimage"},"image":{"@id":"https:\/\/d-identify.be\/fr\/produit\/gaine-thermoretractable-sans-halogene-2-1-0-1mm-blanc\/#primaryimage"},"thumbnailUrl":"https:\/\/d-identify.be\/wp-content\/uploads\/2025\/09\/HAF3.2WH.webp","datePublished":"2025-09-09T11:38:34+00:00","dateModified":"2026-01-27T22:08:44+00:00","description":"Gaine thermor\u00e9tractable sans halog\u00e8ne 2:1 pour l\u2019identification des fils fins. Low smoke, ignifuge et adapt\u00e9e aux environnements techniques et industriels.","breadcrumb":{"@id":"https:\/\/d-identify.be\/fr\/produit\/gaine-thermoretractable-sans-halogene-2-1-0-1mm-blanc\/#breadcrumb"},"inLanguage":"fr-FR","potentialAction":[{"@type":"ReadAction","target":["https:\/\/d-identify.be\/fr\/produit\/gaine-thermoretractable-sans-halogene-2-1-0-1mm-blanc\/"]}]},{"@type":"ImageObject","inLanguage":"fr-FR","@id":"https:\/\/d-identify.be\/fr\/produit\/gaine-thermoretractable-sans-halogene-2-1-0-1mm-blanc\/#primaryimage","url":"https:\/\/d-identify.be\/wp-content\/uploads\/2025\/09\/HAF3.2WH.webp","contentUrl":"https:\/\/d-identify.be\/wp-content\/uploads\/2025\/09\/HAF3.2WH.webp","width":1123,"height":1123,"caption":"Gaine thermor\u00e9tractable sans halog\u00e8ne 2:1 \u2013 0\u20131mm\u00b2 blanc"},{"@type":"BreadcrumbList","@id":"https:\/\/d-identify.be\/fr\/produit\/gaine-thermoretractable-sans-halogene-2-1-0-1mm-blanc\/#breadcrumb","itemListElement":[{"@type":"ListItem","position":1,"name":"Home","item":"https:\/\/d-identify.be\/fr\/home-2\/"},{"@type":"ListItem","position":2,"name":"Boutique","item":"https:\/\/d-identify.be\/fr\/boutique\/"},{"@type":"ListItem","position":3,"name":"Gaine thermor\u00e9tractable sans halog\u00e8ne 2:1 \u2013 0\u20131 mm\u00b2, blanc"}]},{"@type":"WebSite","@id":"https:\/\/d-identify.be\/fr\/#website","url":"https:\/\/d-identify.be\/fr\/","name":"d-identify","description":"Industrial identification - Lockout - Tagout - Floor marking","potentialAction":[{"@type":"SearchAction","target":{"@type":"EntryPoint","urlTemplate":"https:\/\/d-identify.be\/fr\/?s={search_term_string}"},"query-input":{"@type":"PropertyValueSpecification","valueRequired":true,"valueName":"search_term_string"}}],"inLanguage":"fr-FR"}]}},"_links":{"self":[{"href":"https:\/\/d-identify.be\/fr\/wp-json\/wp\/v2\/product\/58467","targetHints":{"allow":["GET"]}}],"collection":[{"href":"https:\/\/d-identify.be\/fr\/wp-json\/wp\/v2\/product"}],"about":[{"href":"https:\/\/d-identify.be\/fr\/wp-json\/wp\/v2\/types\/product"}],"replies":[{"embeddable":true,"href":"https:\/\/d-identify.be\/fr\/wp-json\/wp\/v2\/comments?post=58467"}],"wp:featuredmedia":[{"embeddable":true,"href":"https:\/\/d-identify.be\/fr\/wp-json\/wp\/v2\/media\/58472"}],"wp:attachment":[{"href":"https:\/\/d-identify.be\/fr\/wp-json\/wp\/v2\/media?parent=58467"}],"wp:term":[{"taxonomy":"product_brand","embeddable":true,"href":"https:\/\/d-identify.be\/fr\/wp-json\/wp\/v2\/product_brand?post=58467"},{"taxonomy":"product_cat","embeddable":true,"href":"https:\/\/d-identify.be\/fr\/wp-json\/wp\/v2\/product_cat?post=58467"},{"taxonomy":"product_tag","embeddable":true,"href":"https:\/\/d-identify.be\/fr\/wp-json\/wp\/v2\/product_tag?post=58467"},{"taxonomy":"pa_connextion-shapes","embeddable":true,"href":"https:\/\/d-identify.be\/fr\/wp-json\/wp\/v2\/pa_connextion-shapes?post=58467"}],"curies":[{"name":"wp","href":"https:\/\/api.w.org\/{rel}","templated":true}]}}