{"id":58459,"date":"2025-09-09T13:27:15","date_gmt":"2025-09-09T11:27:15","guid":{"rendered":"https:\/\/d-identify.be\/?post_type=product&#038;p=58459"},"modified":"2026-01-28T00:17:54","modified_gmt":"2026-01-27T22:17:54","slug":"gaine-thermoretractable-sans-halogene-2-1-moins-0-5mm-jaune","status":"publish","type":"product","link":"https:\/\/d-identify.be\/fr\/produit\/gaine-thermoretractable-sans-halogene-2-1-moins-0-5mm-jaune\/","title":{"rendered":"Halogeenvrije krimpkous 2:1 \u2013 <0.5mm\u00b2 geel"},"content":{"rendered":"<p data-start=\"3907\" data-end=\"4189\">Cette <strong data-start=\"3913\" data-end=\"3954\">gaine thermor\u00e9tractable sans halog\u00e8ne<\/strong> permet une identification fiable des fils de tr\u00e8s faible section dans les environnements o\u00f9 la s\u00e9curit\u00e9 incendie est essentielle. Elle est utilis\u00e9e en \u00e9lectronique, en automatisation, dans les armoires \u00e9lectriques et dans l\u2019industrie.<\/p>\n<p data-start=\"4191\" data-end=\"4401\">Gr\u00e2ce \u00e0 un <strong data-start=\"4202\" data-end=\"4232\">rapport de r\u00e9treint de 2:1<\/strong>, la gaine s\u2019adapte parfaitement aux diam\u00e8tres extr\u00eamement r\u00e9duits des fils. Apr\u00e8s r\u00e9treint, elle reste bien en place. Ainsi, les marquages restent lisibles et durables.<\/p>\n<p data-start=\"4403\" data-end=\"4609\">La gaine est fabriqu\u00e9e en <strong data-start=\"4429\" data-end=\"4458\">polyol\u00e9fine sans halog\u00e8ne<\/strong>, ce qui limite les fum\u00e9es toxiques et les gaz corrosifs en cas d\u2019incendie. Elle convient donc aux espaces confin\u00e9s et aux zones accessibles au public.<\/p>\n<p data-start=\"4611\" data-end=\"4825\">Le mat\u00e9riau r\u00e9siste \u00e0 la <strong data-start=\"4636\" data-end=\"4685\">chaleur, \u00e0 l\u2019abrasion et aux agents chimiques<\/strong>. De plus, la surface imprimable reste nette et durable. L\u2019impression est compatible avec les <strong data-start=\"4779\" data-end=\"4824\">imprimantes \u00e0 transfert thermique 300 dpi<\/strong>.<\/p>\n<p data-start=\"4827\" data-end=\"4948\">Avec cette <strong data-start=\"4838\" data-end=\"4879\">gaine thermor\u00e9tractable sans halog\u00e8ne<\/strong>, vous assurez une identification s\u00fbre et durable des fils tr\u00e8s fins.<\/p>\n","protected":false},"excerpt":{"rendered":"<p><strong data-start=\"3701\" data-end=\"3742\">Gaine thermor\u00e9tractable sans halog\u00e8ne<\/strong> pour l\u2019identification pr\u00e9cise de fils tr\u00e8s fins. Solution low smoke et ignifuge avec un rapport de r\u00e9treint de 2:1 pour micro-sections.<\/p>\n<p><strong>Caract\u00e9ristiques principales<\/strong><\/p>\n","protected":false},"featured_media":58463,"comment_status":"open","ping_status":"closed","template":"","meta":{"_acf_changed":false,"_et_pb_use_builder":"","_et_pb_old_content":"","_et_gb_content_width":""},"product_brand":[],"product_cat":[661,676],"product_tag":[],"pa_connextion-shapes":[],"class_list":{"0":"post-58459","1":"product","2":"type-product","3":"status-publish","4":"has-post-thumbnail","6":"product_cat-marquage-de-cables","7":"product_cat-gaines-thermoretractables-imprimables","9":"first","10":"instock","11":"taxable","12":"shipping-taxable","13":"purchasable","14":"product-type-simple"},"exclude_global_add_ons":[],"addons":[],"acf":[],"yoast_head":"<!-- This site is optimized with the Yoast SEO Premium plugin v27.0 (Yoast SEO v27.1) - https:\/\/yoast.com\/product\/yoast-seo-premium-wordpress\/ -->\n<title>Gaine thermor\u00e9tractable sans halog\u00e8ne 2:1 \u2013 &lt;0.5mm\u00b2 jaune<\/title>\n<meta name=\"description\" content=\"Gaine thermor\u00e9tractable sans halog\u00e8ne 2:1 pour fils tr\u00e8s fins. Low smoke, ignifuge et adapt\u00e9e aux environnements techniques.\" \/>\n<meta name=\"robots\" content=\"index, follow, max-snippet:-1, max-image-preview:large, max-video-preview:-1\" \/>\n<link rel=\"canonical\" href=\"https:\/\/d-identify.be\/fr\/produit\/gaine-thermoretractable-sans-halogene-2-1-moins-0-5mm-jaune\/\" \/>\n<meta property=\"og:locale\" content=\"fr_FR\" \/>\n<meta property=\"og:type\" content=\"article\" \/>\n<meta property=\"og:title\" content=\"Halogeenvrije krimpkous 2:1 \u2013\" \/>\n<meta property=\"og:description\" content=\"Gaine thermor\u00e9tractable sans halog\u00e8ne 2:1 pour fils tr\u00e8s fins. Low smoke, ignifuge et adapt\u00e9e aux environnements techniques.\" \/>\n<meta property=\"og:url\" content=\"https:\/\/d-identify.be\/fr\/produit\/gaine-thermoretractable-sans-halogene-2-1-moins-0-5mm-jaune\/\" \/>\n<meta property=\"og:site_name\" content=\"d-identify\" \/>\n<meta property=\"article:modified_time\" content=\"2026-01-27T22:17:54+00:00\" \/>\n<meta property=\"og:image\" content=\"https:\/\/d-identify.be\/wp-content\/uploads\/2025\/09\/HAF2.4YL.webp\" \/>\n\t<meta property=\"og:image:width\" content=\"1123\" \/>\n\t<meta property=\"og:image:height\" content=\"1123\" \/>\n\t<meta property=\"og:image:type\" content=\"image\/webp\" \/>\n<meta name=\"twitter:card\" content=\"summary_large_image\" \/>\n<meta name=\"twitter:label1\" content=\"Dur\u00e9e de lecture estim\u00e9e\" \/>\n\t<meta name=\"twitter:data1\" content=\"1 minute\" \/>\n<script type=\"application\/ld+json\" class=\"yoast-schema-graph\">{\"@context\":\"https:\/\/schema.org\",\"@graph\":[{\"@type\":\"WebPage\",\"@id\":\"https:\/\/d-identify.be\/fr\/produit\/gaine-thermoretractable-sans-halogene-2-1-moins-0-5mm-jaune\/\",\"url\":\"https:\/\/d-identify.be\/fr\/produit\/gaine-thermoretractable-sans-halogene-2-1-moins-0-5mm-jaune\/\",\"name\":\"Gaine thermor\u00e9tractable sans halog\u00e8ne 2:1 \u2013 &lt;0.5mm\u00b2 jaune\",\"isPartOf\":{\"@id\":\"https:\/\/d-identify.be\/fr\/#website\"},\"primaryImageOfPage\":{\"@id\":\"https:\/\/d-identify.be\/fr\/produit\/gaine-thermoretractable-sans-halogene-2-1-moins-0-5mm-jaune\/#primaryimage\"},\"image\":{\"@id\":\"https:\/\/d-identify.be\/fr\/produit\/gaine-thermoretractable-sans-halogene-2-1-moins-0-5mm-jaune\/#primaryimage\"},\"thumbnailUrl\":\"https:\/\/d-identify.be\/wp-content\/uploads\/2025\/09\/HAF2.4YL.webp\",\"datePublished\":\"2025-09-09T11:27:15+00:00\",\"dateModified\":\"2026-01-27T22:17:54+00:00\",\"description\":\"Gaine thermor\u00e9tractable sans halog\u00e8ne 2:1 pour fils tr\u00e8s fins. Low smoke, ignifuge et adapt\u00e9e aux environnements techniques.\",\"breadcrumb\":{\"@id\":\"https:\/\/d-identify.be\/fr\/produit\/gaine-thermoretractable-sans-halogene-2-1-moins-0-5mm-jaune\/#breadcrumb\"},\"inLanguage\":\"fr-FR\",\"potentialAction\":[{\"@type\":\"ReadAction\",\"target\":[\"https:\/\/d-identify.be\/fr\/produit\/gaine-thermoretractable-sans-halogene-2-1-moins-0-5mm-jaune\/\"]}]},{\"@type\":\"ImageObject\",\"inLanguage\":\"fr-FR\",\"@id\":\"https:\/\/d-identify.be\/fr\/produit\/gaine-thermoretractable-sans-halogene-2-1-moins-0-5mm-jaune\/#primaryimage\",\"url\":\"https:\/\/d-identify.be\/wp-content\/uploads\/2025\/09\/HAF2.4YL.webp\",\"contentUrl\":\"https:\/\/d-identify.be\/wp-content\/uploads\/2025\/09\/HAF2.4YL.webp\",\"width\":1123,\"height\":1123,\"caption\":\"Gaine thermor\u00e9tractable sans halog\u00e8ne 2:1 \u2013\"},{\"@type\":\"BreadcrumbList\",\"@id\":\"https:\/\/d-identify.be\/fr\/produit\/gaine-thermoretractable-sans-halogene-2-1-moins-0-5mm-jaune\/#breadcrumb\",\"itemListElement\":[{\"@type\":\"ListItem\",\"position\":1,\"name\":\"Home\",\"item\":\"https:\/\/d-identify.be\/fr\/home-2\/\"},{\"@type\":\"ListItem\",\"position\":2,\"name\":\"Boutique\",\"item\":\"https:\/\/d-identify.be\/fr\/boutique\/\"},{\"@type\":\"ListItem\",\"position\":3,\"name\":\"Halogeenvrije krimpkous 2:1 \u2013\"}]},{\"@type\":\"WebSite\",\"@id\":\"https:\/\/d-identify.be\/fr\/#website\",\"url\":\"https:\/\/d-identify.be\/fr\/\",\"name\":\"d-identify\",\"description\":\"Industrial identification - Lockout - Tagout - Floor marking\",\"potentialAction\":[{\"@type\":\"SearchAction\",\"target\":{\"@type\":\"EntryPoint\",\"urlTemplate\":\"https:\/\/d-identify.be\/fr\/?s={search_term_string}\"},\"query-input\":{\"@type\":\"PropertyValueSpecification\",\"valueRequired\":true,\"valueName\":\"search_term_string\"}}],\"inLanguage\":\"fr-FR\"}]}<\/script>\n<!-- \/ Yoast SEO Premium plugin. -->","yoast_head_json":{"title":"Gaine thermor\u00e9tractable sans halog\u00e8ne 2:1 \u2013 &lt;0.5mm\u00b2 jaune","description":"Gaine thermor\u00e9tractable sans halog\u00e8ne 2:1 pour fils tr\u00e8s fins. Low smoke, ignifuge et adapt\u00e9e aux environnements techniques.","robots":{"index":"index","follow":"follow","max-snippet":"max-snippet:-1","max-image-preview":"max-image-preview:large","max-video-preview":"max-video-preview:-1"},"canonical":"https:\/\/d-identify.be\/fr\/produit\/gaine-thermoretractable-sans-halogene-2-1-moins-0-5mm-jaune\/","og_locale":"fr_FR","og_type":"article","og_title":"Halogeenvrije krimpkous 2:1 \u2013","og_description":"Gaine thermor\u00e9tractable sans halog\u00e8ne 2:1 pour fils tr\u00e8s fins. Low smoke, ignifuge et adapt\u00e9e aux environnements techniques.","og_url":"https:\/\/d-identify.be\/fr\/produit\/gaine-thermoretractable-sans-halogene-2-1-moins-0-5mm-jaune\/","og_site_name":"d-identify","article_modified_time":"2026-01-27T22:17:54+00:00","og_image":[{"width":1123,"height":1123,"url":"https:\/\/d-identify.be\/wp-content\/uploads\/2025\/09\/HAF2.4YL.webp","type":"image\/webp"}],"twitter_card":"summary_large_image","twitter_misc":{"Dur\u00e9e de lecture estim\u00e9e":"1 minute"},"schema":{"@context":"https:\/\/schema.org","@graph":[{"@type":"WebPage","@id":"https:\/\/d-identify.be\/fr\/produit\/gaine-thermoretractable-sans-halogene-2-1-moins-0-5mm-jaune\/","url":"https:\/\/d-identify.be\/fr\/produit\/gaine-thermoretractable-sans-halogene-2-1-moins-0-5mm-jaune\/","name":"Gaine thermor\u00e9tractable sans halog\u00e8ne 2:1 \u2013 &lt;0.5mm\u00b2 jaune","isPartOf":{"@id":"https:\/\/d-identify.be\/fr\/#website"},"primaryImageOfPage":{"@id":"https:\/\/d-identify.be\/fr\/produit\/gaine-thermoretractable-sans-halogene-2-1-moins-0-5mm-jaune\/#primaryimage"},"image":{"@id":"https:\/\/d-identify.be\/fr\/produit\/gaine-thermoretractable-sans-halogene-2-1-moins-0-5mm-jaune\/#primaryimage"},"thumbnailUrl":"https:\/\/d-identify.be\/wp-content\/uploads\/2025\/09\/HAF2.4YL.webp","datePublished":"2025-09-09T11:27:15+00:00","dateModified":"2026-01-27T22:17:54+00:00","description":"Gaine thermor\u00e9tractable sans halog\u00e8ne 2:1 pour fils tr\u00e8s fins. Low smoke, ignifuge et adapt\u00e9e aux environnements techniques.","breadcrumb":{"@id":"https:\/\/d-identify.be\/fr\/produit\/gaine-thermoretractable-sans-halogene-2-1-moins-0-5mm-jaune\/#breadcrumb"},"inLanguage":"fr-FR","potentialAction":[{"@type":"ReadAction","target":["https:\/\/d-identify.be\/fr\/produit\/gaine-thermoretractable-sans-halogene-2-1-moins-0-5mm-jaune\/"]}]},{"@type":"ImageObject","inLanguage":"fr-FR","@id":"https:\/\/d-identify.be\/fr\/produit\/gaine-thermoretractable-sans-halogene-2-1-moins-0-5mm-jaune\/#primaryimage","url":"https:\/\/d-identify.be\/wp-content\/uploads\/2025\/09\/HAF2.4YL.webp","contentUrl":"https:\/\/d-identify.be\/wp-content\/uploads\/2025\/09\/HAF2.4YL.webp","width":1123,"height":1123,"caption":"Gaine thermor\u00e9tractable sans halog\u00e8ne 2:1 \u2013"},{"@type":"BreadcrumbList","@id":"https:\/\/d-identify.be\/fr\/produit\/gaine-thermoretractable-sans-halogene-2-1-moins-0-5mm-jaune\/#breadcrumb","itemListElement":[{"@type":"ListItem","position":1,"name":"Home","item":"https:\/\/d-identify.be\/fr\/home-2\/"},{"@type":"ListItem","position":2,"name":"Boutique","item":"https:\/\/d-identify.be\/fr\/boutique\/"},{"@type":"ListItem","position":3,"name":"Halogeenvrije krimpkous 2:1 \u2013"}]},{"@type":"WebSite","@id":"https:\/\/d-identify.be\/fr\/#website","url":"https:\/\/d-identify.be\/fr\/","name":"d-identify","description":"Industrial identification - Lockout - Tagout - Floor marking","potentialAction":[{"@type":"SearchAction","target":{"@type":"EntryPoint","urlTemplate":"https:\/\/d-identify.be\/fr\/?s={search_term_string}"},"query-input":{"@type":"PropertyValueSpecification","valueRequired":true,"valueName":"search_term_string"}}],"inLanguage":"fr-FR"}]}},"_links":{"self":[{"href":"https:\/\/d-identify.be\/fr\/wp-json\/wp\/v2\/product\/58459","targetHints":{"allow":["GET"]}}],"collection":[{"href":"https:\/\/d-identify.be\/fr\/wp-json\/wp\/v2\/product"}],"about":[{"href":"https:\/\/d-identify.be\/fr\/wp-json\/wp\/v2\/types\/product"}],"replies":[{"embeddable":true,"href":"https:\/\/d-identify.be\/fr\/wp-json\/wp\/v2\/comments?post=58459"}],"wp:featuredmedia":[{"embeddable":true,"href":"https:\/\/d-identify.be\/fr\/wp-json\/wp\/v2\/media\/58463"}],"wp:attachment":[{"href":"https:\/\/d-identify.be\/fr\/wp-json\/wp\/v2\/media?parent=58459"}],"wp:term":[{"taxonomy":"product_brand","embeddable":true,"href":"https:\/\/d-identify.be\/fr\/wp-json\/wp\/v2\/product_brand?post=58459"},{"taxonomy":"product_cat","embeddable":true,"href":"https:\/\/d-identify.be\/fr\/wp-json\/wp\/v2\/product_cat?post=58459"},{"taxonomy":"product_tag","embeddable":true,"href":"https:\/\/d-identify.be\/fr\/wp-json\/wp\/v2\/product_tag?post=58459"},{"taxonomy":"pa_connextion-shapes","embeddable":true,"href":"https:\/\/d-identify.be\/fr\/wp-json\/wp\/v2\/pa_connextion-shapes?post=58459"}],"curies":[{"name":"wp","href":"https:\/\/api.w.org\/{rel}","templated":true}]}}