{"id":58033,"date":"2025-07-11T10:41:37","date_gmt":"2025-07-11T08:41:37","guid":{"rendered":"https:\/\/d-identify.be\/?post_type=product&#038;p=58033"},"modified":"2025-09-01T10:18:08","modified_gmt":"2025-09-01T08:18:08","slug":"duralabel-toro-max-starter-kit-copy","status":"publish","type":"product","link":"https:\/\/d-identify.be\/fr\/produit\/duralabel-toro-max-starter-kit-copy\/","title":{"rendered":"Kit de d\u00e9marrage Toro Max 5S"},"content":{"rendered":"<ul>\n<li>\n<p data-start=\"236\" data-end=\"329\"><strong data-start=\"236\" data-end=\"329\">Kit DuraLabel 5S Toro Max \u2013 Solution d&rsquo;\u00e9tiquetage flexible pour applications Lean et 5S<\/strong><\/p>\n<p data-start=\"331\" data-end=\"656\">Le kit DuraLabel 5S Toro Max offre tout ce dont vous avez besoin pour d\u00e9buter avec l&rsquo;\u00e9tiquetage professionnel 5S et Lean, dans un syst\u00e8me puissant et autonome. Con\u00e7u pour un usage industriel, le Toro Max imprime des panneaux de sol durables, des \u00e9tiquettes d&rsquo;\u00e9quipement, des marqueurs de tuyauterie et bien plus encore, vous aidant \u00e0 cr\u00e9er un espace de travail plus s\u00fbr et plus efficace. <\/p>\n<p data-start=\"658\" data-end=\"910\">Ce kit comprend <strong data-start=\"680\" data-end=\"700\">l&rsquo;imprimante Toro Max<\/strong>, <strong data-start=\"702\" data-end=\"727\">un logiciel de cr\u00e9ation d&rsquo;\u00e9tiquettes<\/strong> et <strong data-start=\"749\" data-end=\"778\">une collection de mod\u00e8les 5S pr\u00eats \u00e0 l&#8217;emploi<\/strong> pour acc\u00e9l\u00e9rer votre mise en \u0153uvre. Le syst\u00e8me fonctionne sans PC et dispose d&rsquo;un \u00e9cran tactile couleur pour une impression rapide et \u00e0 la demande. <\/p>\n<p data-start=\"912\" data-end=\"1153\">Ce qui rend ce kit flexible : <strong data-start=\"950\" data-end=\"1015\">vous pouvez choisir parmi une large gamme de rubans compatibles DuraLabel<\/strong>, de diff\u00e9rentes largeurs, couleurs et mat\u00e9riaux, parfaitement adapt\u00e9s \u00e0 vos besoins 5S ou de s\u00e9curit\u00e9. Des fournitures suppl\u00e9mentaires peuvent \u00eatre ajout\u00e9es lors du paiement. <\/p>\n<h3 data-start=\"1155\" data-end=\"1176\">Le kit 5S Toro Max comprend :<\/h3>\n<ul data-start=\"1177\" data-end=\"1472\">\n<li data-start=\"1177\" data-end=\"1252\">\n<p data-start=\"1179\" data-end=\"1252\">Imprimante d&rsquo;\u00e9tiquettes industrielle DuraLabel Toro Max (autonome avec \u00e9cran tactile)<\/p>\n<\/li>\n<li data-start=\"1253\" data-end=\"1287\">\n<p data-start=\"1255\" data-end=\"1287\">Logiciel de conception d&rsquo;\u00e9tiquettes int\u00e9gr\u00e9<\/p>\n<\/li>\n<li data-start=\"1288\" data-end=\"1337\">\n<p data-start=\"1290\" data-end=\"1337\">Mod\u00e8les 5S pr\u00e9charg\u00e9s et dispositions de panneaux d&rsquo;\u00e9tage<\/p>\n<\/li>\n<li data-start=\"1338\" data-end=\"1388\">\n<p data-start=\"1340\" data-end=\"1388\">Alimentation, guide de d\u00e9marrage rapide et ports USB<\/p>\n<\/li>\n<li data-start=\"1389\" data-end=\"1472\">\n<p data-start=\"1391\" data-end=\"1472\">Facultatif : ajoutez vos cartouches de ruban et de bande pr\u00e9f\u00e9r\u00e9es en fonction de votre application<\/p>\n<\/li>\n<\/ul>\n<p data-start=\"1474\" data-end=\"1496\">Ce kit est id\u00e9al pour :<\/p>\n<ul data-start=\"1497\" data-end=\"1665\">\n<li data-start=\"1497\" data-end=\"1548\">\n<p data-start=\"1499\" data-end=\"1548\">Management visuel 5S et organisation du lieu de travail<\/p>\n<\/li>\n<li data-start=\"1549\" data-end=\"1585\">\n<p data-start=\"1551\" data-end=\"1585\">Marquage au sol et signalisation de s\u00e9curit\u00e9<\/p>\n<\/li>\n<li data-start=\"1624\" data-end=\"1665\">\n<p data-start=\"1626\" data-end=\"1665\">Planches d&rsquo;ombre et identification des outils<\/p>\n<\/li>\n<\/ul>\n<p data-start=\"1667\" data-end=\"1769\"><strong data-start=\"1667\" data-end=\"1769\">Commencez \u00e0 imprimer instantan\u00e9ment, adaptez-vous selon vos besoins et choisissez exactement les fournitures adapt\u00e9es \u00e0 votre installation.<\/strong><\/p>\n<\/li>\n<\/ul>\n","protected":false},"excerpt":{"rendered":"<p class=\"ai-optimize-17\"><strong data-start=\"117\" data-end=\"154\">Kit de d\u00e9marrage DuraLabel Toro Max 5S<\/strong><br data-start=\"154\" data-end=\"157\">Tout ce dont vous avez besoin pour imprimer des panneaux de sol, des \u00e9tiquettes et des visuels de s\u00e9curit\u00e9 5S durables, d\u00e8s la premi\u00e8re utilisation. Ce kit comprend l&rsquo;imprimante industrielle Toro Max, un logiciel de cr\u00e9ation d&rsquo;\u00e9tiquettes, du ruban de marquage au sol haut de gamme et des mod\u00e8les 5S pr\u00e9charg\u00e9s. Id\u00e9al pour la production optimis\u00e9e et l&rsquo;organisation du lieu de travail.  <\/p>\n","protected":false},"featured_media":58037,"comment_status":"open","ping_status":"closed","template":"","meta":{"_acf_changed":false,"_et_pb_use_builder":"","_et_pb_old_content":"","_et_gb_content_width":""},"product_brand":[],"product_cat":[1062],"product_tag":[928],"pa_connextion-shapes":[],"class_list":{"0":"post-58033","1":"product","2":"type-product","3":"status-publish","4":"has-post-thumbnail","6":"product_cat-kits-de-demarrage-duralabel","7":"product_tag-duralabel-fr","9":"first","10":"instock","11":"sale","12":"taxable","13":"shipping-taxable","14":"purchasable","15":"product-type-woosg"},"exclude_global_add_ons":[],"addons":[],"acf":[],"yoast_head":"<!-- This site is optimized with the Yoast SEO Premium plugin v27.0 (Yoast SEO v27.1) - https:\/\/yoast.com\/product\/yoast-seo-premium-wordpress\/ -->\n<title>Kit 5S Toro Max - Optimisez votre production avec 5S<\/title>\n<meta name=\"description\" content=\"Kit d&#039;\u00e9tiquetage 5S complet avec imprimante Toro Max, gabarits et logiciel. Id\u00e9al pour la signalisation au sol, le marquage des canalisations et l&#039;organisation du lieu de travail.\" \/>\n<meta name=\"robots\" content=\"index, follow, max-snippet:-1, max-image-preview:large, max-video-preview:-1\" \/>\n<link rel=\"canonical\" href=\"https:\/\/d-identify.be\/fr\/produit\/duralabel-toro-max-starter-kit-copy\/\" \/>\n<meta property=\"og:locale\" content=\"fr_FR\" \/>\n<meta property=\"og:type\" content=\"article\" \/>\n<meta property=\"og:title\" content=\"Kit de d\u00e9marrage Toro Max 5S\" \/>\n<meta property=\"og:description\" content=\"Kit d&#039;\u00e9tiquetage 5S complet avec imprimante Toro Max, gabarits et logiciel. Id\u00e9al pour la signalisation au sol, le marquage des canalisations et l&#039;organisation du lieu de travail.\" \/>\n<meta property=\"og:url\" content=\"https:\/\/d-identify.be\/fr\/produit\/duralabel-toro-max-starter-kit-copy\/\" \/>\n<meta property=\"og:site_name\" content=\"d-identify\" \/>\n<meta property=\"article:modified_time\" content=\"2025-09-01T08:18:08+00:00\" \/>\n<meta property=\"og:image\" content=\"https:\/\/d-identify.be\/wp-content\/uploads\/2025\/07\/DLTM-5S__39373.webp\" \/>\n\t<meta property=\"og:image:width\" content=\"960\" \/>\n\t<meta property=\"og:image:height\" content=\"960\" \/>\n\t<meta property=\"og:image:type\" content=\"image\/webp\" \/>\n<meta name=\"twitter:card\" content=\"summary_large_image\" \/>\n<meta name=\"twitter:label1\" content=\"Dur\u00e9e de lecture estim\u00e9e\" \/>\n\t<meta name=\"twitter:data1\" content=\"2 minutes\" \/>\n<script type=\"application\/ld+json\" class=\"yoast-schema-graph\">{\"@context\":\"https:\/\/schema.org\",\"@graph\":[{\"@type\":\"WebPage\",\"@id\":\"https:\/\/d-identify.be\/fr\/produit\/duralabel-toro-max-starter-kit-copy\/\",\"url\":\"https:\/\/d-identify.be\/fr\/produit\/duralabel-toro-max-starter-kit-copy\/\",\"name\":\"Kit 5S Toro Max - Optimisez votre production avec 5S\",\"isPartOf\":{\"@id\":\"https:\/\/d-identify.be\/fr\/#website\"},\"primaryImageOfPage\":{\"@id\":\"https:\/\/d-identify.be\/fr\/produit\/duralabel-toro-max-starter-kit-copy\/#primaryimage\"},\"image\":{\"@id\":\"https:\/\/d-identify.be\/fr\/produit\/duralabel-toro-max-starter-kit-copy\/#primaryimage\"},\"thumbnailUrl\":\"https:\/\/d-identify.be\/wp-content\/uploads\/2025\/07\/DLTM-5S__39373.webp\",\"datePublished\":\"2025-07-11T08:41:37+00:00\",\"dateModified\":\"2025-09-01T08:18:08+00:00\",\"description\":\"Kit d'\u00e9tiquetage 5S complet avec imprimante Toro Max, gabarits et logiciel. Id\u00e9al pour la signalisation au sol, le marquage des canalisations et l'organisation du lieu de travail.\",\"breadcrumb\":{\"@id\":\"https:\/\/d-identify.be\/fr\/produit\/duralabel-toro-max-starter-kit-copy\/#breadcrumb\"},\"inLanguage\":\"fr-FR\",\"potentialAction\":[{\"@type\":\"ReadAction\",\"target\":[\"https:\/\/d-identify.be\/fr\/produit\/duralabel-toro-max-starter-kit-copy\/\"]}]},{\"@type\":\"ImageObject\",\"inLanguage\":\"fr-FR\",\"@id\":\"https:\/\/d-identify.be\/fr\/produit\/duralabel-toro-max-starter-kit-copy\/#primaryimage\",\"url\":\"https:\/\/d-identify.be\/wp-content\/uploads\/2025\/07\/DLTM-5S__39373.webp\",\"contentUrl\":\"https:\/\/d-identify.be\/wp-content\/uploads\/2025\/07\/DLTM-5S__39373.webp\",\"width\":960,\"height\":960,\"caption\":\"Kit de d\u00e9marrage Duralabel Toro Max 5S Europe\"},{\"@type\":\"BreadcrumbList\",\"@id\":\"https:\/\/d-identify.be\/fr\/produit\/duralabel-toro-max-starter-kit-copy\/#breadcrumb\",\"itemListElement\":[{\"@type\":\"ListItem\",\"position\":1,\"name\":\"Home\",\"item\":\"https:\/\/d-identify.be\/fr\/home-2\/\"},{\"@type\":\"ListItem\",\"position\":2,\"name\":\"Boutique\",\"item\":\"https:\/\/d-identify.be\/fr\/boutique\/\"},{\"@type\":\"ListItem\",\"position\":3,\"name\":\"Kit de d\u00e9marrage Toro Max 5S\"}]},{\"@type\":\"WebSite\",\"@id\":\"https:\/\/d-identify.be\/fr\/#website\",\"url\":\"https:\/\/d-identify.be\/fr\/\",\"name\":\"d-identify\",\"description\":\"Industrial identification - Lockout - Tagout - Floor marking\",\"potentialAction\":[{\"@type\":\"SearchAction\",\"target\":{\"@type\":\"EntryPoint\",\"urlTemplate\":\"https:\/\/d-identify.be\/fr\/?s={search_term_string}\"},\"query-input\":{\"@type\":\"PropertyValueSpecification\",\"valueRequired\":true,\"valueName\":\"search_term_string\"}}],\"inLanguage\":\"fr-FR\"}]}<\/script>\n<!-- \/ Yoast SEO Premium plugin. -->","yoast_head_json":{"title":"Kit 5S Toro Max - Optimisez votre production avec 5S","description":"Kit d'\u00e9tiquetage 5S complet avec imprimante Toro Max, gabarits et logiciel. Id\u00e9al pour la signalisation au sol, le marquage des canalisations et l'organisation du lieu de travail.","robots":{"index":"index","follow":"follow","max-snippet":"max-snippet:-1","max-image-preview":"max-image-preview:large","max-video-preview":"max-video-preview:-1"},"canonical":"https:\/\/d-identify.be\/fr\/produit\/duralabel-toro-max-starter-kit-copy\/","og_locale":"fr_FR","og_type":"article","og_title":"Kit de d\u00e9marrage Toro Max 5S","og_description":"Kit d'\u00e9tiquetage 5S complet avec imprimante Toro Max, gabarits et logiciel. Id\u00e9al pour la signalisation au sol, le marquage des canalisations et l'organisation du lieu de travail.","og_url":"https:\/\/d-identify.be\/fr\/produit\/duralabel-toro-max-starter-kit-copy\/","og_site_name":"d-identify","article_modified_time":"2025-09-01T08:18:08+00:00","og_image":[{"width":960,"height":960,"url":"https:\/\/d-identify.be\/wp-content\/uploads\/2025\/07\/DLTM-5S__39373.webp","type":"image\/webp"}],"twitter_card":"summary_large_image","twitter_misc":{"Dur\u00e9e de lecture estim\u00e9e":"2 minutes"},"schema":{"@context":"https:\/\/schema.org","@graph":[{"@type":"WebPage","@id":"https:\/\/d-identify.be\/fr\/produit\/duralabel-toro-max-starter-kit-copy\/","url":"https:\/\/d-identify.be\/fr\/produit\/duralabel-toro-max-starter-kit-copy\/","name":"Kit 5S Toro Max - Optimisez votre production avec 5S","isPartOf":{"@id":"https:\/\/d-identify.be\/fr\/#website"},"primaryImageOfPage":{"@id":"https:\/\/d-identify.be\/fr\/produit\/duralabel-toro-max-starter-kit-copy\/#primaryimage"},"image":{"@id":"https:\/\/d-identify.be\/fr\/produit\/duralabel-toro-max-starter-kit-copy\/#primaryimage"},"thumbnailUrl":"https:\/\/d-identify.be\/wp-content\/uploads\/2025\/07\/DLTM-5S__39373.webp","datePublished":"2025-07-11T08:41:37+00:00","dateModified":"2025-09-01T08:18:08+00:00","description":"Kit d'\u00e9tiquetage 5S complet avec imprimante Toro Max, gabarits et logiciel. Id\u00e9al pour la signalisation au sol, le marquage des canalisations et l'organisation du lieu de travail.","breadcrumb":{"@id":"https:\/\/d-identify.be\/fr\/produit\/duralabel-toro-max-starter-kit-copy\/#breadcrumb"},"inLanguage":"fr-FR","potentialAction":[{"@type":"ReadAction","target":["https:\/\/d-identify.be\/fr\/produit\/duralabel-toro-max-starter-kit-copy\/"]}]},{"@type":"ImageObject","inLanguage":"fr-FR","@id":"https:\/\/d-identify.be\/fr\/produit\/duralabel-toro-max-starter-kit-copy\/#primaryimage","url":"https:\/\/d-identify.be\/wp-content\/uploads\/2025\/07\/DLTM-5S__39373.webp","contentUrl":"https:\/\/d-identify.be\/wp-content\/uploads\/2025\/07\/DLTM-5S__39373.webp","width":960,"height":960,"caption":"Kit de d\u00e9marrage Duralabel Toro Max 5S Europe"},{"@type":"BreadcrumbList","@id":"https:\/\/d-identify.be\/fr\/produit\/duralabel-toro-max-starter-kit-copy\/#breadcrumb","itemListElement":[{"@type":"ListItem","position":1,"name":"Home","item":"https:\/\/d-identify.be\/fr\/home-2\/"},{"@type":"ListItem","position":2,"name":"Boutique","item":"https:\/\/d-identify.be\/fr\/boutique\/"},{"@type":"ListItem","position":3,"name":"Kit de d\u00e9marrage Toro Max 5S"}]},{"@type":"WebSite","@id":"https:\/\/d-identify.be\/fr\/#website","url":"https:\/\/d-identify.be\/fr\/","name":"d-identify","description":"Industrial identification - Lockout - Tagout - Floor marking","potentialAction":[{"@type":"SearchAction","target":{"@type":"EntryPoint","urlTemplate":"https:\/\/d-identify.be\/fr\/?s={search_term_string}"},"query-input":{"@type":"PropertyValueSpecification","valueRequired":true,"valueName":"search_term_string"}}],"inLanguage":"fr-FR"}]}},"_links":{"self":[{"href":"https:\/\/d-identify.be\/fr\/wp-json\/wp\/v2\/product\/58033","targetHints":{"allow":["GET"]}}],"collection":[{"href":"https:\/\/d-identify.be\/fr\/wp-json\/wp\/v2\/product"}],"about":[{"href":"https:\/\/d-identify.be\/fr\/wp-json\/wp\/v2\/types\/product"}],"replies":[{"embeddable":true,"href":"https:\/\/d-identify.be\/fr\/wp-json\/wp\/v2\/comments?post=58033"}],"wp:featuredmedia":[{"embeddable":true,"href":"https:\/\/d-identify.be\/fr\/wp-json\/wp\/v2\/media\/58037"}],"wp:attachment":[{"href":"https:\/\/d-identify.be\/fr\/wp-json\/wp\/v2\/media?parent=58033"}],"wp:term":[{"taxonomy":"product_brand","embeddable":true,"href":"https:\/\/d-identify.be\/fr\/wp-json\/wp\/v2\/product_brand?post=58033"},{"taxonomy":"product_cat","embeddable":true,"href":"https:\/\/d-identify.be\/fr\/wp-json\/wp\/v2\/product_cat?post=58033"},{"taxonomy":"product_tag","embeddable":true,"href":"https:\/\/d-identify.be\/fr\/wp-json\/wp\/v2\/product_tag?post=58033"},{"taxonomy":"pa_connextion-shapes","embeddable":true,"href":"https:\/\/d-identify.be\/fr\/wp-json\/wp\/v2\/pa_connextion-shapes?post=58033"}],"curies":[{"name":"wp","href":"https:\/\/api.w.org\/{rel}","templated":true}]}}