{"id":57675,"date":"2025-07-01T17:10:10","date_gmt":"2025-07-01T15:10:10","guid":{"rendered":"https:\/\/d-identify.be\/?post_type=product&#038;p=57675"},"modified":"2025-12-02T16:38:14","modified_gmt":"2025-12-02T14:38:14","slug":"kit-de-demarrage-didentification-de-cables-pur","status":"publish","type":"product","link":"https:\/\/d-identify.be\/fr\/produit\/kit-de-demarrage-didentification-de-cables-pur\/","title":{"rendered":"Kit de d\u00e9marrage d\u2019identification de c\u00e2bles PUR"},"content":{"rendered":"<div class=\"product__brief\" data-v-47def444=\"\">\n<div class=\"product__brief\" data-v-47def444=\"\">Imprimante de codes-barres intelligente et fiable pour une large gamme d&rsquo;applications<\/div>\n<div class=\"product__detail editor\" data-v-47def444=\"\">\n<p>Imprimante de bureau multifonction 4 pouces avanc\u00e9e pour applications l\u00e9g\u00e8res \u00e0 moyennes.<br \/>\nApplications moyennes. Gr\u00e2ce \u00e0 ses fonctionnalit\u00e9s puissantes et fiables, la RT700 est le choix id\u00e9al pour les applications commerciales et industrielles.<\/p>\n<p><span style=\"color: #ff6600;\"><strong> 3 ans de garantie <\/strong><\/span><\/p>\n<ul>\n<li>La conception moderne \u00e0 clapet simplifie le chargement des \u00e9tiquettes<\/li>\n<li>Porte-rouleau d&rsquo;\u00e9tiquettes sans tige pour un chargement facile et une alimentation en douceur<\/li>\n<li>La technologie \u00ab Twin-Sensor \u00bb vous permet d&rsquo;utiliser une large gamme d&rsquo;\u00e9tiquettes<\/li>\n<li>Le bouton \u00ab C \u00bb innovant rend l&rsquo;\u00e9talonnage des \u00e9tiquettes simple et rapide<\/li>\n<li>Prise en charge des langues EZPL, GEPL et GZPL<\/li>\n<li>Logiciel gratuit de conception d&rsquo;\u00e9tiquettes GoLabel<\/li>\n<\/ul>\n<\/div>\n<\/div>\n","protected":false},"excerpt":{"rendered":"<div class=\"product__brief ai-optimize-introduction\" data-v-47def444=\"\"><strong>Imprimante de codes-barres intelligente et fiable pour une large gamme d&rsquo;applications<\/strong><\/div>\n<div class=\"product__detail editor\" data-v-47def444=\"\">\n<p class=\"ai-optimize-16\">Imprimante de bureau multifonction 4 pouces avanc\u00e9e pour applications l\u00e9g\u00e8res \u00e0 moyennes.<br \/>\nApplications moyennes. Gr\u00e2ce \u00e0 ses fonctionnalit\u00e9s puissantes et fiables, la RT700 est le choix id\u00e9al pour les applications commerciales et industrielles.<\/p>\n<\/div>\n<ul>\n<li class=\"ai-optimize-25\"><span style=\"color: #ff6600;\">Logiciel d&rsquo;\u00e9tiquetage gratuit GoLabel \/ QLabel pour une impression facile<\/span><\/li>\n<\/ul>\n<p class=\"product__brief ai-optimize-20\">Vous pouvez acheter un ruban de t<a href=\"https:\/\/d-identify.be\/fr\/categories-de-produits\/rubans-de-transfert-thermique\/\">ransfert thermique compatible Godex<\/a> dans notre boutique<\/p>\n<p class=\"product__brief ai-optimize-21\"><strong>Principales fonctionnalit\u00e9s<\/strong><\/p>\n","protected":false},"featured_media":57592,"comment_status":"open","ping_status":"closed","template":"","meta":{"_acf_changed":false,"_et_pb_use_builder":"","_et_pb_old_content":"","_et_gb_content_width":""},"product_brand":[1227],"product_cat":[667],"product_tag":[],"pa_connextion-shapes":[],"class_list":{"0":"post-57675","1":"product","2":"type-product","3":"status-publish","4":"has-post-thumbnail","6":"product_brand-godex","7":"product_cat-identification-de-cable-pur","9":"first","10":"instock","11":"sale","12":"taxable","13":"shipping-taxable","14":"purchasable","15":"product-type-woosg"},"exclude_global_add_ons":[],"addons":[],"acf":[],"yoast_head":"<!-- This site is optimized with the Yoast SEO Premium plugin v27.0 (Yoast SEO v27.1) - https:\/\/yoast.com\/product\/yoast-seo-premium-wordpress\/ -->\n<title>Imprimante \u00e0 transfert thermique G500 - 4&quot; \u00e9conomique - Godex<\/title>\n<meta name=\"description\" content=\"Notre imprimante \u00e0 transfert thermique \u00e9conomique G500 4 pouces de Godex est id\u00e9ale pour imprimer tous types d&#039;\u00e9tiquettes \u00e0 codes-barres. Logiciel Golabel gratuit inclus !\" \/>\n<meta name=\"robots\" content=\"index, follow, max-snippet:-1, max-image-preview:large, max-video-preview:-1\" \/>\n<link rel=\"canonical\" href=\"https:\/\/d-identify.be\/fr\/produit\/kit-de-demarrage-didentification-de-cables-pur\/\" \/>\n<meta property=\"og:locale\" content=\"fr_FR\" \/>\n<meta property=\"og:type\" content=\"article\" \/>\n<meta property=\"og:title\" content=\"Kit de d\u00e9marrage d\u2019identification de c\u00e2bles PUR\" \/>\n<meta property=\"og:description\" content=\"Notre imprimante \u00e0 transfert thermique \u00e9conomique G500 4 pouces de Godex est id\u00e9ale pour imprimer tous types d&#039;\u00e9tiquettes \u00e0 codes-barres. Logiciel Golabel gratuit inclus !\" \/>\n<meta property=\"og:url\" content=\"https:\/\/d-identify.be\/fr\/produit\/kit-de-demarrage-didentification-de-cables-pur\/\" \/>\n<meta property=\"og:site_name\" content=\"d-identify\" \/>\n<meta property=\"article:modified_time\" content=\"2025-12-02T14:38:14+00:00\" \/>\n<meta property=\"og:image\" content=\"https:\/\/d-identify.be\/wp-content\/uploads\/2025\/06\/PUR-Cable-tagging-kit.jpg\" \/>\n\t<meta property=\"og:image:width\" content=\"1512\" \/>\n\t<meta property=\"og:image:height\" content=\"1512\" \/>\n\t<meta property=\"og:image:type\" content=\"image\/jpeg\" \/>\n<meta name=\"twitter:card\" content=\"summary_large_image\" \/>\n<meta name=\"twitter:label1\" content=\"Dur\u00e9e de lecture estim\u00e9e\" \/>\n\t<meta name=\"twitter:data1\" content=\"1 minute\" \/>\n<script type=\"application\/ld+json\" class=\"yoast-schema-graph\">{\"@context\":\"https:\/\/schema.org\",\"@graph\":[{\"@type\":\"WebPage\",\"@id\":\"https:\/\/d-identify.be\/fr\/produit\/kit-de-demarrage-didentification-de-cables-pur\/\",\"url\":\"https:\/\/d-identify.be\/fr\/produit\/kit-de-demarrage-didentification-de-cables-pur\/\",\"name\":\"Imprimante \u00e0 transfert thermique G500 - 4\\\" \u00e9conomique - Godex\",\"isPartOf\":{\"@id\":\"https:\/\/d-identify.be\/fr\/#website\"},\"primaryImageOfPage\":{\"@id\":\"https:\/\/d-identify.be\/fr\/produit\/kit-de-demarrage-didentification-de-cables-pur\/#primaryimage\"},\"image\":{\"@id\":\"https:\/\/d-identify.be\/fr\/produit\/kit-de-demarrage-didentification-de-cables-pur\/#primaryimage\"},\"thumbnailUrl\":\"https:\/\/d-identify.be\/wp-content\/uploads\/2025\/06\/PUR-Cable-tagging-kit.jpg\",\"datePublished\":\"2025-07-01T15:10:10+00:00\",\"dateModified\":\"2025-12-02T14:38:14+00:00\",\"description\":\"Notre imprimante \u00e0 transfert thermique \u00e9conomique G500 4 pouces de Godex est id\u00e9ale pour imprimer tous types d'\u00e9tiquettes \u00e0 codes-barres. Logiciel Golabel gratuit inclus !\",\"breadcrumb\":{\"@id\":\"https:\/\/d-identify.be\/fr\/produit\/kit-de-demarrage-didentification-de-cables-pur\/#breadcrumb\"},\"inLanguage\":\"fr-FR\",\"potentialAction\":[{\"@type\":\"ReadAction\",\"target\":[\"https:\/\/d-identify.be\/fr\/produit\/kit-de-demarrage-didentification-de-cables-pur\/\"]}]},{\"@type\":\"ImageObject\",\"inLanguage\":\"fr-FR\",\"@id\":\"https:\/\/d-identify.be\/fr\/produit\/kit-de-demarrage-didentification-de-cables-pur\/#primaryimage\",\"url\":\"https:\/\/d-identify.be\/wp-content\/uploads\/2025\/06\/PUR-Cable-tagging-kit.jpg\",\"contentUrl\":\"https:\/\/d-identify.be\/wp-content\/uploads\/2025\/06\/PUR-Cable-tagging-kit.jpg\",\"width\":1512,\"height\":1512,\"caption\":\"PUR Cable tagging kit\"},{\"@type\":\"BreadcrumbList\",\"@id\":\"https:\/\/d-identify.be\/fr\/produit\/kit-de-demarrage-didentification-de-cables-pur\/#breadcrumb\",\"itemListElement\":[{\"@type\":\"ListItem\",\"position\":1,\"name\":\"Home\",\"item\":\"https:\/\/d-identify.be\/fr\/home-2\/\"},{\"@type\":\"ListItem\",\"position\":2,\"name\":\"Boutique\",\"item\":\"https:\/\/d-identify.be\/fr\/boutique\/\"},{\"@type\":\"ListItem\",\"position\":3,\"name\":\"Kit de d\u00e9marrage d\u2019identification de c\u00e2bles PUR\"}]},{\"@type\":\"WebSite\",\"@id\":\"https:\/\/d-identify.be\/fr\/#website\",\"url\":\"https:\/\/d-identify.be\/fr\/\",\"name\":\"d-identify\",\"description\":\"Industrial identification - Lockout - Tagout - Floor marking\",\"potentialAction\":[{\"@type\":\"SearchAction\",\"target\":{\"@type\":\"EntryPoint\",\"urlTemplate\":\"https:\/\/d-identify.be\/fr\/?s={search_term_string}\"},\"query-input\":{\"@type\":\"PropertyValueSpecification\",\"valueRequired\":true,\"valueName\":\"search_term_string\"}}],\"inLanguage\":\"fr-FR\"}]}<\/script>\n<!-- \/ Yoast SEO Premium plugin. -->","yoast_head_json":{"title":"Imprimante \u00e0 transfert thermique G500 - 4\" \u00e9conomique - Godex","description":"Notre imprimante \u00e0 transfert thermique \u00e9conomique G500 4 pouces de Godex est id\u00e9ale pour imprimer tous types d'\u00e9tiquettes \u00e0 codes-barres. Logiciel Golabel gratuit inclus !","robots":{"index":"index","follow":"follow","max-snippet":"max-snippet:-1","max-image-preview":"max-image-preview:large","max-video-preview":"max-video-preview:-1"},"canonical":"https:\/\/d-identify.be\/fr\/produit\/kit-de-demarrage-didentification-de-cables-pur\/","og_locale":"fr_FR","og_type":"article","og_title":"Kit de d\u00e9marrage d\u2019identification de c\u00e2bles PUR","og_description":"Notre imprimante \u00e0 transfert thermique \u00e9conomique G500 4 pouces de Godex est id\u00e9ale pour imprimer tous types d'\u00e9tiquettes \u00e0 codes-barres. Logiciel Golabel gratuit inclus !","og_url":"https:\/\/d-identify.be\/fr\/produit\/kit-de-demarrage-didentification-de-cables-pur\/","og_site_name":"d-identify","article_modified_time":"2025-12-02T14:38:14+00:00","og_image":[{"width":1512,"height":1512,"url":"https:\/\/d-identify.be\/wp-content\/uploads\/2025\/06\/PUR-Cable-tagging-kit.jpg","type":"image\/jpeg"}],"twitter_card":"summary_large_image","twitter_misc":{"Dur\u00e9e de lecture estim\u00e9e":"1 minute"},"schema":{"@context":"https:\/\/schema.org","@graph":[{"@type":"WebPage","@id":"https:\/\/d-identify.be\/fr\/produit\/kit-de-demarrage-didentification-de-cables-pur\/","url":"https:\/\/d-identify.be\/fr\/produit\/kit-de-demarrage-didentification-de-cables-pur\/","name":"Imprimante \u00e0 transfert thermique G500 - 4\" \u00e9conomique - Godex","isPartOf":{"@id":"https:\/\/d-identify.be\/fr\/#website"},"primaryImageOfPage":{"@id":"https:\/\/d-identify.be\/fr\/produit\/kit-de-demarrage-didentification-de-cables-pur\/#primaryimage"},"image":{"@id":"https:\/\/d-identify.be\/fr\/produit\/kit-de-demarrage-didentification-de-cables-pur\/#primaryimage"},"thumbnailUrl":"https:\/\/d-identify.be\/wp-content\/uploads\/2025\/06\/PUR-Cable-tagging-kit.jpg","datePublished":"2025-07-01T15:10:10+00:00","dateModified":"2025-12-02T14:38:14+00:00","description":"Notre imprimante \u00e0 transfert thermique \u00e9conomique G500 4 pouces de Godex est id\u00e9ale pour imprimer tous types d'\u00e9tiquettes \u00e0 codes-barres. Logiciel Golabel gratuit inclus !","breadcrumb":{"@id":"https:\/\/d-identify.be\/fr\/produit\/kit-de-demarrage-didentification-de-cables-pur\/#breadcrumb"},"inLanguage":"fr-FR","potentialAction":[{"@type":"ReadAction","target":["https:\/\/d-identify.be\/fr\/produit\/kit-de-demarrage-didentification-de-cables-pur\/"]}]},{"@type":"ImageObject","inLanguage":"fr-FR","@id":"https:\/\/d-identify.be\/fr\/produit\/kit-de-demarrage-didentification-de-cables-pur\/#primaryimage","url":"https:\/\/d-identify.be\/wp-content\/uploads\/2025\/06\/PUR-Cable-tagging-kit.jpg","contentUrl":"https:\/\/d-identify.be\/wp-content\/uploads\/2025\/06\/PUR-Cable-tagging-kit.jpg","width":1512,"height":1512,"caption":"PUR Cable tagging kit"},{"@type":"BreadcrumbList","@id":"https:\/\/d-identify.be\/fr\/produit\/kit-de-demarrage-didentification-de-cables-pur\/#breadcrumb","itemListElement":[{"@type":"ListItem","position":1,"name":"Home","item":"https:\/\/d-identify.be\/fr\/home-2\/"},{"@type":"ListItem","position":2,"name":"Boutique","item":"https:\/\/d-identify.be\/fr\/boutique\/"},{"@type":"ListItem","position":3,"name":"Kit de d\u00e9marrage d\u2019identification de c\u00e2bles PUR"}]},{"@type":"WebSite","@id":"https:\/\/d-identify.be\/fr\/#website","url":"https:\/\/d-identify.be\/fr\/","name":"d-identify","description":"Industrial identification - Lockout - Tagout - Floor marking","potentialAction":[{"@type":"SearchAction","target":{"@type":"EntryPoint","urlTemplate":"https:\/\/d-identify.be\/fr\/?s={search_term_string}"},"query-input":{"@type":"PropertyValueSpecification","valueRequired":true,"valueName":"search_term_string"}}],"inLanguage":"fr-FR"}]}},"_links":{"self":[{"href":"https:\/\/d-identify.be\/fr\/wp-json\/wp\/v2\/product\/57675","targetHints":{"allow":["GET"]}}],"collection":[{"href":"https:\/\/d-identify.be\/fr\/wp-json\/wp\/v2\/product"}],"about":[{"href":"https:\/\/d-identify.be\/fr\/wp-json\/wp\/v2\/types\/product"}],"replies":[{"embeddable":true,"href":"https:\/\/d-identify.be\/fr\/wp-json\/wp\/v2\/comments?post=57675"}],"wp:featuredmedia":[{"embeddable":true,"href":"https:\/\/d-identify.be\/fr\/wp-json\/wp\/v2\/media\/57592"}],"wp:attachment":[{"href":"https:\/\/d-identify.be\/fr\/wp-json\/wp\/v2\/media?parent=57675"}],"wp:term":[{"taxonomy":"product_brand","embeddable":true,"href":"https:\/\/d-identify.be\/fr\/wp-json\/wp\/v2\/product_brand?post=57675"},{"taxonomy":"product_cat","embeddable":true,"href":"https:\/\/d-identify.be\/fr\/wp-json\/wp\/v2\/product_cat?post=57675"},{"taxonomy":"product_tag","embeddable":true,"href":"https:\/\/d-identify.be\/fr\/wp-json\/wp\/v2\/product_tag?post=57675"},{"taxonomy":"pa_connextion-shapes","embeddable":true,"href":"https:\/\/d-identify.be\/fr\/wp-json\/wp\/v2\/pa_connextion-shapes?post=57675"}],"curies":[{"name":"wp","href":"https:\/\/api.w.org\/{rel}","templated":true}]}}