{"id":57408,"date":"2025-06-13T10:14:35","date_gmt":"2025-06-13T08:14:35","guid":{"rendered":"https:\/\/d-identify.be\/?post_type=product&#038;p=57408"},"modified":"2025-09-01T10:18:33","modified_gmt":"2025-09-01T08:18:33","slug":"ruban-magnetique-copy-copy-copy-copy-2","status":"publish","type":"product","link":"https:\/\/d-identify.be\/fr\/produit\/ruban-magnetique-copy-copy-copy-copy-2\/","title":{"rendered":"Ruban magn\u00e9tique 25,4 mm, blanche"},"content":{"rendered":"<p data-start=\"0\" data-end=\"72\"><strong data-start=\"0\" data-end=\"70\">Ruban magn\u00e9tique blanc imprimable thermiquement DuraLabel\u2122 <\/strong><\/p>\n<p data-start=\"74\" data-end=\"215\">Un ruban d&rsquo;\u00e9tiquetage magn\u00e9tique flexible et non adh\u00e9sif con\u00e7u pour une signalisation rapide et r\u00e9utilisable sur des surfaces m\u00e9talliques, des \u00e9tag\u00e8res d&rsquo;entrep\u00f4t aux \u00e9quipements.<\/p>\n<p data-start=\"737\" data-end=\"751\"><strong data-start=\"737\" data-end=\"749\">Avantages<\/strong><\/p>\n<ul data-start=\"752\" data-end=\"1206\">\n<li data-start=\"752\" data-end=\"835\">\n<p data-start=\"754\" data-end=\"835\"><strong data-start=\"754\" data-end=\"777\">R\u00e9\u00e9tiquetage rapide : <\/strong>\u00e9changez ou mettez \u00e0 jour les \u00e9tiquettes en quelques secondes, sans adh\u00e9sif, sans outils.<\/p>\n<\/li>\n<li data-start=\"836\" data-end=\"935\">\n<p data-start=\"838\" data-end=\"935\"><strong data-start=\"838\" data-end=\"872\">\u00c9conomique et \u00e9cologique :<\/strong> r\u00e9utilisez le m\u00eame ruban des centaines de fois, r\u00e9duisant ainsi le gaspillage d&rsquo;\u00e9tiquettes.<\/p>\n<\/li>\n<li data-start=\"936\" data-end=\"1060\">\n<p data-start=\"938\" data-end=\"1060\"><strong data-start=\"938\" data-end=\"966\">Aspect professionnel :<\/strong> le champ blanc brillant assure une lisibilit\u00e9 \u00e9lev\u00e9e sous n&rsquo;importe quel \u00e9clairage ; id\u00e9al pour les codes-barres et le texte.<\/p>\n<\/li>\n<li data-start=\"1061\" data-end=\"1206\">\n<p data-start=\"1063\" data-end=\"1206\"><strong data-start=\"1063\" data-end=\"1081\">Utilisation polyvalente :<\/strong> parfait pour l&rsquo;identification temporaire ou semi-permanente dans les environnements industriels, de vente au d\u00e9tail, de logistique et de gestion des installations.<\/p>\n<\/li>\n<\/ul>\n<p data-start=\"1208\" data-end=\"1337\" data-is-last-node=\"\" data-is-only-node=\"\">Cette bande magn\u00e9tique offre une solution d&rsquo;\u00e9tiquetage fiable et de haute qualit\u00e9 partout o\u00f9 vous avez besoin d&rsquo;une signalisation flexible et sans r\u00e9sidus.<\/p>\n","protected":false},"excerpt":{"rendered":"<p class=\"ai-optimize-20 ai-optimize-introduction\">Un ruban d&rsquo;\u00e9tiquetage magn\u00e9tique flexible et non adh\u00e9sif con\u00e7u pour une signalisation rapide et r\u00e9utilisable sur des surfaces m\u00e9talliques, des \u00e9tag\u00e8res d&rsquo;entrep\u00f4t aux \u00e9quipements.<\/p>\n<p class=\"ai-optimize-19\"><strong>Caract\u00e9ristiques<\/strong><\/p>\n","protected":false},"featured_media":52418,"comment_status":"open","ping_status":"closed","template":"","meta":{"_acf_changed":false,"_et_pb_use_builder":"","_et_pb_old_content":"","_et_gb_content_width":""},"product_brand":[1246],"product_cat":[2611],"product_tag":[],"pa_connextion-shapes":[],"class_list":{"0":"post-57408","1":"product","2":"type-product","3":"status-publish","4":"has-post-thumbnail","6":"product_brand-duralabel","7":"product_cat-consommables-duralabel-toro-bronco","9":"first","10":"instock","11":"taxable","12":"shipping-taxable","13":"purchasable","14":"product-type-simple"},"exclude_global_add_ons":[],"addons":[],"acf":[],"yoast_head":"<!-- This site is optimized with the Yoast SEO Premium plugin v27.0 (Yoast SEO v27.1) - https:\/\/yoast.com\/product\/yoast-seo-premium-wordpress\/ -->\n<title>Rubans magn\u00e9tiques Duralabel 25,4 mm, blancs, pour entrep\u00f4t<\/title>\n<meta name=\"description\" content=\"Rubans magn\u00e9tiques Duralabel professionnels 25,4 mm, blancs pour entrep\u00f4ts : bandes magn\u00e9tiques durables et imprimables pour un \u00e9tiquetage personnalis\u00e9 sur les racks et les bacs.\" \/>\n<meta name=\"robots\" content=\"index, follow, max-snippet:-1, max-image-preview:large, max-video-preview:-1\" \/>\n<link rel=\"canonical\" href=\"https:\/\/d-identify.be\/fr\/produit\/ruban-magnetique-copy-copy-copy-copy-2\/\" \/>\n<meta property=\"og:locale\" content=\"fr_FR\" \/>\n<meta property=\"og:type\" content=\"article\" \/>\n<meta property=\"og:title\" content=\"Ruban magn\u00e9tique 25,4 mm, blanche\" \/>\n<meta property=\"og:description\" content=\"Rubans magn\u00e9tiques Duralabel professionnels 25,4 mm, blancs pour entrep\u00f4ts : bandes magn\u00e9tiques durables et imprimables pour un \u00e9tiquetage personnalis\u00e9 sur les racks et les bacs.\" \/>\n<meta property=\"og:url\" content=\"https:\/\/d-identify.be\/fr\/produit\/ruban-magnetique-copy-copy-copy-copy-2\/\" \/>\n<meta property=\"og:site_name\" content=\"d-identify\" \/>\n<meta property=\"article:modified_time\" content=\"2025-09-01T08:18:33+00:00\" \/>\n<meta property=\"og:image\" content=\"https:\/\/d-identify.be\/wp-content\/uploads\/2025\/02\/T1-01M.png\" \/>\n\t<meta property=\"og:image:width\" content=\"657\" \/>\n\t<meta property=\"og:image:height\" content=\"805\" \/>\n\t<meta property=\"og:image:type\" content=\"image\/png\" \/>\n<meta name=\"twitter:card\" content=\"summary_large_image\" \/>\n<meta name=\"twitter:label1\" content=\"Dur\u00e9e de lecture estim\u00e9e\" \/>\n\t<meta name=\"twitter:data1\" content=\"1 minute\" \/>\n<script type=\"application\/ld+json\" class=\"yoast-schema-graph\">{\"@context\":\"https:\/\/schema.org\",\"@graph\":[{\"@type\":\"WebPage\",\"@id\":\"https:\/\/d-identify.be\/fr\/produit\/ruban-magnetique-copy-copy-copy-copy-2\/\",\"url\":\"https:\/\/d-identify.be\/fr\/produit\/ruban-magnetique-copy-copy-copy-copy-2\/\",\"name\":\"Rubans magn\u00e9tiques Duralabel 25,4 mm, blancs, pour entrep\u00f4t\",\"isPartOf\":{\"@id\":\"https:\/\/d-identify.be\/fr\/#website\"},\"primaryImageOfPage\":{\"@id\":\"https:\/\/d-identify.be\/fr\/produit\/ruban-magnetique-copy-copy-copy-copy-2\/#primaryimage\"},\"image\":{\"@id\":\"https:\/\/d-identify.be\/fr\/produit\/ruban-magnetique-copy-copy-copy-copy-2\/#primaryimage\"},\"thumbnailUrl\":\"https:\/\/d-identify.be\/wp-content\/uploads\/2025\/02\/T1-01M.png\",\"datePublished\":\"2025-06-13T08:14:35+00:00\",\"dateModified\":\"2025-09-01T08:18:33+00:00\",\"description\":\"Rubans magn\u00e9tiques Duralabel professionnels 25,4 mm, blancs pour entrep\u00f4ts : bandes magn\u00e9tiques durables et imprimables pour un \u00e9tiquetage personnalis\u00e9 sur les racks et les bacs.\",\"breadcrumb\":{\"@id\":\"https:\/\/d-identify.be\/fr\/produit\/ruban-magnetique-copy-copy-copy-copy-2\/#breadcrumb\"},\"inLanguage\":\"fr-FR\",\"potentialAction\":[{\"@type\":\"ReadAction\",\"target\":[\"https:\/\/d-identify.be\/fr\/produit\/ruban-magnetique-copy-copy-copy-copy-2\/\"]}]},{\"@type\":\"ImageObject\",\"inLanguage\":\"fr-FR\",\"@id\":\"https:\/\/d-identify.be\/fr\/produit\/ruban-magnetique-copy-copy-copy-copy-2\/#primaryimage\",\"url\":\"https:\/\/d-identify.be\/wp-content\/uploads\/2025\/02\/T1-01M.png\",\"contentUrl\":\"https:\/\/d-identify.be\/wp-content\/uploads\/2025\/02\/T1-01M.png\",\"width\":657,\"height\":805,\"caption\":\"T1-01M - Magnetic Tape\"},{\"@type\":\"BreadcrumbList\",\"@id\":\"https:\/\/d-identify.be\/fr\/produit\/ruban-magnetique-copy-copy-copy-copy-2\/#breadcrumb\",\"itemListElement\":[{\"@type\":\"ListItem\",\"position\":1,\"name\":\"Home\",\"item\":\"https:\/\/d-identify.be\/fr\/home-2\/\"},{\"@type\":\"ListItem\",\"position\":2,\"name\":\"Boutique\",\"item\":\"https:\/\/d-identify.be\/fr\/boutique\/\"},{\"@type\":\"ListItem\",\"position\":3,\"name\":\"Ruban magn\u00e9tique 25,4 mm, blanche\"}]},{\"@type\":\"WebSite\",\"@id\":\"https:\/\/d-identify.be\/fr\/#website\",\"url\":\"https:\/\/d-identify.be\/fr\/\",\"name\":\"d-identify\",\"description\":\"Industrial identification - Lockout - Tagout - Floor marking\",\"potentialAction\":[{\"@type\":\"SearchAction\",\"target\":{\"@type\":\"EntryPoint\",\"urlTemplate\":\"https:\/\/d-identify.be\/fr\/?s={search_term_string}\"},\"query-input\":{\"@type\":\"PropertyValueSpecification\",\"valueRequired\":true,\"valueName\":\"search_term_string\"}}],\"inLanguage\":\"fr-FR\"}]}<\/script>\n<!-- \/ Yoast SEO Premium plugin. -->","yoast_head_json":{"title":"Rubans magn\u00e9tiques Duralabel 25,4 mm, blancs, pour entrep\u00f4t","description":"Rubans magn\u00e9tiques Duralabel professionnels 25,4 mm, blancs pour entrep\u00f4ts : bandes magn\u00e9tiques durables et imprimables pour un \u00e9tiquetage personnalis\u00e9 sur les racks et les bacs.","robots":{"index":"index","follow":"follow","max-snippet":"max-snippet:-1","max-image-preview":"max-image-preview:large","max-video-preview":"max-video-preview:-1"},"canonical":"https:\/\/d-identify.be\/fr\/produit\/ruban-magnetique-copy-copy-copy-copy-2\/","og_locale":"fr_FR","og_type":"article","og_title":"Ruban magn\u00e9tique 25,4 mm, blanche","og_description":"Rubans magn\u00e9tiques Duralabel professionnels 25,4 mm, blancs pour entrep\u00f4ts : bandes magn\u00e9tiques durables et imprimables pour un \u00e9tiquetage personnalis\u00e9 sur les racks et les bacs.","og_url":"https:\/\/d-identify.be\/fr\/produit\/ruban-magnetique-copy-copy-copy-copy-2\/","og_site_name":"d-identify","article_modified_time":"2025-09-01T08:18:33+00:00","og_image":[{"width":657,"height":805,"url":"https:\/\/d-identify.be\/wp-content\/uploads\/2025\/02\/T1-01M.png","type":"image\/png"}],"twitter_card":"summary_large_image","twitter_misc":{"Dur\u00e9e de lecture estim\u00e9e":"1 minute"},"schema":{"@context":"https:\/\/schema.org","@graph":[{"@type":"WebPage","@id":"https:\/\/d-identify.be\/fr\/produit\/ruban-magnetique-copy-copy-copy-copy-2\/","url":"https:\/\/d-identify.be\/fr\/produit\/ruban-magnetique-copy-copy-copy-copy-2\/","name":"Rubans magn\u00e9tiques Duralabel 25,4 mm, blancs, pour entrep\u00f4t","isPartOf":{"@id":"https:\/\/d-identify.be\/fr\/#website"},"primaryImageOfPage":{"@id":"https:\/\/d-identify.be\/fr\/produit\/ruban-magnetique-copy-copy-copy-copy-2\/#primaryimage"},"image":{"@id":"https:\/\/d-identify.be\/fr\/produit\/ruban-magnetique-copy-copy-copy-copy-2\/#primaryimage"},"thumbnailUrl":"https:\/\/d-identify.be\/wp-content\/uploads\/2025\/02\/T1-01M.png","datePublished":"2025-06-13T08:14:35+00:00","dateModified":"2025-09-01T08:18:33+00:00","description":"Rubans magn\u00e9tiques Duralabel professionnels 25,4 mm, blancs pour entrep\u00f4ts : bandes magn\u00e9tiques durables et imprimables pour un \u00e9tiquetage personnalis\u00e9 sur les racks et les bacs.","breadcrumb":{"@id":"https:\/\/d-identify.be\/fr\/produit\/ruban-magnetique-copy-copy-copy-copy-2\/#breadcrumb"},"inLanguage":"fr-FR","potentialAction":[{"@type":"ReadAction","target":["https:\/\/d-identify.be\/fr\/produit\/ruban-magnetique-copy-copy-copy-copy-2\/"]}]},{"@type":"ImageObject","inLanguage":"fr-FR","@id":"https:\/\/d-identify.be\/fr\/produit\/ruban-magnetique-copy-copy-copy-copy-2\/#primaryimage","url":"https:\/\/d-identify.be\/wp-content\/uploads\/2025\/02\/T1-01M.png","contentUrl":"https:\/\/d-identify.be\/wp-content\/uploads\/2025\/02\/T1-01M.png","width":657,"height":805,"caption":"T1-01M - Magnetic Tape"},{"@type":"BreadcrumbList","@id":"https:\/\/d-identify.be\/fr\/produit\/ruban-magnetique-copy-copy-copy-copy-2\/#breadcrumb","itemListElement":[{"@type":"ListItem","position":1,"name":"Home","item":"https:\/\/d-identify.be\/fr\/home-2\/"},{"@type":"ListItem","position":2,"name":"Boutique","item":"https:\/\/d-identify.be\/fr\/boutique\/"},{"@type":"ListItem","position":3,"name":"Ruban magn\u00e9tique 25,4 mm, blanche"}]},{"@type":"WebSite","@id":"https:\/\/d-identify.be\/fr\/#website","url":"https:\/\/d-identify.be\/fr\/","name":"d-identify","description":"Industrial identification - Lockout - Tagout - Floor marking","potentialAction":[{"@type":"SearchAction","target":{"@type":"EntryPoint","urlTemplate":"https:\/\/d-identify.be\/fr\/?s={search_term_string}"},"query-input":{"@type":"PropertyValueSpecification","valueRequired":true,"valueName":"search_term_string"}}],"inLanguage":"fr-FR"}]}},"_links":{"self":[{"href":"https:\/\/d-identify.be\/fr\/wp-json\/wp\/v2\/product\/57408","targetHints":{"allow":["GET"]}}],"collection":[{"href":"https:\/\/d-identify.be\/fr\/wp-json\/wp\/v2\/product"}],"about":[{"href":"https:\/\/d-identify.be\/fr\/wp-json\/wp\/v2\/types\/product"}],"replies":[{"embeddable":true,"href":"https:\/\/d-identify.be\/fr\/wp-json\/wp\/v2\/comments?post=57408"}],"wp:featuredmedia":[{"embeddable":true,"href":"https:\/\/d-identify.be\/fr\/wp-json\/wp\/v2\/media\/52418"}],"wp:attachment":[{"href":"https:\/\/d-identify.be\/fr\/wp-json\/wp\/v2\/media?parent=57408"}],"wp:term":[{"taxonomy":"product_brand","embeddable":true,"href":"https:\/\/d-identify.be\/fr\/wp-json\/wp\/v2\/product_brand?post=57408"},{"taxonomy":"product_cat","embeddable":true,"href":"https:\/\/d-identify.be\/fr\/wp-json\/wp\/v2\/product_cat?post=57408"},{"taxonomy":"product_tag","embeddable":true,"href":"https:\/\/d-identify.be\/fr\/wp-json\/wp\/v2\/product_tag?post=57408"},{"taxonomy":"pa_connextion-shapes","embeddable":true,"href":"https:\/\/d-identify.be\/fr\/wp-json\/wp\/v2\/pa_connextion-shapes?post=57408"}],"curies":[{"name":"wp","href":"https:\/\/api.w.org\/{rel}","templated":true}]}}