{"id":56689,"date":"2025-06-03T15:27:20","date_gmt":"2025-06-03T13:27:20","guid":{"rendered":"https:\/\/d-identify.be\/?post_type=product&#038;p=56689"},"modified":"2025-06-04T12:45:41","modified_gmt":"2025-06-04T10:45:41","slug":"toro-duratag-tag-stocks-copy","status":"publish","type":"product","link":"https:\/\/d-identify.be\/fr\/produit\/toro-duratag-tag-stocks-copy\/","title":{"rendered":"Toro Max DuraTag\u2122 76 mm Jaune"},"content":{"rendered":"<p data-start=\"158\" data-end=\"241\"><strong data-start=\"158\" data-end=\"241\">Toro Max DuraTag\u2122 76 mm Jaune \u2013 \u00c9tiquettes ind\u00e9chirables pour environnements difficiles.<\/strong> Ce papier facilite l&rsquo;\u00e9tiquetage en int\u00e9rieur comme en ext\u00e9rieur. Con\u00e7ues pour l&rsquo;imprimante Toro Max, ces \u00e9tiquettes flexibles et ind\u00e9chirables sont id\u00e9ales pour une large gamme de t\u00e2ches d&rsquo;identification. Personnalisez votre message et fixez vos \u00e9tiquettes facilement \u00e0 l&rsquo;aide de colliers de serrage ou de cha\u00eenes.  <\/p>\n<p data-start=\"555\" data-end=\"660\">Toro Max DuraTag\u2122 76 mm Jaune est con\u00e7u pour r\u00e9sister aux temp\u00e9ratures \u00e9lev\u00e9es et aux conditions industrielles difficiles, DuraTag\u2122 est parfait pour :<\/p>\n<ul data-start=\"662\" data-end=\"760\">\n<li data-start=\"662\" data-end=\"692\">\n<p data-start=\"664\" data-end=\"692\">\u00c9tiquettes de s\u00e9curit\u00e9 de verrouillage\/\u00e9tiquetage<\/p>\n<\/li>\n<li data-start=\"693\" data-end=\"726\">\n<p data-start=\"695\" data-end=\"726\">Identification des tuyaux et des vannes<\/p>\n<\/li>\n<li data-start=\"727\" data-end=\"760\">\n<p data-start=\"729\" data-end=\"760\">ID de l&rsquo;\u00e9quipement et \u00e9tiquettes d&rsquo;actifs<\/p>\n<\/li>\n<\/ul>\n<p data-start=\"762\" data-end=\"887\">Durable, tr\u00e8s visible et facile \u00e0 utiliser, DuraTag\u2122 vous aide \u00e0 maintenir une communication claire et une conformit\u00e9 dans l&rsquo;ensemble de votre \u00e9tablissement.<\/p>\n","protected":false},"excerpt":{"rendered":"<p class=\"ai-optimize-19\">Accomplissez tous vos projets d&rsquo;\u00e9tiquetage industriel en utilisant des \u00e9tiquettes flexibles et r\u00e9sistantes \u00e0 la d\u00e9chirure. Ces stocks d&rsquo;\u00e9tiquettes sont fabriqu\u00e9s dans un mat\u00e9riau durable con\u00e7u pour r\u00e9sister aux hautes temp\u00e9ratures et aux environnements industriels difficiles. Il vous suffit de percer un trou dans l&rsquo;\u00e9tiquette imprim\u00e9e et de l&rsquo;attacher o\u00f9 vous en avez besoin. Attachez facilement les \u00e9tiquettes avec des colliers de serrage ou des cha\u00eenes \u00e0 l&rsquo;\u00e9quipement industriel, aux composants de fabrication, aux installations utilitaires, voire m\u00eame aux tuyaux. Les stocks d&rsquo;\u00e9tiquettes sont parfaits pour les verrouillages\/d\u00e9verrouillages (LO\/TO), les \u00e9tiquettes de r\u00e9paration d&rsquo;\u00e9quipement, les \u00e9tiquettes de vanne, et bien plus encore.    <\/p>\n<p class=\"ai-optimize-20\"><strong>Caract\u00e9ristiques<\/strong><\/p>\n","protected":false},"featured_media":19820,"comment_status":"open","ping_status":"closed","template":"","meta":{"_acf_changed":false,"_et_pb_use_builder":"","_et_pb_old_content":"","_et_gb_content_width":""},"product_brand":[1246],"product_cat":[2611],"product_tag":[],"pa_connextion-shapes":[],"class_list":{"0":"post-56689","1":"product","2":"type-product","3":"status-publish","4":"has-post-thumbnail","6":"product_brand-duralabel","7":"product_cat-consommables-duralabel-toro-bronco","9":"first","10":"instock","11":"taxable","12":"shipping-taxable","13":"purchasable","14":"product-type-simple"},"exclude_global_add_ons":[],"addons":[],"acf":[],"yoast_head":"<!-- This site is optimized with the Yoast SEO Premium plugin v27.0 (Yoast SEO v27.1) - https:\/\/yoast.com\/product\/yoast-seo-premium-wordpress\/ -->\n<title>Toro Max DuraTag\u2122 Jaune - Duralabel<\/title>\n<meta name=\"description\" content=\"Achetez nos \u00e9tiquettes Toro Max DuraTag\u2122 Jaune 76 mm pour r\u00e9aliser tous vos projets d&#039;\u00e9tiquetage industriel \u00e0 l&#039;aide d&#039;\u00e9tiquettes flexibles et r\u00e9sistantes \u00e0 la d\u00e9chirure.\" \/>\n<meta name=\"robots\" content=\"index, follow, max-snippet:-1, max-image-preview:large, max-video-preview:-1\" \/>\n<link rel=\"canonical\" href=\"https:\/\/d-identify.be\/fr\/produit\/toro-duratag-tag-stocks-copy\/\" \/>\n<meta property=\"og:locale\" content=\"fr_FR\" \/>\n<meta property=\"og:type\" content=\"article\" \/>\n<meta property=\"og:title\" content=\"Toro Max DuraTag\u2122 76 mm Jaune\" \/>\n<meta property=\"og:description\" content=\"Achetez nos \u00e9tiquettes Toro Max DuraTag\u2122 Jaune 76 mm pour r\u00e9aliser tous vos projets d&#039;\u00e9tiquetage industriel \u00e0 l&#039;aide d&#039;\u00e9tiquettes flexibles et r\u00e9sistantes \u00e0 la d\u00e9chirure.\" \/>\n<meta property=\"og:url\" content=\"https:\/\/d-identify.be\/fr\/produit\/toro-duratag-tag-stocks-copy\/\" \/>\n<meta property=\"og:site_name\" content=\"d-identify\" \/>\n<meta property=\"article:modified_time\" content=\"2025-06-04T10:45:41+00:00\" \/>\n<meta property=\"og:image\" content=\"https:\/\/d-identify.be\/wp-content\/uploads\/2021\/07\/T3100-2.png\" \/>\n\t<meta property=\"og:image:width\" content=\"318\" \/>\n\t<meta property=\"og:image:height\" content=\"318\" \/>\n\t<meta property=\"og:image:type\" content=\"image\/png\" \/>\n<meta name=\"twitter:card\" content=\"summary_large_image\" \/>\n<meta name=\"twitter:label1\" content=\"Dur\u00e9e de lecture estim\u00e9e\" \/>\n\t<meta name=\"twitter:data1\" content=\"1 minute\" \/>\n<script type=\"application\/ld+json\" class=\"yoast-schema-graph\">{\"@context\":\"https:\/\/schema.org\",\"@graph\":[{\"@type\":\"WebPage\",\"@id\":\"https:\/\/d-identify.be\/fr\/produit\/toro-duratag-tag-stocks-copy\/\",\"url\":\"https:\/\/d-identify.be\/fr\/produit\/toro-duratag-tag-stocks-copy\/\",\"name\":\"Toro Max DuraTag\u2122 Jaune - Duralabel\",\"isPartOf\":{\"@id\":\"https:\/\/d-identify.be\/fr\/#website\"},\"primaryImageOfPage\":{\"@id\":\"https:\/\/d-identify.be\/fr\/produit\/toro-duratag-tag-stocks-copy\/#primaryimage\"},\"image\":{\"@id\":\"https:\/\/d-identify.be\/fr\/produit\/toro-duratag-tag-stocks-copy\/#primaryimage\"},\"thumbnailUrl\":\"https:\/\/d-identify.be\/wp-content\/uploads\/2021\/07\/T3100-2.png\",\"datePublished\":\"2025-06-03T13:27:20+00:00\",\"dateModified\":\"2025-06-04T10:45:41+00:00\",\"description\":\"Achetez nos \u00e9tiquettes Toro Max DuraTag\u2122 Jaune 76 mm pour r\u00e9aliser tous vos projets d'\u00e9tiquetage industriel \u00e0 l'aide d'\u00e9tiquettes flexibles et r\u00e9sistantes \u00e0 la d\u00e9chirure.\",\"breadcrumb\":{\"@id\":\"https:\/\/d-identify.be\/fr\/produit\/toro-duratag-tag-stocks-copy\/#breadcrumb\"},\"inLanguage\":\"fr-FR\",\"potentialAction\":[{\"@type\":\"ReadAction\",\"target\":[\"https:\/\/d-identify.be\/fr\/produit\/toro-duratag-tag-stocks-copy\/\"]}]},{\"@type\":\"ImageObject\",\"inLanguage\":\"fr-FR\",\"@id\":\"https:\/\/d-identify.be\/fr\/produit\/toro-duratag-tag-stocks-copy\/#primaryimage\",\"url\":\"https:\/\/d-identify.be\/wp-content\/uploads\/2021\/07\/T3100-2.png\",\"contentUrl\":\"https:\/\/d-identify.be\/wp-content\/uploads\/2021\/07\/T3100-2.png\",\"width\":318,\"height\":318,\"caption\":\"Toro DuraTag\u2122 (Tag Stocks)\"},{\"@type\":\"BreadcrumbList\",\"@id\":\"https:\/\/d-identify.be\/fr\/produit\/toro-duratag-tag-stocks-copy\/#breadcrumb\",\"itemListElement\":[{\"@type\":\"ListItem\",\"position\":1,\"name\":\"Home\",\"item\":\"https:\/\/d-identify.be\/fr\/home-2\/\"},{\"@type\":\"ListItem\",\"position\":2,\"name\":\"Boutique\",\"item\":\"https:\/\/d-identify.be\/fr\/boutique\/\"},{\"@type\":\"ListItem\",\"position\":3,\"name\":\"Toro Max DuraTag\u2122 76 mm Jaune\"}]},{\"@type\":\"WebSite\",\"@id\":\"https:\/\/d-identify.be\/fr\/#website\",\"url\":\"https:\/\/d-identify.be\/fr\/\",\"name\":\"d-identify\",\"description\":\"Industrial identification - Lockout - Tagout - Floor marking\",\"potentialAction\":[{\"@type\":\"SearchAction\",\"target\":{\"@type\":\"EntryPoint\",\"urlTemplate\":\"https:\/\/d-identify.be\/fr\/?s={search_term_string}\"},\"query-input\":{\"@type\":\"PropertyValueSpecification\",\"valueRequired\":true,\"valueName\":\"search_term_string\"}}],\"inLanguage\":\"fr-FR\"}]}<\/script>\n<!-- \/ Yoast SEO Premium plugin. -->","yoast_head_json":{"title":"Toro Max DuraTag\u2122 Jaune - Duralabel","description":"Achetez nos \u00e9tiquettes Toro Max DuraTag\u2122 Jaune 76 mm pour r\u00e9aliser tous vos projets d'\u00e9tiquetage industriel \u00e0 l'aide d'\u00e9tiquettes flexibles et r\u00e9sistantes \u00e0 la d\u00e9chirure.","robots":{"index":"index","follow":"follow","max-snippet":"max-snippet:-1","max-image-preview":"max-image-preview:large","max-video-preview":"max-video-preview:-1"},"canonical":"https:\/\/d-identify.be\/fr\/produit\/toro-duratag-tag-stocks-copy\/","og_locale":"fr_FR","og_type":"article","og_title":"Toro Max DuraTag\u2122 76 mm Jaune","og_description":"Achetez nos \u00e9tiquettes Toro Max DuraTag\u2122 Jaune 76 mm pour r\u00e9aliser tous vos projets d'\u00e9tiquetage industriel \u00e0 l'aide d'\u00e9tiquettes flexibles et r\u00e9sistantes \u00e0 la d\u00e9chirure.","og_url":"https:\/\/d-identify.be\/fr\/produit\/toro-duratag-tag-stocks-copy\/","og_site_name":"d-identify","article_modified_time":"2025-06-04T10:45:41+00:00","og_image":[{"width":318,"height":318,"url":"https:\/\/d-identify.be\/wp-content\/uploads\/2021\/07\/T3100-2.png","type":"image\/png"}],"twitter_card":"summary_large_image","twitter_misc":{"Dur\u00e9e de lecture estim\u00e9e":"1 minute"},"schema":{"@context":"https:\/\/schema.org","@graph":[{"@type":"WebPage","@id":"https:\/\/d-identify.be\/fr\/produit\/toro-duratag-tag-stocks-copy\/","url":"https:\/\/d-identify.be\/fr\/produit\/toro-duratag-tag-stocks-copy\/","name":"Toro Max DuraTag\u2122 Jaune - Duralabel","isPartOf":{"@id":"https:\/\/d-identify.be\/fr\/#website"},"primaryImageOfPage":{"@id":"https:\/\/d-identify.be\/fr\/produit\/toro-duratag-tag-stocks-copy\/#primaryimage"},"image":{"@id":"https:\/\/d-identify.be\/fr\/produit\/toro-duratag-tag-stocks-copy\/#primaryimage"},"thumbnailUrl":"https:\/\/d-identify.be\/wp-content\/uploads\/2021\/07\/T3100-2.png","datePublished":"2025-06-03T13:27:20+00:00","dateModified":"2025-06-04T10:45:41+00:00","description":"Achetez nos \u00e9tiquettes Toro Max DuraTag\u2122 Jaune 76 mm pour r\u00e9aliser tous vos projets d'\u00e9tiquetage industriel \u00e0 l'aide d'\u00e9tiquettes flexibles et r\u00e9sistantes \u00e0 la d\u00e9chirure.","breadcrumb":{"@id":"https:\/\/d-identify.be\/fr\/produit\/toro-duratag-tag-stocks-copy\/#breadcrumb"},"inLanguage":"fr-FR","potentialAction":[{"@type":"ReadAction","target":["https:\/\/d-identify.be\/fr\/produit\/toro-duratag-tag-stocks-copy\/"]}]},{"@type":"ImageObject","inLanguage":"fr-FR","@id":"https:\/\/d-identify.be\/fr\/produit\/toro-duratag-tag-stocks-copy\/#primaryimage","url":"https:\/\/d-identify.be\/wp-content\/uploads\/2021\/07\/T3100-2.png","contentUrl":"https:\/\/d-identify.be\/wp-content\/uploads\/2021\/07\/T3100-2.png","width":318,"height":318,"caption":"Toro DuraTag\u2122 (Tag Stocks)"},{"@type":"BreadcrumbList","@id":"https:\/\/d-identify.be\/fr\/produit\/toro-duratag-tag-stocks-copy\/#breadcrumb","itemListElement":[{"@type":"ListItem","position":1,"name":"Home","item":"https:\/\/d-identify.be\/fr\/home-2\/"},{"@type":"ListItem","position":2,"name":"Boutique","item":"https:\/\/d-identify.be\/fr\/boutique\/"},{"@type":"ListItem","position":3,"name":"Toro Max DuraTag\u2122 76 mm Jaune"}]},{"@type":"WebSite","@id":"https:\/\/d-identify.be\/fr\/#website","url":"https:\/\/d-identify.be\/fr\/","name":"d-identify","description":"Industrial identification - Lockout - Tagout - Floor marking","potentialAction":[{"@type":"SearchAction","target":{"@type":"EntryPoint","urlTemplate":"https:\/\/d-identify.be\/fr\/?s={search_term_string}"},"query-input":{"@type":"PropertyValueSpecification","valueRequired":true,"valueName":"search_term_string"}}],"inLanguage":"fr-FR"}]}},"_links":{"self":[{"href":"https:\/\/d-identify.be\/fr\/wp-json\/wp\/v2\/product\/56689","targetHints":{"allow":["GET"]}}],"collection":[{"href":"https:\/\/d-identify.be\/fr\/wp-json\/wp\/v2\/product"}],"about":[{"href":"https:\/\/d-identify.be\/fr\/wp-json\/wp\/v2\/types\/product"}],"replies":[{"embeddable":true,"href":"https:\/\/d-identify.be\/fr\/wp-json\/wp\/v2\/comments?post=56689"}],"wp:featuredmedia":[{"embeddable":true,"href":"https:\/\/d-identify.be\/fr\/wp-json\/wp\/v2\/media\/19820"}],"wp:attachment":[{"href":"https:\/\/d-identify.be\/fr\/wp-json\/wp\/v2\/media?parent=56689"}],"wp:term":[{"taxonomy":"product_brand","embeddable":true,"href":"https:\/\/d-identify.be\/fr\/wp-json\/wp\/v2\/product_brand?post=56689"},{"taxonomy":"product_cat","embeddable":true,"href":"https:\/\/d-identify.be\/fr\/wp-json\/wp\/v2\/product_cat?post=56689"},{"taxonomy":"product_tag","embeddable":true,"href":"https:\/\/d-identify.be\/fr\/wp-json\/wp\/v2\/product_tag?post=56689"},{"taxonomy":"pa_connextion-shapes","embeddable":true,"href":"https:\/\/d-identify.be\/fr\/wp-json\/wp\/v2\/pa_connextion-shapes?post=56689"}],"curies":[{"name":"wp","href":"https:\/\/api.w.org\/{rel}","templated":true}]}}