{"id":56012,"date":"2025-05-21T12:19:44","date_gmt":"2025-05-21T10:19:44","guid":{"rendered":"https:\/\/d-identify.be\/?post_type=product&#038;p=56012"},"modified":"2025-05-23T16:38:21","modified_gmt":"2025-05-23T14:38:21","slug":"ruban-resine-godex-300m-sur-ame-254mm-copy-copy-copy-copy-copy-copy","status":"publish","type":"product","link":"https:\/\/d-identify.be\/fr\/produit\/ruban-resine-godex-300m-sur-ame-254mm-copy-copy-copy-copy-copy-copy\/","title":{"rendered":"Ruban r\u00e9sine standard GRS 945 450 m, 80 mm, mandrin 25,4 mm"},"content":{"rendered":"<p>Le ruban GoDEX GRS 945 offre une sensibilit\u00e9 d&rsquo;impression \u00e9lev\u00e9e tout en \u00e9tant extr\u00eamement r\u00e9sistant \u00e0 l&rsquo;abrasion m\u00e9canique, \u00e0 la chaleur et \u00e0 l&rsquo;humidit\u00e9. Il r\u00e9siste \u00e9galement \u00e0 la plupart des produits chimiques couramment utilis\u00e9s. Ces caract\u00e9ristiques font du GRS 945 le ruban id\u00e9al pour l&rsquo;impression de codes-barres 2D sur de minuscules \u00e9tiquettes dans l&rsquo;industrie \u00e9lectronique, l&rsquo;ajout d&rsquo;informations variables sur des pi\u00e8ces automobiles et a\u00e9ronautiques, l&rsquo;impression d&rsquo;\u00e9tiquettes de classification, de gaines thermor\u00e9tractables, d&rsquo;\u00e9tiquettes de panneaux en relief, de marqueurs de blocs, d&rsquo;\u00e9tiquettes de consignes de s\u00e9curit\u00e9, d&rsquo;\u00e9tiquettes d&rsquo;arbres, de poches de sang et de nombreuses autres applications critiques exigeant une impression durable. Conforme aux normes ISEGA, le GRS 945 peut \u00e9galement \u00eatre utilis\u00e9 en contact direct avec les aliments et, comme nos autres rubans, sa formule d&rsquo;encre est antistatique. Son rev\u00eatement arri\u00e8re, qui pr\u00e9serve la t\u00eate d&rsquo;impression, prolonge consid\u00e9rablement sa dur\u00e9e de vie.    <\/p>\n","protected":false},"excerpt":{"rendered":"<p>Le ruban r\u00e9sine standard Godex GRS 945 offre une sensibilit\u00e9 d&rsquo;impression \u00e9lev\u00e9e tout en \u00e9tant extr\u00eamement r\u00e9sistant \u00e0 l&rsquo;abrasion m\u00e9canique, \u00e0 la chaleur et \u00e0 l&rsquo;humidit\u00e9. Il r\u00e9siste \u00e9galement \u00e0 la plupart des produits chimiques courants. Ces caract\u00e9ristiques font du GRS 945 le ruban id\u00e9al pour l&rsquo;impression de codes-barres 2D sur de minuscules \u00e9tiquettes dans l&rsquo;industrie \u00e9lectronique, l&rsquo;ajout d&rsquo;informations variables sur des pi\u00e8ces dans les secteurs automobile et a\u00e9ronautique, et l&rsquo;impression d&rsquo;\u00e9tiquettes de classification.  <\/p>\n<p><strong> Principales fonctionnalit\u00e9s<\/strong><\/p>\n","protected":false},"featured_media":25089,"comment_status":"open","ping_status":"closed","template":"","meta":{"_acf_changed":false,"_et_pb_use_builder":"","_et_pb_old_content":"","_et_gb_content_width":""},"product_brand":[],"product_cat":[720],"product_tag":[],"pa_connextion-shapes":[],"class_list":{"0":"post-56012","1":"product","2":"type-product","3":"status-publish","4":"has-post-thumbnail","6":"product_cat-rubans-de-transfert-thermique","8":"first","9":"instock","10":"taxable","11":"shipping-taxable","12":"purchasable","13":"product-type-simple"},"exclude_global_add_ons":[],"addons":[],"acf":[],"yoast_head":"<!-- This site is optimized with the Yoast SEO Premium plugin v27.0 (Yoast SEO v27.1) - https:\/\/yoast.com\/product\/yoast-seo-premium-wordpress\/ -->\n<title>Ruban r\u00e9sine standard GRS 945 450 m, 80 mm, mandrin 25,4 mm<\/title>\n<meta name=\"description\" content=\"Ruban r\u00e9sine multi-usages Godex GRS 945 pour des impressions durables sur papier synth\u00e9tique et couch\u00e9. Id\u00e9al pour l&#039;\u00e9tiquetage industriel et chimique.\" \/>\n<meta name=\"robots\" content=\"index, follow, max-snippet:-1, max-image-preview:large, max-video-preview:-1\" \/>\n<link rel=\"canonical\" href=\"https:\/\/d-identify.be\/fr\/produit\/ruban-resine-godex-300m-sur-ame-254mm-copy-copy-copy-copy-copy-copy\/\" \/>\n<meta property=\"og:locale\" content=\"fr_FR\" \/>\n<meta property=\"og:type\" content=\"article\" \/>\n<meta property=\"og:title\" content=\"Ruban r\u00e9sine standard GRS 945 450 m, 80 mm, mandrin 25,4 mm\" \/>\n<meta property=\"og:description\" content=\"Ruban r\u00e9sine multi-usages Godex GRS 945 pour des impressions durables sur papier synth\u00e9tique et couch\u00e9. Id\u00e9al pour l&#039;\u00e9tiquetage industriel et chimique.\" \/>\n<meta property=\"og:url\" content=\"https:\/\/d-identify.be\/fr\/produit\/ruban-resine-godex-300m-sur-ame-254mm-copy-copy-copy-copy-copy-copy\/\" \/>\n<meta property=\"og:site_name\" content=\"d-identify\" \/>\n<meta property=\"article:modified_time\" content=\"2025-05-23T14:38:21+00:00\" \/>\n<meta property=\"og:image\" content=\"https:\/\/d-identify.be\/wp-content\/uploads\/2024\/01\/godex-ribbon_3.jpg\" \/>\n\t<meta property=\"og:image:width\" content=\"600\" \/>\n\t<meta property=\"og:image:height\" content=\"600\" \/>\n\t<meta property=\"og:image:type\" content=\"image\/jpeg\" \/>\n<meta name=\"twitter:card\" content=\"summary_large_image\" \/>\n<meta name=\"twitter:label1\" content=\"Dur\u00e9e de lecture estim\u00e9e\" \/>\n\t<meta name=\"twitter:data1\" content=\"1 minute\" \/>\n<script type=\"application\/ld+json\" class=\"yoast-schema-graph\">{\"@context\":\"https:\/\/schema.org\",\"@graph\":[{\"@type\":\"WebPage\",\"@id\":\"https:\/\/d-identify.be\/fr\/produit\/ruban-resine-godex-300m-sur-ame-254mm-copy-copy-copy-copy-copy-copy\/\",\"url\":\"https:\/\/d-identify.be\/fr\/produit\/ruban-resine-godex-300m-sur-ame-254mm-copy-copy-copy-copy-copy-copy\/\",\"name\":\"Ruban r\u00e9sine standard GRS 945 450 m, 80 mm, mandrin 25,4 mm\",\"isPartOf\":{\"@id\":\"https:\/\/d-identify.be\/fr\/#website\"},\"primaryImageOfPage\":{\"@id\":\"https:\/\/d-identify.be\/fr\/produit\/ruban-resine-godex-300m-sur-ame-254mm-copy-copy-copy-copy-copy-copy\/#primaryimage\"},\"image\":{\"@id\":\"https:\/\/d-identify.be\/fr\/produit\/ruban-resine-godex-300m-sur-ame-254mm-copy-copy-copy-copy-copy-copy\/#primaryimage\"},\"thumbnailUrl\":\"https:\/\/d-identify.be\/wp-content\/uploads\/2024\/01\/godex-ribbon_3.jpg\",\"datePublished\":\"2025-05-21T10:19:44+00:00\",\"dateModified\":\"2025-05-23T14:38:21+00:00\",\"description\":\"Ruban r\u00e9sine multi-usages Godex GRS 945 pour des impressions durables sur papier synth\u00e9tique et couch\u00e9. Id\u00e9al pour l'\u00e9tiquetage industriel et chimique.\",\"breadcrumb\":{\"@id\":\"https:\/\/d-identify.be\/fr\/produit\/ruban-resine-godex-300m-sur-ame-254mm-copy-copy-copy-copy-copy-copy\/#breadcrumb\"},\"inLanguage\":\"fr-FR\",\"potentialAction\":[{\"@type\":\"ReadAction\",\"target\":[\"https:\/\/d-identify.be\/fr\/produit\/ruban-resine-godex-300m-sur-ame-254mm-copy-copy-copy-copy-copy-copy\/\"]}]},{\"@type\":\"ImageObject\",\"inLanguage\":\"fr-FR\",\"@id\":\"https:\/\/d-identify.be\/fr\/produit\/ruban-resine-godex-300m-sur-ame-254mm-copy-copy-copy-copy-copy-copy\/#primaryimage\",\"url\":\"https:\/\/d-identify.be\/wp-content\/uploads\/2024\/01\/godex-ribbon_3.jpg\",\"contentUrl\":\"https:\/\/d-identify.be\/wp-content\/uploads\/2024\/01\/godex-ribbon_3.jpg\",\"width\":600,\"height\":600,\"caption\":\"ruban GRS 945 110mm 74m | Ruban transfert thermique r\u00e9sine\"},{\"@type\":\"BreadcrumbList\",\"@id\":\"https:\/\/d-identify.be\/fr\/produit\/ruban-resine-godex-300m-sur-ame-254mm-copy-copy-copy-copy-copy-copy\/#breadcrumb\",\"itemListElement\":[{\"@type\":\"ListItem\",\"position\":1,\"name\":\"Home\",\"item\":\"https:\/\/d-identify.be\/fr\/home-2\/\"},{\"@type\":\"ListItem\",\"position\":2,\"name\":\"Boutique\",\"item\":\"https:\/\/d-identify.be\/fr\/boutique\/\"},{\"@type\":\"ListItem\",\"position\":3,\"name\":\"Ruban r\u00e9sine standard GRS 945 450 m, 80 mm, mandrin 25,4 mm\"}]},{\"@type\":\"WebSite\",\"@id\":\"https:\/\/d-identify.be\/fr\/#website\",\"url\":\"https:\/\/d-identify.be\/fr\/\",\"name\":\"d-identify\",\"description\":\"Industrial identification - Lockout - Tagout - Floor marking\",\"potentialAction\":[{\"@type\":\"SearchAction\",\"target\":{\"@type\":\"EntryPoint\",\"urlTemplate\":\"https:\/\/d-identify.be\/fr\/?s={search_term_string}\"},\"query-input\":{\"@type\":\"PropertyValueSpecification\",\"valueRequired\":true,\"valueName\":\"search_term_string\"}}],\"inLanguage\":\"fr-FR\"}]}<\/script>\n<!-- \/ Yoast SEO Premium plugin. -->","yoast_head_json":{"title":"Ruban r\u00e9sine standard GRS 945 450 m, 80 mm, mandrin 25,4 mm","description":"Ruban r\u00e9sine multi-usages Godex GRS 945 pour des impressions durables sur papier synth\u00e9tique et couch\u00e9. Id\u00e9al pour l'\u00e9tiquetage industriel et chimique.","robots":{"index":"index","follow":"follow","max-snippet":"max-snippet:-1","max-image-preview":"max-image-preview:large","max-video-preview":"max-video-preview:-1"},"canonical":"https:\/\/d-identify.be\/fr\/produit\/ruban-resine-godex-300m-sur-ame-254mm-copy-copy-copy-copy-copy-copy\/","og_locale":"fr_FR","og_type":"article","og_title":"Ruban r\u00e9sine standard GRS 945 450 m, 80 mm, mandrin 25,4 mm","og_description":"Ruban r\u00e9sine multi-usages Godex GRS 945 pour des impressions durables sur papier synth\u00e9tique et couch\u00e9. Id\u00e9al pour l'\u00e9tiquetage industriel et chimique.","og_url":"https:\/\/d-identify.be\/fr\/produit\/ruban-resine-godex-300m-sur-ame-254mm-copy-copy-copy-copy-copy-copy\/","og_site_name":"d-identify","article_modified_time":"2025-05-23T14:38:21+00:00","og_image":[{"width":600,"height":600,"url":"https:\/\/d-identify.be\/wp-content\/uploads\/2024\/01\/godex-ribbon_3.jpg","type":"image\/jpeg"}],"twitter_card":"summary_large_image","twitter_misc":{"Dur\u00e9e de lecture estim\u00e9e":"1 minute"},"schema":{"@context":"https:\/\/schema.org","@graph":[{"@type":"WebPage","@id":"https:\/\/d-identify.be\/fr\/produit\/ruban-resine-godex-300m-sur-ame-254mm-copy-copy-copy-copy-copy-copy\/","url":"https:\/\/d-identify.be\/fr\/produit\/ruban-resine-godex-300m-sur-ame-254mm-copy-copy-copy-copy-copy-copy\/","name":"Ruban r\u00e9sine standard GRS 945 450 m, 80 mm, mandrin 25,4 mm","isPartOf":{"@id":"https:\/\/d-identify.be\/fr\/#website"},"primaryImageOfPage":{"@id":"https:\/\/d-identify.be\/fr\/produit\/ruban-resine-godex-300m-sur-ame-254mm-copy-copy-copy-copy-copy-copy\/#primaryimage"},"image":{"@id":"https:\/\/d-identify.be\/fr\/produit\/ruban-resine-godex-300m-sur-ame-254mm-copy-copy-copy-copy-copy-copy\/#primaryimage"},"thumbnailUrl":"https:\/\/d-identify.be\/wp-content\/uploads\/2024\/01\/godex-ribbon_3.jpg","datePublished":"2025-05-21T10:19:44+00:00","dateModified":"2025-05-23T14:38:21+00:00","description":"Ruban r\u00e9sine multi-usages Godex GRS 945 pour des impressions durables sur papier synth\u00e9tique et couch\u00e9. Id\u00e9al pour l'\u00e9tiquetage industriel et chimique.","breadcrumb":{"@id":"https:\/\/d-identify.be\/fr\/produit\/ruban-resine-godex-300m-sur-ame-254mm-copy-copy-copy-copy-copy-copy\/#breadcrumb"},"inLanguage":"fr-FR","potentialAction":[{"@type":"ReadAction","target":["https:\/\/d-identify.be\/fr\/produit\/ruban-resine-godex-300m-sur-ame-254mm-copy-copy-copy-copy-copy-copy\/"]}]},{"@type":"ImageObject","inLanguage":"fr-FR","@id":"https:\/\/d-identify.be\/fr\/produit\/ruban-resine-godex-300m-sur-ame-254mm-copy-copy-copy-copy-copy-copy\/#primaryimage","url":"https:\/\/d-identify.be\/wp-content\/uploads\/2024\/01\/godex-ribbon_3.jpg","contentUrl":"https:\/\/d-identify.be\/wp-content\/uploads\/2024\/01\/godex-ribbon_3.jpg","width":600,"height":600,"caption":"ruban GRS 945 110mm 74m | Ruban transfert thermique r\u00e9sine"},{"@type":"BreadcrumbList","@id":"https:\/\/d-identify.be\/fr\/produit\/ruban-resine-godex-300m-sur-ame-254mm-copy-copy-copy-copy-copy-copy\/#breadcrumb","itemListElement":[{"@type":"ListItem","position":1,"name":"Home","item":"https:\/\/d-identify.be\/fr\/home-2\/"},{"@type":"ListItem","position":2,"name":"Boutique","item":"https:\/\/d-identify.be\/fr\/boutique\/"},{"@type":"ListItem","position":3,"name":"Ruban r\u00e9sine standard GRS 945 450 m, 80 mm, mandrin 25,4 mm"}]},{"@type":"WebSite","@id":"https:\/\/d-identify.be\/fr\/#website","url":"https:\/\/d-identify.be\/fr\/","name":"d-identify","description":"Industrial identification - Lockout - Tagout - Floor marking","potentialAction":[{"@type":"SearchAction","target":{"@type":"EntryPoint","urlTemplate":"https:\/\/d-identify.be\/fr\/?s={search_term_string}"},"query-input":{"@type":"PropertyValueSpecification","valueRequired":true,"valueName":"search_term_string"}}],"inLanguage":"fr-FR"}]}},"_links":{"self":[{"href":"https:\/\/d-identify.be\/fr\/wp-json\/wp\/v2\/product\/56012","targetHints":{"allow":["GET"]}}],"collection":[{"href":"https:\/\/d-identify.be\/fr\/wp-json\/wp\/v2\/product"}],"about":[{"href":"https:\/\/d-identify.be\/fr\/wp-json\/wp\/v2\/types\/product"}],"replies":[{"embeddable":true,"href":"https:\/\/d-identify.be\/fr\/wp-json\/wp\/v2\/comments?post=56012"}],"wp:featuredmedia":[{"embeddable":true,"href":"https:\/\/d-identify.be\/fr\/wp-json\/wp\/v2\/media\/25089"}],"wp:attachment":[{"href":"https:\/\/d-identify.be\/fr\/wp-json\/wp\/v2\/media?parent=56012"}],"wp:term":[{"taxonomy":"product_brand","embeddable":true,"href":"https:\/\/d-identify.be\/fr\/wp-json\/wp\/v2\/product_brand?post=56012"},{"taxonomy":"product_cat","embeddable":true,"href":"https:\/\/d-identify.be\/fr\/wp-json\/wp\/v2\/product_cat?post=56012"},{"taxonomy":"product_tag","embeddable":true,"href":"https:\/\/d-identify.be\/fr\/wp-json\/wp\/v2\/product_tag?post=56012"},{"taxonomy":"pa_connextion-shapes","embeddable":true,"href":"https:\/\/d-identify.be\/fr\/wp-json\/wp\/v2\/pa_connextion-shapes?post=56012"}],"curies":[{"name":"wp","href":"https:\/\/api.w.org\/{rel}","templated":true}]}}