{"id":55793,"date":"2025-05-15T16:12:30","date_gmt":"2025-05-15T14:12:30","guid":{"rendered":"https:\/\/d-identify.be\/product\/etiquette-jet-dencre-en-polypropylene-mat-114-x-178-mm\/"},"modified":"2025-05-15T16:12:30","modified_gmt":"2025-05-15T14:12:30","slug":"etiquette-jet-dencre-en-polypropylene-mat-114-x-178-mm","status":"publish","type":"product","link":"https:\/\/d-identify.be\/fr\/produit\/etiquette-jet-dencre-en-polypropylene-mat-114-x-178-mm\/","title":{"rendered":"\u00c9tiquette jet d&rsquo;encre en polypropyl\u00e8ne mat 114 x 178 mm"},"content":{"rendered":"<p class=\"\" data-start=\"219\" data-end=\"569\">Nos \u00e9tiquettes \u00e0 jet d&rsquo;encre en polypropyl\u00e8ne mat sont sp\u00e9cialement con\u00e7ues pour \u00eatre utilis\u00e9es avec les imprimantes d&rsquo;\u00e9tiquettes couleur Afinia et Epson, offrant une qualit\u00e9 d&rsquo;impression professionnelle avec une excellente durabilit\u00e9. La surface mate garantit des impressions nettes et \u00e9clatantes avec des couleurs riches et un texte net, tout en offrant une finition lisse et non r\u00e9fl\u00e9chissante qui am\u00e9liore la lisibilit\u00e9 et \u00e9vite les reflets. <\/p>\n<p class=\"\" data-start=\"571\" data-end=\"854\">Ces \u00e9tiquettes sont r\u00e9sistantes \u00e0 l\u2019eau, aux taches et offrent une r\u00e9sistance sup\u00e9rieure aux rayures et \u00e0 la manipulation. Gr\u00e2ce au mat\u00e9riau de base en polypropyl\u00e8ne, elles sont plus robustes que les \u00e9tiquettes en papier standard, ce qui les rend id\u00e9ales pour les applications o\u00f9 la durabilit\u00e9 et un aspect haut de gamme sont essentiels. <\/p>\n<p class=\"\" data-start=\"856\" data-end=\"1097\">Parfaites pour l&rsquo;\u00e9tiquetage des produits, l&#8217;emballage, la logistique et l&rsquo;utilisation industrielle, ces \u00e9tiquettes conviennent aussi bien aux applications int\u00e9rieures qu&rsquo;ext\u00e9rieures \u00e0 court terme. Ils adh\u00e8rent bien \u00e0 une vari\u00e9t\u00e9 de surfaces, notamment le plastique, le verre, le m\u00e9tal et le carton. <\/p>\n","protected":false},"excerpt":{"rendered":"<p>\u00c9tiquettes en polypropyl\u00e8ne mat durables con\u00e7ues pour une impression de haute qualit\u00e9 et r\u00e9sistante aux taches avec les imprimantes \u00e0 jet d&rsquo;encre Afinia et Epson. Id\u00e9al pour l&rsquo;\u00e9tiquetage des produits, l&#8217;emballage et les applications industrielles o\u00f9 la r\u00e9sistance \u00e0 l&rsquo;eau et aux rayures est essentielle. <\/p>\n<p><strong>Principales fonctionnalit\u00e9s<\/strong><\/p>\n","protected":false},"featured_media":27110,"comment_status":"open","ping_status":"closed","template":"","meta":{"_acf_changed":false,"_et_pb_use_builder":"","_et_pb_old_content":"","_et_gb_content_width":""},"product_brand":[],"product_cat":[785],"product_tag":[],"pa_connextion-shapes":[],"class_list":{"0":"post-55793","1":"product","2":"type-product","3":"status-publish","4":"has-post-thumbnail","6":"product_cat-etiquettes-jet-dencre","8":"first","9":"instock","10":"taxable","11":"shipping-taxable","12":"purchasable","13":"product-type-simple"},"exclude_global_add_ons":[],"addons":[],"acf":[],"yoast_head":"<!-- This site is optimized with the Yoast SEO Premium plugin v27.0 (Yoast SEO v27.1) - https:\/\/yoast.com\/product\/yoast-seo-premium-wordpress\/ -->\n<title>\u00c9tiquette jet d&#039;encre en polypropyl\u00e8ne mat 114 x 178 mm<\/title>\n<meta name=\"description\" content=\"Nos \u00e9tiquettes \u00e0 jet d&#039;encre en polypropyl\u00e8ne mat sont sp\u00e9cialement con\u00e7ues pour \u00eatre utilis\u00e9es avec les imprimantes d&#039;\u00e9tiquettes couleur Afinia et Epson\" \/>\n<meta name=\"robots\" content=\"index, follow, max-snippet:-1, max-image-preview:large, max-video-preview:-1\" \/>\n<link rel=\"canonical\" href=\"https:\/\/d-identify.be\/fr\/produit\/etiquette-jet-dencre-en-polypropylene-mat-114-x-178-mm\/\" \/>\n<meta property=\"og:locale\" content=\"fr_FR\" \/>\n<meta property=\"og:type\" content=\"article\" \/>\n<meta property=\"og:title\" content=\"\u00c9tiquette jet d&#039;encre en polypropyl\u00e8ne mat 114 x 178 mm\" \/>\n<meta property=\"og:description\" content=\"Nos \u00e9tiquettes \u00e0 jet d&#039;encre en polypropyl\u00e8ne mat sont sp\u00e9cialement con\u00e7ues pour \u00eatre utilis\u00e9es avec les imprimantes d&#039;\u00e9tiquettes couleur Afinia et Epson\" \/>\n<meta property=\"og:url\" content=\"https:\/\/d-identify.be\/fr\/produit\/etiquette-jet-dencre-en-polypropylene-mat-114-x-178-mm\/\" \/>\n<meta property=\"og:site_name\" content=\"d-identify\" \/>\n<meta property=\"og:image\" content=\"https:\/\/d-identify.be\/wp-content\/uploads\/2021\/07\/DID-114x178-375-1R.png\" \/>\n\t<meta property=\"og:image:width\" content=\"4252\" \/>\n\t<meta property=\"og:image:height\" content=\"4252\" \/>\n\t<meta property=\"og:image:type\" content=\"image\/png\" \/>\n<meta name=\"twitter:card\" content=\"summary_large_image\" \/>\n<meta name=\"twitter:label1\" content=\"Dur\u00e9e de lecture estim\u00e9e\" \/>\n\t<meta name=\"twitter:data1\" content=\"1 minute\" \/>\n<script type=\"application\/ld+json\" class=\"yoast-schema-graph\">{\"@context\":\"https:\/\/schema.org\",\"@graph\":[{\"@type\":\"WebPage\",\"@id\":\"https:\/\/d-identify.be\/fr\/produit\/etiquette-jet-dencre-en-polypropylene-mat-114-x-178-mm\/\",\"url\":\"https:\/\/d-identify.be\/fr\/produit\/etiquette-jet-dencre-en-polypropylene-mat-114-x-178-mm\/\",\"name\":\"\u00c9tiquette jet d'encre en polypropyl\u00e8ne mat 114 x 178 mm\",\"isPartOf\":{\"@id\":\"https:\/\/d-identify.be\/fr\/#website\"},\"primaryImageOfPage\":{\"@id\":\"https:\/\/d-identify.be\/fr\/produit\/etiquette-jet-dencre-en-polypropylene-mat-114-x-178-mm\/#primaryimage\"},\"image\":{\"@id\":\"https:\/\/d-identify.be\/fr\/produit\/etiquette-jet-dencre-en-polypropylene-mat-114-x-178-mm\/#primaryimage\"},\"thumbnailUrl\":\"https:\/\/d-identify.be\/wp-content\/uploads\/2021\/07\/DID-114x178-375-1R.png\",\"datePublished\":\"2025-05-15T14:12:30+00:00\",\"description\":\"Nos \u00e9tiquettes \u00e0 jet d'encre en polypropyl\u00e8ne mat sont sp\u00e9cialement con\u00e7ues pour \u00eatre utilis\u00e9es avec les imprimantes d'\u00e9tiquettes couleur Afinia et Epson\",\"breadcrumb\":{\"@id\":\"https:\/\/d-identify.be\/fr\/produit\/etiquette-jet-dencre-en-polypropylene-mat-114-x-178-mm\/#breadcrumb\"},\"inLanguage\":\"fr-FR\",\"potentialAction\":[{\"@type\":\"ReadAction\",\"target\":[\"https:\/\/d-identify.be\/fr\/produit\/etiquette-jet-dencre-en-polypropylene-mat-114-x-178-mm\/\"]}]},{\"@type\":\"ImageObject\",\"inLanguage\":\"fr-FR\",\"@id\":\"https:\/\/d-identify.be\/fr\/produit\/etiquette-jet-dencre-en-polypropylene-mat-114-x-178-mm\/#primaryimage\",\"url\":\"https:\/\/d-identify.be\/wp-content\/uploads\/2021\/07\/DID-114x178-375-1R.png\",\"contentUrl\":\"https:\/\/d-identify.be\/wp-content\/uploads\/2021\/07\/DID-114x178-375-1R.png\",\"width\":4252,\"height\":4252,\"caption\":\"\u00e9tiquette jet d'encre 114x178mm\"},{\"@type\":\"BreadcrumbList\",\"@id\":\"https:\/\/d-identify.be\/fr\/produit\/etiquette-jet-dencre-en-polypropylene-mat-114-x-178-mm\/#breadcrumb\",\"itemListElement\":[{\"@type\":\"ListItem\",\"position\":1,\"name\":\"Home\",\"item\":\"https:\/\/d-identify.be\/fr\/home-2\/\"},{\"@type\":\"ListItem\",\"position\":2,\"name\":\"Boutique\",\"item\":\"https:\/\/d-identify.be\/fr\/boutique\/\"},{\"@type\":\"ListItem\",\"position\":3,\"name\":\"\u00c9tiquette jet d&#8217;encre en polypropyl\u00e8ne mat 114 x 178 mm\"}]},{\"@type\":\"WebSite\",\"@id\":\"https:\/\/d-identify.be\/fr\/#website\",\"url\":\"https:\/\/d-identify.be\/fr\/\",\"name\":\"d-identify\",\"description\":\"Industrial identification - Lockout - Tagout - Floor marking\",\"potentialAction\":[{\"@type\":\"SearchAction\",\"target\":{\"@type\":\"EntryPoint\",\"urlTemplate\":\"https:\/\/d-identify.be\/fr\/?s={search_term_string}\"},\"query-input\":{\"@type\":\"PropertyValueSpecification\",\"valueRequired\":true,\"valueName\":\"search_term_string\"}}],\"inLanguage\":\"fr-FR\"}]}<\/script>\n<!-- \/ Yoast SEO Premium plugin. -->","yoast_head_json":{"title":"\u00c9tiquette jet d'encre en polypropyl\u00e8ne mat 114 x 178 mm","description":"Nos \u00e9tiquettes \u00e0 jet d'encre en polypropyl\u00e8ne mat sont sp\u00e9cialement con\u00e7ues pour \u00eatre utilis\u00e9es avec les imprimantes d'\u00e9tiquettes couleur Afinia et Epson","robots":{"index":"index","follow":"follow","max-snippet":"max-snippet:-1","max-image-preview":"max-image-preview:large","max-video-preview":"max-video-preview:-1"},"canonical":"https:\/\/d-identify.be\/fr\/produit\/etiquette-jet-dencre-en-polypropylene-mat-114-x-178-mm\/","og_locale":"fr_FR","og_type":"article","og_title":"\u00c9tiquette jet d'encre en polypropyl\u00e8ne mat 114 x 178 mm","og_description":"Nos \u00e9tiquettes \u00e0 jet d'encre en polypropyl\u00e8ne mat sont sp\u00e9cialement con\u00e7ues pour \u00eatre utilis\u00e9es avec les imprimantes d'\u00e9tiquettes couleur Afinia et Epson","og_url":"https:\/\/d-identify.be\/fr\/produit\/etiquette-jet-dencre-en-polypropylene-mat-114-x-178-mm\/","og_site_name":"d-identify","og_image":[{"width":4252,"height":4252,"url":"https:\/\/d-identify.be\/wp-content\/uploads\/2021\/07\/DID-114x178-375-1R.png","type":"image\/png"}],"twitter_card":"summary_large_image","twitter_misc":{"Dur\u00e9e de lecture estim\u00e9e":"1 minute"},"schema":{"@context":"https:\/\/schema.org","@graph":[{"@type":"WebPage","@id":"https:\/\/d-identify.be\/fr\/produit\/etiquette-jet-dencre-en-polypropylene-mat-114-x-178-mm\/","url":"https:\/\/d-identify.be\/fr\/produit\/etiquette-jet-dencre-en-polypropylene-mat-114-x-178-mm\/","name":"\u00c9tiquette jet d'encre en polypropyl\u00e8ne mat 114 x 178 mm","isPartOf":{"@id":"https:\/\/d-identify.be\/fr\/#website"},"primaryImageOfPage":{"@id":"https:\/\/d-identify.be\/fr\/produit\/etiquette-jet-dencre-en-polypropylene-mat-114-x-178-mm\/#primaryimage"},"image":{"@id":"https:\/\/d-identify.be\/fr\/produit\/etiquette-jet-dencre-en-polypropylene-mat-114-x-178-mm\/#primaryimage"},"thumbnailUrl":"https:\/\/d-identify.be\/wp-content\/uploads\/2021\/07\/DID-114x178-375-1R.png","datePublished":"2025-05-15T14:12:30+00:00","description":"Nos \u00e9tiquettes \u00e0 jet d'encre en polypropyl\u00e8ne mat sont sp\u00e9cialement con\u00e7ues pour \u00eatre utilis\u00e9es avec les imprimantes d'\u00e9tiquettes couleur Afinia et Epson","breadcrumb":{"@id":"https:\/\/d-identify.be\/fr\/produit\/etiquette-jet-dencre-en-polypropylene-mat-114-x-178-mm\/#breadcrumb"},"inLanguage":"fr-FR","potentialAction":[{"@type":"ReadAction","target":["https:\/\/d-identify.be\/fr\/produit\/etiquette-jet-dencre-en-polypropylene-mat-114-x-178-mm\/"]}]},{"@type":"ImageObject","inLanguage":"fr-FR","@id":"https:\/\/d-identify.be\/fr\/produit\/etiquette-jet-dencre-en-polypropylene-mat-114-x-178-mm\/#primaryimage","url":"https:\/\/d-identify.be\/wp-content\/uploads\/2021\/07\/DID-114x178-375-1R.png","contentUrl":"https:\/\/d-identify.be\/wp-content\/uploads\/2021\/07\/DID-114x178-375-1R.png","width":4252,"height":4252,"caption":"\u00e9tiquette jet d'encre 114x178mm"},{"@type":"BreadcrumbList","@id":"https:\/\/d-identify.be\/fr\/produit\/etiquette-jet-dencre-en-polypropylene-mat-114-x-178-mm\/#breadcrumb","itemListElement":[{"@type":"ListItem","position":1,"name":"Home","item":"https:\/\/d-identify.be\/fr\/home-2\/"},{"@type":"ListItem","position":2,"name":"Boutique","item":"https:\/\/d-identify.be\/fr\/boutique\/"},{"@type":"ListItem","position":3,"name":"\u00c9tiquette jet d&#8217;encre en polypropyl\u00e8ne mat 114 x 178 mm"}]},{"@type":"WebSite","@id":"https:\/\/d-identify.be\/fr\/#website","url":"https:\/\/d-identify.be\/fr\/","name":"d-identify","description":"Industrial identification - Lockout - Tagout - Floor marking","potentialAction":[{"@type":"SearchAction","target":{"@type":"EntryPoint","urlTemplate":"https:\/\/d-identify.be\/fr\/?s={search_term_string}"},"query-input":{"@type":"PropertyValueSpecification","valueRequired":true,"valueName":"search_term_string"}}],"inLanguage":"fr-FR"}]}},"_links":{"self":[{"href":"https:\/\/d-identify.be\/fr\/wp-json\/wp\/v2\/product\/55793","targetHints":{"allow":["GET"]}}],"collection":[{"href":"https:\/\/d-identify.be\/fr\/wp-json\/wp\/v2\/product"}],"about":[{"href":"https:\/\/d-identify.be\/fr\/wp-json\/wp\/v2\/types\/product"}],"replies":[{"embeddable":true,"href":"https:\/\/d-identify.be\/fr\/wp-json\/wp\/v2\/comments?post=55793"}],"wp:featuredmedia":[{"embeddable":true,"href":"https:\/\/d-identify.be\/fr\/wp-json\/wp\/v2\/media\/27110"}],"wp:attachment":[{"href":"https:\/\/d-identify.be\/fr\/wp-json\/wp\/v2\/media?parent=55793"}],"wp:term":[{"taxonomy":"product_brand","embeddable":true,"href":"https:\/\/d-identify.be\/fr\/wp-json\/wp\/v2\/product_brand?post=55793"},{"taxonomy":"product_cat","embeddable":true,"href":"https:\/\/d-identify.be\/fr\/wp-json\/wp\/v2\/product_cat?post=55793"},{"taxonomy":"product_tag","embeddable":true,"href":"https:\/\/d-identify.be\/fr\/wp-json\/wp\/v2\/product_tag?post=55793"},{"taxonomy":"pa_connextion-shapes","embeddable":true,"href":"https:\/\/d-identify.be\/fr\/wp-json\/wp\/v2\/pa_connextion-shapes?post=55793"}],"curies":[{"name":"wp","href":"https:\/\/api.w.org\/{rel}","templated":true}]}}