{"id":55788,"date":"2025-05-16T14:37:43","date_gmt":"2025-05-16T12:37:43","guid":{"rendered":"https:\/\/d-identify.be\/product\/etiquette-en-papier-brillant-pour-jet-dencre-101-x-101-mm\/"},"modified":"2025-05-16T14:37:43","modified_gmt":"2025-05-16T12:37:43","slug":"etiquette-en-papier-brillant-pour-jet-dencre-101-x-101-mm","status":"publish","type":"product","link":"https:\/\/d-identify.be\/fr\/produit\/etiquette-en-papier-brillant-pour-jet-dencre-101-x-101-mm\/","title":{"rendered":"\u00c9tiquette en papier brillant pour jet d&rsquo;encre 101 x 101 mm"},"content":{"rendered":"<p class=\"\" data-start=\"365\" data-end=\"674\">Nos <strong data-start=\"369\" data-end=\"399\">\u00e9tiquettes en papier jet d&rsquo;encre brillant<\/strong> sont sp\u00e9cialement formul\u00e9es pour \u00eatre utilis\u00e9es avec les imprimantes \u00e0 jet d&rsquo;encre Afinia et Epson, offrant des impressions lumineuses et \u00e9clatantes avec une excellente r\u00e9sistance aux taches. La surface brillante am\u00e9liore les couleurs et les images avec une finition brillante et r\u00e9fl\u00e9chissante qui fait ressortir vos \u00e9tiquettes sur les \u00e9tag\u00e8res ou les emballages. <\/p>\n<p class=\"\" data-start=\"676\" data-end=\"989\">Id\u00e9ales pour l&rsquo;\u00e9tiquetage des produits, l&#8217;emballage, le mat\u00e9riel promotionnel et les applications de vente au d\u00e9tail, ces \u00e9tiquettes offrent un aspect professionnel avec un attrait visuel suppl\u00e9mentaire. Bien qu&rsquo;ils offrent une r\u00e9sistance \u00e0 l&rsquo;eau mod\u00e9r\u00e9e, ils sont mieux adapt\u00e9s \u00e0 une utilisation en int\u00e9rieur et aux environnements o\u00f9 les \u00e9tiquettes ne seront pas expos\u00e9es \u00e0 une humidit\u00e9 ou \u00e0 une abrasion intenses. <\/p>\n<p class=\"\" data-start=\"991\" data-end=\"1167\">Compatibles avec une large gamme de surfaces, notamment le papier, le carton, le plastique et le verre, ces \u00e9tiquettes constituent un moyen \u00e9conomique d&rsquo;ajouter une touche haut de gamme \u00e0 vos documents imprim\u00e9s.<\/p>\n<p class=\"\" data-start=\"571\" data-end=\"854\">Ces \u00e9tiquettes sont r\u00e9sistantes \u00e0 l\u2019eau, aux taches et offrent une r\u00e9sistance sup\u00e9rieure aux rayures et \u00e0 la manipulation. Gr\u00e2ce au mat\u00e9riau de base en polypropyl\u00e8ne, elles sont plus robustes que les \u00e9tiquettes en papier standard, ce qui les rend id\u00e9ales pour les applications o\u00f9 la durabilit\u00e9 et un aspect haut de gamme sont essentiels. <\/p>\n<p class=\"\" data-start=\"856\" data-end=\"1097\">Parfaites pour l&rsquo;\u00e9tiquetage des produits, l&#8217;emballage, la logistique et l&rsquo;utilisation industrielle, ces \u00e9tiquettes conviennent aussi bien aux applications int\u00e9rieures qu&rsquo;ext\u00e9rieures \u00e0 court terme. Ils adh\u00e8rent bien \u00e0 une vari\u00e9t\u00e9 de surfaces, notamment le plastique, le verre, le m\u00e9tal et le carton. <\/p>\n","protected":false},"excerpt":{"rendered":"<p>\u00c9tiquettes en papier jet d&rsquo;encre brillant con\u00e7ues pour une impression \u00e9clatante et r\u00e9sistante aux taches avec les imprimantes \u00e0 jet d&rsquo;encre Afinia et Epson. Id\u00e9al pour l&rsquo;\u00e9tiquetage et l&#8217;emballage de produits o\u00f9 une finition brillante et accrocheuse est souhait\u00e9e. <\/p>\n<p><strong>Principales fonctionnalit\u00e9s<\/strong><\/p>\n","protected":false},"featured_media":27134,"comment_status":"open","ping_status":"closed","template":"","meta":{"_acf_changed":false,"_et_pb_use_builder":"","_et_pb_old_content":"","_et_gb_content_width":""},"product_brand":[],"product_cat":[785],"product_tag":[],"pa_connextion-shapes":[],"class_list":{"0":"post-55788","1":"product","2":"type-product","3":"status-publish","4":"has-post-thumbnail","6":"product_cat-etiquettes-jet-dencre","8":"first","9":"instock","10":"taxable","11":"shipping-taxable","12":"purchasable","13":"product-type-simple"},"exclude_global_add_ons":[],"addons":[],"acf":[],"yoast_head":"<!-- This site is optimized with the Yoast SEO Premium plugin v27.0 (Yoast SEO v27.1) - https:\/\/yoast.com\/product\/yoast-seo-premium-wordpress\/ -->\n<title>\u00c9tiquette en papier brillant pour jet d&#039;encre 101 x 101 mm<\/title>\n<meta name=\"description\" content=\"Nos \u00e9tiquettes en papier brillant pour jet d&#039;encre sont sp\u00e9cialement formul\u00e9es pour \u00eatre utilis\u00e9es avec les imprimantes \u00e0 jet d&#039;encre Afinia et Epson\" \/>\n<meta name=\"robots\" content=\"index, follow, max-snippet:-1, max-image-preview:large, max-video-preview:-1\" \/>\n<link rel=\"canonical\" href=\"https:\/\/d-identify.be\/fr\/produit\/etiquette-en-papier-brillant-pour-jet-dencre-101-x-101-mm\/\" \/>\n<meta property=\"og:locale\" content=\"fr_FR\" \/>\n<meta property=\"og:type\" content=\"article\" \/>\n<meta property=\"og:title\" content=\"\u00c9tiquette en papier brillant pour jet d&#039;encre 101 x 101 mm\" \/>\n<meta property=\"og:description\" content=\"Nos \u00e9tiquettes en papier brillant pour jet d&#039;encre sont sp\u00e9cialement formul\u00e9es pour \u00eatre utilis\u00e9es avec les imprimantes \u00e0 jet d&#039;encre Afinia et Epson\" \/>\n<meta property=\"og:url\" content=\"https:\/\/d-identify.be\/fr\/produit\/etiquette-en-papier-brillant-pour-jet-dencre-101-x-101-mm\/\" \/>\n<meta property=\"og:site_name\" content=\"d-identify\" \/>\n<meta property=\"og:image\" content=\"https:\/\/d-identify.be\/wp-content\/uploads\/2021\/07\/DID-101x101-625-1R.png\" \/>\n\t<meta property=\"og:image:width\" content=\"4252\" \/>\n\t<meta property=\"og:image:height\" content=\"4252\" \/>\n\t<meta property=\"og:image:type\" content=\"image\/png\" \/>\n<meta name=\"twitter:card\" content=\"summary_large_image\" \/>\n<meta name=\"twitter:label1\" content=\"Dur\u00e9e de lecture estim\u00e9e\" \/>\n\t<meta name=\"twitter:data1\" content=\"1 minute\" \/>\n<script type=\"application\/ld+json\" class=\"yoast-schema-graph\">{\"@context\":\"https:\/\/schema.org\",\"@graph\":[{\"@type\":\"WebPage\",\"@id\":\"https:\/\/d-identify.be\/fr\/produit\/etiquette-en-papier-brillant-pour-jet-dencre-101-x-101-mm\/\",\"url\":\"https:\/\/d-identify.be\/fr\/produit\/etiquette-en-papier-brillant-pour-jet-dencre-101-x-101-mm\/\",\"name\":\"\u00c9tiquette en papier brillant pour jet d'encre 101 x 101 mm\",\"isPartOf\":{\"@id\":\"https:\/\/d-identify.be\/fr\/#website\"},\"primaryImageOfPage\":{\"@id\":\"https:\/\/d-identify.be\/fr\/produit\/etiquette-en-papier-brillant-pour-jet-dencre-101-x-101-mm\/#primaryimage\"},\"image\":{\"@id\":\"https:\/\/d-identify.be\/fr\/produit\/etiquette-en-papier-brillant-pour-jet-dencre-101-x-101-mm\/#primaryimage\"},\"thumbnailUrl\":\"https:\/\/d-identify.be\/wp-content\/uploads\/2021\/07\/DID-101x101-625-1R.png\",\"datePublished\":\"2025-05-16T12:37:43+00:00\",\"description\":\"Nos \u00e9tiquettes en papier brillant pour jet d'encre sont sp\u00e9cialement formul\u00e9es pour \u00eatre utilis\u00e9es avec les imprimantes \u00e0 jet d'encre Afinia et Epson\",\"breadcrumb\":{\"@id\":\"https:\/\/d-identify.be\/fr\/produit\/etiquette-en-papier-brillant-pour-jet-dencre-101-x-101-mm\/#breadcrumb\"},\"inLanguage\":\"fr-FR\",\"potentialAction\":[{\"@type\":\"ReadAction\",\"target\":[\"https:\/\/d-identify.be\/fr\/produit\/etiquette-en-papier-brillant-pour-jet-dencre-101-x-101-mm\/\"]}]},{\"@type\":\"ImageObject\",\"inLanguage\":\"fr-FR\",\"@id\":\"https:\/\/d-identify.be\/fr\/produit\/etiquette-en-papier-brillant-pour-jet-dencre-101-x-101-mm\/#primaryimage\",\"url\":\"https:\/\/d-identify.be\/wp-content\/uploads\/2021\/07\/DID-101x101-625-1R.png\",\"contentUrl\":\"https:\/\/d-identify.be\/wp-content\/uploads\/2021\/07\/DID-101x101-625-1R.png\",\"width\":4252,\"height\":4252,\"caption\":\"Inkjet Label 101x101mm\"},{\"@type\":\"BreadcrumbList\",\"@id\":\"https:\/\/d-identify.be\/fr\/produit\/etiquette-en-papier-brillant-pour-jet-dencre-101-x-101-mm\/#breadcrumb\",\"itemListElement\":[{\"@type\":\"ListItem\",\"position\":1,\"name\":\"Home\",\"item\":\"https:\/\/d-identify.be\/fr\/home-2\/\"},{\"@type\":\"ListItem\",\"position\":2,\"name\":\"Boutique\",\"item\":\"https:\/\/d-identify.be\/fr\/boutique\/\"},{\"@type\":\"ListItem\",\"position\":3,\"name\":\"\u00c9tiquette en papier brillant pour jet d&#8217;encre 101 x 101 mm\"}]},{\"@type\":\"WebSite\",\"@id\":\"https:\/\/d-identify.be\/fr\/#website\",\"url\":\"https:\/\/d-identify.be\/fr\/\",\"name\":\"d-identify\",\"description\":\"Industrial identification - Lockout - Tagout - Floor marking\",\"potentialAction\":[{\"@type\":\"SearchAction\",\"target\":{\"@type\":\"EntryPoint\",\"urlTemplate\":\"https:\/\/d-identify.be\/fr\/?s={search_term_string}\"},\"query-input\":{\"@type\":\"PropertyValueSpecification\",\"valueRequired\":true,\"valueName\":\"search_term_string\"}}],\"inLanguage\":\"fr-FR\"}]}<\/script>\n<!-- \/ Yoast SEO Premium plugin. -->","yoast_head_json":{"title":"\u00c9tiquette en papier brillant pour jet d'encre 101 x 101 mm","description":"Nos \u00e9tiquettes en papier brillant pour jet d'encre sont sp\u00e9cialement formul\u00e9es pour \u00eatre utilis\u00e9es avec les imprimantes \u00e0 jet d'encre Afinia et Epson","robots":{"index":"index","follow":"follow","max-snippet":"max-snippet:-1","max-image-preview":"max-image-preview:large","max-video-preview":"max-video-preview:-1"},"canonical":"https:\/\/d-identify.be\/fr\/produit\/etiquette-en-papier-brillant-pour-jet-dencre-101-x-101-mm\/","og_locale":"fr_FR","og_type":"article","og_title":"\u00c9tiquette en papier brillant pour jet d'encre 101 x 101 mm","og_description":"Nos \u00e9tiquettes en papier brillant pour jet d'encre sont sp\u00e9cialement formul\u00e9es pour \u00eatre utilis\u00e9es avec les imprimantes \u00e0 jet d'encre Afinia et Epson","og_url":"https:\/\/d-identify.be\/fr\/produit\/etiquette-en-papier-brillant-pour-jet-dencre-101-x-101-mm\/","og_site_name":"d-identify","og_image":[{"width":4252,"height":4252,"url":"https:\/\/d-identify.be\/wp-content\/uploads\/2021\/07\/DID-101x101-625-1R.png","type":"image\/png"}],"twitter_card":"summary_large_image","twitter_misc":{"Dur\u00e9e de lecture estim\u00e9e":"1 minute"},"schema":{"@context":"https:\/\/schema.org","@graph":[{"@type":"WebPage","@id":"https:\/\/d-identify.be\/fr\/produit\/etiquette-en-papier-brillant-pour-jet-dencre-101-x-101-mm\/","url":"https:\/\/d-identify.be\/fr\/produit\/etiquette-en-papier-brillant-pour-jet-dencre-101-x-101-mm\/","name":"\u00c9tiquette en papier brillant pour jet d'encre 101 x 101 mm","isPartOf":{"@id":"https:\/\/d-identify.be\/fr\/#website"},"primaryImageOfPage":{"@id":"https:\/\/d-identify.be\/fr\/produit\/etiquette-en-papier-brillant-pour-jet-dencre-101-x-101-mm\/#primaryimage"},"image":{"@id":"https:\/\/d-identify.be\/fr\/produit\/etiquette-en-papier-brillant-pour-jet-dencre-101-x-101-mm\/#primaryimage"},"thumbnailUrl":"https:\/\/d-identify.be\/wp-content\/uploads\/2021\/07\/DID-101x101-625-1R.png","datePublished":"2025-05-16T12:37:43+00:00","description":"Nos \u00e9tiquettes en papier brillant pour jet d'encre sont sp\u00e9cialement formul\u00e9es pour \u00eatre utilis\u00e9es avec les imprimantes \u00e0 jet d'encre Afinia et Epson","breadcrumb":{"@id":"https:\/\/d-identify.be\/fr\/produit\/etiquette-en-papier-brillant-pour-jet-dencre-101-x-101-mm\/#breadcrumb"},"inLanguage":"fr-FR","potentialAction":[{"@type":"ReadAction","target":["https:\/\/d-identify.be\/fr\/produit\/etiquette-en-papier-brillant-pour-jet-dencre-101-x-101-mm\/"]}]},{"@type":"ImageObject","inLanguage":"fr-FR","@id":"https:\/\/d-identify.be\/fr\/produit\/etiquette-en-papier-brillant-pour-jet-dencre-101-x-101-mm\/#primaryimage","url":"https:\/\/d-identify.be\/wp-content\/uploads\/2021\/07\/DID-101x101-625-1R.png","contentUrl":"https:\/\/d-identify.be\/wp-content\/uploads\/2021\/07\/DID-101x101-625-1R.png","width":4252,"height":4252,"caption":"Inkjet Label 101x101mm"},{"@type":"BreadcrumbList","@id":"https:\/\/d-identify.be\/fr\/produit\/etiquette-en-papier-brillant-pour-jet-dencre-101-x-101-mm\/#breadcrumb","itemListElement":[{"@type":"ListItem","position":1,"name":"Home","item":"https:\/\/d-identify.be\/fr\/home-2\/"},{"@type":"ListItem","position":2,"name":"Boutique","item":"https:\/\/d-identify.be\/fr\/boutique\/"},{"@type":"ListItem","position":3,"name":"\u00c9tiquette en papier brillant pour jet d&#8217;encre 101 x 101 mm"}]},{"@type":"WebSite","@id":"https:\/\/d-identify.be\/fr\/#website","url":"https:\/\/d-identify.be\/fr\/","name":"d-identify","description":"Industrial identification - Lockout - Tagout - Floor marking","potentialAction":[{"@type":"SearchAction","target":{"@type":"EntryPoint","urlTemplate":"https:\/\/d-identify.be\/fr\/?s={search_term_string}"},"query-input":{"@type":"PropertyValueSpecification","valueRequired":true,"valueName":"search_term_string"}}],"inLanguage":"fr-FR"}]}},"_links":{"self":[{"href":"https:\/\/d-identify.be\/fr\/wp-json\/wp\/v2\/product\/55788","targetHints":{"allow":["GET"]}}],"collection":[{"href":"https:\/\/d-identify.be\/fr\/wp-json\/wp\/v2\/product"}],"about":[{"href":"https:\/\/d-identify.be\/fr\/wp-json\/wp\/v2\/types\/product"}],"replies":[{"embeddable":true,"href":"https:\/\/d-identify.be\/fr\/wp-json\/wp\/v2\/comments?post=55788"}],"wp:featuredmedia":[{"embeddable":true,"href":"https:\/\/d-identify.be\/fr\/wp-json\/wp\/v2\/media\/27134"}],"wp:attachment":[{"href":"https:\/\/d-identify.be\/fr\/wp-json\/wp\/v2\/media?parent=55788"}],"wp:term":[{"taxonomy":"product_brand","embeddable":true,"href":"https:\/\/d-identify.be\/fr\/wp-json\/wp\/v2\/product_brand?post=55788"},{"taxonomy":"product_cat","embeddable":true,"href":"https:\/\/d-identify.be\/fr\/wp-json\/wp\/v2\/product_cat?post=55788"},{"taxonomy":"product_tag","embeddable":true,"href":"https:\/\/d-identify.be\/fr\/wp-json\/wp\/v2\/product_tag?post=55788"},{"taxonomy":"pa_connextion-shapes","embeddable":true,"href":"https:\/\/d-identify.be\/fr\/wp-json\/wp\/v2\/pa_connextion-shapes?post=55788"}],"curies":[{"name":"wp","href":"https:\/\/api.w.org\/{rel}","templated":true}]}}