{"id":55780,"date":"2025-05-16T15:59:36","date_gmt":"2025-05-16T13:59:36","guid":{"rendered":"https:\/\/d-identify.be\/product\/etiquette-satinee-en-polypropylene-pour-impression-jet-dencre-101-x-152-mm\/"},"modified":"2025-05-16T15:59:36","modified_gmt":"2025-05-16T13:59:36","slug":"etiquette-satinee-en-polypropylene-pour-impression-jet-dencre-101-x-152-mm","status":"publish","type":"product","link":"https:\/\/d-identify.be\/fr\/produit\/etiquette-satinee-en-polypropylene-pour-impression-jet-dencre-101-x-152-mm\/","title":{"rendered":"\u00c9tiquette satin\u00e9e en polypropyl\u00e8ne pour impression jet d&rsquo;encre 101 x 152 mm"},"content":{"rendered":"<p class=\"\" data-start=\"151\" data-end=\"535\">Nos <strong data-start=\"155\" data-end=\"192\">\u00e9tiquettes jet d&rsquo;encre en polypropyl\u00e8ne satin\u00e9<\/strong> sont sp\u00e9cialement con\u00e7ues pour \u00eatre utilis\u00e9es avec les imprimantes d&rsquo;\u00e9tiquettes couleur Afinia et Epson, offrant une qualit\u00e9 d&rsquo;impression professionnelle avec une excellente durabilit\u00e9. La surface satin\u00e9e offre des impressions nettes et \u00e9clatantes avec des couleurs riches et un texte net, tout en offrant un \u00e9clat subtil et \u00e9l\u00e9gant qui am\u00e9liore l&rsquo;attrait visuel sans les reflets durs des finitions brillantes. <\/p>\n<p class=\"\" data-start=\"537\" data-end=\"858\">Ces \u00e9tiquettes sont r\u00e9sistantes \u00e0 l\u2019eau, aux taches et offrent une r\u00e9sistance sup\u00e9rieure aux rayures, aux produits chimiques et \u00e0 la manipulation. Gr\u00e2ce au mat\u00e9riau de base robuste en polypropyl\u00e8ne, elles sont nettement plus durables que les \u00e9tiquettes en papier standard, ce qui les rend id\u00e9ales pour les applications o\u00f9 la long\u00e9vit\u00e9 et un aspect haut de gamme sont essentiels. <\/p>\n<p class=\"\" data-start=\"860\" data-end=\"1159\">Id\u00e9ales pour l&rsquo;\u00e9tiquetage des produits, les emballages haut de gamme, les cosm\u00e9tiques et les applications industrielles, ces \u00e9tiquettes conviennent aussi bien \u00e0 une utilisation int\u00e9rieure qu&rsquo;\u00e0 une utilisation ext\u00e9rieure \u00e0 court terme. Ils adh\u00e8rent de mani\u00e8re fiable \u00e0 une large gamme de surfaces, notamment le plastique, le verre, le m\u00e9tal et le carton, garantissant une finition s\u00fbre et professionnelle. <\/p>\n<p class=\"\" data-start=\"571\" data-end=\"854\">Ces \u00e9tiquettes sont r\u00e9sistantes \u00e0 l\u2019eau, aux taches et offrent une r\u00e9sistance sup\u00e9rieure aux rayures et \u00e0 la manipulation. Gr\u00e2ce au mat\u00e9riau de base en polypropyl\u00e8ne, elles sont plus robustes que les \u00e9tiquettes en papier standard, ce qui les rend id\u00e9ales pour les applications o\u00f9 la durabilit\u00e9 et un aspect haut de gamme sont essentiels. <\/p>\n<p class=\"\" data-start=\"856\" data-end=\"1097\">Parfaites pour l&rsquo;\u00e9tiquetage des produits, l&#8217;emballage, la logistique et l&rsquo;utilisation industrielle, ces \u00e9tiquettes conviennent aussi bien aux applications int\u00e9rieures qu&rsquo;ext\u00e9rieures \u00e0 court terme. Ils adh\u00e8rent bien \u00e0 une vari\u00e9t\u00e9 de surfaces, notamment le plastique, le verre, le m\u00e9tal et le carton. <\/p>\n","protected":false},"excerpt":{"rendered":"<p>\u00c9tiquettes en polypropyl\u00e8ne satin\u00e9 durables con\u00e7ues pour une impression de haute qualit\u00e9 et r\u00e9sistante aux taches avec les imprimantes \u00e0 jet d&rsquo;encre Afinia et Epson. Parfait pour l&rsquo;\u00e9tiquetage des produits, l&#8217;emballage et les applications industrielles o\u00f9 la r\u00e9sistance \u00e0 l&rsquo;eau, aux rayures et aux produits chimiques est essentielle, tout en pr\u00e9sentant une belle finition satin\u00e9e qui ajoute un \u00e9clat subtil et \u00e9l\u00e9gant pour une apparence haut de gamme et professionnelle. <\/p>\n<p><strong>Principales fonctionnalit\u00e9s<\/strong><\/p>\n","protected":false},"featured_media":27130,"comment_status":"open","ping_status":"closed","template":"","meta":{"_acf_changed":false,"_et_pb_use_builder":"","_et_pb_old_content":"","_et_gb_content_width":""},"product_brand":[],"product_cat":[785],"product_tag":[],"pa_connextion-shapes":[],"class_list":{"0":"post-55780","1":"product","2":"type-product","3":"status-publish","4":"has-post-thumbnail","6":"product_cat-etiquettes-jet-dencre","8":"first","9":"instock","10":"taxable","11":"shipping-taxable","12":"purchasable","13":"product-type-simple"},"exclude_global_add_ons":[],"addons":[],"acf":[],"yoast_head":"<!-- This site is optimized with the Yoast SEO Premium plugin v27.0 (Yoast SEO v27.1) - https:\/\/yoast.com\/product\/yoast-seo-premium-wordpress\/ -->\n<title>\u00c9tiquette satin\u00e9e en polypropyl\u00e8ne pour impression jet d&#039;encre 101 x 152 mm<\/title>\n<meta name=\"description\" content=\"Nos \u00e9tiquettes jet d&#039;encre en polypropyl\u00e8ne satin\u00e9 sont sp\u00e9cialement con\u00e7ues pour \u00eatre utilis\u00e9es avec les imprimantes d&#039;\u00e9tiquettes couleur Afinia et Epson\" \/>\n<meta name=\"robots\" content=\"index, follow, max-snippet:-1, max-image-preview:large, max-video-preview:-1\" \/>\n<link rel=\"canonical\" href=\"https:\/\/d-identify.be\/fr\/produit\/etiquette-satinee-en-polypropylene-pour-impression-jet-dencre-101-x-152-mm\/\" \/>\n<meta property=\"og:locale\" content=\"fr_FR\" \/>\n<meta property=\"og:type\" content=\"article\" \/>\n<meta property=\"og:title\" content=\"\u00c9tiquette satin\u00e9e en polypropyl\u00e8ne pour impression jet d&#039;encre 101 x 152 mm\" \/>\n<meta property=\"og:description\" content=\"Nos \u00e9tiquettes jet d&#039;encre en polypropyl\u00e8ne satin\u00e9 sont sp\u00e9cialement con\u00e7ues pour \u00eatre utilis\u00e9es avec les imprimantes d&#039;\u00e9tiquettes couleur Afinia et Epson\" \/>\n<meta property=\"og:url\" content=\"https:\/\/d-identify.be\/fr\/produit\/etiquette-satinee-en-polypropylene-pour-impression-jet-dencre-101-x-152-mm\/\" \/>\n<meta property=\"og:site_name\" content=\"d-identify\" \/>\n<meta property=\"og:image\" content=\"https:\/\/d-identify.be\/wp-content\/uploads\/2021\/07\/DID-101x152-425-1R.png\" \/>\n\t<meta property=\"og:image:width\" content=\"4252\" \/>\n\t<meta property=\"og:image:height\" content=\"4252\" \/>\n\t<meta property=\"og:image:type\" content=\"image\/png\" \/>\n<meta name=\"twitter:card\" content=\"summary_large_image\" \/>\n<meta name=\"twitter:label1\" content=\"Dur\u00e9e de lecture estim\u00e9e\" \/>\n\t<meta name=\"twitter:data1\" content=\"2 minutes\" \/>\n<script type=\"application\/ld+json\" class=\"yoast-schema-graph\">{\"@context\":\"https:\/\/schema.org\",\"@graph\":[{\"@type\":\"WebPage\",\"@id\":\"https:\/\/d-identify.be\/fr\/produit\/etiquette-satinee-en-polypropylene-pour-impression-jet-dencre-101-x-152-mm\/\",\"url\":\"https:\/\/d-identify.be\/fr\/produit\/etiquette-satinee-en-polypropylene-pour-impression-jet-dencre-101-x-152-mm\/\",\"name\":\"\u00c9tiquette satin\u00e9e en polypropyl\u00e8ne pour impression jet d'encre 101 x 152 mm\",\"isPartOf\":{\"@id\":\"https:\/\/d-identify.be\/fr\/#website\"},\"primaryImageOfPage\":{\"@id\":\"https:\/\/d-identify.be\/fr\/produit\/etiquette-satinee-en-polypropylene-pour-impression-jet-dencre-101-x-152-mm\/#primaryimage\"},\"image\":{\"@id\":\"https:\/\/d-identify.be\/fr\/produit\/etiquette-satinee-en-polypropylene-pour-impression-jet-dencre-101-x-152-mm\/#primaryimage\"},\"thumbnailUrl\":\"https:\/\/d-identify.be\/wp-content\/uploads\/2021\/07\/DID-101x152-425-1R.png\",\"datePublished\":\"2025-05-16T13:59:36+00:00\",\"description\":\"Nos \u00e9tiquettes jet d'encre en polypropyl\u00e8ne satin\u00e9 sont sp\u00e9cialement con\u00e7ues pour \u00eatre utilis\u00e9es avec les imprimantes d'\u00e9tiquettes couleur Afinia et Epson\",\"breadcrumb\":{\"@id\":\"https:\/\/d-identify.be\/fr\/produit\/etiquette-satinee-en-polypropylene-pour-impression-jet-dencre-101-x-152-mm\/#breadcrumb\"},\"inLanguage\":\"fr-FR\",\"potentialAction\":[{\"@type\":\"ReadAction\",\"target\":[\"https:\/\/d-identify.be\/fr\/produit\/etiquette-satinee-en-polypropylene-pour-impression-jet-dencre-101-x-152-mm\/\"]}]},{\"@type\":\"ImageObject\",\"inLanguage\":\"fr-FR\",\"@id\":\"https:\/\/d-identify.be\/fr\/produit\/etiquette-satinee-en-polypropylene-pour-impression-jet-dencre-101-x-152-mm\/#primaryimage\",\"url\":\"https:\/\/d-identify.be\/wp-content\/uploads\/2021\/07\/DID-101x152-425-1R.png\",\"contentUrl\":\"https:\/\/d-identify.be\/wp-content\/uploads\/2021\/07\/DID-101x152-425-1R.png\",\"width\":4252,\"height\":4252,\"caption\":\"Inkjet Label 101x152mm\"},{\"@type\":\"BreadcrumbList\",\"@id\":\"https:\/\/d-identify.be\/fr\/produit\/etiquette-satinee-en-polypropylene-pour-impression-jet-dencre-101-x-152-mm\/#breadcrumb\",\"itemListElement\":[{\"@type\":\"ListItem\",\"position\":1,\"name\":\"Home\",\"item\":\"https:\/\/d-identify.be\/fr\/home-2\/\"},{\"@type\":\"ListItem\",\"position\":2,\"name\":\"Boutique\",\"item\":\"https:\/\/d-identify.be\/fr\/boutique\/\"},{\"@type\":\"ListItem\",\"position\":3,\"name\":\"\u00c9tiquette satin\u00e9e en polypropyl\u00e8ne pour impression jet d&#8217;encre 101 x 152 mm\"}]},{\"@type\":\"WebSite\",\"@id\":\"https:\/\/d-identify.be\/fr\/#website\",\"url\":\"https:\/\/d-identify.be\/fr\/\",\"name\":\"d-identify\",\"description\":\"Industrial identification - Lockout - Tagout - Floor marking\",\"potentialAction\":[{\"@type\":\"SearchAction\",\"target\":{\"@type\":\"EntryPoint\",\"urlTemplate\":\"https:\/\/d-identify.be\/fr\/?s={search_term_string}\"},\"query-input\":{\"@type\":\"PropertyValueSpecification\",\"valueRequired\":true,\"valueName\":\"search_term_string\"}}],\"inLanguage\":\"fr-FR\"}]}<\/script>\n<!-- \/ Yoast SEO Premium plugin. -->","yoast_head_json":{"title":"\u00c9tiquette satin\u00e9e en polypropyl\u00e8ne pour impression jet d'encre 101 x 152 mm","description":"Nos \u00e9tiquettes jet d'encre en polypropyl\u00e8ne satin\u00e9 sont sp\u00e9cialement con\u00e7ues pour \u00eatre utilis\u00e9es avec les imprimantes d'\u00e9tiquettes couleur Afinia et Epson","robots":{"index":"index","follow":"follow","max-snippet":"max-snippet:-1","max-image-preview":"max-image-preview:large","max-video-preview":"max-video-preview:-1"},"canonical":"https:\/\/d-identify.be\/fr\/produit\/etiquette-satinee-en-polypropylene-pour-impression-jet-dencre-101-x-152-mm\/","og_locale":"fr_FR","og_type":"article","og_title":"\u00c9tiquette satin\u00e9e en polypropyl\u00e8ne pour impression jet d'encre 101 x 152 mm","og_description":"Nos \u00e9tiquettes jet d'encre en polypropyl\u00e8ne satin\u00e9 sont sp\u00e9cialement con\u00e7ues pour \u00eatre utilis\u00e9es avec les imprimantes d'\u00e9tiquettes couleur Afinia et Epson","og_url":"https:\/\/d-identify.be\/fr\/produit\/etiquette-satinee-en-polypropylene-pour-impression-jet-dencre-101-x-152-mm\/","og_site_name":"d-identify","og_image":[{"width":4252,"height":4252,"url":"https:\/\/d-identify.be\/wp-content\/uploads\/2021\/07\/DID-101x152-425-1R.png","type":"image\/png"}],"twitter_card":"summary_large_image","twitter_misc":{"Dur\u00e9e de lecture estim\u00e9e":"2 minutes"},"schema":{"@context":"https:\/\/schema.org","@graph":[{"@type":"WebPage","@id":"https:\/\/d-identify.be\/fr\/produit\/etiquette-satinee-en-polypropylene-pour-impression-jet-dencre-101-x-152-mm\/","url":"https:\/\/d-identify.be\/fr\/produit\/etiquette-satinee-en-polypropylene-pour-impression-jet-dencre-101-x-152-mm\/","name":"\u00c9tiquette satin\u00e9e en polypropyl\u00e8ne pour impression jet d'encre 101 x 152 mm","isPartOf":{"@id":"https:\/\/d-identify.be\/fr\/#website"},"primaryImageOfPage":{"@id":"https:\/\/d-identify.be\/fr\/produit\/etiquette-satinee-en-polypropylene-pour-impression-jet-dencre-101-x-152-mm\/#primaryimage"},"image":{"@id":"https:\/\/d-identify.be\/fr\/produit\/etiquette-satinee-en-polypropylene-pour-impression-jet-dencre-101-x-152-mm\/#primaryimage"},"thumbnailUrl":"https:\/\/d-identify.be\/wp-content\/uploads\/2021\/07\/DID-101x152-425-1R.png","datePublished":"2025-05-16T13:59:36+00:00","description":"Nos \u00e9tiquettes jet d'encre en polypropyl\u00e8ne satin\u00e9 sont sp\u00e9cialement con\u00e7ues pour \u00eatre utilis\u00e9es avec les imprimantes d'\u00e9tiquettes couleur Afinia et Epson","breadcrumb":{"@id":"https:\/\/d-identify.be\/fr\/produit\/etiquette-satinee-en-polypropylene-pour-impression-jet-dencre-101-x-152-mm\/#breadcrumb"},"inLanguage":"fr-FR","potentialAction":[{"@type":"ReadAction","target":["https:\/\/d-identify.be\/fr\/produit\/etiquette-satinee-en-polypropylene-pour-impression-jet-dencre-101-x-152-mm\/"]}]},{"@type":"ImageObject","inLanguage":"fr-FR","@id":"https:\/\/d-identify.be\/fr\/produit\/etiquette-satinee-en-polypropylene-pour-impression-jet-dencre-101-x-152-mm\/#primaryimage","url":"https:\/\/d-identify.be\/wp-content\/uploads\/2021\/07\/DID-101x152-425-1R.png","contentUrl":"https:\/\/d-identify.be\/wp-content\/uploads\/2021\/07\/DID-101x152-425-1R.png","width":4252,"height":4252,"caption":"Inkjet Label 101x152mm"},{"@type":"BreadcrumbList","@id":"https:\/\/d-identify.be\/fr\/produit\/etiquette-satinee-en-polypropylene-pour-impression-jet-dencre-101-x-152-mm\/#breadcrumb","itemListElement":[{"@type":"ListItem","position":1,"name":"Home","item":"https:\/\/d-identify.be\/fr\/home-2\/"},{"@type":"ListItem","position":2,"name":"Boutique","item":"https:\/\/d-identify.be\/fr\/boutique\/"},{"@type":"ListItem","position":3,"name":"\u00c9tiquette satin\u00e9e en polypropyl\u00e8ne pour impression jet d&#8217;encre 101 x 152 mm"}]},{"@type":"WebSite","@id":"https:\/\/d-identify.be\/fr\/#website","url":"https:\/\/d-identify.be\/fr\/","name":"d-identify","description":"Industrial identification - Lockout - Tagout - Floor marking","potentialAction":[{"@type":"SearchAction","target":{"@type":"EntryPoint","urlTemplate":"https:\/\/d-identify.be\/fr\/?s={search_term_string}"},"query-input":{"@type":"PropertyValueSpecification","valueRequired":true,"valueName":"search_term_string"}}],"inLanguage":"fr-FR"}]}},"_links":{"self":[{"href":"https:\/\/d-identify.be\/fr\/wp-json\/wp\/v2\/product\/55780","targetHints":{"allow":["GET"]}}],"collection":[{"href":"https:\/\/d-identify.be\/fr\/wp-json\/wp\/v2\/product"}],"about":[{"href":"https:\/\/d-identify.be\/fr\/wp-json\/wp\/v2\/types\/product"}],"replies":[{"embeddable":true,"href":"https:\/\/d-identify.be\/fr\/wp-json\/wp\/v2\/comments?post=55780"}],"wp:featuredmedia":[{"embeddable":true,"href":"https:\/\/d-identify.be\/fr\/wp-json\/wp\/v2\/media\/27130"}],"wp:attachment":[{"href":"https:\/\/d-identify.be\/fr\/wp-json\/wp\/v2\/media?parent=55780"}],"wp:term":[{"taxonomy":"product_brand","embeddable":true,"href":"https:\/\/d-identify.be\/fr\/wp-json\/wp\/v2\/product_brand?post=55780"},{"taxonomy":"product_cat","embeddable":true,"href":"https:\/\/d-identify.be\/fr\/wp-json\/wp\/v2\/product_cat?post=55780"},{"taxonomy":"product_tag","embeddable":true,"href":"https:\/\/d-identify.be\/fr\/wp-json\/wp\/v2\/product_tag?post=55780"},{"taxonomy":"pa_connextion-shapes","embeddable":true,"href":"https:\/\/d-identify.be\/fr\/wp-json\/wp\/v2\/pa_connextion-shapes?post=55780"}],"curies":[{"name":"wp","href":"https:\/\/api.w.org\/{rel}","templated":true}]}}