{"id":55571,"date":"2025-05-08T16:54:04","date_gmt":"2025-05-08T14:54:04","guid":{"rendered":"https:\/\/d-identify.be\/?post_type=product&#038;p=55571"},"modified":"2025-05-08T17:11:31","modified_gmt":"2025-05-08T15:11:31","slug":"zebra-zq610-plus-thermique-directe-203-dpi-48-mm-copy","status":"publish","type":"product","link":"https:\/\/d-identify.be\/fr\/produit\/zebra-zq610-plus-thermique-directe-203-dpi-48-mm-copy\/","title":{"rendered":"Zebra ZQ610 Plus, Thermique Direct, 203 DPI, 48 mm, Wi-Fi"},"content":{"rendered":"<p>Si vous souhaitez am\u00e9liorer la gestion de vos stocks et le service client de votre magasin, les imprimantes mobiles ZQ600 sont faites pour vous. La nouvelle s\u00e9rie d&rsquo;imprimantes ZQ600 reprend la recette gagnante de la populaire QLn et l&rsquo;enrichit d&rsquo;une technologie de pointe, d&rsquo;un design innovant et convivial ax\u00e9 sur la productivit\u00e9 et d&rsquo;une grande simplicit\u00e9 de gestion. Son grand \u00e9cran couleur affiche clairement son \u00e9tat. Sa batterie haute capacit\u00e9, dot\u00e9e de technologies avanc\u00e9es, offre une disponibilit\u00e9 totale, m\u00eame pendant les longues journ\u00e9es de travail. Dot\u00e9e d&rsquo;une fonction de r\u00e9activation instantan\u00e9e, la s\u00e9rie d&rsquo;imprimantes ZQ600 ne vous laisse jamais tomber. Avec les imprimantes ZQ600, vos op\u00e9rateurs b\u00e9n\u00e9ficient des connexions sans fil les plus fiables au sein de vos locaux. De plus, gr\u00e2ce au syst\u00e8me d&rsquo;exploitation Zebra Link-OS et \u00e0 la puissante suite d&rsquo;applications, d&rsquo;utilitaires et d&rsquo;outils de d\u00e9veloppement Print DNA, votre service informatique peut facilement int\u00e9grer, g\u00e9rer, configurer et s\u00e9curiser vos imprimantes. La s\u00e9rie ZQ600 : la derni\u00e8re version de la r\u00e9f\u00e9rence en mati\u00e8re d&rsquo;imprimantes mobiles d&rsquo;\u00e9tiquettes et de re\u00e7us.       <\/p>\n","protected":false},"excerpt":{"rendered":"<p>La s\u00e9rie ZQ600 reprend la c\u00e9l\u00e8bre plateforme QLn et l&rsquo;am\u00e9liore encore davantage en y ajoutant une technologie avanc\u00e9e et un design innovant qui propulsent la productivit\u00e9, la simplicit\u00e9 d&rsquo;utilisation et la gestion \u00e0 un niveau sup\u00e9rieur. Minimisez les temps d&rsquo;arr\u00eat et assurez-vous que votre imprimante ne se mette jamais en veille gr\u00e2ce \u00e0 une technologie de batterie avanc\u00e9e, une capacit\u00e9 accrue et un \u00e9tat de sortie de veille instantan\u00e9. Un grand \u00e9cran couleur avec ic\u00f4nes d&rsquo;\u00e9tat simplifie l&rsquo;utilisation. Vos employ\u00e9s b\u00e9n\u00e9ficieront de connexions sans fil fiables avec la norme 802.11 ac et le Bluetooth 4.1.   <\/p>\n<p><strong>Principales fonctionnalit\u00e9s<\/strong><\/p>\n","protected":false},"featured_media":25941,"comment_status":"open","ping_status":"closed","template":"","meta":{"_acf_changed":false,"_et_pb_use_builder":"","_et_pb_old_content":"","_et_gb_content_width":""},"product_brand":[1258],"product_cat":[595,617],"product_tag":[],"pa_connextion-shapes":[],"class_list":{"0":"post-55571","1":"product","2":"type-product","3":"status-publish","4":"has-post-thumbnail","6":"product_brand-zebra","7":"product_cat-imprimantes-industrielles","8":"product_cat-imprimantes-portables","10":"first","11":"instock","12":"sale","13":"taxable","14":"shipping-taxable","15":"purchasable","16":"product-type-simple"},"exclude_global_add_ons":[],"addons":[],"acf":[],"yoast_head":"<!-- This site is optimized with the Yoast SEO Premium plugin v27.0 (Yoast SEO v27.1) - https:\/\/yoast.com\/product\/yoast-seo-premium-wordpress\/ -->\n<title>S\u00e9rie Zebra ZQ600<\/title>\n<meta name=\"description\" content=\"Minimisez les temps d&#039;arr\u00eat avec la s\u00e9rie Zebra ZQ600 et assurez-vous que votre imprimante ne se met jamais en veille gr\u00e2ce \u00e0 une technologie de batterie avanc\u00e9e et \u00e0 une plus grande capacit\u00e9 de batterie\" \/>\n<meta name=\"robots\" content=\"index, follow, max-snippet:-1, max-image-preview:large, max-video-preview:-1\" \/>\n<link rel=\"canonical\" href=\"https:\/\/d-identify.be\/fr\/produit\/zebra-zq610-plus-thermique-directe-203-dpi-48-mm-copy\/\" \/>\n<meta property=\"og:locale\" content=\"fr_FR\" \/>\n<meta property=\"og:type\" content=\"article\" \/>\n<meta property=\"og:title\" content=\"Zebra ZQ610 Plus, Thermique Direct, 203 DPI, 48 mm, Wi-Fi\" \/>\n<meta property=\"og:description\" content=\"Minimisez les temps d&#039;arr\u00eat avec la s\u00e9rie Zebra ZQ600 et assurez-vous que votre imprimante ne se met jamais en veille gr\u00e2ce \u00e0 une technologie de batterie avanc\u00e9e et \u00e0 une plus grande capacit\u00e9 de batterie\" \/>\n<meta property=\"og:url\" content=\"https:\/\/d-identify.be\/fr\/produit\/zebra-zq610-plus-thermique-directe-203-dpi-48-mm-copy\/\" \/>\n<meta property=\"og:site_name\" content=\"d-identify\" \/>\n<meta property=\"article:modified_time\" content=\"2025-05-08T15:11:31+00:00\" \/>\n<meta property=\"og:image\" content=\"https:\/\/d-identify.be\/wp-content\/uploads\/2022\/07\/zq630-620-610.jpg\" \/>\n\t<meta property=\"og:image:width\" content=\"300\" \/>\n\t<meta property=\"og:image:height\" content=\"300\" \/>\n\t<meta property=\"og:image:type\" content=\"image\/jpeg\" \/>\n<meta name=\"twitter:card\" content=\"summary_large_image\" \/>\n<meta name=\"twitter:label1\" content=\"Dur\u00e9e de lecture estim\u00e9e\" \/>\n\t<meta name=\"twitter:data1\" content=\"1 minute\" \/>\n<script type=\"application\/ld+json\" class=\"yoast-schema-graph\">{\"@context\":\"https:\/\/schema.org\",\"@graph\":[{\"@type\":\"WebPage\",\"@id\":\"https:\/\/d-identify.be\/fr\/produit\/zebra-zq610-plus-thermique-directe-203-dpi-48-mm-copy\/\",\"url\":\"https:\/\/d-identify.be\/fr\/produit\/zebra-zq610-plus-thermique-directe-203-dpi-48-mm-copy\/\",\"name\":\"S\u00e9rie Zebra ZQ600\",\"isPartOf\":{\"@id\":\"https:\/\/d-identify.be\/fr\/#website\"},\"primaryImageOfPage\":{\"@id\":\"https:\/\/d-identify.be\/fr\/produit\/zebra-zq610-plus-thermique-directe-203-dpi-48-mm-copy\/#primaryimage\"},\"image\":{\"@id\":\"https:\/\/d-identify.be\/fr\/produit\/zebra-zq610-plus-thermique-directe-203-dpi-48-mm-copy\/#primaryimage\"},\"thumbnailUrl\":\"https:\/\/d-identify.be\/wp-content\/uploads\/2022\/07\/zq630-620-610.jpg\",\"datePublished\":\"2025-05-08T14:54:04+00:00\",\"dateModified\":\"2025-05-08T15:11:31+00:00\",\"description\":\"Minimisez les temps d'arr\u00eat avec la s\u00e9rie Zebra ZQ600 et assurez-vous que votre imprimante ne se met jamais en veille gr\u00e2ce \u00e0 une technologie de batterie avanc\u00e9e et \u00e0 une plus grande capacit\u00e9 de batterie\",\"breadcrumb\":{\"@id\":\"https:\/\/d-identify.be\/fr\/produit\/zebra-zq610-plus-thermique-directe-203-dpi-48-mm-copy\/#breadcrumb\"},\"inLanguage\":\"fr-FR\",\"potentialAction\":[{\"@type\":\"ReadAction\",\"target\":[\"https:\/\/d-identify.be\/fr\/produit\/zebra-zq610-plus-thermique-directe-203-dpi-48-mm-copy\/\"]}]},{\"@type\":\"ImageObject\",\"inLanguage\":\"fr-FR\",\"@id\":\"https:\/\/d-identify.be\/fr\/produit\/zebra-zq610-plus-thermique-directe-203-dpi-48-mm-copy\/#primaryimage\",\"url\":\"https:\/\/d-identify.be\/wp-content\/uploads\/2022\/07\/zq630-620-610.jpg\",\"contentUrl\":\"https:\/\/d-identify.be\/wp-content\/uploads\/2022\/07\/zq630-620-610.jpg\",\"width\":300,\"height\":300,\"caption\":\"S\u00e9rie Zebra ZQ600\"},{\"@type\":\"BreadcrumbList\",\"@id\":\"https:\/\/d-identify.be\/fr\/produit\/zebra-zq610-plus-thermique-directe-203-dpi-48-mm-copy\/#breadcrumb\",\"itemListElement\":[{\"@type\":\"ListItem\",\"position\":1,\"name\":\"Home\",\"item\":\"https:\/\/d-identify.be\/fr\/home-2\/\"},{\"@type\":\"ListItem\",\"position\":2,\"name\":\"Boutique\",\"item\":\"https:\/\/d-identify.be\/fr\/boutique\/\"},{\"@type\":\"ListItem\",\"position\":3,\"name\":\"Zebra ZQ610 Plus, Thermique Direct, 203 DPI, 48 mm, Wi-Fi\"}]},{\"@type\":\"WebSite\",\"@id\":\"https:\/\/d-identify.be\/fr\/#website\",\"url\":\"https:\/\/d-identify.be\/fr\/\",\"name\":\"d-identify\",\"description\":\"Industrial identification - Lockout - Tagout - Floor marking\",\"potentialAction\":[{\"@type\":\"SearchAction\",\"target\":{\"@type\":\"EntryPoint\",\"urlTemplate\":\"https:\/\/d-identify.be\/fr\/?s={search_term_string}\"},\"query-input\":{\"@type\":\"PropertyValueSpecification\",\"valueRequired\":true,\"valueName\":\"search_term_string\"}}],\"inLanguage\":\"fr-FR\"}]}<\/script>\n<!-- \/ Yoast SEO Premium plugin. -->","yoast_head_json":{"title":"S\u00e9rie Zebra ZQ600","description":"Minimisez les temps d'arr\u00eat avec la s\u00e9rie Zebra ZQ600 et assurez-vous que votre imprimante ne se met jamais en veille gr\u00e2ce \u00e0 une technologie de batterie avanc\u00e9e et \u00e0 une plus grande capacit\u00e9 de batterie","robots":{"index":"index","follow":"follow","max-snippet":"max-snippet:-1","max-image-preview":"max-image-preview:large","max-video-preview":"max-video-preview:-1"},"canonical":"https:\/\/d-identify.be\/fr\/produit\/zebra-zq610-plus-thermique-directe-203-dpi-48-mm-copy\/","og_locale":"fr_FR","og_type":"article","og_title":"Zebra ZQ610 Plus, Thermique Direct, 203 DPI, 48 mm, Wi-Fi","og_description":"Minimisez les temps d'arr\u00eat avec la s\u00e9rie Zebra ZQ600 et assurez-vous que votre imprimante ne se met jamais en veille gr\u00e2ce \u00e0 une technologie de batterie avanc\u00e9e et \u00e0 une plus grande capacit\u00e9 de batterie","og_url":"https:\/\/d-identify.be\/fr\/produit\/zebra-zq610-plus-thermique-directe-203-dpi-48-mm-copy\/","og_site_name":"d-identify","article_modified_time":"2025-05-08T15:11:31+00:00","og_image":[{"width":300,"height":300,"url":"https:\/\/d-identify.be\/wp-content\/uploads\/2022\/07\/zq630-620-610.jpg","type":"image\/jpeg"}],"twitter_card":"summary_large_image","twitter_misc":{"Dur\u00e9e de lecture estim\u00e9e":"1 minute"},"schema":{"@context":"https:\/\/schema.org","@graph":[{"@type":"WebPage","@id":"https:\/\/d-identify.be\/fr\/produit\/zebra-zq610-plus-thermique-directe-203-dpi-48-mm-copy\/","url":"https:\/\/d-identify.be\/fr\/produit\/zebra-zq610-plus-thermique-directe-203-dpi-48-mm-copy\/","name":"S\u00e9rie Zebra ZQ600","isPartOf":{"@id":"https:\/\/d-identify.be\/fr\/#website"},"primaryImageOfPage":{"@id":"https:\/\/d-identify.be\/fr\/produit\/zebra-zq610-plus-thermique-directe-203-dpi-48-mm-copy\/#primaryimage"},"image":{"@id":"https:\/\/d-identify.be\/fr\/produit\/zebra-zq610-plus-thermique-directe-203-dpi-48-mm-copy\/#primaryimage"},"thumbnailUrl":"https:\/\/d-identify.be\/wp-content\/uploads\/2022\/07\/zq630-620-610.jpg","datePublished":"2025-05-08T14:54:04+00:00","dateModified":"2025-05-08T15:11:31+00:00","description":"Minimisez les temps d'arr\u00eat avec la s\u00e9rie Zebra ZQ600 et assurez-vous que votre imprimante ne se met jamais en veille gr\u00e2ce \u00e0 une technologie de batterie avanc\u00e9e et \u00e0 une plus grande capacit\u00e9 de batterie","breadcrumb":{"@id":"https:\/\/d-identify.be\/fr\/produit\/zebra-zq610-plus-thermique-directe-203-dpi-48-mm-copy\/#breadcrumb"},"inLanguage":"fr-FR","potentialAction":[{"@type":"ReadAction","target":["https:\/\/d-identify.be\/fr\/produit\/zebra-zq610-plus-thermique-directe-203-dpi-48-mm-copy\/"]}]},{"@type":"ImageObject","inLanguage":"fr-FR","@id":"https:\/\/d-identify.be\/fr\/produit\/zebra-zq610-plus-thermique-directe-203-dpi-48-mm-copy\/#primaryimage","url":"https:\/\/d-identify.be\/wp-content\/uploads\/2022\/07\/zq630-620-610.jpg","contentUrl":"https:\/\/d-identify.be\/wp-content\/uploads\/2022\/07\/zq630-620-610.jpg","width":300,"height":300,"caption":"S\u00e9rie Zebra ZQ600"},{"@type":"BreadcrumbList","@id":"https:\/\/d-identify.be\/fr\/produit\/zebra-zq610-plus-thermique-directe-203-dpi-48-mm-copy\/#breadcrumb","itemListElement":[{"@type":"ListItem","position":1,"name":"Home","item":"https:\/\/d-identify.be\/fr\/home-2\/"},{"@type":"ListItem","position":2,"name":"Boutique","item":"https:\/\/d-identify.be\/fr\/boutique\/"},{"@type":"ListItem","position":3,"name":"Zebra ZQ610 Plus, Thermique Direct, 203 DPI, 48 mm, Wi-Fi"}]},{"@type":"WebSite","@id":"https:\/\/d-identify.be\/fr\/#website","url":"https:\/\/d-identify.be\/fr\/","name":"d-identify","description":"Industrial identification - Lockout - Tagout - Floor marking","potentialAction":[{"@type":"SearchAction","target":{"@type":"EntryPoint","urlTemplate":"https:\/\/d-identify.be\/fr\/?s={search_term_string}"},"query-input":{"@type":"PropertyValueSpecification","valueRequired":true,"valueName":"search_term_string"}}],"inLanguage":"fr-FR"}]}},"_links":{"self":[{"href":"https:\/\/d-identify.be\/fr\/wp-json\/wp\/v2\/product\/55571","targetHints":{"allow":["GET"]}}],"collection":[{"href":"https:\/\/d-identify.be\/fr\/wp-json\/wp\/v2\/product"}],"about":[{"href":"https:\/\/d-identify.be\/fr\/wp-json\/wp\/v2\/types\/product"}],"replies":[{"embeddable":true,"href":"https:\/\/d-identify.be\/fr\/wp-json\/wp\/v2\/comments?post=55571"}],"wp:featuredmedia":[{"embeddable":true,"href":"https:\/\/d-identify.be\/fr\/wp-json\/wp\/v2\/media\/25941"}],"wp:attachment":[{"href":"https:\/\/d-identify.be\/fr\/wp-json\/wp\/v2\/media?parent=55571"}],"wp:term":[{"taxonomy":"product_brand","embeddable":true,"href":"https:\/\/d-identify.be\/fr\/wp-json\/wp\/v2\/product_brand?post=55571"},{"taxonomy":"product_cat","embeddable":true,"href":"https:\/\/d-identify.be\/fr\/wp-json\/wp\/v2\/product_cat?post=55571"},{"taxonomy":"product_tag","embeddable":true,"href":"https:\/\/d-identify.be\/fr\/wp-json\/wp\/v2\/product_tag?post=55571"},{"taxonomy":"pa_connextion-shapes","embeddable":true,"href":"https:\/\/d-identify.be\/fr\/wp-json\/wp\/v2\/pa_connextion-shapes?post=55571"}],"curies":[{"name":"wp","href":"https:\/\/api.w.org\/{rel}","templated":true}]}}