{"id":55314,"date":"2025-05-02T13:51:17","date_gmt":"2025-05-02T11:51:17","guid":{"rendered":"https:\/\/d-identify.be\/?post_type=product&#038;p=55314"},"modified":"2026-03-12T13:01:38","modified_gmt":"2026-03-12T11:01:38","slug":"zebra-zt610-imprimante-etiquettes-industrielle-300dpi-cutter","status":"publish","type":"product","link":"https:\/\/d-identify.be\/fr\/produit\/zebra-zt610-imprimante-etiquettes-industrielle-300dpi-cutter\/","title":{"rendered":"Imprimante d\u2019\u00e9tiquettes industrielle Zebra ZT610 (300 dpi, Cutter, USB, RS232, Bluetooth, Ethernet)"},"content":{"rendered":"<h2>Impression thermotransfert industrielle haute r\u00e9solution<\/h2>\n<p>L\u2019<strong>imprimante \u00e9tiquettes Zebra ZT610 300 dpi<\/strong> fournit une impression thermotransfert pr\u00e9cise pour l\u2019\u00e9tiquetage industriel, les environnements de production et la logistique d\u2019entrep\u00f4t. La haute r\u00e9solution permet d\u2019imprimer des codes-barres de petite taille, des textes d\u00e9taill\u00e9s et des \u00e9tiquettes contenant beaucoup d\u2019informations.<\/p>\n<p>Sa construction m\u00e9tallique robuste garantit des performances fiables dans les environnements industriels exigeants et les applications \u00e0 forte production.<\/p>\n<h2>Imprimante code-barres industrielle avec connectivit\u00e9 \u00e9tendue<\/h2>\n<p>Cette imprimante code-barres industrielle ZT610 prend en charge la connectivit\u00e9 USB, RS232, Bluetooth et Gigabit Ethernet. L\u2019imprimante peut \u00eatre facilement int\u00e9gr\u00e9e dans les syst\u00e8mes de production, les logiciels de gestion d\u2019entrep\u00f4t et les environnements ERP.<\/p>\n<p>Les formats d\u2019\u00e9tiquettes et de codes-barres peuvent \u00eatre con\u00e7us avec un <a href=\"https:\/\/d-identify.be\/fr\/logiciel-de-conception-detiquettes-golabel\/\">logiciel de conception d\u2019\u00e9tiquettes<\/a>. Les entreprises peuvent g\u00e9n\u00e9rer des \u00e9tiquettes produits, des \u00e9tiquettes palettes et des \u00e9tiquettes d\u2019exp\u00e9dition directement depuis leurs syst\u00e8mes.<\/p>\n<h2>Cutter int\u00e9gr\u00e9 pour la d\u00e9coupe automatique des \u00e9tiquettes<\/h2>\n<p>La Zebra ZT610 est \u00e9quip\u00e9e d\u2019un cutter int\u00e9gr\u00e9 qui coupe automatiquement les \u00e9tiquettes apr\u00e8s impression. Cette fonctionnalit\u00e9 permet de s\u00e9parer rapidement les \u00e9tiquettes individuelles ou les tags directement apr\u00e8s l\u2019impression.<\/p>\n<p>L\u2019<strong>imprimante \u00e9tiquettes Zebra ZT610 300 dpi<\/strong> dispose \u00e9galement d\u2019un \u00e9cran tactile couleur qui facilite la configuration et l\u2019utilisation de l\u2019imprimante. Une horloge temps r\u00e9el int\u00e9gr\u00e9e permet d\u2019imprimer automatiquement la date et l\u2019heure sur les \u00e9tiquettes.<\/p>\n<h2>Contenu de l\u2019emballage<\/h2>\n<ul>\n<li>Imprimante thermotransfert industrielle Zebra ZT610<\/li>\n<li>Cordon d\u2019alimentation (EU \/ UK)<\/li>\n<\/ul>\n<h2>Documentation technique<\/h2>\n<p><u><a href=\"https:\/\/d-identify.be\/wp-content\/uploads\/2025\/03\/zt600-series-specification-sheet-en-us-1.pdf\" target=\"_blank\" rel=\"noopener\">T\u00e9l\u00e9charger la fiche technique (PDF)<\/a><\/u><\/p>\n","protected":false},"excerpt":{"rendered":"<p><strong>Imprimante \u00e9tiquettes Zebra ZT610<\/strong> thermotransfert industrielle avec r\u00e9solution 300 dpi, cutter int\u00e9gr\u00e9, \u00e9cran tactile couleur, USB, RS232, Bluetooth et connectivit\u00e9 Ethernet.<\/p>\n<p><u><a href=\"https:\/\/d-identify.be\/wp-content\/uploads\/2025\/03\/zt600-series-specification-sheet-en-us-1.pdf\" target=\"_blank\" rel=\"noopener\">T\u00e9l\u00e9charger la fiche technique (PDF)<\/a><\/u><\/p>\n<p><strong>Principales fonctionnalit\u00e9s<\/strong><\/p>\n","protected":false},"featured_media":53846,"comment_status":"open","ping_status":"closed","template":"","meta":{"_acf_changed":false,"_et_pb_use_builder":"","_et_pb_old_content":"","_et_gb_content_width":""},"product_brand":[1258],"product_cat":[658],"product_tag":[],"pa_connextion-shapes":[],"class_list":{"0":"post-55314","1":"product","2":"type-product","3":"status-publish","4":"has-post-thumbnail","6":"product_brand-zebra","7":"product_cat-imprimantes-industrielles-a-transfert-thermique","9":"first","10":"instock","11":"sale","12":"taxable","13":"shipping-taxable","14":"purchasable","15":"product-type-simple"},"exclude_global_add_ons":[],"addons":[],"acf":[],"yoast_head":"<!-- This site is optimized with the Yoast SEO Premium plugin v27.0 (Yoast SEO v27.1) - https:\/\/yoast.com\/product\/yoast-seo-premium-wordpress\/ -->\n<title>imprimante \u00e9tiquettes Zebra ZT610 300 dpi | D-identify<\/title>\n<meta name=\"description\" content=\"Imprimante \u00e9tiquettes Zebra ZT610 300 dpi avec impression thermotransfert. Imprimante industrielle avec cutter, Bluetooth, USB, RS232 et Ethernet.\" \/>\n<meta name=\"robots\" content=\"index, follow, max-snippet:-1, max-image-preview:large, max-video-preview:-1\" \/>\n<link rel=\"canonical\" href=\"https:\/\/d-identify.be\/fr\/produit\/zebra-zt610-imprimante-etiquettes-industrielle-300dpi-cutter\/\" \/>\n<meta property=\"og:locale\" content=\"fr_FR\" \/>\n<meta property=\"og:type\" content=\"article\" \/>\n<meta property=\"og:title\" content=\"Imprimante d\u2019\u00e9tiquettes industrielle Zebra ZT610 (300 dpi, Cutter, USB, RS232, Bluetooth, Ethernet)\" \/>\n<meta property=\"og:description\" content=\"Imprimante \u00e9tiquettes Zebra ZT610 300 dpi avec impression thermotransfert. Imprimante industrielle avec cutter, Bluetooth, USB, RS232 et Ethernet.\" \/>\n<meta property=\"og:url\" content=\"https:\/\/d-identify.be\/fr\/produit\/zebra-zt610-imprimante-etiquettes-industrielle-300dpi-cutter\/\" \/>\n<meta property=\"og:site_name\" content=\"d-identify\" \/>\n<meta property=\"article:modified_time\" content=\"2026-03-12T11:01:38+00:00\" \/>\n<meta property=\"og:image\" content=\"https:\/\/d-identify.be\/wp-content\/uploads\/2025\/03\/zt600-series-front-group-product-3x2-3600-scaled.jpg\" \/>\n\t<meta property=\"og:image:width\" content=\"2560\" \/>\n\t<meta property=\"og:image:height\" content=\"1707\" \/>\n\t<meta property=\"og:image:type\" content=\"image\/jpeg\" \/>\n<meta name=\"twitter:card\" content=\"summary_large_image\" \/>\n<meta name=\"twitter:label1\" content=\"Dur\u00e9e de lecture estim\u00e9e\" \/>\n\t<meta name=\"twitter:data1\" content=\"2 minutes\" \/>\n<script type=\"application\/ld+json\" class=\"yoast-schema-graph\">{\"@context\":\"https:\/\/schema.org\",\"@graph\":[{\"@type\":\"WebPage\",\"@id\":\"https:\/\/d-identify.be\/fr\/produit\/zebra-zt610-imprimante-etiquettes-industrielle-300dpi-cutter\/\",\"url\":\"https:\/\/d-identify.be\/fr\/produit\/zebra-zt610-imprimante-etiquettes-industrielle-300dpi-cutter\/\",\"name\":\"imprimante \u00e9tiquettes Zebra ZT610 300 dpi | D-identify\",\"isPartOf\":{\"@id\":\"https:\/\/d-identify.be\/fr\/#website\"},\"primaryImageOfPage\":{\"@id\":\"https:\/\/d-identify.be\/fr\/produit\/zebra-zt610-imprimante-etiquettes-industrielle-300dpi-cutter\/#primaryimage\"},\"image\":{\"@id\":\"https:\/\/d-identify.be\/fr\/produit\/zebra-zt610-imprimante-etiquettes-industrielle-300dpi-cutter\/#primaryimage\"},\"thumbnailUrl\":\"https:\/\/d-identify.be\/wp-content\/uploads\/2025\/03\/zt600-series-front-group-product-3x2-3600-scaled.jpg\",\"datePublished\":\"2025-05-02T11:51:17+00:00\",\"dateModified\":\"2026-03-12T11:01:38+00:00\",\"description\":\"Imprimante \u00e9tiquettes Zebra ZT610 300 dpi avec impression thermotransfert. Imprimante industrielle avec cutter, Bluetooth, USB, RS232 et Ethernet.\",\"breadcrumb\":{\"@id\":\"https:\/\/d-identify.be\/fr\/produit\/zebra-zt610-imprimante-etiquettes-industrielle-300dpi-cutter\/#breadcrumb\"},\"inLanguage\":\"fr-FR\",\"potentialAction\":[{\"@type\":\"ReadAction\",\"target\":[\"https:\/\/d-identify.be\/fr\/produit\/zebra-zt610-imprimante-etiquettes-industrielle-300dpi-cutter\/\"]}]},{\"@type\":\"ImageObject\",\"inLanguage\":\"fr-FR\",\"@id\":\"https:\/\/d-identify.be\/fr\/produit\/zebra-zt610-imprimante-etiquettes-industrielle-300dpi-cutter\/#primaryimage\",\"url\":\"https:\/\/d-identify.be\/wp-content\/uploads\/2025\/03\/zt600-series-front-group-product-3x2-3600-scaled.jpg\",\"contentUrl\":\"https:\/\/d-identify.be\/wp-content\/uploads\/2025\/03\/zt600-series-front-group-product-3x2-3600-scaled.jpg\",\"width\":2560,\"height\":1707,\"caption\":\"Imprimantes Zebra s\u00e9rie ZT600\"},{\"@type\":\"BreadcrumbList\",\"@id\":\"https:\/\/d-identify.be\/fr\/produit\/zebra-zt610-imprimante-etiquettes-industrielle-300dpi-cutter\/#breadcrumb\",\"itemListElement\":[{\"@type\":\"ListItem\",\"position\":1,\"name\":\"Home\",\"item\":\"https:\/\/d-identify.be\/fr\/home-2\/\"},{\"@type\":\"ListItem\",\"position\":2,\"name\":\"Boutique\",\"item\":\"https:\/\/d-identify.be\/fr\/boutique\/\"},{\"@type\":\"ListItem\",\"position\":3,\"name\":\"Imprimante d\u2019\u00e9tiquettes industrielle Zebra ZT610 (300 dpi, Cutter, USB, RS232, Bluetooth, Ethernet)\"}]},{\"@type\":\"WebSite\",\"@id\":\"https:\/\/d-identify.be\/fr\/#website\",\"url\":\"https:\/\/d-identify.be\/fr\/\",\"name\":\"d-identify\",\"description\":\"Industrial identification - Lockout - Tagout - Floor marking\",\"potentialAction\":[{\"@type\":\"SearchAction\",\"target\":{\"@type\":\"EntryPoint\",\"urlTemplate\":\"https:\/\/d-identify.be\/fr\/?s={search_term_string}\"},\"query-input\":{\"@type\":\"PropertyValueSpecification\",\"valueRequired\":true,\"valueName\":\"search_term_string\"}}],\"inLanguage\":\"fr-FR\"}]}<\/script>\n<!-- \/ Yoast SEO Premium plugin. -->","yoast_head_json":{"title":"imprimante \u00e9tiquettes Zebra ZT610 300 dpi | D-identify","description":"Imprimante \u00e9tiquettes Zebra ZT610 300 dpi avec impression thermotransfert. Imprimante industrielle avec cutter, Bluetooth, USB, RS232 et Ethernet.","robots":{"index":"index","follow":"follow","max-snippet":"max-snippet:-1","max-image-preview":"max-image-preview:large","max-video-preview":"max-video-preview:-1"},"canonical":"https:\/\/d-identify.be\/fr\/produit\/zebra-zt610-imprimante-etiquettes-industrielle-300dpi-cutter\/","og_locale":"fr_FR","og_type":"article","og_title":"Imprimante d\u2019\u00e9tiquettes industrielle Zebra ZT610 (300 dpi, Cutter, USB, RS232, Bluetooth, Ethernet)","og_description":"Imprimante \u00e9tiquettes Zebra ZT610 300 dpi avec impression thermotransfert. Imprimante industrielle avec cutter, Bluetooth, USB, RS232 et Ethernet.","og_url":"https:\/\/d-identify.be\/fr\/produit\/zebra-zt610-imprimante-etiquettes-industrielle-300dpi-cutter\/","og_site_name":"d-identify","article_modified_time":"2026-03-12T11:01:38+00:00","og_image":[{"width":2560,"height":1707,"url":"https:\/\/d-identify.be\/wp-content\/uploads\/2025\/03\/zt600-series-front-group-product-3x2-3600-scaled.jpg","type":"image\/jpeg"}],"twitter_card":"summary_large_image","twitter_misc":{"Dur\u00e9e de lecture estim\u00e9e":"2 minutes"},"schema":{"@context":"https:\/\/schema.org","@graph":[{"@type":"WebPage","@id":"https:\/\/d-identify.be\/fr\/produit\/zebra-zt610-imprimante-etiquettes-industrielle-300dpi-cutter\/","url":"https:\/\/d-identify.be\/fr\/produit\/zebra-zt610-imprimante-etiquettes-industrielle-300dpi-cutter\/","name":"imprimante \u00e9tiquettes Zebra ZT610 300 dpi | D-identify","isPartOf":{"@id":"https:\/\/d-identify.be\/fr\/#website"},"primaryImageOfPage":{"@id":"https:\/\/d-identify.be\/fr\/produit\/zebra-zt610-imprimante-etiquettes-industrielle-300dpi-cutter\/#primaryimage"},"image":{"@id":"https:\/\/d-identify.be\/fr\/produit\/zebra-zt610-imprimante-etiquettes-industrielle-300dpi-cutter\/#primaryimage"},"thumbnailUrl":"https:\/\/d-identify.be\/wp-content\/uploads\/2025\/03\/zt600-series-front-group-product-3x2-3600-scaled.jpg","datePublished":"2025-05-02T11:51:17+00:00","dateModified":"2026-03-12T11:01:38+00:00","description":"Imprimante \u00e9tiquettes Zebra ZT610 300 dpi avec impression thermotransfert. Imprimante industrielle avec cutter, Bluetooth, USB, RS232 et Ethernet.","breadcrumb":{"@id":"https:\/\/d-identify.be\/fr\/produit\/zebra-zt610-imprimante-etiquettes-industrielle-300dpi-cutter\/#breadcrumb"},"inLanguage":"fr-FR","potentialAction":[{"@type":"ReadAction","target":["https:\/\/d-identify.be\/fr\/produit\/zebra-zt610-imprimante-etiquettes-industrielle-300dpi-cutter\/"]}]},{"@type":"ImageObject","inLanguage":"fr-FR","@id":"https:\/\/d-identify.be\/fr\/produit\/zebra-zt610-imprimante-etiquettes-industrielle-300dpi-cutter\/#primaryimage","url":"https:\/\/d-identify.be\/wp-content\/uploads\/2025\/03\/zt600-series-front-group-product-3x2-3600-scaled.jpg","contentUrl":"https:\/\/d-identify.be\/wp-content\/uploads\/2025\/03\/zt600-series-front-group-product-3x2-3600-scaled.jpg","width":2560,"height":1707,"caption":"Imprimantes Zebra s\u00e9rie ZT600"},{"@type":"BreadcrumbList","@id":"https:\/\/d-identify.be\/fr\/produit\/zebra-zt610-imprimante-etiquettes-industrielle-300dpi-cutter\/#breadcrumb","itemListElement":[{"@type":"ListItem","position":1,"name":"Home","item":"https:\/\/d-identify.be\/fr\/home-2\/"},{"@type":"ListItem","position":2,"name":"Boutique","item":"https:\/\/d-identify.be\/fr\/boutique\/"},{"@type":"ListItem","position":3,"name":"Imprimante d\u2019\u00e9tiquettes industrielle Zebra ZT610 (300 dpi, Cutter, USB, RS232, Bluetooth, Ethernet)"}]},{"@type":"WebSite","@id":"https:\/\/d-identify.be\/fr\/#website","url":"https:\/\/d-identify.be\/fr\/","name":"d-identify","description":"Industrial identification - Lockout - Tagout - Floor marking","potentialAction":[{"@type":"SearchAction","target":{"@type":"EntryPoint","urlTemplate":"https:\/\/d-identify.be\/fr\/?s={search_term_string}"},"query-input":{"@type":"PropertyValueSpecification","valueRequired":true,"valueName":"search_term_string"}}],"inLanguage":"fr-FR"}]}},"_links":{"self":[{"href":"https:\/\/d-identify.be\/fr\/wp-json\/wp\/v2\/product\/55314","targetHints":{"allow":["GET"]}}],"collection":[{"href":"https:\/\/d-identify.be\/fr\/wp-json\/wp\/v2\/product"}],"about":[{"href":"https:\/\/d-identify.be\/fr\/wp-json\/wp\/v2\/types\/product"}],"replies":[{"embeddable":true,"href":"https:\/\/d-identify.be\/fr\/wp-json\/wp\/v2\/comments?post=55314"}],"wp:featuredmedia":[{"embeddable":true,"href":"https:\/\/d-identify.be\/fr\/wp-json\/wp\/v2\/media\/53846"}],"wp:attachment":[{"href":"https:\/\/d-identify.be\/fr\/wp-json\/wp\/v2\/media?parent=55314"}],"wp:term":[{"taxonomy":"product_brand","embeddable":true,"href":"https:\/\/d-identify.be\/fr\/wp-json\/wp\/v2\/product_brand?post=55314"},{"taxonomy":"product_cat","embeddable":true,"href":"https:\/\/d-identify.be\/fr\/wp-json\/wp\/v2\/product_cat?post=55314"},{"taxonomy":"product_tag","embeddable":true,"href":"https:\/\/d-identify.be\/fr\/wp-json\/wp\/v2\/product_tag?post=55314"},{"taxonomy":"pa_connextion-shapes","embeddable":true,"href":"https:\/\/d-identify.be\/fr\/wp-json\/wp\/v2\/pa_connextion-shapes?post=55314"}],"curies":[{"name":"wp","href":"https:\/\/api.w.org\/{rel}","templated":true}]}}