{"id":55302,"date":"2025-05-02T13:12:35","date_gmt":"2025-05-02T11:12:35","guid":{"rendered":"https:\/\/d-identify.be\/?post_type=product&#038;p=55302"},"modified":"2026-03-13T10:10:45","modified_gmt":"2026-03-13T08:10:45","slug":"zebra-zt111-imprimante-etiquettes-industrielle-300dpi","status":"publish","type":"product","link":"https:\/\/d-identify.be\/fr\/produit\/zebra-zt111-imprimante-etiquettes-industrielle-300dpi\/","title":{"rendered":"Imprimante Zebra ZT111, 300 DPI, transfert thermique, Bluetooth"},"content":{"rendered":"<h2>Impression thermotransfert industrielle fiable<\/h2>\n<p>L\u2019<strong>imprimante \u00e9tiquettes Zebra ZT111<\/strong> fournit une impression thermotransfert fiable pour l\u2019\u00e9tiquetage industriel, les environnements de production et la logistique d\u2019entrep\u00f4t. Cette imprimante industrielle est con\u00e7ue pour une utilisation quotidienne n\u00e9cessitant fiabilit\u00e9 et performances constantes.<\/p>\n<p>Une r\u00e9solution de 300 dpi produit des codes-barres nets, des textes d\u00e9taill\u00e9s et des graphiques pr\u00e9cis. L\u2019imprimante prend en charge de nombreuses applications telles que les \u00e9tiquettes produits, les \u00e9tiquettes logistiques et les tags d\u2019identification.<\/p>\n<h2>Imprimante code-barres industrielle avec connectivit\u00e9 flexible<\/h2>\n<p>Cette imprimante code-barres industrielle ZT111 prend en charge la connectivit\u00e9 USB, USB Host, RS232, Bluetooth Low Energy (BLE) et Ethernet. L\u2019imprimante peut \u00eatre facilement int\u00e9gr\u00e9e dans les syst\u00e8mes de gestion d\u2019entrep\u00f4t, les lignes de production et les environnements ERP.<\/p>\n<p>Les formats d\u2019\u00e9tiquettes et de codes-barres peuvent \u00eatre con\u00e7us avec un <a href=\"https:\/\/d-identify.be\/fr\/logiciel-de-conception-detiquettes-golabel\/\">logiciel de conception d\u2019\u00e9tiquettes<\/a>. Les entreprises peuvent g\u00e9n\u00e9rer des \u00e9tiquettes produits, des \u00e9tiquettes palettes et des \u00e9tiquettes d\u2019exp\u00e9dition directement depuis leurs syst\u00e8mes.<\/p>\n<h2>Performances efficaces pour les flux industriels<\/h2>\n<p>L\u2019imprimante prend en charge des m\u00e9dias jusqu\u2019\u00e0 114 mm de largeur avec une largeur d\u2019impression maximale de 104 mm. Une vitesse d\u2019impression allant jusqu\u2019\u00e0 152 mm par seconde garantit une production efficace d\u2019\u00e9tiquettes dans les environnements logistiques et industriels.<\/p>\n<p>L\u2019<strong>imprimante \u00e9tiquettes Zebra ZT111<\/strong> prend \u00e9galement en charge le langage d\u2019impression Zebra ZPLII, ce qui facilite l\u2019int\u00e9gration dans les environnements utilisant d\u00e9j\u00e0 des imprimantes Zebra et des mod\u00e8les d\u2019\u00e9tiquettes existants.<\/p>\n<h2>Contenu de l\u2019emballage<\/h2>\n<ul>\n<li>Imprimante thermotransfert industrielle Zebra ZT111<\/li>\n<li>Bloc d\u2019alimentation<\/li>\n<li>Cordon d\u2019alimentation (EU \/ UK)<\/li>\n<\/ul>\n<h2>Documentation technique<\/h2>\n<p><u><a href=\"https:\/\/d-identify.be\/wp-content\/uploads\/2025\/03\/zt111-spec-sheet-en-us.pdf\" target=\"_blank\" rel=\"noopener\">T\u00e9l\u00e9charger la fiche technique (PDF)<\/a><\/u><\/p>\n","protected":false},"excerpt":{"rendered":"<p><strong>Imprimante \u00e9tiquettes Zebra ZT111<\/strong> thermotransfert industrielle avec r\u00e9solution 300 dpi, USB, USB Host, RS232, Bluetooth (BLE) et connectivit\u00e9 Ethernet.<\/p>\n<p><u><a href=\"https:\/\/d-identify.be\/wp-content\/uploads\/2025\/03\/zt111-spec-sheet-en-us.pdf\" target=\"_blank\" rel=\"noopener\">T\u00e9l\u00e9charger la fiche technique (PDF)<\/a><\/u><\/p>\n<p><strong>Principales fonctionnalit\u00e9s<\/strong><\/p>\n","protected":false},"featured_media":54021,"comment_status":"open","ping_status":"closed","template":"","meta":{"_acf_changed":false,"_et_pb_use_builder":"","_et_pb_old_content":"","_et_gb_content_width":""},"product_brand":[],"product_cat":[658],"product_tag":[],"pa_connextion-shapes":[],"class_list":{"0":"post-55302","1":"product","2":"type-product","3":"status-publish","4":"has-post-thumbnail","6":"product_cat-imprimantes-industrielles-a-transfert-thermique","8":"first","9":"instock","10":"sale","11":"taxable","12":"shipping-taxable","13":"purchasable","14":"product-type-simple"},"exclude_global_add_ons":[],"addons":[],"acf":[],"yoast_head":"<!-- This site is optimized with the Yoast SEO Premium plugin v27.0 (Yoast SEO v27.1) - https:\/\/yoast.com\/product\/yoast-seo-premium-wordpress\/ -->\n<title>imprimante \u00e9tiquettes Zebra ZT111 | D-identify<\/title>\n<meta name=\"description\" content=\"Imprimante \u00e9tiquettes Zebra ZT111 avec impression thermotransfert 300 dpi. Imprimante industrielle avec USB, Bluetooth, RS232 et Ethernet.\" \/>\n<meta name=\"robots\" content=\"index, follow, max-snippet:-1, max-image-preview:large, max-video-preview:-1\" \/>\n<link rel=\"canonical\" href=\"https:\/\/d-identify.be\/fr\/produit\/zebra-zt111-imprimante-etiquettes-industrielle-300dpi\/\" \/>\n<meta property=\"og:locale\" content=\"fr_FR\" \/>\n<meta property=\"og:type\" content=\"article\" \/>\n<meta property=\"og:title\" content=\"Imprimante Zebra ZT111, 300 DPI, transfert thermique, Bluetooth\" \/>\n<meta property=\"og:description\" content=\"Imprimante \u00e9tiquettes Zebra ZT111 avec impression thermotransfert 300 dpi. Imprimante industrielle avec USB, Bluetooth, RS232 et Ethernet.\" \/>\n<meta property=\"og:url\" content=\"https:\/\/d-identify.be\/fr\/produit\/zebra-zt111-imprimante-etiquettes-industrielle-300dpi\/\" \/>\n<meta property=\"og:site_name\" content=\"d-identify\" \/>\n<meta property=\"article:modified_time\" content=\"2026-03-13T08:10:45+00:00\" \/>\n<meta property=\"og:image\" content=\"https:\/\/d-identify.be\/wp-content\/uploads\/2025\/03\/zt111-spec-sheet-asset-photography.jpg.imgw_.1200.1200-1.jpg\" \/>\n\t<meta property=\"og:image:width\" content=\"600\" \/>\n\t<meta property=\"og:image:height\" content=\"400\" \/>\n\t<meta property=\"og:image:type\" content=\"image\/jpeg\" \/>\n<meta name=\"twitter:card\" content=\"summary_large_image\" \/>\n<meta name=\"twitter:label1\" content=\"Dur\u00e9e de lecture estim\u00e9e\" \/>\n\t<meta name=\"twitter:data1\" content=\"2 minutes\" \/>\n<script type=\"application\/ld+json\" class=\"yoast-schema-graph\">{\"@context\":\"https:\/\/schema.org\",\"@graph\":[{\"@type\":\"WebPage\",\"@id\":\"https:\/\/d-identify.be\/fr\/produit\/zebra-zt111-imprimante-etiquettes-industrielle-300dpi\/\",\"url\":\"https:\/\/d-identify.be\/fr\/produit\/zebra-zt111-imprimante-etiquettes-industrielle-300dpi\/\",\"name\":\"imprimante \u00e9tiquettes Zebra ZT111 | D-identify\",\"isPartOf\":{\"@id\":\"https:\/\/d-identify.be\/fr\/#website\"},\"primaryImageOfPage\":{\"@id\":\"https:\/\/d-identify.be\/fr\/produit\/zebra-zt111-imprimante-etiquettes-industrielle-300dpi\/#primaryimage\"},\"image\":{\"@id\":\"https:\/\/d-identify.be\/fr\/produit\/zebra-zt111-imprimante-etiquettes-industrielle-300dpi\/#primaryimage\"},\"thumbnailUrl\":\"https:\/\/d-identify.be\/wp-content\/uploads\/2025\/03\/zt111-spec-sheet-asset-photography.jpg.imgw_.1200.1200-1.jpg\",\"datePublished\":\"2025-05-02T11:12:35+00:00\",\"dateModified\":\"2026-03-13T08:10:45+00:00\",\"description\":\"Imprimante \u00e9tiquettes Zebra ZT111 avec impression thermotransfert 300 dpi. Imprimante industrielle avec USB, Bluetooth, RS232 et Ethernet.\",\"breadcrumb\":{\"@id\":\"https:\/\/d-identify.be\/fr\/produit\/zebra-zt111-imprimante-etiquettes-industrielle-300dpi\/#breadcrumb\"},\"inLanguage\":\"fr-FR\",\"potentialAction\":[{\"@type\":\"ReadAction\",\"target\":[\"https:\/\/d-identify.be\/fr\/produit\/zebra-zt111-imprimante-etiquettes-industrielle-300dpi\/\"]}]},{\"@type\":\"ImageObject\",\"inLanguage\":\"fr-FR\",\"@id\":\"https:\/\/d-identify.be\/fr\/produit\/zebra-zt111-imprimante-etiquettes-industrielle-300dpi\/#primaryimage\",\"url\":\"https:\/\/d-identify.be\/wp-content\/uploads\/2025\/03\/zt111-spec-sheet-asset-photography.jpg.imgw_.1200.1200-1.jpg\",\"contentUrl\":\"https:\/\/d-identify.be\/wp-content\/uploads\/2025\/03\/zt111-spec-sheet-asset-photography.jpg.imgw_.1200.1200-1.jpg\",\"width\":600,\"height\":400,\"caption\":\"Zebra ZT111 203 dpi imprimante d\u2019\u00e9tiquettes direct thermal\"},{\"@type\":\"BreadcrumbList\",\"@id\":\"https:\/\/d-identify.be\/fr\/produit\/zebra-zt111-imprimante-etiquettes-industrielle-300dpi\/#breadcrumb\",\"itemListElement\":[{\"@type\":\"ListItem\",\"position\":1,\"name\":\"Home\",\"item\":\"https:\/\/d-identify.be\/fr\/home-2\/\"},{\"@type\":\"ListItem\",\"position\":2,\"name\":\"Boutique\",\"item\":\"https:\/\/d-identify.be\/fr\/boutique\/\"},{\"@type\":\"ListItem\",\"position\":3,\"name\":\"Imprimante Zebra ZT111, 300 DPI, transfert thermique, Bluetooth\"}]},{\"@type\":\"WebSite\",\"@id\":\"https:\/\/d-identify.be\/fr\/#website\",\"url\":\"https:\/\/d-identify.be\/fr\/\",\"name\":\"d-identify\",\"description\":\"Industrial identification - Lockout - Tagout - Floor marking\",\"potentialAction\":[{\"@type\":\"SearchAction\",\"target\":{\"@type\":\"EntryPoint\",\"urlTemplate\":\"https:\/\/d-identify.be\/fr\/?s={search_term_string}\"},\"query-input\":{\"@type\":\"PropertyValueSpecification\",\"valueRequired\":true,\"valueName\":\"search_term_string\"}}],\"inLanguage\":\"fr-FR\"}]}<\/script>\n<!-- \/ Yoast SEO Premium plugin. -->","yoast_head_json":{"title":"imprimante \u00e9tiquettes Zebra ZT111 | D-identify","description":"Imprimante \u00e9tiquettes Zebra ZT111 avec impression thermotransfert 300 dpi. Imprimante industrielle avec USB, Bluetooth, RS232 et Ethernet.","robots":{"index":"index","follow":"follow","max-snippet":"max-snippet:-1","max-image-preview":"max-image-preview:large","max-video-preview":"max-video-preview:-1"},"canonical":"https:\/\/d-identify.be\/fr\/produit\/zebra-zt111-imprimante-etiquettes-industrielle-300dpi\/","og_locale":"fr_FR","og_type":"article","og_title":"Imprimante Zebra ZT111, 300 DPI, transfert thermique, Bluetooth","og_description":"Imprimante \u00e9tiquettes Zebra ZT111 avec impression thermotransfert 300 dpi. Imprimante industrielle avec USB, Bluetooth, RS232 et Ethernet.","og_url":"https:\/\/d-identify.be\/fr\/produit\/zebra-zt111-imprimante-etiquettes-industrielle-300dpi\/","og_site_name":"d-identify","article_modified_time":"2026-03-13T08:10:45+00:00","og_image":[{"width":600,"height":400,"url":"https:\/\/d-identify.be\/wp-content\/uploads\/2025\/03\/zt111-spec-sheet-asset-photography.jpg.imgw_.1200.1200-1.jpg","type":"image\/jpeg"}],"twitter_card":"summary_large_image","twitter_misc":{"Dur\u00e9e de lecture estim\u00e9e":"2 minutes"},"schema":{"@context":"https:\/\/schema.org","@graph":[{"@type":"WebPage","@id":"https:\/\/d-identify.be\/fr\/produit\/zebra-zt111-imprimante-etiquettes-industrielle-300dpi\/","url":"https:\/\/d-identify.be\/fr\/produit\/zebra-zt111-imprimante-etiquettes-industrielle-300dpi\/","name":"imprimante \u00e9tiquettes Zebra ZT111 | D-identify","isPartOf":{"@id":"https:\/\/d-identify.be\/fr\/#website"},"primaryImageOfPage":{"@id":"https:\/\/d-identify.be\/fr\/produit\/zebra-zt111-imprimante-etiquettes-industrielle-300dpi\/#primaryimage"},"image":{"@id":"https:\/\/d-identify.be\/fr\/produit\/zebra-zt111-imprimante-etiquettes-industrielle-300dpi\/#primaryimage"},"thumbnailUrl":"https:\/\/d-identify.be\/wp-content\/uploads\/2025\/03\/zt111-spec-sheet-asset-photography.jpg.imgw_.1200.1200-1.jpg","datePublished":"2025-05-02T11:12:35+00:00","dateModified":"2026-03-13T08:10:45+00:00","description":"Imprimante \u00e9tiquettes Zebra ZT111 avec impression thermotransfert 300 dpi. Imprimante industrielle avec USB, Bluetooth, RS232 et Ethernet.","breadcrumb":{"@id":"https:\/\/d-identify.be\/fr\/produit\/zebra-zt111-imprimante-etiquettes-industrielle-300dpi\/#breadcrumb"},"inLanguage":"fr-FR","potentialAction":[{"@type":"ReadAction","target":["https:\/\/d-identify.be\/fr\/produit\/zebra-zt111-imprimante-etiquettes-industrielle-300dpi\/"]}]},{"@type":"ImageObject","inLanguage":"fr-FR","@id":"https:\/\/d-identify.be\/fr\/produit\/zebra-zt111-imprimante-etiquettes-industrielle-300dpi\/#primaryimage","url":"https:\/\/d-identify.be\/wp-content\/uploads\/2025\/03\/zt111-spec-sheet-asset-photography.jpg.imgw_.1200.1200-1.jpg","contentUrl":"https:\/\/d-identify.be\/wp-content\/uploads\/2025\/03\/zt111-spec-sheet-asset-photography.jpg.imgw_.1200.1200-1.jpg","width":600,"height":400,"caption":"Zebra ZT111 203 dpi imprimante d\u2019\u00e9tiquettes direct thermal"},{"@type":"BreadcrumbList","@id":"https:\/\/d-identify.be\/fr\/produit\/zebra-zt111-imprimante-etiquettes-industrielle-300dpi\/#breadcrumb","itemListElement":[{"@type":"ListItem","position":1,"name":"Home","item":"https:\/\/d-identify.be\/fr\/home-2\/"},{"@type":"ListItem","position":2,"name":"Boutique","item":"https:\/\/d-identify.be\/fr\/boutique\/"},{"@type":"ListItem","position":3,"name":"Imprimante Zebra ZT111, 300 DPI, transfert thermique, Bluetooth"}]},{"@type":"WebSite","@id":"https:\/\/d-identify.be\/fr\/#website","url":"https:\/\/d-identify.be\/fr\/","name":"d-identify","description":"Industrial identification - Lockout - Tagout - Floor marking","potentialAction":[{"@type":"SearchAction","target":{"@type":"EntryPoint","urlTemplate":"https:\/\/d-identify.be\/fr\/?s={search_term_string}"},"query-input":{"@type":"PropertyValueSpecification","valueRequired":true,"valueName":"search_term_string"}}],"inLanguage":"fr-FR"}]}},"_links":{"self":[{"href":"https:\/\/d-identify.be\/fr\/wp-json\/wp\/v2\/product\/55302","targetHints":{"allow":["GET"]}}],"collection":[{"href":"https:\/\/d-identify.be\/fr\/wp-json\/wp\/v2\/product"}],"about":[{"href":"https:\/\/d-identify.be\/fr\/wp-json\/wp\/v2\/types\/product"}],"replies":[{"embeddable":true,"href":"https:\/\/d-identify.be\/fr\/wp-json\/wp\/v2\/comments?post=55302"}],"wp:featuredmedia":[{"embeddable":true,"href":"https:\/\/d-identify.be\/fr\/wp-json\/wp\/v2\/media\/54021"}],"wp:attachment":[{"href":"https:\/\/d-identify.be\/fr\/wp-json\/wp\/v2\/media?parent=55302"}],"wp:term":[{"taxonomy":"product_brand","embeddable":true,"href":"https:\/\/d-identify.be\/fr\/wp-json\/wp\/v2\/product_brand?post=55302"},{"taxonomy":"product_cat","embeddable":true,"href":"https:\/\/d-identify.be\/fr\/wp-json\/wp\/v2\/product_cat?post=55302"},{"taxonomy":"product_tag","embeddable":true,"href":"https:\/\/d-identify.be\/fr\/wp-json\/wp\/v2\/product_tag?post=55302"},{"taxonomy":"pa_connextion-shapes","embeddable":true,"href":"https:\/\/d-identify.be\/fr\/wp-json\/wp\/v2\/pa_connextion-shapes?post=55302"}],"curies":[{"name":"wp","href":"https:\/\/api.w.org\/{rel}","templated":true}]}}