{"id":55277,"date":"2025-05-02T10:31:50","date_gmt":"2025-05-02T08:31:50","guid":{"rendered":"https:\/\/d-identify.be\/?post_type=product&#038;p=55277"},"modified":"2025-05-02T11:28:05","modified_gmt":"2025-05-02T09:28:05","slug":"imprimante-didentification-automatique-printronix-t83r-rfid-300-dpi-copy","status":"publish","type":"product","link":"https:\/\/d-identify.be\/fr\/produit\/imprimante-didentification-automatique-printronix-t83r-rfid-300-dpi-copy\/","title":{"rendered":"Imprimante d&rsquo;identification automatique Printronix T82R-RFID, 203 DPI"},"content":{"rendered":"<p>L&rsquo;imprimante thermique de bureau RFID Printronix T82R est une imprimante thermique de bureau hautes performances offrant une productivit\u00e9 de niveau professionnel, des performances fiables et des fonctionnalit\u00e9s haut de gamme telles que le Wi-Fi et la RFID. Premi\u00e8re imprimante de bureau de Printronix Auto ID \u00e0 int\u00e9grer la c\u00e9l\u00e8bre architecture syst\u00e8me Printronix (PSA), elle comprend une suite compl\u00e8te de fonctionnalit\u00e9s all\u00e9geant le travail et des outils de gestion d&rsquo;imprimante pour une utilisation quotidienne simplifi\u00e9e. <\/p>\n","protected":false},"excerpt":{"rendered":"<p>La T82R simplifie et acc\u00e9l\u00e8re la configuration de l&rsquo;imprimante pour l&rsquo;encodage et l&rsquo;impression d&rsquo;\u00e9tiquettes <strong>RFID<\/strong>. Elle prend en charge des \u00e9tiquettes jusqu&rsquo;\u00e0 625 pouces de longueur et son antenne est r\u00e9glable pour des positions d&rsquo;encodage non standard. De plus, la fonction de calibrage des \u00e9tiquettes RFID d\u00e9finit automatiquement la position d&rsquo;encodage optimale dans l&rsquo;imprimante.<\/p>\n<p><strong>Principales fonctionnalit\u00e9s<\/strong><\/p>\n","protected":false},"featured_media":26011,"comment_status":"open","ping_status":"closed","template":"","meta":{"_acf_changed":false,"_et_pb_use_builder":"","_et_pb_old_content":"","_et_gb_content_width":""},"product_brand":[1244],"product_cat":[595,598,775],"product_tag":[],"pa_connextion-shapes":[],"class_list":{"0":"post-55277","1":"product","2":"type-product","3":"status-publish","4":"has-post-thumbnail","6":"product_brand-printronix","7":"product_cat-imprimantes-industrielles","8":"product_cat-imprimantes-detiquettes-de-bureau","9":"product_cat-imprimantes-detiquettes-rfid","11":"first","12":"instock","13":"sale","14":"taxable","15":"shipping-taxable","16":"purchasable","17":"product-type-simple"},"exclude_global_add_ons":[],"addons":[],"acf":[],"yoast_head":"<!-- This site is optimized with the Yoast SEO Premium plugin v27.0 (Yoast SEO v27.1) - https:\/\/yoast.com\/product\/yoast-seo-premium-wordpress\/ -->\n<title>Imprimante de bureau RFID T800 - Printronix<\/title>\n<meta name=\"description\" content=\"L&#039;imprimante de bureau RFID T800 de PRintronix a \u00e9t\u00e9 con\u00e7ue pour r\u00e9pondre \u00e0 la demande croissante d&#039;encodage et d&#039;impression d&#039;\u00e9tiquettes RFID...\" \/>\n<meta name=\"robots\" content=\"index, follow, max-snippet:-1, max-image-preview:large, max-video-preview:-1\" \/>\n<link rel=\"canonical\" href=\"https:\/\/d-identify.be\/fr\/produit\/imprimante-didentification-automatique-printronix-t83r-rfid-300-dpi-copy\/\" \/>\n<meta property=\"og:locale\" content=\"fr_FR\" \/>\n<meta property=\"og:type\" content=\"article\" \/>\n<meta property=\"og:title\" content=\"Imprimante d&#039;identification automatique Printronix T82R-RFID, 203 DPI\" \/>\n<meta property=\"og:description\" content=\"L&#039;imprimante de bureau RFID T800 de PRintronix a \u00e9t\u00e9 con\u00e7ue pour r\u00e9pondre \u00e0 la demande croissante d&#039;encodage et d&#039;impression d&#039;\u00e9tiquettes RFID...\" \/>\n<meta property=\"og:url\" content=\"https:\/\/d-identify.be\/fr\/produit\/imprimante-didentification-automatique-printronix-t83r-rfid-300-dpi-copy\/\" \/>\n<meta property=\"og:site_name\" content=\"d-identify\" \/>\n<meta property=\"article:modified_time\" content=\"2025-05-02T09:28:05+00:00\" \/>\n<meta property=\"og:image\" content=\"https:\/\/d-identify.be\/wp-content\/uploads\/2022\/07\/t800_1.png\" \/>\n\t<meta property=\"og:image:width\" content=\"500\" \/>\n\t<meta property=\"og:image:height\" content=\"500\" \/>\n\t<meta property=\"og:image:type\" content=\"image\/png\" \/>\n<meta name=\"twitter:card\" content=\"summary_large_image\" \/>\n<script type=\"application\/ld+json\" class=\"yoast-schema-graph\">{\"@context\":\"https:\/\/schema.org\",\"@graph\":[{\"@type\":\"WebPage\",\"@id\":\"https:\/\/d-identify.be\/fr\/produit\/imprimante-didentification-automatique-printronix-t83r-rfid-300-dpi-copy\/\",\"url\":\"https:\/\/d-identify.be\/fr\/produit\/imprimante-didentification-automatique-printronix-t83r-rfid-300-dpi-copy\/\",\"name\":\"Imprimante de bureau RFID T800 - Printronix\",\"isPartOf\":{\"@id\":\"https:\/\/d-identify.be\/fr\/#website\"},\"primaryImageOfPage\":{\"@id\":\"https:\/\/d-identify.be\/fr\/produit\/imprimante-didentification-automatique-printronix-t83r-rfid-300-dpi-copy\/#primaryimage\"},\"image\":{\"@id\":\"https:\/\/d-identify.be\/fr\/produit\/imprimante-didentification-automatique-printronix-t83r-rfid-300-dpi-copy\/#primaryimage\"},\"thumbnailUrl\":\"https:\/\/d-identify.be\/wp-content\/uploads\/2022\/07\/t800_1.png\",\"datePublished\":\"2025-05-02T08:31:50+00:00\",\"dateModified\":\"2025-05-02T09:28:05+00:00\",\"description\":\"L'imprimante de bureau RFID T800 de PRintronix a \u00e9t\u00e9 con\u00e7ue pour r\u00e9pondre \u00e0 la demande croissante d'encodage et d'impression d'\u00e9tiquettes RFID...\",\"breadcrumb\":{\"@id\":\"https:\/\/d-identify.be\/fr\/produit\/imprimante-didentification-automatique-printronix-t83r-rfid-300-dpi-copy\/#breadcrumb\"},\"inLanguage\":\"fr-FR\",\"potentialAction\":[{\"@type\":\"ReadAction\",\"target\":[\"https:\/\/d-identify.be\/fr\/produit\/imprimante-didentification-automatique-printronix-t83r-rfid-300-dpi-copy\/\"]}]},{\"@type\":\"ImageObject\",\"inLanguage\":\"fr-FR\",\"@id\":\"https:\/\/d-identify.be\/fr\/produit\/imprimante-didentification-automatique-printronix-t83r-rfid-300-dpi-copy\/#primaryimage\",\"url\":\"https:\/\/d-identify.be\/wp-content\/uploads\/2022\/07\/t800_1.png\",\"contentUrl\":\"https:\/\/d-identify.be\/wp-content\/uploads\/2022\/07\/t800_1.png\",\"width\":500,\"height\":500,\"caption\":\"T800 Printronix Desktop printer\"},{\"@type\":\"BreadcrumbList\",\"@id\":\"https:\/\/d-identify.be\/fr\/produit\/imprimante-didentification-automatique-printronix-t83r-rfid-300-dpi-copy\/#breadcrumb\",\"itemListElement\":[{\"@type\":\"ListItem\",\"position\":1,\"name\":\"Home\",\"item\":\"https:\/\/d-identify.be\/fr\/home-2\/\"},{\"@type\":\"ListItem\",\"position\":2,\"name\":\"Boutique\",\"item\":\"https:\/\/d-identify.be\/fr\/boutique\/\"},{\"@type\":\"ListItem\",\"position\":3,\"name\":\"Imprimante d&#8217;identification automatique Printronix T82R-RFID, 203 DPI\"}]},{\"@type\":\"WebSite\",\"@id\":\"https:\/\/d-identify.be\/fr\/#website\",\"url\":\"https:\/\/d-identify.be\/fr\/\",\"name\":\"d-identify\",\"description\":\"Industrial identification - Lockout - Tagout - Floor marking\",\"potentialAction\":[{\"@type\":\"SearchAction\",\"target\":{\"@type\":\"EntryPoint\",\"urlTemplate\":\"https:\/\/d-identify.be\/fr\/?s={search_term_string}\"},\"query-input\":{\"@type\":\"PropertyValueSpecification\",\"valueRequired\":true,\"valueName\":\"search_term_string\"}}],\"inLanguage\":\"fr-FR\"}]}<\/script>\n<!-- \/ Yoast SEO Premium plugin. -->","yoast_head_json":{"title":"Imprimante de bureau RFID T800 - Printronix","description":"L'imprimante de bureau RFID T800 de PRintronix a \u00e9t\u00e9 con\u00e7ue pour r\u00e9pondre \u00e0 la demande croissante d'encodage et d'impression d'\u00e9tiquettes RFID...","robots":{"index":"index","follow":"follow","max-snippet":"max-snippet:-1","max-image-preview":"max-image-preview:large","max-video-preview":"max-video-preview:-1"},"canonical":"https:\/\/d-identify.be\/fr\/produit\/imprimante-didentification-automatique-printronix-t83r-rfid-300-dpi-copy\/","og_locale":"fr_FR","og_type":"article","og_title":"Imprimante d'identification automatique Printronix T82R-RFID, 203 DPI","og_description":"L'imprimante de bureau RFID T800 de PRintronix a \u00e9t\u00e9 con\u00e7ue pour r\u00e9pondre \u00e0 la demande croissante d'encodage et d'impression d'\u00e9tiquettes RFID...","og_url":"https:\/\/d-identify.be\/fr\/produit\/imprimante-didentification-automatique-printronix-t83r-rfid-300-dpi-copy\/","og_site_name":"d-identify","article_modified_time":"2025-05-02T09:28:05+00:00","og_image":[{"width":500,"height":500,"url":"https:\/\/d-identify.be\/wp-content\/uploads\/2022\/07\/t800_1.png","type":"image\/png"}],"twitter_card":"summary_large_image","schema":{"@context":"https:\/\/schema.org","@graph":[{"@type":"WebPage","@id":"https:\/\/d-identify.be\/fr\/produit\/imprimante-didentification-automatique-printronix-t83r-rfid-300-dpi-copy\/","url":"https:\/\/d-identify.be\/fr\/produit\/imprimante-didentification-automatique-printronix-t83r-rfid-300-dpi-copy\/","name":"Imprimante de bureau RFID T800 - Printronix","isPartOf":{"@id":"https:\/\/d-identify.be\/fr\/#website"},"primaryImageOfPage":{"@id":"https:\/\/d-identify.be\/fr\/produit\/imprimante-didentification-automatique-printronix-t83r-rfid-300-dpi-copy\/#primaryimage"},"image":{"@id":"https:\/\/d-identify.be\/fr\/produit\/imprimante-didentification-automatique-printronix-t83r-rfid-300-dpi-copy\/#primaryimage"},"thumbnailUrl":"https:\/\/d-identify.be\/wp-content\/uploads\/2022\/07\/t800_1.png","datePublished":"2025-05-02T08:31:50+00:00","dateModified":"2025-05-02T09:28:05+00:00","description":"L'imprimante de bureau RFID T800 de PRintronix a \u00e9t\u00e9 con\u00e7ue pour r\u00e9pondre \u00e0 la demande croissante d'encodage et d'impression d'\u00e9tiquettes RFID...","breadcrumb":{"@id":"https:\/\/d-identify.be\/fr\/produit\/imprimante-didentification-automatique-printronix-t83r-rfid-300-dpi-copy\/#breadcrumb"},"inLanguage":"fr-FR","potentialAction":[{"@type":"ReadAction","target":["https:\/\/d-identify.be\/fr\/produit\/imprimante-didentification-automatique-printronix-t83r-rfid-300-dpi-copy\/"]}]},{"@type":"ImageObject","inLanguage":"fr-FR","@id":"https:\/\/d-identify.be\/fr\/produit\/imprimante-didentification-automatique-printronix-t83r-rfid-300-dpi-copy\/#primaryimage","url":"https:\/\/d-identify.be\/wp-content\/uploads\/2022\/07\/t800_1.png","contentUrl":"https:\/\/d-identify.be\/wp-content\/uploads\/2022\/07\/t800_1.png","width":500,"height":500,"caption":"T800 Printronix Desktop printer"},{"@type":"BreadcrumbList","@id":"https:\/\/d-identify.be\/fr\/produit\/imprimante-didentification-automatique-printronix-t83r-rfid-300-dpi-copy\/#breadcrumb","itemListElement":[{"@type":"ListItem","position":1,"name":"Home","item":"https:\/\/d-identify.be\/fr\/home-2\/"},{"@type":"ListItem","position":2,"name":"Boutique","item":"https:\/\/d-identify.be\/fr\/boutique\/"},{"@type":"ListItem","position":3,"name":"Imprimante d&#8217;identification automatique Printronix T82R-RFID, 203 DPI"}]},{"@type":"WebSite","@id":"https:\/\/d-identify.be\/fr\/#website","url":"https:\/\/d-identify.be\/fr\/","name":"d-identify","description":"Industrial identification - Lockout - Tagout - Floor marking","potentialAction":[{"@type":"SearchAction","target":{"@type":"EntryPoint","urlTemplate":"https:\/\/d-identify.be\/fr\/?s={search_term_string}"},"query-input":{"@type":"PropertyValueSpecification","valueRequired":true,"valueName":"search_term_string"}}],"inLanguage":"fr-FR"}]}},"_links":{"self":[{"href":"https:\/\/d-identify.be\/fr\/wp-json\/wp\/v2\/product\/55277","targetHints":{"allow":["GET"]}}],"collection":[{"href":"https:\/\/d-identify.be\/fr\/wp-json\/wp\/v2\/product"}],"about":[{"href":"https:\/\/d-identify.be\/fr\/wp-json\/wp\/v2\/types\/product"}],"replies":[{"embeddable":true,"href":"https:\/\/d-identify.be\/fr\/wp-json\/wp\/v2\/comments?post=55277"}],"wp:featuredmedia":[{"embeddable":true,"href":"https:\/\/d-identify.be\/fr\/wp-json\/wp\/v2\/media\/26011"}],"wp:attachment":[{"href":"https:\/\/d-identify.be\/fr\/wp-json\/wp\/v2\/media?parent=55277"}],"wp:term":[{"taxonomy":"product_brand","embeddable":true,"href":"https:\/\/d-identify.be\/fr\/wp-json\/wp\/v2\/product_brand?post=55277"},{"taxonomy":"product_cat","embeddable":true,"href":"https:\/\/d-identify.be\/fr\/wp-json\/wp\/v2\/product_cat?post=55277"},{"taxonomy":"product_tag","embeddable":true,"href":"https:\/\/d-identify.be\/fr\/wp-json\/wp\/v2\/product_tag?post=55277"},{"taxonomy":"pa_connextion-shapes","embeddable":true,"href":"https:\/\/d-identify.be\/fr\/wp-json\/wp\/v2\/pa_connextion-shapes?post=55277"}],"curies":[{"name":"wp","href":"https:\/\/api.w.org\/{rel}","templated":true}]}}