{"id":55089,"date":"2025-04-09T13:36:15","date_gmt":"2025-04-09T11:36:15","guid":{"rendered":"https:\/\/d-identify.be\/?post_type=product&#038;p=55089"},"modified":"2026-03-06T00:54:41","modified_gmt":"2026-03-05T22:54:41","slug":"zebra-zd621d-300dpi-imprimante-thermique-direct-ecran","status":"publish","type":"product","link":"https:\/\/d-identify.be\/fr\/produit\/zebra-zd621d-300dpi-imprimante-thermique-direct-ecran\/","title":{"rendered":"Zebra ZD621d 300 dpi labelprinter met direct thermal printing en kleurentouchscreen. Desktop barcodeprinter met USB, RS232, Bluetooth BLE en Ethernet.Zebra ZD621d 300 dpi labelprinter met direct thermal printing en kleurentouchscreen. Desktop barcodeprinter met USB, RS232, Bluetooth BLE en Ethernet."},"content":{"rendered":"<h2>Impression haute r\u00e9solution sans ruban<\/h2>\n<p>La Zebra ZD621d imprimante \u00e9tiquettes 300 dpi offre une impression thermique direct fiable pour les \u00e9tiquettes d\u2019exp\u00e9dition, l\u2019identification des produits et les applications logistiques. Gr\u00e2ce \u00e0 son format compact de bureau, l\u2019imprimante s\u2019int\u00e8gre facilement dans les postes d\u2019emballage, les entrep\u00f4ts et les environnements professionnels.<\/p>\n<p>Une r\u00e9solution de 300 dpi produit des codes-barres nets, du texte lisible et des graphiques d\u00e9taill\u00e9s. De plus, la technologie thermique direct supprime l\u2019utilisation de rubans. Par cons\u00e9quent, l\u2019exploitation devient plus simple et la gestion des consommables est r\u00e9duite.<\/p>\n<h2>Imprimante code-barres thermique direct avec \u00e9cran tactile couleur<\/h2>\n<p>Cette ZD621d imprimante code-barres thermique direct prend en charge USB, USB Host, RS232, Bluetooth Low Energy et Ethernet. Ainsi, l\u2019imprimante peut \u00eatre int\u00e9gr\u00e9e facilement dans les infrastructures existantes ainsi que dans les r\u00e9seaux modernes.<\/p>\n<p>L\u2019\u00e9cran tactile couleur int\u00e9gr\u00e9 permet de g\u00e9rer les param\u00e8tres, de consulter l\u2019\u00e9tat de l\u2019imprimante et d\u2019ajuster la configuration rapidement. Les formats d\u2019\u00e9tiquettes peuvent \u00eatre cr\u00e9\u00e9s avec un <a href=\"https:\/\/d-identify.be\/fr\/categories-de-produits\/logiciel-de-conception-detiquettes\/\">logiciel de conception d\u2019\u00e9tiquettes<\/a>. Les entreprises peuvent ensuite g\u00e9n\u00e9rer des \u00e9tiquettes produits, logistiques ou d\u2019exp\u00e9dition directement depuis leurs syst\u00e8mes.<\/p>\n<h2>Performance fiable pour la production d\u2019\u00e9tiquettes<\/h2>\n<p>L\u2019imprimante accepte des supports jusqu\u2019\u00e0 108 mm de largeur avec une largeur d\u2019impression maximale de 108 mm. En parall\u00e8le, une vitesse d\u2019impression pouvant atteindre 152 mm par seconde permet une production d\u2019\u00e9tiquettes rapide et efficace.<\/p>\n<p>La Zebra ZD621d imprimante \u00e9tiquettes 300 dpi est livr\u00e9e avec c\u00e2ble USB, alimentation et c\u00e2bles secteur EU\/UK. De plus, les capteurs Black Mark et Gap assurent une d\u00e9tection pr\u00e9cise des \u00e9tiquettes pendant l\u2019impression.<\/p>\n<h2>Contenu de la bo\u00eete<\/h2>\n<ul>\n<li>Zebra ZD621d imprimante thermique direct<\/li>\n<li>C\u00e2ble USB<\/li>\n<li>Alimentation<\/li>\n<li>C\u00e2bles secteur EU et UK<\/li>\n<\/ul>\n<h2>Documentation technique<\/h2>\n<p><u><a href=\"https:\/\/d-identify.be\/wp-content\/uploads\/2022\/07\/zebra_zd621.pdf\" target=\"_blank\" rel=\"noopener\">T\u00e9l\u00e9charger la fiche technique (PDF)<\/a><\/u><\/p>\n","protected":false},"excerpt":{"rendered":"<p><strong>Zebra ZD621d imprimante \u00e9tiquettes 300 dpi<\/strong> imprimante thermique direct avec \u00e9cran tactile couleur, USB, RS232, Bluetooth Low Energy et Ethernet.<\/p>\n<p><u><a href=\"https:\/\/d-identify.be\/wp-content\/uploads\/2022\/07\/zebra_zd621.pdf\" target=\"_blank\" rel=\"noopener\">T\u00e9l\u00e9charger la fiche technique (PDF)<\/a><\/u><\/p>\n<p><strong>Principales fonctionnalit\u00e9s:<\/strong><\/p>\n","protected":false},"featured_media":25975,"comment_status":"open","ping_status":"closed","template":"","meta":{"_acf_changed":false,"_et_pb_use_builder":"","_et_pb_old_content":"","_et_gb_content_width":""},"product_brand":[1258],"product_cat":[595,598],"product_tag":[],"pa_connextion-shapes":[],"class_list":{"0":"post-55089","1":"product","2":"type-product","3":"status-publish","4":"has-post-thumbnail","6":"product_brand-zebra","7":"product_cat-imprimantes-industrielles","8":"product_cat-imprimantes-detiquettes-de-bureau","10":"first","11":"onbackorder","12":"sale","13":"taxable","14":"shipping-taxable","15":"purchasable","16":"product-type-simple"},"exclude_global_add_ons":[],"addons":[],"acf":[],"yoast_head":"<!-- This site is optimized with the Yoast SEO Premium plugin v27.0 (Yoast SEO v27.1) - https:\/\/yoast.com\/product\/yoast-seo-premium-wordpress\/ -->\n<title>Zebra ZD621d 300 dpi Imprimante \u00c9tiquettes | D-Identify<\/title>\n<meta name=\"description\" content=\"Zebra ZD621d imprimante \u00e9tiquettes 300 dpi avec impression thermique direct et \u00e9cran tactile couleur. USB, RS232, Bluetooth BLE et Ethernet.\" \/>\n<meta name=\"robots\" content=\"index, follow, max-snippet:-1, max-image-preview:large, max-video-preview:-1\" \/>\n<link rel=\"canonical\" href=\"https:\/\/d-identify.be\/fr\/produit\/zebra-zd621d-300dpi-imprimante-thermique-direct-ecran\/\" \/>\n<meta property=\"og:locale\" content=\"fr_FR\" \/>\n<meta property=\"og:type\" content=\"article\" \/>\n<meta property=\"og:title\" content=\"Zebra ZD621d 300 dpi labelprinter met direct thermal printing en kleurentouchscreen. Desktop barcodeprinter met USB, RS232, Bluetooth BLE en Ethernet.Zebra ZD621d 300 dpi labelprinter met direct thermal printing en kleurentouchscreen. Desktop barcodeprinter met USB, RS232, Bluetooth BLE en Ethernet.\" \/>\n<meta property=\"og:description\" content=\"Zebra ZD621d imprimante \u00e9tiquettes 300 dpi avec impression thermique direct et \u00e9cran tactile couleur. USB, RS232, Bluetooth BLE et Ethernet.\" \/>\n<meta property=\"og:url\" content=\"https:\/\/d-identify.be\/fr\/produit\/zebra-zd621d-300dpi-imprimante-thermique-direct-ecran\/\" \/>\n<meta property=\"og:site_name\" content=\"d-identify\" \/>\n<meta property=\"article:modified_time\" content=\"2026-03-05T22:54:41+00:00\" \/>\n<meta property=\"og:image\" content=\"https:\/\/d-identify.be\/wp-content\/uploads\/2022\/07\/zd600-1.jpg\" \/>\n\t<meta property=\"og:image:width\" content=\"324\" \/>\n\t<meta property=\"og:image:height\" content=\"256\" \/>\n\t<meta property=\"og:image:type\" content=\"image\/jpeg\" \/>\n<meta name=\"twitter:card\" content=\"summary_large_image\" \/>\n<meta name=\"twitter:label1\" content=\"Dur\u00e9e de lecture estim\u00e9e\" \/>\n\t<meta name=\"twitter:data1\" content=\"2 minutes\" \/>\n<script type=\"application\/ld+json\" class=\"yoast-schema-graph\">{\"@context\":\"https:\/\/schema.org\",\"@graph\":[{\"@type\":\"WebPage\",\"@id\":\"https:\/\/d-identify.be\/fr\/produit\/zebra-zd621d-300dpi-imprimante-thermique-direct-ecran\/\",\"url\":\"https:\/\/d-identify.be\/fr\/produit\/zebra-zd621d-300dpi-imprimante-thermique-direct-ecran\/\",\"name\":\"Zebra ZD621d 300 dpi Imprimante \u00c9tiquettes | D-Identify\",\"isPartOf\":{\"@id\":\"https:\/\/d-identify.be\/fr\/#website\"},\"primaryImageOfPage\":{\"@id\":\"https:\/\/d-identify.be\/fr\/produit\/zebra-zd621d-300dpi-imprimante-thermique-direct-ecran\/#primaryimage\"},\"image\":{\"@id\":\"https:\/\/d-identify.be\/fr\/produit\/zebra-zd621d-300dpi-imprimante-thermique-direct-ecran\/#primaryimage\"},\"thumbnailUrl\":\"https:\/\/d-identify.be\/wp-content\/uploads\/2022\/07\/zd600-1.jpg\",\"datePublished\":\"2025-04-09T11:36:15+00:00\",\"dateModified\":\"2026-03-05T22:54:41+00:00\",\"description\":\"Zebra ZD621d imprimante \u00e9tiquettes 300 dpi avec impression thermique direct et \u00e9cran tactile couleur. USB, RS232, Bluetooth BLE et Ethernet.\",\"breadcrumb\":{\"@id\":\"https:\/\/d-identify.be\/fr\/produit\/zebra-zd621d-300dpi-imprimante-thermique-direct-ecran\/#breadcrumb\"},\"inLanguage\":\"fr-FR\",\"potentialAction\":[{\"@type\":\"ReadAction\",\"target\":[\"https:\/\/d-identify.be\/fr\/produit\/zebra-zd621d-300dpi-imprimante-thermique-direct-ecran\/\"]}]},{\"@type\":\"ImageObject\",\"inLanguage\":\"fr-FR\",\"@id\":\"https:\/\/d-identify.be\/fr\/produit\/zebra-zd621d-300dpi-imprimante-thermique-direct-ecran\/#primaryimage\",\"url\":\"https:\/\/d-identify.be\/wp-content\/uploads\/2022\/07\/zd600-1.jpg\",\"contentUrl\":\"https:\/\/d-identify.be\/wp-content\/uploads\/2022\/07\/zd600-1.jpg\",\"width\":324,\"height\":256,\"caption\":\"Zebra ZD621R Imprimante RFID | D-Identify\"},{\"@type\":\"BreadcrumbList\",\"@id\":\"https:\/\/d-identify.be\/fr\/produit\/zebra-zd621d-300dpi-imprimante-thermique-direct-ecran\/#breadcrumb\",\"itemListElement\":[{\"@type\":\"ListItem\",\"position\":1,\"name\":\"Home\",\"item\":\"https:\/\/d-identify.be\/fr\/home-2\/\"},{\"@type\":\"ListItem\",\"position\":2,\"name\":\"Boutique\",\"item\":\"https:\/\/d-identify.be\/fr\/boutique\/\"},{\"@type\":\"ListItem\",\"position\":3,\"name\":\"Zebra ZD621d 300 dpi labelprinter met direct thermal printing en kleurentouchscreen. Desktop barcodeprinter met USB, RS232, Bluetooth BLE en Ethernet.Zebra ZD621d 300 dpi labelprinter met direct thermal printing en kleurentouchscreen. Desktop barcodeprinter met USB, RS232, Bluetooth BLE en Ethernet.\"}]},{\"@type\":\"WebSite\",\"@id\":\"https:\/\/d-identify.be\/fr\/#website\",\"url\":\"https:\/\/d-identify.be\/fr\/\",\"name\":\"d-identify\",\"description\":\"Industrial identification - Lockout - Tagout - Floor marking\",\"potentialAction\":[{\"@type\":\"SearchAction\",\"target\":{\"@type\":\"EntryPoint\",\"urlTemplate\":\"https:\/\/d-identify.be\/fr\/?s={search_term_string}\"},\"query-input\":{\"@type\":\"PropertyValueSpecification\",\"valueRequired\":true,\"valueName\":\"search_term_string\"}}],\"inLanguage\":\"fr-FR\"}]}<\/script>\n<!-- \/ Yoast SEO Premium plugin. -->","yoast_head_json":{"title":"Zebra ZD621d 300 dpi Imprimante \u00c9tiquettes | D-Identify","description":"Zebra ZD621d imprimante \u00e9tiquettes 300 dpi avec impression thermique direct et \u00e9cran tactile couleur. USB, RS232, Bluetooth BLE et Ethernet.","robots":{"index":"index","follow":"follow","max-snippet":"max-snippet:-1","max-image-preview":"max-image-preview:large","max-video-preview":"max-video-preview:-1"},"canonical":"https:\/\/d-identify.be\/fr\/produit\/zebra-zd621d-300dpi-imprimante-thermique-direct-ecran\/","og_locale":"fr_FR","og_type":"article","og_title":"Zebra ZD621d 300 dpi labelprinter met direct thermal printing en kleurentouchscreen. Desktop barcodeprinter met USB, RS232, Bluetooth BLE en Ethernet.Zebra ZD621d 300 dpi labelprinter met direct thermal printing en kleurentouchscreen. Desktop barcodeprinter met USB, RS232, Bluetooth BLE en Ethernet.","og_description":"Zebra ZD621d imprimante \u00e9tiquettes 300 dpi avec impression thermique direct et \u00e9cran tactile couleur. USB, RS232, Bluetooth BLE et Ethernet.","og_url":"https:\/\/d-identify.be\/fr\/produit\/zebra-zd621d-300dpi-imprimante-thermique-direct-ecran\/","og_site_name":"d-identify","article_modified_time":"2026-03-05T22:54:41+00:00","og_image":[{"width":324,"height":256,"url":"https:\/\/d-identify.be\/wp-content\/uploads\/2022\/07\/zd600-1.jpg","type":"image\/jpeg"}],"twitter_card":"summary_large_image","twitter_misc":{"Dur\u00e9e de lecture estim\u00e9e":"2 minutes"},"schema":{"@context":"https:\/\/schema.org","@graph":[{"@type":"WebPage","@id":"https:\/\/d-identify.be\/fr\/produit\/zebra-zd621d-300dpi-imprimante-thermique-direct-ecran\/","url":"https:\/\/d-identify.be\/fr\/produit\/zebra-zd621d-300dpi-imprimante-thermique-direct-ecran\/","name":"Zebra ZD621d 300 dpi Imprimante \u00c9tiquettes | D-Identify","isPartOf":{"@id":"https:\/\/d-identify.be\/fr\/#website"},"primaryImageOfPage":{"@id":"https:\/\/d-identify.be\/fr\/produit\/zebra-zd621d-300dpi-imprimante-thermique-direct-ecran\/#primaryimage"},"image":{"@id":"https:\/\/d-identify.be\/fr\/produit\/zebra-zd621d-300dpi-imprimante-thermique-direct-ecran\/#primaryimage"},"thumbnailUrl":"https:\/\/d-identify.be\/wp-content\/uploads\/2022\/07\/zd600-1.jpg","datePublished":"2025-04-09T11:36:15+00:00","dateModified":"2026-03-05T22:54:41+00:00","description":"Zebra ZD621d imprimante \u00e9tiquettes 300 dpi avec impression thermique direct et \u00e9cran tactile couleur. USB, RS232, Bluetooth BLE et Ethernet.","breadcrumb":{"@id":"https:\/\/d-identify.be\/fr\/produit\/zebra-zd621d-300dpi-imprimante-thermique-direct-ecran\/#breadcrumb"},"inLanguage":"fr-FR","potentialAction":[{"@type":"ReadAction","target":["https:\/\/d-identify.be\/fr\/produit\/zebra-zd621d-300dpi-imprimante-thermique-direct-ecran\/"]}]},{"@type":"ImageObject","inLanguage":"fr-FR","@id":"https:\/\/d-identify.be\/fr\/produit\/zebra-zd621d-300dpi-imprimante-thermique-direct-ecran\/#primaryimage","url":"https:\/\/d-identify.be\/wp-content\/uploads\/2022\/07\/zd600-1.jpg","contentUrl":"https:\/\/d-identify.be\/wp-content\/uploads\/2022\/07\/zd600-1.jpg","width":324,"height":256,"caption":"Zebra ZD621R Imprimante RFID | D-Identify"},{"@type":"BreadcrumbList","@id":"https:\/\/d-identify.be\/fr\/produit\/zebra-zd621d-300dpi-imprimante-thermique-direct-ecran\/#breadcrumb","itemListElement":[{"@type":"ListItem","position":1,"name":"Home","item":"https:\/\/d-identify.be\/fr\/home-2\/"},{"@type":"ListItem","position":2,"name":"Boutique","item":"https:\/\/d-identify.be\/fr\/boutique\/"},{"@type":"ListItem","position":3,"name":"Zebra ZD621d 300 dpi labelprinter met direct thermal printing en kleurentouchscreen. Desktop barcodeprinter met USB, RS232, Bluetooth BLE en Ethernet.Zebra ZD621d 300 dpi labelprinter met direct thermal printing en kleurentouchscreen. Desktop barcodeprinter met USB, RS232, Bluetooth BLE en Ethernet."}]},{"@type":"WebSite","@id":"https:\/\/d-identify.be\/fr\/#website","url":"https:\/\/d-identify.be\/fr\/","name":"d-identify","description":"Industrial identification - Lockout - Tagout - Floor marking","potentialAction":[{"@type":"SearchAction","target":{"@type":"EntryPoint","urlTemplate":"https:\/\/d-identify.be\/fr\/?s={search_term_string}"},"query-input":{"@type":"PropertyValueSpecification","valueRequired":true,"valueName":"search_term_string"}}],"inLanguage":"fr-FR"}]}},"_links":{"self":[{"href":"https:\/\/d-identify.be\/fr\/wp-json\/wp\/v2\/product\/55089","targetHints":{"allow":["GET"]}}],"collection":[{"href":"https:\/\/d-identify.be\/fr\/wp-json\/wp\/v2\/product"}],"about":[{"href":"https:\/\/d-identify.be\/fr\/wp-json\/wp\/v2\/types\/product"}],"replies":[{"embeddable":true,"href":"https:\/\/d-identify.be\/fr\/wp-json\/wp\/v2\/comments?post=55089"}],"wp:featuredmedia":[{"embeddable":true,"href":"https:\/\/d-identify.be\/fr\/wp-json\/wp\/v2\/media\/25975"}],"wp:attachment":[{"href":"https:\/\/d-identify.be\/fr\/wp-json\/wp\/v2\/media?parent=55089"}],"wp:term":[{"taxonomy":"product_brand","embeddable":true,"href":"https:\/\/d-identify.be\/fr\/wp-json\/wp\/v2\/product_brand?post=55089"},{"taxonomy":"product_cat","embeddable":true,"href":"https:\/\/d-identify.be\/fr\/wp-json\/wp\/v2\/product_cat?post=55089"},{"taxonomy":"product_tag","embeddable":true,"href":"https:\/\/d-identify.be\/fr\/wp-json\/wp\/v2\/product_tag?post=55089"},{"taxonomy":"pa_connextion-shapes","embeddable":true,"href":"https:\/\/d-identify.be\/fr\/wp-json\/wp\/v2\/pa_connextion-shapes?post=55089"}],"curies":[{"name":"wp","href":"https:\/\/api.w.org\/{rel}","templated":true}]}}