{"id":55072,"date":"2025-04-09T12:37:00","date_gmt":"2025-04-09T10:37:00","guid":{"rendered":"https:\/\/d-identify.be\/?post_type=product&#038;p=55072"},"modified":"2026-03-10T09:38:03","modified_gmt":"2026-03-10T07:38:03","slug":"tsc-th320t-imprimante-etiquettes-300dpi-transfert-thermique","status":"publish","type":"product","link":"https:\/\/d-identify.be\/fr\/produit\/tsc-th320t-imprimante-etiquettes-300dpi-transfert-thermique\/","title":{"rendered":"TSC TH320T Imprimante \u00c9tiquettes Transfert Thermique avec \u00e9cran tactile (300 dpi, USB, RS232, Ethernet)"},"content":{"rendered":"<h2>Impression transfert thermique haute r\u00e9solution pour \u00e9tiquettes compactes<\/h2>\n<p>La TSC TH320T imprimante \u00e9tiquettes fournit une impression transfert thermique fiable pour l\u2019identification des produits, les \u00e9tiquettes logistiques et les applications retail. Gr\u00e2ce \u00e0 son design compact de bureau, l\u2019imprimante s\u2019int\u00e8gre facilement dans les postes de travail, comptoirs et environnements industriels.<\/p>\n<p>Une r\u00e9solution de 300 dpi produit des codes-barres nets, du texte lisible et des graphiques pr\u00e9cis. De plus, la technologie transfert thermique garantit des \u00e9tiquettes durables adapt\u00e9es aux environnements industriels et logistiques.<\/p>\n<h2>Imprimante code-barres transfert thermique avec \u00e9cran tactile<\/h2>\n<p>Cette TH320T imprimante code-barres transfert thermique prend en charge USB, USB Host, RS232 et Ethernet. Ainsi, l\u2019imprimante peut \u00eatre int\u00e9gr\u00e9e facilement dans les syst\u00e8mes logistiques, les environnements POS et les infrastructures industrielles.<\/p>\n<p>Les formats d\u2019\u00e9tiquettes et les codes-barres peuvent \u00eatre con\u00e7us avec un <a href=\"https:\/\/d-identify.be\/fr\/categories-de-produits\/logiciel-de-conception-detiquettes\/\">logiciel de conception d\u2019\u00e9tiquettes<\/a>. Les entreprises peuvent ensuite g\u00e9n\u00e9rer des \u00e9tiquettes produits, logistiques et d\u2019exp\u00e9dition directement depuis leurs syst\u00e8mes.<\/p>\n<h2>Performance efficace pour la logistique et le retail<\/h2>\n<p>L\u2019imprimante accepte des supports jusqu\u2019\u00e0 60 mm de largeur avec une largeur d\u2019impression maximale de 56 mm. En parall\u00e8le, une vitesse d\u2019impression pouvant atteindre 152 mm par seconde permet une production d\u2019\u00e9tiquettes rapide et efficace.<\/p>\n<p>La TSC TH320T imprimante \u00e9tiquettes est livr\u00e9e avec c\u00e2ble USB, alimentation externe et c\u00e2ble secteur EU. De plus, les capteurs Black Mark et Gap assurent une d\u00e9tection pr\u00e9cise des \u00e9tiquettes pendant l\u2019impression.<\/p>\n<h2>Contenu de la bo\u00eete<\/h2>\n<ul>\n<li>TSC TH320T imprimante transfert thermique<\/li>\n<li>C\u00e2ble USB<\/li>\n<li>Alimentation externe<\/li>\n<li>C\u00e2ble secteur EU<\/li>\n<\/ul>\n<h2>Documentation technique<\/h2>\n<p><u><a href=\"https:\/\/d-identify.be\/wp-content\/uploads\/2025\/03\/tc_series_navy_datasheet_en_20201006.pdf\" target=\"_blank\" rel=\"noopener\">T\u00e9l\u00e9charger la fiche technique (PDF)<\/a><\/u><\/p>\n","protected":false},"excerpt":{"rendered":"<p><strong>TSC TH320T imprimante \u00e9tiquettes<\/strong> imprimante transfert thermique compacte avec r\u00e9solution 300 dpi, \u00e9cran tactile, USB, USB Host, RS232 et Ethernet.<\/p>\n<p><u><a href=\"https:\/\/d-identify.be\/wp-content\/uploads\/2025\/03\/tc_series_navy_datasheet_en_20201006.pdf\" target=\"_blank\" rel=\"noopener\">T\u00e9l\u00e9charger la fiche technique (PDF)<\/a><\/u><\/p>\n<p><strong>Principales fonctionnalit\u00e9s:<\/strong><\/p>\n","protected":false},"featured_media":55080,"comment_status":"open","ping_status":"closed","template":"","meta":{"_acf_changed":false,"_et_pb_use_builder":"","_et_pb_old_content":"","_et_gb_content_width":""},"product_brand":[1243],"product_cat":[595,598],"product_tag":[],"pa_connextion-shapes":[],"class_list":{"0":"post-55072","1":"product","2":"type-product","3":"status-publish","4":"has-post-thumbnail","6":"product_brand-tsc","7":"product_cat-imprimantes-industrielles","8":"product_cat-imprimantes-detiquettes-de-bureau","10":"first","11":"onbackorder","12":"sale","13":"taxable","14":"shipping-taxable","15":"purchasable","16":"product-type-simple"},"exclude_global_add_ons":false,"addons":[{"name":"Kit de mise \u00e0 niveau TSC, coupeur","type":"checkbox","position":0,"required":false,"title_format":"label","default":"","description_enable":true,"description":"Kit de mise \u00e0 niveau, coupeur, convient pour TH220, DH220, TH220HC, DH220HC","placeholder_enable":false,"placeholder":"","display":"select","restrictions_type":"any_text","adjust_price":false,"price":"","price_type":"flat_fee","restrictions":false,"min":"0","max":"0","options":[{"label":"CUT-TH220-0001","price":"178","price_type":"flat_fee","image":0,"visibility":true}],"id":1742824491}],"acf":[],"yoast_head":"<!-- This site is optimized with the Yoast SEO Premium plugin v27.0 (Yoast SEO v27.1) - https:\/\/yoast.com\/product\/yoast-seo-premium-wordpress\/ -->\n<title>TSC TH320T Imprimante \u00c9tiquettes | D-Identify<\/title>\n<meta name=\"description\" content=\"TSC TH320T imprimante \u00e9tiquettes avec impression transfert thermique 300 dpi. Imprimante code-barres bureau avec \u00e9cran tactile, USB, RS232 et Ethernet.\" \/>\n<meta name=\"robots\" content=\"index, follow, max-snippet:-1, max-image-preview:large, max-video-preview:-1\" \/>\n<link rel=\"canonical\" href=\"https:\/\/d-identify.be\/fr\/produit\/tsc-th320t-imprimante-etiquettes-300dpi-transfert-thermique\/\" \/>\n<meta property=\"og:locale\" content=\"fr_FR\" \/>\n<meta property=\"og:type\" content=\"article\" \/>\n<meta property=\"og:title\" content=\"TSC TH320T Imprimante \u00c9tiquettes Transfert Thermique avec \u00e9cran tactile (300 dpi, USB, RS232, Ethernet)\" \/>\n<meta property=\"og:description\" content=\"TSC TH320T imprimante \u00e9tiquettes avec impression transfert thermique 300 dpi. Imprimante code-barres bureau avec \u00e9cran tactile, USB, RS232 et Ethernet.\" \/>\n<meta property=\"og:url\" content=\"https:\/\/d-identify.be\/fr\/produit\/tsc-th320t-imprimante-etiquettes-300dpi-transfert-thermique\/\" \/>\n<meta property=\"og:site_name\" content=\"d-identify\" \/>\n<meta property=\"article:modified_time\" content=\"2026-03-10T07:38:03+00:00\" \/>\n<meta property=\"og:image\" content=\"https:\/\/d-identify.be\/wp-content\/uploads\/2025\/04\/dh220t_l_500x500pxi11.png\" \/>\n\t<meta property=\"og:image:width\" content=\"500\" \/>\n\t<meta property=\"og:image:height\" content=\"500\" \/>\n\t<meta property=\"og:image:type\" content=\"image\/png\" \/>\n<meta name=\"twitter:card\" content=\"summary_large_image\" \/>\n<meta name=\"twitter:label1\" content=\"Dur\u00e9e de lecture estim\u00e9e\" \/>\n\t<meta name=\"twitter:data1\" content=\"2 minutes\" \/>\n<script type=\"application\/ld+json\" class=\"yoast-schema-graph\">{\"@context\":\"https:\/\/schema.org\",\"@graph\":[{\"@type\":\"WebPage\",\"@id\":\"https:\/\/d-identify.be\/fr\/produit\/tsc-th320t-imprimante-etiquettes-300dpi-transfert-thermique\/\",\"url\":\"https:\/\/d-identify.be\/fr\/produit\/tsc-th320t-imprimante-etiquettes-300dpi-transfert-thermique\/\",\"name\":\"TSC TH320T Imprimante \u00c9tiquettes | D-Identify\",\"isPartOf\":{\"@id\":\"https:\/\/d-identify.be\/fr\/#website\"},\"primaryImageOfPage\":{\"@id\":\"https:\/\/d-identify.be\/fr\/produit\/tsc-th320t-imprimante-etiquettes-300dpi-transfert-thermique\/#primaryimage\"},\"image\":{\"@id\":\"https:\/\/d-identify.be\/fr\/produit\/tsc-th320t-imprimante-etiquettes-300dpi-transfert-thermique\/#primaryimage\"},\"thumbnailUrl\":\"https:\/\/d-identify.be\/wp-content\/uploads\/2025\/04\/dh220t_l_500x500pxi11.png\",\"datePublished\":\"2025-04-09T10:37:00+00:00\",\"dateModified\":\"2026-03-10T07:38:03+00:00\",\"description\":\"TSC TH320T imprimante \u00e9tiquettes avec impression transfert thermique 300 dpi. Imprimante code-barres bureau avec \u00e9cran tactile, USB, RS232 et Ethernet.\",\"breadcrumb\":{\"@id\":\"https:\/\/d-identify.be\/fr\/produit\/tsc-th320t-imprimante-etiquettes-300dpi-transfert-thermique\/#breadcrumb\"},\"inLanguage\":\"fr-FR\",\"potentialAction\":[{\"@type\":\"ReadAction\",\"target\":[\"https:\/\/d-identify.be\/fr\/produit\/tsc-th320t-imprimante-etiquettes-300dpi-transfert-thermique\/\"]}]},{\"@type\":\"ImageObject\",\"inLanguage\":\"fr-FR\",\"@id\":\"https:\/\/d-identify.be\/fr\/produit\/tsc-th320t-imprimante-etiquettes-300dpi-transfert-thermique\/#primaryimage\",\"url\":\"https:\/\/d-identify.be\/wp-content\/uploads\/2025\/04\/dh220t_l_500x500pxi11.png\",\"contentUrl\":\"https:\/\/d-identify.be\/wp-content\/uploads\/2025\/04\/dh220t_l_500x500pxi11.png\",\"width\":500,\"height\":500,\"caption\":\"TSC DH220T Imprimante \u00c9tiquettes | D-Identify\"},{\"@type\":\"BreadcrumbList\",\"@id\":\"https:\/\/d-identify.be\/fr\/produit\/tsc-th320t-imprimante-etiquettes-300dpi-transfert-thermique\/#breadcrumb\",\"itemListElement\":[{\"@type\":\"ListItem\",\"position\":1,\"name\":\"Home\",\"item\":\"https:\/\/d-identify.be\/fr\/home-2\/\"},{\"@type\":\"ListItem\",\"position\":2,\"name\":\"Boutique\",\"item\":\"https:\/\/d-identify.be\/fr\/boutique\/\"},{\"@type\":\"ListItem\",\"position\":3,\"name\":\"TSC TH320T Imprimante \u00c9tiquettes Transfert Thermique avec \u00e9cran tactile (300 dpi, USB, RS232, Ethernet)\"}]},{\"@type\":\"WebSite\",\"@id\":\"https:\/\/d-identify.be\/fr\/#website\",\"url\":\"https:\/\/d-identify.be\/fr\/\",\"name\":\"d-identify\",\"description\":\"Industrial identification - Lockout - Tagout - Floor marking\",\"potentialAction\":[{\"@type\":\"SearchAction\",\"target\":{\"@type\":\"EntryPoint\",\"urlTemplate\":\"https:\/\/d-identify.be\/fr\/?s={search_term_string}\"},\"query-input\":{\"@type\":\"PropertyValueSpecification\",\"valueRequired\":true,\"valueName\":\"search_term_string\"}}],\"inLanguage\":\"fr-FR\"}]}<\/script>\n<!-- \/ Yoast SEO Premium plugin. -->","yoast_head_json":{"title":"TSC TH320T Imprimante \u00c9tiquettes | D-Identify","description":"TSC TH320T imprimante \u00e9tiquettes avec impression transfert thermique 300 dpi. Imprimante code-barres bureau avec \u00e9cran tactile, USB, RS232 et Ethernet.","robots":{"index":"index","follow":"follow","max-snippet":"max-snippet:-1","max-image-preview":"max-image-preview:large","max-video-preview":"max-video-preview:-1"},"canonical":"https:\/\/d-identify.be\/fr\/produit\/tsc-th320t-imprimante-etiquettes-300dpi-transfert-thermique\/","og_locale":"fr_FR","og_type":"article","og_title":"TSC TH320T Imprimante \u00c9tiquettes Transfert Thermique avec \u00e9cran tactile (300 dpi, USB, RS232, Ethernet)","og_description":"TSC TH320T imprimante \u00e9tiquettes avec impression transfert thermique 300 dpi. Imprimante code-barres bureau avec \u00e9cran tactile, USB, RS232 et Ethernet.","og_url":"https:\/\/d-identify.be\/fr\/produit\/tsc-th320t-imprimante-etiquettes-300dpi-transfert-thermique\/","og_site_name":"d-identify","article_modified_time":"2026-03-10T07:38:03+00:00","og_image":[{"width":500,"height":500,"url":"https:\/\/d-identify.be\/wp-content\/uploads\/2025\/04\/dh220t_l_500x500pxi11.png","type":"image\/png"}],"twitter_card":"summary_large_image","twitter_misc":{"Dur\u00e9e de lecture estim\u00e9e":"2 minutes"},"schema":{"@context":"https:\/\/schema.org","@graph":[{"@type":"WebPage","@id":"https:\/\/d-identify.be\/fr\/produit\/tsc-th320t-imprimante-etiquettes-300dpi-transfert-thermique\/","url":"https:\/\/d-identify.be\/fr\/produit\/tsc-th320t-imprimante-etiquettes-300dpi-transfert-thermique\/","name":"TSC TH320T Imprimante \u00c9tiquettes | D-Identify","isPartOf":{"@id":"https:\/\/d-identify.be\/fr\/#website"},"primaryImageOfPage":{"@id":"https:\/\/d-identify.be\/fr\/produit\/tsc-th320t-imprimante-etiquettes-300dpi-transfert-thermique\/#primaryimage"},"image":{"@id":"https:\/\/d-identify.be\/fr\/produit\/tsc-th320t-imprimante-etiquettes-300dpi-transfert-thermique\/#primaryimage"},"thumbnailUrl":"https:\/\/d-identify.be\/wp-content\/uploads\/2025\/04\/dh220t_l_500x500pxi11.png","datePublished":"2025-04-09T10:37:00+00:00","dateModified":"2026-03-10T07:38:03+00:00","description":"TSC TH320T imprimante \u00e9tiquettes avec impression transfert thermique 300 dpi. Imprimante code-barres bureau avec \u00e9cran tactile, USB, RS232 et Ethernet.","breadcrumb":{"@id":"https:\/\/d-identify.be\/fr\/produit\/tsc-th320t-imprimante-etiquettes-300dpi-transfert-thermique\/#breadcrumb"},"inLanguage":"fr-FR","potentialAction":[{"@type":"ReadAction","target":["https:\/\/d-identify.be\/fr\/produit\/tsc-th320t-imprimante-etiquettes-300dpi-transfert-thermique\/"]}]},{"@type":"ImageObject","inLanguage":"fr-FR","@id":"https:\/\/d-identify.be\/fr\/produit\/tsc-th320t-imprimante-etiquettes-300dpi-transfert-thermique\/#primaryimage","url":"https:\/\/d-identify.be\/wp-content\/uploads\/2025\/04\/dh220t_l_500x500pxi11.png","contentUrl":"https:\/\/d-identify.be\/wp-content\/uploads\/2025\/04\/dh220t_l_500x500pxi11.png","width":500,"height":500,"caption":"TSC DH220T Imprimante \u00c9tiquettes | D-Identify"},{"@type":"BreadcrumbList","@id":"https:\/\/d-identify.be\/fr\/produit\/tsc-th320t-imprimante-etiquettes-300dpi-transfert-thermique\/#breadcrumb","itemListElement":[{"@type":"ListItem","position":1,"name":"Home","item":"https:\/\/d-identify.be\/fr\/home-2\/"},{"@type":"ListItem","position":2,"name":"Boutique","item":"https:\/\/d-identify.be\/fr\/boutique\/"},{"@type":"ListItem","position":3,"name":"TSC TH320T Imprimante \u00c9tiquettes Transfert Thermique avec \u00e9cran tactile (300 dpi, USB, RS232, Ethernet)"}]},{"@type":"WebSite","@id":"https:\/\/d-identify.be\/fr\/#website","url":"https:\/\/d-identify.be\/fr\/","name":"d-identify","description":"Industrial identification - Lockout - Tagout - Floor marking","potentialAction":[{"@type":"SearchAction","target":{"@type":"EntryPoint","urlTemplate":"https:\/\/d-identify.be\/fr\/?s={search_term_string}"},"query-input":{"@type":"PropertyValueSpecification","valueRequired":true,"valueName":"search_term_string"}}],"inLanguage":"fr-FR"}]}},"_links":{"self":[{"href":"https:\/\/d-identify.be\/fr\/wp-json\/wp\/v2\/product\/55072","targetHints":{"allow":["GET"]}}],"collection":[{"href":"https:\/\/d-identify.be\/fr\/wp-json\/wp\/v2\/product"}],"about":[{"href":"https:\/\/d-identify.be\/fr\/wp-json\/wp\/v2\/types\/product"}],"replies":[{"embeddable":true,"href":"https:\/\/d-identify.be\/fr\/wp-json\/wp\/v2\/comments?post=55072"}],"wp:featuredmedia":[{"embeddable":true,"href":"https:\/\/d-identify.be\/fr\/wp-json\/wp\/v2\/media\/55080"}],"wp:attachment":[{"href":"https:\/\/d-identify.be\/fr\/wp-json\/wp\/v2\/media?parent=55072"}],"wp:term":[{"taxonomy":"product_brand","embeddable":true,"href":"https:\/\/d-identify.be\/fr\/wp-json\/wp\/v2\/product_brand?post=55072"},{"taxonomy":"product_cat","embeddable":true,"href":"https:\/\/d-identify.be\/fr\/wp-json\/wp\/v2\/product_cat?post=55072"},{"taxonomy":"product_tag","embeddable":true,"href":"https:\/\/d-identify.be\/fr\/wp-json\/wp\/v2\/product_tag?post=55072"},{"taxonomy":"pa_connextion-shapes","embeddable":true,"href":"https:\/\/d-identify.be\/fr\/wp-json\/wp\/v2\/pa_connextion-shapes?post=55072"}],"curies":[{"name":"wp","href":"https:\/\/api.w.org\/{rel}","templated":true}]}}