{"id":55048,"date":"2025-04-09T11:17:59","date_gmt":"2025-04-09T09:17:59","guid":{"rendered":"https:\/\/d-identify.be\/?post_type=product&#038;p=55048"},"modified":"2026-03-12T09:25:57","modified_gmt":"2026-03-12T07:25:57","slug":"tsc-tc210-imprimante-etiquettes-thermotransfert-203dpi","status":"publish","type":"product","link":"https:\/\/d-identify.be\/fr\/produit\/tsc-tc210-imprimante-etiquettes-thermotransfert-203dpi\/","title":{"rendered":"Imprimante d\u2019\u00e9tiquettes TSC TC210 Thermotransfert (203 dpi, USB, RS232, Ethernet, \u00c9cran)"},"content":{"rendered":"<h2>Impression thermotransfert fiable pour l\u2019identification des produits<\/h2>\n<p>L\u2019<strong>imprimante \u00e9tiquettes TSC TC210<\/strong> fournit une impression thermotransfert fiable pour l\u2019identification des produits, les \u00e9tiquettes logistiques et les applications d\u2019entrep\u00f4t. Son design desktop compact permet de l\u2019installer facilement sur des postes d\u2019emballage, des postes de travail ou des lignes de production.<\/p>\n<p>Une r\u00e9solution de 203 dpi produit des codes-barres nets, des textes lisibles et des \u00e9l\u00e9ments graphiques pr\u00e9cis. La technologie thermotransfert permet \u00e9galement d\u2019imprimer des \u00e9tiquettes durables r\u00e9sistantes \u00e0 l\u2019usure et aux environnements industriels.<\/p>\n<h2>Imprimante code-barres thermotransfert avec \u00e9cran et interfaces multiples<\/h2>\n<p>Cette imprimante code-barres thermotransfert TC210 prend en charge la connectivit\u00e9 USB, RS232 et Ethernet. L\u2019imprimante peut ainsi \u00eatre facilement int\u00e9gr\u00e9e dans des syst\u00e8mes d\u2019entrep\u00f4t, des environnements POS ou des r\u00e9seaux industriels.<\/p>\n<p>Les formats d\u2019\u00e9tiquettes et de codes-barres peuvent \u00eatre con\u00e7us avec un <a href=\"https:\/\/d-identify.be\/fr\/logiciel-de-conception-detiquettes-golabel\/\">logiciel de conception d\u2019\u00e9tiquettes<\/a>. Les entreprises peuvent ensuite g\u00e9n\u00e9rer des \u00e9tiquettes produits, des \u00e9tiquettes d\u2019exp\u00e9dition et des \u00e9tiquettes logistiques directement depuis leurs syst\u00e8mes.<\/p>\n<h2>Performances \u00e9lev\u00e9es pour l\u2019impression d\u2019\u00e9tiquettes desktop<\/h2>\n<p>L\u2019imprimante prend en charge des m\u00e9dias jusqu\u2019\u00e0 112 mm de largeur avec une largeur d\u2019impression maximale de 108 mm. Une vitesse d\u2019impression allant jusqu\u2019\u00e0 152 mm par seconde permet une production efficace d\u2019\u00e9tiquettes dans les environnements logistiques et commerciaux.<\/p>\n<p>Un \u00e9cran int\u00e9gr\u00e9 avec six touches de fonction simplifie l\u2019utilisation. L\u2019<strong>imprimante \u00e9tiquettes TSC TC210<\/strong> comprend \u00e9galement une horloge temps r\u00e9el permettant d\u2019imprimer automatiquement la date et l\u2019heure sur les \u00e9tiquettes.<\/p>\n<h2>Contenu de l\u2019emballage<\/h2>\n<ul>\n<li>Imprimante thermotransfert TSC TC210<\/li>\n<li>C\u00e2ble USB<\/li>\n<li>Alimentation<\/li>\n<li>Cordon d\u2019alimentation<\/li>\n<li>Logiciel d\u2019impression d\u2019\u00e9tiquettes<\/li>\n<\/ul>\n<h2>Documentation technique<\/h2>\n<p><u><a href=\"https:\/\/d-identify.be\/wp-content\/uploads\/2025\/03\/tc_series_navy_datasheet_en_20201006.pdf\" target=\"_blank\" rel=\"noopener\">T\u00e9l\u00e9charger la fiche technique (PDF)<\/a><\/u><\/p>\n","protected":false},"excerpt":{"rendered":"<p><strong>Imprimante \u00e9tiquettes TSC TC210<\/strong> thermotransfert desktop avec r\u00e9solution 203 dpi, \u00e9cran, USB, RS232 et connectivit\u00e9 Ethernet.<\/p>\n<p><u><a href=\"https:\/\/d-identify.be\/wp-content\/uploads\/2025\/03\/tc_series_navy_datasheet_en_20201006.pdf\" target=\"_blank\" rel=\"noopener\">T\u00e9l\u00e9charger la fiche technique (PDF)<\/a><\/u><\/p>\n<p><strong>Principales fonctionnalit\u00e9s<\/strong><\/p>\n","protected":false},"featured_media":55060,"comment_status":"open","ping_status":"closed","template":"","meta":{"_acf_changed":false,"_et_pb_use_builder":"","_et_pb_old_content":"","_et_gb_content_width":""},"product_brand":[1243],"product_cat":[595,598],"product_tag":[],"pa_connextion-shapes":[],"class_list":{"0":"post-55048","1":"product","2":"type-product","3":"status-publish","4":"has-post-thumbnail","6":"product_brand-tsc","7":"product_cat-imprimantes-industrielles","8":"product_cat-imprimantes-detiquettes-de-bureau","10":"first","11":"instock","12":"sale","13":"taxable","14":"shipping-taxable","15":"purchasable","16":"product-type-simple"},"exclude_global_add_ons":false,"addons":[{"name":"Module de coupe TSC : s\u00e9rie TC200","type":"checkbox","position":0,"required":false,"title_format":"label","default":"","description_enable":true,"description":"","placeholder_enable":false,"placeholder":"","display":"select","restrictions_type":"any_text","adjust_price":false,"price":"","price_type":"flat_fee","restrictions":false,"min":"0","max":"0","options":[{"label":"CUT-TC200-0001","price":"195","price_type":"flat_fee","image":0,"visibility":true}],"id":1742824491},{"name":"Module de coupe partielle TSC : s\u00e9rie TC200","type":"checkbox","position":1,"required":false,"title_format":"label","default":"","description_enable":false,"description":"","placeholder_enable":false,"placeholder":"","display":"select","restrictions_type":"any_text","adjust_price":false,"price":"","price_type":"flat_fee","restrictions":false,"min":"0","max":"0","options":[{"label":"CUT-TC200-0003","price":"195","price_type":"flat_fee","image":0,"visibility":true}],"id":1742830483}],"acf":[],"yoast_head":"<!-- This site is optimized with the Yoast SEO Premium plugin v27.0 (Yoast SEO v27.1) - https:\/\/yoast.com\/product\/yoast-seo-premium-wordpress\/ -->\n<title>Imprimante TSC TC210 | D-Identify<\/title>\n<meta name=\"description\" content=\"Imprimante \u00e9tiquettes TSC TC210 avec impression thermotransfert 203 dpi. Imprimante code-barres desktop avec USB, RS232 et Ethernet.\" \/>\n<meta name=\"robots\" content=\"index, follow, max-snippet:-1, max-image-preview:large, max-video-preview:-1\" \/>\n<link rel=\"canonical\" href=\"https:\/\/d-identify.be\/fr\/produit\/tsc-tc210-imprimante-etiquettes-thermotransfert-203dpi\/\" \/>\n<meta property=\"og:locale\" content=\"fr_FR\" \/>\n<meta property=\"og:type\" content=\"article\" \/>\n<meta property=\"og:title\" content=\"Imprimante d\u2019\u00e9tiquettes TSC TC210 Thermotransfert (203 dpi, USB, RS232, Ethernet, \u00c9cran)\" \/>\n<meta property=\"og:description\" content=\"Imprimante \u00e9tiquettes TSC TC210 avec impression thermotransfert 203 dpi. Imprimante code-barres desktop avec USB, RS232 et Ethernet.\" \/>\n<meta property=\"og:url\" content=\"https:\/\/d-identify.be\/fr\/produit\/tsc-tc210-imprimante-etiquettes-thermotransfert-203dpi\/\" \/>\n<meta property=\"og:site_name\" content=\"d-identify\" \/>\n<meta property=\"article:modified_time\" content=\"2026-03-12T07:25:57+00:00\" \/>\n<meta property=\"og:image\" content=\"https:\/\/d-identify.be\/wp-content\/uploads\/2025\/04\/tc-210.png\" \/>\n\t<meta property=\"og:image:width\" content=\"500\" \/>\n\t<meta property=\"og:image:height\" content=\"500\" \/>\n\t<meta property=\"og:image:type\" content=\"image\/png\" \/>\n<meta name=\"twitter:card\" content=\"summary_large_image\" \/>\n<meta name=\"twitter:label1\" content=\"Dur\u00e9e de lecture estim\u00e9e\" \/>\n\t<meta name=\"twitter:data1\" content=\"2 minutes\" \/>\n<script type=\"application\/ld+json\" class=\"yoast-schema-graph\">{\"@context\":\"https:\/\/schema.org\",\"@graph\":[{\"@type\":\"WebPage\",\"@id\":\"https:\/\/d-identify.be\/fr\/produit\/tsc-tc210-imprimante-etiquettes-thermotransfert-203dpi\/\",\"url\":\"https:\/\/d-identify.be\/fr\/produit\/tsc-tc210-imprimante-etiquettes-thermotransfert-203dpi\/\",\"name\":\"Imprimante TSC TC210 | D-Identify\",\"isPartOf\":{\"@id\":\"https:\/\/d-identify.be\/fr\/#website\"},\"primaryImageOfPage\":{\"@id\":\"https:\/\/d-identify.be\/fr\/produit\/tsc-tc210-imprimante-etiquettes-thermotransfert-203dpi\/#primaryimage\"},\"image\":{\"@id\":\"https:\/\/d-identify.be\/fr\/produit\/tsc-tc210-imprimante-etiquettes-thermotransfert-203dpi\/#primaryimage\"},\"thumbnailUrl\":\"https:\/\/d-identify.be\/wp-content\/uploads\/2025\/04\/tc-210.png\",\"datePublished\":\"2025-04-09T09:17:59+00:00\",\"dateModified\":\"2026-03-12T07:25:57+00:00\",\"description\":\"Imprimante \u00e9tiquettes TSC TC210 avec impression thermotransfert 203 dpi. Imprimante code-barres desktop avec USB, RS232 et Ethernet.\",\"breadcrumb\":{\"@id\":\"https:\/\/d-identify.be\/fr\/produit\/tsc-tc210-imprimante-etiquettes-thermotransfert-203dpi\/#breadcrumb\"},\"inLanguage\":\"fr-FR\",\"potentialAction\":[{\"@type\":\"ReadAction\",\"target\":[\"https:\/\/d-identify.be\/fr\/produit\/tsc-tc210-imprimante-etiquettes-thermotransfert-203dpi\/\"]}]},{\"@type\":\"ImageObject\",\"inLanguage\":\"fr-FR\",\"@id\":\"https:\/\/d-identify.be\/fr\/produit\/tsc-tc210-imprimante-etiquettes-thermotransfert-203dpi\/#primaryimage\",\"url\":\"https:\/\/d-identify.be\/wp-content\/uploads\/2025\/04\/tc-210.png\",\"contentUrl\":\"https:\/\/d-identify.be\/wp-content\/uploads\/2025\/04\/tc-210.png\",\"width\":500,\"height\":500,\"caption\":\"Imprimante TSC TC210 | D-Identify\"},{\"@type\":\"BreadcrumbList\",\"@id\":\"https:\/\/d-identify.be\/fr\/produit\/tsc-tc210-imprimante-etiquettes-thermotransfert-203dpi\/#breadcrumb\",\"itemListElement\":[{\"@type\":\"ListItem\",\"position\":1,\"name\":\"Home\",\"item\":\"https:\/\/d-identify.be\/fr\/home-2\/\"},{\"@type\":\"ListItem\",\"position\":2,\"name\":\"Boutique\",\"item\":\"https:\/\/d-identify.be\/fr\/boutique\/\"},{\"@type\":\"ListItem\",\"position\":3,\"name\":\"Imprimante d\u2019\u00e9tiquettes TSC TC210 Thermotransfert (203 dpi, USB, RS232, Ethernet, \u00c9cran)\"}]},{\"@type\":\"WebSite\",\"@id\":\"https:\/\/d-identify.be\/fr\/#website\",\"url\":\"https:\/\/d-identify.be\/fr\/\",\"name\":\"d-identify\",\"description\":\"Industrial identification - Lockout - Tagout - Floor marking\",\"potentialAction\":[{\"@type\":\"SearchAction\",\"target\":{\"@type\":\"EntryPoint\",\"urlTemplate\":\"https:\/\/d-identify.be\/fr\/?s={search_term_string}\"},\"query-input\":{\"@type\":\"PropertyValueSpecification\",\"valueRequired\":true,\"valueName\":\"search_term_string\"}}],\"inLanguage\":\"fr-FR\"}]}<\/script>\n<!-- \/ Yoast SEO Premium plugin. -->","yoast_head_json":{"title":"Imprimante TSC TC210 | D-Identify","description":"Imprimante \u00e9tiquettes TSC TC210 avec impression thermotransfert 203 dpi. Imprimante code-barres desktop avec USB, RS232 et Ethernet.","robots":{"index":"index","follow":"follow","max-snippet":"max-snippet:-1","max-image-preview":"max-image-preview:large","max-video-preview":"max-video-preview:-1"},"canonical":"https:\/\/d-identify.be\/fr\/produit\/tsc-tc210-imprimante-etiquettes-thermotransfert-203dpi\/","og_locale":"fr_FR","og_type":"article","og_title":"Imprimante d\u2019\u00e9tiquettes TSC TC210 Thermotransfert (203 dpi, USB, RS232, Ethernet, \u00c9cran)","og_description":"Imprimante \u00e9tiquettes TSC TC210 avec impression thermotransfert 203 dpi. Imprimante code-barres desktop avec USB, RS232 et Ethernet.","og_url":"https:\/\/d-identify.be\/fr\/produit\/tsc-tc210-imprimante-etiquettes-thermotransfert-203dpi\/","og_site_name":"d-identify","article_modified_time":"2026-03-12T07:25:57+00:00","og_image":[{"width":500,"height":500,"url":"https:\/\/d-identify.be\/wp-content\/uploads\/2025\/04\/tc-210.png","type":"image\/png"}],"twitter_card":"summary_large_image","twitter_misc":{"Dur\u00e9e de lecture estim\u00e9e":"2 minutes"},"schema":{"@context":"https:\/\/schema.org","@graph":[{"@type":"WebPage","@id":"https:\/\/d-identify.be\/fr\/produit\/tsc-tc210-imprimante-etiquettes-thermotransfert-203dpi\/","url":"https:\/\/d-identify.be\/fr\/produit\/tsc-tc210-imprimante-etiquettes-thermotransfert-203dpi\/","name":"Imprimante TSC TC210 | D-Identify","isPartOf":{"@id":"https:\/\/d-identify.be\/fr\/#website"},"primaryImageOfPage":{"@id":"https:\/\/d-identify.be\/fr\/produit\/tsc-tc210-imprimante-etiquettes-thermotransfert-203dpi\/#primaryimage"},"image":{"@id":"https:\/\/d-identify.be\/fr\/produit\/tsc-tc210-imprimante-etiquettes-thermotransfert-203dpi\/#primaryimage"},"thumbnailUrl":"https:\/\/d-identify.be\/wp-content\/uploads\/2025\/04\/tc-210.png","datePublished":"2025-04-09T09:17:59+00:00","dateModified":"2026-03-12T07:25:57+00:00","description":"Imprimante \u00e9tiquettes TSC TC210 avec impression thermotransfert 203 dpi. Imprimante code-barres desktop avec USB, RS232 et Ethernet.","breadcrumb":{"@id":"https:\/\/d-identify.be\/fr\/produit\/tsc-tc210-imprimante-etiquettes-thermotransfert-203dpi\/#breadcrumb"},"inLanguage":"fr-FR","potentialAction":[{"@type":"ReadAction","target":["https:\/\/d-identify.be\/fr\/produit\/tsc-tc210-imprimante-etiquettes-thermotransfert-203dpi\/"]}]},{"@type":"ImageObject","inLanguage":"fr-FR","@id":"https:\/\/d-identify.be\/fr\/produit\/tsc-tc210-imprimante-etiquettes-thermotransfert-203dpi\/#primaryimage","url":"https:\/\/d-identify.be\/wp-content\/uploads\/2025\/04\/tc-210.png","contentUrl":"https:\/\/d-identify.be\/wp-content\/uploads\/2025\/04\/tc-210.png","width":500,"height":500,"caption":"Imprimante TSC TC210 | D-Identify"},{"@type":"BreadcrumbList","@id":"https:\/\/d-identify.be\/fr\/produit\/tsc-tc210-imprimante-etiquettes-thermotransfert-203dpi\/#breadcrumb","itemListElement":[{"@type":"ListItem","position":1,"name":"Home","item":"https:\/\/d-identify.be\/fr\/home-2\/"},{"@type":"ListItem","position":2,"name":"Boutique","item":"https:\/\/d-identify.be\/fr\/boutique\/"},{"@type":"ListItem","position":3,"name":"Imprimante d\u2019\u00e9tiquettes TSC TC210 Thermotransfert (203 dpi, USB, RS232, Ethernet, \u00c9cran)"}]},{"@type":"WebSite","@id":"https:\/\/d-identify.be\/fr\/#website","url":"https:\/\/d-identify.be\/fr\/","name":"d-identify","description":"Industrial identification - Lockout - Tagout - Floor marking","potentialAction":[{"@type":"SearchAction","target":{"@type":"EntryPoint","urlTemplate":"https:\/\/d-identify.be\/fr\/?s={search_term_string}"},"query-input":{"@type":"PropertyValueSpecification","valueRequired":true,"valueName":"search_term_string"}}],"inLanguage":"fr-FR"}]}},"_links":{"self":[{"href":"https:\/\/d-identify.be\/fr\/wp-json\/wp\/v2\/product\/55048","targetHints":{"allow":["GET"]}}],"collection":[{"href":"https:\/\/d-identify.be\/fr\/wp-json\/wp\/v2\/product"}],"about":[{"href":"https:\/\/d-identify.be\/fr\/wp-json\/wp\/v2\/types\/product"}],"replies":[{"embeddable":true,"href":"https:\/\/d-identify.be\/fr\/wp-json\/wp\/v2\/comments?post=55048"}],"wp:featuredmedia":[{"embeddable":true,"href":"https:\/\/d-identify.be\/fr\/wp-json\/wp\/v2\/media\/55060"}],"wp:attachment":[{"href":"https:\/\/d-identify.be\/fr\/wp-json\/wp\/v2\/media?parent=55048"}],"wp:term":[{"taxonomy":"product_brand","embeddable":true,"href":"https:\/\/d-identify.be\/fr\/wp-json\/wp\/v2\/product_brand?post=55048"},{"taxonomy":"product_cat","embeddable":true,"href":"https:\/\/d-identify.be\/fr\/wp-json\/wp\/v2\/product_cat?post=55048"},{"taxonomy":"product_tag","embeddable":true,"href":"https:\/\/d-identify.be\/fr\/wp-json\/wp\/v2\/product_tag?post=55048"},{"taxonomy":"pa_connextion-shapes","embeddable":true,"href":"https:\/\/d-identify.be\/fr\/wp-json\/wp\/v2\/pa_connextion-shapes?post=55048"}],"curies":[{"name":"wp","href":"https:\/\/api.w.org\/{rel}","templated":true}]}}