{"id":54987,"date":"2025-04-09T00:43:39","date_gmt":"2025-04-08T22:43:39","guid":{"rendered":"https:\/\/d-identify.be\/?post_type=product&#038;p=54987"},"modified":"2025-05-02T10:21:59","modified_gmt":"2025-05-02T08:21:59","slug":"printronix-auto-id-t800-copy","status":"publish","type":"product","link":"https:\/\/d-identify.be\/fr\/produit\/printronix-auto-id-t800-copy\/","title":{"rendered":"Iimprimante thermique de bureau t830"},"content":{"rendered":"<p>La T830 est une imprimante de bureau thermique hautes performances de 300 DPI, offrant une productivit\u00e9 de niveau professionnel et des performances fiables. Premi\u00e8re imprimante de bureau de Printronix Auto ID \u00e0 int\u00e9grer la c\u00e9l\u00e8bre architecture syst\u00e8me Printronix (PSA), elle int\u00e8gre une suite compl\u00e8te de fonctionnalit\u00e9s all\u00e9geant le travail et des outils de gestion d&rsquo;imprimante pour simplifier les op\u00e9rations quotidiennes.  <\/p>\n","protected":false},"excerpt":{"rendered":"<p>La T830 est une imprimante de bureau thermique hautes performances de 300 DPI, offrant une productivit\u00e9 de niveau professionnel et des performances fiables. Premi\u00e8re imprimante de bureau de Printronix Auto ID \u00e0 int\u00e9grer la c\u00e9l\u00e8bre architecture syst\u00e8me Printronix (PSA), elle int\u00e8gre une suite compl\u00e8te de fonctionnalit\u00e9s all\u00e9geant le travail et des outils de gestion d&rsquo;imprimante pour simplifier les op\u00e9rations quotidiennes. <\/p>\n<p><strong>Principales fonctionnalit\u00e9s<\/strong><\/p>\n","protected":false},"featured_media":26011,"comment_status":"open","ping_status":"closed","template":"","meta":{"_acf_changed":false,"_et_pb_use_builder":"","_et_pb_old_content":"","_et_gb_content_width":""},"product_brand":[1244],"product_cat":[595,598],"product_tag":[],"pa_connextion-shapes":[],"class_list":{"0":"post-54987","1":"product","2":"type-product","3":"status-publish","4":"has-post-thumbnail","6":"product_brand-printronix","7":"product_cat-imprimantes-industrielles","8":"product_cat-imprimantes-detiquettes-de-bureau","10":"first","11":"instock","12":"sale","13":"taxable","14":"shipping-taxable","15":"purchasable","16":"product-type-simple"},"exclude_global_add_ons":[],"addons":[],"acf":[],"yoast_head":"<!-- This site is optimized with the Yoast SEO Premium plugin v27.0 (Yoast SEO v27.1) - https:\/\/yoast.com\/product\/yoast-seo-premium-wordpress\/ -->\n<title>Imprimante thermique de bureau Printronix T830<\/title>\n<meta name=\"description\" content=\"L&#039;imprimante thermique de bureau Printronix T830 est une imprimante thermique de bureau hautes performances avec une productivit\u00e9 de niveau entreprise, ...\" \/>\n<meta name=\"robots\" content=\"index, follow, max-snippet:-1, max-image-preview:large, max-video-preview:-1\" \/>\n<link rel=\"canonical\" href=\"https:\/\/d-identify.be\/fr\/produit\/printronix-auto-id-t800-copy\/\" \/>\n<meta property=\"og:locale\" content=\"fr_FR\" \/>\n<meta property=\"og:type\" content=\"article\" \/>\n<meta property=\"og:title\" content=\"Iimprimante thermique de bureau t830\" \/>\n<meta property=\"og:description\" content=\"L&#039;imprimante thermique de bureau Printronix T830 est une imprimante thermique de bureau hautes performances avec une productivit\u00e9 de niveau entreprise, ...\" \/>\n<meta property=\"og:url\" content=\"https:\/\/d-identify.be\/fr\/produit\/printronix-auto-id-t800-copy\/\" \/>\n<meta property=\"og:site_name\" content=\"d-identify\" \/>\n<meta property=\"article:modified_time\" content=\"2025-05-02T08:21:59+00:00\" \/>\n<meta property=\"og:image\" content=\"https:\/\/d-identify.be\/wp-content\/uploads\/2022\/07\/t800_1.png\" \/>\n\t<meta property=\"og:image:width\" content=\"500\" \/>\n\t<meta property=\"og:image:height\" content=\"500\" \/>\n\t<meta property=\"og:image:type\" content=\"image\/png\" \/>\n<meta name=\"twitter:card\" content=\"summary_large_image\" \/>\n<script type=\"application\/ld+json\" class=\"yoast-schema-graph\">{\"@context\":\"https:\/\/schema.org\",\"@graph\":[{\"@type\":\"WebPage\",\"@id\":\"https:\/\/d-identify.be\/fr\/produit\/printronix-auto-id-t800-copy\/\",\"url\":\"https:\/\/d-identify.be\/fr\/produit\/printronix-auto-id-t800-copy\/\",\"name\":\"Imprimante thermique de bureau Printronix T830\",\"isPartOf\":{\"@id\":\"https:\/\/d-identify.be\/fr\/#website\"},\"primaryImageOfPage\":{\"@id\":\"https:\/\/d-identify.be\/fr\/produit\/printronix-auto-id-t800-copy\/#primaryimage\"},\"image\":{\"@id\":\"https:\/\/d-identify.be\/fr\/produit\/printronix-auto-id-t800-copy\/#primaryimage\"},\"thumbnailUrl\":\"https:\/\/d-identify.be\/wp-content\/uploads\/2022\/07\/t800_1.png\",\"datePublished\":\"2025-04-08T22:43:39+00:00\",\"dateModified\":\"2025-05-02T08:21:59+00:00\",\"description\":\"L'imprimante thermique de bureau Printronix T830 est une imprimante thermique de bureau hautes performances avec une productivit\u00e9 de niveau entreprise, ...\",\"breadcrumb\":{\"@id\":\"https:\/\/d-identify.be\/fr\/produit\/printronix-auto-id-t800-copy\/#breadcrumb\"},\"inLanguage\":\"fr-FR\",\"potentialAction\":[{\"@type\":\"ReadAction\",\"target\":[\"https:\/\/d-identify.be\/fr\/produit\/printronix-auto-id-t800-copy\/\"]}]},{\"@type\":\"ImageObject\",\"inLanguage\":\"fr-FR\",\"@id\":\"https:\/\/d-identify.be\/fr\/produit\/printronix-auto-id-t800-copy\/#primaryimage\",\"url\":\"https:\/\/d-identify.be\/wp-content\/uploads\/2022\/07\/t800_1.png\",\"contentUrl\":\"https:\/\/d-identify.be\/wp-content\/uploads\/2022\/07\/t800_1.png\",\"width\":500,\"height\":500,\"caption\":\"T800 Printronix Desktop printer\"},{\"@type\":\"BreadcrumbList\",\"@id\":\"https:\/\/d-identify.be\/fr\/produit\/printronix-auto-id-t800-copy\/#breadcrumb\",\"itemListElement\":[{\"@type\":\"ListItem\",\"position\":1,\"name\":\"Home\",\"item\":\"https:\/\/d-identify.be\/fr\/home-2\/\"},{\"@type\":\"ListItem\",\"position\":2,\"name\":\"Boutique\",\"item\":\"https:\/\/d-identify.be\/fr\/boutique\/\"},{\"@type\":\"ListItem\",\"position\":3,\"name\":\"Iimprimante thermique de bureau t830\"}]},{\"@type\":\"WebSite\",\"@id\":\"https:\/\/d-identify.be\/fr\/#website\",\"url\":\"https:\/\/d-identify.be\/fr\/\",\"name\":\"d-identify\",\"description\":\"Industrial identification - Lockout - Tagout - Floor marking\",\"potentialAction\":[{\"@type\":\"SearchAction\",\"target\":{\"@type\":\"EntryPoint\",\"urlTemplate\":\"https:\/\/d-identify.be\/fr\/?s={search_term_string}\"},\"query-input\":{\"@type\":\"PropertyValueSpecification\",\"valueRequired\":true,\"valueName\":\"search_term_string\"}}],\"inLanguage\":\"fr-FR\"}]}<\/script>\n<!-- \/ Yoast SEO Premium plugin. -->","yoast_head_json":{"title":"Imprimante thermique de bureau Printronix T830","description":"L'imprimante thermique de bureau Printronix T830 est une imprimante thermique de bureau hautes performances avec une productivit\u00e9 de niveau entreprise, ...","robots":{"index":"index","follow":"follow","max-snippet":"max-snippet:-1","max-image-preview":"max-image-preview:large","max-video-preview":"max-video-preview:-1"},"canonical":"https:\/\/d-identify.be\/fr\/produit\/printronix-auto-id-t800-copy\/","og_locale":"fr_FR","og_type":"article","og_title":"Iimprimante thermique de bureau t830","og_description":"L'imprimante thermique de bureau Printronix T830 est une imprimante thermique de bureau hautes performances avec une productivit\u00e9 de niveau entreprise, ...","og_url":"https:\/\/d-identify.be\/fr\/produit\/printronix-auto-id-t800-copy\/","og_site_name":"d-identify","article_modified_time":"2025-05-02T08:21:59+00:00","og_image":[{"width":500,"height":500,"url":"https:\/\/d-identify.be\/wp-content\/uploads\/2022\/07\/t800_1.png","type":"image\/png"}],"twitter_card":"summary_large_image","schema":{"@context":"https:\/\/schema.org","@graph":[{"@type":"WebPage","@id":"https:\/\/d-identify.be\/fr\/produit\/printronix-auto-id-t800-copy\/","url":"https:\/\/d-identify.be\/fr\/produit\/printronix-auto-id-t800-copy\/","name":"Imprimante thermique de bureau Printronix T830","isPartOf":{"@id":"https:\/\/d-identify.be\/fr\/#website"},"primaryImageOfPage":{"@id":"https:\/\/d-identify.be\/fr\/produit\/printronix-auto-id-t800-copy\/#primaryimage"},"image":{"@id":"https:\/\/d-identify.be\/fr\/produit\/printronix-auto-id-t800-copy\/#primaryimage"},"thumbnailUrl":"https:\/\/d-identify.be\/wp-content\/uploads\/2022\/07\/t800_1.png","datePublished":"2025-04-08T22:43:39+00:00","dateModified":"2025-05-02T08:21:59+00:00","description":"L'imprimante thermique de bureau Printronix T830 est une imprimante thermique de bureau hautes performances avec une productivit\u00e9 de niveau entreprise, ...","breadcrumb":{"@id":"https:\/\/d-identify.be\/fr\/produit\/printronix-auto-id-t800-copy\/#breadcrumb"},"inLanguage":"fr-FR","potentialAction":[{"@type":"ReadAction","target":["https:\/\/d-identify.be\/fr\/produit\/printronix-auto-id-t800-copy\/"]}]},{"@type":"ImageObject","inLanguage":"fr-FR","@id":"https:\/\/d-identify.be\/fr\/produit\/printronix-auto-id-t800-copy\/#primaryimage","url":"https:\/\/d-identify.be\/wp-content\/uploads\/2022\/07\/t800_1.png","contentUrl":"https:\/\/d-identify.be\/wp-content\/uploads\/2022\/07\/t800_1.png","width":500,"height":500,"caption":"T800 Printronix Desktop printer"},{"@type":"BreadcrumbList","@id":"https:\/\/d-identify.be\/fr\/produit\/printronix-auto-id-t800-copy\/#breadcrumb","itemListElement":[{"@type":"ListItem","position":1,"name":"Home","item":"https:\/\/d-identify.be\/fr\/home-2\/"},{"@type":"ListItem","position":2,"name":"Boutique","item":"https:\/\/d-identify.be\/fr\/boutique\/"},{"@type":"ListItem","position":3,"name":"Iimprimante thermique de bureau t830"}]},{"@type":"WebSite","@id":"https:\/\/d-identify.be\/fr\/#website","url":"https:\/\/d-identify.be\/fr\/","name":"d-identify","description":"Industrial identification - Lockout - Tagout - Floor marking","potentialAction":[{"@type":"SearchAction","target":{"@type":"EntryPoint","urlTemplate":"https:\/\/d-identify.be\/fr\/?s={search_term_string}"},"query-input":{"@type":"PropertyValueSpecification","valueRequired":true,"valueName":"search_term_string"}}],"inLanguage":"fr-FR"}]}},"_links":{"self":[{"href":"https:\/\/d-identify.be\/fr\/wp-json\/wp\/v2\/product\/54987","targetHints":{"allow":["GET"]}}],"collection":[{"href":"https:\/\/d-identify.be\/fr\/wp-json\/wp\/v2\/product"}],"about":[{"href":"https:\/\/d-identify.be\/fr\/wp-json\/wp\/v2\/types\/product"}],"replies":[{"embeddable":true,"href":"https:\/\/d-identify.be\/fr\/wp-json\/wp\/v2\/comments?post=54987"}],"wp:featuredmedia":[{"embeddable":true,"href":"https:\/\/d-identify.be\/fr\/wp-json\/wp\/v2\/media\/26011"}],"wp:attachment":[{"href":"https:\/\/d-identify.be\/fr\/wp-json\/wp\/v2\/media?parent=54987"}],"wp:term":[{"taxonomy":"product_brand","embeddable":true,"href":"https:\/\/d-identify.be\/fr\/wp-json\/wp\/v2\/product_brand?post=54987"},{"taxonomy":"product_cat","embeddable":true,"href":"https:\/\/d-identify.be\/fr\/wp-json\/wp\/v2\/product_cat?post=54987"},{"taxonomy":"product_tag","embeddable":true,"href":"https:\/\/d-identify.be\/fr\/wp-json\/wp\/v2\/product_tag?post=54987"},{"taxonomy":"pa_connextion-shapes","embeddable":true,"href":"https:\/\/d-identify.be\/fr\/wp-json\/wp\/v2\/pa_connextion-shapes?post=54987"}],"curies":[{"name":"wp","href":"https:\/\/api.w.org\/{rel}","templated":true}]}}