{"id":54896,"date":"2022-07-11T14:28:29","date_gmt":"2022-07-11T12:28:29","guid":{"rendered":"https:\/\/d-identify.be\/product\/printronix-auto-id-t4000\/"},"modified":"2026-03-16T12:27:44","modified_gmt":"2026-03-16T10:27:44","slug":"printronix-t42x4-imprimante-industrielle","status":"publish","type":"product","link":"https:\/\/d-identify.be\/fr\/produit\/printronix-t42x4-imprimante-industrielle\/","title":{"rendered":"Printronix T42X4 Imprimante industrielle d\u2019\u00e9tiquettes (203 dpi)"},"content":{"rendered":"<h2>Imprimante industrielle pour logistique et production<\/h2>\n<p>La <strong>Printronix T42X4 imprimante industrielle<\/strong> \u00e9tait con\u00e7ue pour les environnements logistiques, entrep\u00f4ts et production. Elle offrait une impression thermique fiable pour les \u00e9tiquettes industrielles.<\/p>\n<p>Avec une r\u00e9solution de 203 dpi, l\u2019imprimante produisait des codes-barres nets et du texte lisible. L\u2019appareil supporte des rouleaux d\u2019\u00e9tiquettes jusqu\u2019\u00e0 8 pouces (203 mm) de diam\u00e8tre.<\/p>\n<h2>Imprimante code-barres industrielle avec connectivit\u00e9 flexible<\/h2>\n<p>L\u2019imprimante supporte les capteurs gap et black mark. Ces capteurs assurent un positionnement pr\u00e9cis des \u00e9tiquettes pendant l\u2019impression.<\/p>\n<p>Les interfaces disponibles incluent USB, RS232 et Ethernet. Ces connexions facilitent l\u2019int\u00e9gration dans les syst\u00e8mes industriels.<\/p>\n<h2>Ce mod\u00e8le n\u2019est plus disponible<\/h2>\n<p>La <strong>Printronix T42X4 imprimante industrielle<\/strong> n\u2019est plus produite. Des imprimantes industrielles plus r\u00e9centes offrent aujourd\u2019hui de meilleures performances et une connectivit\u00e9 moderne.<\/p>\n<p>Pour un remplacement compatible, consultez les imprimantes recommand\u00e9es ci-dessus.<\/p>\n<h2>Documentation technique<\/h2>\n<p><u><a href=\"https:\/\/d-identify.be\/wp-content\/uploads\/2022\/07\/printronix_t4000.pdf\" target=\"_blank\" rel=\"noopener\">T\u00e9l\u00e9charger la fiche technique (PDF)<\/a><\/u><\/p>\n","protected":false},"excerpt":{"rendered":"<p><strong style=\"color: #d60000;\">Ce produit n\u2019est plus disponible.<\/strong><\/p>\n<p>La <strong>Printronix T42X4 imprimante industrielle<\/strong> a \u00e9t\u00e9 arr\u00eat\u00e9e et remplac\u00e9e par des imprimantes industrielles plus r\u00e9centes.<\/p>\n<p><strong>Imprimantes de remplacement recommand\u00e9es :<\/strong> <a href=\"https:\/\/d-identify.be\/fr\/produit\/godex-gx4200i-203dpi-imprimante-industrielle\/\">Godex GX4200i<\/a>, <a href=\"https:\/\/d-identify.be\/fr\/produit\/zebra-zt411-203dpi-imprimante-industrielle-etiquettes\/\">Zebra ZT411<\/a>, <a href=\"https:\/\/d-identify.be\/fr\/produit\/godex-zx1200xi-203dpi-imprimante-industrielle\/\">Godex ZX1200Xi<\/a>.<\/p>\n<p><u><a href=\"https:\/\/d-identify.be\/wp-content\/uploads\/2022\/07\/printronix_t4000.pdf\" target=\"_blank\" rel=\"noopener\">T\u00e9l\u00e9charger la fiche technique (PDF)<\/a><\/u><\/p>\n<p><strong>Caract\u00e9ristiques principales<\/strong><\/p>\n<p><strong>Principales fonctionnalit\u00e9s<\/strong><\/p>\n","protected":false},"featured_media":26005,"comment_status":"open","ping_status":"closed","template":"","meta":{"_acf_changed":false,"_et_pb_use_builder":"","_et_pb_old_content":"","_et_gb_content_width":""},"product_brand":[],"product_cat":[658],"product_tag":[],"pa_connextion-shapes":[],"class_list":{"0":"post-54896","1":"product","2":"type-product","3":"status-publish","4":"has-post-thumbnail","6":"product_cat-imprimantes-industrielles-a-transfert-thermique","8":"first","9":"onbackorder","10":"sale","11":"taxable","12":"shipping-taxable","13":"purchasable","14":"product-type-simple"},"exclude_global_add_ons":[],"addons":[],"acf":[],"yoast_head":"<!-- This site is optimized with the Yoast SEO Premium plugin v27.0 (Yoast SEO v27.1) - https:\/\/yoast.com\/product\/yoast-seo-premium-wordpress\/ -->\n<title>Printronix T42X4 imprimante industrielle | D-identify<\/title>\n<meta name=\"description\" content=\"Printronix T42X4 imprimante industrielle 203 dpi pour \u00e9tiquettes logistiques. Ce mod\u00e8le n\u2019est plus disponible et remplac\u00e9 par des imprimantes r\u00e9centes.\" \/>\n<meta name=\"robots\" content=\"index, follow, max-snippet:-1, max-image-preview:large, max-video-preview:-1\" \/>\n<link rel=\"canonical\" href=\"https:\/\/d-identify.be\/fr\/produit\/printronix-t42x4-imprimante-industrielle\/\" \/>\n<meta property=\"og:locale\" content=\"fr_FR\" \/>\n<meta property=\"og:type\" content=\"article\" \/>\n<meta property=\"og:title\" content=\"Printronix T42X4 Imprimante industrielle d\u2019\u00e9tiquettes (203 dpi)\" \/>\n<meta property=\"og:description\" content=\"Printronix T42X4 imprimante industrielle 203 dpi pour \u00e9tiquettes logistiques. Ce mod\u00e8le n\u2019est plus disponible et remplac\u00e9 par des imprimantes r\u00e9centes.\" \/>\n<meta property=\"og:url\" content=\"https:\/\/d-identify.be\/fr\/produit\/printronix-t42x4-imprimante-industrielle\/\" \/>\n<meta property=\"og:site_name\" content=\"d-identify\" \/>\n<meta property=\"article:modified_time\" content=\"2026-03-16T10:27:44+00:00\" \/>\n<meta property=\"og:image\" content=\"https:\/\/d-identify.be\/wp-content\/uploads\/2022\/07\/t4000.png\" \/>\n\t<meta property=\"og:image:width\" content=\"500\" \/>\n\t<meta property=\"og:image:height\" content=\"445\" \/>\n\t<meta property=\"og:image:type\" content=\"image\/png\" \/>\n<meta name=\"twitter:card\" content=\"summary_large_image\" \/>\n<meta name=\"twitter:label1\" content=\"Dur\u00e9e de lecture estim\u00e9e\" \/>\n\t<meta name=\"twitter:data1\" content=\"1 minute\" \/>\n<script type=\"application\/ld+json\" class=\"yoast-schema-graph\">{\"@context\":\"https:\/\/schema.org\",\"@graph\":[{\"@type\":\"WebPage\",\"@id\":\"https:\/\/d-identify.be\/fr\/produit\/printronix-t42x4-imprimante-industrielle\/\",\"url\":\"https:\/\/d-identify.be\/fr\/produit\/printronix-t42x4-imprimante-industrielle\/\",\"name\":\"Printronix T42X4 imprimante industrielle | D-identify\",\"isPartOf\":{\"@id\":\"https:\/\/d-identify.be\/fr\/#website\"},\"primaryImageOfPage\":{\"@id\":\"https:\/\/d-identify.be\/fr\/produit\/printronix-t42x4-imprimante-industrielle\/#primaryimage\"},\"image\":{\"@id\":\"https:\/\/d-identify.be\/fr\/produit\/printronix-t42x4-imprimante-industrielle\/#primaryimage\"},\"thumbnailUrl\":\"https:\/\/d-identify.be\/wp-content\/uploads\/2022\/07\/t4000.png\",\"datePublished\":\"2022-07-11T12:28:29+00:00\",\"dateModified\":\"2026-03-16T10:27:44+00:00\",\"description\":\"Printronix T42X4 imprimante industrielle 203 dpi pour \u00e9tiquettes logistiques. Ce mod\u00e8le n\u2019est plus disponible et remplac\u00e9 par des imprimantes r\u00e9centes.\",\"breadcrumb\":{\"@id\":\"https:\/\/d-identify.be\/fr\/produit\/printronix-t42x4-imprimante-industrielle\/#breadcrumb\"},\"inLanguage\":\"fr-FR\",\"potentialAction\":[{\"@type\":\"ReadAction\",\"target\":[\"https:\/\/d-identify.be\/fr\/produit\/printronix-t42x4-imprimante-industrielle\/\"]}]},{\"@type\":\"ImageObject\",\"inLanguage\":\"fr-FR\",\"@id\":\"https:\/\/d-identify.be\/fr\/produit\/printronix-t42x4-imprimante-industrielle\/#primaryimage\",\"url\":\"https:\/\/d-identify.be\/wp-content\/uploads\/2022\/07\/t4000.png\",\"contentUrl\":\"https:\/\/d-identify.be\/wp-content\/uploads\/2022\/07\/t4000.png\",\"width\":500,\"height\":445,\"caption\":\"Printronix T43X4 Imprimante industrielle 300 dpi | D-Identify\"},{\"@type\":\"BreadcrumbList\",\"@id\":\"https:\/\/d-identify.be\/fr\/produit\/printronix-t42x4-imprimante-industrielle\/#breadcrumb\",\"itemListElement\":[{\"@type\":\"ListItem\",\"position\":1,\"name\":\"Home\",\"item\":\"https:\/\/d-identify.be\/fr\/home-2\/\"},{\"@type\":\"ListItem\",\"position\":2,\"name\":\"Boutique\",\"item\":\"https:\/\/d-identify.be\/fr\/boutique\/\"},{\"@type\":\"ListItem\",\"position\":3,\"name\":\"Printronix T42X4 Imprimante industrielle d\u2019\u00e9tiquettes (203 dpi)\"}]},{\"@type\":\"WebSite\",\"@id\":\"https:\/\/d-identify.be\/fr\/#website\",\"url\":\"https:\/\/d-identify.be\/fr\/\",\"name\":\"d-identify\",\"description\":\"Industrial identification - Lockout - Tagout - Floor marking\",\"potentialAction\":[{\"@type\":\"SearchAction\",\"target\":{\"@type\":\"EntryPoint\",\"urlTemplate\":\"https:\/\/d-identify.be\/fr\/?s={search_term_string}\"},\"query-input\":{\"@type\":\"PropertyValueSpecification\",\"valueRequired\":true,\"valueName\":\"search_term_string\"}}],\"inLanguage\":\"fr-FR\"}]}<\/script>\n<!-- \/ Yoast SEO Premium plugin. -->","yoast_head_json":{"title":"Printronix T42X4 imprimante industrielle | D-identify","description":"Printronix T42X4 imprimante industrielle 203 dpi pour \u00e9tiquettes logistiques. Ce mod\u00e8le n\u2019est plus disponible et remplac\u00e9 par des imprimantes r\u00e9centes.","robots":{"index":"index","follow":"follow","max-snippet":"max-snippet:-1","max-image-preview":"max-image-preview:large","max-video-preview":"max-video-preview:-1"},"canonical":"https:\/\/d-identify.be\/fr\/produit\/printronix-t42x4-imprimante-industrielle\/","og_locale":"fr_FR","og_type":"article","og_title":"Printronix T42X4 Imprimante industrielle d\u2019\u00e9tiquettes (203 dpi)","og_description":"Printronix T42X4 imprimante industrielle 203 dpi pour \u00e9tiquettes logistiques. Ce mod\u00e8le n\u2019est plus disponible et remplac\u00e9 par des imprimantes r\u00e9centes.","og_url":"https:\/\/d-identify.be\/fr\/produit\/printronix-t42x4-imprimante-industrielle\/","og_site_name":"d-identify","article_modified_time":"2026-03-16T10:27:44+00:00","og_image":[{"width":500,"height":445,"url":"https:\/\/d-identify.be\/wp-content\/uploads\/2022\/07\/t4000.png","type":"image\/png"}],"twitter_card":"summary_large_image","twitter_misc":{"Dur\u00e9e de lecture estim\u00e9e":"1 minute"},"schema":{"@context":"https:\/\/schema.org","@graph":[{"@type":"WebPage","@id":"https:\/\/d-identify.be\/fr\/produit\/printronix-t42x4-imprimante-industrielle\/","url":"https:\/\/d-identify.be\/fr\/produit\/printronix-t42x4-imprimante-industrielle\/","name":"Printronix T42X4 imprimante industrielle | D-identify","isPartOf":{"@id":"https:\/\/d-identify.be\/fr\/#website"},"primaryImageOfPage":{"@id":"https:\/\/d-identify.be\/fr\/produit\/printronix-t42x4-imprimante-industrielle\/#primaryimage"},"image":{"@id":"https:\/\/d-identify.be\/fr\/produit\/printronix-t42x4-imprimante-industrielle\/#primaryimage"},"thumbnailUrl":"https:\/\/d-identify.be\/wp-content\/uploads\/2022\/07\/t4000.png","datePublished":"2022-07-11T12:28:29+00:00","dateModified":"2026-03-16T10:27:44+00:00","description":"Printronix T42X4 imprimante industrielle 203 dpi pour \u00e9tiquettes logistiques. Ce mod\u00e8le n\u2019est plus disponible et remplac\u00e9 par des imprimantes r\u00e9centes.","breadcrumb":{"@id":"https:\/\/d-identify.be\/fr\/produit\/printronix-t42x4-imprimante-industrielle\/#breadcrumb"},"inLanguage":"fr-FR","potentialAction":[{"@type":"ReadAction","target":["https:\/\/d-identify.be\/fr\/produit\/printronix-t42x4-imprimante-industrielle\/"]}]},{"@type":"ImageObject","inLanguage":"fr-FR","@id":"https:\/\/d-identify.be\/fr\/produit\/printronix-t42x4-imprimante-industrielle\/#primaryimage","url":"https:\/\/d-identify.be\/wp-content\/uploads\/2022\/07\/t4000.png","contentUrl":"https:\/\/d-identify.be\/wp-content\/uploads\/2022\/07\/t4000.png","width":500,"height":445,"caption":"Printronix T43X4 Imprimante industrielle 300 dpi | D-Identify"},{"@type":"BreadcrumbList","@id":"https:\/\/d-identify.be\/fr\/produit\/printronix-t42x4-imprimante-industrielle\/#breadcrumb","itemListElement":[{"@type":"ListItem","position":1,"name":"Home","item":"https:\/\/d-identify.be\/fr\/home-2\/"},{"@type":"ListItem","position":2,"name":"Boutique","item":"https:\/\/d-identify.be\/fr\/boutique\/"},{"@type":"ListItem","position":3,"name":"Printronix T42X4 Imprimante industrielle d\u2019\u00e9tiquettes (203 dpi)"}]},{"@type":"WebSite","@id":"https:\/\/d-identify.be\/fr\/#website","url":"https:\/\/d-identify.be\/fr\/","name":"d-identify","description":"Industrial identification - Lockout - Tagout - Floor marking","potentialAction":[{"@type":"SearchAction","target":{"@type":"EntryPoint","urlTemplate":"https:\/\/d-identify.be\/fr\/?s={search_term_string}"},"query-input":{"@type":"PropertyValueSpecification","valueRequired":true,"valueName":"search_term_string"}}],"inLanguage":"fr-FR"}]}},"_links":{"self":[{"href":"https:\/\/d-identify.be\/fr\/wp-json\/wp\/v2\/product\/54896","targetHints":{"allow":["GET"]}}],"collection":[{"href":"https:\/\/d-identify.be\/fr\/wp-json\/wp\/v2\/product"}],"about":[{"href":"https:\/\/d-identify.be\/fr\/wp-json\/wp\/v2\/types\/product"}],"replies":[{"embeddable":true,"href":"https:\/\/d-identify.be\/fr\/wp-json\/wp\/v2\/comments?post=54896"}],"wp:featuredmedia":[{"embeddable":true,"href":"https:\/\/d-identify.be\/fr\/wp-json\/wp\/v2\/media\/26005"}],"wp:attachment":[{"href":"https:\/\/d-identify.be\/fr\/wp-json\/wp\/v2\/media?parent=54896"}],"wp:term":[{"taxonomy":"product_brand","embeddable":true,"href":"https:\/\/d-identify.be\/fr\/wp-json\/wp\/v2\/product_brand?post=54896"},{"taxonomy":"product_cat","embeddable":true,"href":"https:\/\/d-identify.be\/fr\/wp-json\/wp\/v2\/product_cat?post=54896"},{"taxonomy":"product_tag","embeddable":true,"href":"https:\/\/d-identify.be\/fr\/wp-json\/wp\/v2\/product_tag?post=54896"},{"taxonomy":"pa_connextion-shapes","embeddable":true,"href":"https:\/\/d-identify.be\/fr\/wp-json\/wp\/v2\/pa_connextion-shapes?post=54896"}],"curies":[{"name":"wp","href":"https:\/\/api.w.org\/{rel}","templated":true}]}}