{"id":54835,"date":"2022-09-16T15:25:11","date_gmt":"2022-09-16T13:25:11","guid":{"rendered":"https:\/\/d-identify.be\/product\/imprimante-detiquettes-afinia-lt5c\/"},"modified":"2025-05-06T16:08:48","modified_gmt":"2025-05-06T14:08:48","slug":"imprimante-detiquettes-afinia-lt5c","status":"publish","type":"product","link":"https:\/\/d-identify.be\/fr\/produit\/imprimante-detiquettes-afinia-lt5c\/","title":{"rendered":"Imprimante d&rsquo;\u00e9tiquettes Afinia LT5C, laser LED"},"content":{"rendered":"<div class='one_half'>\n\t\t\t\t\t<h3>Toner blanc 5e station<\/h3>\n<p>La cinqui\u00e8me station permet l&rsquo;impression en blanc. Elle facilite l&rsquo;impression de motifs \u00e9clatants sur des supports transparents et fonc\u00e9s. Cette fonctionnalit\u00e9 permet aux utilisateurs d&rsquo;atteindre un plus large \u00e9ventail de march\u00e9s et d&rsquo;applications que les autres imprimantes d&rsquo;\u00e9tiquettes ne peuvent tout simplement pas couvrir.  <\/p>\n<p>&nbsp;<\/p>\n<h3>Technologie d&rsquo;impression LED num\u00e9rique et capacit\u00e9s du substrat<\/h3>\n<p>Sa faible temp\u00e9rature de fusion conf\u00e8re \u00e0 la LT5C une compatibilit\u00e9 in\u00e9gal\u00e9e avec les supports, notamment pour la manipulation de synth\u00e9tiques et de films thermosensibles. Cette technologie LED ouvre la voie \u00e0 une gamme de supports que les autres imprimantes d&rsquo;\u00e9tiquettes ne peuvent tout simplement pas g\u00e9rer. La technologie \u00e0 toner sec permet d&rsquo;utiliser des supports non couch\u00e9s et couch\u00e9s, et offre \u00e9galement des avantages suppl\u00e9mentaires aux imprimeurs souhaitant r\u00e9duire leur co\u00fbt global par \u00e9tiquette.\n\t\t\t\t<\/div>\n<p>&nbsp;<\/p>\n<p>&nbsp;<\/p>\n<p style=\"padding-left: 160px;\"><div class='one_third et_column_last'>\n\t\t\t\t\t<img loading=\"lazy\" decoding=\"async\" class=\"alignnone wp-image-6931\" src=\"https:\/\/d-identify.be\/wp-content\/uploads\/2022\/09\/cmykw-300x233.webp\" alt=\"\" width=\"719\" height=\"558\" srcset=\"https:\/\/d-identify.be\/wp-content\/uploads\/2022\/09\/cmykw-300x233.webp 300w, https:\/\/d-identify.be\/wp-content\/uploads\/2022\/09\/cmykw.webp 386w\" sizes=\"(max-width: 719px) 100vw, 719px\" \/>\n\t\t\t\t<\/div><div class='clear'><\/div><\/p>\n<p>&nbsp;<\/p>\n<h3>Gestion des m\u00e9dias<\/h3>\n<p>Compatible avec des rouleaux de 2,5 \u00e0 13 cm de large et d&rsquo;un diam\u00e8tre ext\u00e9rieur maximal de 20 cm, la LT5C offre la polyvalence n\u00e9cessaire pour imprimer des \u00e9tiquettes de diff\u00e9rents formats. Deux types de capteurs d\u00e9tectent les positions d&rsquo;impression : la marque noire et l&rsquo;espacement. Cela facilite l&rsquo;impression de supports continus et pr\u00e9d\u00e9coup\u00e9s. Le massicot automatique assure une d\u00e9coupe pr\u00e9cise en fin de travail, permettant ainsi d&rsquo;imprimer une ou plusieurs \u00e9tiquettes rapidement et efficacement.   <\/p>\n<h3><\/h3>\n<p>&nbsp;<\/p>\n<h3>Convivialit\u00e9<\/h3>\n<p>La LT5C est intuitive et simple \u00e0 installer, ne n\u00e9cessitant qu&rsquo;une formation et des comp\u00e9tences techniques minimales. Sa configuration de bureau simplifi\u00e9e facilite l&rsquo;acc\u00e8s aux consommables et aux pi\u00e8ces. Les rouleaux de diff\u00e9rents types sont rapidement interchangeables et les consommables offrent une grande capacit\u00e9 d&rsquo;impression. L&rsquo;\u00e9cran couleur LCD de 4,3 pouces et le guide de gestion du papier facilitent l&rsquo;alimentation et l&rsquo;impression d&rsquo;\u00e9tiquettes \u00e0 la demande.   <\/p>\n<h3><\/h3>\n<p>&nbsp;<\/p>\n<h3>Le compagnon id\u00e9al<\/h3>\n<p>Les \u00e9tiquettes imprim\u00e9es sur la LT5C peuvent \u00eatre d\u00e9coup\u00e9es \u00e0 n&rsquo;importe quelle taille et forme \u00e0 partir de supports continus (non d\u00e9coup\u00e9s) sur la machine de finition d&rsquo;\u00e9tiquettes num\u00e9rique de table DLF-140s. Tout est r\u00e9alis\u00e9 num\u00e9riquement gr\u00e2ce \u00e0 une simple d\u00e9coupe \u00e0 ins\u00e9rer dans un fichier PDF : nul besoin de matrices, d&rsquo;outillages co\u00fbteux, de machines ou de temps d&rsquo;attente. L&rsquo;ordinateur indique \u00e0 la machine o\u00f9 d\u00e9couper et combien d&rsquo;\u00e9tiquettes produire, permettant ainsi de r\u00e9aliser facilement et rapidement des tirages courts. La finition num\u00e9rique des \u00e9tiquettes permet \u00e9galement d&rsquo;appliquer un pelliculage pour des raisons esth\u00e9tiques, tactiles et de durabilit\u00e9.   <\/p>\n","protected":false},"excerpt":{"rendered":"<p>L&rsquo;imprimante d&rsquo;\u00e9tiquettes CMJN + blanc LT5C offre une impression professionnelle en cinq couleurs pour une grande vari\u00e9t\u00e9 de march\u00e9s. \u00c9tiquettes haute r\u00e9sistance, \u00e9tiquettes pour cong\u00e9lateurs et chambres froides, \u00e9tiquettes pour aliments et boissons, ou encore \u00e9tiquettes pour produits m\u00e9nagers : la LT5C d&rsquo;Afinia Label r\u00e9pond \u00e0 tous vos besoins, et bien plus encore. <\/p>\n<p><strong>Principales fonctionnalit\u00e9s<\/strong><\/p>\n","protected":false},"featured_media":25563,"comment_status":"open","ping_status":"closed","template":"","meta":{"_acf_changed":false,"_et_pb_use_builder":"","_et_pb_old_content":"","_et_gb_content_width":""},"product_brand":[1268],"product_cat":[620],"product_tag":[866],"pa_connextion-shapes":[],"class_list":{"0":"post-54835","1":"product","2":"type-product","3":"status-publish","4":"has-post-thumbnail","6":"product_brand-afinia-label","7":"product_cat-imprimantes-detiquettes-jet-dencre","8":"product_tag-afinia-fr","10":"first","11":"instock","12":"taxable","13":"shipping-taxable","14":"purchasable","15":"product-type-simple"},"exclude_global_add_ons":[],"addons":[],"acf":[],"yoast_head":"<!-- This site is optimized with the Yoast SEO Premium plugin v27.0 (Yoast SEO v27.1) - https:\/\/yoast.com\/product\/yoast-seo-premium-wordpress\/ -->\n<title>Imprimante d&#039;\u00e9tiquettes blanches CMJN + Afinia LT5C<\/title>\n<meta name=\"description\" content=\"L&#039;imprimante d&#039;\u00e9tiquettes CMJN + blanc LT5C offre une impression professionnelle en cinq couleurs pour une grande vari\u00e9t\u00e9 de march\u00e9s. \u00c9tiquettes haute r\u00e9sistance, cong\u00e9lateurs, etc.\" \/>\n<meta name=\"robots\" content=\"index, follow, max-snippet:-1, max-image-preview:large, max-video-preview:-1\" \/>\n<link rel=\"canonical\" href=\"https:\/\/d-identify.be\/fr\/produit\/imprimante-detiquettes-afinia-lt5c\/\" \/>\n<meta property=\"og:locale\" content=\"fr_FR\" \/>\n<meta property=\"og:type\" content=\"article\" \/>\n<meta property=\"og:title\" content=\"Imprimante d&#039;\u00e9tiquettes Afinia LT5C, laser LED\" \/>\n<meta property=\"og:description\" content=\"L&#039;imprimante d&#039;\u00e9tiquettes CMJN + blanc LT5C offre une impression professionnelle en cinq couleurs pour une grande vari\u00e9t\u00e9 de march\u00e9s. \u00c9tiquettes haute r\u00e9sistance, cong\u00e9lateurs, etc.\" \/>\n<meta property=\"og:url\" content=\"https:\/\/d-identify.be\/fr\/produit\/imprimante-detiquettes-afinia-lt5c\/\" \/>\n<meta property=\"og:site_name\" content=\"d-identify\" \/>\n<meta property=\"article:modified_time\" content=\"2025-05-06T14:08:48+00:00\" \/>\n<meta property=\"og:image\" content=\"https:\/\/d-identify.be\/wp-content\/uploads\/2022\/09\/lt5c-printer.webp\" \/>\n\t<meta property=\"og:image:width\" content=\"850\" \/>\n\t<meta property=\"og:image:height\" content=\"700\" \/>\n\t<meta property=\"og:image:type\" content=\"image\/webp\" \/>\n<meta name=\"twitter:card\" content=\"summary_large_image\" \/>\n<meta name=\"twitter:label1\" content=\"Dur\u00e9e de lecture estim\u00e9e\" \/>\n\t<meta name=\"twitter:data1\" content=\"2 minutes\" \/>\n<script type=\"application\/ld+json\" class=\"yoast-schema-graph\">{\"@context\":\"https:\/\/schema.org\",\"@graph\":[{\"@type\":\"WebPage\",\"@id\":\"https:\/\/d-identify.be\/fr\/produit\/imprimante-detiquettes-afinia-lt5c\/\",\"url\":\"https:\/\/d-identify.be\/fr\/produit\/imprimante-detiquettes-afinia-lt5c\/\",\"name\":\"Imprimante d'\u00e9tiquettes blanches CMJN + Afinia LT5C\",\"isPartOf\":{\"@id\":\"https:\/\/d-identify.be\/fr\/#website\"},\"primaryImageOfPage\":{\"@id\":\"https:\/\/d-identify.be\/fr\/produit\/imprimante-detiquettes-afinia-lt5c\/#primaryimage\"},\"image\":{\"@id\":\"https:\/\/d-identify.be\/fr\/produit\/imprimante-detiquettes-afinia-lt5c\/#primaryimage\"},\"thumbnailUrl\":\"https:\/\/d-identify.be\/wp-content\/uploads\/2022\/09\/lt5c-printer.webp\",\"datePublished\":\"2022-09-16T13:25:11+00:00\",\"dateModified\":\"2025-05-06T14:08:48+00:00\",\"description\":\"L'imprimante d'\u00e9tiquettes CMJN + blanc LT5C offre une impression professionnelle en cinq couleurs pour une grande vari\u00e9t\u00e9 de march\u00e9s. \u00c9tiquettes haute r\u00e9sistance, cong\u00e9lateurs, etc.\",\"breadcrumb\":{\"@id\":\"https:\/\/d-identify.be\/fr\/produit\/imprimante-detiquettes-afinia-lt5c\/#breadcrumb\"},\"inLanguage\":\"fr-FR\",\"potentialAction\":[{\"@type\":\"ReadAction\",\"target\":[\"https:\/\/d-identify.be\/fr\/produit\/imprimante-detiquettes-afinia-lt5c\/\"]}]},{\"@type\":\"ImageObject\",\"inLanguage\":\"fr-FR\",\"@id\":\"https:\/\/d-identify.be\/fr\/produit\/imprimante-detiquettes-afinia-lt5c\/#primaryimage\",\"url\":\"https:\/\/d-identify.be\/wp-content\/uploads\/2022\/09\/lt5c-printer.webp\",\"contentUrl\":\"https:\/\/d-identify.be\/wp-content\/uploads\/2022\/09\/lt5c-printer.webp\",\"width\":850,\"height\":700,\"caption\":\"imprimante d'\u00e9tiquettes afinia\"},{\"@type\":\"BreadcrumbList\",\"@id\":\"https:\/\/d-identify.be\/fr\/produit\/imprimante-detiquettes-afinia-lt5c\/#breadcrumb\",\"itemListElement\":[{\"@type\":\"ListItem\",\"position\":1,\"name\":\"Home\",\"item\":\"https:\/\/d-identify.be\/fr\/home-2\/\"},{\"@type\":\"ListItem\",\"position\":2,\"name\":\"Boutique\",\"item\":\"https:\/\/d-identify.be\/fr\/boutique\/\"},{\"@type\":\"ListItem\",\"position\":3,\"name\":\"Imprimante d&#8217;\u00e9tiquettes Afinia LT5C, laser LED\"}]},{\"@type\":\"WebSite\",\"@id\":\"https:\/\/d-identify.be\/fr\/#website\",\"url\":\"https:\/\/d-identify.be\/fr\/\",\"name\":\"d-identify\",\"description\":\"Industrial identification - Lockout - Tagout - Floor marking\",\"potentialAction\":[{\"@type\":\"SearchAction\",\"target\":{\"@type\":\"EntryPoint\",\"urlTemplate\":\"https:\/\/d-identify.be\/fr\/?s={search_term_string}\"},\"query-input\":{\"@type\":\"PropertyValueSpecification\",\"valueRequired\":true,\"valueName\":\"search_term_string\"}}],\"inLanguage\":\"fr-FR\"}]}<\/script>\n<!-- \/ Yoast SEO Premium plugin. -->","yoast_head_json":{"title":"Imprimante d'\u00e9tiquettes blanches CMJN + Afinia LT5C","description":"L'imprimante d'\u00e9tiquettes CMJN + blanc LT5C offre une impression professionnelle en cinq couleurs pour une grande vari\u00e9t\u00e9 de march\u00e9s. \u00c9tiquettes haute r\u00e9sistance, cong\u00e9lateurs, etc.","robots":{"index":"index","follow":"follow","max-snippet":"max-snippet:-1","max-image-preview":"max-image-preview:large","max-video-preview":"max-video-preview:-1"},"canonical":"https:\/\/d-identify.be\/fr\/produit\/imprimante-detiquettes-afinia-lt5c\/","og_locale":"fr_FR","og_type":"article","og_title":"Imprimante d'\u00e9tiquettes Afinia LT5C, laser LED","og_description":"L'imprimante d'\u00e9tiquettes CMJN + blanc LT5C offre une impression professionnelle en cinq couleurs pour une grande vari\u00e9t\u00e9 de march\u00e9s. \u00c9tiquettes haute r\u00e9sistance, cong\u00e9lateurs, etc.","og_url":"https:\/\/d-identify.be\/fr\/produit\/imprimante-detiquettes-afinia-lt5c\/","og_site_name":"d-identify","article_modified_time":"2025-05-06T14:08:48+00:00","og_image":[{"width":850,"height":700,"url":"https:\/\/d-identify.be\/wp-content\/uploads\/2022\/09\/lt5c-printer.webp","type":"image\/webp"}],"twitter_card":"summary_large_image","twitter_misc":{"Dur\u00e9e de lecture estim\u00e9e":"2 minutes"},"schema":{"@context":"https:\/\/schema.org","@graph":[{"@type":"WebPage","@id":"https:\/\/d-identify.be\/fr\/produit\/imprimante-detiquettes-afinia-lt5c\/","url":"https:\/\/d-identify.be\/fr\/produit\/imprimante-detiquettes-afinia-lt5c\/","name":"Imprimante d'\u00e9tiquettes blanches CMJN + Afinia LT5C","isPartOf":{"@id":"https:\/\/d-identify.be\/fr\/#website"},"primaryImageOfPage":{"@id":"https:\/\/d-identify.be\/fr\/produit\/imprimante-detiquettes-afinia-lt5c\/#primaryimage"},"image":{"@id":"https:\/\/d-identify.be\/fr\/produit\/imprimante-detiquettes-afinia-lt5c\/#primaryimage"},"thumbnailUrl":"https:\/\/d-identify.be\/wp-content\/uploads\/2022\/09\/lt5c-printer.webp","datePublished":"2022-09-16T13:25:11+00:00","dateModified":"2025-05-06T14:08:48+00:00","description":"L'imprimante d'\u00e9tiquettes CMJN + blanc LT5C offre une impression professionnelle en cinq couleurs pour une grande vari\u00e9t\u00e9 de march\u00e9s. \u00c9tiquettes haute r\u00e9sistance, cong\u00e9lateurs, etc.","breadcrumb":{"@id":"https:\/\/d-identify.be\/fr\/produit\/imprimante-detiquettes-afinia-lt5c\/#breadcrumb"},"inLanguage":"fr-FR","potentialAction":[{"@type":"ReadAction","target":["https:\/\/d-identify.be\/fr\/produit\/imprimante-detiquettes-afinia-lt5c\/"]}]},{"@type":"ImageObject","inLanguage":"fr-FR","@id":"https:\/\/d-identify.be\/fr\/produit\/imprimante-detiquettes-afinia-lt5c\/#primaryimage","url":"https:\/\/d-identify.be\/wp-content\/uploads\/2022\/09\/lt5c-printer.webp","contentUrl":"https:\/\/d-identify.be\/wp-content\/uploads\/2022\/09\/lt5c-printer.webp","width":850,"height":700,"caption":"imprimante d'\u00e9tiquettes afinia"},{"@type":"BreadcrumbList","@id":"https:\/\/d-identify.be\/fr\/produit\/imprimante-detiquettes-afinia-lt5c\/#breadcrumb","itemListElement":[{"@type":"ListItem","position":1,"name":"Home","item":"https:\/\/d-identify.be\/fr\/home-2\/"},{"@type":"ListItem","position":2,"name":"Boutique","item":"https:\/\/d-identify.be\/fr\/boutique\/"},{"@type":"ListItem","position":3,"name":"Imprimante d&#8217;\u00e9tiquettes Afinia LT5C, laser LED"}]},{"@type":"WebSite","@id":"https:\/\/d-identify.be\/fr\/#website","url":"https:\/\/d-identify.be\/fr\/","name":"d-identify","description":"Industrial identification - Lockout - Tagout - Floor marking","potentialAction":[{"@type":"SearchAction","target":{"@type":"EntryPoint","urlTemplate":"https:\/\/d-identify.be\/fr\/?s={search_term_string}"},"query-input":{"@type":"PropertyValueSpecification","valueRequired":true,"valueName":"search_term_string"}}],"inLanguage":"fr-FR"}]}},"_links":{"self":[{"href":"https:\/\/d-identify.be\/fr\/wp-json\/wp\/v2\/product\/54835","targetHints":{"allow":["GET"]}}],"collection":[{"href":"https:\/\/d-identify.be\/fr\/wp-json\/wp\/v2\/product"}],"about":[{"href":"https:\/\/d-identify.be\/fr\/wp-json\/wp\/v2\/types\/product"}],"replies":[{"embeddable":true,"href":"https:\/\/d-identify.be\/fr\/wp-json\/wp\/v2\/comments?post=54835"}],"wp:featuredmedia":[{"embeddable":true,"href":"https:\/\/d-identify.be\/fr\/wp-json\/wp\/v2\/media\/25563"}],"wp:attachment":[{"href":"https:\/\/d-identify.be\/fr\/wp-json\/wp\/v2\/media?parent=54835"}],"wp:term":[{"taxonomy":"product_brand","embeddable":true,"href":"https:\/\/d-identify.be\/fr\/wp-json\/wp\/v2\/product_brand?post=54835"},{"taxonomy":"product_cat","embeddable":true,"href":"https:\/\/d-identify.be\/fr\/wp-json\/wp\/v2\/product_cat?post=54835"},{"taxonomy":"product_tag","embeddable":true,"href":"https:\/\/d-identify.be\/fr\/wp-json\/wp\/v2\/product_tag?post=54835"},{"taxonomy":"pa_connextion-shapes","embeddable":true,"href":"https:\/\/d-identify.be\/fr\/wp-json\/wp\/v2\/pa_connextion-shapes?post=54835"}],"curies":[{"name":"wp","href":"https:\/\/api.w.org\/{rel}","templated":true}]}}