{"id":54781,"date":"2025-04-08T10:08:29","date_gmt":"2025-04-08T08:08:29","guid":{"rendered":"https:\/\/d-identify.be\/?post_type=product&#038;p=54781"},"modified":"2025-05-06T12:14:08","modified_gmt":"2025-05-06T10:14:08","slug":"colorworks-c3500-epson-copy-copy","status":"publish","type":"product","link":"https:\/\/d-identify.be\/fr\/produit\/colorworks-c3500-epson-copy-copy\/","title":{"rendered":"Epson Colorworks CW-C6000Ae, massicot automatique"},"content":{"rendered":"<div class=\"clearfix text-formatted field field--name-field-description field--type-text-long field--label-hidden field__item\">\n<div class=\"clearfix text-formatted field field--name-field-description field--type-text-long field--label-hidden field__item\">\n<div class=\"clearfix text-formatted field field--name-field-description field--type-text-long field--label-hidden field__item\">La s\u00e9rie Epson ColorWorks C6000 se compose d&rsquo;imprimantes d&rsquo;\u00e9tiquettes jet d&rsquo;encre fiables de 4&Prime; ou 8&Prime; et convient \u00e0 tous ceux qui souhaitent imprimer des petits et moyens tirages \u00e0 la demande. Ces imprimantes intuitives produisent des \u00e9tiquettes brillantes, mates et structur\u00e9es de haute qualit\u00e9, avec des d\u00e9grad\u00e9s fluides et des lignes fines de 25 mm \u00e0 21 cm de largeur, avec profilage des couleurs. Gr\u00e2ce \u00e0 son capteur mobile, elles s&rsquo;adaptent \u00e0 toutes les formes. Selon le mod\u00e8le, la vitesse d&rsquo;impression maximale de la s\u00e9rie ColorWorks atteint 119,5 mm\/s et offre une excellente r\u00e9solution jusqu&rsquo;\u00e0 1 200 x 1 200 dpi.    <\/div>\n<div class=\"clearfix text-formatted field field--name-field-product-text field--type-text-long field--label-hidden field__item\">L&rsquo;Epson Colorworks C6000 utilise quatre cartouches d&rsquo;encre distinctes pour une impression plus \u00e9conomique. L&rsquo;encre pigment\u00e9e Ultrachrome DL est r\u00e9sistante aux taches, \u00e0 l&rsquo;eau et \u00e0 l&rsquo;acide, ainsi qu&rsquo;\u00e0 la lumi\u00e8re, et convient donc aux applications GHS. Des mod\u00e8les MK d\u00e9di\u00e9s avec cartouches d&rsquo;encre noir mat sont \u00e9galement disponibles en option, pour un noir plus intense sur supports mats.  <\/div>\n<div><\/div>\n<div class=\"clearfix text-formatted field field--name-field-product-text field--type-text-long field--label-hidden field__item\">\n<p><!--more-->Selon les besoins, les imprimantes d&rsquo;\u00e9tiquettes couleur sont disponibles avec un d\u00e9colleur int\u00e9gr\u00e9 (C6000Pe\/C6500Pe) ou un massicot automatique (C600Ae\/C6500Ae). Leur utilisation est simple et pratique gr\u00e2ce \u00e0 un \u00e9cran LCD intuitif de 2,7 pouces. La maintenance et la configuration s&rsquo;effectuent \u00e0 distance via une interface web intelligente, ainsi que par le capot, qui s&rsquo;ouvre par le haut et par l&rsquo;arri\u00e8re. Cela permet \u00e9galement de d\u00e9gager rapidement un bourrage papier, ce qui permet de gagner du temps, notamment lors des journ\u00e9es charg\u00e9es.<\/p>\n<p>Pour plus de flexibilit\u00e9, la s\u00e9rie ColorWorks est compatible avec les syst\u00e8mes d&rsquo;exploitation Windows, Linux et macOS et SAP et, en plus de l&rsquo;\u00e9mulation ESC\/Label, dispose de pilotes pour BarTender, CodeSoft et NiceLabel.<\/p>\n<p>La garantie \u00e9tendue des imprimantes d&rsquo;\u00e9tiquettes garantit une dur\u00e9e de vie prolong\u00e9e, couvrant m\u00eame la t\u00eate d&rsquo;impression. De plus, elle peut \u00eatre prolong\u00e9e gr\u00e2ce au service optionnel \u00ab CoverPlus \u00bb. <\/p>\n<\/div>\n<\/div>\n<div class=\"clearfix text-formatted field field--name-field-product-text field--type-text-long field--label-hidden field__item\">Le fonctionnement de la s\u00e9rie ColorWorks C4000e est surveill\u00e9 et contr\u00f4l\u00e9 via un \u00e9cran LCD 2,7&Prime; convivial situ\u00e9 \u00e0 l&rsquo;avant des imprimantes. Parmi les autres fonctionnalit\u00e9s, on trouve un massicot automatique facilement rempla\u00e7able, un standard int\u00e9gr\u00e9 et une cl\u00e9 Wi-Fi en option permettant d&rsquo;imprimer depuis presque n&rsquo;importe o\u00f9 et \u00e0 tout moment. La configuration, la maintenance, la surveillance et la gestion \u00e0 distance de l&rsquo;ensemble du parc d&rsquo;imprimantes sont assur\u00e9es via une interface web suppl\u00e9mentaire. De plus, divers SDK pour iOS et Android garantissent une int\u00e9gration facile et permettent une impression intuitive depuis les tablettes. Des pilotes sont disponibles pour ESC Label, Linux et Mac.    <\/div>\n<\/div>\n","protected":false},"excerpt":{"rendered":"<p>L&rsquo;Epson C6000 est une imprimante d&rsquo;\u00e9tiquettes couleur industrielle de 4 pouces (101 mm) qui produit des \u00e9tiquettes couleur de haute qualit\u00e9 \u00e0 la demande. Id\u00e9ale pour l&rsquo;\u00e9tiquetage SGH, l&#8217;emballage de produits et les applications en entrep\u00f4t, elle prend en charge une large gamme de mat\u00e9riaux et de formats d&rsquo;\u00e9tiquettes et int\u00e8gre un massicot automatique pour une impression pr\u00e9cise d&rsquo;\u00e9tiquettes individuelles. Compatible ZPL II, elle s&rsquo;int\u00e8gre facilement aux flux de travail existants.   <\/p>\n","protected":false},"featured_media":54794,"comment_status":"open","ping_status":"closed","template":"","meta":{"_acf_changed":false,"_et_pb_use_builder":"","_et_pb_old_content":"","_et_gb_content_width":""},"product_brand":[1286],"product_cat":[620],"product_tag":[],"pa_connextion-shapes":[],"class_list":{"0":"post-54781","1":"product","2":"type-product","3":"status-publish","4":"has-post-thumbnail","6":"product_brand-epson","7":"product_cat-imprimantes-detiquettes-jet-dencre","9":"first","10":"instock","11":"sale","12":"taxable","13":"shipping-taxable","14":"purchasable","15":"product-type-simple"},"exclude_global_add_ons":[],"addons":[],"acf":[],"yoast_head":"<!-- This site is optimized with the Yoast SEO Premium plugin v27.0 (Yoast SEO v27.1) - https:\/\/yoast.com\/product\/yoast-seo-premium-wordpress\/ -->\n<title>Epson Colorworks C6000 - Imprimante d&#039;\u00e9tiquettes \u00e0 jet d&#039;encre de bureau<\/title>\n<meta name=\"description\" content=\"Imprimez des \u00e9tiquettes couleur durables avec l&#039;imprimante Colorworks Epson C6000. Id\u00e9ale pour l&#039;\u00e9tiquetage SGH, de produits et de codes-barres. Rapide, fiable et facile \u00e0 utiliser.\" \/>\n<meta name=\"robots\" content=\"index, follow, max-snippet:-1, max-image-preview:large, max-video-preview:-1\" \/>\n<link rel=\"canonical\" href=\"https:\/\/d-identify.be\/fr\/produit\/colorworks-c3500-epson-copy-copy\/\" \/>\n<meta property=\"og:locale\" content=\"fr_FR\" \/>\n<meta property=\"og:type\" content=\"article\" \/>\n<meta property=\"og:title\" content=\"Epson Colorworks CW-C6000Ae, massicot automatique\" \/>\n<meta property=\"og:description\" content=\"Imprimez des \u00e9tiquettes couleur durables avec l&#039;imprimante Colorworks Epson C6000. Id\u00e9ale pour l&#039;\u00e9tiquetage SGH, de produits et de codes-barres. Rapide, fiable et facile \u00e0 utiliser.\" \/>\n<meta property=\"og:url\" content=\"https:\/\/d-identify.be\/fr\/produit\/colorworks-c3500-epson-copy-copy\/\" \/>\n<meta property=\"og:site_name\" content=\"d-identify\" \/>\n<meta property=\"article:modified_time\" content=\"2025-05-06T10:14:08+00:00\" \/>\n<meta property=\"og:image\" content=\"https:\/\/d-identify.be\/wp-content\/uploads\/2025\/04\/Epson-C6000.jpeg\" \/>\n\t<meta property=\"og:image:width\" content=\"225\" \/>\n\t<meta property=\"og:image:height\" content=\"225\" \/>\n\t<meta property=\"og:image:type\" content=\"image\/jpeg\" \/>\n<meta name=\"twitter:card\" content=\"summary_large_image\" \/>\n<meta name=\"twitter:label1\" content=\"Dur\u00e9e de lecture estim\u00e9e\" \/>\n\t<meta name=\"twitter:data1\" content=\"2 minutes\" \/>\n<script type=\"application\/ld+json\" class=\"yoast-schema-graph\">{\"@context\":\"https:\/\/schema.org\",\"@graph\":[{\"@type\":\"WebPage\",\"@id\":\"https:\/\/d-identify.be\/fr\/produit\/colorworks-c3500-epson-copy-copy\/\",\"url\":\"https:\/\/d-identify.be\/fr\/produit\/colorworks-c3500-epson-copy-copy\/\",\"name\":\"Epson Colorworks C6000 - Imprimante d'\u00e9tiquettes \u00e0 jet d'encre de bureau\",\"isPartOf\":{\"@id\":\"https:\/\/d-identify.be\/fr\/#website\"},\"primaryImageOfPage\":{\"@id\":\"https:\/\/d-identify.be\/fr\/produit\/colorworks-c3500-epson-copy-copy\/#primaryimage\"},\"image\":{\"@id\":\"https:\/\/d-identify.be\/fr\/produit\/colorworks-c3500-epson-copy-copy\/#primaryimage\"},\"thumbnailUrl\":\"https:\/\/d-identify.be\/wp-content\/uploads\/2025\/04\/Epson-C6000.jpeg\",\"datePublished\":\"2025-04-08T08:08:29+00:00\",\"dateModified\":\"2025-05-06T10:14:08+00:00\",\"description\":\"Imprimez des \u00e9tiquettes couleur durables avec l'imprimante Colorworks Epson C6000. Id\u00e9ale pour l'\u00e9tiquetage SGH, de produits et de codes-barres. Rapide, fiable et facile \u00e0 utiliser.\",\"breadcrumb\":{\"@id\":\"https:\/\/d-identify.be\/fr\/produit\/colorworks-c3500-epson-copy-copy\/#breadcrumb\"},\"inLanguage\":\"fr-FR\",\"potentialAction\":[{\"@type\":\"ReadAction\",\"target\":[\"https:\/\/d-identify.be\/fr\/produit\/colorworks-c3500-epson-copy-copy\/\"]}]},{\"@type\":\"ImageObject\",\"inLanguage\":\"fr-FR\",\"@id\":\"https:\/\/d-identify.be\/fr\/produit\/colorworks-c3500-epson-copy-copy\/#primaryimage\",\"url\":\"https:\/\/d-identify.be\/wp-content\/uploads\/2025\/04\/Epson-C6000.jpeg\",\"contentUrl\":\"https:\/\/d-identify.be\/wp-content\/uploads\/2025\/04\/Epson-C6000.jpeg\",\"width\":225,\"height\":225,\"caption\":\"Epson Colorworks C6000\"},{\"@type\":\"BreadcrumbList\",\"@id\":\"https:\/\/d-identify.be\/fr\/produit\/colorworks-c3500-epson-copy-copy\/#breadcrumb\",\"itemListElement\":[{\"@type\":\"ListItem\",\"position\":1,\"name\":\"Home\",\"item\":\"https:\/\/d-identify.be\/fr\/home-2\/\"},{\"@type\":\"ListItem\",\"position\":2,\"name\":\"Boutique\",\"item\":\"https:\/\/d-identify.be\/fr\/boutique\/\"},{\"@type\":\"ListItem\",\"position\":3,\"name\":\"Epson Colorworks CW-C6000Ae, massicot automatique\"}]},{\"@type\":\"WebSite\",\"@id\":\"https:\/\/d-identify.be\/fr\/#website\",\"url\":\"https:\/\/d-identify.be\/fr\/\",\"name\":\"d-identify\",\"description\":\"Industrial identification - Lockout - Tagout - Floor marking\",\"potentialAction\":[{\"@type\":\"SearchAction\",\"target\":{\"@type\":\"EntryPoint\",\"urlTemplate\":\"https:\/\/d-identify.be\/fr\/?s={search_term_string}\"},\"query-input\":{\"@type\":\"PropertyValueSpecification\",\"valueRequired\":true,\"valueName\":\"search_term_string\"}}],\"inLanguage\":\"fr-FR\"}]}<\/script>\n<!-- \/ Yoast SEO Premium plugin. -->","yoast_head_json":{"title":"Epson Colorworks C6000 - Imprimante d'\u00e9tiquettes \u00e0 jet d'encre de bureau","description":"Imprimez des \u00e9tiquettes couleur durables avec l'imprimante Colorworks Epson C6000. Id\u00e9ale pour l'\u00e9tiquetage SGH, de produits et de codes-barres. Rapide, fiable et facile \u00e0 utiliser.","robots":{"index":"index","follow":"follow","max-snippet":"max-snippet:-1","max-image-preview":"max-image-preview:large","max-video-preview":"max-video-preview:-1"},"canonical":"https:\/\/d-identify.be\/fr\/produit\/colorworks-c3500-epson-copy-copy\/","og_locale":"fr_FR","og_type":"article","og_title":"Epson Colorworks CW-C6000Ae, massicot automatique","og_description":"Imprimez des \u00e9tiquettes couleur durables avec l'imprimante Colorworks Epson C6000. Id\u00e9ale pour l'\u00e9tiquetage SGH, de produits et de codes-barres. Rapide, fiable et facile \u00e0 utiliser.","og_url":"https:\/\/d-identify.be\/fr\/produit\/colorworks-c3500-epson-copy-copy\/","og_site_name":"d-identify","article_modified_time":"2025-05-06T10:14:08+00:00","og_image":[{"width":225,"height":225,"url":"https:\/\/d-identify.be\/wp-content\/uploads\/2025\/04\/Epson-C6000.jpeg","type":"image\/jpeg"}],"twitter_card":"summary_large_image","twitter_misc":{"Dur\u00e9e de lecture estim\u00e9e":"2 minutes"},"schema":{"@context":"https:\/\/schema.org","@graph":[{"@type":"WebPage","@id":"https:\/\/d-identify.be\/fr\/produit\/colorworks-c3500-epson-copy-copy\/","url":"https:\/\/d-identify.be\/fr\/produit\/colorworks-c3500-epson-copy-copy\/","name":"Epson Colorworks C6000 - Imprimante d'\u00e9tiquettes \u00e0 jet d'encre de bureau","isPartOf":{"@id":"https:\/\/d-identify.be\/fr\/#website"},"primaryImageOfPage":{"@id":"https:\/\/d-identify.be\/fr\/produit\/colorworks-c3500-epson-copy-copy\/#primaryimage"},"image":{"@id":"https:\/\/d-identify.be\/fr\/produit\/colorworks-c3500-epson-copy-copy\/#primaryimage"},"thumbnailUrl":"https:\/\/d-identify.be\/wp-content\/uploads\/2025\/04\/Epson-C6000.jpeg","datePublished":"2025-04-08T08:08:29+00:00","dateModified":"2025-05-06T10:14:08+00:00","description":"Imprimez des \u00e9tiquettes couleur durables avec l'imprimante Colorworks Epson C6000. Id\u00e9ale pour l'\u00e9tiquetage SGH, de produits et de codes-barres. Rapide, fiable et facile \u00e0 utiliser.","breadcrumb":{"@id":"https:\/\/d-identify.be\/fr\/produit\/colorworks-c3500-epson-copy-copy\/#breadcrumb"},"inLanguage":"fr-FR","potentialAction":[{"@type":"ReadAction","target":["https:\/\/d-identify.be\/fr\/produit\/colorworks-c3500-epson-copy-copy\/"]}]},{"@type":"ImageObject","inLanguage":"fr-FR","@id":"https:\/\/d-identify.be\/fr\/produit\/colorworks-c3500-epson-copy-copy\/#primaryimage","url":"https:\/\/d-identify.be\/wp-content\/uploads\/2025\/04\/Epson-C6000.jpeg","contentUrl":"https:\/\/d-identify.be\/wp-content\/uploads\/2025\/04\/Epson-C6000.jpeg","width":225,"height":225,"caption":"Epson Colorworks C6000"},{"@type":"BreadcrumbList","@id":"https:\/\/d-identify.be\/fr\/produit\/colorworks-c3500-epson-copy-copy\/#breadcrumb","itemListElement":[{"@type":"ListItem","position":1,"name":"Home","item":"https:\/\/d-identify.be\/fr\/home-2\/"},{"@type":"ListItem","position":2,"name":"Boutique","item":"https:\/\/d-identify.be\/fr\/boutique\/"},{"@type":"ListItem","position":3,"name":"Epson Colorworks CW-C6000Ae, massicot automatique"}]},{"@type":"WebSite","@id":"https:\/\/d-identify.be\/fr\/#website","url":"https:\/\/d-identify.be\/fr\/","name":"d-identify","description":"Industrial identification - Lockout - Tagout - Floor marking","potentialAction":[{"@type":"SearchAction","target":{"@type":"EntryPoint","urlTemplate":"https:\/\/d-identify.be\/fr\/?s={search_term_string}"},"query-input":{"@type":"PropertyValueSpecification","valueRequired":true,"valueName":"search_term_string"}}],"inLanguage":"fr-FR"}]}},"_links":{"self":[{"href":"https:\/\/d-identify.be\/fr\/wp-json\/wp\/v2\/product\/54781","targetHints":{"allow":["GET"]}}],"collection":[{"href":"https:\/\/d-identify.be\/fr\/wp-json\/wp\/v2\/product"}],"about":[{"href":"https:\/\/d-identify.be\/fr\/wp-json\/wp\/v2\/types\/product"}],"replies":[{"embeddable":true,"href":"https:\/\/d-identify.be\/fr\/wp-json\/wp\/v2\/comments?post=54781"}],"wp:featuredmedia":[{"embeddable":true,"href":"https:\/\/d-identify.be\/fr\/wp-json\/wp\/v2\/media\/54794"}],"wp:attachment":[{"href":"https:\/\/d-identify.be\/fr\/wp-json\/wp\/v2\/media?parent=54781"}],"wp:term":[{"taxonomy":"product_brand","embeddable":true,"href":"https:\/\/d-identify.be\/fr\/wp-json\/wp\/v2\/product_brand?post=54781"},{"taxonomy":"product_cat","embeddable":true,"href":"https:\/\/d-identify.be\/fr\/wp-json\/wp\/v2\/product_cat?post=54781"},{"taxonomy":"product_tag","embeddable":true,"href":"https:\/\/d-identify.be\/fr\/wp-json\/wp\/v2\/product_tag?post=54781"},{"taxonomy":"pa_connextion-shapes","embeddable":true,"href":"https:\/\/d-identify.be\/fr\/wp-json\/wp\/v2\/pa_connextion-shapes?post=54781"}],"curies":[{"name":"wp","href":"https:\/\/api.w.org\/{rel}","templated":true}]}}