{"id":54742,"date":"2025-04-07T16:47:53","date_gmt":"2025-04-07T14:47:53","guid":{"rendered":"https:\/\/d-identify.be\/?post_type=product&#038;p=54742"},"modified":"2025-05-06T15:20:03","modified_gmt":"2025-05-06T13:20:03","slug":"colorworks-c3500-epson-copy","status":"publish","type":"product","link":"https:\/\/d-identify.be\/fr\/produit\/colorworks-c3500-epson-copy\/","title":{"rendered":"Colorworks C4000 Epson, encre noire brillante, cutter"},"content":{"rendered":"<div class=\"clearfix text-formatted field field--name-field-description field--type-text-long field--label-hidden field__item\">\n<div class=\"clearfix text-formatted field field--name-field-description field--type-text-long field--label-hidden field__item\">La s\u00e9rie Epson ColorWorks C4000 e se compose de deux mod\u00e8les d&rsquo;imprimantes compactes : la CW-C4000e(Bk) et la CW-C4000e(Mk). Ces deux imprimantes produisent des \u00e9tiquettes \u00e0 la demande de haute qualit\u00e9, de mani\u00e8re fiable et rapide. Elles s&rsquo;installent facilement sur un bureau, ce qui les rend id\u00e9ales pour la quasi-totalit\u00e9 des secteurs d&rsquo;activit\u00e9, de l&rsquo;agroalimentaire aux applications chimiques, pharmaceutiques et de billetterie. <\/div>\n<div class=\"clearfix text-formatted field field--name-field-product-text field--type-text-long field--label-hidden field__item\">Le fonctionnement de la s\u00e9rie ColorWorks C4000e est surveill\u00e9 et contr\u00f4l\u00e9 via un \u00e9cran LCD 2,7&Prime; convivial situ\u00e9 \u00e0 l&rsquo;avant des imprimantes. Parmi les autres fonctionnalit\u00e9s, on trouve un massicot automatique facilement rempla\u00e7able, un standard int\u00e9gr\u00e9 et une cl\u00e9 Wi-Fi en option permettant d&rsquo;imprimer depuis presque n&rsquo;importe o\u00f9 et \u00e0 tout moment. La configuration, la maintenance, la surveillance et la gestion \u00e0 distance de l&rsquo;ensemble du parc d&rsquo;imprimantes sont assur\u00e9es via une interface web suppl\u00e9mentaire. De plus, divers SDK pour iOS et Android garantissent une int\u00e9gration facile et permettent une impression intuitive depuis les tablettes. Des pilotes sont disponibles pour ESC Label, Linux et Mac.    <\/div>\n<\/div>\n","protected":false},"excerpt":{"rendered":"<ul>\n<li class=\"field__item\">Imprimante d&rsquo;\u00e9tiquettes couleur pour installation de bureau<\/li>\n<li class=\"field__item\">Cr\u00e9e des \u00e9tiquettes \u00e0 la demande de haute qualit\u00e9<\/li>\n<\/ul>\n<p><strong>Principales fonctionnalit\u00e9s<\/strong><\/p>\n","protected":false},"featured_media":54750,"comment_status":"open","ping_status":"closed","template":"","meta":{"_acf_changed":false,"_et_pb_use_builder":"","_et_pb_old_content":"","_et_gb_content_width":""},"product_brand":[1286],"product_cat":[620],"product_tag":[],"pa_connextion-shapes":[],"class_list":{"0":"post-54742","1":"product","2":"type-product","3":"status-publish","4":"has-post-thumbnail","6":"product_brand-epson","7":"product_cat-imprimantes-detiquettes-jet-dencre","9":"first","10":"instock","11":"taxable","12":"shipping-taxable","13":"purchasable","14":"product-type-simple"},"exclude_global_add_ons":false,"addons":[{"name":"Ajouter sur","type":"checkbox","position":0,"required":false,"title_format":"label","default":"","description_enable":true,"description":"Ajoutez des encres authentiques suppl\u00e9mentaires \u00e0 votre commande. 50 ml pour Epson C4000 ","placeholder_enable":false,"placeholder":"","display":"select","restrictions_type":"any_text","adjust_price":false,"price":"","price_type":"flat_fee","restrictions":false,"min":"0","max":"0","options":[{"label":"Noir (gloss) : C13T52M140","price":"35","price_type":"flat_fee","image":0,"visibility":true},{"label":"Cyan : C13T52M240","price":"35","price_type":"flat_fee","image":0,"visibility":true},{"label":"Magenta : C13T52M340","price":"35","price_type":"flat_fee","image":0,"visibility":true},{"label":"Jaune : C13T52M440","price":"35","price_type":"flat_fee","image":0,"visibility":true}],"id":1746542585},{"name":"Onsite Installatie voor de Benelux regio.","type":"checkbox","position":0,"required":true,"title_format":"heading","default":"","description_enable":true,"description":"Laat Uw printer installeren en configureren onsite door een expert","placeholder_enable":false,"placeholder":"","display":"select","restrictions_type":"any_text","adjust_price":false,"price":"","price_type":"flat_fee","restrictions":false,"min":"0","max":"0","options":[{"label":"BENELUX ONSITE INSTALL","price":"100","price_type":"flat_fee","image":0,"visibility":true}],"id":1746798096}],"acf":[],"yoast_head":"<!-- This site is optimized with the Yoast SEO Premium plugin v27.0 (Yoast SEO v27.1) - https:\/\/yoast.com\/product\/yoast-seo-premium-wordpress\/ -->\n<title>Epson Colorworks C4000 - Imprimante d&#039;\u00e9tiquettes \u00e0 jet d&#039;encre de bureau<\/title>\n<meta name=\"description\" content=\"Imprimez des \u00e9tiquettes couleur durables avec l&#039;imprimante Colorworks Epson C4000. Id\u00e9ale pour l&#039;\u00e9tiquetage SGH, de produits et de codes-barres. Rapide, fiable et facile \u00e0 utiliser.\" \/>\n<meta name=\"robots\" content=\"index, follow, max-snippet:-1, max-image-preview:large, max-video-preview:-1\" \/>\n<link rel=\"canonical\" href=\"https:\/\/d-identify.be\/fr\/produit\/colorworks-c3500-epson-copy\/\" \/>\n<meta property=\"og:locale\" content=\"fr_FR\" \/>\n<meta property=\"og:type\" content=\"article\" \/>\n<meta property=\"og:title\" content=\"Colorworks C4000 Epson, encre noire brillante, cutter\" \/>\n<meta property=\"og:description\" content=\"Imprimez des \u00e9tiquettes couleur durables avec l&#039;imprimante Colorworks Epson C4000. Id\u00e9ale pour l&#039;\u00e9tiquetage SGH, de produits et de codes-barres. Rapide, fiable et facile \u00e0 utiliser.\" \/>\n<meta property=\"og:url\" content=\"https:\/\/d-identify.be\/fr\/produit\/colorworks-c3500-epson-copy\/\" \/>\n<meta property=\"og:site_name\" content=\"d-identify\" \/>\n<meta property=\"article:modified_time\" content=\"2025-05-06T13:20:03+00:00\" \/>\n<meta property=\"og:image\" content=\"https:\/\/d-identify.be\/wp-content\/uploads\/2025\/04\/CW-C4000_headon-output_690x460.jpg\" \/>\n\t<meta property=\"og:image:width\" content=\"690\" \/>\n\t<meta property=\"og:image:height\" content=\"460\" \/>\n\t<meta property=\"og:image:type\" content=\"image\/jpeg\" \/>\n<meta name=\"twitter:card\" content=\"summary_large_image\" \/>\n<meta name=\"twitter:label1\" content=\"Dur\u00e9e de lecture estim\u00e9e\" \/>\n\t<meta name=\"twitter:data1\" content=\"1 minute\" \/>\n<script type=\"application\/ld+json\" class=\"yoast-schema-graph\">{\"@context\":\"https:\/\/schema.org\",\"@graph\":[{\"@type\":\"WebPage\",\"@id\":\"https:\/\/d-identify.be\/fr\/produit\/colorworks-c3500-epson-copy\/\",\"url\":\"https:\/\/d-identify.be\/fr\/produit\/colorworks-c3500-epson-copy\/\",\"name\":\"Epson Colorworks C4000 - Imprimante d'\u00e9tiquettes \u00e0 jet d'encre de bureau\",\"isPartOf\":{\"@id\":\"https:\/\/d-identify.be\/fr\/#website\"},\"primaryImageOfPage\":{\"@id\":\"https:\/\/d-identify.be\/fr\/produit\/colorworks-c3500-epson-copy\/#primaryimage\"},\"image\":{\"@id\":\"https:\/\/d-identify.be\/fr\/produit\/colorworks-c3500-epson-copy\/#primaryimage\"},\"thumbnailUrl\":\"https:\/\/d-identify.be\/wp-content\/uploads\/2025\/04\/CW-C4000_headon-output_690x460.jpg\",\"datePublished\":\"2025-04-07T14:47:53+00:00\",\"dateModified\":\"2025-05-06T13:20:03+00:00\",\"description\":\"Imprimez des \u00e9tiquettes couleur durables avec l'imprimante Colorworks Epson C4000. Id\u00e9ale pour l'\u00e9tiquetage SGH, de produits et de codes-barres. Rapide, fiable et facile \u00e0 utiliser.\",\"breadcrumb\":{\"@id\":\"https:\/\/d-identify.be\/fr\/produit\/colorworks-c3500-epson-copy\/#breadcrumb\"},\"inLanguage\":\"fr-FR\",\"potentialAction\":[{\"@type\":\"ReadAction\",\"target\":[\"https:\/\/d-identify.be\/fr\/produit\/colorworks-c3500-epson-copy\/\"]}]},{\"@type\":\"ImageObject\",\"inLanguage\":\"fr-FR\",\"@id\":\"https:\/\/d-identify.be\/fr\/produit\/colorworks-c3500-epson-copy\/#primaryimage\",\"url\":\"https:\/\/d-identify.be\/wp-content\/uploads\/2025\/04\/CW-C4000_headon-output_690x460.jpg\",\"contentUrl\":\"https:\/\/d-identify.be\/wp-content\/uploads\/2025\/04\/CW-C4000_headon-output_690x460.jpg\",\"width\":690,\"height\":460,\"caption\":\"Epson Colorworks C4000\"},{\"@type\":\"BreadcrumbList\",\"@id\":\"https:\/\/d-identify.be\/fr\/produit\/colorworks-c3500-epson-copy\/#breadcrumb\",\"itemListElement\":[{\"@type\":\"ListItem\",\"position\":1,\"name\":\"Home\",\"item\":\"https:\/\/d-identify.be\/fr\/home-2\/\"},{\"@type\":\"ListItem\",\"position\":2,\"name\":\"Boutique\",\"item\":\"https:\/\/d-identify.be\/fr\/boutique\/\"},{\"@type\":\"ListItem\",\"position\":3,\"name\":\"Colorworks C4000 Epson, encre noire brillante, cutter\"}]},{\"@type\":\"WebSite\",\"@id\":\"https:\/\/d-identify.be\/fr\/#website\",\"url\":\"https:\/\/d-identify.be\/fr\/\",\"name\":\"d-identify\",\"description\":\"Industrial identification - Lockout - Tagout - Floor marking\",\"potentialAction\":[{\"@type\":\"SearchAction\",\"target\":{\"@type\":\"EntryPoint\",\"urlTemplate\":\"https:\/\/d-identify.be\/fr\/?s={search_term_string}\"},\"query-input\":{\"@type\":\"PropertyValueSpecification\",\"valueRequired\":true,\"valueName\":\"search_term_string\"}}],\"inLanguage\":\"fr-FR\"}]}<\/script>\n<!-- \/ Yoast SEO Premium plugin. -->","yoast_head_json":{"title":"Epson Colorworks C4000 - Imprimante d'\u00e9tiquettes \u00e0 jet d'encre de bureau","description":"Imprimez des \u00e9tiquettes couleur durables avec l'imprimante Colorworks Epson C4000. Id\u00e9ale pour l'\u00e9tiquetage SGH, de produits et de codes-barres. Rapide, fiable et facile \u00e0 utiliser.","robots":{"index":"index","follow":"follow","max-snippet":"max-snippet:-1","max-image-preview":"max-image-preview:large","max-video-preview":"max-video-preview:-1"},"canonical":"https:\/\/d-identify.be\/fr\/produit\/colorworks-c3500-epson-copy\/","og_locale":"fr_FR","og_type":"article","og_title":"Colorworks C4000 Epson, encre noire brillante, cutter","og_description":"Imprimez des \u00e9tiquettes couleur durables avec l'imprimante Colorworks Epson C4000. Id\u00e9ale pour l'\u00e9tiquetage SGH, de produits et de codes-barres. Rapide, fiable et facile \u00e0 utiliser.","og_url":"https:\/\/d-identify.be\/fr\/produit\/colorworks-c3500-epson-copy\/","og_site_name":"d-identify","article_modified_time":"2025-05-06T13:20:03+00:00","og_image":[{"width":690,"height":460,"url":"https:\/\/d-identify.be\/wp-content\/uploads\/2025\/04\/CW-C4000_headon-output_690x460.jpg","type":"image\/jpeg"}],"twitter_card":"summary_large_image","twitter_misc":{"Dur\u00e9e de lecture estim\u00e9e":"1 minute"},"schema":{"@context":"https:\/\/schema.org","@graph":[{"@type":"WebPage","@id":"https:\/\/d-identify.be\/fr\/produit\/colorworks-c3500-epson-copy\/","url":"https:\/\/d-identify.be\/fr\/produit\/colorworks-c3500-epson-copy\/","name":"Epson Colorworks C4000 - Imprimante d'\u00e9tiquettes \u00e0 jet d'encre de bureau","isPartOf":{"@id":"https:\/\/d-identify.be\/fr\/#website"},"primaryImageOfPage":{"@id":"https:\/\/d-identify.be\/fr\/produit\/colorworks-c3500-epson-copy\/#primaryimage"},"image":{"@id":"https:\/\/d-identify.be\/fr\/produit\/colorworks-c3500-epson-copy\/#primaryimage"},"thumbnailUrl":"https:\/\/d-identify.be\/wp-content\/uploads\/2025\/04\/CW-C4000_headon-output_690x460.jpg","datePublished":"2025-04-07T14:47:53+00:00","dateModified":"2025-05-06T13:20:03+00:00","description":"Imprimez des \u00e9tiquettes couleur durables avec l'imprimante Colorworks Epson C4000. Id\u00e9ale pour l'\u00e9tiquetage SGH, de produits et de codes-barres. Rapide, fiable et facile \u00e0 utiliser.","breadcrumb":{"@id":"https:\/\/d-identify.be\/fr\/produit\/colorworks-c3500-epson-copy\/#breadcrumb"},"inLanguage":"fr-FR","potentialAction":[{"@type":"ReadAction","target":["https:\/\/d-identify.be\/fr\/produit\/colorworks-c3500-epson-copy\/"]}]},{"@type":"ImageObject","inLanguage":"fr-FR","@id":"https:\/\/d-identify.be\/fr\/produit\/colorworks-c3500-epson-copy\/#primaryimage","url":"https:\/\/d-identify.be\/wp-content\/uploads\/2025\/04\/CW-C4000_headon-output_690x460.jpg","contentUrl":"https:\/\/d-identify.be\/wp-content\/uploads\/2025\/04\/CW-C4000_headon-output_690x460.jpg","width":690,"height":460,"caption":"Epson Colorworks C4000"},{"@type":"BreadcrumbList","@id":"https:\/\/d-identify.be\/fr\/produit\/colorworks-c3500-epson-copy\/#breadcrumb","itemListElement":[{"@type":"ListItem","position":1,"name":"Home","item":"https:\/\/d-identify.be\/fr\/home-2\/"},{"@type":"ListItem","position":2,"name":"Boutique","item":"https:\/\/d-identify.be\/fr\/boutique\/"},{"@type":"ListItem","position":3,"name":"Colorworks C4000 Epson, encre noire brillante, cutter"}]},{"@type":"WebSite","@id":"https:\/\/d-identify.be\/fr\/#website","url":"https:\/\/d-identify.be\/fr\/","name":"d-identify","description":"Industrial identification - Lockout - Tagout - Floor marking","potentialAction":[{"@type":"SearchAction","target":{"@type":"EntryPoint","urlTemplate":"https:\/\/d-identify.be\/fr\/?s={search_term_string}"},"query-input":{"@type":"PropertyValueSpecification","valueRequired":true,"valueName":"search_term_string"}}],"inLanguage":"fr-FR"}]}},"_links":{"self":[{"href":"https:\/\/d-identify.be\/fr\/wp-json\/wp\/v2\/product\/54742","targetHints":{"allow":["GET"]}}],"collection":[{"href":"https:\/\/d-identify.be\/fr\/wp-json\/wp\/v2\/product"}],"about":[{"href":"https:\/\/d-identify.be\/fr\/wp-json\/wp\/v2\/types\/product"}],"replies":[{"embeddable":true,"href":"https:\/\/d-identify.be\/fr\/wp-json\/wp\/v2\/comments?post=54742"}],"wp:featuredmedia":[{"embeddable":true,"href":"https:\/\/d-identify.be\/fr\/wp-json\/wp\/v2\/media\/54750"}],"wp:attachment":[{"href":"https:\/\/d-identify.be\/fr\/wp-json\/wp\/v2\/media?parent=54742"}],"wp:term":[{"taxonomy":"product_brand","embeddable":true,"href":"https:\/\/d-identify.be\/fr\/wp-json\/wp\/v2\/product_brand?post=54742"},{"taxonomy":"product_cat","embeddable":true,"href":"https:\/\/d-identify.be\/fr\/wp-json\/wp\/v2\/product_cat?post=54742"},{"taxonomy":"product_tag","embeddable":true,"href":"https:\/\/d-identify.be\/fr\/wp-json\/wp\/v2\/product_tag?post=54742"},{"taxonomy":"pa_connextion-shapes","embeddable":true,"href":"https:\/\/d-identify.be\/fr\/wp-json\/wp\/v2\/pa_connextion-shapes?post=54742"}],"curies":[{"name":"wp","href":"https:\/\/api.w.org\/{rel}","templated":true}]}}