{"id":54709,"date":"2025-04-07T15:54:31","date_gmt":"2025-04-07T13:54:31","guid":{"rendered":"https:\/\/d-identify.be\/product\/colorworks-c3500-epson\/"},"modified":"2026-01-23T18:18:31","modified_gmt":"2026-01-23T16:18:31","slug":"epson-colorworks-c3500-imprimante-etiquettes","status":"publish","type":"product","link":"https:\/\/d-identify.be\/fr\/produit\/epson-colorworks-c3500-imprimante-etiquettes\/","title":{"rendered":"Epson ColorWorks C3500 imprimante d\u2019\u00e9tiquettes couleur"},"content":{"rendered":"<div class=\"clearfix text-formatted field field--name-field-description field--type-text-long field--label-hidden field__item\">\n<p data-start=\"320\" data-end=\"577\">L\u2019<strong data-start=\"322\" data-end=\"348\">Epson ColorWorks C3500<\/strong> est une imprimante d\u2019\u00e9tiquettes couleur \u00e0 jet d\u2019encre de bureau. Elle s\u2019adresse aux entreprises qui souhaitent imprimer leurs \u00e9tiquettes en interne, simplement et efficacement. <strong data-start=\"526\" data-end=\"535\">Ainsi<\/strong>, vous gagnez en autonomie et en rapidit\u00e9.<\/p>\n<p data-start=\"579\" data-end=\"807\">L\u2019imprimante permet de produire des \u00e9tiquettes \u00e0 la demande. <strong data-start=\"640\" data-end=\"660\">De cette mani\u00e8re<\/strong>, vous restez flexible face aux petites s\u00e9ries et aux donn\u00e9es variables. <strong data-start=\"733\" data-end=\"748\">En pratique<\/strong>, vous \u00e9vitez aussi les d\u00e9lais li\u00e9s \u00e0 l\u2019impression externe.<\/p>\n<p data-start=\"809\" data-end=\"1106\">La C3500 prend en charge de nombreux supports. Elle imprime sur des \u00e9tiquettes mates, brillantes et couch\u00e9es film. Elle accepte \u00e9galement les tickets et les \u00e9tiquettes de prix. <strong data-start=\"986\" data-end=\"997\">De plus<\/strong>, les largeurs d\u2019\u00e9tiquettes vont de <strong data-start=\"1033\" data-end=\"1051\">30 mm \u00e0 112 mm<\/strong>, ce qui couvre la majorit\u00e9 des applications courantes.<\/p>\n<p data-start=\"1108\" data-end=\"1389\">La vitesse d\u2019impression atteint <strong data-start=\"1140\" data-end=\"1162\">103 mm par seconde<\/strong> avec une r\u00e9solution de <strong data-start=\"1186\" data-end=\"1197\">360 dpi<\/strong>. <strong data-start=\"1199\" data-end=\"1208\">Ainsi<\/strong>, le r\u00e9sultat reste net et constant. <strong data-start=\"1245\" data-end=\"1256\">Gr\u00e2ce \u00e0<\/strong> l\u2019encre pigment\u00e9e <strong data-start=\"1275\" data-end=\"1294\">DuraBrite Ultra<\/strong>, les couleurs durent plus longtemps. Les impressions r\u00e9sistent \u00e0 l\u2019eau et \u00e0 un essuyage l\u00e9ger.<\/p>\n<p data-start=\"1391\" data-end=\"1584\">L\u2019imprimante utilise <strong data-start=\"1412\" data-end=\"1450\">quatre cartouches d\u2019encre s\u00e9par\u00e9es<\/strong>. <strong data-start=\"1452\" data-end=\"1466\">De ce fait<\/strong>, vous remplacez uniquement la couleur vide. <strong data-start=\"1511\" data-end=\"1526\">Cela permet<\/strong> de limiter le gaspillage et de mieux ma\u00eetriser les co\u00fbts.<\/p>\n<p data-start=\"1586\" data-end=\"1826\">L\u2019utilisation quotidienne reste simple. Toutes les commandes se trouvent \u00e0 l\u2019avant. L\u2019<strong data-start=\"1672\" data-end=\"1685\">\u00e9cran LCD<\/strong> affiche clairement l\u2019\u00e9tat de l\u2019imprimante et des encres. <strong data-start=\"1743\" data-end=\"1752\">Ainsi<\/strong>, l\u2019appareil trouve facilement sa place sur une \u00e9tag\u00e8re ou sous un bureau.<\/p>\n<\/div>\n","protected":false},"excerpt":{"rendered":"<p data-start=\"652\" data-end=\"811\">L\u2019Epson ColorWorks C3500 est une imprimante d\u2019\u00e9tiquettes couleur \u00e0 jet d\u2019encre, compacte et fiable, con\u00e7ue pour l\u2019impression interne d\u2019\u00e9tiquettes \u00e0 la demande.<\/p>\n<p><strong>Caract\u00e9ristiques principales<\/strong><\/p>\n","protected":false},"featured_media":54697,"comment_status":"open","ping_status":"closed","template":"","meta":{"_acf_changed":false,"_et_pb_use_builder":"","_et_pb_old_content":"","_et_gb_content_width":""},"product_brand":[],"product_cat":[620],"product_tag":[],"pa_connextion-shapes":[],"class_list":{"0":"post-54709","1":"product","2":"type-product","3":"status-publish","4":"has-post-thumbnail","6":"product_cat-imprimantes-detiquettes-jet-dencre","8":"first","9":"instock","10":"sale","11":"taxable","12":"shipping-taxable","13":"purchasable","14":"product-type-simple"},"exclude_global_add_ons":false,"addons":[{"name":"Add on","type":"checkbox","position":0,"required":false,"title_format":"label","default":"","description_enable":true,"description":"Ajoutez de l'encre Epson authentique \u00e0 votre commande pour C3500 (32,5 ml)","placeholder_enable":false,"placeholder":"","display":"select","restrictions_type":"any_text","adjust_price":false,"price":"","price_type":"flat_fee","restrictions":false,"min":"0","max":"0","options":[{"label":"Noir : C33S020601","price":"25","price_type":"flat_fee","image":0,"visibility":true},{"label":"Cyan : C33S020602","price":"25","price_type":"flat_fee","image":0,"visibility":true},{"label":"Magenta : C33S020603","price":"25","price_type":"flat_fee","image":0,"visibility":true},{"label":"Jaune : C33S020604","price":"25","price_type":"flat_fee","image":0,"visibility":true}],"id":1746545915},{"name":"Onsite Installatie voor de Benelux regio.","type":"checkbox","position":0,"required":true,"title_format":"heading","default":"","description_enable":true,"description":"Laat Uw printer installeren en configureren onsite door een expert","placeholder_enable":false,"placeholder":"","display":"select","restrictions_type":"any_text","adjust_price":false,"price":"","price_type":"flat_fee","restrictions":false,"min":"0","max":"0","options":[{"label":"BENELUX ONSITE INSTALL","price":"100","price_type":"flat_fee","image":0,"visibility":true}],"id":1746798096}],"acf":[],"yoast_head":"<!-- This site is optimized with the Yoast SEO Premium plugin v27.0 (Yoast SEO v27.1) - https:\/\/yoast.com\/product\/yoast-seo-premium-wordpress\/ -->\n<title>Imprimante d\u2019\u00e9tiquettes Epson C3500 | ColorWorks jet d\u2019encre<\/title>\n<meta name=\"description\" content=\"Imprimante \u00e9tiquettes Epson C3500 pour l\u2019impression couleur en interne. Encre pigment\u00e9e durable, co\u00fbts ma\u00eetris\u00e9s et connexion r\u00e9seau.\" \/>\n<meta name=\"robots\" content=\"index, follow, max-snippet:-1, max-image-preview:large, max-video-preview:-1\" \/>\n<link rel=\"canonical\" href=\"https:\/\/d-identify.be\/fr\/produit\/epson-colorworks-c3500-imprimante-etiquettes\/\" \/>\n<meta property=\"og:locale\" content=\"fr_FR\" \/>\n<meta property=\"og:type\" content=\"article\" \/>\n<meta property=\"og:title\" content=\"Epson ColorWorks C3500 imprimante d\u2019\u00e9tiquettes couleur\" \/>\n<meta property=\"og:description\" content=\"Imprimante \u00e9tiquettes Epson C3500 pour l\u2019impression couleur en interne. Encre pigment\u00e9e durable, co\u00fbts ma\u00eetris\u00e9s et connexion r\u00e9seau.\" \/>\n<meta property=\"og:url\" content=\"https:\/\/d-identify.be\/fr\/produit\/epson-colorworks-c3500-imprimante-etiquettes\/\" \/>\n<meta property=\"og:site_name\" content=\"d-identify\" \/>\n<meta property=\"article:modified_time\" content=\"2026-01-23T16:18:31+00:00\" \/>\n<meta property=\"og:image\" content=\"https:\/\/d-identify.be\/wp-content\/uploads\/2025\/04\/epson-tm-c3500-kleurenetikettenprinter.jpeg\" \/>\n\t<meta property=\"og:image:width\" content=\"639\" \/>\n\t<meta property=\"og:image:height\" content=\"480\" \/>\n\t<meta property=\"og:image:type\" content=\"image\/jpeg\" \/>\n<meta name=\"twitter:card\" content=\"summary_large_image\" \/>\n<meta name=\"twitter:label1\" content=\"Dur\u00e9e de lecture estim\u00e9e\" \/>\n\t<meta name=\"twitter:data1\" content=\"2 minutes\" \/>\n<script type=\"application\/ld+json\" class=\"yoast-schema-graph\">{\"@context\":\"https:\/\/schema.org\",\"@graph\":[{\"@type\":\"WebPage\",\"@id\":\"https:\/\/d-identify.be\/fr\/produit\/epson-colorworks-c3500-imprimante-etiquettes\/\",\"url\":\"https:\/\/d-identify.be\/fr\/produit\/epson-colorworks-c3500-imprimante-etiquettes\/\",\"name\":\"Imprimante d\u2019\u00e9tiquettes Epson C3500 | ColorWorks jet d\u2019encre\",\"isPartOf\":{\"@id\":\"https:\/\/d-identify.be\/fr\/#website\"},\"primaryImageOfPage\":{\"@id\":\"https:\/\/d-identify.be\/fr\/produit\/epson-colorworks-c3500-imprimante-etiquettes\/#primaryimage\"},\"image\":{\"@id\":\"https:\/\/d-identify.be\/fr\/produit\/epson-colorworks-c3500-imprimante-etiquettes\/#primaryimage\"},\"thumbnailUrl\":\"https:\/\/d-identify.be\/wp-content\/uploads\/2025\/04\/epson-tm-c3500-kleurenetikettenprinter.jpeg\",\"datePublished\":\"2025-04-07T13:54:31+00:00\",\"dateModified\":\"2026-01-23T16:18:31+00:00\",\"description\":\"Imprimante \u00e9tiquettes Epson C3500 pour l\u2019impression couleur en interne. Encre pigment\u00e9e durable, co\u00fbts ma\u00eetris\u00e9s et connexion r\u00e9seau.\",\"breadcrumb\":{\"@id\":\"https:\/\/d-identify.be\/fr\/produit\/epson-colorworks-c3500-imprimante-etiquettes\/#breadcrumb\"},\"inLanguage\":\"fr-FR\",\"potentialAction\":[{\"@type\":\"ReadAction\",\"target\":[\"https:\/\/d-identify.be\/fr\/produit\/epson-colorworks-c3500-imprimante-etiquettes\/\"]}]},{\"@type\":\"ImageObject\",\"inLanguage\":\"fr-FR\",\"@id\":\"https:\/\/d-identify.be\/fr\/produit\/epson-colorworks-c3500-imprimante-etiquettes\/#primaryimage\",\"url\":\"https:\/\/d-identify.be\/wp-content\/uploads\/2025\/04\/epson-tm-c3500-kleurenetikettenprinter.jpeg\",\"contentUrl\":\"https:\/\/d-identify.be\/wp-content\/uploads\/2025\/04\/epson-tm-c3500-kleurenetikettenprinter.jpeg\",\"width\":639,\"height\":480,\"caption\":\"Imprimante d\u2019\u00e9tiquettes Epson C3500 | ColorWorks jet d\u2019encre\"},{\"@type\":\"BreadcrumbList\",\"@id\":\"https:\/\/d-identify.be\/fr\/produit\/epson-colorworks-c3500-imprimante-etiquettes\/#breadcrumb\",\"itemListElement\":[{\"@type\":\"ListItem\",\"position\":1,\"name\":\"Home\",\"item\":\"https:\/\/d-identify.be\/fr\/home-2\/\"},{\"@type\":\"ListItem\",\"position\":2,\"name\":\"Boutique\",\"item\":\"https:\/\/d-identify.be\/fr\/boutique\/\"},{\"@type\":\"ListItem\",\"position\":3,\"name\":\"Epson ColorWorks C3500 imprimante d\u2019\u00e9tiquettes couleur\"}]},{\"@type\":\"WebSite\",\"@id\":\"https:\/\/d-identify.be\/fr\/#website\",\"url\":\"https:\/\/d-identify.be\/fr\/\",\"name\":\"d-identify\",\"description\":\"Industrial identification - Lockout - Tagout - Floor marking\",\"potentialAction\":[{\"@type\":\"SearchAction\",\"target\":{\"@type\":\"EntryPoint\",\"urlTemplate\":\"https:\/\/d-identify.be\/fr\/?s={search_term_string}\"},\"query-input\":{\"@type\":\"PropertyValueSpecification\",\"valueRequired\":true,\"valueName\":\"search_term_string\"}}],\"inLanguage\":\"fr-FR\"}]}<\/script>\n<!-- \/ Yoast SEO Premium plugin. -->","yoast_head_json":{"title":"Imprimante d\u2019\u00e9tiquettes Epson C3500 | ColorWorks jet d\u2019encre","description":"Imprimante \u00e9tiquettes Epson C3500 pour l\u2019impression couleur en interne. Encre pigment\u00e9e durable, co\u00fbts ma\u00eetris\u00e9s et connexion r\u00e9seau.","robots":{"index":"index","follow":"follow","max-snippet":"max-snippet:-1","max-image-preview":"max-image-preview:large","max-video-preview":"max-video-preview:-1"},"canonical":"https:\/\/d-identify.be\/fr\/produit\/epson-colorworks-c3500-imprimante-etiquettes\/","og_locale":"fr_FR","og_type":"article","og_title":"Epson ColorWorks C3500 imprimante d\u2019\u00e9tiquettes couleur","og_description":"Imprimante \u00e9tiquettes Epson C3500 pour l\u2019impression couleur en interne. Encre pigment\u00e9e durable, co\u00fbts ma\u00eetris\u00e9s et connexion r\u00e9seau.","og_url":"https:\/\/d-identify.be\/fr\/produit\/epson-colorworks-c3500-imprimante-etiquettes\/","og_site_name":"d-identify","article_modified_time":"2026-01-23T16:18:31+00:00","og_image":[{"width":639,"height":480,"url":"https:\/\/d-identify.be\/wp-content\/uploads\/2025\/04\/epson-tm-c3500-kleurenetikettenprinter.jpeg","type":"image\/jpeg"}],"twitter_card":"summary_large_image","twitter_misc":{"Dur\u00e9e de lecture estim\u00e9e":"2 minutes"},"schema":{"@context":"https:\/\/schema.org","@graph":[{"@type":"WebPage","@id":"https:\/\/d-identify.be\/fr\/produit\/epson-colorworks-c3500-imprimante-etiquettes\/","url":"https:\/\/d-identify.be\/fr\/produit\/epson-colorworks-c3500-imprimante-etiquettes\/","name":"Imprimante d\u2019\u00e9tiquettes Epson C3500 | ColorWorks jet d\u2019encre","isPartOf":{"@id":"https:\/\/d-identify.be\/fr\/#website"},"primaryImageOfPage":{"@id":"https:\/\/d-identify.be\/fr\/produit\/epson-colorworks-c3500-imprimante-etiquettes\/#primaryimage"},"image":{"@id":"https:\/\/d-identify.be\/fr\/produit\/epson-colorworks-c3500-imprimante-etiquettes\/#primaryimage"},"thumbnailUrl":"https:\/\/d-identify.be\/wp-content\/uploads\/2025\/04\/epson-tm-c3500-kleurenetikettenprinter.jpeg","datePublished":"2025-04-07T13:54:31+00:00","dateModified":"2026-01-23T16:18:31+00:00","description":"Imprimante \u00e9tiquettes Epson C3500 pour l\u2019impression couleur en interne. Encre pigment\u00e9e durable, co\u00fbts ma\u00eetris\u00e9s et connexion r\u00e9seau.","breadcrumb":{"@id":"https:\/\/d-identify.be\/fr\/produit\/epson-colorworks-c3500-imprimante-etiquettes\/#breadcrumb"},"inLanguage":"fr-FR","potentialAction":[{"@type":"ReadAction","target":["https:\/\/d-identify.be\/fr\/produit\/epson-colorworks-c3500-imprimante-etiquettes\/"]}]},{"@type":"ImageObject","inLanguage":"fr-FR","@id":"https:\/\/d-identify.be\/fr\/produit\/epson-colorworks-c3500-imprimante-etiquettes\/#primaryimage","url":"https:\/\/d-identify.be\/wp-content\/uploads\/2025\/04\/epson-tm-c3500-kleurenetikettenprinter.jpeg","contentUrl":"https:\/\/d-identify.be\/wp-content\/uploads\/2025\/04\/epson-tm-c3500-kleurenetikettenprinter.jpeg","width":639,"height":480,"caption":"Imprimante d\u2019\u00e9tiquettes Epson C3500 | ColorWorks jet d\u2019encre"},{"@type":"BreadcrumbList","@id":"https:\/\/d-identify.be\/fr\/produit\/epson-colorworks-c3500-imprimante-etiquettes\/#breadcrumb","itemListElement":[{"@type":"ListItem","position":1,"name":"Home","item":"https:\/\/d-identify.be\/fr\/home-2\/"},{"@type":"ListItem","position":2,"name":"Boutique","item":"https:\/\/d-identify.be\/fr\/boutique\/"},{"@type":"ListItem","position":3,"name":"Epson ColorWorks C3500 imprimante d\u2019\u00e9tiquettes couleur"}]},{"@type":"WebSite","@id":"https:\/\/d-identify.be\/fr\/#website","url":"https:\/\/d-identify.be\/fr\/","name":"d-identify","description":"Industrial identification - Lockout - Tagout - Floor marking","potentialAction":[{"@type":"SearchAction","target":{"@type":"EntryPoint","urlTemplate":"https:\/\/d-identify.be\/fr\/?s={search_term_string}"},"query-input":{"@type":"PropertyValueSpecification","valueRequired":true,"valueName":"search_term_string"}}],"inLanguage":"fr-FR"}]}},"_links":{"self":[{"href":"https:\/\/d-identify.be\/fr\/wp-json\/wp\/v2\/product\/54709","targetHints":{"allow":["GET"]}}],"collection":[{"href":"https:\/\/d-identify.be\/fr\/wp-json\/wp\/v2\/product"}],"about":[{"href":"https:\/\/d-identify.be\/fr\/wp-json\/wp\/v2\/types\/product"}],"replies":[{"embeddable":true,"href":"https:\/\/d-identify.be\/fr\/wp-json\/wp\/v2\/comments?post=54709"}],"wp:featuredmedia":[{"embeddable":true,"href":"https:\/\/d-identify.be\/fr\/wp-json\/wp\/v2\/media\/54697"}],"wp:attachment":[{"href":"https:\/\/d-identify.be\/fr\/wp-json\/wp\/v2\/media?parent=54709"}],"wp:term":[{"taxonomy":"product_brand","embeddable":true,"href":"https:\/\/d-identify.be\/fr\/wp-json\/wp\/v2\/product_brand?post=54709"},{"taxonomy":"product_cat","embeddable":true,"href":"https:\/\/d-identify.be\/fr\/wp-json\/wp\/v2\/product_cat?post=54709"},{"taxonomy":"product_tag","embeddable":true,"href":"https:\/\/d-identify.be\/fr\/wp-json\/wp\/v2\/product_tag?post=54709"},{"taxonomy":"pa_connextion-shapes","embeddable":true,"href":"https:\/\/d-identify.be\/fr\/wp-json\/wp\/v2\/pa_connextion-shapes?post=54709"}],"curies":[{"name":"wp","href":"https:\/\/api.w.org\/{rel}","templated":true}]}}