{"id":54393,"date":"2022-07-12T09:20:14","date_gmt":"2022-07-12T07:20:14","guid":{"rendered":"https:\/\/d-identify.be\/product\/tsc-alpha-40l-rfid\/"},"modified":"2022-07-12T09:20:14","modified_gmt":"2022-07-12T07:20:14","slug":"tsc-alpha-40l-rfid","status":"publish","type":"product","link":"https:\/\/d-identify.be\/fr\/produit\/tsc-alpha-40l-rfid\/","title":{"rendered":"TSC Alpha-40L RFID"},"content":{"rendered":"<p>TSC Auto ID a b\u00e2ti sa r\u00e9putation sur la conception d&rsquo;imprimantes d&rsquo;\u00e9tiquettes thermiques de bureau robustes et fiables. Nous avons mis \u00e0 profit notre expertise en ing\u00e9nierie et en fabrication pour concevoir certaines des meilleures imprimantes d&rsquo;\u00e9tiquettes portables du secteur. Lpha-40L RFID <\/p>\n<p>Les imprimantes mobiles Alpha-40L \u00e9largissent notre gamme et offrent des fonctionnalit\u00e9s avanc\u00e9es de productivit\u00e9 et de gestion pour une exp\u00e9rience d&rsquo;impression mobile haut de gamme. Con\u00e7ue pour r\u00e9pondre aux normes militaires en mati\u00e8re de r\u00e9sistance aux chutes et aux vibrations des v\u00e9hicules, elle est id\u00e9ale pour les professionnels en d\u00e9placement.  <\/p>\n<p>Les imprimantes TSC Alpha-40L sont compatibles avec la gestion \u00e0 distance SOTI Connect pour une meilleure visibilit\u00e9 en temps r\u00e9el sur l&rsquo;\u00e9tat et les performances des appareils. Cette nouvelle imprimante mobile int\u00e8gre \u00e9galement un syst\u00e8me intelligent de gestion de batterie. Les batteries intelligentes int\u00e9gr\u00e9es peuvent indiquer leur capacit\u00e9, leur charge et l&rsquo;historique de leurs cycles de charge.  <\/p>\n","protected":false},"excerpt":{"rendered":"<p>L&rsquo;imprimante mobile <strong>RFID<\/strong> Alpha-40L compl\u00e8te la prestigieuse gamme de produits RFID stationnaires TSC Printronix Auto ID, offrant aux revendeurs et aux utilisateurs finaux une couverture pour de multiples applications dans divers secteurs. Robuste et riche en fonctionnalit\u00e9s, cette imprimante mobile RFID optimise la productivit\u00e9 gr\u00e2ce \u00e0 l&rsquo;impression nomade, id\u00e9ale pour des \u00e9tiquettes RFID pr\u00e9cises et imm\u00e9diates. Imprimez, codez et appliquez les \u00e9tiquettes RFID au point d&rsquo;application pour r\u00e9duire les erreurs et optimiser l&rsquo;efficacit\u00e9. Dot\u00e9e d&rsquo;une batterie intelligente et de la technologie Bluetooth\u00ae MFi certifi\u00e9e Apple, elle offre des performances optimales et une connectivit\u00e9 fluide.   <\/p>\n<p><strong class=\"product-variation-title\">TSC Alpha 40L, USB, BT (iOS, 5.0), NFC, 8 dots\/mm (203 dpi), RTC, display, RFID, OPOS <\/strong><\/p>\n","protected":false},"featured_media":25961,"comment_status":"open","ping_status":"closed","template":"","meta":{"_acf_changed":false,"_et_pb_use_builder":"","_et_pb_old_content":"","_et_gb_content_width":""},"product_brand":[1243],"product_cat":[595,617,775],"product_tag":[950],"pa_connextion-shapes":[],"class_list":{"0":"post-54393","1":"product","2":"type-product","3":"status-publish","4":"has-post-thumbnail","6":"product_brand-tsc","7":"product_cat-imprimantes-industrielles","8":"product_cat-imprimantes-portables","9":"product_cat-imprimantes-detiquettes-rfid","10":"product_tag-tsc-fr","12":"first","13":"instock","14":"sale","15":"taxable","16":"shipping-taxable","17":"purchasable","18":"product-type-simple"},"exclude_global_add_ons":[],"addons":[],"acf":[],"yoast_head":"<!-- This site is optimized with the Yoast SEO Premium plugin v27.0 (Yoast SEO v27.1) - https:\/\/yoast.com\/product\/yoast-seo-premium-wordpress\/ -->\n<title>TSC Alpha 40L RFID<\/title>\n<meta name=\"description\" content=\"L&#039;imprimante mobile RFID Alpha-40L compl\u00e8te la prestigieuse gamme de produits RFID stationnaires TSC Printronix Auto ID, offrant aux revendeurs et aux utilisateurs finaux...\" \/>\n<meta name=\"robots\" content=\"index, follow, max-snippet:-1, max-image-preview:large, max-video-preview:-1\" \/>\n<link rel=\"canonical\" href=\"https:\/\/d-identify.be\/fr\/produit\/tsc-alpha-40l-rfid\/\" \/>\n<meta property=\"og:locale\" content=\"fr_FR\" \/>\n<meta property=\"og:type\" content=\"article\" \/>\n<meta property=\"og:title\" content=\"TSC Alpha-40L RFID\" \/>\n<meta property=\"og:description\" content=\"L&#039;imprimante mobile RFID Alpha-40L compl\u00e8te la prestigieuse gamme de produits RFID stationnaires TSC Printronix Auto ID, offrant aux revendeurs et aux utilisateurs finaux...\" \/>\n<meta property=\"og:url\" content=\"https:\/\/d-identify.be\/fr\/produit\/tsc-alpha-40l-rfid\/\" \/>\n<meta property=\"og:site_name\" content=\"d-identify\" \/>\n<meta property=\"og:image\" content=\"https:\/\/d-identify.be\/wp-content\/uploads\/2022\/07\/alpha-40l.png\" \/>\n\t<meta property=\"og:image:width\" content=\"500\" \/>\n\t<meta property=\"og:image:height\" content=\"500\" \/>\n\t<meta property=\"og:image:type\" content=\"image\/png\" \/>\n<meta name=\"twitter:card\" content=\"summary_large_image\" \/>\n<meta name=\"twitter:label1\" content=\"Dur\u00e9e de lecture estim\u00e9e\" \/>\n\t<meta name=\"twitter:data1\" content=\"1 minute\" \/>\n<script type=\"application\/ld+json\" class=\"yoast-schema-graph\">{\"@context\":\"https:\/\/schema.org\",\"@graph\":[{\"@type\":\"WebPage\",\"@id\":\"https:\/\/d-identify.be\/fr\/produit\/tsc-alpha-40l-rfid\/\",\"url\":\"https:\/\/d-identify.be\/fr\/produit\/tsc-alpha-40l-rfid\/\",\"name\":\"TSC Alpha 40L RFID\",\"isPartOf\":{\"@id\":\"https:\/\/d-identify.be\/fr\/#website\"},\"primaryImageOfPage\":{\"@id\":\"https:\/\/d-identify.be\/fr\/produit\/tsc-alpha-40l-rfid\/#primaryimage\"},\"image\":{\"@id\":\"https:\/\/d-identify.be\/fr\/produit\/tsc-alpha-40l-rfid\/#primaryimage\"},\"thumbnailUrl\":\"https:\/\/d-identify.be\/wp-content\/uploads\/2022\/07\/alpha-40l.png\",\"datePublished\":\"2022-07-12T07:20:14+00:00\",\"description\":\"L'imprimante mobile RFID Alpha-40L compl\u00e8te la prestigieuse gamme de produits RFID stationnaires TSC Printronix Auto ID, offrant aux revendeurs et aux utilisateurs finaux...\",\"breadcrumb\":{\"@id\":\"https:\/\/d-identify.be\/fr\/produit\/tsc-alpha-40l-rfid\/#breadcrumb\"},\"inLanguage\":\"fr-FR\",\"potentialAction\":[{\"@type\":\"ReadAction\",\"target\":[\"https:\/\/d-identify.be\/fr\/produit\/tsc-alpha-40l-rfid\/\"]}]},{\"@type\":\"ImageObject\",\"inLanguage\":\"fr-FR\",\"@id\":\"https:\/\/d-identify.be\/fr\/produit\/tsc-alpha-40l-rfid\/#primaryimage\",\"url\":\"https:\/\/d-identify.be\/wp-content\/uploads\/2022\/07\/alpha-40l.png\",\"contentUrl\":\"https:\/\/d-identify.be\/wp-content\/uploads\/2022\/07\/alpha-40l.png\",\"width\":500,\"height\":500},{\"@type\":\"BreadcrumbList\",\"@id\":\"https:\/\/d-identify.be\/fr\/produit\/tsc-alpha-40l-rfid\/#breadcrumb\",\"itemListElement\":[{\"@type\":\"ListItem\",\"position\":1,\"name\":\"Home\",\"item\":\"https:\/\/d-identify.be\/fr\/home-2\/\"},{\"@type\":\"ListItem\",\"position\":2,\"name\":\"Boutique\",\"item\":\"https:\/\/d-identify.be\/fr\/boutique\/\"},{\"@type\":\"ListItem\",\"position\":3,\"name\":\"TSC Alpha-40L RFID\"}]},{\"@type\":\"WebSite\",\"@id\":\"https:\/\/d-identify.be\/fr\/#website\",\"url\":\"https:\/\/d-identify.be\/fr\/\",\"name\":\"d-identify\",\"description\":\"Industrial identification - Lockout - Tagout - Floor marking\",\"potentialAction\":[{\"@type\":\"SearchAction\",\"target\":{\"@type\":\"EntryPoint\",\"urlTemplate\":\"https:\/\/d-identify.be\/fr\/?s={search_term_string}\"},\"query-input\":{\"@type\":\"PropertyValueSpecification\",\"valueRequired\":true,\"valueName\":\"search_term_string\"}}],\"inLanguage\":\"fr-FR\"}]}<\/script>\n<!-- \/ Yoast SEO Premium plugin. -->","yoast_head_json":{"title":"TSC Alpha 40L RFID","description":"L'imprimante mobile RFID Alpha-40L compl\u00e8te la prestigieuse gamme de produits RFID stationnaires TSC Printronix Auto ID, offrant aux revendeurs et aux utilisateurs finaux...","robots":{"index":"index","follow":"follow","max-snippet":"max-snippet:-1","max-image-preview":"max-image-preview:large","max-video-preview":"max-video-preview:-1"},"canonical":"https:\/\/d-identify.be\/fr\/produit\/tsc-alpha-40l-rfid\/","og_locale":"fr_FR","og_type":"article","og_title":"TSC Alpha-40L RFID","og_description":"L'imprimante mobile RFID Alpha-40L compl\u00e8te la prestigieuse gamme de produits RFID stationnaires TSC Printronix Auto ID, offrant aux revendeurs et aux utilisateurs finaux...","og_url":"https:\/\/d-identify.be\/fr\/produit\/tsc-alpha-40l-rfid\/","og_site_name":"d-identify","og_image":[{"width":500,"height":500,"url":"https:\/\/d-identify.be\/wp-content\/uploads\/2022\/07\/alpha-40l.png","type":"image\/png"}],"twitter_card":"summary_large_image","twitter_misc":{"Dur\u00e9e de lecture estim\u00e9e":"1 minute"},"schema":{"@context":"https:\/\/schema.org","@graph":[{"@type":"WebPage","@id":"https:\/\/d-identify.be\/fr\/produit\/tsc-alpha-40l-rfid\/","url":"https:\/\/d-identify.be\/fr\/produit\/tsc-alpha-40l-rfid\/","name":"TSC Alpha 40L RFID","isPartOf":{"@id":"https:\/\/d-identify.be\/fr\/#website"},"primaryImageOfPage":{"@id":"https:\/\/d-identify.be\/fr\/produit\/tsc-alpha-40l-rfid\/#primaryimage"},"image":{"@id":"https:\/\/d-identify.be\/fr\/produit\/tsc-alpha-40l-rfid\/#primaryimage"},"thumbnailUrl":"https:\/\/d-identify.be\/wp-content\/uploads\/2022\/07\/alpha-40l.png","datePublished":"2022-07-12T07:20:14+00:00","description":"L'imprimante mobile RFID Alpha-40L compl\u00e8te la prestigieuse gamme de produits RFID stationnaires TSC Printronix Auto ID, offrant aux revendeurs et aux utilisateurs finaux...","breadcrumb":{"@id":"https:\/\/d-identify.be\/fr\/produit\/tsc-alpha-40l-rfid\/#breadcrumb"},"inLanguage":"fr-FR","potentialAction":[{"@type":"ReadAction","target":["https:\/\/d-identify.be\/fr\/produit\/tsc-alpha-40l-rfid\/"]}]},{"@type":"ImageObject","inLanguage":"fr-FR","@id":"https:\/\/d-identify.be\/fr\/produit\/tsc-alpha-40l-rfid\/#primaryimage","url":"https:\/\/d-identify.be\/wp-content\/uploads\/2022\/07\/alpha-40l.png","contentUrl":"https:\/\/d-identify.be\/wp-content\/uploads\/2022\/07\/alpha-40l.png","width":500,"height":500},{"@type":"BreadcrumbList","@id":"https:\/\/d-identify.be\/fr\/produit\/tsc-alpha-40l-rfid\/#breadcrumb","itemListElement":[{"@type":"ListItem","position":1,"name":"Home","item":"https:\/\/d-identify.be\/fr\/home-2\/"},{"@type":"ListItem","position":2,"name":"Boutique","item":"https:\/\/d-identify.be\/fr\/boutique\/"},{"@type":"ListItem","position":3,"name":"TSC Alpha-40L RFID"}]},{"@type":"WebSite","@id":"https:\/\/d-identify.be\/fr\/#website","url":"https:\/\/d-identify.be\/fr\/","name":"d-identify","description":"Industrial identification - Lockout - Tagout - Floor marking","potentialAction":[{"@type":"SearchAction","target":{"@type":"EntryPoint","urlTemplate":"https:\/\/d-identify.be\/fr\/?s={search_term_string}"},"query-input":{"@type":"PropertyValueSpecification","valueRequired":true,"valueName":"search_term_string"}}],"inLanguage":"fr-FR"}]}},"_links":{"self":[{"href":"https:\/\/d-identify.be\/fr\/wp-json\/wp\/v2\/product\/54393","targetHints":{"allow":["GET"]}}],"collection":[{"href":"https:\/\/d-identify.be\/fr\/wp-json\/wp\/v2\/product"}],"about":[{"href":"https:\/\/d-identify.be\/fr\/wp-json\/wp\/v2\/types\/product"}],"replies":[{"embeddable":true,"href":"https:\/\/d-identify.be\/fr\/wp-json\/wp\/v2\/comments?post=54393"}],"wp:featuredmedia":[{"embeddable":true,"href":"https:\/\/d-identify.be\/fr\/wp-json\/wp\/v2\/media\/25961"}],"wp:attachment":[{"href":"https:\/\/d-identify.be\/fr\/wp-json\/wp\/v2\/media?parent=54393"}],"wp:term":[{"taxonomy":"product_brand","embeddable":true,"href":"https:\/\/d-identify.be\/fr\/wp-json\/wp\/v2\/product_brand?post=54393"},{"taxonomy":"product_cat","embeddable":true,"href":"https:\/\/d-identify.be\/fr\/wp-json\/wp\/v2\/product_cat?post=54393"},{"taxonomy":"product_tag","embeddable":true,"href":"https:\/\/d-identify.be\/fr\/wp-json\/wp\/v2\/product_tag?post=54393"},{"taxonomy":"pa_connextion-shapes","embeddable":true,"href":"https:\/\/d-identify.be\/fr\/wp-json\/wp\/v2\/pa_connextion-shapes?post=54393"}],"curies":[{"name":"wp","href":"https:\/\/api.w.org\/{rel}","templated":true}]}}