{"id":54371,"date":"2022-07-12T10:05:21","date_gmt":"2022-07-12T08:05:21","guid":{"rendered":"https:\/\/d-identify.be\/product\/serie-rfid-zebra-zq500\/"},"modified":"2022-07-12T10:05:21","modified_gmt":"2022-07-12T08:05:21","slug":"serie-rfid-zebra-zq500","status":"publish","type":"product","link":"https:\/\/d-identify.be\/fr\/produit\/serie-rfid-zebra-zq500\/","title":{"rendered":"S\u00e9rie RFID Zebra ZQ500"},"content":{"rendered":"<div class=\"text section\">\n<div class=\"zebra-text\">\n<p>La s\u00e9rie ZQ500\u2122 de Zebra est d\u00e9sormais plus robuste. Les imprimantes haut de gamme ZQ511\u2122 et ZQ521\u2122, toutes disponibles en RFID, allient des capacit\u00e9s d&rsquo;impression de pointe \u00e0 une conception de qualit\u00e9 militaire pour une durabilit\u00e9 \u00e0 toute \u00e9preuve. Imprimez et encodez des \u00e9tiquettes RFID UHF (ultra haute fr\u00e9quence) \u00e0 la demande, o\u00f9 que vous soyez. Profitez d&rsquo;une long\u00e9vit\u00e9 optimale. Con\u00e7ues pour les conditions les plus difficiles, en int\u00e9rieur comme en ext\u00e9rieur, ces imprimantes r\u00e9sistent aux chutes, aux chocs, aux collisions et aux conditions environnementales difficiles, courantes dans les environnements de travail mobiles. Gr\u00e2ce \u00e0 de nouvelles fonctionnalit\u00e9s, une durabilit\u00e9 accrue et une batterie d&rsquo;une capacit\u00e9 in\u00e9gal\u00e9e, cette imprimante sera fonctionnelle du matin au soir.     <\/p>\n<\/div>\n<\/div>\n<div class=\"columncontrol section\">\n<p>&nbsp;<\/p>\n<div class=\"column-control row\">\n<div class=\"col-md-6\">\n<div>\n<div class=\"imagecomponent section\"><\/div>\n<\/div>\n<\/div>\n<\/div>\n<\/div>\n","protected":false},"excerpt":{"rendered":"<p>La s\u00e9rie ZQ500\u2122 de Zebra est d\u00e9sormais plus robuste. Les imprimantes haut de gamme ZQ511\u2122 et ZQ521\u2122, toutes deux disponibles en mod\u00e8les RFID, allient une impression mobile de pointe \u00e0 une conception de qualit\u00e9 militaire ultra-robuste. Imprimez et encodez des \u00e9tiquettes RFID UHF (Ultra Haute Fr\u00e9quence) \u00e0 la demande, o\u00f9 que vous soyez. Profitez d&rsquo;une durabilit\u00e9 extr\u00eame. Con\u00e7ues pour des conditions int\u00e9rieures et ext\u00e9rieures difficiles, ces imprimantes r\u00e9sistent aux chutes, aux chutes, aux accidents et aux conditions environnementales extr\u00eames, fr\u00e9quentes sur les lieux de travail mobiles. Gr\u00e2ce \u00e0 des fonctionnalit\u00e9s suppl\u00e9mentaires, une durabilit\u00e9 accrue et une capacit\u00e9 de batterie in\u00e9gal\u00e9e, cette imprimante fonctionnera aussi intens\u00e9ment et aussi longtemps que vous.     <\/p>\n","protected":false},"featured_media":25945,"comment_status":"open","ping_status":"closed","template":"","meta":{"_acf_changed":false,"_et_pb_use_builder":"","_et_pb_old_content":"","_et_gb_content_width":""},"product_brand":[1258],"product_cat":[617,775],"product_tag":[955],"pa_connextion-shapes":[],"class_list":{"0":"post-54371","1":"product","2":"type-product","3":"status-publish","4":"has-post-thumbnail","6":"product_brand-zebra","7":"product_cat-imprimantes-portables","8":"product_cat-imprimantes-detiquettes-rfid","9":"product_tag-zebra-fr","11":"first","12":"instock","13":"sale","14":"taxable","15":"shipping-taxable","16":"purchasable","17":"product-type-variable","18":"has-default-attributes"},"exclude_global_add_ons":[],"addons":[],"acf":[],"yoast_head":"<!-- This site is optimized with the Yoast SEO Premium plugin v27.0 (Yoast SEO v27.1) - https:\/\/yoast.com\/product\/yoast-seo-premium-wordpress\/ -->\n<title>RFID Zebra s\u00e9rie ZQ500<\/title>\n<meta name=\"description\" content=\"La s\u00e9rie ZQ500\u2122 de Zebra est d\u00e9sormais plus robuste. Les imprimantes haut de gamme ZQ511\u2122 et ZQ521\u2122, toutes deux disponibles en mod\u00e8les RFID, offrent la meilleure impression mobile de leur cat\u00e9gorie\u2026\" \/>\n<meta name=\"robots\" content=\"index, follow, max-snippet:-1, max-image-preview:large, max-video-preview:-1\" \/>\n<link rel=\"canonical\" href=\"https:\/\/d-identify.be\/fr\/produit\/serie-rfid-zebra-zq500\/\" \/>\n<meta property=\"og:locale\" content=\"fr_FR\" \/>\n<meta property=\"og:type\" content=\"article\" \/>\n<meta property=\"og:title\" content=\"S\u00e9rie RFID Zebra ZQ500\" \/>\n<meta property=\"og:description\" content=\"La s\u00e9rie ZQ500\u2122 de Zebra est d\u00e9sormais plus robuste. Les imprimantes haut de gamme ZQ511\u2122 et ZQ521\u2122, toutes deux disponibles en mod\u00e8les RFID, offrent la meilleure impression mobile de leur cat\u00e9gorie\u2026\" \/>\n<meta property=\"og:url\" content=\"https:\/\/d-identify.be\/fr\/produit\/serie-rfid-zebra-zq500\/\" \/>\n<meta property=\"og:site_name\" content=\"d-identify\" \/>\n<meta property=\"og:image\" content=\"https:\/\/d-identify.be\/wp-content\/uploads\/2022\/07\/zebra500.jpg\" \/>\n\t<meta property=\"og:image:width\" content=\"383\" \/>\n\t<meta property=\"og:image:height\" content=\"255\" \/>\n\t<meta property=\"og:image:type\" content=\"image\/jpeg\" \/>\n<meta name=\"twitter:card\" content=\"summary_large_image\" \/>\n<meta name=\"twitter:label1\" content=\"Dur\u00e9e de lecture estim\u00e9e\" \/>\n\t<meta name=\"twitter:data1\" content=\"1 minute\" \/>\n<script type=\"application\/ld+json\" class=\"yoast-schema-graph\">{\"@context\":\"https:\/\/schema.org\",\"@graph\":[{\"@type\":\"WebPage\",\"@id\":\"https:\/\/d-identify.be\/fr\/produit\/serie-rfid-zebra-zq500\/\",\"url\":\"https:\/\/d-identify.be\/fr\/produit\/serie-rfid-zebra-zq500\/\",\"name\":\"RFID Zebra s\u00e9rie ZQ500\",\"isPartOf\":{\"@id\":\"https:\/\/d-identify.be\/fr\/#website\"},\"primaryImageOfPage\":{\"@id\":\"https:\/\/d-identify.be\/fr\/produit\/serie-rfid-zebra-zq500\/#primaryimage\"},\"image\":{\"@id\":\"https:\/\/d-identify.be\/fr\/produit\/serie-rfid-zebra-zq500\/#primaryimage\"},\"thumbnailUrl\":\"https:\/\/d-identify.be\/wp-content\/uploads\/2022\/07\/zebra500.jpg\",\"datePublished\":\"2022-07-12T08:05:21+00:00\",\"description\":\"La s\u00e9rie ZQ500\u2122 de Zebra est d\u00e9sormais plus robuste. Les imprimantes haut de gamme ZQ511\u2122 et ZQ521\u2122, toutes deux disponibles en mod\u00e8les RFID, offrent la meilleure impression mobile de leur cat\u00e9gorie\u2026\",\"breadcrumb\":{\"@id\":\"https:\/\/d-identify.be\/fr\/produit\/serie-rfid-zebra-zq500\/#breadcrumb\"},\"inLanguage\":\"fr-FR\",\"potentialAction\":[{\"@type\":\"ReadAction\",\"target\":[\"https:\/\/d-identify.be\/fr\/produit\/serie-rfid-zebra-zq500\/\"]}]},{\"@type\":\"ImageObject\",\"inLanguage\":\"fr-FR\",\"@id\":\"https:\/\/d-identify.be\/fr\/produit\/serie-rfid-zebra-zq500\/#primaryimage\",\"url\":\"https:\/\/d-identify.be\/wp-content\/uploads\/2022\/07\/zebra500.jpg\",\"contentUrl\":\"https:\/\/d-identify.be\/wp-content\/uploads\/2022\/07\/zebra500.jpg\",\"width\":383,\"height\":255,\"caption\":\"zebra zq500 rfid\"},{\"@type\":\"BreadcrumbList\",\"@id\":\"https:\/\/d-identify.be\/fr\/produit\/serie-rfid-zebra-zq500\/#breadcrumb\",\"itemListElement\":[{\"@type\":\"ListItem\",\"position\":1,\"name\":\"Home\",\"item\":\"https:\/\/d-identify.be\/fr\/home-2\/\"},{\"@type\":\"ListItem\",\"position\":2,\"name\":\"Boutique\",\"item\":\"https:\/\/d-identify.be\/fr\/boutique\/\"},{\"@type\":\"ListItem\",\"position\":3,\"name\":\"S\u00e9rie RFID Zebra ZQ500\"}]},{\"@type\":\"WebSite\",\"@id\":\"https:\/\/d-identify.be\/fr\/#website\",\"url\":\"https:\/\/d-identify.be\/fr\/\",\"name\":\"d-identify\",\"description\":\"Industrial identification - Lockout - Tagout - Floor marking\",\"potentialAction\":[{\"@type\":\"SearchAction\",\"target\":{\"@type\":\"EntryPoint\",\"urlTemplate\":\"https:\/\/d-identify.be\/fr\/?s={search_term_string}\"},\"query-input\":{\"@type\":\"PropertyValueSpecification\",\"valueRequired\":true,\"valueName\":\"search_term_string\"}}],\"inLanguage\":\"fr-FR\"}]}<\/script>\n<!-- \/ Yoast SEO Premium plugin. -->","yoast_head_json":{"title":"RFID Zebra s\u00e9rie ZQ500","description":"La s\u00e9rie ZQ500\u2122 de Zebra est d\u00e9sormais plus robuste. Les imprimantes haut de gamme ZQ511\u2122 et ZQ521\u2122, toutes deux disponibles en mod\u00e8les RFID, offrent la meilleure impression mobile de leur cat\u00e9gorie\u2026","robots":{"index":"index","follow":"follow","max-snippet":"max-snippet:-1","max-image-preview":"max-image-preview:large","max-video-preview":"max-video-preview:-1"},"canonical":"https:\/\/d-identify.be\/fr\/produit\/serie-rfid-zebra-zq500\/","og_locale":"fr_FR","og_type":"article","og_title":"S\u00e9rie RFID Zebra ZQ500","og_description":"La s\u00e9rie ZQ500\u2122 de Zebra est d\u00e9sormais plus robuste. Les imprimantes haut de gamme ZQ511\u2122 et ZQ521\u2122, toutes deux disponibles en mod\u00e8les RFID, offrent la meilleure impression mobile de leur cat\u00e9gorie\u2026","og_url":"https:\/\/d-identify.be\/fr\/produit\/serie-rfid-zebra-zq500\/","og_site_name":"d-identify","og_image":[{"width":383,"height":255,"url":"https:\/\/d-identify.be\/wp-content\/uploads\/2022\/07\/zebra500.jpg","type":"image\/jpeg"}],"twitter_card":"summary_large_image","twitter_misc":{"Dur\u00e9e de lecture estim\u00e9e":"1 minute"},"schema":{"@context":"https:\/\/schema.org","@graph":[{"@type":"WebPage","@id":"https:\/\/d-identify.be\/fr\/produit\/serie-rfid-zebra-zq500\/","url":"https:\/\/d-identify.be\/fr\/produit\/serie-rfid-zebra-zq500\/","name":"RFID Zebra s\u00e9rie ZQ500","isPartOf":{"@id":"https:\/\/d-identify.be\/fr\/#website"},"primaryImageOfPage":{"@id":"https:\/\/d-identify.be\/fr\/produit\/serie-rfid-zebra-zq500\/#primaryimage"},"image":{"@id":"https:\/\/d-identify.be\/fr\/produit\/serie-rfid-zebra-zq500\/#primaryimage"},"thumbnailUrl":"https:\/\/d-identify.be\/wp-content\/uploads\/2022\/07\/zebra500.jpg","datePublished":"2022-07-12T08:05:21+00:00","description":"La s\u00e9rie ZQ500\u2122 de Zebra est d\u00e9sormais plus robuste. Les imprimantes haut de gamme ZQ511\u2122 et ZQ521\u2122, toutes deux disponibles en mod\u00e8les RFID, offrent la meilleure impression mobile de leur cat\u00e9gorie\u2026","breadcrumb":{"@id":"https:\/\/d-identify.be\/fr\/produit\/serie-rfid-zebra-zq500\/#breadcrumb"},"inLanguage":"fr-FR","potentialAction":[{"@type":"ReadAction","target":["https:\/\/d-identify.be\/fr\/produit\/serie-rfid-zebra-zq500\/"]}]},{"@type":"ImageObject","inLanguage":"fr-FR","@id":"https:\/\/d-identify.be\/fr\/produit\/serie-rfid-zebra-zq500\/#primaryimage","url":"https:\/\/d-identify.be\/wp-content\/uploads\/2022\/07\/zebra500.jpg","contentUrl":"https:\/\/d-identify.be\/wp-content\/uploads\/2022\/07\/zebra500.jpg","width":383,"height":255,"caption":"zebra zq500 rfid"},{"@type":"BreadcrumbList","@id":"https:\/\/d-identify.be\/fr\/produit\/serie-rfid-zebra-zq500\/#breadcrumb","itemListElement":[{"@type":"ListItem","position":1,"name":"Home","item":"https:\/\/d-identify.be\/fr\/home-2\/"},{"@type":"ListItem","position":2,"name":"Boutique","item":"https:\/\/d-identify.be\/fr\/boutique\/"},{"@type":"ListItem","position":3,"name":"S\u00e9rie RFID Zebra ZQ500"}]},{"@type":"WebSite","@id":"https:\/\/d-identify.be\/fr\/#website","url":"https:\/\/d-identify.be\/fr\/","name":"d-identify","description":"Industrial identification - Lockout - Tagout - Floor marking","potentialAction":[{"@type":"SearchAction","target":{"@type":"EntryPoint","urlTemplate":"https:\/\/d-identify.be\/fr\/?s={search_term_string}"},"query-input":{"@type":"PropertyValueSpecification","valueRequired":true,"valueName":"search_term_string"}}],"inLanguage":"fr-FR"}]}},"_links":{"self":[{"href":"https:\/\/d-identify.be\/fr\/wp-json\/wp\/v2\/product\/54371","targetHints":{"allow":["GET"]}}],"collection":[{"href":"https:\/\/d-identify.be\/fr\/wp-json\/wp\/v2\/product"}],"about":[{"href":"https:\/\/d-identify.be\/fr\/wp-json\/wp\/v2\/types\/product"}],"replies":[{"embeddable":true,"href":"https:\/\/d-identify.be\/fr\/wp-json\/wp\/v2\/comments?post=54371"}],"wp:featuredmedia":[{"embeddable":true,"href":"https:\/\/d-identify.be\/fr\/wp-json\/wp\/v2\/media\/25945"}],"wp:attachment":[{"href":"https:\/\/d-identify.be\/fr\/wp-json\/wp\/v2\/media?parent=54371"}],"wp:term":[{"taxonomy":"product_brand","embeddable":true,"href":"https:\/\/d-identify.be\/fr\/wp-json\/wp\/v2\/product_brand?post=54371"},{"taxonomy":"product_cat","embeddable":true,"href":"https:\/\/d-identify.be\/fr\/wp-json\/wp\/v2\/product_cat?post=54371"},{"taxonomy":"product_tag","embeddable":true,"href":"https:\/\/d-identify.be\/fr\/wp-json\/wp\/v2\/product_tag?post=54371"},{"taxonomy":"pa_connextion-shapes","embeddable":true,"href":"https:\/\/d-identify.be\/fr\/wp-json\/wp\/v2\/pa_connextion-shapes?post=54371"}],"curies":[{"name":"wp","href":"https:\/\/api.w.org\/{rel}","templated":true}]}}