{"id":54345,"date":"2022-07-12T11:17:29","date_gmt":"2022-07-12T09:17:29","guid":{"rendered":"https:\/\/d-identify.be\/product\/imprimante-rfid-zebra-zq630\/"},"modified":"2022-07-12T11:17:29","modified_gmt":"2022-07-12T09:17:29","slug":"imprimante-rfid-zebra-zq630","status":"publish","type":"product","link":"https:\/\/d-identify.be\/fr\/produit\/imprimante-rfid-zebra-zq630\/","title":{"rendered":"Imprimante RFID Zebra ZQ630"},"content":{"rendered":"<p>Boostez votre productivit\u00e9 gr\u00e2ce \u00e0 l&rsquo;imprimante RFID Zebra ZQ630, \u00e0 son impression rapide et de haute qualit\u00e9 et \u00e0 ses fonctionnalit\u00e9s de pointe. \u00c9cran couleur, navigation simple, activation instantan\u00e9e par Wi-Fi ou Bluetooth, technologie et capacit\u00e9 de batterie de pointe, et d\u00e9sormais RFID, le tout dans une imprimante mobile l\u00e9g\u00e8re et durable. R\u00e9duisez les erreurs et les temps d&rsquo;impression des \u00e9tiquettes RFID en imprimant et en encodant au point d&rsquo;application. Gardez vos \u00e9quipes connect\u00e9es en permanence gr\u00e2ce \u00e0 la technologie sans fil de pointe et \u00e0 des \u00e9quipes ininterrompues, gr\u00e2ce \u00e0 des batteries \u00e0 capacit\u00e9 maximale et \u00e0 des indicateurs intelligents.   <\/p>\n","protected":false},"excerpt":{"rendered":"<p>La configuration du RFID est simple gr\u00e2ce \u00e0 ses fonctions de calibrage automatique qui \u00e9liminent les r\u00e8gles de positionnement complexes. Ins\u00e9rez votre dispositif RFID dans le ZQ630 et calibrez-le une fois pour toutes : inutile de le recalibrer pour des dispositifs du m\u00eame type. <\/p>\n","protected":false},"featured_media":25933,"comment_status":"open","ping_status":"closed","template":"","meta":{"_acf_changed":false,"_et_pb_use_builder":"","_et_pb_old_content":"","_et_gb_content_width":""},"product_brand":[1258],"product_cat":[595,617,775],"product_tag":[],"pa_connextion-shapes":[],"class_list":{"0":"post-54345","1":"product","2":"type-product","3":"status-publish","4":"has-post-thumbnail","6":"product_brand-zebra","7":"product_cat-imprimantes-industrielles","8":"product_cat-imprimantes-portables","9":"product_cat-imprimantes-detiquettes-rfid","11":"first","12":"instock","13":"sale","14":"taxable","15":"shipping-taxable","16":"purchasable","17":"product-type-simple"},"exclude_global_add_ons":[],"addons":[],"acf":[],"yoast_head":"<!-- This site is optimized with the Yoast SEO Premium plugin v27.0 (Yoast SEO v27.1) - https:\/\/yoast.com\/product\/yoast-seo-premium-wordpress\/ -->\n<title>Imprimante RFID Zebra ZQ630<\/title>\n<meta name=\"description\" content=\"L&#039;imprimante RFID Zebra ZQ630 est facilement configurable, gr\u00e2ce \u00e0 ses fonctions d&#039;\u00e9talonnage automatique \u00e9liminant les r\u00e8gles de positionnement complexes.\" \/>\n<meta name=\"robots\" content=\"index, follow, max-snippet:-1, max-image-preview:large, max-video-preview:-1\" \/>\n<link rel=\"canonical\" href=\"https:\/\/d-identify.be\/fr\/produit\/imprimante-rfid-zebra-zq630\/\" \/>\n<meta property=\"og:locale\" content=\"fr_FR\" \/>\n<meta property=\"og:type\" content=\"article\" \/>\n<meta property=\"og:title\" content=\"Imprimante RFID Zebra ZQ630\" \/>\n<meta property=\"og:description\" content=\"L&#039;imprimante RFID Zebra ZQ630 est facilement configurable, gr\u00e2ce \u00e0 ses fonctions d&#039;\u00e9talonnage automatique \u00e9liminant les r\u00e8gles de positionnement complexes.\" \/>\n<meta property=\"og:url\" content=\"https:\/\/d-identify.be\/fr\/produit\/imprimante-rfid-zebra-zq630\/\" \/>\n<meta property=\"og:site_name\" content=\"d-identify\" \/>\n<meta property=\"og:image\" content=\"https:\/\/d-identify.be\/wp-content\/uploads\/2022\/07\/image-3.jpg\" \/>\n\t<meta property=\"og:image:width\" content=\"255\" \/>\n\t<meta property=\"og:image:height\" content=\"255\" \/>\n\t<meta property=\"og:image:type\" content=\"image\/jpeg\" \/>\n<meta name=\"twitter:card\" content=\"summary_large_image\" \/>\n<meta name=\"twitter:label1\" content=\"Dur\u00e9e de lecture estim\u00e9e\" \/>\n\t<meta name=\"twitter:data1\" content=\"1 minute\" \/>\n<script type=\"application\/ld+json\" class=\"yoast-schema-graph\">{\"@context\":\"https:\/\/schema.org\",\"@graph\":[{\"@type\":\"WebPage\",\"@id\":\"https:\/\/d-identify.be\/fr\/produit\/imprimante-rfid-zebra-zq630\/\",\"url\":\"https:\/\/d-identify.be\/fr\/produit\/imprimante-rfid-zebra-zq630\/\",\"name\":\"Imprimante RFID Zebra ZQ630\",\"isPartOf\":{\"@id\":\"https:\/\/d-identify.be\/fr\/#website\"},\"primaryImageOfPage\":{\"@id\":\"https:\/\/d-identify.be\/fr\/produit\/imprimante-rfid-zebra-zq630\/#primaryimage\"},\"image\":{\"@id\":\"https:\/\/d-identify.be\/fr\/produit\/imprimante-rfid-zebra-zq630\/#primaryimage\"},\"thumbnailUrl\":\"https:\/\/d-identify.be\/wp-content\/uploads\/2022\/07\/image-3.jpg\",\"datePublished\":\"2022-07-12T09:17:29+00:00\",\"description\":\"L'imprimante RFID Zebra ZQ630 est facilement configurable, gr\u00e2ce \u00e0 ses fonctions d'\u00e9talonnage automatique \u00e9liminant les r\u00e8gles de positionnement complexes.\",\"breadcrumb\":{\"@id\":\"https:\/\/d-identify.be\/fr\/produit\/imprimante-rfid-zebra-zq630\/#breadcrumb\"},\"inLanguage\":\"fr-FR\",\"potentialAction\":[{\"@type\":\"ReadAction\",\"target\":[\"https:\/\/d-identify.be\/fr\/produit\/imprimante-rfid-zebra-zq630\/\"]}]},{\"@type\":\"ImageObject\",\"inLanguage\":\"fr-FR\",\"@id\":\"https:\/\/d-identify.be\/fr\/produit\/imprimante-rfid-zebra-zq630\/#primaryimage\",\"url\":\"https:\/\/d-identify.be\/wp-content\/uploads\/2022\/07\/image-3.jpg\",\"contentUrl\":\"https:\/\/d-identify.be\/wp-content\/uploads\/2022\/07\/image-3.jpg\",\"width\":255,\"height\":255,\"caption\":\"Imprimante RFID Zebra ZQ630\"},{\"@type\":\"BreadcrumbList\",\"@id\":\"https:\/\/d-identify.be\/fr\/produit\/imprimante-rfid-zebra-zq630\/#breadcrumb\",\"itemListElement\":[{\"@type\":\"ListItem\",\"position\":1,\"name\":\"Home\",\"item\":\"https:\/\/d-identify.be\/fr\/home-2\/\"},{\"@type\":\"ListItem\",\"position\":2,\"name\":\"Boutique\",\"item\":\"https:\/\/d-identify.be\/fr\/boutique\/\"},{\"@type\":\"ListItem\",\"position\":3,\"name\":\"Imprimante RFID Zebra ZQ630\"}]},{\"@type\":\"WebSite\",\"@id\":\"https:\/\/d-identify.be\/fr\/#website\",\"url\":\"https:\/\/d-identify.be\/fr\/\",\"name\":\"d-identify\",\"description\":\"Industrial identification - Lockout - Tagout - Floor marking\",\"potentialAction\":[{\"@type\":\"SearchAction\",\"target\":{\"@type\":\"EntryPoint\",\"urlTemplate\":\"https:\/\/d-identify.be\/fr\/?s={search_term_string}\"},\"query-input\":{\"@type\":\"PropertyValueSpecification\",\"valueRequired\":true,\"valueName\":\"search_term_string\"}}],\"inLanguage\":\"fr-FR\"}]}<\/script>\n<!-- \/ Yoast SEO Premium plugin. -->","yoast_head_json":{"title":"Imprimante RFID Zebra ZQ630","description":"L'imprimante RFID Zebra ZQ630 est facilement configurable, gr\u00e2ce \u00e0 ses fonctions d'\u00e9talonnage automatique \u00e9liminant les r\u00e8gles de positionnement complexes.","robots":{"index":"index","follow":"follow","max-snippet":"max-snippet:-1","max-image-preview":"max-image-preview:large","max-video-preview":"max-video-preview:-1"},"canonical":"https:\/\/d-identify.be\/fr\/produit\/imprimante-rfid-zebra-zq630\/","og_locale":"fr_FR","og_type":"article","og_title":"Imprimante RFID Zebra ZQ630","og_description":"L'imprimante RFID Zebra ZQ630 est facilement configurable, gr\u00e2ce \u00e0 ses fonctions d'\u00e9talonnage automatique \u00e9liminant les r\u00e8gles de positionnement complexes.","og_url":"https:\/\/d-identify.be\/fr\/produit\/imprimante-rfid-zebra-zq630\/","og_site_name":"d-identify","og_image":[{"width":255,"height":255,"url":"https:\/\/d-identify.be\/wp-content\/uploads\/2022\/07\/image-3.jpg","type":"image\/jpeg"}],"twitter_card":"summary_large_image","twitter_misc":{"Dur\u00e9e de lecture estim\u00e9e":"1 minute"},"schema":{"@context":"https:\/\/schema.org","@graph":[{"@type":"WebPage","@id":"https:\/\/d-identify.be\/fr\/produit\/imprimante-rfid-zebra-zq630\/","url":"https:\/\/d-identify.be\/fr\/produit\/imprimante-rfid-zebra-zq630\/","name":"Imprimante RFID Zebra ZQ630","isPartOf":{"@id":"https:\/\/d-identify.be\/fr\/#website"},"primaryImageOfPage":{"@id":"https:\/\/d-identify.be\/fr\/produit\/imprimante-rfid-zebra-zq630\/#primaryimage"},"image":{"@id":"https:\/\/d-identify.be\/fr\/produit\/imprimante-rfid-zebra-zq630\/#primaryimage"},"thumbnailUrl":"https:\/\/d-identify.be\/wp-content\/uploads\/2022\/07\/image-3.jpg","datePublished":"2022-07-12T09:17:29+00:00","description":"L'imprimante RFID Zebra ZQ630 est facilement configurable, gr\u00e2ce \u00e0 ses fonctions d'\u00e9talonnage automatique \u00e9liminant les r\u00e8gles de positionnement complexes.","breadcrumb":{"@id":"https:\/\/d-identify.be\/fr\/produit\/imprimante-rfid-zebra-zq630\/#breadcrumb"},"inLanguage":"fr-FR","potentialAction":[{"@type":"ReadAction","target":["https:\/\/d-identify.be\/fr\/produit\/imprimante-rfid-zebra-zq630\/"]}]},{"@type":"ImageObject","inLanguage":"fr-FR","@id":"https:\/\/d-identify.be\/fr\/produit\/imprimante-rfid-zebra-zq630\/#primaryimage","url":"https:\/\/d-identify.be\/wp-content\/uploads\/2022\/07\/image-3.jpg","contentUrl":"https:\/\/d-identify.be\/wp-content\/uploads\/2022\/07\/image-3.jpg","width":255,"height":255,"caption":"Imprimante RFID Zebra ZQ630"},{"@type":"BreadcrumbList","@id":"https:\/\/d-identify.be\/fr\/produit\/imprimante-rfid-zebra-zq630\/#breadcrumb","itemListElement":[{"@type":"ListItem","position":1,"name":"Home","item":"https:\/\/d-identify.be\/fr\/home-2\/"},{"@type":"ListItem","position":2,"name":"Boutique","item":"https:\/\/d-identify.be\/fr\/boutique\/"},{"@type":"ListItem","position":3,"name":"Imprimante RFID Zebra ZQ630"}]},{"@type":"WebSite","@id":"https:\/\/d-identify.be\/fr\/#website","url":"https:\/\/d-identify.be\/fr\/","name":"d-identify","description":"Industrial identification - Lockout - Tagout - Floor marking","potentialAction":[{"@type":"SearchAction","target":{"@type":"EntryPoint","urlTemplate":"https:\/\/d-identify.be\/fr\/?s={search_term_string}"},"query-input":{"@type":"PropertyValueSpecification","valueRequired":true,"valueName":"search_term_string"}}],"inLanguage":"fr-FR"}]}},"_links":{"self":[{"href":"https:\/\/d-identify.be\/fr\/wp-json\/wp\/v2\/product\/54345","targetHints":{"allow":["GET"]}}],"collection":[{"href":"https:\/\/d-identify.be\/fr\/wp-json\/wp\/v2\/product"}],"about":[{"href":"https:\/\/d-identify.be\/fr\/wp-json\/wp\/v2\/types\/product"}],"replies":[{"embeddable":true,"href":"https:\/\/d-identify.be\/fr\/wp-json\/wp\/v2\/comments?post=54345"}],"wp:featuredmedia":[{"embeddable":true,"href":"https:\/\/d-identify.be\/fr\/wp-json\/wp\/v2\/media\/25933"}],"wp:attachment":[{"href":"https:\/\/d-identify.be\/fr\/wp-json\/wp\/v2\/media?parent=54345"}],"wp:term":[{"taxonomy":"product_brand","embeddable":true,"href":"https:\/\/d-identify.be\/fr\/wp-json\/wp\/v2\/product_brand?post=54345"},{"taxonomy":"product_cat","embeddable":true,"href":"https:\/\/d-identify.be\/fr\/wp-json\/wp\/v2\/product_cat?post=54345"},{"taxonomy":"product_tag","embeddable":true,"href":"https:\/\/d-identify.be\/fr\/wp-json\/wp\/v2\/product_tag?post=54345"},{"taxonomy":"pa_connextion-shapes","embeddable":true,"href":"https:\/\/d-identify.be\/fr\/wp-json\/wp\/v2\/pa_connextion-shapes?post=54345"}],"curies":[{"name":"wp","href":"https:\/\/api.w.org\/{rel}","templated":true}]}}