{"id":54055,"date":"2025-03-28T09:02:08","date_gmt":"2025-03-28T07:02:08","guid":{"rendered":"https:\/\/d-identify.be\/?post_type=product&#038;p=54055"},"modified":"2025-05-02T12:24:47","modified_gmt":"2025-05-02T10:24:47","slug":"zebra-zt111-copy","status":"publish","type":"product","link":"https:\/\/d-identify.be\/fr\/produit\/zebra-zt111-copy\/","title":{"rendered":"Zebra 220Xi4, 216mm, 203 DPI"},"content":{"rendered":"<div class=\"clearfix text-formatted field field--name-field-description field--type-text-long field--label-hidden field__item\">L&rsquo;imprimante d&rsquo;\u00e9tiquettes Zebra 220Xi4 imprime rapidement des \u00e9tiquettes jusqu&rsquo;\u00e0 224 mm de large et 991 mm de long \u00e0 une vitesse de 254 mm par seconde. Textes, logos et codes-barres sont parfaitement lisibles gr\u00e2ce \u00e0 une r\u00e9solution de 8 points\/mm (203 dpi). Optez pour la version 12 points\/mm (300 dpi) pour des graphiques haute densit\u00e9 ou des polices de petite taille. La grande m\u00e9moire (64 Mo SDRAM, 16 Mo Flash) garantit une impression rapide et fiable, m\u00eame pour les \u00e9tiquettes les plus complexes.   <\/div>\n<div><\/div>\n<div class=\"clearfix text-formatted field field--name-field-product-text field--type-text-long field--label-hidden field__item\">L&rsquo;imprimante d&rsquo;\u00e9tiquettes Zebra 220Xi4 peut g\u00e9rer de grandes quantit\u00e9s d&rsquo;\u00e9tiquettes (jusqu&rsquo;\u00e0 203 mm de diam\u00e8tre ext\u00e9rieur). Son bo\u00eetier robuste en acier garantit une utilisation continue et sans interruption dans les environnements les plus difficiles. Ses performances \u00e9lev\u00e9es font de la Xi4 un choix naturel pour les applications d&rsquo;\u00e9tiquetage grand format, telles que les \u00e9tiquettes de f\u00fbts chimiques, les \u00e9tiquettes standard pour m\u00e9taux primaires, les \u00e9tiquettes pour l&rsquo;industrie automobile, les \u00e9tiquettes au format banni\u00e8re et les \u00e9tiquettes d&rsquo;exp\u00e9dition de palettes et de conteneurs. Son \u00e9cran LCD graphique offre une configuration particuli\u00e8rement flexible, tandis que son int\u00e9gration \u00e0 toutes les infrastructures existantes, ses connexions rapides via RS-232, parall\u00e8le, USB, Ethernet ou Wi-Fi (en option) et ses versions avec massicot, distributeur ou enrouleur automatiques en font une solution polyvalente pour toutes les applications d&rsquo;\u00e9tiquetage.  <\/div>\n","protected":false},"excerpt":{"rendered":"<p>Le 220Xi4 imprime rapidement des \u00e9tiquettes jusqu&rsquo;\u00e0 224 mm de large et 991 mm de long \u00e0 254 mm par seconde. Tous les textes, logos et codes-barres sont parfaitement lisibles gr\u00e2ce \u00e0 une r\u00e9solution de 8 points\/mm (203 ppp). Choisissez la version 12 points\/mm (300 ppp) pour des graphismes haute densit\u00e9 ou des polices de petite taille. <\/p>\n<ul>\n<li>Garantie standard de 2 ans<\/li>\n<li>Fret lourd !<\/li>\n<\/ul>\n<p><strong>Principales fonctionnalit\u00e9s<\/strong><\/p>\n","protected":false},"featured_media":54082,"comment_status":"open","ping_status":"closed","template":"","meta":{"_acf_changed":false,"_et_pb_use_builder":"","_et_pb_old_content":"","_et_gb_content_width":""},"product_brand":[1258],"product_cat":[658],"product_tag":[],"pa_connextion-shapes":[],"class_list":{"0":"post-54055","1":"product","2":"type-product","3":"status-publish","4":"has-post-thumbnail","6":"product_brand-zebra","7":"product_cat-imprimantes-industrielles-a-transfert-thermique","9":"first","10":"instock","11":"sale","12":"taxable","13":"shipping-taxable","14":"purchasable","15":"product-type-simple"},"exclude_global_add_ons":[],"addons":[],"acf":[],"yoast_head":"<!-- This site is optimized with the Yoast SEO Premium plugin v27.0 (Yoast SEO v27.1) - https:\/\/yoast.com\/product\/yoast-seo-premium-wordpress\/ -->\n<title>Imprimante d&#039;\u00e9tiquettes Zebra 220Xi4 | \u00c9tiquettes grand format<\/title>\n<meta name=\"description\" content=\"L&#039;imprimante d&#039;\u00e9tiquettes Zebra 220Xi4 imprime des \u00e9tiquettes grand format jusqu&#039;\u00e0 216 mm de large. Robuste, rapide et fiable, elle est id\u00e9ale pour un usage industriel. Commandez d\u00e8s maintenant !\" \/>\n<meta name=\"robots\" content=\"index, follow, max-snippet:-1, max-image-preview:large, max-video-preview:-1\" \/>\n<link rel=\"canonical\" href=\"https:\/\/d-identify.be\/fr\/produit\/zebra-zt111-copy\/\" \/>\n<meta property=\"og:locale\" content=\"fr_FR\" \/>\n<meta property=\"og:type\" content=\"article\" \/>\n<meta property=\"og:title\" content=\"Zebra 220Xi4, 216mm, 203 DPI\" \/>\n<meta property=\"og:description\" content=\"L&#039;imprimante d&#039;\u00e9tiquettes Zebra 220Xi4 imprime des \u00e9tiquettes grand format jusqu&#039;\u00e0 216 mm de large. Robuste, rapide et fiable, elle est id\u00e9ale pour un usage industriel. Commandez d\u00e8s maintenant !\" \/>\n<meta property=\"og:url\" content=\"https:\/\/d-identify.be\/fr\/produit\/zebra-zt111-copy\/\" \/>\n<meta property=\"og:site_name\" content=\"d-identify\" \/>\n<meta property=\"article:modified_time\" content=\"2025-05-02T10:24:47+00:00\" \/>\n<meta property=\"og:image\" content=\"https:\/\/d-identify.be\/wp-content\/uploads\/2025\/03\/220xi4-front-left-media-3x2-3600-scaled.jpg\" \/>\n\t<meta property=\"og:image:width\" content=\"2560\" \/>\n\t<meta property=\"og:image:height\" content=\"1707\" \/>\n\t<meta property=\"og:image:type\" content=\"image\/jpeg\" \/>\n<meta name=\"twitter:card\" content=\"summary_large_image\" \/>\n<meta name=\"twitter:label1\" content=\"Dur\u00e9e de lecture estim\u00e9e\" \/>\n\t<meta name=\"twitter:data1\" content=\"1 minute\" \/>\n<script type=\"application\/ld+json\" class=\"yoast-schema-graph\">{\"@context\":\"https:\/\/schema.org\",\"@graph\":[{\"@type\":\"WebPage\",\"@id\":\"https:\/\/d-identify.be\/fr\/produit\/zebra-zt111-copy\/\",\"url\":\"https:\/\/d-identify.be\/fr\/produit\/zebra-zt111-copy\/\",\"name\":\"Imprimante d'\u00e9tiquettes Zebra 220Xi4 | \u00c9tiquettes grand format\",\"isPartOf\":{\"@id\":\"https:\/\/d-identify.be\/fr\/#website\"},\"primaryImageOfPage\":{\"@id\":\"https:\/\/d-identify.be\/fr\/produit\/zebra-zt111-copy\/#primaryimage\"},\"image\":{\"@id\":\"https:\/\/d-identify.be\/fr\/produit\/zebra-zt111-copy\/#primaryimage\"},\"thumbnailUrl\":\"https:\/\/d-identify.be\/wp-content\/uploads\/2025\/03\/220xi4-front-left-media-3x2-3600-scaled.jpg\",\"datePublished\":\"2025-03-28T07:02:08+00:00\",\"dateModified\":\"2025-05-02T10:24:47+00:00\",\"description\":\"L'imprimante d'\u00e9tiquettes Zebra 220Xi4 imprime des \u00e9tiquettes grand format jusqu'\u00e0 216 mm de large. Robuste, rapide et fiable, elle est id\u00e9ale pour un usage industriel. Commandez d\u00e8s maintenant !\",\"breadcrumb\":{\"@id\":\"https:\/\/d-identify.be\/fr\/produit\/zebra-zt111-copy\/#breadcrumb\"},\"inLanguage\":\"fr-FR\",\"potentialAction\":[{\"@type\":\"ReadAction\",\"target\":[\"https:\/\/d-identify.be\/fr\/produit\/zebra-zt111-copy\/\"]}]},{\"@type\":\"ImageObject\",\"inLanguage\":\"fr-FR\",\"@id\":\"https:\/\/d-identify.be\/fr\/produit\/zebra-zt111-copy\/#primaryimage\",\"url\":\"https:\/\/d-identify.be\/wp-content\/uploads\/2025\/03\/220xi4-front-left-media-3x2-3600-scaled.jpg\",\"contentUrl\":\"https:\/\/d-identify.be\/wp-content\/uploads\/2025\/03\/220xi4-front-left-media-3x2-3600-scaled.jpg\",\"width\":2560,\"height\":1707,\"caption\":\"Zebra 220Xi4 300 dpi imprimante industrielle d\u2019\u00e9tiquettes\"},{\"@type\":\"BreadcrumbList\",\"@id\":\"https:\/\/d-identify.be\/fr\/produit\/zebra-zt111-copy\/#breadcrumb\",\"itemListElement\":[{\"@type\":\"ListItem\",\"position\":1,\"name\":\"Home\",\"item\":\"https:\/\/d-identify.be\/fr\/home-2\/\"},{\"@type\":\"ListItem\",\"position\":2,\"name\":\"Boutique\",\"item\":\"https:\/\/d-identify.be\/fr\/boutique\/\"},{\"@type\":\"ListItem\",\"position\":3,\"name\":\"Zebra 220Xi4, 216mm, 203 DPI\"}]},{\"@type\":\"WebSite\",\"@id\":\"https:\/\/d-identify.be\/fr\/#website\",\"url\":\"https:\/\/d-identify.be\/fr\/\",\"name\":\"d-identify\",\"description\":\"Industrial identification - Lockout - Tagout - Floor marking\",\"potentialAction\":[{\"@type\":\"SearchAction\",\"target\":{\"@type\":\"EntryPoint\",\"urlTemplate\":\"https:\/\/d-identify.be\/fr\/?s={search_term_string}\"},\"query-input\":{\"@type\":\"PropertyValueSpecification\",\"valueRequired\":true,\"valueName\":\"search_term_string\"}}],\"inLanguage\":\"fr-FR\"}]}<\/script>\n<!-- \/ Yoast SEO Premium plugin. -->","yoast_head_json":{"title":"Imprimante d'\u00e9tiquettes Zebra 220Xi4 | \u00c9tiquettes grand format","description":"L'imprimante d'\u00e9tiquettes Zebra 220Xi4 imprime des \u00e9tiquettes grand format jusqu'\u00e0 216 mm de large. Robuste, rapide et fiable, elle est id\u00e9ale pour un usage industriel. Commandez d\u00e8s maintenant !","robots":{"index":"index","follow":"follow","max-snippet":"max-snippet:-1","max-image-preview":"max-image-preview:large","max-video-preview":"max-video-preview:-1"},"canonical":"https:\/\/d-identify.be\/fr\/produit\/zebra-zt111-copy\/","og_locale":"fr_FR","og_type":"article","og_title":"Zebra 220Xi4, 216mm, 203 DPI","og_description":"L'imprimante d'\u00e9tiquettes Zebra 220Xi4 imprime des \u00e9tiquettes grand format jusqu'\u00e0 216 mm de large. Robuste, rapide et fiable, elle est id\u00e9ale pour un usage industriel. Commandez d\u00e8s maintenant !","og_url":"https:\/\/d-identify.be\/fr\/produit\/zebra-zt111-copy\/","og_site_name":"d-identify","article_modified_time":"2025-05-02T10:24:47+00:00","og_image":[{"width":2560,"height":1707,"url":"https:\/\/d-identify.be\/wp-content\/uploads\/2025\/03\/220xi4-front-left-media-3x2-3600-scaled.jpg","type":"image\/jpeg"}],"twitter_card":"summary_large_image","twitter_misc":{"Dur\u00e9e de lecture estim\u00e9e":"1 minute"},"schema":{"@context":"https:\/\/schema.org","@graph":[{"@type":"WebPage","@id":"https:\/\/d-identify.be\/fr\/produit\/zebra-zt111-copy\/","url":"https:\/\/d-identify.be\/fr\/produit\/zebra-zt111-copy\/","name":"Imprimante d'\u00e9tiquettes Zebra 220Xi4 | \u00c9tiquettes grand format","isPartOf":{"@id":"https:\/\/d-identify.be\/fr\/#website"},"primaryImageOfPage":{"@id":"https:\/\/d-identify.be\/fr\/produit\/zebra-zt111-copy\/#primaryimage"},"image":{"@id":"https:\/\/d-identify.be\/fr\/produit\/zebra-zt111-copy\/#primaryimage"},"thumbnailUrl":"https:\/\/d-identify.be\/wp-content\/uploads\/2025\/03\/220xi4-front-left-media-3x2-3600-scaled.jpg","datePublished":"2025-03-28T07:02:08+00:00","dateModified":"2025-05-02T10:24:47+00:00","description":"L'imprimante d'\u00e9tiquettes Zebra 220Xi4 imprime des \u00e9tiquettes grand format jusqu'\u00e0 216 mm de large. Robuste, rapide et fiable, elle est id\u00e9ale pour un usage industriel. Commandez d\u00e8s maintenant !","breadcrumb":{"@id":"https:\/\/d-identify.be\/fr\/produit\/zebra-zt111-copy\/#breadcrumb"},"inLanguage":"fr-FR","potentialAction":[{"@type":"ReadAction","target":["https:\/\/d-identify.be\/fr\/produit\/zebra-zt111-copy\/"]}]},{"@type":"ImageObject","inLanguage":"fr-FR","@id":"https:\/\/d-identify.be\/fr\/produit\/zebra-zt111-copy\/#primaryimage","url":"https:\/\/d-identify.be\/wp-content\/uploads\/2025\/03\/220xi4-front-left-media-3x2-3600-scaled.jpg","contentUrl":"https:\/\/d-identify.be\/wp-content\/uploads\/2025\/03\/220xi4-front-left-media-3x2-3600-scaled.jpg","width":2560,"height":1707,"caption":"Zebra 220Xi4 300 dpi imprimante industrielle d\u2019\u00e9tiquettes"},{"@type":"BreadcrumbList","@id":"https:\/\/d-identify.be\/fr\/produit\/zebra-zt111-copy\/#breadcrumb","itemListElement":[{"@type":"ListItem","position":1,"name":"Home","item":"https:\/\/d-identify.be\/fr\/home-2\/"},{"@type":"ListItem","position":2,"name":"Boutique","item":"https:\/\/d-identify.be\/fr\/boutique\/"},{"@type":"ListItem","position":3,"name":"Zebra 220Xi4, 216mm, 203 DPI"}]},{"@type":"WebSite","@id":"https:\/\/d-identify.be\/fr\/#website","url":"https:\/\/d-identify.be\/fr\/","name":"d-identify","description":"Industrial identification - Lockout - Tagout - Floor marking","potentialAction":[{"@type":"SearchAction","target":{"@type":"EntryPoint","urlTemplate":"https:\/\/d-identify.be\/fr\/?s={search_term_string}"},"query-input":{"@type":"PropertyValueSpecification","valueRequired":true,"valueName":"search_term_string"}}],"inLanguage":"fr-FR"}]}},"_links":{"self":[{"href":"https:\/\/d-identify.be\/fr\/wp-json\/wp\/v2\/product\/54055","targetHints":{"allow":["GET"]}}],"collection":[{"href":"https:\/\/d-identify.be\/fr\/wp-json\/wp\/v2\/product"}],"about":[{"href":"https:\/\/d-identify.be\/fr\/wp-json\/wp\/v2\/types\/product"}],"replies":[{"embeddable":true,"href":"https:\/\/d-identify.be\/fr\/wp-json\/wp\/v2\/comments?post=54055"}],"wp:featuredmedia":[{"embeddable":true,"href":"https:\/\/d-identify.be\/fr\/wp-json\/wp\/v2\/media\/54082"}],"wp:attachment":[{"href":"https:\/\/d-identify.be\/fr\/wp-json\/wp\/v2\/media?parent=54055"}],"wp:term":[{"taxonomy":"product_brand","embeddable":true,"href":"https:\/\/d-identify.be\/fr\/wp-json\/wp\/v2\/product_brand?post=54055"},{"taxonomy":"product_cat","embeddable":true,"href":"https:\/\/d-identify.be\/fr\/wp-json\/wp\/v2\/product_cat?post=54055"},{"taxonomy":"product_tag","embeddable":true,"href":"https:\/\/d-identify.be\/fr\/wp-json\/wp\/v2\/product_tag?post=54055"},{"taxonomy":"pa_connextion-shapes","embeddable":true,"href":"https:\/\/d-identify.be\/fr\/wp-json\/wp\/v2\/pa_connextion-shapes?post=54055"}],"curies":[{"name":"wp","href":"https:\/\/api.w.org\/{rel}","templated":true}]}}