{"id":53997,"date":"2021-07-26T12:42:11","date_gmt":"2021-07-26T10:42:11","guid":{"rendered":"https:\/\/d-identify.be\/product\/cassette-de-ruban-ymcko-200-impressions\/"},"modified":"2021-07-26T12:42:11","modified_gmt":"2021-07-26T10:42:11","slug":"cassette-de-ruban-ymcko-200-impressions","status":"publish","type":"product","link":"https:\/\/d-identify.be\/fr\/produit\/cassette-de-ruban-ymcko-200-impressions\/","title":{"rendered":"Cassette de ruban YMCKO (200 impressions)"},"content":{"rendered":"<p>Le ruban couleur Evolis (YMCKO) est capable de reproduire jusqu&rsquo;\u00e0 16 millions de couleurs. Tous les rubans sont formul\u00e9s pour produire des images nettes et lumineuses, ainsi que des textes clairs. Le vernis protecteur assure une meilleure dur\u00e9e de vie \u00e0 vos impressions. Les cartes imprim\u00e9es peuvent ainsi \u00eatre utilis\u00e9es jusqu&rsquo;\u00e0 3 ans. Test\u00e9s et valid\u00e9s par les services R&amp;D et Qualit\u00e9 d&rsquo;Evolis, ces consommables vous offrent qualit\u00e9 d&rsquo;impression et fiabilit\u00e9. En plus des couleurs standard (jaune, magenta, cyan et noir), les rubans YMCKO appliquent un vernis protecteur (O) qui prot\u00e8ge les \u00e9l\u00e9ments imprim\u00e9s de la carte.    <\/p>\n","protected":false},"excerpt":{"rendered":"<p>Les rubans couleur originaux Evolis High Trust ont \u00e9t\u00e9 con\u00e7us pour produire une qualit\u00e9 d&rsquo;image optimale avec les syst\u00e8mes d&rsquo;impression de cartes Evolis. Vous pouvez utiliser notre ruban YMCKO pour toutes vos impressions couleur, recto ou recto-verso. <\/p>\n","protected":false},"featured_media":26297,"comment_status":"open","ping_status":"closed","template":"","meta":{"_acf_changed":false,"_et_pb_use_builder":"","_et_pb_old_content":"","_et_gb_content_width":""},"product_brand":[],"product_cat":[943],"product_tag":[933],"pa_connextion-shapes":[],"class_list":{"0":"post-53997","1":"product","2":"type-product","3":"status-publish","4":"has-post-thumbnail","6":"product_cat-other-products","7":"product_tag-evolis-fr","9":"first","10":"instock","11":"sale","12":"taxable","13":"shipping-taxable","14":"purchasable","15":"product-type-simple"},"exclude_global_add_ons":[],"addons":[],"acf":[],"yoast_head":"<!-- This site is optimized with the Yoast SEO Premium plugin v27.0 (Yoast SEO v27.1) - https:\/\/yoast.com\/product\/yoast-seo-premium-wordpress\/ -->\n<title>Ruban couleur Evolis (YMCKO)<\/title>\n<meta name=\"description\" content=\"La cassette de ruban Evolis YMCKO a \u00e9t\u00e9 con\u00e7ue pour produire la meilleure qualit\u00e9 d&#039;image avec les syst\u00e8mes d&#039;impression de cartes Evolis.Ruban couleur Evolis (YMCKO)\" \/>\n<meta name=\"robots\" content=\"index, follow, max-snippet:-1, max-image-preview:large, max-video-preview:-1\" \/>\n<link rel=\"canonical\" href=\"https:\/\/d-identify.be\/fr\/produit\/cassette-de-ruban-ymcko-200-impressions\/\" \/>\n<meta property=\"og:locale\" content=\"fr_FR\" \/>\n<meta property=\"og:type\" content=\"article\" \/>\n<meta property=\"og:title\" content=\"Cassette de ruban YMCKO (200 impressions)\" \/>\n<meta property=\"og:description\" content=\"La cassette de ruban Evolis YMCKO a \u00e9t\u00e9 con\u00e7ue pour produire la meilleure qualit\u00e9 d&#039;image avec les syst\u00e8mes d&#039;impression de cartes Evolis.Ruban couleur Evolis (YMCKO)\" \/>\n<meta property=\"og:url\" content=\"https:\/\/d-identify.be\/fr\/produit\/cassette-de-ruban-ymcko-200-impressions\/\" \/>\n<meta property=\"og:site_name\" content=\"d-identify\" \/>\n<meta property=\"og:image\" content=\"https:\/\/d-identify.be\/wp-content\/uploads\/2021\/07\/YMCKO-ribbon.jpg\" \/>\n\t<meta property=\"og:image:width\" content=\"640\" \/>\n\t<meta property=\"og:image:height\" content=\"480\" \/>\n\t<meta property=\"og:image:type\" content=\"image\/jpeg\" \/>\n<meta name=\"twitter:card\" content=\"summary_large_image\" \/>\n<meta name=\"twitter:label1\" content=\"Dur\u00e9e de lecture estim\u00e9e\" \/>\n\t<meta name=\"twitter:data1\" content=\"1 minute\" \/>\n<script type=\"application\/ld+json\" class=\"yoast-schema-graph\">{\"@context\":\"https:\/\/schema.org\",\"@graph\":[{\"@type\":\"WebPage\",\"@id\":\"https:\/\/d-identify.be\/fr\/produit\/cassette-de-ruban-ymcko-200-impressions\/\",\"url\":\"https:\/\/d-identify.be\/fr\/produit\/cassette-de-ruban-ymcko-200-impressions\/\",\"name\":\"Ruban couleur Evolis (YMCKO)\",\"isPartOf\":{\"@id\":\"https:\/\/d-identify.be\/fr\/#website\"},\"primaryImageOfPage\":{\"@id\":\"https:\/\/d-identify.be\/fr\/produit\/cassette-de-ruban-ymcko-200-impressions\/#primaryimage\"},\"image\":{\"@id\":\"https:\/\/d-identify.be\/fr\/produit\/cassette-de-ruban-ymcko-200-impressions\/#primaryimage\"},\"thumbnailUrl\":\"https:\/\/d-identify.be\/wp-content\/uploads\/2021\/07\/YMCKO-ribbon.jpg\",\"datePublished\":\"2021-07-26T10:42:11+00:00\",\"description\":\"La cassette de ruban Evolis YMCKO a \u00e9t\u00e9 con\u00e7ue pour produire la meilleure qualit\u00e9 d'image avec les syst\u00e8mes d'impression de cartes Evolis.Ruban couleur Evolis (YMCKO)\",\"breadcrumb\":{\"@id\":\"https:\/\/d-identify.be\/fr\/produit\/cassette-de-ruban-ymcko-200-impressions\/#breadcrumb\"},\"inLanguage\":\"fr-FR\",\"potentialAction\":[{\"@type\":\"ReadAction\",\"target\":[\"https:\/\/d-identify.be\/fr\/produit\/cassette-de-ruban-ymcko-200-impressions\/\"]}]},{\"@type\":\"ImageObject\",\"inLanguage\":\"fr-FR\",\"@id\":\"https:\/\/d-identify.be\/fr\/produit\/cassette-de-ruban-ymcko-200-impressions\/#primaryimage\",\"url\":\"https:\/\/d-identify.be\/wp-content\/uploads\/2021\/07\/YMCKO-ribbon.jpg\",\"contentUrl\":\"https:\/\/d-identify.be\/wp-content\/uploads\/2021\/07\/YMCKO-ribbon.jpg\",\"width\":640,\"height\":480,\"caption\":\"YMCKO ribbon cassette (200 prints) - Industrial Labelling supplies\"},{\"@type\":\"BreadcrumbList\",\"@id\":\"https:\/\/d-identify.be\/fr\/produit\/cassette-de-ruban-ymcko-200-impressions\/#breadcrumb\",\"itemListElement\":[{\"@type\":\"ListItem\",\"position\":1,\"name\":\"Home\",\"item\":\"https:\/\/d-identify.be\/fr\/home-2\/\"},{\"@type\":\"ListItem\",\"position\":2,\"name\":\"Boutique\",\"item\":\"https:\/\/d-identify.be\/fr\/boutique\/\"},{\"@type\":\"ListItem\",\"position\":3,\"name\":\"Cassette de ruban YMCKO (200 impressions)\"}]},{\"@type\":\"WebSite\",\"@id\":\"https:\/\/d-identify.be\/fr\/#website\",\"url\":\"https:\/\/d-identify.be\/fr\/\",\"name\":\"d-identify\",\"description\":\"Industrial identification - Lockout - Tagout - Floor marking\",\"potentialAction\":[{\"@type\":\"SearchAction\",\"target\":{\"@type\":\"EntryPoint\",\"urlTemplate\":\"https:\/\/d-identify.be\/fr\/?s={search_term_string}\"},\"query-input\":{\"@type\":\"PropertyValueSpecification\",\"valueRequired\":true,\"valueName\":\"search_term_string\"}}],\"inLanguage\":\"fr-FR\"}]}<\/script>\n<!-- \/ Yoast SEO Premium plugin. -->","yoast_head_json":{"title":"Ruban couleur Evolis (YMCKO)","description":"La cassette de ruban Evolis YMCKO a \u00e9t\u00e9 con\u00e7ue pour produire la meilleure qualit\u00e9 d'image avec les syst\u00e8mes d'impression de cartes Evolis.Ruban couleur Evolis (YMCKO)","robots":{"index":"index","follow":"follow","max-snippet":"max-snippet:-1","max-image-preview":"max-image-preview:large","max-video-preview":"max-video-preview:-1"},"canonical":"https:\/\/d-identify.be\/fr\/produit\/cassette-de-ruban-ymcko-200-impressions\/","og_locale":"fr_FR","og_type":"article","og_title":"Cassette de ruban YMCKO (200 impressions)","og_description":"La cassette de ruban Evolis YMCKO a \u00e9t\u00e9 con\u00e7ue pour produire la meilleure qualit\u00e9 d'image avec les syst\u00e8mes d'impression de cartes Evolis.Ruban couleur Evolis (YMCKO)","og_url":"https:\/\/d-identify.be\/fr\/produit\/cassette-de-ruban-ymcko-200-impressions\/","og_site_name":"d-identify","og_image":[{"width":640,"height":480,"url":"https:\/\/d-identify.be\/wp-content\/uploads\/2021\/07\/YMCKO-ribbon.jpg","type":"image\/jpeg"}],"twitter_card":"summary_large_image","twitter_misc":{"Dur\u00e9e de lecture estim\u00e9e":"1 minute"},"schema":{"@context":"https:\/\/schema.org","@graph":[{"@type":"WebPage","@id":"https:\/\/d-identify.be\/fr\/produit\/cassette-de-ruban-ymcko-200-impressions\/","url":"https:\/\/d-identify.be\/fr\/produit\/cassette-de-ruban-ymcko-200-impressions\/","name":"Ruban couleur Evolis (YMCKO)","isPartOf":{"@id":"https:\/\/d-identify.be\/fr\/#website"},"primaryImageOfPage":{"@id":"https:\/\/d-identify.be\/fr\/produit\/cassette-de-ruban-ymcko-200-impressions\/#primaryimage"},"image":{"@id":"https:\/\/d-identify.be\/fr\/produit\/cassette-de-ruban-ymcko-200-impressions\/#primaryimage"},"thumbnailUrl":"https:\/\/d-identify.be\/wp-content\/uploads\/2021\/07\/YMCKO-ribbon.jpg","datePublished":"2021-07-26T10:42:11+00:00","description":"La cassette de ruban Evolis YMCKO a \u00e9t\u00e9 con\u00e7ue pour produire la meilleure qualit\u00e9 d'image avec les syst\u00e8mes d'impression de cartes Evolis.Ruban couleur Evolis (YMCKO)","breadcrumb":{"@id":"https:\/\/d-identify.be\/fr\/produit\/cassette-de-ruban-ymcko-200-impressions\/#breadcrumb"},"inLanguage":"fr-FR","potentialAction":[{"@type":"ReadAction","target":["https:\/\/d-identify.be\/fr\/produit\/cassette-de-ruban-ymcko-200-impressions\/"]}]},{"@type":"ImageObject","inLanguage":"fr-FR","@id":"https:\/\/d-identify.be\/fr\/produit\/cassette-de-ruban-ymcko-200-impressions\/#primaryimage","url":"https:\/\/d-identify.be\/wp-content\/uploads\/2021\/07\/YMCKO-ribbon.jpg","contentUrl":"https:\/\/d-identify.be\/wp-content\/uploads\/2021\/07\/YMCKO-ribbon.jpg","width":640,"height":480,"caption":"YMCKO ribbon cassette (200 prints) - Industrial Labelling supplies"},{"@type":"BreadcrumbList","@id":"https:\/\/d-identify.be\/fr\/produit\/cassette-de-ruban-ymcko-200-impressions\/#breadcrumb","itemListElement":[{"@type":"ListItem","position":1,"name":"Home","item":"https:\/\/d-identify.be\/fr\/home-2\/"},{"@type":"ListItem","position":2,"name":"Boutique","item":"https:\/\/d-identify.be\/fr\/boutique\/"},{"@type":"ListItem","position":3,"name":"Cassette de ruban YMCKO (200 impressions)"}]},{"@type":"WebSite","@id":"https:\/\/d-identify.be\/fr\/#website","url":"https:\/\/d-identify.be\/fr\/","name":"d-identify","description":"Industrial identification - Lockout - Tagout - Floor marking","potentialAction":[{"@type":"SearchAction","target":{"@type":"EntryPoint","urlTemplate":"https:\/\/d-identify.be\/fr\/?s={search_term_string}"},"query-input":{"@type":"PropertyValueSpecification","valueRequired":true,"valueName":"search_term_string"}}],"inLanguage":"fr-FR"}]}},"_links":{"self":[{"href":"https:\/\/d-identify.be\/fr\/wp-json\/wp\/v2\/product\/53997","targetHints":{"allow":["GET"]}}],"collection":[{"href":"https:\/\/d-identify.be\/fr\/wp-json\/wp\/v2\/product"}],"about":[{"href":"https:\/\/d-identify.be\/fr\/wp-json\/wp\/v2\/types\/product"}],"replies":[{"embeddable":true,"href":"https:\/\/d-identify.be\/fr\/wp-json\/wp\/v2\/comments?post=53997"}],"wp:featuredmedia":[{"embeddable":true,"href":"https:\/\/d-identify.be\/fr\/wp-json\/wp\/v2\/media\/26297"}],"wp:attachment":[{"href":"https:\/\/d-identify.be\/fr\/wp-json\/wp\/v2\/media?parent=53997"}],"wp:term":[{"taxonomy":"product_brand","embeddable":true,"href":"https:\/\/d-identify.be\/fr\/wp-json\/wp\/v2\/product_brand?post=53997"},{"taxonomy":"product_cat","embeddable":true,"href":"https:\/\/d-identify.be\/fr\/wp-json\/wp\/v2\/product_cat?post=53997"},{"taxonomy":"product_tag","embeddable":true,"href":"https:\/\/d-identify.be\/fr\/wp-json\/wp\/v2\/product_tag?post=53997"},{"taxonomy":"pa_connextion-shapes","embeddable":true,"href":"https:\/\/d-identify.be\/fr\/wp-json\/wp\/v2\/pa_connextion-shapes?post=53997"}],"curies":[{"name":"wp","href":"https:\/\/api.w.org\/{rel}","templated":true}]}}