{"id":53747,"date":"2025-03-27T11:30:41","date_gmt":"2025-03-27T09:30:41","guid":{"rendered":"https:\/\/d-identify.be\/?post_type=product&#038;p=53747"},"modified":"2026-03-13T02:11:37","modified_gmt":"2026-03-13T00:11:37","slug":"tsc-mb241t-203dpi-imprimante-industrielle-etiquettes","status":"publish","type":"product","link":"https:\/\/d-identify.be\/fr\/produit\/tsc-mb241t-203dpi-imprimante-industrielle-etiquettes\/","title":{"rendered":"TSC MB241T Imprimante industrielle d\u2019\u00e9tiquettes (203 dpi, Transfert thermique, Ethernet)"},"content":{"rendered":"<h2>Impression industrielle compacte<\/h2>\n<p>La <strong>TSC MB241T 203 dpi imprimante industrielle d\u2019\u00e9tiquettes<\/strong> est con\u00e7ue pour l\u2019impression fiable d\u2019\u00e9tiquettes dans la logistique, la production et les entrep\u00f4ts. Son design industriel compact permet une installation facile dans diff\u00e9rents environnements de travail.<\/p>\n<p>La technologie transfert thermique produit des \u00e9tiquettes durables et des codes-barres nets. Cette solution convient aux \u00e9tiquettes produits, aux \u00e9tiquettes d\u2019entrep\u00f4t et \u00e0 l\u2019identification industrielle.<\/p>\n<h2>Imprimante code-barres industrielle avec connectivit\u00e9 flexible<\/h2>\n<p>L\u2019appareil prend en charge USB, USB Host, RS232 et Ethernet. L\u2019int\u00e9gration avec les syst\u00e8mes ERP, logiciels d\u2019entrep\u00f4t et environnements de production reste simple.<\/p>\n<p>Les capteurs Gap et Black Mark assurent une d\u00e9tection pr\u00e9cise de diff\u00e9rents mat\u00e9riaux d\u2019\u00e9tiquettes.<\/p>\n<h2>\u00c9cran tactile et haute vitesse d\u2019impression<\/h2>\n<p>Un \u00e9cran tactile couleur de 3,5 pouces simplifie la configuration et l\u2019utilisation quotidienne de l\u2019imprimante. Les op\u00e9rateurs peuvent v\u00e9rifier rapidement l\u2019\u00e9tat et les param\u00e8tres.<\/p>\n<p>La <strong>TSC MB241T 203 dpi imprimante industrielle d\u2019\u00e9tiquettes<\/strong> prend en charge des vitesses d\u2019impression jusqu\u2019\u00e0 305 mm par seconde. Cette performance convient aux volumes \u00e9lev\u00e9s dans les environnements logistiques.<\/p>\n<h2>Documentation technique<\/h2>\n<p><u><a href=\"https:\/\/d-identify.be\/wp-content\/uploads\/2025\/03\/MB241_Series_EN.pdf\" target=\"_blank\" rel=\"noopener\">T\u00e9l\u00e9charger la fiche technique (PDF)<\/a><\/u><\/p>\n","protected":false},"excerpt":{"rendered":"<p><strong>TSC MB241T imprimante industrielle d\u2019\u00e9tiquettes<\/strong> avec r\u00e9solution 203 dpi et technologie d\u2019impression transfert thermique. \u00c9quip\u00e9e d\u2019un \u00e9cran tactile couleur 3,5 pouces, USB, USB Host, RS232 et Ethernet.<\/p>\n<p><u><a href=\"https:\/\/d-identify.be\/wp-content\/uploads\/2025\/03\/MB241_Series_EN.pdf\" target=\"_blank\" rel=\"noopener\">T\u00e9l\u00e9charger la fiche technique (PDF)<\/a><\/u><\/p>\n<p><strong>Principales fonctionnalit\u00e9s<\/strong><\/p>\n","protected":false},"featured_media":53770,"comment_status":"open","ping_status":"closed","template":"","meta":{"_acf_changed":false,"_et_pb_use_builder":"","_et_pb_old_content":"","_et_gb_content_width":""},"product_brand":[],"product_cat":[658],"product_tag":[],"pa_connextion-shapes":[],"class_list":{"0":"post-53747","1":"product","2":"type-product","3":"status-publish","4":"has-post-thumbnail","6":"product_cat-imprimantes-industrielles-a-transfert-thermique","8":"first","9":"instock","10":"sale","11":"taxable","12":"shipping-taxable","13":"purchasable","14":"product-type-simple"},"exclude_global_add_ons":false,"addons":[{"name":"Ressources suppl\u00e9mentaires \u00e0 ajouter","type":"checkbox","position":0,"required":false,"title_format":"heading","default":"","description_enable":true,"description":"convient pour : s\u00e9rie MB241","placeholder_enable":false,"placeholder":"","display":"select","restrictions_type":"any_text","adjust_price":false,"price":"","price_type":"flat_fee","restrictions":false,"min":"0","max":"0","options":[{"label":"Cutter, r\u00e9gulier : CUT-MB240-0001","price":"393","price_type":"flat_fee","image":0,"visibility":true},{"label":"\u00c9plucheuse : PEL-MB240-0001","price":"206","price_type":"flat_fee","image":0,"visibility":true},{"label":"Linerless kit : TEAR-MB240-0001","price":"317","price_type":"flat_fee","image":0,"visibility":true}],"id":1743073384},{"name":"TSC interface, Wi-Fi, Bluetooth","type":"checkbox","position":1,"required":false,"title_format":"heading","default":"","description_enable":true,"description":"Wi-Fi (802.11 abgn), Bluetooth (4.2), fits for: MH241","placeholder_enable":false,"placeholder":"","display":"select","restrictions_type":"any_text","adjust_price":false,"price":"","price_type":"flat_fee","restrictions":false,"min":"0","max":"0","options":[{"label":"WF-COM-2002","price":"357","price_type":"flat_fee","image":0,"visibility":true}],"id":1743073723},{"name":"Onsite Installatie voor de Benelux regio.","type":"checkbox","position":0,"required":true,"title_format":"heading","default":"","description_enable":true,"description":"Laat Uw printer installeren en configureren onsite door een expert","placeholder_enable":false,"placeholder":"","display":"select","restrictions_type":"any_text","adjust_price":false,"price":"","price_type":"flat_fee","restrictions":false,"min":"0","max":"0","options":[{"label":"BENELUX ONSITE INSTALL","price":"100","price_type":"flat_fee","image":0,"visibility":true}],"id":1746798096}],"acf":[],"yoast_head":"<!-- This site is optimized with the Yoast SEO Premium plugin v27.0 (Yoast SEO v27.1) - https:\/\/yoast.com\/product\/yoast-seo-premium-wordpress\/ -->\n<title>TSC MB241T 203 dpi imprimante industrielle d\u2019\u00e9tiquettes<\/title>\n<meta name=\"description\" content=\"TSC MB241T 203 dpi imprimante industrielle d\u2019\u00e9tiquettes pour codes-barres et \u00e9tiquettes produits. Imprimante transfert thermique avec \u00e9cran tactile.\" \/>\n<meta name=\"robots\" content=\"index, follow, max-snippet:-1, max-image-preview:large, max-video-preview:-1\" \/>\n<link rel=\"canonical\" href=\"https:\/\/d-identify.be\/fr\/produit\/tsc-mb241t-203dpi-imprimante-industrielle-etiquettes\/\" \/>\n<meta property=\"og:locale\" content=\"fr_FR\" \/>\n<meta property=\"og:type\" content=\"article\" \/>\n<meta property=\"og:title\" content=\"TSC MB241T Imprimante industrielle d\u2019\u00e9tiquettes (203 dpi, Transfert thermique, Ethernet)\" \/>\n<meta property=\"og:description\" content=\"TSC MB241T 203 dpi imprimante industrielle d\u2019\u00e9tiquettes pour codes-barres et \u00e9tiquettes produits. Imprimante transfert thermique avec \u00e9cran tactile.\" \/>\n<meta property=\"og:url\" content=\"https:\/\/d-identify.be\/fr\/produit\/tsc-mb241t-203dpi-imprimante-industrielle-etiquettes\/\" \/>\n<meta property=\"og:site_name\" content=\"d-identify\" \/>\n<meta property=\"article:modified_time\" content=\"2026-03-13T00:11:37+00:00\" \/>\n<meta property=\"og:image\" content=\"https:\/\/d-identify.be\/wp-content\/uploads\/2025\/03\/tsc-auto-id-industrial-label-printer-mb241t.jpg\" \/>\n\t<meta property=\"og:image:width\" content=\"500\" \/>\n\t<meta property=\"og:image:height\" content=\"500\" \/>\n\t<meta property=\"og:image:type\" content=\"image\/jpeg\" \/>\n<meta name=\"twitter:card\" content=\"summary_large_image\" \/>\n<meta name=\"twitter:label1\" content=\"Dur\u00e9e de lecture estim\u00e9e\" \/>\n\t<meta name=\"twitter:data1\" content=\"1 minute\" \/>\n<script type=\"application\/ld+json\" class=\"yoast-schema-graph\">{\"@context\":\"https:\/\/schema.org\",\"@graph\":[{\"@type\":\"WebPage\",\"@id\":\"https:\/\/d-identify.be\/fr\/produit\/tsc-mb241t-203dpi-imprimante-industrielle-etiquettes\/\",\"url\":\"https:\/\/d-identify.be\/fr\/produit\/tsc-mb241t-203dpi-imprimante-industrielle-etiquettes\/\",\"name\":\"TSC MB241T 203 dpi imprimante industrielle d\u2019\u00e9tiquettes\",\"isPartOf\":{\"@id\":\"https:\/\/d-identify.be\/fr\/#website\"},\"primaryImageOfPage\":{\"@id\":\"https:\/\/d-identify.be\/fr\/produit\/tsc-mb241t-203dpi-imprimante-industrielle-etiquettes\/#primaryimage\"},\"image\":{\"@id\":\"https:\/\/d-identify.be\/fr\/produit\/tsc-mb241t-203dpi-imprimante-industrielle-etiquettes\/#primaryimage\"},\"thumbnailUrl\":\"https:\/\/d-identify.be\/wp-content\/uploads\/2025\/03\/tsc-auto-id-industrial-label-printer-mb241t.jpg\",\"datePublished\":\"2025-03-27T09:30:41+00:00\",\"dateModified\":\"2026-03-13T00:11:37+00:00\",\"description\":\"TSC MB241T 203 dpi imprimante industrielle d\u2019\u00e9tiquettes pour codes-barres et \u00e9tiquettes produits. Imprimante transfert thermique avec \u00e9cran tactile.\",\"breadcrumb\":{\"@id\":\"https:\/\/d-identify.be\/fr\/produit\/tsc-mb241t-203dpi-imprimante-industrielle-etiquettes\/#breadcrumb\"},\"inLanguage\":\"fr-FR\",\"potentialAction\":[{\"@type\":\"ReadAction\",\"target\":[\"https:\/\/d-identify.be\/fr\/produit\/tsc-mb241t-203dpi-imprimante-industrielle-etiquettes\/\"]}]},{\"@type\":\"ImageObject\",\"inLanguage\":\"fr-FR\",\"@id\":\"https:\/\/d-identify.be\/fr\/produit\/tsc-mb241t-203dpi-imprimante-industrielle-etiquettes\/#primaryimage\",\"url\":\"https:\/\/d-identify.be\/wp-content\/uploads\/2025\/03\/tsc-auto-id-industrial-label-printer-mb241t.jpg\",\"contentUrl\":\"https:\/\/d-identify.be\/wp-content\/uploads\/2025\/03\/tsc-auto-id-industrial-label-printer-mb241t.jpg\",\"width\":500,\"height\":500,\"caption\":\"TSC MB241T 203 dpi imprimante industrielle d\u2019\u00e9tiquettes\"},{\"@type\":\"BreadcrumbList\",\"@id\":\"https:\/\/d-identify.be\/fr\/produit\/tsc-mb241t-203dpi-imprimante-industrielle-etiquettes\/#breadcrumb\",\"itemListElement\":[{\"@type\":\"ListItem\",\"position\":1,\"name\":\"Home\",\"item\":\"https:\/\/d-identify.be\/fr\/home-2\/\"},{\"@type\":\"ListItem\",\"position\":2,\"name\":\"Boutique\",\"item\":\"https:\/\/d-identify.be\/fr\/boutique\/\"},{\"@type\":\"ListItem\",\"position\":3,\"name\":\"TSC MB241T Imprimante industrielle d\u2019\u00e9tiquettes (203 dpi, Transfert thermique, Ethernet)\"}]},{\"@type\":\"WebSite\",\"@id\":\"https:\/\/d-identify.be\/fr\/#website\",\"url\":\"https:\/\/d-identify.be\/fr\/\",\"name\":\"d-identify\",\"description\":\"Industrial identification - Lockout - Tagout - Floor marking\",\"potentialAction\":[{\"@type\":\"SearchAction\",\"target\":{\"@type\":\"EntryPoint\",\"urlTemplate\":\"https:\/\/d-identify.be\/fr\/?s={search_term_string}\"},\"query-input\":{\"@type\":\"PropertyValueSpecification\",\"valueRequired\":true,\"valueName\":\"search_term_string\"}}],\"inLanguage\":\"fr-FR\"}]}<\/script>\n<!-- \/ Yoast SEO Premium plugin. -->","yoast_head_json":{"title":"TSC MB241T 203 dpi imprimante industrielle d\u2019\u00e9tiquettes","description":"TSC MB241T 203 dpi imprimante industrielle d\u2019\u00e9tiquettes pour codes-barres et \u00e9tiquettes produits. Imprimante transfert thermique avec \u00e9cran tactile.","robots":{"index":"index","follow":"follow","max-snippet":"max-snippet:-1","max-image-preview":"max-image-preview:large","max-video-preview":"max-video-preview:-1"},"canonical":"https:\/\/d-identify.be\/fr\/produit\/tsc-mb241t-203dpi-imprimante-industrielle-etiquettes\/","og_locale":"fr_FR","og_type":"article","og_title":"TSC MB241T Imprimante industrielle d\u2019\u00e9tiquettes (203 dpi, Transfert thermique, Ethernet)","og_description":"TSC MB241T 203 dpi imprimante industrielle d\u2019\u00e9tiquettes pour codes-barres et \u00e9tiquettes produits. Imprimante transfert thermique avec \u00e9cran tactile.","og_url":"https:\/\/d-identify.be\/fr\/produit\/tsc-mb241t-203dpi-imprimante-industrielle-etiquettes\/","og_site_name":"d-identify","article_modified_time":"2026-03-13T00:11:37+00:00","og_image":[{"width":500,"height":500,"url":"https:\/\/d-identify.be\/wp-content\/uploads\/2025\/03\/tsc-auto-id-industrial-label-printer-mb241t.jpg","type":"image\/jpeg"}],"twitter_card":"summary_large_image","twitter_misc":{"Dur\u00e9e de lecture estim\u00e9e":"1 minute"},"schema":{"@context":"https:\/\/schema.org","@graph":[{"@type":"WebPage","@id":"https:\/\/d-identify.be\/fr\/produit\/tsc-mb241t-203dpi-imprimante-industrielle-etiquettes\/","url":"https:\/\/d-identify.be\/fr\/produit\/tsc-mb241t-203dpi-imprimante-industrielle-etiquettes\/","name":"TSC MB241T 203 dpi imprimante industrielle d\u2019\u00e9tiquettes","isPartOf":{"@id":"https:\/\/d-identify.be\/fr\/#website"},"primaryImageOfPage":{"@id":"https:\/\/d-identify.be\/fr\/produit\/tsc-mb241t-203dpi-imprimante-industrielle-etiquettes\/#primaryimage"},"image":{"@id":"https:\/\/d-identify.be\/fr\/produit\/tsc-mb241t-203dpi-imprimante-industrielle-etiquettes\/#primaryimage"},"thumbnailUrl":"https:\/\/d-identify.be\/wp-content\/uploads\/2025\/03\/tsc-auto-id-industrial-label-printer-mb241t.jpg","datePublished":"2025-03-27T09:30:41+00:00","dateModified":"2026-03-13T00:11:37+00:00","description":"TSC MB241T 203 dpi imprimante industrielle d\u2019\u00e9tiquettes pour codes-barres et \u00e9tiquettes produits. Imprimante transfert thermique avec \u00e9cran tactile.","breadcrumb":{"@id":"https:\/\/d-identify.be\/fr\/produit\/tsc-mb241t-203dpi-imprimante-industrielle-etiquettes\/#breadcrumb"},"inLanguage":"fr-FR","potentialAction":[{"@type":"ReadAction","target":["https:\/\/d-identify.be\/fr\/produit\/tsc-mb241t-203dpi-imprimante-industrielle-etiquettes\/"]}]},{"@type":"ImageObject","inLanguage":"fr-FR","@id":"https:\/\/d-identify.be\/fr\/produit\/tsc-mb241t-203dpi-imprimante-industrielle-etiquettes\/#primaryimage","url":"https:\/\/d-identify.be\/wp-content\/uploads\/2025\/03\/tsc-auto-id-industrial-label-printer-mb241t.jpg","contentUrl":"https:\/\/d-identify.be\/wp-content\/uploads\/2025\/03\/tsc-auto-id-industrial-label-printer-mb241t.jpg","width":500,"height":500,"caption":"TSC MB241T 203 dpi imprimante industrielle d\u2019\u00e9tiquettes"},{"@type":"BreadcrumbList","@id":"https:\/\/d-identify.be\/fr\/produit\/tsc-mb241t-203dpi-imprimante-industrielle-etiquettes\/#breadcrumb","itemListElement":[{"@type":"ListItem","position":1,"name":"Home","item":"https:\/\/d-identify.be\/fr\/home-2\/"},{"@type":"ListItem","position":2,"name":"Boutique","item":"https:\/\/d-identify.be\/fr\/boutique\/"},{"@type":"ListItem","position":3,"name":"TSC MB241T Imprimante industrielle d\u2019\u00e9tiquettes (203 dpi, Transfert thermique, Ethernet)"}]},{"@type":"WebSite","@id":"https:\/\/d-identify.be\/fr\/#website","url":"https:\/\/d-identify.be\/fr\/","name":"d-identify","description":"Industrial identification - Lockout - Tagout - Floor marking","potentialAction":[{"@type":"SearchAction","target":{"@type":"EntryPoint","urlTemplate":"https:\/\/d-identify.be\/fr\/?s={search_term_string}"},"query-input":{"@type":"PropertyValueSpecification","valueRequired":true,"valueName":"search_term_string"}}],"inLanguage":"fr-FR"}]}},"_links":{"self":[{"href":"https:\/\/d-identify.be\/fr\/wp-json\/wp\/v2\/product\/53747","targetHints":{"allow":["GET"]}}],"collection":[{"href":"https:\/\/d-identify.be\/fr\/wp-json\/wp\/v2\/product"}],"about":[{"href":"https:\/\/d-identify.be\/fr\/wp-json\/wp\/v2\/types\/product"}],"replies":[{"embeddable":true,"href":"https:\/\/d-identify.be\/fr\/wp-json\/wp\/v2\/comments?post=53747"}],"wp:featuredmedia":[{"embeddable":true,"href":"https:\/\/d-identify.be\/fr\/wp-json\/wp\/v2\/media\/53770"}],"wp:attachment":[{"href":"https:\/\/d-identify.be\/fr\/wp-json\/wp\/v2\/media?parent=53747"}],"wp:term":[{"taxonomy":"product_brand","embeddable":true,"href":"https:\/\/d-identify.be\/fr\/wp-json\/wp\/v2\/product_brand?post=53747"},{"taxonomy":"product_cat","embeddable":true,"href":"https:\/\/d-identify.be\/fr\/wp-json\/wp\/v2\/product_cat?post=53747"},{"taxonomy":"product_tag","embeddable":true,"href":"https:\/\/d-identify.be\/fr\/wp-json\/wp\/v2\/product_tag?post=53747"},{"taxonomy":"pa_connextion-shapes","embeddable":true,"href":"https:\/\/d-identify.be\/fr\/wp-json\/wp\/v2\/pa_connextion-shapes?post=53747"}],"curies":[{"name":"wp","href":"https:\/\/api.w.org\/{rel}","templated":true}]}}