{"id":53679,"date":"2022-07-11T10:37:51","date_gmt":"2022-07-11T08:37:51","guid":{"rendered":"https:\/\/d-identify.be\/product\/printronix-auto-id-t4000-rfid\/"},"modified":"2022-07-11T10:37:51","modified_gmt":"2022-07-11T08:37:51","slug":"printronix-auto-id-t4000-rfid","status":"publish","type":"product","link":"https:\/\/d-identify.be\/fr\/produit\/printronix-auto-id-t4000-rfid\/","title":{"rendered":"Printronix Auto ID T4000-RFID"},"content":{"rendered":"<div class='et-learn-more clearfix'>\n\t\t\t\t\t<h3 class='heading-more'>Small, Fast, and Ready to Boost Productivity.<span class='et_learnmore_arrow'><span><\/span><\/span><\/h3>\n\t\t\t\t\t<div class='learn-more-content'><p>L&rsquo;imprimante RFID industrielle Printronix T4000 est notre imprimante industrielle la plus compacte et la plus abordable, capable d&rsquo;imprimer 5 000 \u00e9tiquettes par jour \u00e0 une vitesse allant jusqu&rsquo;\u00e0 25 cm par seconde. Si vous cherchez \u00e0 am\u00e9liorer votre productivit\u00e9, ne cherchez plus ! L&rsquo;imprimante RFID industrielle Printronix T4000 int\u00e8gre la technologie RFID, l&rsquo;architecture syst\u00e8me Printronix (PSA), de multiples options de connectivit\u00e9, des outils de gestion d&rsquo;imprimante \u00e0 distance et des alertes automatis\u00e9es pour garantir une efficacit\u00e9 et une productivit\u00e9 optimales \u00e0 votre entreprise.<\/div>\n\t\t\t\t<\/div>\n<div class='et-learn-more clearfix'>\n\t\t\t\t\t<h3 class='heading-more'>Enterprise-Level Productivity<span class='et_learnmore_arrow'><span><\/span><\/span><\/h3>\n\t\t\t\t\t<div class='learn-more-content'><ul>\n<li>Vitesse d&rsquo;impression exceptionnelle de 10 ips<\/li>\n<li>Imprime jusqu&rsquo;\u00e0 5 000 \u00e9tiquettes par jour dans des environnements exigeants<\/li>\n<li>Compatible avec PrintNet Enterprise, outil de gestion d&rsquo;imprimante<\/li>\n<li>Processeur ARM Cortex A-7 rapide<\/li>\n<li>Les alertes automatis\u00e9es maintiennent votre entreprise efficace et productive<\/li>\n<li>La disponibilit\u00e9 est maximis\u00e9e avec des rubans de 450 m et une capacit\u00e9 de rouleau d&rsquo;\u00e9tiquettes de 8 pouces<\/li>\n<\/ul><\/div>\n\t\t\t\t<\/div>\n<div class='et-learn-more clearfix'>\n\t\t\t\t\t<h3 class='heading-more'>Dependable Design<span class='et_learnmore_arrow'><span><\/span><\/span><\/h3>\n\t\t\t\t\t<div class='learn-more-content'><ul>\n<li>Bo\u00eetier m\u00e9tallique robuste avec panneau lat\u00e9ral pliable<\/li>\n<li>Construit sur la plate-forme Printronix System Architecture (PSA) pour une fiabilit\u00e9 \u00e9prouv\u00e9e<\/li>\n<li>Les algorithmes de t\u00eate d&rsquo;impression propri\u00e9taires fournissent des codes-barres de haute qualit\u00e9<\/li>\n<li>Grand \u00e9cran couleur LCD et panneau de commande facile \u00e0 utiliser<\/li>\n<li>MTBF \u00e9lev\u00e9 jusqu&rsquo;\u00e0 12 000 heures<\/li>\n<li>Large plage de temp\u00e9ratures de fonctionnement de 0 degr\u00e9s C \u00e0 40 degr\u00e9s C<\/li>\n<\/ul><\/div>\n\t\t\t\t<\/div>\n","protected":false},"excerpt":{"rendered":"<p>Notre imprimante RFID industrielle Printronix T4000 pr\u00e9sente le m\u00eame design compact et abordable que nos imprimantes industrielles d&rsquo;entreprise Printronix Auto ID, avec une capacit\u00e9 d&rsquo;impression de 5 000 \u00e9tiquettes par jour \u00e0 une vitesse allant jusqu&rsquo;\u00e0 25 cm par seconde. Cette s\u00e9rie int\u00e8gre \u00e9galement la technologie RFID, l&rsquo;architecture syst\u00e8me Printronix (PSA), de multiples options de connectivit\u00e9, des outils de gestion d&rsquo;imprimante \u00e0 distance et des alertes automatis\u00e9es pour garantir une efficacit\u00e9 et une productivit\u00e9 optimales \u00e0 votre entreprise. La T4000 est une imprimante industrielle capable d&rsquo;imprimer et d&rsquo;encoder des \u00e9tiquettes RIFD standard et des \u00e9tiquettes m\u00e9talliques. Des kits de mise \u00e0 niveau RFID sont disponibles pour le mod\u00e8le standard T4000 afin d&rsquo;offrir aux clients une solution \u00e9conomique pour int\u00e9grer la technologie RFID \u00e0 leurs op\u00e9rations sans investissement initial.  <\/p>\n","protected":false},"featured_media":26005,"comment_status":"open","ping_status":"closed","template":"","meta":{"_acf_changed":false,"_et_pb_use_builder":"","_et_pb_old_content":"","_et_gb_content_width":""},"product_brand":[1244],"product_cat":[658,775],"product_tag":[939],"pa_connextion-shapes":[],"class_list":{"0":"post-53679","1":"product","2":"type-product","3":"status-publish","4":"has-post-thumbnail","6":"product_brand-printronix","7":"product_cat-imprimantes-industrielles-a-transfert-thermique","8":"product_cat-imprimantes-detiquettes-rfid","9":"product_tag-printronix-fr","11":"first","12":"instock","13":"sale","14":"taxable","15":"shipping-taxable","16":"purchasable","17":"product-type-variable","18":"has-default-attributes"},"exclude_global_add_ons":[],"addons":[],"acf":[],"yoast_head":"<!-- This site is optimized with the Yoast SEO Premium plugin v27.0 (Yoast SEO v27.1) - https:\/\/yoast.com\/product\/yoast-seo-premium-wordpress\/ -->\n<title>Imprimante RFID industrielle Printronix T4000<\/title>\n<meta name=\"description\" content=\"Notre imprimante RFID industrielle Printronix T4000 pr\u00e9sente la m\u00eame conception compacte et abordable que nos imprimantes d&#039;identification automatique Printronix.\" \/>\n<meta name=\"robots\" content=\"index, follow, max-snippet:-1, max-image-preview:large, max-video-preview:-1\" \/>\n<link rel=\"canonical\" href=\"https:\/\/d-identify.be\/fr\/produit\/printronix-auto-id-t4000-rfid\/\" \/>\n<meta property=\"og:locale\" content=\"fr_FR\" \/>\n<meta property=\"og:type\" content=\"article\" \/>\n<meta property=\"og:title\" content=\"Printronix Auto ID T4000-RFID\" \/>\n<meta property=\"og:description\" content=\"Notre imprimante RFID industrielle Printronix T4000 pr\u00e9sente la m\u00eame conception compacte et abordable que nos imprimantes d&#039;identification automatique Printronix.\" \/>\n<meta property=\"og:url\" content=\"https:\/\/d-identify.be\/fr\/produit\/printronix-auto-id-t4000-rfid\/\" \/>\n<meta property=\"og:site_name\" content=\"d-identify\" \/>\n<meta property=\"og:image\" content=\"https:\/\/d-identify.be\/wp-content\/uploads\/2022\/07\/t4000.png\" \/>\n\t<meta property=\"og:image:width\" content=\"500\" \/>\n\t<meta property=\"og:image:height\" content=\"445\" \/>\n\t<meta property=\"og:image:type\" content=\"image\/png\" \/>\n<meta name=\"twitter:card\" content=\"summary_large_image\" \/>\n<meta name=\"twitter:label1\" content=\"Dur\u00e9e de lecture estim\u00e9e\" \/>\n\t<meta name=\"twitter:data1\" content=\"1 minute\" \/>\n<script type=\"application\/ld+json\" class=\"yoast-schema-graph\">{\"@context\":\"https:\/\/schema.org\",\"@graph\":[{\"@type\":\"WebPage\",\"@id\":\"https:\/\/d-identify.be\/fr\/produit\/printronix-auto-id-t4000-rfid\/\",\"url\":\"https:\/\/d-identify.be\/fr\/produit\/printronix-auto-id-t4000-rfid\/\",\"name\":\"Imprimante RFID industrielle Printronix T4000\",\"isPartOf\":{\"@id\":\"https:\/\/d-identify.be\/fr\/#website\"},\"primaryImageOfPage\":{\"@id\":\"https:\/\/d-identify.be\/fr\/produit\/printronix-auto-id-t4000-rfid\/#primaryimage\"},\"image\":{\"@id\":\"https:\/\/d-identify.be\/fr\/produit\/printronix-auto-id-t4000-rfid\/#primaryimage\"},\"thumbnailUrl\":\"https:\/\/d-identify.be\/wp-content\/uploads\/2022\/07\/t4000.png\",\"datePublished\":\"2022-07-11T08:37:51+00:00\",\"description\":\"Notre imprimante RFID industrielle Printronix T4000 pr\u00e9sente la m\u00eame conception compacte et abordable que nos imprimantes d'identification automatique Printronix.\",\"breadcrumb\":{\"@id\":\"https:\/\/d-identify.be\/fr\/produit\/printronix-auto-id-t4000-rfid\/#breadcrumb\"},\"inLanguage\":\"fr-FR\",\"potentialAction\":[{\"@type\":\"ReadAction\",\"target\":[\"https:\/\/d-identify.be\/fr\/produit\/printronix-auto-id-t4000-rfid\/\"]}]},{\"@type\":\"ImageObject\",\"inLanguage\":\"fr-FR\",\"@id\":\"https:\/\/d-identify.be\/fr\/produit\/printronix-auto-id-t4000-rfid\/#primaryimage\",\"url\":\"https:\/\/d-identify.be\/wp-content\/uploads\/2022\/07\/t4000.png\",\"contentUrl\":\"https:\/\/d-identify.be\/wp-content\/uploads\/2022\/07\/t4000.png\",\"width\":500,\"height\":445,\"caption\":\"Printronix T43X4 Imprimante industrielle 300 dpi | D-Identify\"},{\"@type\":\"BreadcrumbList\",\"@id\":\"https:\/\/d-identify.be\/fr\/produit\/printronix-auto-id-t4000-rfid\/#breadcrumb\",\"itemListElement\":[{\"@type\":\"ListItem\",\"position\":1,\"name\":\"Home\",\"item\":\"https:\/\/d-identify.be\/fr\/home-2\/\"},{\"@type\":\"ListItem\",\"position\":2,\"name\":\"Boutique\",\"item\":\"https:\/\/d-identify.be\/fr\/boutique\/\"},{\"@type\":\"ListItem\",\"position\":3,\"name\":\"Printronix Auto ID T4000-RFID\"}]},{\"@type\":\"WebSite\",\"@id\":\"https:\/\/d-identify.be\/fr\/#website\",\"url\":\"https:\/\/d-identify.be\/fr\/\",\"name\":\"d-identify\",\"description\":\"Industrial identification - Lockout - Tagout - Floor marking\",\"potentialAction\":[{\"@type\":\"SearchAction\",\"target\":{\"@type\":\"EntryPoint\",\"urlTemplate\":\"https:\/\/d-identify.be\/fr\/?s={search_term_string}\"},\"query-input\":{\"@type\":\"PropertyValueSpecification\",\"valueRequired\":true,\"valueName\":\"search_term_string\"}}],\"inLanguage\":\"fr-FR\"}]}<\/script>\n<!-- \/ Yoast SEO Premium plugin. -->","yoast_head_json":{"title":"Imprimante RFID industrielle Printronix T4000","description":"Notre imprimante RFID industrielle Printronix T4000 pr\u00e9sente la m\u00eame conception compacte et abordable que nos imprimantes d'identification automatique Printronix.","robots":{"index":"index","follow":"follow","max-snippet":"max-snippet:-1","max-image-preview":"max-image-preview:large","max-video-preview":"max-video-preview:-1"},"canonical":"https:\/\/d-identify.be\/fr\/produit\/printronix-auto-id-t4000-rfid\/","og_locale":"fr_FR","og_type":"article","og_title":"Printronix Auto ID T4000-RFID","og_description":"Notre imprimante RFID industrielle Printronix T4000 pr\u00e9sente la m\u00eame conception compacte et abordable que nos imprimantes d'identification automatique Printronix.","og_url":"https:\/\/d-identify.be\/fr\/produit\/printronix-auto-id-t4000-rfid\/","og_site_name":"d-identify","og_image":[{"width":500,"height":445,"url":"https:\/\/d-identify.be\/wp-content\/uploads\/2022\/07\/t4000.png","type":"image\/png"}],"twitter_card":"summary_large_image","twitter_misc":{"Dur\u00e9e de lecture estim\u00e9e":"1 minute"},"schema":{"@context":"https:\/\/schema.org","@graph":[{"@type":"WebPage","@id":"https:\/\/d-identify.be\/fr\/produit\/printronix-auto-id-t4000-rfid\/","url":"https:\/\/d-identify.be\/fr\/produit\/printronix-auto-id-t4000-rfid\/","name":"Imprimante RFID industrielle Printronix T4000","isPartOf":{"@id":"https:\/\/d-identify.be\/fr\/#website"},"primaryImageOfPage":{"@id":"https:\/\/d-identify.be\/fr\/produit\/printronix-auto-id-t4000-rfid\/#primaryimage"},"image":{"@id":"https:\/\/d-identify.be\/fr\/produit\/printronix-auto-id-t4000-rfid\/#primaryimage"},"thumbnailUrl":"https:\/\/d-identify.be\/wp-content\/uploads\/2022\/07\/t4000.png","datePublished":"2022-07-11T08:37:51+00:00","description":"Notre imprimante RFID industrielle Printronix T4000 pr\u00e9sente la m\u00eame conception compacte et abordable que nos imprimantes d'identification automatique Printronix.","breadcrumb":{"@id":"https:\/\/d-identify.be\/fr\/produit\/printronix-auto-id-t4000-rfid\/#breadcrumb"},"inLanguage":"fr-FR","potentialAction":[{"@type":"ReadAction","target":["https:\/\/d-identify.be\/fr\/produit\/printronix-auto-id-t4000-rfid\/"]}]},{"@type":"ImageObject","inLanguage":"fr-FR","@id":"https:\/\/d-identify.be\/fr\/produit\/printronix-auto-id-t4000-rfid\/#primaryimage","url":"https:\/\/d-identify.be\/wp-content\/uploads\/2022\/07\/t4000.png","contentUrl":"https:\/\/d-identify.be\/wp-content\/uploads\/2022\/07\/t4000.png","width":500,"height":445,"caption":"Printronix T43X4 Imprimante industrielle 300 dpi | D-Identify"},{"@type":"BreadcrumbList","@id":"https:\/\/d-identify.be\/fr\/produit\/printronix-auto-id-t4000-rfid\/#breadcrumb","itemListElement":[{"@type":"ListItem","position":1,"name":"Home","item":"https:\/\/d-identify.be\/fr\/home-2\/"},{"@type":"ListItem","position":2,"name":"Boutique","item":"https:\/\/d-identify.be\/fr\/boutique\/"},{"@type":"ListItem","position":3,"name":"Printronix Auto ID T4000-RFID"}]},{"@type":"WebSite","@id":"https:\/\/d-identify.be\/fr\/#website","url":"https:\/\/d-identify.be\/fr\/","name":"d-identify","description":"Industrial identification - Lockout - Tagout - Floor marking","potentialAction":[{"@type":"SearchAction","target":{"@type":"EntryPoint","urlTemplate":"https:\/\/d-identify.be\/fr\/?s={search_term_string}"},"query-input":{"@type":"PropertyValueSpecification","valueRequired":true,"valueName":"search_term_string"}}],"inLanguage":"fr-FR"}]}},"_links":{"self":[{"href":"https:\/\/d-identify.be\/fr\/wp-json\/wp\/v2\/product\/53679","targetHints":{"allow":["GET"]}}],"collection":[{"href":"https:\/\/d-identify.be\/fr\/wp-json\/wp\/v2\/product"}],"about":[{"href":"https:\/\/d-identify.be\/fr\/wp-json\/wp\/v2\/types\/product"}],"replies":[{"embeddable":true,"href":"https:\/\/d-identify.be\/fr\/wp-json\/wp\/v2\/comments?post=53679"}],"wp:featuredmedia":[{"embeddable":true,"href":"https:\/\/d-identify.be\/fr\/wp-json\/wp\/v2\/media\/26005"}],"wp:attachment":[{"href":"https:\/\/d-identify.be\/fr\/wp-json\/wp\/v2\/media?parent=53679"}],"wp:term":[{"taxonomy":"product_brand","embeddable":true,"href":"https:\/\/d-identify.be\/fr\/wp-json\/wp\/v2\/product_brand?post=53679"},{"taxonomy":"product_cat","embeddable":true,"href":"https:\/\/d-identify.be\/fr\/wp-json\/wp\/v2\/product_cat?post=53679"},{"taxonomy":"product_tag","embeddable":true,"href":"https:\/\/d-identify.be\/fr\/wp-json\/wp\/v2\/product_tag?post=53679"},{"taxonomy":"pa_connextion-shapes","embeddable":true,"href":"https:\/\/d-identify.be\/fr\/wp-json\/wp\/v2\/pa_connextion-shapes?post=53679"}],"curies":[{"name":"wp","href":"https:\/\/api.w.org\/{rel}","templated":true}]}}