{"id":53663,"date":"2022-07-11T11:12:46","date_gmt":"2022-07-11T09:12:46","guid":{"rendered":"https:\/\/d-identify.be\/product\/printronix-auto-id-t6000e-rfid\/"},"modified":"2022-07-11T11:12:46","modified_gmt":"2022-07-11T09:12:46","slug":"printronix-auto-id-t6000e-rfid","status":"publish","type":"product","link":"https:\/\/d-identify.be\/fr\/produit\/printronix-auto-id-t6000e-rfid\/","title":{"rendered":"Printronix Auto ID T6000e-RFID"},"content":{"rendered":"<p>L&rsquo;imprimante industrielle Printronix T6000e est l&rsquo;une des imprimantes les plus polyvalentes du march\u00e9 avec la capacit\u00e9 d&rsquo;imprimer 10 000 \u00e9tiquettes par jour \u00e0 grande vitesse, d&rsquo;offrir des applications d&rsquo;impression de petites \u00e9tiquettes haute r\u00e9solution 300 dpi, l&rsquo;architecture syst\u00e8me Printronix (PSA), plusieurs options de connectivit\u00e9 et des outils de gestion d&rsquo;imprimante \u00e0 distance et des alertes automatis\u00e9es pour maintenir votre entreprise \u00e0 une efficacit\u00e9 et une productivit\u00e9 optimales.<\/p>\n<div class='et-learn-more clearfix'>\n\t\t\t\t\t<h3 class='heading-more'>Enterprise-level productivity<span class='et_learnmore_arrow'><span><\/span><\/span><\/h3>\n\t\t\t\t\t<div class='learn-more-content'><ul>\n<li>Vitesse d&rsquo;impression \u00e0 haute productivit\u00e9 de 14 ips<\/li>\n<li>Impression \u00e0 haut volume jusqu&rsquo;\u00e0 10 000 \u00e9tiquettes par jour dans des environnements exigeants<\/li>\n<li>Compatible avec la solution de gestion des appareils SOTI Connect<\/li>\n<\/ul><\/div>\n\t\t\t\t<\/div>\n<div class='et-learn-more clearfix'>\n\t\t\t\t\t<h3 class='heading-more'>Versatility<span class='et_learnmore_arrow'><span><\/span><\/span><\/h3>\n\t\t\t\t\t<div class='learn-more-content'><ul>\n<li>La fonction RFID imprime et code \u00e0 la fois sur des \u00e9tiquettes standard et sur des \u00e9tiquettes m\u00e9talliques<\/li>\n<li>Neuf langages d&rsquo;imprimante concurrents<\/li>\n<li>Kits de mise \u00e0 niveau disponibles avec pelage, rembobinage et coupe (gestion des supports)<\/li>\n<\/ul><\/div>\n\t\t\t\t<\/div>\n<div class='et-learn-more clearfix'>\n\t\t\t\t\t<h3 class='heading-more'>Reliability<span class='et_learnmore_arrow'><span><\/span><\/span><\/h3>\n\t\t\t\t\t<div class='learn-more-content'><ul>\n<li>Construction \u00e0 cadre m\u00e9tallique solide pour un fonctionnement fiable<\/li>\n<li>La suite compl\u00e8te de s\u00e9curit\u00e9 WiFi<\/li>\n<li>Un syst\u00e8me intelligent de gestion de la chaleur augmente la dur\u00e9e de vie de la t\u00eate d&rsquo;impression et am\u00e9liore la qualit\u00e9 d&rsquo;impression des codes-barres tout en r\u00e9duisant les co\u00fbts d&rsquo;exploitation\n<\/li>\n<\/ul><\/div>\n\t\t\t\t<\/div>\n","protected":false},"excerpt":{"rendered":"<p>L&rsquo;imprimante T6000e est l&rsquo;une des imprimantes les plus polyvalentes du march\u00e9 avec la capacit\u00e9 d&rsquo;imprimer 10 000 \u00e9tiquettes par jour \u00e0 grande vitesse, d&rsquo;offrir des applications d&rsquo;impression de petites \u00e9tiquettes haute r\u00e9solution 300 dpi, l&rsquo;architecture syst\u00e8me Printronix (PSA), de multiples options de connectivit\u00e9 et des outils de gestion d&rsquo;imprimante \u00e0 distance et des alertes automatis\u00e9es pour maintenir votre entreprise \u00e0 une efficacit\u00e9 et une productivit\u00e9 optimales.<\/p>\n","protected":false},"featured_media":25995,"comment_status":"open","ping_status":"closed","template":"","meta":{"_acf_changed":false,"_et_pb_use_builder":"","_et_pb_old_content":"","_et_gb_content_width":""},"product_brand":[1244],"product_cat":[658,775],"product_tag":[939],"pa_connextion-shapes":[],"class_list":{"0":"post-53663","1":"product","2":"type-product","3":"status-publish","4":"has-post-thumbnail","6":"product_brand-printronix","7":"product_cat-imprimantes-industrielles-a-transfert-thermique","8":"product_cat-imprimantes-detiquettes-rfid","9":"product_tag-printronix-fr","11":"first","12":"instock","13":"sale","14":"taxable","15":"shipping-taxable","16":"purchasable","17":"product-type-variable","18":"has-default-attributes"},"exclude_global_add_ons":[],"addons":[],"acf":[],"yoast_head":"<!-- This site is optimized with the Yoast SEO Premium plugin v27.0 (Yoast SEO v27.1) - https:\/\/yoast.com\/product\/yoast-seo-premium-wordpress\/ -->\n<title>Imprimante industrielle Printronix T6000e<\/title>\n<meta name=\"description\" content=\"L&#039;imprimante industrielle Printronix T6000e est l&#039;une des imprimantes les plus polyvalentes du march\u00e9 avec la capacit\u00e9 d&#039;imprimer 10 000 \u00e9tiquettes par jour...\" \/>\n<meta name=\"robots\" content=\"index, follow, max-snippet:-1, max-image-preview:large, max-video-preview:-1\" \/>\n<link rel=\"canonical\" href=\"https:\/\/d-identify.be\/fr\/produit\/printronix-auto-id-t6000e-rfid\/\" \/>\n<meta property=\"og:locale\" content=\"fr_FR\" \/>\n<meta property=\"og:type\" content=\"article\" \/>\n<meta property=\"og:title\" content=\"Printronix Auto ID T6000e-RFID\" \/>\n<meta property=\"og:description\" content=\"L&#039;imprimante industrielle Printronix T6000e est l&#039;une des imprimantes les plus polyvalentes du march\u00e9 avec la capacit\u00e9 d&#039;imprimer 10 000 \u00e9tiquettes par jour...\" \/>\n<meta property=\"og:url\" content=\"https:\/\/d-identify.be\/fr\/produit\/printronix-auto-id-t6000e-rfid\/\" \/>\n<meta property=\"og:site_name\" content=\"d-identify\" \/>\n<meta property=\"og:image\" content=\"https:\/\/d-identify.be\/wp-content\/uploads\/2022\/07\/t6000e_4.png\" \/>\n\t<meta property=\"og:image:width\" content=\"500\" \/>\n\t<meta property=\"og:image:height\" content=\"500\" \/>\n\t<meta property=\"og:image:type\" content=\"image\/png\" \/>\n<meta name=\"twitter:card\" content=\"summary_large_image\" \/>\n<meta name=\"twitter:label1\" content=\"Dur\u00e9e de lecture estim\u00e9e\" \/>\n\t<meta name=\"twitter:data1\" content=\"1 minute\" \/>\n<script type=\"application\/ld+json\" class=\"yoast-schema-graph\">{\"@context\":\"https:\/\/schema.org\",\"@graph\":[{\"@type\":\"WebPage\",\"@id\":\"https:\/\/d-identify.be\/fr\/produit\/printronix-auto-id-t6000e-rfid\/\",\"url\":\"https:\/\/d-identify.be\/fr\/produit\/printronix-auto-id-t6000e-rfid\/\",\"name\":\"Imprimante industrielle Printronix T6000e\",\"isPartOf\":{\"@id\":\"https:\/\/d-identify.be\/fr\/#website\"},\"primaryImageOfPage\":{\"@id\":\"https:\/\/d-identify.be\/fr\/produit\/printronix-auto-id-t6000e-rfid\/#primaryimage\"},\"image\":{\"@id\":\"https:\/\/d-identify.be\/fr\/produit\/printronix-auto-id-t6000e-rfid\/#primaryimage\"},\"thumbnailUrl\":\"https:\/\/d-identify.be\/wp-content\/uploads\/2022\/07\/t6000e_4.png\",\"datePublished\":\"2022-07-11T09:12:46+00:00\",\"description\":\"L'imprimante industrielle Printronix T6000e est l'une des imprimantes les plus polyvalentes du march\u00e9 avec la capacit\u00e9 d'imprimer 10 000 \u00e9tiquettes par jour...\",\"breadcrumb\":{\"@id\":\"https:\/\/d-identify.be\/fr\/produit\/printronix-auto-id-t6000e-rfid\/#breadcrumb\"},\"inLanguage\":\"fr-FR\",\"potentialAction\":[{\"@type\":\"ReadAction\",\"target\":[\"https:\/\/d-identify.be\/fr\/produit\/printronix-auto-id-t6000e-rfid\/\"]}]},{\"@type\":\"ImageObject\",\"inLanguage\":\"fr-FR\",\"@id\":\"https:\/\/d-identify.be\/fr\/produit\/printronix-auto-id-t6000e-rfid\/#primaryimage\",\"url\":\"https:\/\/d-identify.be\/wp-content\/uploads\/2022\/07\/t6000e_4.png\",\"contentUrl\":\"https:\/\/d-identify.be\/wp-content\/uploads\/2022\/07\/t6000e_4.png\",\"width\":500,\"height\":500,\"caption\":\"Printronix T6E3X4 RFID imprimante industrielle\"},{\"@type\":\"BreadcrumbList\",\"@id\":\"https:\/\/d-identify.be\/fr\/produit\/printronix-auto-id-t6000e-rfid\/#breadcrumb\",\"itemListElement\":[{\"@type\":\"ListItem\",\"position\":1,\"name\":\"Home\",\"item\":\"https:\/\/d-identify.be\/fr\/home-2\/\"},{\"@type\":\"ListItem\",\"position\":2,\"name\":\"Boutique\",\"item\":\"https:\/\/d-identify.be\/fr\/boutique\/\"},{\"@type\":\"ListItem\",\"position\":3,\"name\":\"Printronix Auto ID T6000e-RFID\"}]},{\"@type\":\"WebSite\",\"@id\":\"https:\/\/d-identify.be\/fr\/#website\",\"url\":\"https:\/\/d-identify.be\/fr\/\",\"name\":\"d-identify\",\"description\":\"Industrial identification - Lockout - Tagout - Floor marking\",\"potentialAction\":[{\"@type\":\"SearchAction\",\"target\":{\"@type\":\"EntryPoint\",\"urlTemplate\":\"https:\/\/d-identify.be\/fr\/?s={search_term_string}\"},\"query-input\":{\"@type\":\"PropertyValueSpecification\",\"valueRequired\":true,\"valueName\":\"search_term_string\"}}],\"inLanguage\":\"fr-FR\"}]}<\/script>\n<!-- \/ Yoast SEO Premium plugin. -->","yoast_head_json":{"title":"Imprimante industrielle Printronix T6000e","description":"L'imprimante industrielle Printronix T6000e est l'une des imprimantes les plus polyvalentes du march\u00e9 avec la capacit\u00e9 d'imprimer 10 000 \u00e9tiquettes par jour...","robots":{"index":"index","follow":"follow","max-snippet":"max-snippet:-1","max-image-preview":"max-image-preview:large","max-video-preview":"max-video-preview:-1"},"canonical":"https:\/\/d-identify.be\/fr\/produit\/printronix-auto-id-t6000e-rfid\/","og_locale":"fr_FR","og_type":"article","og_title":"Printronix Auto ID T6000e-RFID","og_description":"L'imprimante industrielle Printronix T6000e est l'une des imprimantes les plus polyvalentes du march\u00e9 avec la capacit\u00e9 d'imprimer 10 000 \u00e9tiquettes par jour...","og_url":"https:\/\/d-identify.be\/fr\/produit\/printronix-auto-id-t6000e-rfid\/","og_site_name":"d-identify","og_image":[{"width":500,"height":500,"url":"https:\/\/d-identify.be\/wp-content\/uploads\/2022\/07\/t6000e_4.png","type":"image\/png"}],"twitter_card":"summary_large_image","twitter_misc":{"Dur\u00e9e de lecture estim\u00e9e":"1 minute"},"schema":{"@context":"https:\/\/schema.org","@graph":[{"@type":"WebPage","@id":"https:\/\/d-identify.be\/fr\/produit\/printronix-auto-id-t6000e-rfid\/","url":"https:\/\/d-identify.be\/fr\/produit\/printronix-auto-id-t6000e-rfid\/","name":"Imprimante industrielle Printronix T6000e","isPartOf":{"@id":"https:\/\/d-identify.be\/fr\/#website"},"primaryImageOfPage":{"@id":"https:\/\/d-identify.be\/fr\/produit\/printronix-auto-id-t6000e-rfid\/#primaryimage"},"image":{"@id":"https:\/\/d-identify.be\/fr\/produit\/printronix-auto-id-t6000e-rfid\/#primaryimage"},"thumbnailUrl":"https:\/\/d-identify.be\/wp-content\/uploads\/2022\/07\/t6000e_4.png","datePublished":"2022-07-11T09:12:46+00:00","description":"L'imprimante industrielle Printronix T6000e est l'une des imprimantes les plus polyvalentes du march\u00e9 avec la capacit\u00e9 d'imprimer 10 000 \u00e9tiquettes par jour...","breadcrumb":{"@id":"https:\/\/d-identify.be\/fr\/produit\/printronix-auto-id-t6000e-rfid\/#breadcrumb"},"inLanguage":"fr-FR","potentialAction":[{"@type":"ReadAction","target":["https:\/\/d-identify.be\/fr\/produit\/printronix-auto-id-t6000e-rfid\/"]}]},{"@type":"ImageObject","inLanguage":"fr-FR","@id":"https:\/\/d-identify.be\/fr\/produit\/printronix-auto-id-t6000e-rfid\/#primaryimage","url":"https:\/\/d-identify.be\/wp-content\/uploads\/2022\/07\/t6000e_4.png","contentUrl":"https:\/\/d-identify.be\/wp-content\/uploads\/2022\/07\/t6000e_4.png","width":500,"height":500,"caption":"Printronix T6E3X4 RFID imprimante industrielle"},{"@type":"BreadcrumbList","@id":"https:\/\/d-identify.be\/fr\/produit\/printronix-auto-id-t6000e-rfid\/#breadcrumb","itemListElement":[{"@type":"ListItem","position":1,"name":"Home","item":"https:\/\/d-identify.be\/fr\/home-2\/"},{"@type":"ListItem","position":2,"name":"Boutique","item":"https:\/\/d-identify.be\/fr\/boutique\/"},{"@type":"ListItem","position":3,"name":"Printronix Auto ID T6000e-RFID"}]},{"@type":"WebSite","@id":"https:\/\/d-identify.be\/fr\/#website","url":"https:\/\/d-identify.be\/fr\/","name":"d-identify","description":"Industrial identification - Lockout - Tagout - Floor marking","potentialAction":[{"@type":"SearchAction","target":{"@type":"EntryPoint","urlTemplate":"https:\/\/d-identify.be\/fr\/?s={search_term_string}"},"query-input":{"@type":"PropertyValueSpecification","valueRequired":true,"valueName":"search_term_string"}}],"inLanguage":"fr-FR"}]}},"_links":{"self":[{"href":"https:\/\/d-identify.be\/fr\/wp-json\/wp\/v2\/product\/53663","targetHints":{"allow":["GET"]}}],"collection":[{"href":"https:\/\/d-identify.be\/fr\/wp-json\/wp\/v2\/product"}],"about":[{"href":"https:\/\/d-identify.be\/fr\/wp-json\/wp\/v2\/types\/product"}],"replies":[{"embeddable":true,"href":"https:\/\/d-identify.be\/fr\/wp-json\/wp\/v2\/comments?post=53663"}],"wp:featuredmedia":[{"embeddable":true,"href":"https:\/\/d-identify.be\/fr\/wp-json\/wp\/v2\/media\/25995"}],"wp:attachment":[{"href":"https:\/\/d-identify.be\/fr\/wp-json\/wp\/v2\/media?parent=53663"}],"wp:term":[{"taxonomy":"product_brand","embeddable":true,"href":"https:\/\/d-identify.be\/fr\/wp-json\/wp\/v2\/product_brand?post=53663"},{"taxonomy":"product_cat","embeddable":true,"href":"https:\/\/d-identify.be\/fr\/wp-json\/wp\/v2\/product_cat?post=53663"},{"taxonomy":"product_tag","embeddable":true,"href":"https:\/\/d-identify.be\/fr\/wp-json\/wp\/v2\/product_tag?post=53663"},{"taxonomy":"pa_connextion-shapes","embeddable":true,"href":"https:\/\/d-identify.be\/fr\/wp-json\/wp\/v2\/pa_connextion-shapes?post=53663"}],"curies":[{"name":"wp","href":"https:\/\/api.w.org\/{rel}","templated":true}]}}