{"id":53603,"date":"2025-02-18T17:36:07","date_gmt":"2025-02-18T15:36:07","guid":{"rendered":"https:\/\/d-identify.be\/product\/imprimante-de-bureau-dt2x-godex\/"},"modified":"2026-04-08T06:11:30","modified_gmt":"2026-04-08T04:11:30","slug":"imprimante-de-bureau-dt2x-godex","status":"publish","type":"product","link":"https:\/\/d-identify.be\/fr\/produit\/imprimante-de-bureau-dt2x-godex\/","title":{"rendered":"Imprimante de bureau DT2x Godex"},"content":{"rendered":"<p>L&rsquo;imprimante de bureau DT2x Godex est ultra-l\u00e9g\u00e8re, compacte pour une meilleure utilisation de l&rsquo;espace et prend en charge plusieurs ports de communication ; elle est efficace et multit\u00e2che pour l&rsquo;impression d&rsquo;\u00e9tiquettes et d&rsquo;\u00e9tiquettes de vente au d\u00e9tail, d&rsquo;entrep\u00f4ts, de logistique et de transport, de soins de sant\u00e9.<\/p>\n<ul>\n<li>16 Mo de SDRAM et 4 Mo de m\u00e9moire Flash, dont 2 Mo de stockage de m\u00e9moire disponible pour l&rsquo;utilisateur pour les objets t\u00e9l\u00e9chargeables<\/li>\n<li>Vitesse d&rsquo;impression : jusqu&rsquo;\u00e0 7&Prime;\/177 mm par seconde<\/li>\n<li>Prend en charge les ports Ethernet, s\u00e9rie et USB<\/li>\n<li>M\u00e9canisme d&rsquo;alimentation d&rsquo;\u00e9tiquettes am\u00e9lior\u00e9 et d\u00e9tection instantan\u00e9e des \u00e9tiquettes<\/li>\n<li><strong><span style=\"color: #ff6600;\">Logiciel de conception d&rsquo;\u00e9tiquettes GoLabel gratuit livr\u00e9 avec l&rsquo;imprimante ! <\/span><\/strong><\/li>\n<\/ul>\n","protected":false},"excerpt":{"rendered":"<p>DT2x est ultra-l\u00e9ger, compact pour une meilleure utilisation de l&rsquo;espace et prend en charge plusieurs ports de communication ; ils sont efficaces et multit\u00e2ches pour l&rsquo;impression d&rsquo;\u00e9tiquettes et d&rsquo;\u00e9tiquettes de vente au d\u00e9tail, d&rsquo;entrep\u00f4ts, de logistique et de transport, de soins de sant\u00e9.<\/p>\n<p>&nbsp;<\/p>\n<h4><span style=\"color: #ff0000;\"><strong>3 ans de garantie<\/strong> <\/span><\/h4>\n<ul>\n<li>16 Mo de SDRAM et 4 Mo de m\u00e9moire Flash, dont 2 Mo de stockage de m\u00e9moire disponible pour l&rsquo;utilisateur pour les objets t\u00e9l\u00e9chargeables<\/li>\n<li>Vitesse d&rsquo;impression : jusqu&rsquo;\u00e0 7&Prime;\/177 mm par seconde<\/li>\n<li>Prend en charge les ports Ethernet, s\u00e9rie et USB<\/li>\n<li>M\u00e9canisme d&rsquo;alimentation d&rsquo;\u00e9tiquettes am\u00e9lior\u00e9 et d\u00e9tection instantan\u00e9e des \u00e9tiquettes<\/li>\n<li><strong><span style=\"color: #ff6600;\">Logiciel de conception d&rsquo;\u00e9tiquettes GoLabel gratuit livr\u00e9 avec l&rsquo;imprimante ! <\/span><\/strong><\/li>\n<\/ul>\n","protected":false},"featured_media":52189,"comment_status":"open","ping_status":"closed","template":"","meta":{"_acf_changed":false,"_et_pb_use_builder":"","_et_pb_old_content":"","_et_gb_content_width":""},"product_brand":[1227],"product_cat":[595,598],"product_tag":[],"pa_connextion-shapes":[],"class_list":{"0":"post-53603","1":"product","2":"type-product","3":"status-publish","4":"has-post-thumbnail","6":"product_brand-godex","7":"product_cat-imprimantes-industrielles","8":"product_cat-imprimantes-detiquettes-de-bureau","10":"first","11":"instock","12":"sale","13":"taxable","14":"shipping-taxable","15":"purchasable","16":"product-type-simple"},"exclude_global_add_ons":[],"addons":[],"acf":[],"yoast_head":"<!-- This site is optimized with the Yoast SEO Premium plugin v27.0 (Yoast SEO v27.1) - https:\/\/yoast.com\/product\/yoast-seo-premium-wordpress\/ -->\n<title>Imprimante de bureau DT2x Godex<\/title>\n<meta name=\"description\" content=\"L&#039;imprimante de bureau DT2x Godex est ultra-l\u00e9g\u00e8re, compacte et prend en charge plusieurs ports de communication. Id\u00e9ale pour le commerce de d\u00e9tail, les entrep\u00f4ts, la logistique et le transport.\" \/>\n<meta name=\"robots\" content=\"index, follow, max-snippet:-1, max-image-preview:large, max-video-preview:-1\" \/>\n<link rel=\"canonical\" href=\"https:\/\/d-identify.be\/fr\/produit\/imprimante-de-bureau-dt2x-godex\/\" \/>\n<meta property=\"og:locale\" content=\"fr_FR\" \/>\n<meta property=\"og:type\" content=\"article\" \/>\n<meta property=\"og:title\" content=\"Imprimante de bureau DT2x Godex\" \/>\n<meta property=\"og:description\" content=\"L&#039;imprimante de bureau DT2x Godex est ultra-l\u00e9g\u00e8re, compacte et prend en charge plusieurs ports de communication. Id\u00e9ale pour le commerce de d\u00e9tail, les entrep\u00f4ts, la logistique et le transport.\" \/>\n<meta property=\"og:url\" content=\"https:\/\/d-identify.be\/fr\/produit\/imprimante-de-bureau-dt2x-godex\/\" \/>\n<meta property=\"og:site_name\" content=\"d-identify\" \/>\n<meta property=\"article:modified_time\" content=\"2026-04-08T04:11:30+00:00\" \/>\n<meta property=\"og:image\" content=\"https:\/\/d-identify.be\/wp-content\/uploads\/2025\/02\/DT2X.png\" \/>\n\t<meta property=\"og:image:width\" content=\"600\" \/>\n\t<meta property=\"og:image:height\" content=\"600\" \/>\n\t<meta property=\"og:image:type\" content=\"image\/png\" \/>\n<meta name=\"twitter:card\" content=\"summary_large_image\" \/>\n<meta name=\"twitter:label1\" content=\"Dur\u00e9e de lecture estim\u00e9e\" \/>\n\t<meta name=\"twitter:data1\" content=\"1 minute\" \/>\n<script type=\"application\/ld+json\" class=\"yoast-schema-graph\">{\"@context\":\"https:\/\/schema.org\",\"@graph\":[{\"@type\":\"WebPage\",\"@id\":\"https:\/\/d-identify.be\/fr\/produit\/imprimante-de-bureau-dt2x-godex\/\",\"url\":\"https:\/\/d-identify.be\/fr\/produit\/imprimante-de-bureau-dt2x-godex\/\",\"name\":\"Imprimante de bureau DT2x Godex\",\"isPartOf\":{\"@id\":\"https:\/\/d-identify.be\/fr\/#website\"},\"primaryImageOfPage\":{\"@id\":\"https:\/\/d-identify.be\/fr\/produit\/imprimante-de-bureau-dt2x-godex\/#primaryimage\"},\"image\":{\"@id\":\"https:\/\/d-identify.be\/fr\/produit\/imprimante-de-bureau-dt2x-godex\/#primaryimage\"},\"thumbnailUrl\":\"https:\/\/d-identify.be\/wp-content\/uploads\/2025\/02\/DT2X.png\",\"datePublished\":\"2025-02-18T15:36:07+00:00\",\"dateModified\":\"2026-04-08T04:11:30+00:00\",\"description\":\"L'imprimante de bureau DT2x Godex est ultra-l\u00e9g\u00e8re, compacte et prend en charge plusieurs ports de communication. Id\u00e9ale pour le commerce de d\u00e9tail, les entrep\u00f4ts, la logistique et le transport.\",\"breadcrumb\":{\"@id\":\"https:\/\/d-identify.be\/fr\/produit\/imprimante-de-bureau-dt2x-godex\/#breadcrumb\"},\"inLanguage\":\"fr-FR\",\"potentialAction\":[{\"@type\":\"ReadAction\",\"target\":[\"https:\/\/d-identify.be\/fr\/produit\/imprimante-de-bureau-dt2x-godex\/\"]}]},{\"@type\":\"ImageObject\",\"inLanguage\":\"fr-FR\",\"@id\":\"https:\/\/d-identify.be\/fr\/produit\/imprimante-de-bureau-dt2x-godex\/#primaryimage\",\"url\":\"https:\/\/d-identify.be\/wp-content\/uploads\/2025\/02\/DT2X.png\",\"contentUrl\":\"https:\/\/d-identify.be\/wp-content\/uploads\/2025\/02\/DT2X.png\",\"width\":600,\"height\":600,\"caption\":\"DT2x - Godex Desktop printer\"},{\"@type\":\"BreadcrumbList\",\"@id\":\"https:\/\/d-identify.be\/fr\/produit\/imprimante-de-bureau-dt2x-godex\/#breadcrumb\",\"itemListElement\":[{\"@type\":\"ListItem\",\"position\":1,\"name\":\"Home\",\"item\":\"https:\/\/d-identify.be\/fr\/home-2\/\"},{\"@type\":\"ListItem\",\"position\":2,\"name\":\"Boutique\",\"item\":\"https:\/\/d-identify.be\/fr\/boutique\/\"},{\"@type\":\"ListItem\",\"position\":3,\"name\":\"Imprimante de bureau DT2x Godex\"}]},{\"@type\":\"WebSite\",\"@id\":\"https:\/\/d-identify.be\/fr\/#website\",\"url\":\"https:\/\/d-identify.be\/fr\/\",\"name\":\"d-identify\",\"description\":\"Industrial identification - Lockout - Tagout - Floor marking\",\"potentialAction\":[{\"@type\":\"SearchAction\",\"target\":{\"@type\":\"EntryPoint\",\"urlTemplate\":\"https:\/\/d-identify.be\/fr\/?s={search_term_string}\"},\"query-input\":{\"@type\":\"PropertyValueSpecification\",\"valueRequired\":true,\"valueName\":\"search_term_string\"}}],\"inLanguage\":\"fr-FR\"}]}<\/script>\n<!-- \/ Yoast SEO Premium plugin. -->","yoast_head_json":{"title":"Imprimante de bureau DT2x Godex","description":"L'imprimante de bureau DT2x Godex est ultra-l\u00e9g\u00e8re, compacte et prend en charge plusieurs ports de communication. Id\u00e9ale pour le commerce de d\u00e9tail, les entrep\u00f4ts, la logistique et le transport.","robots":{"index":"index","follow":"follow","max-snippet":"max-snippet:-1","max-image-preview":"max-image-preview:large","max-video-preview":"max-video-preview:-1"},"canonical":"https:\/\/d-identify.be\/fr\/produit\/imprimante-de-bureau-dt2x-godex\/","og_locale":"fr_FR","og_type":"article","og_title":"Imprimante de bureau DT2x Godex","og_description":"L'imprimante de bureau DT2x Godex est ultra-l\u00e9g\u00e8re, compacte et prend en charge plusieurs ports de communication. Id\u00e9ale pour le commerce de d\u00e9tail, les entrep\u00f4ts, la logistique et le transport.","og_url":"https:\/\/d-identify.be\/fr\/produit\/imprimante-de-bureau-dt2x-godex\/","og_site_name":"d-identify","article_modified_time":"2026-04-08T04:11:30+00:00","og_image":[{"width":600,"height":600,"url":"https:\/\/d-identify.be\/wp-content\/uploads\/2025\/02\/DT2X.png","type":"image\/png"}],"twitter_card":"summary_large_image","twitter_misc":{"Dur\u00e9e de lecture estim\u00e9e":"1 minute"},"schema":{"@context":"https:\/\/schema.org","@graph":[{"@type":"WebPage","@id":"https:\/\/d-identify.be\/fr\/produit\/imprimante-de-bureau-dt2x-godex\/","url":"https:\/\/d-identify.be\/fr\/produit\/imprimante-de-bureau-dt2x-godex\/","name":"Imprimante de bureau DT2x Godex","isPartOf":{"@id":"https:\/\/d-identify.be\/fr\/#website"},"primaryImageOfPage":{"@id":"https:\/\/d-identify.be\/fr\/produit\/imprimante-de-bureau-dt2x-godex\/#primaryimage"},"image":{"@id":"https:\/\/d-identify.be\/fr\/produit\/imprimante-de-bureau-dt2x-godex\/#primaryimage"},"thumbnailUrl":"https:\/\/d-identify.be\/wp-content\/uploads\/2025\/02\/DT2X.png","datePublished":"2025-02-18T15:36:07+00:00","dateModified":"2026-04-08T04:11:30+00:00","description":"L'imprimante de bureau DT2x Godex est ultra-l\u00e9g\u00e8re, compacte et prend en charge plusieurs ports de communication. Id\u00e9ale pour le commerce de d\u00e9tail, les entrep\u00f4ts, la logistique et le transport.","breadcrumb":{"@id":"https:\/\/d-identify.be\/fr\/produit\/imprimante-de-bureau-dt2x-godex\/#breadcrumb"},"inLanguage":"fr-FR","potentialAction":[{"@type":"ReadAction","target":["https:\/\/d-identify.be\/fr\/produit\/imprimante-de-bureau-dt2x-godex\/"]}]},{"@type":"ImageObject","inLanguage":"fr-FR","@id":"https:\/\/d-identify.be\/fr\/produit\/imprimante-de-bureau-dt2x-godex\/#primaryimage","url":"https:\/\/d-identify.be\/wp-content\/uploads\/2025\/02\/DT2X.png","contentUrl":"https:\/\/d-identify.be\/wp-content\/uploads\/2025\/02\/DT2X.png","width":600,"height":600,"caption":"DT2x - Godex Desktop printer"},{"@type":"BreadcrumbList","@id":"https:\/\/d-identify.be\/fr\/produit\/imprimante-de-bureau-dt2x-godex\/#breadcrumb","itemListElement":[{"@type":"ListItem","position":1,"name":"Home","item":"https:\/\/d-identify.be\/fr\/home-2\/"},{"@type":"ListItem","position":2,"name":"Boutique","item":"https:\/\/d-identify.be\/fr\/boutique\/"},{"@type":"ListItem","position":3,"name":"Imprimante de bureau DT2x Godex"}]},{"@type":"WebSite","@id":"https:\/\/d-identify.be\/fr\/#website","url":"https:\/\/d-identify.be\/fr\/","name":"d-identify","description":"Industrial identification - Lockout - Tagout - Floor marking","potentialAction":[{"@type":"SearchAction","target":{"@type":"EntryPoint","urlTemplate":"https:\/\/d-identify.be\/fr\/?s={search_term_string}"},"query-input":{"@type":"PropertyValueSpecification","valueRequired":true,"valueName":"search_term_string"}}],"inLanguage":"fr-FR"}]}},"_links":{"self":[{"href":"https:\/\/d-identify.be\/fr\/wp-json\/wp\/v2\/product\/53603","targetHints":{"allow":["GET"]}}],"collection":[{"href":"https:\/\/d-identify.be\/fr\/wp-json\/wp\/v2\/product"}],"about":[{"href":"https:\/\/d-identify.be\/fr\/wp-json\/wp\/v2\/types\/product"}],"replies":[{"embeddable":true,"href":"https:\/\/d-identify.be\/fr\/wp-json\/wp\/v2\/comments?post=53603"}],"wp:featuredmedia":[{"embeddable":true,"href":"https:\/\/d-identify.be\/fr\/wp-json\/wp\/v2\/media\/52189"}],"wp:attachment":[{"href":"https:\/\/d-identify.be\/fr\/wp-json\/wp\/v2\/media?parent=53603"}],"wp:term":[{"taxonomy":"product_brand","embeddable":true,"href":"https:\/\/d-identify.be\/fr\/wp-json\/wp\/v2\/product_brand?post=53603"},{"taxonomy":"product_cat","embeddable":true,"href":"https:\/\/d-identify.be\/fr\/wp-json\/wp\/v2\/product_cat?post=53603"},{"taxonomy":"product_tag","embeddable":true,"href":"https:\/\/d-identify.be\/fr\/wp-json\/wp\/v2\/product_tag?post=53603"},{"taxonomy":"pa_connextion-shapes","embeddable":true,"href":"https:\/\/d-identify.be\/fr\/wp-json\/wp\/v2\/pa_connextion-shapes?post=53603"}],"curies":[{"name":"wp","href":"https:\/\/api.w.org\/{rel}","templated":true}]}}