{"id":53596,"date":"2022-07-15T16:08:24","date_gmt":"2022-07-15T14:08:24","guid":{"rendered":"https:\/\/d-identify.be\/product\/imprimante-detiquettes-couleur-industrielle-l901-l901-plus\/"},"modified":"2022-07-15T16:08:24","modified_gmt":"2022-07-15T14:08:24","slug":"imprimante-detiquettes-couleur-industrielle-l901-l901-plus","status":"publish","type":"product","link":"https:\/\/d-identify.be\/fr\/produit\/imprimante-detiquettes-couleur-industrielle-l901-l901-plus\/","title":{"rendered":"Imprimante d&rsquo;\u00e9tiquettes couleur industrielle L901 \/ L901 Plus"},"content":{"rendered":"<div class=\"product-highlights\"><\/div>\n<div class='et-learn-more clearfix'>\n\t\t\t\t\t<h3 class='heading-more'>  Afinia L901 Plus Label Printer with Watershield\u2122 Water-Resistant Inks<span class='et_learnmore_arrow'><span><\/span><\/span><\/h3>\n\t\t\t\t\t<div class='learn-more-content'><p><strong>Le mod\u00e8le Plus offre une r\u00e9sistance accrue \u00e0 l&rsquo;eau et \u00e0 l&rsquo;humidit\u00e9.<\/strong><\/p>\n<p>Les \u00e9tiquettes imprim\u00e9es avec protection contre l&rsquo;eau sont nettement plus <strong>r\u00e9sistantes aux effets d&rsquo;une exposition prolong\u00e9e \u00e0 l&rsquo;humidit\u00e9<\/strong> que les \u00e9tiquettes \u00e0 jet d&rsquo;encre \u00e0 colorant classiques. L&rsquo;imprimante d&rsquo;\u00e9tiquettes Afinia L901 est donc id\u00e9ale pour des applications telles que les boissons fra\u00eeches, les aliments et les produits chimiques ou pharmaceutiques. <\/p>\n<p>Cette nouvelle technologie produit \u00e9galement des noirs plus profonds, utilise des encres provenant de sources plus responsables et contribue \u00e0 prolonger la dur\u00e9e de vie de la t\u00eate d&rsquo;impression.<\/p>\n<div class=\"product-highlights\">\n<div class='one_half'>\n\t\t\t\t\t<ul>\n<li style=\"list-style-type: none;\">\n<ul>\n<li>Impression en ligne et \u00e0 grand volume<\/li>\n<li>Vitesses d&rsquo;impression rapides (\u2264 12 IPS)<\/li>\n<li>Co\u00fbts d&rsquo;encre tr\u00e8s faibles<\/li>\n<li>Encres r\u00e9sistantes \u00e0 l&rsquo;eau disponibles<\/li>\n<\/ul>\n<\/li>\n<\/ul>\n\t\t\t\t<\/div>\n<div class='one_half et_column_last'>\n\t\t\t\t\t<img loading=\"lazy\" decoding=\"async\" class=\"alignnone wp-image-6094\" src=\"https:\/\/d-identify.be\/wp-content\/uploads\/2022\/07\/Watershield-1000px-640x866-1-222x300.webp\" alt=\"\" width=\"110\" height=\"149\"><\/p>\n\t\t\t\t<\/div><div class='clear'><\/div>\n<\/div><\/div>\n\t\t\t\t<\/div>\n<div class='et-learn-more clearfix'>\n\t\t\t\t\t<h3 class='heading-more'>Roll-to-Roll Label Printing<span class='et_learnmore_arrow'><span><\/span><\/span><\/h3>\n\t\t\t\t\t<div class='learn-more-content'><p>Le syst\u00e8me d\u00e9rouleur\/enrouleur XL s&rsquo;associe parfaitement \u00e0 l&rsquo;imprimante d&rsquo;\u00e9tiquettes Afinia L901 pour une production continue d&rsquo;\u00e9tiquettes rouleau \u00e0 rouleau. G\u00e9rez facilement des rouleaux jusqu&rsquo;\u00e0 30 cm de diam\u00e8tre ext\u00e9rieur pour des volumes importants et des co\u00fbts de supports r\u00e9duits. <\/p><\/div>\n\t\t\t\t<\/div>\n<div class='et-learn-more clearfix'>\n\t\t\t\t\t<h3 class='heading-more'>Designed for Inline Applications<span class='et_learnmore_arrow'><span><\/span><\/span><\/h3>\n\t\t\t\t\t<div class='learn-more-content'><p>La technologie de t\u00eate d&rsquo;impression Memjet VersaPass du L901 permet une maintenance \u00e0 la vol\u00e9e, ce qui permet une int\u00e9gration en ligne parfaite avec les distributeurs, les applicateurs, les finisseurs d&rsquo;\u00e9tiquettes et les configurations de presses d&rsquo;\u00e9tiquettes num\u00e9riques \u00e0 grand volume.<\/p><\/div>\n\t\t\t\t<\/div>\n<div class='et-learn-more clearfix'>\n\t\t\t\t\t<h3 class='heading-more'>Ultra-low Ink Cost<span class='et_learnmore_arrow'><span><\/span><\/span><\/h3>\n\t\t\t\t\t<div class='learn-more-content'><p>Cinq cartouches d&rsquo;encre haute capacit\u00e9 (CMJ\/KK) offrent un co\u00fbt d&rsquo;encre par impression extr\u00eamement faible, un facteur cl\u00e9 dans l&rsquo;\u00e9valuation du co\u00fbt de possession lors du choix d&rsquo;une imprimante. D\u00e9couvrez le co\u00fbt exact de l&rsquo;encre pour votre \u00e9tiquette. <\/p><\/div>\n\t\t\t\t<\/div>\n<div class='et-learn-more clearfix'>\n\t\t\t\t\t<h3 class='heading-more'>High Speed &amp; High Resolution<span class='et_learnmore_arrow'><span><\/span><\/span><\/h3>\n\t\t\t\t\t<div class='learn-more-content'><p>Une t\u00eate d&rsquo;impression fixe offre des vitesses d&rsquo;impression ultra-rapides, allant jusqu&rsquo;\u00e0 18 m\/min. R\u00e9alisez la plupart des travaux \u00e0 volume \u00e9lev\u00e9, que ce soit en configuration continue rouleau \u00e0 rouleau ou en ligne avec une presse num\u00e9rique. <\/p><\/div>\n\t\t\t\t<\/div>\n","protected":false},"excerpt":{"rendered":"<p>La L901 allie design industriel, qualit\u00e9 d&rsquo;image exceptionnelle et vitesses de production \u00e9lev\u00e9es, avec une nouvelle fonctionnalit\u00e9 d&rsquo;entretien et de maintenance de la t\u00eate d&rsquo;impression \u00ab \u00e0 la vol\u00e9e \u00bb. Elle est ainsi id\u00e9ale pour les longs travaux d&rsquo;impression en rouleau ou pour une int\u00e9gration en ligne avec des finisseurs d&rsquo;\u00e9tiquettes, des applicateurs, des distributeurs, etc. <\/p>\n<p>Produisez des impressions couleur \u00e9clatantes en haute r\u00e9solution. Les gros volumes d&rsquo;impression sont d\u00e9sormais plus \u00e9conomiques gr\u00e2ce aux cinq cartouches d&rsquo;encre CMJN haute capacit\u00e9 de 250 ml, pour un co\u00fbt par \u00e9tiquette extr\u00eamement faible. <\/p>\n","protected":false},"featured_media":25777,"comment_status":"open","ping_status":"closed","template":"","meta":{"_acf_changed":false,"_et_pb_use_builder":"","_et_pb_old_content":"","_et_gb_content_width":""},"product_brand":[],"product_cat":[620],"product_tag":[866],"pa_connextion-shapes":[],"class_list":{"0":"post-53596","1":"product","2":"type-product","3":"status-publish","4":"has-post-thumbnail","6":"product_cat-imprimantes-detiquettes-jet-dencre","7":"product_tag-afinia-fr","9":"first","10":"instock","11":"taxable","12":"shipping-taxable","13":"purchasable","14":"product-type-variable","15":"has-default-attributes"},"exclude_global_add_ons":[],"addons":[],"acf":[],"yoast_head":"<!-- This site is optimized with the Yoast SEO Premium plugin v27.0 (Yoast SEO v27.1) - https:\/\/yoast.com\/product\/yoast-seo-premium-wordpress\/ -->\n<title>Imprimante d&#039;\u00e9tiquettes Afinia L901 | Imprimante d&#039;\u00e9tiquettes couleur industrielle<\/title>\n<meta name=\"description\" content=\"L&#039;imprimante d&#039;\u00e9tiquettes Afinia L901 allie design industriel, qualit\u00e9 d&#039;image exceptionnelle et vitesses de production \u00e9lev\u00e9es. Faible co\u00fbt d&#039;encre par \u00e9tiquette.\" \/>\n<meta name=\"robots\" content=\"index, follow, max-snippet:-1, max-image-preview:large, max-video-preview:-1\" \/>\n<link rel=\"canonical\" href=\"https:\/\/d-identify.be\/fr\/produit\/imprimante-detiquettes-couleur-industrielle-l901-l901-plus\/\" \/>\n<meta property=\"og:locale\" content=\"fr_FR\" \/>\n<meta property=\"og:type\" content=\"article\" \/>\n<meta property=\"og:title\" content=\"Imprimante d&#039;\u00e9tiquettes couleur industrielle L901 \/ L901 Plus\" \/>\n<meta property=\"og:description\" content=\"L&#039;imprimante d&#039;\u00e9tiquettes Afinia L901 allie design industriel, qualit\u00e9 d&#039;image exceptionnelle et vitesses de production \u00e9lev\u00e9es. Faible co\u00fbt d&#039;encre par \u00e9tiquette.\" \/>\n<meta property=\"og:url\" content=\"https:\/\/d-identify.be\/fr\/produit\/imprimante-detiquettes-couleur-industrielle-l901-l901-plus\/\" \/>\n<meta property=\"og:site_name\" content=\"d-identify\" \/>\n<meta property=\"og:image\" content=\"https:\/\/d-identify.be\/wp-content\/uploads\/2022\/07\/l901-printer-640x527-1.webp\" \/>\n\t<meta property=\"og:image:width\" content=\"640\" \/>\n\t<meta property=\"og:image:height\" content=\"527\" \/>\n\t<meta property=\"og:image:type\" content=\"image\/webp\" \/>\n<meta name=\"twitter:card\" content=\"summary_large_image\" \/>\n<meta name=\"twitter:label1\" content=\"Dur\u00e9e de lecture estim\u00e9e\" \/>\n\t<meta name=\"twitter:data1\" content=\"2 minutes\" \/>\n<script type=\"application\/ld+json\" class=\"yoast-schema-graph\">{\"@context\":\"https:\/\/schema.org\",\"@graph\":[{\"@type\":\"WebPage\",\"@id\":\"https:\/\/d-identify.be\/fr\/produit\/imprimante-detiquettes-couleur-industrielle-l901-l901-plus\/\",\"url\":\"https:\/\/d-identify.be\/fr\/produit\/imprimante-detiquettes-couleur-industrielle-l901-l901-plus\/\",\"name\":\"Imprimante d'\u00e9tiquettes Afinia L901 | Imprimante d'\u00e9tiquettes couleur industrielle\",\"isPartOf\":{\"@id\":\"https:\/\/d-identify.be\/fr\/#website\"},\"primaryImageOfPage\":{\"@id\":\"https:\/\/d-identify.be\/fr\/produit\/imprimante-detiquettes-couleur-industrielle-l901-l901-plus\/#primaryimage\"},\"image\":{\"@id\":\"https:\/\/d-identify.be\/fr\/produit\/imprimante-detiquettes-couleur-industrielle-l901-l901-plus\/#primaryimage\"},\"thumbnailUrl\":\"https:\/\/d-identify.be\/wp-content\/uploads\/2022\/07\/l901-printer-640x527-1.webp\",\"datePublished\":\"2022-07-15T14:08:24+00:00\",\"description\":\"L'imprimante d'\u00e9tiquettes Afinia L901 allie design industriel, qualit\u00e9 d'image exceptionnelle et vitesses de production \u00e9lev\u00e9es. Faible co\u00fbt d'encre par \u00e9tiquette.\",\"breadcrumb\":{\"@id\":\"https:\/\/d-identify.be\/fr\/produit\/imprimante-detiquettes-couleur-industrielle-l901-l901-plus\/#breadcrumb\"},\"inLanguage\":\"fr-FR\",\"potentialAction\":[{\"@type\":\"ReadAction\",\"target\":[\"https:\/\/d-identify.be\/fr\/produit\/imprimante-detiquettes-couleur-industrielle-l901-l901-plus\/\"]}]},{\"@type\":\"ImageObject\",\"inLanguage\":\"fr-FR\",\"@id\":\"https:\/\/d-identify.be\/fr\/produit\/imprimante-detiquettes-couleur-industrielle-l901-l901-plus\/#primaryimage\",\"url\":\"https:\/\/d-identify.be\/wp-content\/uploads\/2022\/07\/l901-printer-640x527-1.webp\",\"contentUrl\":\"https:\/\/d-identify.be\/wp-content\/uploads\/2022\/07\/l901-printer-640x527-1.webp\",\"width\":640,\"height\":527,\"caption\":\"afinia L901\/901 plus printer\"},{\"@type\":\"BreadcrumbList\",\"@id\":\"https:\/\/d-identify.be\/fr\/produit\/imprimante-detiquettes-couleur-industrielle-l901-l901-plus\/#breadcrumb\",\"itemListElement\":[{\"@type\":\"ListItem\",\"position\":1,\"name\":\"Home\",\"item\":\"https:\/\/d-identify.be\/fr\/home-2\/\"},{\"@type\":\"ListItem\",\"position\":2,\"name\":\"Boutique\",\"item\":\"https:\/\/d-identify.be\/fr\/boutique\/\"},{\"@type\":\"ListItem\",\"position\":3,\"name\":\"Imprimante d&#8217;\u00e9tiquettes couleur industrielle L901 \/ L901 Plus\"}]},{\"@type\":\"WebSite\",\"@id\":\"https:\/\/d-identify.be\/fr\/#website\",\"url\":\"https:\/\/d-identify.be\/fr\/\",\"name\":\"d-identify\",\"description\":\"Industrial identification - Lockout - Tagout - Floor marking\",\"potentialAction\":[{\"@type\":\"SearchAction\",\"target\":{\"@type\":\"EntryPoint\",\"urlTemplate\":\"https:\/\/d-identify.be\/fr\/?s={search_term_string}\"},\"query-input\":{\"@type\":\"PropertyValueSpecification\",\"valueRequired\":true,\"valueName\":\"search_term_string\"}}],\"inLanguage\":\"fr-FR\"}]}<\/script>\n<!-- \/ Yoast SEO Premium plugin. -->","yoast_head_json":{"title":"Imprimante d'\u00e9tiquettes Afinia L901 | Imprimante d'\u00e9tiquettes couleur industrielle","description":"L'imprimante d'\u00e9tiquettes Afinia L901 allie design industriel, qualit\u00e9 d'image exceptionnelle et vitesses de production \u00e9lev\u00e9es. Faible co\u00fbt d'encre par \u00e9tiquette.","robots":{"index":"index","follow":"follow","max-snippet":"max-snippet:-1","max-image-preview":"max-image-preview:large","max-video-preview":"max-video-preview:-1"},"canonical":"https:\/\/d-identify.be\/fr\/produit\/imprimante-detiquettes-couleur-industrielle-l901-l901-plus\/","og_locale":"fr_FR","og_type":"article","og_title":"Imprimante d'\u00e9tiquettes couleur industrielle L901 \/ L901 Plus","og_description":"L'imprimante d'\u00e9tiquettes Afinia L901 allie design industriel, qualit\u00e9 d'image exceptionnelle et vitesses de production \u00e9lev\u00e9es. Faible co\u00fbt d'encre par \u00e9tiquette.","og_url":"https:\/\/d-identify.be\/fr\/produit\/imprimante-detiquettes-couleur-industrielle-l901-l901-plus\/","og_site_name":"d-identify","og_image":[{"width":640,"height":527,"url":"https:\/\/d-identify.be\/wp-content\/uploads\/2022\/07\/l901-printer-640x527-1.webp","type":"image\/webp"}],"twitter_card":"summary_large_image","twitter_misc":{"Dur\u00e9e de lecture estim\u00e9e":"2 minutes"},"schema":{"@context":"https:\/\/schema.org","@graph":[{"@type":"WebPage","@id":"https:\/\/d-identify.be\/fr\/produit\/imprimante-detiquettes-couleur-industrielle-l901-l901-plus\/","url":"https:\/\/d-identify.be\/fr\/produit\/imprimante-detiquettes-couleur-industrielle-l901-l901-plus\/","name":"Imprimante d'\u00e9tiquettes Afinia L901 | Imprimante d'\u00e9tiquettes couleur industrielle","isPartOf":{"@id":"https:\/\/d-identify.be\/fr\/#website"},"primaryImageOfPage":{"@id":"https:\/\/d-identify.be\/fr\/produit\/imprimante-detiquettes-couleur-industrielle-l901-l901-plus\/#primaryimage"},"image":{"@id":"https:\/\/d-identify.be\/fr\/produit\/imprimante-detiquettes-couleur-industrielle-l901-l901-plus\/#primaryimage"},"thumbnailUrl":"https:\/\/d-identify.be\/wp-content\/uploads\/2022\/07\/l901-printer-640x527-1.webp","datePublished":"2022-07-15T14:08:24+00:00","description":"L'imprimante d'\u00e9tiquettes Afinia L901 allie design industriel, qualit\u00e9 d'image exceptionnelle et vitesses de production \u00e9lev\u00e9es. Faible co\u00fbt d'encre par \u00e9tiquette.","breadcrumb":{"@id":"https:\/\/d-identify.be\/fr\/produit\/imprimante-detiquettes-couleur-industrielle-l901-l901-plus\/#breadcrumb"},"inLanguage":"fr-FR","potentialAction":[{"@type":"ReadAction","target":["https:\/\/d-identify.be\/fr\/produit\/imprimante-detiquettes-couleur-industrielle-l901-l901-plus\/"]}]},{"@type":"ImageObject","inLanguage":"fr-FR","@id":"https:\/\/d-identify.be\/fr\/produit\/imprimante-detiquettes-couleur-industrielle-l901-l901-plus\/#primaryimage","url":"https:\/\/d-identify.be\/wp-content\/uploads\/2022\/07\/l901-printer-640x527-1.webp","contentUrl":"https:\/\/d-identify.be\/wp-content\/uploads\/2022\/07\/l901-printer-640x527-1.webp","width":640,"height":527,"caption":"afinia L901\/901 plus printer"},{"@type":"BreadcrumbList","@id":"https:\/\/d-identify.be\/fr\/produit\/imprimante-detiquettes-couleur-industrielle-l901-l901-plus\/#breadcrumb","itemListElement":[{"@type":"ListItem","position":1,"name":"Home","item":"https:\/\/d-identify.be\/fr\/home-2\/"},{"@type":"ListItem","position":2,"name":"Boutique","item":"https:\/\/d-identify.be\/fr\/boutique\/"},{"@type":"ListItem","position":3,"name":"Imprimante d&#8217;\u00e9tiquettes couleur industrielle L901 \/ L901 Plus"}]},{"@type":"WebSite","@id":"https:\/\/d-identify.be\/fr\/#website","url":"https:\/\/d-identify.be\/fr\/","name":"d-identify","description":"Industrial identification - Lockout - Tagout - Floor marking","potentialAction":[{"@type":"SearchAction","target":{"@type":"EntryPoint","urlTemplate":"https:\/\/d-identify.be\/fr\/?s={search_term_string}"},"query-input":{"@type":"PropertyValueSpecification","valueRequired":true,"valueName":"search_term_string"}}],"inLanguage":"fr-FR"}]}},"_links":{"self":[{"href":"https:\/\/d-identify.be\/fr\/wp-json\/wp\/v2\/product\/53596","targetHints":{"allow":["GET"]}}],"collection":[{"href":"https:\/\/d-identify.be\/fr\/wp-json\/wp\/v2\/product"}],"about":[{"href":"https:\/\/d-identify.be\/fr\/wp-json\/wp\/v2\/types\/product"}],"replies":[{"embeddable":true,"href":"https:\/\/d-identify.be\/fr\/wp-json\/wp\/v2\/comments?post=53596"}],"wp:featuredmedia":[{"embeddable":true,"href":"https:\/\/d-identify.be\/fr\/wp-json\/wp\/v2\/media\/25777"}],"wp:attachment":[{"href":"https:\/\/d-identify.be\/fr\/wp-json\/wp\/v2\/media?parent=53596"}],"wp:term":[{"taxonomy":"product_brand","embeddable":true,"href":"https:\/\/d-identify.be\/fr\/wp-json\/wp\/v2\/product_brand?post=53596"},{"taxonomy":"product_cat","embeddable":true,"href":"https:\/\/d-identify.be\/fr\/wp-json\/wp\/v2\/product_cat?post=53596"},{"taxonomy":"product_tag","embeddable":true,"href":"https:\/\/d-identify.be\/fr\/wp-json\/wp\/v2\/product_tag?post=53596"},{"taxonomy":"pa_connextion-shapes","embeddable":true,"href":"https:\/\/d-identify.be\/fr\/wp-json\/wp\/v2\/pa_connextion-shapes?post=53596"}],"curies":[{"name":"wp","href":"https:\/\/api.w.org\/{rel}","templated":true}]}}