{"id":53586,"date":"2022-07-14T09:58:41","date_gmt":"2022-07-14T07:58:41","guid":{"rendered":"https:\/\/d-identify.be\/product\/imprimante-detiquettes-couleur-commerciale-afinia-l801\/"},"modified":"2025-05-08T11:06:39","modified_gmt":"2025-05-08T09:06:39","slug":"imprimante-detiquettes-couleur-commerciale-afinia-l801","status":"publish","type":"product","link":"https:\/\/d-identify.be\/fr\/produit\/imprimante-detiquettes-couleur-commerciale-afinia-l801\/","title":{"rendered":"Imprimante d&rsquo;\u00e9tiquettes couleur commerciale Afinia L801"},"content":{"rendered":"<div class=\"product-highlights\">\n<div class='et-learn-more clearfix'>\n\t\t\t\t\t<h3 class='heading-more'>Professional Print Quality at High Speeds<span class='et_learnmore_arrow'><span><\/span><\/span><\/h3>\n\t\t\t\t\t<div class='learn-more-content'><p>La combinaison de qualit\u00e9 d\u2019impression, de vitesse et de co\u00fbt de l\u2019encre du L801 est difficile \u00e0 battre.<\/p>\n<p>L&rsquo;imprimante jet d&rsquo;encre industrielle L801, \u00e9quip\u00e9e de la technologie Memjet, est id\u00e9ale pour les petits et moyens tirages d&rsquo;\u00e9tiquettes, qu&rsquo;il s&rsquo;agisse d&rsquo;impressions d&rsquo;\u00e9tiquettes de premi\u00e8re et de deuxi\u00e8me qualit\u00e9. Elle imprime sur des supports continus ou d\u00e9coup\u00e9s, de 5 \u00e0 21,6 cm de large, en couleur, \u00e0 une vitesse pouvant atteindre 18 m\u00e8tres par minute. Sa r\u00e9solution ultra-haute garantit des textes et des codes-barres nets, m\u00eame en tr\u00e8s petit format. Ce niveau de d\u00e9tail, associ\u00e9 \u00e0 des couleurs vives et des noirs profonds, conf\u00e8re aux \u00e9tiquettes un aspect net et \u00e9clatant. L&rsquo;imprimante d&rsquo;\u00e9tiquettes couleur commerciale L801 est \u00e9galement compatible avec une large gamme de supports d&rsquo;\u00e9tiquettes en papier, polyester, polypropyl\u00e8ne et vinyle.    <\/p>\n<p>Impression grand volume\nVitesse d&rsquo;impression rapide (\u2264 12 IPS)\nCo\u00fbts d&rsquo;encre extr\u00eamement faibles\nMeilleure vente<\/p><\/div>\n\t\t\t\t<\/div>\n<div class='et-learn-more clearfix'>\n\t\t\t\t\t<h3 class='heading-more'>Minimize ongoing ink costs<span class='et_learnmore_arrow'><span><\/span><\/span><\/h3>\n\t\t\t\t\t<div class='learn-more-content'><p>Le co\u00fbt par \u00e9tiquette devrait \u00eatre aussi important que le co\u00fbt de l&rsquo;imprimante lors de l&rsquo;achat d&rsquo;une imprimante d&rsquo;\u00e9tiquettes. Ces co\u00fbts r\u00e9currents sont minimis\u00e9s gr\u00e2ce au co\u00fbt de l&rsquo;encre de la L801, un produit de pointe, facilement calculable gr\u00e2ce au logiciel inclus. Sa capacit\u00e9 de 1,25 litre d&rsquo;encre permet de g\u00e9rer de grands tirages et ses portes d&rsquo;acc\u00e8s facile permettent un remplacement rapide et simple des supports et de l&rsquo;encre. Un enrouleur motoris\u00e9 en option simplifie l&rsquo;impression sur rouleaux finis.   <\/p><\/div>\n\t\t\t\t<\/div>\n<div class='et-learn-more clearfix'>\n\t\t\t\t\t<h3 class='heading-more'>Integrated Rewinder<span class='et_learnmore_arrow'><span><\/span><\/span><\/h3>\n\t\t\t\t\t<div class='learn-more-content'><p>L&rsquo;imprimante d&rsquo;\u00e9tiquettes couleur commerciale L801 int\u00e8gre un enrouleur compatible avec des rouleaux jusqu&rsquo;\u00e0 203 mm de diam\u00e8tre. Le capot en acier prot\u00e8ge vos supports de la poussi\u00e8re et des d\u00e9bris, r\u00e9duisant ainsi les risques de probl\u00e8mes d&rsquo;impression et prolongeant la dur\u00e9e de vie de la t\u00eate d&rsquo;impression. Le rouleau est aliment\u00e9 de mani\u00e8re uniforme et constante.   <\/p><\/div>\n\t\t\t\t<\/div>\n<div class='et-learn-more clearfix'>\n\t\t\t\t\t<h3 class='heading-more'>Roll-to-roll label printing<span class='et_learnmore_arrow'><span><\/span><\/span><\/h3>\n\t\t\t\t\t<div class='learn-more-content'><p>L&rsquo;enrouleur optionnel s&rsquo;associe parfaitement au L801 pour une production continue d&rsquo;\u00e9tiquettes rouleau \u00e0 rouleau. Il g\u00e8re facilement des rouleaux jusqu&rsquo;\u00e0 20 cm de diam\u00e8tre ext\u00e9rieur pour les gros volumes et r\u00e9duit les co\u00fbts de supports. C&rsquo;est un compl\u00e9ment recommand\u00e9 pour les entreprises soumises \u00e0 une utilisation intensive ou \u00e0 des travaux exigeants.  <\/p>\n<p>Tout comme l&rsquo;imprimante d&rsquo;\u00e9tiquettes couleur commerciale L801, l&rsquo;enrouleur peut g\u00e9rer des \u00e9tiquettes jusqu&rsquo;\u00e0 21,6 cm de large et des rouleaux jusqu&rsquo;\u00e0 20,3 cm de diam\u00e8tre ext\u00e9rieur. Il permet de choisir le sens de rotation pour positionner les \u00e9tiquettes face int\u00e9rieure ou face ext\u00e9rieure.<\/p>\n<p>Une fois le rembobinage termin\u00e9, retirez simplement le support de mandrin et terminez le rouleau.<\/p><\/div>\n\t\t\t\t<\/div>\n<div class='et-learn-more clearfix'>\n\t\t\t\t\t<h3 class='heading-more'>Memjet Waterfall Technology<span class='et_learnmore_arrow'><span><\/span><\/span><\/h3>\n\t\t\t\t\t<div class='learn-more-content'><p>L&rsquo;imprimante d&rsquo;\u00e9tiquettes num\u00e9rique L801 utilise la technologie Memjet pour imprimer des impressions couleur \u00e0 fort impact jusqu&rsquo;\u00e0 18 m\/min. La t\u00eate d&rsquo;impression fixe \u00ab en cascade \u00bb de Memjet permet un d\u00e9filement rapide du papier tout en conservant une excellente r\u00e9solution d&rsquo;impression. <\/p><\/div>\n\t\t\t\t<\/div>\n<div class='et-learn-more clearfix'>\n\t\t\t\t\t<h3 class='heading-more'>High quality &amp; resolution<span class='et_learnmore_arrow'><span><\/span><\/span><\/h3>\n\t\t\t\t\t<div class='learn-more-content'><p>Avec la L801, imprimez jusqu&rsquo;\u00e0 1600 x 1600 ppp pour des \u00e9tiquettes \u00e9clatantes et accrocheuses. Gr\u00e2ce \u00e0 l&rsquo;utilisation de deux cartouches d&rsquo;encre noire CMJN, la L801 offre des couleurs exceptionnelles et des noirs profonds, pour un meilleur contraste. <\/p><\/div>\n\t\t\t\t<\/div>\n<div class='et-learn-more clearfix'>\n\t\t\t\t\t<h3 class='heading-more'>Low cost of ownership<span class='et_learnmore_arrow'><span><\/span><\/span><\/h3>\n\t\t\t\t\t<div class='learn-more-content'><p>Les imprimantes d&rsquo;\u00e9tiquettes Afinia Label Memjet vous permettent de r\u00e9aliser des \u00e9conomies sur vos consommables. La L801 contient 1,25 litre d&rsquo;encre pour les grands tirages et offre un co\u00fbt d&rsquo;encre parmi les plus bas du march\u00e9. Demandez un \u00e9chantillon gratuit pour conna\u00eetre le co\u00fbt exact de vos \u00e9tiquettes et constater par vous-m\u00eame leur qualit\u00e9.  <\/p><\/div>\n\t\t\t\t<\/div>\n<\/div>\n","protected":false},"excerpt":{"rendered":"<p>L&rsquo;imprimante d&rsquo;\u00e9tiquettes couleur industrielle L801, facile \u00e0 utiliser, est \u00e9quip\u00e9e de la technologie Memjet Waterfall Printhead Technology\u00ae. Dot\u00e9e d&rsquo;une t\u00eate d&rsquo;impression fixe pour une vitesse optimale et d&rsquo;une capacit\u00e9 d&rsquo;encre de 1,25 litre pour les grands tirages, la L801 vous fait gagner du temps et de l&rsquo;argent. <\/p>\n<p><strong>Principales fonctionnalit\u00e9s<\/strong><\/p>\n","protected":false},"featured_media":25829,"comment_status":"open","ping_status":"closed","template":"","meta":{"_acf_changed":false,"_et_pb_use_builder":"","_et_pb_old_content":"","_et_gb_content_width":""},"product_brand":[1268],"product_cat":[620],"product_tag":[866],"pa_connextion-shapes":[],"class_list":{"0":"post-53586","1":"product","2":"type-product","3":"status-publish","4":"has-post-thumbnail","6":"product_brand-afinia-label","7":"product_cat-imprimantes-detiquettes-jet-dencre","8":"product_tag-afinia-fr","10":"first","11":"instock","12":"taxable","13":"shipping-taxable","14":"purchasable","15":"product-type-simple"},"exclude_global_add_ons":[],"addons":[],"acf":[],"yoast_head":"<!-- This site is optimized with the Yoast SEO Premium plugin v27.0 (Yoast SEO v27.1) - https:\/\/yoast.com\/product\/yoast-seo-premium-wordpress\/ -->\n<title>Imprimante d&#039;\u00e9tiquettes couleur commerciale Afinia L801<\/title>\n<meta name=\"description\" content=\"L&#039;imprimante d&#039;\u00e9tiquettes couleur commerciale L801 est une solution \u00e0 jet d&#039;encre industrielle aliment\u00e9e par bande, id\u00e9ale pour les tirages d&#039;impression \u00e0 courte et moyenne port\u00e9e pour la vente au d\u00e9tail.\" \/>\n<meta name=\"robots\" content=\"index, follow, max-snippet:-1, max-image-preview:large, max-video-preview:-1\" \/>\n<link rel=\"canonical\" href=\"https:\/\/d-identify.be\/fr\/produit\/imprimante-detiquettes-couleur-commerciale-afinia-l801\/\" \/>\n<meta property=\"og:locale\" content=\"fr_FR\" \/>\n<meta property=\"og:type\" content=\"article\" \/>\n<meta property=\"og:title\" content=\"Imprimante d&#039;\u00e9tiquettes couleur commerciale Afinia L801\" \/>\n<meta property=\"og:description\" content=\"L&#039;imprimante d&#039;\u00e9tiquettes couleur commerciale L801 est une solution \u00e0 jet d&#039;encre industrielle aliment\u00e9e par bande, id\u00e9ale pour les tirages d&#039;impression \u00e0 courte et moyenne port\u00e9e pour la vente au d\u00e9tail.\" \/>\n<meta property=\"og:url\" content=\"https:\/\/d-identify.be\/fr\/produit\/imprimante-detiquettes-couleur-commerciale-afinia-l801\/\" \/>\n<meta property=\"og:site_name\" content=\"d-identify\" \/>\n<meta property=\"article:modified_time\" content=\"2025-05-08T09:06:39+00:00\" \/>\n<meta property=\"og:image\" content=\"https:\/\/d-identify.be\/wp-content\/uploads\/2022\/07\/l801-printer-640x527-Copy.webp\" \/>\n\t<meta property=\"og:image:width\" content=\"640\" \/>\n\t<meta property=\"og:image:height\" content=\"527\" \/>\n\t<meta property=\"og:image:type\" content=\"image\/webp\" \/>\n<meta name=\"twitter:card\" content=\"summary_large_image\" \/>\n<meta name=\"twitter:label1\" content=\"Dur\u00e9e de lecture estim\u00e9e\" \/>\n\t<meta name=\"twitter:data1\" content=\"3 minutes\" \/>\n<script type=\"application\/ld+json\" class=\"yoast-schema-graph\">{\"@context\":\"https:\/\/schema.org\",\"@graph\":[{\"@type\":\"WebPage\",\"@id\":\"https:\/\/d-identify.be\/fr\/produit\/imprimante-detiquettes-couleur-commerciale-afinia-l801\/\",\"url\":\"https:\/\/d-identify.be\/fr\/produit\/imprimante-detiquettes-couleur-commerciale-afinia-l801\/\",\"name\":\"Imprimante d'\u00e9tiquettes couleur commerciale Afinia L801\",\"isPartOf\":{\"@id\":\"https:\/\/d-identify.be\/fr\/#website\"},\"primaryImageOfPage\":{\"@id\":\"https:\/\/d-identify.be\/fr\/produit\/imprimante-detiquettes-couleur-commerciale-afinia-l801\/#primaryimage\"},\"image\":{\"@id\":\"https:\/\/d-identify.be\/fr\/produit\/imprimante-detiquettes-couleur-commerciale-afinia-l801\/#primaryimage\"},\"thumbnailUrl\":\"https:\/\/d-identify.be\/wp-content\/uploads\/2022\/07\/l801-printer-640x527-Copy.webp\",\"datePublished\":\"2022-07-14T07:58:41+00:00\",\"dateModified\":\"2025-05-08T09:06:39+00:00\",\"description\":\"L'imprimante d'\u00e9tiquettes couleur commerciale L801 est une solution \u00e0 jet d'encre industrielle aliment\u00e9e par bande, id\u00e9ale pour les tirages d'impression \u00e0 courte et moyenne port\u00e9e pour la vente au d\u00e9tail.\",\"breadcrumb\":{\"@id\":\"https:\/\/d-identify.be\/fr\/produit\/imprimante-detiquettes-couleur-commerciale-afinia-l801\/#breadcrumb\"},\"inLanguage\":\"fr-FR\",\"potentialAction\":[{\"@type\":\"ReadAction\",\"target\":[\"https:\/\/d-identify.be\/fr\/produit\/imprimante-detiquettes-couleur-commerciale-afinia-l801\/\"]}]},{\"@type\":\"ImageObject\",\"inLanguage\":\"fr-FR\",\"@id\":\"https:\/\/d-identify.be\/fr\/produit\/imprimante-detiquettes-couleur-commerciale-afinia-l801\/#primaryimage\",\"url\":\"https:\/\/d-identify.be\/wp-content\/uploads\/2022\/07\/l801-printer-640x527-Copy.webp\",\"contentUrl\":\"https:\/\/d-identify.be\/wp-content\/uploads\/2022\/07\/l801-printer-640x527-Copy.webp\",\"width\":640,\"height\":527,\"caption\":\"Alfinia L801 commercial color label printer\"},{\"@type\":\"BreadcrumbList\",\"@id\":\"https:\/\/d-identify.be\/fr\/produit\/imprimante-detiquettes-couleur-commerciale-afinia-l801\/#breadcrumb\",\"itemListElement\":[{\"@type\":\"ListItem\",\"position\":1,\"name\":\"Home\",\"item\":\"https:\/\/d-identify.be\/fr\/home-2\/\"},{\"@type\":\"ListItem\",\"position\":2,\"name\":\"Boutique\",\"item\":\"https:\/\/d-identify.be\/fr\/boutique\/\"},{\"@type\":\"ListItem\",\"position\":3,\"name\":\"Imprimante d&#8217;\u00e9tiquettes couleur commerciale Afinia L801\"}]},{\"@type\":\"WebSite\",\"@id\":\"https:\/\/d-identify.be\/fr\/#website\",\"url\":\"https:\/\/d-identify.be\/fr\/\",\"name\":\"d-identify\",\"description\":\"Industrial identification - Lockout - Tagout - Floor marking\",\"potentialAction\":[{\"@type\":\"SearchAction\",\"target\":{\"@type\":\"EntryPoint\",\"urlTemplate\":\"https:\/\/d-identify.be\/fr\/?s={search_term_string}\"},\"query-input\":{\"@type\":\"PropertyValueSpecification\",\"valueRequired\":true,\"valueName\":\"search_term_string\"}}],\"inLanguage\":\"fr-FR\"}]}<\/script>\n<!-- \/ Yoast SEO Premium plugin. -->","yoast_head_json":{"title":"Imprimante d'\u00e9tiquettes couleur commerciale Afinia L801","description":"L'imprimante d'\u00e9tiquettes couleur commerciale L801 est une solution \u00e0 jet d'encre industrielle aliment\u00e9e par bande, id\u00e9ale pour les tirages d'impression \u00e0 courte et moyenne port\u00e9e pour la vente au d\u00e9tail.","robots":{"index":"index","follow":"follow","max-snippet":"max-snippet:-1","max-image-preview":"max-image-preview:large","max-video-preview":"max-video-preview:-1"},"canonical":"https:\/\/d-identify.be\/fr\/produit\/imprimante-detiquettes-couleur-commerciale-afinia-l801\/","og_locale":"fr_FR","og_type":"article","og_title":"Imprimante d'\u00e9tiquettes couleur commerciale Afinia L801","og_description":"L'imprimante d'\u00e9tiquettes couleur commerciale L801 est une solution \u00e0 jet d'encre industrielle aliment\u00e9e par bande, id\u00e9ale pour les tirages d'impression \u00e0 courte et moyenne port\u00e9e pour la vente au d\u00e9tail.","og_url":"https:\/\/d-identify.be\/fr\/produit\/imprimante-detiquettes-couleur-commerciale-afinia-l801\/","og_site_name":"d-identify","article_modified_time":"2025-05-08T09:06:39+00:00","og_image":[{"width":640,"height":527,"url":"https:\/\/d-identify.be\/wp-content\/uploads\/2022\/07\/l801-printer-640x527-Copy.webp","type":"image\/webp"}],"twitter_card":"summary_large_image","twitter_misc":{"Dur\u00e9e de lecture estim\u00e9e":"3 minutes"},"schema":{"@context":"https:\/\/schema.org","@graph":[{"@type":"WebPage","@id":"https:\/\/d-identify.be\/fr\/produit\/imprimante-detiquettes-couleur-commerciale-afinia-l801\/","url":"https:\/\/d-identify.be\/fr\/produit\/imprimante-detiquettes-couleur-commerciale-afinia-l801\/","name":"Imprimante d'\u00e9tiquettes couleur commerciale Afinia L801","isPartOf":{"@id":"https:\/\/d-identify.be\/fr\/#website"},"primaryImageOfPage":{"@id":"https:\/\/d-identify.be\/fr\/produit\/imprimante-detiquettes-couleur-commerciale-afinia-l801\/#primaryimage"},"image":{"@id":"https:\/\/d-identify.be\/fr\/produit\/imprimante-detiquettes-couleur-commerciale-afinia-l801\/#primaryimage"},"thumbnailUrl":"https:\/\/d-identify.be\/wp-content\/uploads\/2022\/07\/l801-printer-640x527-Copy.webp","datePublished":"2022-07-14T07:58:41+00:00","dateModified":"2025-05-08T09:06:39+00:00","description":"L'imprimante d'\u00e9tiquettes couleur commerciale L801 est une solution \u00e0 jet d'encre industrielle aliment\u00e9e par bande, id\u00e9ale pour les tirages d'impression \u00e0 courte et moyenne port\u00e9e pour la vente au d\u00e9tail.","breadcrumb":{"@id":"https:\/\/d-identify.be\/fr\/produit\/imprimante-detiquettes-couleur-commerciale-afinia-l801\/#breadcrumb"},"inLanguage":"fr-FR","potentialAction":[{"@type":"ReadAction","target":["https:\/\/d-identify.be\/fr\/produit\/imprimante-detiquettes-couleur-commerciale-afinia-l801\/"]}]},{"@type":"ImageObject","inLanguage":"fr-FR","@id":"https:\/\/d-identify.be\/fr\/produit\/imprimante-detiquettes-couleur-commerciale-afinia-l801\/#primaryimage","url":"https:\/\/d-identify.be\/wp-content\/uploads\/2022\/07\/l801-printer-640x527-Copy.webp","contentUrl":"https:\/\/d-identify.be\/wp-content\/uploads\/2022\/07\/l801-printer-640x527-Copy.webp","width":640,"height":527,"caption":"Alfinia L801 commercial color label printer"},{"@type":"BreadcrumbList","@id":"https:\/\/d-identify.be\/fr\/produit\/imprimante-detiquettes-couleur-commerciale-afinia-l801\/#breadcrumb","itemListElement":[{"@type":"ListItem","position":1,"name":"Home","item":"https:\/\/d-identify.be\/fr\/home-2\/"},{"@type":"ListItem","position":2,"name":"Boutique","item":"https:\/\/d-identify.be\/fr\/boutique\/"},{"@type":"ListItem","position":3,"name":"Imprimante d&#8217;\u00e9tiquettes couleur commerciale Afinia L801"}]},{"@type":"WebSite","@id":"https:\/\/d-identify.be\/fr\/#website","url":"https:\/\/d-identify.be\/fr\/","name":"d-identify","description":"Industrial identification - Lockout - Tagout - Floor marking","potentialAction":[{"@type":"SearchAction","target":{"@type":"EntryPoint","urlTemplate":"https:\/\/d-identify.be\/fr\/?s={search_term_string}"},"query-input":{"@type":"PropertyValueSpecification","valueRequired":true,"valueName":"search_term_string"}}],"inLanguage":"fr-FR"}]}},"_links":{"self":[{"href":"https:\/\/d-identify.be\/fr\/wp-json\/wp\/v2\/product\/53586","targetHints":{"allow":["GET"]}}],"collection":[{"href":"https:\/\/d-identify.be\/fr\/wp-json\/wp\/v2\/product"}],"about":[{"href":"https:\/\/d-identify.be\/fr\/wp-json\/wp\/v2\/types\/product"}],"replies":[{"embeddable":true,"href":"https:\/\/d-identify.be\/fr\/wp-json\/wp\/v2\/comments?post=53586"}],"wp:featuredmedia":[{"embeddable":true,"href":"https:\/\/d-identify.be\/fr\/wp-json\/wp\/v2\/media\/25829"}],"wp:attachment":[{"href":"https:\/\/d-identify.be\/fr\/wp-json\/wp\/v2\/media?parent=53586"}],"wp:term":[{"taxonomy":"product_brand","embeddable":true,"href":"https:\/\/d-identify.be\/fr\/wp-json\/wp\/v2\/product_brand?post=53586"},{"taxonomy":"product_cat","embeddable":true,"href":"https:\/\/d-identify.be\/fr\/wp-json\/wp\/v2\/product_cat?post=53586"},{"taxonomy":"product_tag","embeddable":true,"href":"https:\/\/d-identify.be\/fr\/wp-json\/wp\/v2\/product_tag?post=53586"},{"taxonomy":"pa_connextion-shapes","embeddable":true,"href":"https:\/\/d-identify.be\/fr\/wp-json\/wp\/v2\/pa_connextion-shapes?post=53586"}],"curies":[{"name":"wp","href":"https:\/\/api.w.org\/{rel}","templated":true}]}}